{"id":9282,"date":"2024-09-07T20:34:39","date_gmt":"2024-09-07T20:34:39","guid":{"rendered":"https:\/\/travelshelper.com\/staging\/?page_id=9282"},"modified":"2026-03-13T15:01:15","modified_gmt":"2026-03-13T15:01:15","slug":"costa-rica","status":"publish","type":"page","link":"https:\/\/travelshelper.com\/de\/destinations\/north-america\/costa-rica\/","title":{"rendered":"Costa Rica"},"content":{"rendered":"<p>Costa Rica, ein Land mit knapp 50.000 Quadratkilometern Fl\u00e4che und dennoch reich an \u00f6kologischer und kultureller Vielfalt, beherbergt in seinem gr\u00fcnen Land nur etwas mehr als f\u00fcnf Millionen Einwohner \u2013 und doch tummeln sich allein in San Jos\u00e9 t\u00e4glich \u00fcber 350.000 Menschen im Rhythmus des Stadtlebens, w\u00e4hrend fast zwei Millionen im Gro\u00dfstadtgebiet leben. Eingebettet zwischen Nicaraguas sanften H\u00fcgeln im Norden und Panamas tropischem Tiefland im S\u00fcdosten, eingebettet in die Karibik- und Pazifikk\u00fcste im Osten bzw. Westen, beherrscht diese schlanke Republik sowohl kontinentale Verkehrsknotenpunkte als auch die Inselhoheit und dehnt ihr maritimes Gebiet bis zur Kokosinsel aus, wo Ecuadors Grenze nach S\u00fcden verl\u00e4uft. Costa Rica ist eine stabile Pr\u00e4sidialdemokratie, finanziert von einer f\u00fcr ihre schulischen Leistungen gefeierten Bev\u00f6lkerung \u2013 der Bildungssektor beansprucht fast sieben Prozent der \u00f6ffentlichen Mittel gegen\u00fcber einem weltweiten Durchschnitt von etwas \u00fcber vier Prozent \u2013 \u200b\u200bund hat sich von einer Agrarwirtschaft zu einem Mosaik aus Finanzwesen, Pharmazeutika, Unternehmensdienstleistungen und \u00d6kotourismus gewandelt, das durch steuerbeg\u00fcnstigte Freihandelszonen beg\u00fcnstigt wird.<\/p>\n<p>Diese knappe Einf\u00fchrung verdeutlicht die Besonderheit Costa Ricas: ein Land, das 1949 nach einem kurzen B\u00fcrgerkrieg sein Milit\u00e4r abschaffte und stattdessen in menschliche Entwicklung, Umweltschutz und sozialen Zusammenhalt investierte. Seitdem hat es im Vergleich zu seinen Nachbarn einen ungew\u00f6hnlichen Weg eingeschlagen \u2013 es verzichtet auf Streitkr\u00e4fte, pflegt eine konstitutionelle Demokratie und stellt das menschliche Wohlergehen auf eine nahezu heilige Ebene. Laut seinem Index f\u00fcr menschliche Entwicklung z\u00e4hlt es zu den 60 f\u00fchrenden Nationen der Welt, w\u00e4hrend es innerhalb Lateinamerikas den f\u00fcnften Platz belegt und L\u00e4nder mit vergleichbaren Einkommen in Bezug auf Entwicklung und Gerechtigkeit \u00fcbertrifft. Costa Rica wurde von verschiedenen Indizes zur gl\u00fccklichsten Nation erkl\u00e4rt und seine B\u00fcrger begreifen den Slogan \u201ePura Vida\u201c nicht als Autoaufkleber, sondern als gelebte Philosophie, als Zeugnis allt\u00e4glicher Freude, unbefleckt vom Druck anderer L\u00e4nder.<\/p>\n<p>Wo sich Berge erheben, verlangsamt sich oft der Puls des Subkontinents, und im Herzen Costa Ricas erstreckt sich das Central Valley \u2013 eine riesige Wiege von St\u00e4dten und kaffeebewachsenen Hochebenen, umgeben von Vulkanen. Hier regiert San Jos\u00e9 nicht als ferne Hauptstadt, sondern als Schmelztiegel der nationalen Identit\u00e4t: eine Ansammlung von baumges\u00e4umten Alleen, Theatern aus der Kolonialzeit und Museen, die den Weg der Republik von der spanischen Kolonie zum modernen Staat nachzeichnen. Alajuela, Cartago \u2013 einst der Nationalsitz \u2013, Heredia und San Ram\u00f3n vervollst\u00e4ndigen das Quartett der St\u00e4dte, die das Tal dominieren, und jede tr\u00e4gt ihr eigenes Erbe in sich: Cartagos barocke Basilika, Alajuelas Flughafen, Heredias Kaffeeplantagen, San Ram\u00f3ns Landwirtschaftsmessen. Jenseits dieser st\u00e4dtischen Zentren breitet sich das Land in Richtung Pazifik in der Region Guanacaste aus, wo trockene W\u00e4lder still in mit Kakteen \u00fcbers\u00e4te Ebenen und von Brandung ges\u00e4umte K\u00fcsten \u00fcbergehen; Richtung Lim\u00f3n an der karibischen Seite, wo afrokaribische Rhythmen und Sprachen die heterogenen Wurzeln der Nation verdeutlichen; und Richtung des bergigen Nordens, wo der perfekte Kegel des Arenal \u00fcber hei\u00dfen Quellen und Nebelw\u00e4ldern thront.<\/p>\n<p>Costa Rica, ein Hochland mit dem 3.819 Meter hohen Cerro Chirrip\u00f3, beherbergt auch den hoch aufragenden Gipfel des Vulkans Iraz\u00fa, w\u00e4hrend der Arenalsee den Himmel auf einer ruhigen, aus tektonischen Ereignissen entstandenen Oberfl\u00e4che spiegelt. Von den vierzehn benannten Vulkanen ist die H\u00e4lfte erst im letzten Dreivierteljahrhundert erwacht, und jeder Ausbruch hat frische Konturen in die Erde eingraviert. Das streng tropische Klima des Landes teilt das Jahr in Trocken- und Regenzeiten \u2013 von den frischen Morgenstunden im Dezember bis zu den sonnenverbrannten Mittagsstunden im April, gefolgt von den Regenf\u00e4llen, die bis zum Ende des Novembers anhalten. Doch diese Gegens\u00e4tze verraten Nuancen: Ungew\u00f6hnliche Regenschauer unterbrechen die Trockenmonate, und in der Regenzeit zeichnen fl\u00fcchtige Sonnenstrahlen Regenb\u00f6gen in den regenreichen Himmel.<\/p>\n<p>Costa Ricas Topografie und historische Entwicklung haben dem Zentraltal wirtschaftliche Vitalit\u00e4t beschert, doch sein wahrer Reichtum liegt in den fast 27 Prozent seines Territoriums, die als Nationalparks und Reservate ausgewiesen sind \u2013 dem gr\u00f6\u00dften Anteil gesch\u00fctzten Landes weltweit. In diesen Schutzgebieten beherbergen lediglich 0,03 Prozent der globalen Fl\u00e4che fast f\u00fcnf Prozent aller Arten, vom pr\u00e4chtigen Quetzal in Monteverdes Nebelw\u00e4ldern bis zur Lederschildkr\u00f6te, die an Tortugueros schwarzen Sandstr\u00e4nden nisten. Manuel Antonios Dschungelh\u00e4nge fallen zum Meer ab, w\u00e4hrend die abgelegene Wildnis des Corcovados Tapire, Jaguare und Hellrote Aras beherbergt \u2013 Echos der Antike, als mesoamerikanische und s\u00fcdamerikanische Kulturen auf der Nicoya-Halbinsel aufeinandertrafen und diesen K\u00fcsten ihren pr\u00e4hispanischen Stempel aufdr\u00fcckten.<\/p>\n<p>Lange vor der Ankunft der Konquistadoren im 16. Jahrhundert hatten H\u00e4uptlinge an diesen K\u00fcsten mit Gold, Keramik und Salz gehandelt; die spanische Krone verbannte die Kolonie in die Randzone und lie\u00df nur sp\u00e4rliche Besiedlung zu. Mit der Unabh\u00e4ngigkeit 1821, zun\u00e4chst als Teil von Agust\u00edn de Iturbides mexikanischem Reich und dann innerhalb einer fl\u00fcchtigen zentralamerikanischen F\u00f6deration, erlangte Costa Rica 1847 schlie\u00dflich seine volle Souver\u00e4nit\u00e4t. Es folgte ein Jahrhundert gepr\u00e4gt von Kaffeeexporten, ausl\u00e4ndischen Eisenbahnprojekten und dem allm\u00e4hlichen Aufstieg einer Kaffee-Elite, die Alphabetisierung und b\u00fcrgerliche Institutionen f\u00f6rderte. Der eigentliche Bruch kam jedoch 1948, als eine elft\u00e4gige Wahlkrise in einen B\u00fcrgerkrieg ausartete; dessen Ende eine Verfassung brachte, die das Milit\u00e4r verbot, Ressourcen f\u00fcr Schulen und Krankenh\u00e4user bereitstellte und der Nation ihr modernes Friedensethos verlieh.<\/p>\n<p>In den f\u00fcnfzig Jahren seit dieser Entscheidung hat Costa Rica eine robuste Demokratie aufgebaut. Seine freie Presse z\u00e4hlt zu den freiesten weltweit, seine Wahlprozesse sind stets transparent, und seine Institutionen \u2013 von der Justiz bis hin zu unabh\u00e4ngigen Aufsichtsbeh\u00f6rden \u2013 genie\u00dfen das Vertrauen der Bev\u00f6lkerung. Dieses Vertrauen begr\u00fcndet die anhaltende Leistung des Landes in globalen Indizes: ein Platz unter den Top 25 in Sachen Pressefreiheit, hohe Punktzahlen bei Governance-Ma\u00dfnahmen und anhaltende Anerkennung f\u00fcr das subjektive Wohlbefinden seiner B\u00fcrger. W\u00e4hrend andere zentralamerikanische Staaten zwischen politischer Gewalt und wirtschaftlichen Turbulenzen taumeln, hat Costa Rica seine Stabilit\u00e4t bewahrt und ausl\u00e4ndische Investitionen in seine Hochtechnologieparks und Pharmacluster gezogen.<\/p>\n<p>Doch trotz des Wohlstands ist Costa Rica nicht immun gegen Umweltprobleme. Steigende Temperaturen stellen die \u00d6kosysteme in Hochlagen vor Herausforderungen, w\u00e4hrend der Anstieg des Meeresspiegels beide K\u00fcsten erfasst. Ver\u00e4nderte Niederschlagsmuster bedrohen die Kaffeeernten in Tarraz\u00fa und die Bananenplantagen in Lim\u00f3n; \u00dcberschwemmungen, Erdrutsche, Wirbelst\u00fcrme und D\u00fcrren unterbrechen nun die einst vorhersehbare Saisonalit\u00e4t. Fast vier von f\u00fcnf Costa-Ricanern leben in Gebieten, die zunehmend anf\u00e4llig f\u00fcr solche Gefahren sind, und ein \u00e4hnlicher Anteil des nationalen BIP h\u00e4ngt von Sektoren ab, die anf\u00e4llig f\u00fcr Klimaver\u00e4nderungen sind. Die Regierung reagierte darauf mit ehrgeizigen Dekarbonisierungsma\u00dfnahmen, die Netto-Null-Emissionen bis Mitte des Jahrhunderts anstreben, und einer nahezu universellen Nutzung erneuerbarer Energien \u2013 95 Prozent des Stroms werden heute aus Wasserkraft, Erdw\u00e4rme, Wind, Sonneneinstrahlung und Biomasse gewonnen. Doch 2024 offenbarte die d\u00fcrrebedingte Rationierung die Fragilit\u00e4t eines Systems, das noch immer an Wasserkreisl\u00e4ufe gebunden ist.<\/p>\n<p>Die Konturen der Gesellschaft spiegeln ihre Umwelt wider: Volksz\u00e4hlungsdaten aus dem Jahr 2022, die erstmals seit 95 Jahren die ethnische Identit\u00e4t erfassen, verzeichnen eine Vielzahl von Wei\u00dfen und Mestizen neben Gemeinschaften mit Mulatten, Afrokaribik, indigenen V\u00f6lkern, Chinesen und anderen Abstammungen. Das Erbe der Chibcha- und Nahuatl-Einfl\u00fcsse lebt in arch\u00e4ologischen St\u00e4tten und Volkstraditionen fort, w\u00e4hrend die afro-costa-ricanische Bev\u00f6lkerung Lim\u00f3ns eine englischsprachige Kreolsprache bewahrt, die aus der jamaikanischen Arbeitsmigration des 19. Jahrhunderts stammt. Die spanische Sprache und katholische Riten dominieren \u2013 Echos der Kolonialzeit \u2013 doch der kulturelle Wandteppich des Landes hat Einfl\u00fcsse aus Afrika, Asien und Amerika in K\u00fcche, Musik und Alltagsleben einflie\u00dfen lassen.<\/p>\n<p>Marimba-Musik erklingt auf den Stadtpl\u00e4tzen; Soca, Salsa, Cumbia und Bachata beleben die Tanzfl\u00e4chen, allerdings seltsamerweise eher bei den \u00c4lteren als bei den J\u00fcngeren. Die Gitarre ist nach wie vor ein allgegenw\u00e4rtiger Begleiter von Volkst\u00e4nzen, doch die Marimba mit ihren Holztasten und resonanten Klangk\u00f6rpern gilt als Nationalinstrument \u2013 \u200b\u200bihre Melodien sind ein klangliches Sinnbild costa-ricanischer Identit\u00e4t. Institutionelle Unterst\u00fctzung f\u00fcr die K\u00fcnste kommt vom Ministerium f\u00fcr Kultur, Jugend und Sport, das in Abteilungen f\u00fcr bildende und darstellende Kunst, Musik, Kulturerbe und Bibliotheken unterteilt ist. Das Nationale Symphonieorchester und das Jugendorchester veranschaulichen die Synergie von Kultur und Jugendengagement.<\/p>\n<p>Costa Rica bietet Gerichte, die von einer vielschichtigen Geschichte erz\u00e4hlen: einheimische Tamales neben von Spanien eingef\u00fchrten Getreide- und Fleischsorten; sp\u00e4tere karibische und afrikanische Einfl\u00fcsse manifestieren sich in Gew\u00fcrzen und Eint\u00f6pfen. Reis und Bohnen \u2013 Gallo Pinto \u2013 bilden das nationale Fr\u00fchst\u00fcck, w\u00e4hrend Casados \u200b\u200bFleisch, Kochbananen und Salate zu einem Mittagsmahl kombinieren. Stra\u00dfencaf\u00e9s servieren frisches Ceviche und Empanadas, und K\u00fcstenst\u00e4dte servieren mit Kokosnuss angereicherte Meeresfr\u00fcchte, die nach Salzlake und Sonne schmecken. Jedes Rezept tr\u00e4gt Erinnerungen an Migration und Anpassung in sich, an eine Gesellschaft, die neue Zutaten \u2013 und neue Menschen \u2013 willkommen hie\u00df, ohne ihre Kernaromen aufzugeben.<\/p>\n<p>Touristen str\u00f6men heute in das Land, das National Geographic als das gl\u00fccklichste der Welt pries, wo \u201ePura Vida\u201c Gru\u00df und Mantra zugleich ist und daran erinnert, dass einfache Freuden \u2013 sonnenwarme Str\u00e4nde, nebelverhangene Nebelw\u00e4lder, der Anblick eines scharlachroten Aras im Flug \u2013 die Lasten des modernen Lebens aufwiegen. Von den Korallenriffen Cahuitas bis zum windgepeitschten Gipfel Chirrip\u00f3s, von der Abgeschiedenheit der Kokosinseln bis zu den \u00fcppigen Korridoren des Corcovado bietet Costa Rica eine Reiseroute, die \u00fcber den konventionellen Tourismus hinausgeht. Routen wie der Camino de Costa Rica f\u00fchren \u00fcber die Landenge vom Atlantik zum Pazifik, w\u00e4hrend Fahrten \u00fcber den Camino del Cielo y Colibr\u00edes entlang der Bergk\u00e4mme Vogelschauspiele bieten.<\/p>\n<p>Doch das gr\u00f6\u00dfte Geschenk des Landes bleibt sein Engagement f\u00fcr Harmonie \u2013 zwischen Menschen, Regierung und Natur \u2013 ein Gleichgewicht, das nach B\u00fcrgerkriegen geschaffen, durch die Abschaffung der Waffen geheiligt und \u00fcber Generationen gewissenhafter Verwaltung bewahrt wurde. Die Republik ist zwar klein, aber ihre Vision ist riesig: ein lebendiges Labor, in dem Demokratie, Entwicklung und Artenvielfalt koexistieren. In Costa Rica spielt sich das Leben nach menschlichem Ma\u00dfstab ab, gemessen am Gesang der V\u00f6gel und dem Rauschen der Fl\u00fcsse statt am Waffengeklirr \u2013 ein unmissverst\u00e4ndlicher Beweis daf\u00fcr, dass wahre Sicherheit nicht in Festungsmauern, sondern in Schulen, Krankenh\u00e4usern und dem Schutz der Wildnis liegt. Und inmitten des Wechsels der Jahreszeiten bekr\u00e4ftigen die B\u00fcrger Tag f\u00fcr Tag das einfache Credo von Pura Vida \u2013 dem reinen Leben \u2013 und schlagen damit einen Weg ein, der \u00fcber ihre Grenzen hinaus inspiriert.<\/p>","protected":false},"excerpt":{"rendered":"<p>Costa Rica, offiziell Republik Costa Rica, ist ein faszinierendes Land in der mittelamerikanischen Region Nordamerikas. Sein Name, der \u00fcbersetzt \u201eReiche K\u00fcste\u201c bedeutet, spiegelt die \u00fcppige Natursch\u00f6nheit und die reichen Ressourcen des Landes wider. Costa Rica grenzt im Norden an Nicaragua, im Nordosten an das Karibische Meer, im S\u00fcdosten an Panama und im S\u00fcdwesten an den Pazifischen Ozean. S\u00fcdlich der Kokosinsel grenzt es au\u00dferdem an Ecuador. Diese geografische Lage beschert Costa Rica eine vielf\u00e4ltige Vielfalt an \u00d6kosystemen und eine reiche Artenvielfalt, die Naturliebhaber aus aller Welt anzieht.<\/p>","protected":false},"author":1,"featured_media":4241,"parent":24084,"menu_order":0,"comment_status":"closed","ping_status":"closed","template":"elementor_theme","meta":{"_eb_attr":"","footnotes":""},"class_list":["post-9282","page","type-page","status-publish","has-post-thumbnail"],"_links":{"self":[{"href":"https:\/\/travelshelper.com\/de\/wp-json\/wp\/v2\/pages\/9282","targetHints":{"allow":["GET"]}}],"collection":[{"href":"https:\/\/travelshelper.com\/de\/wp-json\/wp\/v2\/pages"}],"about":[{"href":"https:\/\/travelshelper.com\/de\/wp-json\/wp\/v2\/types\/page"}],"author":[{"embeddable":true,"href":"https:\/\/travelshelper.com\/de\/wp-json\/wp\/v2\/users\/1"}],"replies":[{"embeddable":true,"href":"https:\/\/travelshelper.com\/de\/wp-json\/wp\/v2\/comments?post=9282"}],"version-history":[{"count":0,"href":"https:\/\/travelshelper.com\/de\/wp-json\/wp\/v2\/pages\/9282\/revisions"}],"up":[{"embeddable":true,"href":"https:\/\/travelshelper.com\/de\/wp-json\/wp\/v2\/pages\/24084"}],"wp:featuredmedia":[{"embeddable":true,"href":"https:\/\/travelshelper.com\/de\/wp-json\/wp\/v2\/media\/4241"}],"wp:attachment":[{"href":"https:\/\/travelshelper.com\/de\/wp-json\/wp\/v2\/media?parent=9282"}],"curies":[{"name":"wp","href":"https:\/\/api.w.org\/{rel}","templated":true}]}}