{"id":9209,"date":"2024-09-07T18:24:27","date_gmt":"2024-09-07T18:24:27","guid":{"rendered":"https:\/\/travelshelper.com\/staging\/?page_id=9209"},"modified":"2026-03-13T15:44:24","modified_gmt":"2026-03-13T15:44:24","slug":"kuba","status":"publish","type":"page","link":"https:\/\/travelshelper.com\/de\/destinations\/north-america\/cuba\/","title":{"rendered":"Kuba"},"content":{"rendered":"<p>Kuba liegt an der Schnittstelle von Karibischem Meer, Golf von Mexiko und Atlantischem Ozean \u2013 ein Archipel von etwa 110.000 Quadratkilometern und Heimat von etwa zehn Millionen Menschen. Seine Hauptlandmasse erstreckt sich \u00fcber mehr als 1.200 Kilometer von den flachen Ebenen und sanften Niederungen im Norden bis zu den Gipfeln der Sierra Maestra im S\u00fcdosten, gekr\u00f6nt vom fast 2.000 Meter hohen Pico Turquino. Havanna, das pulsierende Herz der Insel, thront \u00fcber dieser Nation, die selbst sowohl die gr\u00f6\u00dfte Insel der Karibik als auch die siebzehntgr\u00f6\u00dfte der Welt ist. \u00d6stlich des mexikanischen Yucat\u00e1n, s\u00fcdlich von Florida und den Bahamas, westlich von Hispaniola und n\u00f6rdlich von Jamaika gelegen, bietet Kubas Geographie sowohl Verbundenheit als auch Isolation. In dieser Inselrepublik sind die Spuren der Jahrtausende \u2013 zuerst durch die Guanahatabey und Ta\u00edno, dann durch spanische Kolonialisten und revolution\u00e4re Vision\u00e4re \u2013 unausl\u00f6schlich.<\/p>\n<p>Von den ersten Jahrhunderten menschlicher Besiedlung bis hin zu den Ta\u00edno- und Guanahatabey-Kulturen, die vor der Ankunft der Europ\u00e4er florierten, hat Kuba Zyklen des Wandels durchlebt, die seinen Boden, seine Gesellschaft und seine Psyche pr\u00e4gten. Im 15. Jahrhundert beanspruchten spanische Entdecker das Gebiet und leiteten eine jahrhundertelange Kolonialherrschaft ein, die das Schicksal des Archipels mit dem transatlantischen Sklavenhandel verkn\u00fcpfte \u2013 eine Verbindung, die bis zur Abschaffung der Sklaverei 1886 ungebrochen blieb. Der Spanisch-Amerikanische Krieg von 1898 l\u00e4utete das Ende der direkten iberischen Herrschaft ein, leitete aber eine \u00c4ra amerikanischer Besatzung und Bevormundung ein, die 1902 mit der formellen Unabh\u00e4ngigkeit endete. Die ersten Jahrzehnte der Republik waren von Optimismus gepr\u00e4gt; eine fortschrittliche Verfassung von 1940 strebte nach sozialer Gerechtigkeit und b\u00fcrgerlichen Freiheiten. Dennoch nahmen die politischen Unruhen zu, bis 1952 ein Milit\u00e4rputsch Fulgencio Batistas Diktatur an die Macht brachte.<\/p>\n<p>Die Exzesse und die Unterdr\u00fcckung des Batista-Regimes entfachten die kubanische Revolution, deren gr\u00f6\u00dfter Triumph im Januar 1959 Fidel Castro an die Spitze eines entstehenden sozialistischen Staates brachte. Unter Castros F\u00fchrung schloss sich Kuba dem Ostblock an. Seine Planwirtschaft war von zentraler Kontrolle und umfangreicher sowjetischer Hilfe gepr\u00e4gt \u2013 freigegebenen Geheimdienstinformationen zufolge beliefen sich die Mittel bis Mitte der 1980er Jahre auf rund 33 Milliarden US-Dollar. Kubas Rolle im Kalten Krieg erreichte ihren H\u00f6hepunkt w\u00e4hrend der Kubakrise 1962, als die Insel zum n\u00e4chstgelegenen Schauplatz der Konfrontation zwischen den Superm\u00e4chten wurde. In den folgenden Jahrzehnten unterst\u00fctzte Havanna die aufstrebenden marxistischen Regierungen in Afrika milit\u00e4risch, medizinisch und infrastrukturell und baute ein globales revolution\u00e4res Netzwerk auf, selbst als die Insel im eigenen Land mit akuter Knappheit zu k\u00e4mpfen hatte.<\/p>\n<p>Der Zusammenbruch der Sowjetunion 1991 l\u00f6ste Kubas \u201eSonderperiode\u201c aus, eine wirtschaftliche Katastrophe, die von Energieknappheit, landwirtschaftlichem Niedergang und Not in den St\u00e4dten gepr\u00e4gt war. Der Tourismus entwickelte sich zu einem wichtigen, wenn auch ungleichm\u00e4\u00dfigen Einnahmemotor und stellte schlie\u00dflich die Zucker-, Tabak- und Kaffeeexporte in den Schatten. Unterdessen blieben die sozialen Indikatoren unerwartet robust: Die Alphabetisierungsrate stieg sprunghaft an, die Kindersterblichkeit sank unter den regionalen Durchschnitt und die Lebenserwartung entsprach der der wohlhabenderen Nachbarn. Die allgemeine Gesundheitsversorgung und die kostenlose Bildung \u2013 Eckpfeiler der revolution\u00e4ren Politik \u2013 blieben trotz chronischem Mangel an Ausr\u00fcstung, niedrigen Geh\u00e4ltern im Gesundheitswesen und zeitweisem Mangel an Medikamenten bestehen. 2008, nach fast einem halben Jahrhundert der Ein-Mann-Herrschaft, \u00fcbergab Fidel Castro die Pr\u00e4sidentschaft an seinen Bruder Ra\u00fal; 2018 \u00fcbergab Ra\u00fal die Macht wiederum an Miguel D\u00edaz-Canel, der 2021 seine Macht als Erster Sekret\u00e4r der Kommunistischen Partei festigte.<\/p>\n<p>Die politische Architektur Kubas verankert die Vormachtstellung der Kommunistischen Partei in ihrer Verfassung. Oppositionelle Stimmen finden keine formelle Stimme; strenge Zensur und Unterdr\u00fcckung des unabh\u00e4ngigen Journalismus veranlassen Menschenrechtsbeobachter, die Insel zu den Inseln mit der restriktivsten Pressefreiheit einzustufen. Dennoch strahlt die kubanische Gesellschaft vor kultureller Vitalit\u00e4t: Afrokubanische Musik und Tanz gedeihen in jedem Barrio; K\u00fcnstler, T\u00e4nzer und Sportler gehen aus staatlich gef\u00f6rderten Programmen hervor, die ihre Wurzeln in den Alphabetisierungs- und Kulturkampagnen nach der Revolution haben. Havannas barocke Kirchen \u2013 die Bas\u00edlica de San Francisco und die ummauerte Festung Castillo del Pr\u00edncipe \u2013 stehen neben modernistischen Monumenten wie dem Kapitol und T\u00fcrmen aus der Mitte des Jahrhunderts wie dem Habana Libre. Das st\u00e4dtische Gef\u00fcge erz\u00e4hlt somit einen Dialog zwischen kolonialem Barock, republikanischer Pracht und sowjetisch beeinflusstem Funktionalismus, w\u00e4hrend in den letzten Jahrzehnten neue Hotels aus Glas und Stahl entstanden sind, die an zeitgen\u00f6ssisches globales Design erinnern.<\/p>\n<p>Die physischen Konturen der Insel pr\u00e4gen ihr Klima und ihre Anf\u00e4lligkeit. S\u00fcdlich des Wendekreises des Krebses sonnt sich Kuba in tropischer W\u00e4rme, die nord\u00f6stlichen Passatwinde mildern die Hitze und die karibische Str\u00f6mung sorgt f\u00fcr sanft erw\u00e4rmtes Wasser. Im Januar liegen die Durchschnittstemperaturen bei 21 \u00b0C; bis Juli steigen sie auf rund 27 \u00b0C. Die Niederschlagsmenge schwankt zwischen der Trockenzeit (November bis April) und den feuchten Monaten von Mai bis Oktober, in denen sich regelm\u00e4\u00dfig St\u00fcrme \u00fcber dem Atlantik zusammenbrauen. September und Oktober gelten als die Monate mit dem H\u00f6hepunkt der Hurrikansaison, eine Tatsache, die der Zorn von Hurrikan Irma im September 2017 unterstrichen hat: Winde mit \u00fcber 260 km\/h fegten durch den Camag\u00fcey-Archipel, legten an weiten Teilen der Nordk\u00fcste die Stromversorgung lahm und richteten Geb\u00e4udesch\u00e4den an, die gro\u00dffl\u00e4chige Evakuierungen erforderlich machten. Zehn Todesopfer wurden gemeldet, darunter sieben in Havanna inmitten einst\u00fcrzender Geb\u00e4ude und \u00fcberfluteter Stra\u00dfen. Die Touristengebiete der Hauptstadt, von Varadero bis zu den Inseln an der Nordk\u00fcste, wiesen Narben auf, die die Regierung vor Beginn der Hochsaison zu beheben gelobte \u2013 ein Ziel, das die zentrale wirtschaftliche Bedeutung des Tourismus unterstreicht.<\/p>\n<p>Der Klimawandel versch\u00e4rft diese Risiken. Steigende Meeresspiegel, ver\u00e4nderte Niederschlagsmengen und st\u00e4rkere St\u00fcrme bedrohen Landwirtschaft, Forstwirtschaft und Tourismus \u2013 Sektoren, die auf vorhersehbare Niederschl\u00e4ge und K\u00fcstenstabilit\u00e4t angewiesen sind. Die Wasserversorgung ist gef\u00e4hrdet; h\u00f6here Temperaturen k\u00f6nnten die Zahl der Herz-Kreislauf-, Atemwegs- und Viruserkrankungen in der Bev\u00f6lkerung erh\u00f6hen. Als Reaktion darauf setzen die Beh\u00f6rden auf Initiativen f\u00fcr erneuerbare Energien und \u00f6kosystembasierte Anpassungen, beispielsweise durch die Wiederaufforstung von Mangrovenw\u00e4ldern zur Abfederung von Sturmfluten.<\/p>\n<p>Kubas Wirtschaft ist von staatlicher Vorherrschaft gepr\u00e4gt: Mehr als drei Viertel der Erwerbst\u00e4tigen arbeiten im \u00f6ffentlichen Sektor, der \u00fcber staatliche Ausgaben rund 80 Prozent des Bruttoinlandsprodukts absorbiert. Seit Anfang der 2010er Jahre haben moderate Marktreformen das Wachstum des privaten Sektors angekurbelt und den Besch\u00e4ftigungsanteil bis Mitte der 2000er Jahre auf rund 20 Prozent steigen lassen. Firmen, die Kubaner einstellen, \u00fcberweisen die L\u00f6hne in kubanischen Pesos \u00fcber die staatlichen Gehaltsabrechnungen; der monatliche Mindestlohn liegt bei 2.100 Pesos (rund 81 US-Dollar), der Median bei fast 4.000 Pesos (rund 155 Dollar). Einnahmen aus dem Tourismus, der Export qualifizierter Arbeitskr\u00e4fte und \u00dcberweisungen ins Ausland bilden die Grundlage der Wirtschaft, dennoch leben \u00fcber 88 Prozent der Kubaner unter Bedingungen, die die kubanische Beobachtungsstelle f\u00fcr Menschenrechte als extreme Armut definiert \u2013 eine Realit\u00e4t, die durch Rationierung gepr\u00e4gt ist, die die Ern\u00e4hrungsvielfalt einschr\u00e4nkt und Mikron\u00e4hrstoffm\u00e4ngel verschlimmert.<\/p>\n<p>Die kubanische K\u00fcche spiegelt eine Fusion iberischer und karibischer Traditionen wider: Fleisch mit Knoblauch, Kreuzk\u00fcmmel, Oregano und Lorbeerbl\u00e4ttern wird langsam in leichten So\u00dfen gegart; schwarze Bohnen und Reis \u2013 Moros y Cristianos \u2013 werden mit Kochbananen und frischem Brot serviert; Ropa Vieja, geschnetzeltes Rindfleisch in Tomatenso\u00dfe, erinnert an traditionelle spanische Eint\u00f6pfe. Dennoch bestimmen Nahrungsmittelknappheit und -rationierung einen Gro\u00dfteil des Alltags. Die staatlichen Lebensmittelkarten gew\u00e4hren bescheidene Portionen, die selten ausreichen, um die von internationalen Organisationen festgelegten N\u00e4hrwertwerte zu erreichen. Dennoch gilt der allgegenw\u00e4rtige Stra\u00dfensaft als Symbol des \u00dcberflusses inmitten des Mangels \u2013 Guave, Mango und Guan\u00e1bana, in Gl\u00e4ser gepresst, aus denen Touristen entlang der Promenade des Malec\u00f3n oder in Stra\u00dfencaf\u00e9s schl\u00fcrfen.<\/p>\n<p>Das menschliche Mosaik Kubas offenbart sich am deutlichsten jenseits der kunstvollen Fassaden Havannas. Im Vi\u00f1ales-Tal leben die Traditionen des Tabakanbaus unter Kalksteinmogoten fort, die die gr\u00fcnen Ebenen durchbrechen; schachbrettartig angeordnete Felder spiegeln jahrhundertealte landwirtschaftliche Methoden wider, die 1999 von der UNESCO als Kulturlandschaft anerkannt wurden. Die H\u00e4nge der Sierra Maestra, einst Pfade f\u00fcr revolution\u00e4re Guerillas, laden heute unerschrockene Bergsteiger ein, die unber\u00fchrte Wildnis und Panoramablicke suchen. Vor der K\u00fcste wimmelt es in den Korallenriffen der Schweinebucht \u2013 ironischerweise nach der gescheiterten Invasion von 1961 benannt, heute aber f\u00fcr ihre Tauchm\u00f6glichkeiten bekannt \u2013 und im Archipel Jardines de la Reina, wo versunkene Schiffbr\u00fcchige der Geschichte kaleidoskopischen Fischen und Schildkr\u00f6ten weichen.<\/p>\n<p>Kubanische Gastfreundschaft geht \u00fcber die abgeschiedenen Resort-Enklaven hinaus \u2013 einst als \u201eTourismus-Apartheid\u201c bezeichnet \u2013 und bl\u00fcht in Casas Particulares, familiengef\u00fchrten Oasen mit privaten Innenh\u00f6fen und authentischem Austausch. In Provinzst\u00e4dten beherbergen Pl\u00e4tze st\u00e4dtische Museen, die die lokale Geschichte von den indigenen Wurzeln bis zu den revolution\u00e4ren Umw\u00e4lzungen dokumentieren, w\u00e4hrend Kulturzentren afrokubanische Tanzvorf\u00fchrungen zu Rhythmen auff\u00fchren, die so alt sind wie die Insel selbst. Abends bewahren die schillernden Revuen des Tropicana \u00dcberbleibsel des Glamours der 1950er-Jahre \u2013 Tischservice, kunstvolle Kost\u00fcme und Live-Trompeten \u2013 und erinnern an eine Zeit, als sich mit der Mafia verbundene Impresarios unter wehenden Palmen mit der Elite Havannas mischten.<\/p>\n<p>Wer in der Abendd\u00e4mmerung durch Havannas Stra\u00dfen schlendert, erlebt eine Zeitreise: Die pastellfarbenen Mauern der Altstadt von Havanna zeugen vom Kolonialbarock und neoklassizistischen Ambitionen; ganz in der N\u00e4he deuten Focsa und andere T\u00fcrme aus der Mitte des Jahrhunderts auf die von der Revolution unterbrochenen Bestrebungen der Moderne hin. Autos aus l\u00e4ngst vergangenen Zeiten rollen \u00fcber breite Alleen; H\u00e4ndler verkaufen tropische Fr\u00fcchte von Holzkarren; die Kl\u00e4nge von Son und Rumba schallen durch die Torb\u00f6gen. Hier schwingt in jedem Kopfsteinpflaster und jeder Kolonnade eine vielschichtige Geschichte mit.<\/p>\n<p>Doch der heutige Besucher sollte sich \u00fcber Postkartenmotive hinauswagen. Auf dem Land offenbaren Gespr\u00e4che mit Bauern auf gewinnorientierten M\u00e4rkten widerstandsf\u00e4higes Unternehmertum inmitten von Knappheit. In den abgelegenen Barrios pulsieren lokale Clubs mit kubanischem Reggae und Rap und entwickeln auf traditionellen Fundamenten neue musikalische Narrative. Am Playa Para\u00edso und in der Saturno-H\u00f6hle laden kristallklare Gew\u00e4sser zum Ausruhen und Entdecken ein, w\u00e4hrend sich der Zapata-Sumpf und die El-Nicho-Wasserf\u00e4lle wie nat\u00fcrliche Kathedralen der Artenvielfalt entfalten \u2013 Orte, zu denen Plastik und L\u00e4rm kaum vordringen.<\/p>\n<p>Kubas architektonisches Kaleidoskop \u2013 koloniale Festungen und Kirchen, republikanische Regierungssitze und Hotels, sowjetisch gepr\u00e4gte Wohnbl\u00f6cke und glanzvolle neue Resorts \u2013 spiegelt den ideologischen und \u00e4sthetischen Wandel der Insel wider. Doch jenseits von Ziegel und M\u00f6rtel verbirgt sich eine lebendige Architektur der Br\u00e4uche: die kommunalen Alphabetisierungskreise, die staatlich gef\u00f6rderten Sportschulen, die Ballettakademien, die Weltklasset\u00e4nzer hervorgebracht haben, und die kostenlosen Gesundheitskliniken, in denen im In- und Ausland ausgebildete \u00c4rzte jeden B\u00fcrger behandeln.<\/p>\n<p>Dieses facettenreiche Land widerspricht oberfl\u00e4chlichen Beschreibungen. Es ist zugleich ein Leuchtturm sozialer Errungenschaften in den Bereichen Alphabetisierung und Gesundheit, ein Schmelztiegel der Geopolitik des Kalten Krieges, ein Land anhaltenden kulturellen Synkretismus und eine Landschaft von atemberaubender Sch\u00f6nheit und anhaltender Not. Kuba zu begegnen bedeutet, seine Widerspr\u00fcche zu vers\u00f6hnen \u2013 sowohl die Allt\u00e4glichkeit des t\u00e4glichen \u00dcberlebens als auch die au\u00dfergew\u00f6hnliche Vitalit\u00e4t eines Volkes zu erleben, das Eroberung, Revolution und Embargo mit Z\u00e4higkeit und Anmut \u00fcberstanden hat. In jedem Tal, Malec\u00f3n und Caf\u00e9, in jedem klassischen Konzert und auf jedem Bauernfeld nimmt man eine Geschichte wahr, die weder statisch noch monolithisch ist, sondern vielmehr ein dynamisches Geflecht aus Geschichte, Kultur und Sehnsucht.<\/p>\n<p>Reisende, die \u00fcber die Grenzen ihrer Urlaubsorte hinaus in die Welt eintauchen m\u00f6chten, werden mit vielf\u00e4ltigen Belohnungen belohnt: dem bernsteinfarbenen Licht von Vi\u00f1ales im Morgengrauen, der stillen Ehrfurcht vor Che Guevaras Mausoleum, der Energie einer Rumba in der Nachbarschaft und der Stille eines nebelverhangenen Wanderwegs in der Sierra Maestra. Doch Geduld und Respekt bleiben unerl\u00e4sslich \u2013 Offenheit f\u00fcr Widerspr\u00fcche, die Bereitschaft, die Realit\u00e4ten hinter den Kulissen zu erleben. Kuba verr\u00e4t seine Geheimnisse nicht auf den ersten Blick; es verlangt vom Besucher, hinzusehen, zuzuh\u00f6ren und zu lernen. Dabei erblickt man nicht nur einen Inselstaat, sondern einen Schmelztiegel menschlicher Widerstandskraft, Kreativit\u00e4t und \u00dcberzeugung \u2013 einen Ort, an dem die Str\u00f6mungen der Geschichte bis heute die Gezeiten der Gegenwart pr\u00e4gen.<\/p>","protected":false},"excerpt":{"rendered":"<p>Mit \u00fcber 10 Millionen Einwohnern ist Kuba \u2013 offiziell Republik Kuba \u2013 das Land in der Karibik mit der drittgr\u00f6\u00dften Bev\u00f6lkerungszahl. Es liegt am Zusammenfluss von Atlantik, Golf von Mexiko und n\u00f6rdlicher Karibik und ist fl\u00e4chenm\u00e4\u00dfig die gr\u00f6\u00dfte Insel der Karibik. Zusammen mit vielen anderen kleineren Inseln, Inselchen und Cays betr\u00e4gt die Gesamtzahl der Inseln des Landes mehr als 4.195. Die Hauptinsel Kubas ist die Isla de la Juventud. \u00d6stlich der mexikanischen Halbinsel Yucat\u00e1n, s\u00fcdlich von Florida und den Bahamas, westlich von Hispaniola (zu dem Haiti und die Dominikanische Republik geh\u00f6ren) und n\u00f6rdlich von Jamaika und den Kaimaninseln liegt Kuba strategisch g\u00fcnstig. Die gr\u00f6\u00dfte Stadt des Landes und Mittelpunkt des politischen und kulturellen Geschehens ist die Hauptstadt Havanna.<\/p>","protected":false},"author":1,"featured_media":4949,"parent":24084,"menu_order":0,"comment_status":"closed","ping_status":"closed","template":"elementor_theme","meta":{"_eb_attr":"","footnotes":""},"class_list":["post-9209","page","type-page","status-publish","has-post-thumbnail"],"_links":{"self":[{"href":"https:\/\/travelshelper.com\/de\/wp-json\/wp\/v2\/pages\/9209","targetHints":{"allow":["GET"]}}],"collection":[{"href":"https:\/\/travelshelper.com\/de\/wp-json\/wp\/v2\/pages"}],"about":[{"href":"https:\/\/travelshelper.com\/de\/wp-json\/wp\/v2\/types\/page"}],"author":[{"embeddable":true,"href":"https:\/\/travelshelper.com\/de\/wp-json\/wp\/v2\/users\/1"}],"replies":[{"embeddable":true,"href":"https:\/\/travelshelper.com\/de\/wp-json\/wp\/v2\/comments?post=9209"}],"version-history":[{"count":0,"href":"https:\/\/travelshelper.com\/de\/wp-json\/wp\/v2\/pages\/9209\/revisions"}],"up":[{"embeddable":true,"href":"https:\/\/travelshelper.com\/de\/wp-json\/wp\/v2\/pages\/24084"}],"wp:featuredmedia":[{"embeddable":true,"href":"https:\/\/travelshelper.com\/de\/wp-json\/wp\/v2\/media\/4949"}],"wp:attachment":[{"href":"https:\/\/travelshelper.com\/de\/wp-json\/wp\/v2\/media?parent=9209"}],"curies":[{"name":"wp","href":"https:\/\/api.w.org\/{rel}","templated":true}]}}