{"id":9165,"date":"2024-09-07T15:39:47","date_gmt":"2024-09-07T15:39:47","guid":{"rendered":"https:\/\/travelshelper.com\/staging\/?page_id=9165"},"modified":"2026-03-13T16:03:17","modified_gmt":"2026-03-13T16:03:17","slug":"san-cristobal","status":"publish","type":"page","link":"https:\/\/travelshelper.com\/de\/destinations\/north-america\/dominican-republic\/san-cristobal\/","title":{"rendered":"San Cristobal"},"content":{"rendered":"<p>San Crist\u00f3bal liegt im S\u00fcden der Dominikanischen Republik in einem fruchtbaren Tal am Fu\u00dfe der Cordillera Central, eingebettet zwischen den gewundenen Fl\u00fcssen Nigua und Nizao, etwa drei\u00dfig Kilometer westlich der DR-2 von der Hauptstadt entfernt. Als Verwaltungssitz der gleichnamigen Provinz untersteht es dem einzigen untergeordneten Distrikt Hato Damas. Das tropische Monsunklima, gepr\u00e4gt von ganzj\u00e4hrig warmen Temperaturen und sintflutartigen Regenf\u00e4llen von Mai bis November, pr\u00e4gt sowohl den Alltag als auch die Konturen des gr\u00fcnen, h\u00fcgeligen Gel\u00e4ndes.<\/p>\n<p>San Crist\u00f3bal war von Anfang an Zeuge jahrhundertelanger Ver\u00e4nderungen. Erst Christoph Kolumbus\u2018 zweite Reise im Jahr 1493 er\u00f6ffnete den Blick Europas auf diese H\u00e4nge, und im darauffolgenden Jahrhundert entstanden entlang der fruchtbaren Ebenen zwischen Haina und Nigua zahlreiche Ranches und Zuckerrohrplantagen. Der \u00dcberlieferung zufolge entdeckte Miguel D\u00edaz, ein Fl\u00fcchtling vor den strengen Strafen von La Isabela, hier mit Hilfe seiner indigenen Frau Catalina Goldvorkommen. Seine R\u00fcckkehr nach La Isabela veranlasste die spanische Krone zur Gr\u00fcndung des Fort Buenaventura \u2013 das bald zu Ehren des Admirals in San Crist\u00f3bal umbenannt wurde. Damit wurde der Grundstein f\u00fcr eine Siedlung gelegt, deren 1782 errichtete Pfarrkirche San Gregorio de Nigua zu den \u00e4ltesten Bauwerken z\u00e4hlt.<\/p>\n<p>Das 19. Jahrhundert f\u00fcgte weitere historische Bedeutung hinzu. 1844 wurde die Verfassung der Dominikanischen Republik auf San Crist\u00f3bals Gel\u00e4nde feierlich unterzeichnet und festigte damit ihre Rolle als Hort nationaler Souver\u00e4nit\u00e4t. Die engen Stra\u00dfen und Pl\u00e4tze der Stadt zeugten von dieser leidenschaftlichen Versammlung der Delegierten, deren Unterschriften ein unausl\u00f6schliches Zeugnis der Entschlossenheit einer jungen Nation waren. In diesem Gel\u00e4nde ist der feierliche Saal, in dem die Unterzeichner ihre Unterschriften setzten, im kollektiven Ged\u00e4chtnis erhalten geblieben, auch wenn die umliegenden Geb\u00e4ude im Laufe der Zeit umgestaltet wurden.<\/p>\n<p>Doch es ist das 20. Jahrhundert, das oft die l\u00e4ngsten Schatten wirft. 1891 wurde Rafael Le\u00f3nidas Trujillo Molina, der drei\u00dfig Jahre lang autorit\u00e4r regierte, innerhalb der Stadtgrenzen von San Crist\u00f3bal geboren. Die Anwesenheit des Diktators pr\u00e4gte das Stadtbild mit ebenso grandiosen wie protzigen Monumenten \u2013 darunter das Balneario La Toma, ein Ferienkomplex, der als Paradebeispiel f\u00fcr moderne Freizeitgestaltung gedacht war, und der Parque Piedras Vivas, eine Kolonnade aus Steinen aus allen dominikanischen Provinzen, die in selbstverherrlichender Huldigung errichtet wurde. Private Anwesen seiner Familie \u2013 El Castillo El Cerro, La Casa de Playa de Najayo (oft Casa de Marfil genannt), La Hacienda Mar\u00eda oder Casa Blanca und die prunkvolle Casa de Caoba \u2013 symbolisierten einst seine Herrschaft; Obwohl diese Bauwerke noch heute existieren, tragen sie die Spuren der Vernachl\u00e4ssigung, und ihre Fassaden zerfallen wie \u00dcberreste eines Kapitels, von dem viele w\u00fcnschten, es w\u00e4re nie geschrieben worden.<\/p>\n<p>Trujillos Tod 1961 \u2013 er wurde auf dem Weg nach San Crist\u00f3bal von einer Gruppe Verschw\u00f6rer niedergeschossen \u2013 beendete die autorit\u00e4re Herrschaft abrupt. Doch sein architektonisches Erbe ist bis heute in das Stadtbild eingebunden. W\u00e4hrend der Ferienort La Toma noch immer Touristen aus dem Inland anzieht, die auf der Suche nach schneller Erholung an der K\u00fcste sind, und der Park der Lebenden Steine \u200b\u200bals ungewolltes Denkmal f\u00fcr Hybris und Einheit zugleich steht, entstehen entlang der Hauptstra\u00dfen unz\u00e4hlige kleinere Unternehmen, die einen b\u00fcrgerlichen Impuls signalisieren, die Orte einer bewegten Vergangenheit zur\u00fcckzugewinnen und neu zu nutzen.<\/p>\n<p>Geografisch bietet San Crist\u00f3bal ein abwechslungsreiches Bild. Die von den im Nizao zusammenflie\u00dfenden Nebenfl\u00fcssen bew\u00e4sserten Talb\u00f6den beherbergen kleine Plantagen \u2013 Zwiebelbeete in den Ebenen von Najayo-Palenque, Kaffeehaine entlang der n\u00e4heren Bergh\u00e4nge und Zitrusplantagen in Villa Altagracia. Jenseits des landwirtschaftlichen G\u00fcrtels pulsiert ein Industriegebiet vor Aktivit\u00e4t. Nestl\u00e9s Maggi-Fabrik, die Verarbeitungsanlage von Goya Foods und die Anlagen der Sancela Family Group befinden sich an prominenten Stellen. Hinzu kommen ein Glasindustriepark, das Rohrleitungswerk CEDELCA sowie Marmor- und Fliesenwerkst\u00e4tten von Marmotech, Tecnotiles und Star Marble. Eine Waffenlager-Freizone und verschiedene Leichtindustrieanlagen vervollst\u00e4ndigen das Mosaik. Doch aufgrund der N\u00e4he zu Santo Domingo unternimmt ein erheblicher Teil der Bev\u00f6lkerung t\u00e4glich einen Ausflug in die Hauptstadt oder in benachbarte Zentren wie Bajo de Haina und Nigua. Ihr Exodus ist ein allt\u00e4glicher Beweis f\u00fcr die Anziehungskraft der Metropolen.<\/p>\n<p>Wirtschaftlich gesehen ist San Crist\u00f3bal das f\u00fcnftgr\u00f6\u00dfte urbane Zentrum des Landes \u2013 eine Besonderheit, die sich in seinem breiten Handelsspektrum widerspiegelt. Die Industrie in der Gemeinde und den angrenzenden Freihandelszonen koexistiert mit Agrarbetrieben und Hafenbetrieben in Bajo de Haina und Palenque. Die \u00fcberf\u00fcllten Lagerhallen der Freihandelszonen, in denen exportorientierte Waren in geordneter Reihenfolge transportiert werden, t\u00e4uschen \u00fcber den stillen Flei\u00df der Bauern hinweg, die Kaffeekirschen aus den bewaldeten H\u00f6hen holen oder sich in den zarten Trieben der Zwiebelfelder tummeln. Das Nebeneinander von Schwerindustrie und bescheidener Bodenbearbeitung pr\u00e4gt eine ausgewogene Wirtschaft, die weder ausschlie\u00dflich auf Gro\u00dfprojekte setzt noch ausschlie\u00dflich vom Auf und Ab der saisonalen Ertr\u00e4ge lebt.<\/p>\n<p>Der Tourismus, vor allem im Inland, sorgt f\u00fcr zus\u00e4tzliche Vitalit\u00e4t. Der Strand von Najayo l\u00e4dt Familien ein, im Sand zu faulenzen und sich in die warmen Wellen des Meeres zu wagen, w\u00e4hrend die K\u00fcste von Palenque einen abgeschiedeneren R\u00fcckzugsort bietet. Im Landesinneren locken die Pools und Picknickpl\u00e4tze der Balnearios de La Toma Tagesausfl\u00fcgler an, und die Cuevas del Pomier \u2013 ein H\u00f6hlensystem mit pr\u00e4kolumbischen Petroglyphen \u2013 bieten Einblicke in die Lebensweise der Ureinwohner der Insel. Die Fl\u00fcsse Haina und Nizao schl\u00e4ngeln sich durch von Mango- und Ceibab\u00e4umen beschattete Canyons und bieten nat\u00fcrliche Amphitheater f\u00fcr Schwimmer und Angler. Ihre klare Str\u00f6mung erinnert an eine Zeit, als das Tal nur vom Vogelgezwitscher hallte.<\/p>\n<p>Entsprechend seinen vielf\u00e4ltigen Bem\u00fchungen verf\u00fcgt San Crist\u00f3bal \u00fcber ein robustes Telekommunikationsnetz. Die wichtigsten nationalen Telefonanbieter sind voll funktionsf\u00e4hig, und Kabel- und Satellitenfernsehen sind fl\u00e4chendeckend verf\u00fcgbar. So bleiben die Einwohner nicht nur mit dem Rest der Republik verbunden, sondern auch am globalen Geschehen teilhaben. In Caf\u00e9s und kleinen Gesch\u00e4ften nutzen die B\u00fcrger Laptops und Mobilger\u00e4te und erweitern so die Reichweite des Tals \u00fcber seine physischen Grenzen hinaus.<\/p>\n<p>Im Laufe seiner Entwicklung hat San Crist\u00f3bal verschiedene Identit\u00e4tsebenen in sich aufgenommen \u2013 vorkoloniale Siedlung, koloniale Landwirtschaft, revolution\u00e4rer Schmelztiegel, Schauplatz der Diktatoren, industrielles Zentrum und R\u00fcckzugsort. Jede Schicht verst\u00e4rkt die anderen, anstatt sie zu verdr\u00e4ngen, und ergibt ein Palimpsest, das sich einer oberfl\u00e4chlichen Charakterisierung widersetzt. Schlendert man die Avenida Espa\u00f1a entlang, gelangt man von der kunstvollen, wenn auch verfallenen Fassade von Trujillos ehemaliger Residenz zu den gl\u00e4nzenden Flie\u00dfb\u00e4ndern der modernen Fertigung. Der \u00dcbergang ist so abrupt, dass er zum Nachdenken \u00fcber die vielf\u00e4ltigen Wege von Fortschritt und Macht einl\u00e4dt.<\/p>\n<p>Im D\u00e4mmerlicht der Morgend\u00e4mmerung strahlt das Tal eine fast meditative Ruhe aus. H\u00e4ndler bereiten sich auf den Versand von Zwiebelladungen zu fernen M\u00e4rkten vor; Fabriktore \u00f6ffnen sich, w\u00e4hrend Arbeiter unter Transparenten, die Schichtwechsel ank\u00fcndigen, zusammenkommen; das Wasser des Nizao, seidig unter der fr\u00fchen Sonne, rauscht an die von Jahrhunderten glattgeschliffenen Steine. Mittags summt die Metropole auf Hochtouren, und abends f\u00fcllen sich die Flussufer mit Lachen und Gesang. So ist das zyklische Ballett von San Crist\u00f3bal: eine Stadt, deren Konturen von Wasser und H\u00fcgeln gepr\u00e4gt sind, deren Geschichte in lebendige und l\u00e4ngst gefallene Steine \u200b\u200beingeschrieben ist und deren Zukunft so lebendig und unvorhersehbar bleibt wie die Stromschnellen, die ihre Grenzen durchschneiden.<\/p>\n<p>Wer San Crist\u00f3bal durchquert, begegnet einer Synchronizit\u00e4t von Motiven \u2013 politischer Entstehung, kolonialem Unternehmertum, den \u00dcberbleibseln des Despotismus, industriellem Aufschwung und touristischer Erholung \u2013, verwoben zu einem uralten und zugleich aufstrebenden Wandteppich. Das von Bergen umgebene und von Fl\u00fcssen durchflossene Tal beherbergt eine Bev\u00f6lkerung, deren Arbeit und Freizeit untrennbar mit dem Land verbunden sind. Hier schworen die Unterzeichner der Verfassung einst Freiheit; hier errichtete ein Diktator Denkm\u00e4ler seines Selbstbildes; hier fertigen Handwerker Marmorplatten, w\u00e4hrend Familien Kaffeesetzlinge pflanzen. In dieser Verflechtung von Erbe und Dynamik offenbart San Crist\u00f3bal sein Wesen: ein Ort, der zugleich nachdenklich und vorausschauend ist, wo die Last der Geschichte das Versprechen von morgen tr\u00e4gt.<\/p>","protected":false},"excerpt":{"rendered":"<p>San Crist\u00f3bal ist eine dynamische Stadt im S\u00fcden der Dominikanischen Republik. Sie ist die Hauptstadt der Provinz San Crist\u00f3bal und liegt in einem malerischen Tal am Fu\u00dfe der Cordillera Central, begrenzt von den Fl\u00fcssen Nigua und Nizao. Zu der Gemeinde geh\u00f6rt der Bezirk Hato Damas.<\/p>","protected":false},"author":1,"featured_media":3743,"parent":9128,"menu_order":0,"comment_status":"closed","ping_status":"closed","template":"elementor_theme","meta":{"_eb_attr":"","footnotes":""},"class_list":["post-9165","page","type-page","status-publish","has-post-thumbnail"],"_links":{"self":[{"href":"https:\/\/travelshelper.com\/de\/wp-json\/wp\/v2\/pages\/9165","targetHints":{"allow":["GET"]}}],"collection":[{"href":"https:\/\/travelshelper.com\/de\/wp-json\/wp\/v2\/pages"}],"about":[{"href":"https:\/\/travelshelper.com\/de\/wp-json\/wp\/v2\/types\/page"}],"author":[{"embeddable":true,"href":"https:\/\/travelshelper.com\/de\/wp-json\/wp\/v2\/users\/1"}],"replies":[{"embeddable":true,"href":"https:\/\/travelshelper.com\/de\/wp-json\/wp\/v2\/comments?post=9165"}],"version-history":[{"count":0,"href":"https:\/\/travelshelper.com\/de\/wp-json\/wp\/v2\/pages\/9165\/revisions"}],"up":[{"embeddable":true,"href":"https:\/\/travelshelper.com\/de\/wp-json\/wp\/v2\/pages\/9128"}],"wp:featuredmedia":[{"embeddable":true,"href":"https:\/\/travelshelper.com\/de\/wp-json\/wp\/v2\/media\/3743"}],"wp:attachment":[{"href":"https:\/\/travelshelper.com\/de\/wp-json\/wp\/v2\/media?parent=9165"}],"curies":[{"name":"wp","href":"https:\/\/api.w.org\/{rel}","templated":true}]}}