{"id":9146,"date":"2024-09-07T14:47:02","date_gmt":"2024-09-07T14:47:02","guid":{"rendered":"https:\/\/travelshelper.com\/staging\/?page_id=9146"},"modified":"2026-03-13T16:03:47","modified_gmt":"2026-03-13T16:03:47","slug":"puerto-plata","status":"publish","type":"page","link":"https:\/\/travelshelper.com\/de\/destinations\/north-america\/dominican-republic\/puerto-plata\/","title":{"rendered":"Puerto Plata"},"content":{"rendered":"<p>San Felipe de Puerto Plata ist der wichtigste Hafen und die Provinzhauptstadt an der Nordk\u00fcste der Dominikanischen Republik. Sein Stadtbild erstreckt sich rund um einen nat\u00fcrlichen Hafen unterhalb des 793 Meter hohen Gipfels des Pico Isabel de Torres. Die Stadt ist von anhaltender Vitalit\u00e4t gepr\u00e4gt und verf\u00fcgt \u00fcber mehr als 100.000 Hotelbetten sowie die bahnbrechende Luftseilbahn der Region. Im Osten grenzen die Str\u00e4nde Playa Dorada und Costa Dorada an die K\u00fcste. Puerto Plata ist ein Zentrum von Geschichte, Handel und Freizeit.<\/p>\n<p>Seit die ersten spanischen Kolonisten im fr\u00fchen 16. Jahrhundert die K\u00fcste betraten, wurde Puerto Plata von einem Wechselspiel aus Ehrgeiz und Not gepr\u00e4gt. Damals diente die Siedlung als wichtigster Seeweg f\u00fcr Santo Domingo und erleichterte den Waren- und Ideenfluss zwischen Europa und der Neuen Welt. Doch 1605 l\u00e4utete ein k\u00f6niglicher Erlass Philipps III. ihren vorl\u00e4ufigen Untergang ein, als die Beh\u00f6rden die Stadt dem Erdboden gleichmachten, um englische Freibeuter abzuwehren. Ein Jahrhundert lang lag die Bucht still, ihre Lagerh\u00e4user verlassen und ihre Stra\u00dfen von Buschland bedeckt, bis Bauern von den Kanarischen Inseln dem Land mit einfachen Geh\u00f6ften und Feldern neues Leben einhauchten. Diese R\u00fcckkehr der Menschlichkeit markierte die erste von vielen Renaissancen, denn in den folgenden Kapiteln erlebte Puerto Plata Besetzung, Zerst\u00f6rung und Wiedergeburt in einem Rhythmus, der die turbulente Vergangenheit der Insel widerspiegelte.<\/p>\n<p>Geografisch sind die Konturen der Stadt durch eine schroffe Topografie gepr\u00e4gt. Im Norden umsp\u00fclen die rastlosen Gezeiten des Atlantiks eine Bucht, deren sch\u00fctzende Arme einst spanischen Galeonen Schutz boten. Im S\u00fcden erheben sich die H\u00e4nge des Isabel de Torres steil und verleihen der Siedlung einen eindrucksvollen Ausblick \u2013 von den Kais unten ist er fast vollst\u00e4ndig sichtbar. Dieser Berg, ein Ausl\u00e4ufer der Cordillera Septentrional, ragt fast 800 Meter \u00fcber den Meeresspiegel, seine Spitze ist in Nebel geh\u00fcllt, der Kolumbus einst dazu inspirierte, ihn Monte de Plata oder Silberberg zu taufen, nach dem leuchtenden Schleier, der seinen Gipfel im Morgengrauen einh\u00fcllte. Heute fahren Besucher mit der 1975 er\u00f6ffneten Seilbahn hinauf, einem bescheidenen Zug, dessen dreizehnmin\u00fctige Hin- und R\u00fcckfahrt siebzehn Passagiere \u00fcber Panoramaaussichten hinweg in einen tropischen botanischen Garten mit 600 Pflanzenarten auf einer Fl\u00e4che von 2,8 Hektar bef\u00f6rdert.<\/p>\n<p>Echos dieses kolonialen Erbes sind noch heute in Puerto Platas Stadtbild verwoben. Die Festung San Felipe, 1577 fertiggestellt und nach K\u00f6nig Philipp II. benannt, thront wachend \u00fcber der Uferpromenade \u2013 ihre dicken Mauern und unregelm\u00e4\u00dfigen Bastionen sind ein bleibendes Zeugnis der kriegerischen Urspr\u00fcnge der Stadt. Im historischen Kern offenbart die sanfte Symmetrie der viktorianischen Fassaden die Ambitionen der Europ\u00e4er des 19. Jahrhunderts, die im Zuge des Dominikanischen Restaurationskrieges eintrafen. Franz\u00f6sische, italienische, deutsche und englische Einwanderer brachten holzgeschnitzte Balkone und Gitterveranden mit und pr\u00e4gten so einen lokalen Stil, der karibische Leichtigkeit mit europ\u00e4ischer Ornamentik verbindet. Weitere stilistische Entwicklungen setzten unter der amerikanischen Besatzung im fr\u00fchen 20. Jahrhundert ein, als die Zementblockbauweise stromlinienf\u00f6rmige Geb\u00e4ude hervorbrachte, die noch heute Stra\u00dfen s\u00e4umen, die nach politischen Helden und lokalen W\u00fcrdentr\u00e4gern benannt sind.<\/p>\n<p>Diese Hauptstra\u00dfen strotzen vor kultureller Vitalit\u00e4t. Im Sp\u00e4twinter beleben Karnevalsumz\u00fcge die Stra\u00dfen mit Taim\u00e1scaro-Teufeln, deren Masken an Ta\u00edno-Gottheiten erinnern und mit B\u00e4ndern geschm\u00fcckt sind, die an spanischen Prunk und afrikanische Rhythmen erinnern. Paraden bemalter Festwagen und T\u00e4nzer mit Muschelh\u00f6rnern treffen sich zu einem Fest, das sich vom Jetty bis in jede Seitenstra\u00dfe erstreckt und eine ungebrochene Tradition aus dem 19. Jahrhundert kennzeichnet. Jedes Jahr wird bei den Feierlichkeiten ein K\u00f6nig Momo gekr\u00f6nt, ein symbolischer Monarch, der die Aufgabe hat, die Identit\u00e4t der Vorfahren durch Trommeln und Ges\u00e4nge zu bewahren, die von den viktorianischen Giebeln widerhallen.<\/p>\n<p>Jenseits des historischen Viertels flie\u00dft der Seehandel ungehindert. Luxusliner legen in Amber Cove an, dem 2015 von Carnival Cruise Line er\u00f6ffneten, 85 Millionen Dollar teuren Terminal. Das nahegelegene, im Dezember 2021 eingeweihte Kreuzfahrtterminal Taino Bay bedient Schiffe, die einen direkteren Zugang zum Stadtzentrum suchen. St\u00fcckgutschiffe legen in den zollfreien Zonen an und laden Bananen, Zucker, Rum und Textilien f\u00fcr entfernte M\u00e4rkte. Lokale Aquakultur und kleine handwerkliche Fischereien versorgen auch die M\u00e4rkte der Nachbarschaft, wo Fischer im fr\u00fchen Morgengrauen Bernsteinmakrelen und Zackenbarsche an Land ziehen, w\u00e4hrend ihre Boote vor der Silhouette der Isla Isabel, einem Felsvorsprung vor der K\u00fcste, schaukeln.<\/p>\n<p>Vom eigentlichen Hafen aus erstreckt sich die K\u00fcste entlang kristallklarem, t\u00fcrkisfarbenem Wasser und goldenen Sandstr\u00e4nden \u2013 allen voran Playa Dorada und Costa Dorada. Im Morgengrauen glitzern diese K\u00fcstenlinien unter der \u00e4quatorialen W\u00e4rme der Sonne; bei Mondaufgang schimmern sie in Reflexen, die an Kolumbus&#039; ersten Eindruck von Silber erinnern. Im Landesinneren liegt Ocean World, ein 27 Millionen Dollar teurer Abenteuerpark inmitten der Riffe von Cofres\u00ed Beach. Hier beherbergt ein Yachthafen neunzehn Delfine in Gefangenschaft, w\u00e4hrend malaysische Tiger durch simulierte Dschungellichtungen streifen und tropische V\u00f6gel \u00fcber Goldfischgl\u00e4sern kreisen, die das Kaleidoskop der karibischen Fischfauna einfangen. F\u00fcr Familien und Meereswissenschaftler gleicherma\u00dfen ist der Park eine Mischung aus Spektakel und Bildung. Seine dunkleren Ecken erinnern den Besucher an die gegenseitige Abh\u00e4ngigkeit der Arten in sich ver\u00e4ndernden K\u00fcsten\u00f6kosystemen.<\/p>\n<p>Wasserl\u00e4ufe zwischen den H\u00fcgeln und Ebenen der Provinz Puerto Plata bilden ein Netzwerk aus Fl\u00fcssen und B\u00e4chen, deren Namen wie Gedichte klingen \u2013 Cam\u00fa del Norte, San Marcos, Corozo, Mu\u00f1oz und Maim\u00f3n \u2013, die sich durch Zuckerrohrfelder und Zitrusplantagen schl\u00e4ngeln, bevor sie ins Meer m\u00fcnden. Kleinere B\u00e4che wie F\u00fa, Blanco, Caballo und Culebra n\u00e4hren gr\u00fcne T\u00e4ler, in denen Kochbananen und Kaffee Wurzeln schlagen, deren Ernten die lokalen Agrarunternehmen antreiben, die die Wirtschaft st\u00fctzen. Das tropische Monsunklima der Region weist zwei Jahreszeiten auf: einen schw\u00fclen Sommer mit m\u00e4\u00dfigen Regenf\u00e4llen und einen Winter, der von Kaltfronten aus dem Norden angek\u00fcndigt wird, die Regeng\u00fcsse und frische Brisen aus dem Hochland von Hispaniola mit sich bringen. Diese meteorologischen Rhythmen bestimmen Pflanzzyklen und Festkalender gleicherma\u00dfen und sorgen f\u00fcr ein gem\u00e4\u00dfigtes Tempo, das im Kontrast zu den Schwankungen der Karibik steht.<\/p>\n<p>Der Tourismus ist das wichtigste Wirtschaftsgut der Stadt, doch eine Vielzahl von Nebenindustrien sichert den Lebensunterhalt der Einwohner. Textil- und Leichtindustrie sind in den Vororten angesiedelt, w\u00e4hrend Werften entlang der Bucht Schiffe fertigen und \u00fcberholen, die die K\u00fcstenrouten befahren. Eine zollfreie Zone in der N\u00e4he von La Union kanalisiert Importe, die die Bau- und Konsumg\u00fcterbranche der gesamten Provinz unterst\u00fctzen. Der internationale Flughafen Gregorio Luper\u00f3n, etwa f\u00fcnfzehn Kilometer \u00f6stlich von San Felipe gelegen, verbindet San Felipe mit dreizehn Passagier- und drei Frachtfluggesellschaften und bringt so gleicherma\u00dfen erlebnishungrige Reisende und verderbliche Exportg\u00fcter ins Land.<\/p>\n<p>Museen bewahren das kulturelle Erbe der Stadt. In der Villa Bentz, einem eleganten Herrenhaus aus dem Jahr 1918, entworfen vom spanischen Architekten Mar\u00edn Gallart y Cant\u00fa, befindet sich das Museo del \u00c1mbar Dominicano. Seit seiner Gr\u00fcndung 1982 durch Aldo Costas Familienkulturunternehmen pr\u00e4sentiert das Museum eine unvergleichliche Sammlung versteinerter Harze \u2013 Bernsteine, die pr\u00e4historische Insekten und Pflanzenfragmente in goldener Klarheit bewahren. Jedes Exponat l\u00e4dt zum Nachdenken \u00fcber die Vergangenheit und die \u00f6kologischen Ver\u00e4nderungen ein, die die Artenvielfalt der Karibik gepr\u00e4gt haben.<\/p>\n<p>Weniger formal, aber nicht weniger eindrucksvoll, sind die Casas Victorianas der Zona Colonial. Diese ab 1879 errichteten Holzh\u00e4user zeichnen sich durch filigrane Laubs\u00e4gearbeiten und hohe Decken aus, die f\u00fcr tropisches Klima geeignet sind. Ihre Proportionen spiegeln eine Zeit wider, in der Handwerkskunst und Ornamentik als Zeichen von Ehrgeiz galten. Inmitten dieser Wohnh\u00e4user bietet die Br\u00fccke von Guinea eine einfeldrige \u00dcberquerung eines Kanalbeckens. Ihre sanft gew\u00f6lbte Form erinnert an die sehnigen Kurven der Eisenkonstruktionen des 19. Jahrhunderts.<\/p>\n<p>S\u00fcdlich der Stadt ragt ein 1879 gegossener eiserner Leuchtturm mit dorischem S\u00e4ulenfundament in die Skyline. Mit seiner H\u00f6he von 42 Metern warnt er Seefahrer vor flachen Riffen, die die Einfahrt zur Bucht sch\u00fctzen. Um die Jahrtausendwende war das Bauwerk durch Korrosion zu einer wackeligen Ruine geworden, weshalb es im Jahr 2000 in die World Monuments Watch aufgenommen wurde. Dank einer Partnerschaft mit American Express wurde eine sorgf\u00e4ltige Restaurierung finanziert, die 2004 abgeschlossen wurde. Sie verlieh dem Leuchtturm seine einstige Bedeutung zur\u00fcck und f\u00f6rderte die Revitalisierung des umliegenden historischen Viertels.<\/p>\n<p>Die Geschichte von Puerto Plata ist untrennbar mit ihren wiederkehrenden Zyklen der Zerst\u00f6rung und Erneuerung verbunden. W\u00e4hrend des Quasi-Krieges Ende des 18. Jahrhunderts landeten US-Marines am Hafen und zerst\u00f6rten die Kanonen der Fortaleza San Felipe, nachdem sie einen franz\u00f6sischen Freibeuter namens Sandwich gefangen genommen hatten. 1863 wurde die Stadt w\u00e4hrend des Dominikanischen Restaurationskrieges niedergebrannt, doch zwei Jahre sp\u00e4ter erhoben sich ihre Bewohner aus der Asche und errichteten neue Geb\u00e4ude, die europ\u00e4isches Design mit lokalem Einfallsreichtum verbanden. Diese Beharrlichkeit findet ihr vielleicht ergreifendstes Symbol auf dem Pico Isabel de Torres, wo eine kleine Nachbildung von Rio de Janeiros Christusstatue \u00fcber gr\u00fcnen G\u00e4rten thront und eine Metropole \u00fcberblickt, die sich weder Zeit noch Gezeiten beugt.<\/p>\n<p>Die Str\u00e4nde rund um die Stadt erz\u00e4hlen Geschichten von einheimischen Kanuten und Seer\u00e4ubern, die einst in diesen Gew\u00e4ssern nach Sch\u00e4tzen suchten. In La Poza del Castillo klammern sich fremde Austern an untergetauchte Keramik, w\u00e4hrend sich in den Buchten von Cofres\u00ed Fischer an Legenden eines einheimischen Piraten erinnern, dessen verborgene Sch\u00e4tze jedem Konquistador entgingen. Long Beach, Marapic\u00e1, Maim\u00f3n und Bergant\u00edn haben jeweils ihren eigenen Charakter \u2013 manche bieten ruhige Korallenriffe f\u00fcr Schnorchler, andere surfbare Wellen, die von der Kraft des Atlantiks anschwellen. Besucher sammeln Muscheln und Treibholz, w\u00e4hrend sich die Kl\u00e4nge von Merengue und Bachata mit den Schreien der M\u00f6wen vermischen, w\u00e4hrend die D\u00e4mmerung \u00fcber den Sand hereinbricht.<\/p>\n<p>Verkehrsadern verbinden diese unterschiedlichen Gebiete. Die Autobahn Don Jos\u00e9 Ginebra schl\u00e4ngelt sich von San Marcos durch Piedra Candela und El Cruce und steigt zu der asphaltierten Steigung an, die zur Talstation der Seilbahn f\u00fchrt. Von dort bef\u00f6rdert ein elektrohydraulisches System Reisende in verglasten Kabinen in den Himmel und bietet fast acht Minuten ununterbrochenes Spektakel. In besonderen Momenten erhascht man einen Blick auf die Orchideen des Botanischen Gartens, die sich von der zersiedelten Stadt abheben \u2013 eine Erinnerung daran, dass Natur und Kultur in jedem Bild dieser Stadt koexistieren.<\/p>\n<p>Mit zunehmender D\u00e4mmerung nimmt die Uferpromenade einen sanfteren Farbton an. Die Festung San Felipe ist in bernsteinfarbenes Licht getaucht, ihre Zinnen werfen Schatten, die auf der Flut tanzen. Musik dringt aus den Dachkneipen, wo G\u00e4ste kaltes Presidente-Bier schl\u00fcrfen, und der Duft von gegrilltem Fisch vermischt sich mit dem von Salz und Oleander. In den Hotellobbys schwingen vielsprachige Akzente mit \u2013 franz\u00f6sische Familien besichtigen das Bernsteinmuseum, kanadische Rentner, die von Amber Cove aus an Bord gehen, und neugierige Dominikaner, die den Spuren ihrer Vorfahren folgen. Durch all dies offenbart Puerto Plata seine einzigartige Identit\u00e4t: ein Ort, an dem das Erbe von Kaiserreich und Exil unter einem einzigen Himmelsgew\u00f6lbe zusammentrifft.<\/p>\n<p>In all seinen Facetten \u2013 historisch, architektonisch, \u00f6kologisch und kommerziell \u2013 ist Puerto Plata kein statisches Relikt, sondern ein lebendiges Palimpsest. Jede Stra\u00dfenecke und jede K\u00fcstenbucht zeugt von vergangenen Umbr\u00fcchen und Triumphen und ist eine Einladung f\u00fcr alle, die ein Auge f\u00fcr Nuancen haben. Erfahrene Reisende, Kenner kolonialer Errungenschaften und Liebhaber sonnenverw\u00f6hnter K\u00fcsten gleicherma\u00dfen empf\u00e4ngt die Stadt mit einer Geste des Willkommens und verspricht Entdeckungen inmitten vertrauter Horizonte. Hier, wo Atlantik und Berge aufeinandertreffen, ist Puerto Plata ein Zeugnis von Widerstandsf\u00e4higkeit und Neuerfindung.<\/p>","protected":false},"excerpt":{"rendered":"<p>Puerto Plata, offiziell San Felipe de Puerto Plata (franz\u00f6sisch: Port-de-Plate), ist eine bedeutende K\u00fcstenstadt in der Dominikanischen Republik und Sitz der Provinz Puerto Plata. Die dynamische Stadt ist ein wichtiger Handelshafen und ein beliebtes Touristenziel mit zahlreichen Attraktionen und Dienstleistungen f\u00fcr Touristen aus aller Welt.<\/p>","protected":false},"author":1,"featured_media":3255,"parent":9128,"menu_order":0,"comment_status":"closed","ping_status":"closed","template":"elementor_theme","meta":{"_eb_attr":"","footnotes":""},"class_list":["post-9146","page","type-page","status-publish","has-post-thumbnail"],"_links":{"self":[{"href":"https:\/\/travelshelper.com\/de\/wp-json\/wp\/v2\/pages\/9146","targetHints":{"allow":["GET"]}}],"collection":[{"href":"https:\/\/travelshelper.com\/de\/wp-json\/wp\/v2\/pages"}],"about":[{"href":"https:\/\/travelshelper.com\/de\/wp-json\/wp\/v2\/types\/page"}],"author":[{"embeddable":true,"href":"https:\/\/travelshelper.com\/de\/wp-json\/wp\/v2\/users\/1"}],"replies":[{"embeddable":true,"href":"https:\/\/travelshelper.com\/de\/wp-json\/wp\/v2\/comments?post=9146"}],"version-history":[{"count":0,"href":"https:\/\/travelshelper.com\/de\/wp-json\/wp\/v2\/pages\/9146\/revisions"}],"up":[{"embeddable":true,"href":"https:\/\/travelshelper.com\/de\/wp-json\/wp\/v2\/pages\/9128"}],"wp:featuredmedia":[{"embeddable":true,"href":"https:\/\/travelshelper.com\/de\/wp-json\/wp\/v2\/media\/3255"}],"wp:attachment":[{"href":"https:\/\/travelshelper.com\/de\/wp-json\/wp\/v2\/media?parent=9146"}],"curies":[{"name":"wp","href":"https:\/\/api.w.org\/{rel}","templated":true}]}}