{"id":9104,"date":"2024-09-07T11:31:28","date_gmt":"2024-09-07T11:31:28","guid":{"rendered":"https:\/\/travelshelper.com\/staging\/?page_id=9104"},"modified":"2026-03-13T16:30:12","modified_gmt":"2026-03-13T16:30:12","slug":"la-palma","status":"publish","type":"page","link":"https:\/\/travelshelper.com\/de\/destinations\/north-america\/el-salvador\/la-palma\/","title":{"rendered":"La Palma"},"content":{"rendered":"<p>La Palma erhebt sich aus dem nebelverhangenen Hochland im Norden El Salvadors als Siedlung, deren bescheidene Ausma\u00dfe eine \u00fcbergro\u00dfe Bedeutung im kulturellen und politischen Gef\u00fcge des Landes verbergen. Auf einer Fl\u00e4che von etwa 135,6 Quadratkilometern inmitten der h\u00fcgeligen Ausl\u00e4ufer des Cerro El Pital-Gebirges beherbergt La Palma eine Gemeinde mit rund 24.000 Einwohnern (Stand: 2006), deren Leben sich in H\u00f6henlagen abspielt, die von k\u00fchlen Brisen und gr\u00fcnen W\u00e4ldern gepr\u00e4gt sind. Nahe der honduranischen Grenze gelegen, sind seine Verwaltungsgrenzen \u2013 die sich im Norden bis San Ignacio und im S\u00fcden bis Agua Caliente erstrecken, im Osten von den weitl\u00e4ufigen Gemeinden San Fernando, San Francisco Moraz\u00e1n und La Reina flankiert und im Westen von Metap\u00e1n und Cital\u00e1 begrenzt werden \u2013 vom gewundenen Lauf des Flusses Lempa gepr\u00e4gt. Diese gebirgige Enklave, die sich durch ein gem\u00e4\u00dfigtes Klima auszeichnet, das man anderswo im tropischen Tiefland nur selten erlebt, ist sowohl zum Synonym f\u00fcr handwerklichen Einfallsreichtum als auch f\u00fcr entscheidende Momente in der modernen Geschichte El Salvadors geworden.<\/p>\n<p>Die Urspr\u00fcnge von La Palma reichen bis in die Kolonialzeit zur\u00fcck, als sich am unvergleichlichen Fluss Nonuapa ein winziges D\u00f6rfchen \u2013 bekannt als Palmita \u2013 etablierte. 1882 \u00fcberflutete eine Flut die urspr\u00fcnglichen Behausungen und zwang die \u00dcberlebenden, auf h\u00f6her gelegenem Gel\u00e4nde einen neuen Ort zu errichten. Aus diesem Akt kollektiver Entschlossenheit entstand die Stadt, deren Name 1959 per Gesetzesdekret den Status einer Gemeinde erhielt und die Kantone Los Horcones, Los Planes, Las Granadillas, El Gramal, San Jos\u00e9 Sacar\u00e9, El T\u00fanel, El Aguacatal und San Josecalera unter einer einzigen Gerichtsbarkeit vereinte. Der \u00dcbergang vom fragilen D\u00f6rfchen Palmita zu einer vollwertigen Gemeinde unterstrich die F\u00e4higkeit ihrer Bewohner, inmitten der Launen der Natur Ordnung zu schaffen.<\/p>\n<p>Doch erst im Feuer des salvadorianischen B\u00fcrgerkriegs \u00fcbertraf La Palmas Ruhm seine geografische Randstellung. Ab 1980 bot das zerkl\u00fcftete Gel\u00e4nde den aufst\u00e4ndischen Kr\u00e4ften Schutz vor ideologischen Konflikten. T\u00e4ler und Bergr\u00fccken wurden zu Lehrst\u00e4tten der Guerilla-Doktrin, und bewaldete H\u00e4nge dienten den vorr\u00fcckenden Regierungstruppen als Zufluchtsort und Schlachtfeld zugleich. Die Gemeinde nahm so eine doppelte Identit\u00e4t an: Brutst\u00e4tte revolution\u00e4ren Gedankenguts und Schauplatz bewaffneter Auseinandersetzungen. Ihre Bedeutung kristallisierte sich am 15. Oktober 1984 heraus, als Pr\u00e4sident Jos\u00e9 Napole\u00f3n Duarte sich heimlich mit F\u00fchrern der Frente Farabundo Mart\u00ed para la Liberaci\u00f3n Nacional in La Palmas Bezirken traf und die Verhandlungen er\u00f6ffnete, die schlie\u00dflich zum Friedensabkommen von Chapultepec f\u00fchrten. In diesem fl\u00fcchtigen Akt des Dialogs \u2013 getragen von der Hoffnung, dass der Dialog die Gewalt eind\u00e4mmen k\u00f6nnte \u2013 verk\u00f6rperte La Palma eine paradoxe Alchemie: einen Ort des Streits, der in einen Schmelztiegel der Vers\u00f6hnung verwandelt wurde.<\/p>\n<p>Die Topografie, die einst Guerillalager verbarg, beherbergt heute ein florierendes Kunsthandwerk. Rund drei Viertel der Einwohner La Palmas leben heute vom Kunsthandwerk und den vielen Besuchern, die von seinem Ruhm angezogen werden. Anfang der 1970er Jahre f\u00fchrte der vision\u00e4re K\u00fcnstler Fernando Llort eine volkst\u00fcmliche \u00c4sthetik ein, die indigene Motive mit modernistischer Geometrie verband und damit ein in El Salvador einzigartiges Kunsthandwerk begr\u00fcndete. In den sechs Stadtbezirken entstanden Werkst\u00e4tten, die sich bis in die 87 l\u00e4ndlichen Caser\u00edos erstreckten und schlie\u00dflich fast 100 Handwerksbetriebe umfassten \u2013 die H\u00e4lfte davon exportierte Waren, von handbemalter Keramik bis hin zu kunstvoll gewebten Textilien. Die filigranen Muster aus Llorts Tradition versorgen sowohl den heimischen Markt als auch Galerien im Ausland mit Objekten, die die unverwechselbare Handschrift La Palmas tragen. Die Einnahmen aus diesen Unternehmen \u2013 die zum Teil durch den Kulturtourismus generiert werden \u2013 bilden heute die Grundlage f\u00fcr die finanzielle Stabilit\u00e4t der Gemeinde und weichen deutlich von der Gesamtwirtschaft ab, in der das Handwerk selten eine so gro\u00dfe Rolle spielt.<\/p>\n<p>Das verbleibende Viertel der Arbeitskr\u00e4fte La Palmas k\u00fcmmert sich um die B\u00f6den und Kaffeeplantagen an den zug\u00e4nglichen H\u00e4ngen. Gem\u00fcse, Mais und Bohnen werden auf den tiefer gelegenen Parzellen angebaut, w\u00e4hrend Kaffeestr\u00e4ucher \u2013 die 1988 noch \u00fcber die H\u00e4lfte der Exporterl\u00f6se des Landes ausmachten \u2013 heute aufgrund der internationalen Konkurrenz eine schwindende Einnahmequelle darstellen und 2004 nur noch sieben Prozent der Exporterl\u00f6se ausmachten. Auch wenn die Kaffeeg\u00e4rten schrumpfen, bleiben sie als \u00dcberbleibsel einer einst dominierenden Industrie bestehen und pr\u00e4gen die Landschaft mit akkurat gereihten immergr\u00fcnen Str\u00e4uchern, deren Kaffeekirschen sich vor dem smaragdgr\u00fcnen Bl\u00e4tterdach r\u00f6tlich abheben.<\/p>\n<p>La Palma bietet neben seinen menschlichen Aktivit\u00e4ten eine Reihe von Naturattraktionen, die es zu erkunden gilt. Eine dreizehn Kilometer lange Fahrt vom Stadtzentrum f\u00fchrt hinauf zum Miramundo-Wald, wo auf einer H\u00f6he von rund 2.400 Metern eine Durchschnittstemperatur von lediglich zw\u00f6lf Grad Celsius herrscht. Dort wachen wolkenverhangene Kiefern und Eichen \u00fcber Wanderwege, die zu besinnlichen Wanderungen einladen. Beim Abstieg ins Tal erreicht man San Ignacio auf 1.010 Metern \u00fcber dem Meeresspiegel \u2013 ein D\u00f6rfchen, dessen bescheidene Hotels und gef\u00fchrte Ausfl\u00fcge Reisende willkommen hei\u00dfen, die sowohl das k\u00fchle Klima der Region als auch den Charme des Flusses erleben m\u00f6chten. Eine kurze Fahrt Richtung Norden f\u00fchrt zum Flusslauf des Lempa, wo die Stadt Cital\u00e1 wie ein W\u00e4chter an seinem Ufer thront und einen ruhigen Kontrast zur Aussicht auf das Hochland bietet.<\/p>\n<p>Weiter entlang der Bergstra\u00dfen entpuppt sich Las Pilas als eine Enklave, deren Klima noch k\u00fchler ist als das von Miramundo. Dies beschert den lokalen Bauern ideale Bedingungen f\u00fcr Brombeeren, Erdbeeren und Pfirsiche sowie Blattgem\u00fcse wie Salat und Kohl. Die F\u00fclle dieser Obstg\u00e4rten und Felder spiegelt die Anpassungsf\u00e4higkeit der Landwirtschaft an h\u00f6henbedingte Mikroklimata wider. Der Weg von La Palma nach Las Pilas bietet sowohl landschaftliche Wunder als auch Einblicke in das landwirtschaftliche Leben in gro\u00dfer H\u00f6he.<\/p>\n<p>An der Grenze zwischen den Nationen, vier Kilometer hinter San Ignacio, erhebt sich der Cayahuanca-Stein etwa 1.550 Meter \u00fcber dem Meeresspiegel. Dieser Felsvorsprung markiert die Grenze zwischen El Salvador und Honduras und bietet einen Panoramablick auf die smaragdgr\u00fcnen Bergketten beider L\u00e4nder. In der Karwoche versammeln sich einheimische Familien und Pilger auf seiner breiten Oberfl\u00e4che, um zu erleben, wie die D\u00e4mmerung \u00fcber den Horizont hereinbricht, der durch eine schmale Linie im Felsen geteilt wird \u2013 ein j\u00e4hrliches Ritual gemeinschaftlicher Versammlung, das \u00fcber kirchliche Br\u00e4uche hinaus Bestand hat und symbolisch f\u00fcr ein gemeinsames kulturelles Erbe steht, das nationale Grenzen \u00fcberwindet.<\/p>\n<p>Der Cerro El Pital, der h\u00f6chste Gipfel Salvadors, liegt etwa zw\u00f6lf Kilometer von La Palma entfernt. Mit 2.730 Metern durchdringt er die Wolkendecke und \u00fcberragt einen Wald mit einer Jahresdurchschnittstemperatur von zehn Grad Celsius. Die k\u00fchle Umarmung des Berges f\u00fchrt gelegentlich zu Ph\u00e4nomenen, die selbst langj\u00e4hrige Bewohner in Erstaunen versetzen: Am 13. April 2004 fielen unerwartet Frost und fleckige Eisschichten herab, was erstaunte Ausrufe von \u201eNevada\u201c und einen fl\u00fcchtigen R\u00fcckgriff auf lokale \u00dcberlieferungen ausl\u00f6ste, um ein in diesen Breitengraden seltenes meteorologisches Ereignis zu erkl\u00e4ren. Solche Momente unterstreichen die Launenhaftigkeit des Bergwetters und die Demut, die es den Bewohnern zu seinen F\u00fc\u00dfen einfl\u00f6\u00dft.<\/p>\n<p>Verwaltungstechnisch bilden die acht Kantone La Palmas und die rund siebzig dazugeh\u00f6rigen Caser\u00edos ein dichtes Netz l\u00e4ndlicher Siedlungen, die miteinander verbunden den Kern der Gemeinde mit sechs Stadtbezirken bilden. Volksz\u00e4hlungsunterlagen zeigen, dass die Gemeinde von 5.337 Einwohnern Mitte 1956 \u2013 fast gleichm\u00e4\u00dfig verteilt auf 2.780 M\u00e4nner und 2.957 Frauen \u2013 auf rund 24.000 Einwohner im Jahr 2006 angewachsen ist. Dies ist sowohl auf das nat\u00fcrliche Wachstum als auch auf Migrationsstr\u00f6me zur\u00fcckzuf\u00fchren, die st\u00e4dtische und l\u00e4ndliche Lebensweisen zu einer gemeinsamen regionalen Identit\u00e4t verschmolzen haben.<\/p>\n<p>In diesem Umfeld dienen die Handwerksbetriebe nicht nur als Wirtschaftsmotoren, sondern auch als Speicher kultureller Erinnerungen. Sie vermitteln Motive aus der indigenen Symbolik, der religi\u00f6sen Ikonographie und der lebendigen Flora und Fauna des Nebelwaldes. Jeder bemalte Teller, jede geschnitzte Figur tr\u00e4gt im Miniaturformat die Textur von Palmen am Flussufer, das Gefieder tropischer V\u00f6gel und die Konturen vulkanischer Gipfel. Sie erinnern an Palmitas verlorenes Flussufer und feiern zugleich die Robustheit seines Nachfolgers La Palma.<\/p>\n<p>Es lohnt sich, dar\u00fcber nachzudenken, dass dieselben H\u00e4nge, die einst Zeugen von Schie\u00dfereien und geheimen Strategiebesprechungen waren, zu Leinw\u00e4nden f\u00fcr Kunst und Handel umfunktioniert wurden. Die Guerillapfade, einst von K\u00e4mpfern beschritten, schl\u00e4ngeln sich heute an Ateliers mit Lehmfassaden vorbei, deren Fassaden Wandmalereien im von Llort entwickelten naiven Stil tragen. Hier k\u00f6nnen Besucher Kunsthandwerker beobachten, die Gips \u00fcber Holz spannen, Naturpigmente mahlen oder geometrische Muster auf Keramikplatten zeichnen und so Verbindungen zwischen lokaler Tradition und globalen M\u00e4rkten kn\u00fcpfen. Handwerk und Konflikt \u2013 zwei Facetten menschlichen Strebens \u2013 sind auf La Palma zusammengekommen, sodass der durch Not gepr\u00e4gte Geist der Widerstandsf\u00e4higkeit untrennbar mit dem kreativen Impuls verbunden ist, der die Stadt heute pr\u00e4gt.<\/p>\n<p>Wenn die Morgend\u00e4mmerung \u00fcber El Pital hereinbricht und den Nebel in rosa und goldene F\u00e4den taucht, erscheint La Palma wie ein Mikrokosmos der gr\u00f6\u00dferen Geschichte El Salvadors: ein Land, in dem Natursch\u00f6nheit mit einer turbulenten Vergangenheit koexistiert, wo kultureller Ausdruck aus Widrigkeiten entsteht und wo Gemeinschaftsbande \u2013 gest\u00e4rkt durch die gemeinsame Geschichte \u2013 einen Kurs der Erneuerung einschlagen. Die k\u00fchle Bergluft tr\u00e4gt ein Fl\u00fcstern vergangener Schlachten und noch zu vollziehender Pinselstriche, von Vertragsverhandlungen, die einst unter diesem Himmel stattfanden, und von den Handwerkern, die heute das Schicksal der Stadt pr\u00e4gen. F\u00fcr den Reisenden, der sich in diese Hochlandgemeinde wagt, geht die Begegnung \u00fcber die blo\u00dfe Beobachtung malerischer Ausblicke hinaus; sie wird zum Eintauchen in eine lebendige Chronik, in der jedes Handwerk, jedes bestellte Feld und jeder moosbedeckte Pfad eine Geschichte von Transformation und Beharrlichkeit erz\u00e4hlt.<\/p>\n<p>Letztendlich erweist sich La Palma weder als statisches Relikt noch als bereinigtes Museum nationaler Erinnerung, sondern als dynamische Siedlung, in der Geschichte und Kunst im st\u00e4ndigen Dialog stehen. Verfolgt man seine Urspr\u00fcnge von einem Weiler am Flussufer \u00fcber einen Schmelztiegel politischer Einigkeit bis hin zu einem Leuchtturm handwerklicher Exzellenz, erkennt man ein fortlaufendes Kontinuum \u2013 eine Erz\u00e4hlung, die durch \u00dcberschwemmungen erzwungene Migration, interne Konflikte und das gemeinschaftliche Streben, Sch\u00f6nheit aus dem Ton menschlicher Erfahrung zu erschaffen, miteinander verbindet. An diesen H\u00e4ngen, inmitten des Echos von Fluss und Bergr\u00fccken, schreibt La Palma sein Kapitel in der Geschichte El Salvadors fort.<\/p>","protected":false},"excerpt":{"rendered":"<p>La Palma, eine malerische Gemeinde im Departement Chalatenango in El Salvador, verk\u00f6rpert das reiche historische und kulturelle Erbe dieses zentralamerikanischen Landes. La Palma erstreckt sich \u00fcber eine Fl\u00e4che von 135,60 Quadratkilometern und liegt in einer h\u00fcgeligen Region, die f\u00fcr ihre nat\u00fcrliche Sch\u00f6nheit und ihre dynamische Handwerksgemeinde bekannt ist. Im Jahr 2006 hatte die Gemeinde \u00fcber 24.000 Einwohner und zeichnet sich durch eine lebendige Mischung aus st\u00e4dtischem und l\u00e4ndlichem Lebensstil aus.<\/p>","protected":false},"author":1,"featured_media":3498,"parent":9069,"menu_order":0,"comment_status":"closed","ping_status":"closed","template":"elementor_theme","meta":{"_eb_attr":"","footnotes":""},"class_list":["post-9104","page","type-page","status-publish","has-post-thumbnail"],"_links":{"self":[{"href":"https:\/\/travelshelper.com\/de\/wp-json\/wp\/v2\/pages\/9104","targetHints":{"allow":["GET"]}}],"collection":[{"href":"https:\/\/travelshelper.com\/de\/wp-json\/wp\/v2\/pages"}],"about":[{"href":"https:\/\/travelshelper.com\/de\/wp-json\/wp\/v2\/types\/page"}],"author":[{"embeddable":true,"href":"https:\/\/travelshelper.com\/de\/wp-json\/wp\/v2\/users\/1"}],"replies":[{"embeddable":true,"href":"https:\/\/travelshelper.com\/de\/wp-json\/wp\/v2\/comments?post=9104"}],"version-history":[{"count":0,"href":"https:\/\/travelshelper.com\/de\/wp-json\/wp\/v2\/pages\/9104\/revisions"}],"up":[{"embeddable":true,"href":"https:\/\/travelshelper.com\/de\/wp-json\/wp\/v2\/pages\/9069"}],"wp:featuredmedia":[{"embeddable":true,"href":"https:\/\/travelshelper.com\/de\/wp-json\/wp\/v2\/media\/3498"}],"wp:attachment":[{"href":"https:\/\/travelshelper.com\/de\/wp-json\/wp\/v2\/media?parent=9104"}],"curies":[{"name":"wp","href":"https:\/\/api.w.org\/{rel}","templated":true}]}}