{"id":9069,"date":"2024-09-07T10:45:07","date_gmt":"2024-09-07T10:45:07","guid":{"rendered":"https:\/\/travelshelper.com\/staging\/?page_id=9069"},"modified":"2026-03-13T16:30:26","modified_gmt":"2026-03-13T16:30:26","slug":"el-salvador","status":"publish","type":"page","link":"https:\/\/travelshelper.com\/de\/destinations\/north-america\/el-salvador\/","title":{"rendered":"El Salvador"},"content":{"rendered":"<p>El Salvador, die Republik El Salvador, erstreckt sich \u00fcber einen schmalen Streifen Mittelamerikas zwischen 13\u00b0 und 15\u00b0 Nord und 87\u00b0 und 91\u00b0 West. Die Fl\u00e4che betr\u00e4gt rund 21.041 km\u00b2, und die Bev\u00f6lkerung wird im Jahr 2024 auf sechs Millionen gesch\u00e4tzt. Die kompakte Republik, die im Nordwesten an Guatemala, im Nordosten an Honduras und im S\u00fcden an den Pazifischen Ozean grenzt und liebevoll \u201eD\u00e4umling Amerikas\u201c genannt wird, hat San Salvador als Hauptstadt und bev\u00f6lkerungsreichste Stadt. Trotz seiner bescheidenen Gr\u00f6\u00dfe erstreckt sich El Salvador von K\u00fcstenebenen bis hin zu vulkanischem Hochland. Pr\u00e4kolumbisches Erbe und koloniale Umbr\u00fcche pr\u00e4gen die Geschichte des Landes, und die sich entwickelnde Wirtschaft verbindet landwirtschaftliche Wurzeln mit aufstrebenden Industrie- und Dienstleistungssektoren.<\/p>\n<p>Lange bevor europ\u00e4ische Schiffe den pazifischen Horizont durchquerten, hinterlie\u00dfen aufeinanderfolgende mesoamerikanische Zivilisationen ihre Spuren. Arch\u00e4ologische \u00dcberreste der Olmeken-Besiedlung um das erste Jahrtausend v. Chr. geben Hinweise auf die fr\u00fche gesellschaftliche Komplexit\u00e4t, w\u00e4hrend sp\u00e4tere Maya-Siedlungen architektonische und ikonografische Spuren in den H\u00fcgeln hinterlie\u00dfen. Als die Pipil-Nahuatl sprechenden Cuzcatlecs regionale Bedeutung erlangten, hatte sich bereits ein dynamisches kulturelles Milieu herausgebildet, das von rituellen Pl\u00e4tzen und landwirtschaftlichen Innovationen gepr\u00e4gt war. Diese indigenen Gemeinwesen unterhielten bis zum Beginn des 16. Jahrhunderts eng miteinander verbundene Handels- und Glaubensnetzwerke, bis spanische Konquistadoren aus Guatemala ins Landesinnere vordrangen und dort koloniale Strukturen errichteten, die drei Jahrhunderte \u00fcberdauern sollten.<\/p>\n<p>Die Herrschaft der spanischen Krone \u00fcber Mittelamerika konkretisierte sich 1609 mit der Schaffung des Generalkapit\u00e4ns von Guatemala, wodurch El Salvador von Mexiko-Stadt aus regiert wurde, jedoch ein gewisses Ma\u00df an Provinzautonomie gewahrt blieb. In diesem Rahmen konzentrierten lokale Landbesitzer ihren Reichtum auf den Indigo- und Kakaoanbau und bauten eine Wirtschaft auf, die zun\u00e4chst auf einheimischen Grundnahrungsmitteln basierte, die von den Kolonialeliten vereinnahmt wurden. Mit dem Mexikanischen Unabh\u00e4ngigkeitskrieg und dem Zusammenbruch Neuspaniens 1821 schloss sich El Salvador kurzzeitig dem Ersten Mexikanischen Kaiserreich an, bevor es 1823 die Mitgliedschaft in der F\u00f6derativen Republik Mittelamerika beanspruchte. Der Status als souver\u00e4ner Staat entstand nach der Aufl\u00f6sung der F\u00f6deration 1841; ein sp\u00e4teres Experiment mit der Gro\u00dfen Republik Mittelamerika (1896\u20131898) sollte die widerspenstigen Neigungen der Region rechtfertigen.<\/p>\n<p>Im sp\u00e4ten 19. und fr\u00fchen 20. Jahrhundert verfestigten sich sozio\u00f6konomische Ungleichheiten zu festgefahrenen Hierarchien des Landbesitzes und des politischen Einflusses. Eine Plantagenoligarchie monopolisierte die Kaffeeexporte \u2013 Anfang des 20. Jahrhunderts erwirtschaftete sie erstaunliche 90 Prozent der Deviseneinnahmen \u2013, w\u00e4hrend die Mehrheit der Landbev\u00f6lkerung mit marginalen Besitzt\u00fcmern ihr \u00dcberleben fristete. Regelm\u00e4\u00dfige Aufst\u00e4nde und Putsche unterbrachen eine Reihe autorit\u00e4rer Regierungen, die im B\u00fcrgerkrieg in El Salvador (1979\u20131992) gipfelten. In diesem zw\u00f6lfj\u00e4hrigen Konflikt standen sich eine von den USA unterst\u00fctzte Milit\u00e4rregierung und eine Koalition linker Guerillas gegen\u00fcber; mit dem Friedensabkommen von Chapultepec wurde eine Mehrparteienrepublik errichtet. W\u00e4hrend und nach den Feindseligkeiten gelangten fast eine Million Salvadorianer in die USA und bildeten dort bis 2008 die sechstgr\u00f6\u00dfte Einwanderergemeinschaft.<\/p>\n<p>Das Wirtschaftsleben in der Nachfriedenszeit strebte eine Diversifizierung \u00fcber die einstige Dominanz des Kaffees hinaus an. Der Col\u00f3n \u2013 El Salvadors W\u00e4hrungseinheit seit 1892 \u2013 wurde 2001 durch den US-Dollar ersetzt, was zu engeren Finanzbeziehungen mit den nordamerikanischen M\u00e4rkten f\u00fchrte. Initiativen zum Ausbau des verarbeitenden Gewerbes und des Dienstleistungssektors gingen mit der liberalisierten Handelspolitik einher und f\u00fchrten bis 2019 zu einer moderaten Verringerung der Einkommensungleichheit auf den niedrigsten Stand unter den Nachbarstaaten. Dennoch stufte eine Vergleichsstudie aus dem Jahr 2021 die Wirtschaft des Landes hinsichtlich der Gesch\u00e4ftsentwicklung als eine der am wenigsten komplexen ein \u2013 ein Hinweis darauf, dass trotz schrittweiser Erfolge anhaltende Herausforderungen bestehen.<\/p>\n<p>Topographisch ist El Salvador von vulkanischen Prozessen gepr\u00e4gt. Das Land liegt am Pazifischen Feuerring und beherbergt \u00fcber zwanzig Vulkane, von denen viele noch aktiv sind oder es m\u00f6glicherweise noch sein k\u00f6nnten. Ilamatepec (Vulkan Santa Anna) erhebt sich 2.384 Meter \u00fcber dem Meeresspiegel, w\u00e4hrend Chaparrastique (Vulkan San Miguel) die h\u00f6chste Ausbruchsh\u00e4ufigkeit aufweist. Parallel verlaufende Gebirgsz\u00fcge flankieren ein zentrales Plateau, dessen H\u00e4nge von \u00fcber dreihundert Fl\u00fcssen durchzogen werden, die, mit dem Rio Lempa als einzigem schiffbaren Wasserweg, in den Pazifik m\u00fcnden. Zwischen diesen Hochebenen liegen Kraterseen wie Ilopango und Coatepeque, \u00dcberreste heftiger Ausbr\u00fcche, die heute Fischerei und Tourismus gleicherma\u00dfen unterst\u00fctzen, sowie k\u00fcnstliche Stauseen wie der Cerr\u00f3n Grande, die der Wasserkrafterzeugung dienen.<\/p>\n<p>Klimatisch herrscht ein zweigeteiltes Regime: Die Regenzeit (invierno) von Mai bis Oktober bringt j\u00e4hrlich bis zu zweitausend Millimeter Regen an die windzugewandten Bergh\u00e4nge, w\u00e4hrend die Trockenzeit (verano) von November bis April unter dem Einfluss der nord\u00f6stlichen Passatwinde, denen die transhonduranische Passage die Feuchtigkeit entzogen hat, andauert. Temperaturschwankungen h\u00e4ngen eher von der H\u00f6he als vom Kalender ab: In den K\u00fcstentiefl\u00e4ndern liegen die Durchschnittstemperaturen zwischen 25 \u00b0C und 29 \u00b0C; im Zentrum des zentralen Hochlandes bei etwa 23 \u00b0C; und in h\u00f6heren Lagen sinken die Nachttemperaturen auf einstellige Werte. San Salvador selbst verzeichnet Extremtemperaturen zwischen 6 \u00b0C und 38 \u00b0C, ein Beweis f\u00fcr seine gem\u00e4\u00dfigte H\u00f6henlage von etwa 700 Metern.<\/p>\n<p>In den letzten Jahrzehnten hat sich der Tourismus zu einem wichtigen Sektor entwickelt, der 2019 2,97 Milliarden US-Dollar oder elf Prozent zum BIP beitrug. Str\u00e4nde wie El Tunco, El Sunzal und La Costa del Sol ziehen Surfer an, die die best\u00e4ndigen Wellen des Pazifiks genie\u00dfen; Vulkanklettertouren auf Santa Ana und Izalco fordern Wanderer mit Panoramablicken auf die Krater heraus; und arch\u00e4ologische St\u00e4tten wie Joya de Cer\u00e9n \u2013 oft mit einem mittelamerikanischen Pompeji verglichen \u2013 und Tazumal laden dazu ein, \u00fcber das vorspanische Leben nachzudenken. Kolonialst\u00e4dte, von Suchitoto mit seinen Kopfsteinpflasterstra\u00dfen bis zu den Ausblicken auf die Kaffeeplantagen von Apaneca, bewahren Fragmente des architektonischen Erbes und bieten gleichzeitig Kunsthandwerk an. Nischen f\u00fcr den \u00d6kotourismus gibt es im Nebelwald von Montecristo, im Bosque El Imposible und auf einer Inselgruppe \u2013 Olomega, Meanguera, Conchagua \u2013, wo Vogelkolonien gedeihen und Fischerd\u00f6rfer ihren althergebrachten Rhythmus bewahren.<\/p>\n<p>Die \u00f6ffentliche Infrastruktur hat sich wechselhaft entwickelt. Eine Studie der University of North Carolina aus dem Jahr 2015 lobte El Salvador f\u00fcr die weltweit gr\u00f6\u00dften Fortschritte bei der gerechten Wasserversorgung und dem Zugang zu sanit\u00e4ren Einrichtungen. Doch die Verschmutzung der Fl\u00fcsse und ein Monopol \u00f6ffentlicher Versorgungsbetriebe deuten auf ungel\u00f6ste Probleme hin. Inmitten der COVID-19-Pandemie war die Umwandlung eines gro\u00dfen Kongresszentrums in das Hospital El Salvador \u2013 das gr\u00f6\u00dfte Lateinamerikas \u2013 sowohl eine strategische Reaktion als auch eine nachhaltige Investition in das Gesundheitswesen. Die am 22. Juni 2020 er\u00f6ffnete Einrichtung bietet nun \u00fcber tausend Intensivbetten, umfassende Radiologie- und Blutbankdienste sowie ein integriertes Leichenschauhaus. Die Kosten beliefen sich auf knapp 75 Millionen US-Dollar.<\/p>\n<p>Die Anbindung erfolgt \u00fcber den internationalen Flughafen Monse\u00f1or \u00d3scar Arnulfo Romero, rund vierzig Kilometer s\u00fcd\u00f6stlich der Hauptstadt. Von diesem Rollfeld aus begeben sich Besucher \u2013 wenn auch innerhalb der narrativen Grenzen ihrer Ankunft \u2013 in ein Land, dessen Bev\u00f6lkerungsstruktur die jahrhundertelange Vermischung zwischen einheimischen Pipil, spanischen Siedlern und versklavten Afrikanern widerspiegelt. Die Land-Stadt-Migration seit den 1960er Jahren hat El Salvador zum am dichtesten besiedelten Staat Kontinentalamerikas gemacht. Fast 42 Prozent der Bev\u00f6lkerung leben noch immer in l\u00e4ndlichen Gemeinden, obwohl San Salvador auf rund 2,1 Millionen Einwohner anw\u00e4chst.<\/p>\n<p>Kultureller Ausdruck lebt in Literatur, Kunst und Gesang. Schriftsteller von Francisco Gavidia bis Roque Dalton, von Claudia Lars bis Manlio Argueta haben sozialen K\u00e4mpfen und mythischen Erinnerungen eine Stimme gegeben. Maler wie Camilo Minero, Carlos Ca\u00f1as und das Kollektiv Studio Lenca verleihen Leinw\u00e4nden geisterhafte Farben und historische Reflexionen. Filmregisseure \u2013 darunter der verstorbene Baltasar Polio und Patricia Chica \u2013 und Karikaturisten wie To\u00f1o Salazar nutzen visuelle Medien f\u00fcr gesellschaftliche Kommentare. Die Kirche \u00fcbte tiefgreifenden Einfluss aus, der sich am ergreifendsten im Martyrium von Erzbischof \u00d3scar Romero inmitten des Kampfes f\u00fcr Menschenrechte manifestierte; auch die Jesuitengelehrten Ignacio Ellacur\u00eda, Ignacio Mart\u00edn-Bar\u00f3 und Segundo Montes zahlten im B\u00fcrgerkrieg den h\u00f6chsten Preis.<\/p>\n<p>Kulinarische Traditionen verankern die nationale Identit\u00e4t rund um Mais und einheimische Flora. Die Pupusa \u2013 handgepresste Tortillas gef\u00fcllt mit Quesillo, Chicharr\u00f3n, Bohnenmus oder Loroco \u2013 ist per Verfassungsdekret als Nationalgericht El Salvadors verankert und wird j\u00e4hrlich am zweiten Sonntag im November gefeiert. Auf salvadorianischen Tischen wimmelt es von Yuca Frita, begleitet von Curtido und Schweineschwarten, w\u00e4hrend Panes con Pollo gew\u00fcrztes, handgezogenes Puten- oder H\u00fchnerfleisch in einem U-Boot-Br\u00f6tchen bietet, garniert mit Brunnenkresse, Gurke und verschiedenen Gew\u00fcrzen. Zu den morgendlichen Ritualen geh\u00f6ren frittierte Kochbananen mit Sahne und Erfrischungen wie Morro-Samen-Horchata oder die fruchtreiche Ensalada; ein Dreimilchkuchen besteht aus einem nach Mandeln duftenden Biskuit in Kondens- und Sahne \u2013 ein Dessert, das lange am Gaumen nachklingt.<\/p>\n<p>Inmitten dieser Verflechtung von Geschichte und Topografie offenbart sich El Salvador als Mikrokosmos zentralamerikanischer Spannung und Verhei\u00dfung. Vulkangipfel spiegeln die Schmelztiegel der Kulturen der Vergangenheit wider, w\u00e4hrend K\u00fcstenriffe die dynamische Schnittstelle zwischen Land und Meer widerspiegeln. Kaffeeplantagen erinnern an Zeiten exportorientierten Reichtums und der Ungleichheit, w\u00e4hrend Industrieparks und Tourismuskorridore eine diversifizierte Zukunft vorwegnehmen. Fl\u00fcsse durchziehen das Hochland im Landesinneren und sichern die Landwirtschaft, sind jedoch durch die Schadstoffe der wachsenden St\u00e4dte bedroht. Der Geist eines Volkes \u2013 gepr\u00e4gt von Eroberung und Widerstand, Diaspora und R\u00fcckkehr \u2013 findet Ausdruck in Wandmalereien und Manuskripten, im Sonora-Refrain und der Meeresbrandung.<\/p>\n<p>In der Stille der Morgend\u00e4mmerung auf dem Gipfel des Ilamatepec sp\u00fcrt man unter fruchtbaren B\u00f6den die Kontinuit\u00e4t epochaler Ersch\u00fctterungen. Von Guatemalas Grenze kr\u00e4uselt sich der Lempa-Fluss und tr\u00e4gt Sedimente und Geschichten in Richtung des Pazifiks; auf den Pl\u00e4tzen San Salvadors vermischt sich das allt\u00e4gliche Summen mit dem Gedenken an die Opfer. Zwischen Ackerland und Fabrik, Museum und Markt erinnern die Konturen der Republik an Widerstandsf\u00e4higkeit in der Not und einen unausgesprochenen Bund zwischen Vergangenheit und Zukunft. El Salvador steht an einem Knotenpunkt elementarer Kr\u00e4fte \u2013 tektonischer, kultureller und wirtschaftlicher \u2013 seine Geschichte ist gepr\u00e4gt vom unaufh\u00f6rlichen Zusammenspiel von Land und Menschen und zeugt von einer Nation, die sowohl kompakt in ihrer Gr\u00f6\u00dfe als auch expansiv in ihrem menschlichen Streben ist.<\/p>","protected":false},"excerpt":{"rendered":"<p>El Salvador, offiziell Republik El Salvador, ist ein faszinierendes Land in Mittelamerika. Es grenzt im Nordosten an Honduras, im Nordwesten an Guatemala und im S\u00fcden an den weitl\u00e4ufigen Pazifischen Ozean. San Salvador, die Hauptstadt und gr\u00f6\u00dfte Stadt des Landes, ist das politische, kulturelle und wirtschaftliche Zentrum. Im Jahr 2023 wurde die Bev\u00f6lkerung El Salvadors auf rund 6,5 Millionen gesch\u00e4tzt, was auf seine Position als eines der am dichtesten besiedelten L\u00e4nder der Region hinweist.<\/p>","protected":false},"author":1,"featured_media":3277,"parent":24084,"menu_order":0,"comment_status":"closed","ping_status":"closed","template":"elementor_theme","meta":{"_eb_attr":"","footnotes":""},"class_list":["post-9069","page","type-page","status-publish","has-post-thumbnail"],"_links":{"self":[{"href":"https:\/\/travelshelper.com\/de\/wp-json\/wp\/v2\/pages\/9069","targetHints":{"allow":["GET"]}}],"collection":[{"href":"https:\/\/travelshelper.com\/de\/wp-json\/wp\/v2\/pages"}],"about":[{"href":"https:\/\/travelshelper.com\/de\/wp-json\/wp\/v2\/types\/page"}],"author":[{"embeddable":true,"href":"https:\/\/travelshelper.com\/de\/wp-json\/wp\/v2\/users\/1"}],"replies":[{"embeddable":true,"href":"https:\/\/travelshelper.com\/de\/wp-json\/wp\/v2\/comments?post=9069"}],"version-history":[{"count":0,"href":"https:\/\/travelshelper.com\/de\/wp-json\/wp\/v2\/pages\/9069\/revisions"}],"up":[{"embeddable":true,"href":"https:\/\/travelshelper.com\/de\/wp-json\/wp\/v2\/pages\/24084"}],"wp:featuredmedia":[{"embeddable":true,"href":"https:\/\/travelshelper.com\/de\/wp-json\/wp\/v2\/media\/3277"}],"wp:attachment":[{"href":"https:\/\/travelshelper.com\/de\/wp-json\/wp\/v2\/media?parent=9069"}],"curies":[{"name":"wp","href":"https:\/\/api.w.org\/{rel}","templated":true}]}}