{"id":9063,"date":"2024-09-07T10:31:08","date_gmt":"2024-09-07T10:31:08","guid":{"rendered":"https:\/\/travelshelper.com\/staging\/?page_id=9063"},"modified":"2026-03-13T16:28:29","modified_gmt":"2026-03-13T16:28:29","slug":"st-georges","status":"publish","type":"page","link":"https:\/\/travelshelper.com\/de\/destinations\/north-america\/grenada\/st-georges\/","title":{"rendered":"St. George\u2019s"},"content":{"rendered":"<p>St. George&#039;s, das pulsierende Herz Grenadas und seine gr\u00f6\u00dfte Siedlung, liegt am Rande eines hufeisenf\u00f6rmigen Hafens. Sein urbanes Gef\u00fcge erstreckt sich \u00fcber H\u00fcgel, die einst einen Vulkankrater begrenzten. Die Stadt ist nicht nur als wichtigster Hafen der Insel, sondern auch als Standort der medizinischen Fakult\u00e4t der St. George&#039;s University und des wichtigsten Luftverkehrsknotenpunkts des Landes, dem Maurice Bishop International Airport, von Bedeutung. Am s\u00fcd\u00f6stlichen Rand der Windward Islands gelegen \u2013 Grenada selbst ist 18 Kilometer breit und 34 Kilometer lang \u2013 verbindet diese Hauptstadt jahrhundertealtes Kolonialerbe mit einer dynamischen, modernen Wirtschaft, die auf Kakao, Muskatnuss und Muskatbl\u00fcte basiert.<\/p>\n<p>Seit seiner Gr\u00fcndung 1650 unter franz\u00f6sischer Schirmherrschaft hat sich St. George&#039;s trotz aufeinanderfolgender Feuerst\u00fcrme, Erdbeben und Hurrikane immer wieder neu erschlossen, getragen vom Versprechen seines nat\u00fcrlichen Hafens und der Widerstandsf\u00e4higkeit seiner Bewohner. Tropische Regenf\u00e4lle n\u00e4hren Vanille-, Zimt- und Ingwerhaine, w\u00e4hrend ein von sanften Meeresbrisen gemildertes Klima die Stellung der Insel unter den f\u00fchrenden Gew\u00fcrzproduzenten der Karibik sichert. Wer heute die K\u00fcste des Carenage entlangwandert, findet gepflegte Promenaden und pastellfarbene Kaufmannsh\u00e4user; doch gleich dahinter f\u00fchren enge Gassen steil hinauf in Viertel, deren Korallenputzw\u00e4nde an koloniale Ambitionen erinnern und das Fl\u00fcstern der Geschichte das Gemurmel des modernen Lebens \u00fcberlagert.<\/p>\n<p>Die Urspr\u00fcnge von Fort Royal Town \u2013 dem Vorg\u00e4nger des heutigen St. George\u2019s \u2013 liegen in den pragmatischen Entscheidungen fr\u00fcher franz\u00f6sischer Kolonisten begr\u00fcndet, die, nachdem sie die einheimische karibische Bev\u00f6lkerung in brutalen Gefechten vertrieben hatten, ihre Siedlungen aufgrund des steigenden Wasserspiegels der Lagune und der damit verbundenen Malariaausbreitung in h\u00f6her gelegene Gebiete verlegten. Um 1700 legte ein neuer Stadtplan geordnete, rechteckige Stra\u00dfen fest \u2013 darunter St. Juille und St. John\u2019s \u2013, die bis heute im Stadtbild erhalten sind. Steinerne Bastionen kr\u00f6nten die unter Jean de Giou de Caylus entworfenen Landzungen, doch nur wenige \u00dcberreste sind erhalten geblieben; Zeit und Sturm haben einen Gro\u00dfteil der Festung, die einst \u00fcber die Seewege wachte, abgetragen. Als Gro\u00dfbritannien 1763 die Insel beanspruchte, wurden die Namen anglisiert \u2013 Fort Royale wurde zu Fort George; Fort Royal Town wurde zu Saint George\u2019s Town \u2013 und die Schirmherrschaft von K\u00f6nig Georg III. verlieh dem Namen die Bedeutung eines Imperiums.<\/p>\n<p>Im 18. Jahrhundert zerst\u00f6rten Br\u00e4nde in den Jahren 1771, 1775 und 1792 Holzbauten. Dies f\u00fchrte zu Erlassen gegen den Holzbau und l\u00e4utete ein Zeitalter gemauerter H\u00e4user ein, die der Stadt Widerstandsf\u00e4higkeit verliehen. Dennoch erinnerten geologische Erdbeben in den Jahren 1867 und 1888 die Bewohner an den vulkanischen Ursprung der Insel, als die Landenge, die die Lagune mit der Karibik verband, pl\u00f6tzlich im Meer versank. Noch heute kann man im klaren Wasser die Ruinen dieses versunkenen Damms erkennen.<\/p>\n<p>Im sp\u00e4ten 19. Jahrhundert, nach dem R\u00fcckzug Bridgetowns, \u00fcbernahm St. George\u2019s die Rolle der Hauptstadt der Britischen Inseln \u00fcber dem Winde. Das Kunstcaf\u00e9 Tikal \u00f6ffnete im Dezember 1959 seine T\u00fcren und markierte einen Moment, in dem neben der Verwaltung auch das kulturelle Leben zu florieren begann. Die Unabh\u00e4ngigkeit kam 1974, und obwohl das darauffolgende Jahrzehnt von politischen Turbulenzen gepr\u00e4gt war \u2013 die in einem linken Putsch und einer anschlie\u00dfenden US-Intervention 1983 gipfelten \u2013 blieb die Identit\u00e4t der Stadt in ihrem Hafen, ihren Kirchen und ihren Gew\u00fcrzplantagen verankert.<\/p>\n<p>Hurrikan Ivan im September 2004 versetzte Grenada einen beispiellos heftigen Schlag. Fast neunzig Prozent der H\u00e4user wurden besch\u00e4digt; schwankende, jahrhundertealte Muskatnussb\u00e4ume \u2013 Symbole von Grenadas wirtschaftlicher Lebensader \u2013 wurden kahl gerissen. Doch internationale Solidarit\u00e4t, mobilisiert durch Spender aus Kanada, den USA, China, Venezuela, Trinidad und Tobago sowie der Europ\u00e4ischen Union, l\u00f6ste einen bemerkenswerten Wiederaufbauschub aus. 2007 war St. George\u2019s Gastgeber des Cricket World Cup. Seine Ufer waren ges\u00e4umt von Pavillons und Scharen von Fans \u2013 ein Beweis f\u00fcr die schnelle Erholung und die Hartn\u00e4ckigkeit seiner Einwohner. Heute z\u00e4hlt die Stadt zu den zehn beliebtesten Yachtzielen in der Karibik. Der neu errichtete Kreuzfahrtpier lockt Besucher in die Lagoon Road und die Melville Street, wo Restaurants und Gesch\u00e4fte vor Leben spr\u00fchen.<\/p>\n<p>Im Stadtzentrum bildet die Carenage nach wie vor das Herzst\u00fcck. An ihrer Ufermauer tummeln sich Gew\u00fcrzh\u00e4ndler und Marktst\u00e4nde, die Rumkuchen und Kakaonibs anbieten. Die r\u00f6misch-katholische Kathedrale mit ihrem Turm aus dem Jahr 1818 pr\u00e4sentiert den Besuchern ein farbenfrohes Inneres \u2013 blasse Blau- und Korallenrott\u00f6ne treffen in B\u00f6gen aufeinander, die sich zu einem gew\u00f6lbten Dach erheben. Ein paar Blocks entfernt steht die erneuerte anglikanische St.-Georgs-Kirche: Die 1825 errichtete Kirche wurde einst von 1904 installierten Glocken mit Uhrwerk gel\u00e4utet. Sturm und Vernachl\u00e4ssigung haben ihre Mauern 2004 zerst\u00f6rt, doch nach zehnj\u00e4hrigem Wiederaufbau wurde ihr Kirchenschiff wiederhergestellt und ihre Buntglasfenster verst\u00e4rkt, um die Gl\u00e4ubigen wieder willkommen zu hei\u00dfen.<\/p>\n<p>Wer zu Fu\u00df nach Fort George hinaufsteigt, durchquert gewundene Gassen und kommt an H\u00e4usergruppen vorbei, die an steilen H\u00e4ngen lehnen und deren Terrassen mit Bougainvilleen bewachsen sind. Das Fort \u2013 dessen Steinbastionen 1705 errichtet wurden \u2013 wurde von der \u00f6rtlichen Polizei umfunktioniert. Ein Raum beherbergt eine Turnhalle, ein anderer eine N\u00e4hgemeinschaft. Die W\u00e4lle, obwohl von Zeit und Hurrikan gezeichnet, bieten einen atemberaubenden Panoramablick: Im Osten weitet sich die Carenage zur Karibik hin; im Westen h\u00fcllen sich H\u00fcgel in smaragdgr\u00fcne W\u00e4lder. Gegen eine geringe Geb\u00fchr von nur zwei Dollar erh\u00e4lt der Besucher Zutritt, und im Gegenzug scheint sich die Stille der Jahrhunderte \u00fcber die Zinnen zu legen.<\/p>\n<p>Kulturell sind die Rhythmen der Stadt eng mit dem Karneval verbunden, der jedes Jahr in der zweiten Augustwoche stattfindet. Was am Sonntagabend unter den Crescendos der Steelband beginnt, m\u00fcndet am Montag in den Festzug im Queen&#039;s Park, wo Kost\u00fcmbildner und Calypso-K\u00f6niginnen um Beifall wetteifern. Am Dienstag vibrieren die Stra\u00dfen von Trommeln und Melodien, w\u00e4hrend Steelband-Musiker in schlangenf\u00f6rmigen Paraden durch Gassen ziehen, die einst von franz\u00f6sischen und britischen Rotr\u00f6cken gleicherma\u00dfen beschritten wurden. Dieses Fest, das an das Ende der Sklaverei erinnert, ehrt die Vorfahren und bekr\u00e4ftigt zugleich eine kollektive Vitalit\u00e4t, die das t\u00e4gliche Leben pr\u00e4gt.<\/p>\n<p>Jenseits der Stadtgrenzen schl\u00e4ngeln sich versteckte Pfade durch den Regenwald. Die St. Margaret&#039;s Falls, benannt nach ihrem Verlauf an sieben Kaskaden, laden zu einer dreist\u00fcndigen Wanderung durch die gr\u00fcne Weite des Grand Etang ein \u2013 ein Eintauchen in Sonnenlicht, das durch die hoch aufragenden B\u00e4ume f\u00e4llt, wo Farne im Tau glitzern und die Stille nur vom Rauschen des Wassers auf den Felsen unterbrochen wird. Zur\u00fcck in der Stadt befindet sich das Grenada National Museum in einer ehemaligen franz\u00f6sischen Kaserne von 1704, die sp\u00e4ter als Gef\u00e4ngnis und Hotel diente. In seinen Galerien liegen Artefakte der Kariben und Arawak, Relikte von Zuckerverarbeitungsmaschinen, Ger\u00e4te des einst florierenden Walfangs \u2013 und, kurioserweise, ein Marmorbad, das einst f\u00fcr Jos\u00e9phine Bonaparte eingerichtet wurde.<\/p>\n<p>Ein moderner Besucher landet mit dem Flugzeug am Maurice Bishop International Airport, gelenkt von der Meeresbrise vor Point Saline. In der Hochsaison gibt es w\u00f6chentliche Verbindungen sogar bis nach Frankfurt, obwohl die meisten Reisenden \u00fcber Drehkreuze in Gro\u00dfbritannien oder den USA umsteigen. Vom zentralen Busbahnhof aus fahren im Erdgeschoss f\u00e4cherartig Minibusse ab, jeder mit seinem Ziel gekennzeichnet \u2013 einfache Codes, die Pendler nach Gouyave, Sauteurs oder zu den abgelegenen Buchten der Insel f\u00fchren. Das Kreuzfahrtterminal in Carenage und die angrenzende Esplanada Mall, die Mitte der 2000er Jahre er\u00f6ffnet wurden, signalisieren die zunehmende Integration der Stadt in den globalen Tourismus.<\/p>\n<p>Die Stadtplaner bleiben nicht unt\u00e4tig. Ein Bebauungsplan von Z\u00fcblin sieht einen zweiten Kreuzfahrtanleger und einen Fu\u00dfg\u00e4ngertunnel unter der Durchgangsstra\u00dfe des Sendall-Tunnels vor, der die Halbinsel am Fu\u00dfe von Fort George mit dem Krankenhausgel\u00e4nde verbindet. Die Stra\u00dfen am westlichen Rand des Carenage wurden verbreitert, um den Verkehr zu entlasten. Dennoch ist weiterhin Vorsicht geboten: Nicht gekennzeichnete Einbahnstra\u00dfen und unauff\u00e4llige Verkehrsinseln \u2013 manche nicht mehr als aufgemalte Poller \u2013 k\u00f6nnen unvorbereitete Autofahrer verwirren.<\/p>\n<p>Trotz Jahrhunderten des Wandels \u2013 Siedlerambitionen, Kolonialrivalit\u00e4ten, Naturkatastrophen und moderner Neuerfindung \u2013 bewahrt St. George\u2019s eine innere Koh\u00e4renz, das Gef\u00fchl, dass jede Terrasse, jede Bastion, jeder bl\u00fchende Frangipani-Baum Teil einer sich entfaltenden Geschichte ist. Die wenigen Steine \u200b\u200bund die vielen Gew\u00fcrze der Stadt zeugen von geologischen und menschlichen Kr\u00e4ften: Vulkanausbr\u00fcche, die die Kurve des Hafens formten; europ\u00e4ische Ingenieure, die versuchten, seine Gew\u00e4sser zu beherrschen; befreite V\u00f6lker, die unter Holzst\u00e4nden Calypso tanzten; und zeitgen\u00f6ssische W\u00e4chter, die die T\u00fcrme der Kathedralen rekonstruieren und Muskatnusshaine wieder anlegen.<\/p>\n<p>Kein anderer karibischer Hafen vereint so heitere Tiefe mit sp\u00fcrbarer Energie. Im Morgengrauen werfen Fischer vor pfirsichfarbenem Licht ihre Netze aus, die mit Regenbogenfischen zur\u00fcckkehren, die f\u00fcr die Marktst\u00e4nde im Queen&#039;s Park bestimmt sind. Die Nachmittagshitze legt sich wie ein Schal \u00fcber die Stadt, l\u00e4dt zu Siestas auf schattigen Veranden ein und treibt Touristen auf die Suche nach dem k\u00fchlen Kirchenschiff der Kathedrale. Die Nacht bricht herein und wird vom Schein der Laternen ges\u00e4umt, die die Melville Street s\u00e4umen, wo Kioske gew\u00fcrzten Rum und hymnenhafte Trinkspr\u00fcche auf Franz\u00f6sisch-Kreolisch anbieten. In jedem Moment verschmelzen der Widerhall der Geschichte und der Rhythmus des Alltags.<\/p>\n<p>Ein Blick auf St. George&#039;s bedeutet, eine Stadt zu erleben, die ihre Vergangenheit in Erinnerung und ihre Zukunft in jedem reparierten Dachziegel tr\u00e4gt. Hier duftet Vanille in den Gassen; dort erinnern die Ruinen von Fort George an eine Welt, die zugleich kriegerisch und prachtvoll ist. \u00dcber die D\u00e4cher hinweg stehen Satellitensch\u00fcsseln neben Lavasteinmauern \u2013 Symbole eines Ortes, der globale Str\u00f6mungen und lokale Br\u00e4uche gleicherma\u00dfen vereint. \u00dcber siebzehn Jahrzehnte hinweg hat diese K\u00fcste Kolonisten, Reisende, Sturmfl\u00fcchtlinge, Medizinstudenten und Frauen in Federkost\u00fcmen, die zu Steelpan-Rhythmen tanzen, willkommen gehei\u00dfen.<\/p>\n<p>So ist der erz\u00e4hlerische Puls von Grenadas Hauptstadt: ein Ort best\u00e4ndiger Kontraste, wo die vulkanische Wiege des Hafens in von Handel und Kultur gepflasterte Stra\u00dfen \u00fcbergeht. Hier, zwischen Kalksteinstra\u00dfen und florierenden Gew\u00fcrzm\u00e4rkten, wird das Wesen einer Insel \u2013 ihre in Korallengestein ge\u00e4tzte Geschichte und ihre von Muskatnuss duftende Zukunft \u2013 unausl\u00f6schlich sichtbar. In dieser Sichtbarkeit liegt sowohl ein Versprechen als auch eine stille Wahrheit: St. George&#039;s lebt wie ein offenes Buch, dessen jede Seite von Gezeiten, St\u00fcrmen, Triumphen und den H\u00e4nden derer umgebl\u00e4ttert wird, die diesen hufeisenf\u00f6rmigen Hafen ihre Heimat nennen.<\/p>","protected":false},"excerpt":{"rendered":"<p>St. George&#039;s ist die pulsierende Hauptstadt des karibischen Inselstaates Grenada. Eingebettet in einen alten Vulkankrater, liegt die Stadt ideal an einem hufeisenf\u00f6rmigen Hafen mit atemberaubenden Ausblicken und einer unverwechselbaren Topografie. St. George&#039;s ist ein gesch\u00e4ftiger Knotenpunkt von Sch\u00f6nheit und Nutzen, denn sein nat\u00fcrlicher Hafen bietet nicht nur atemberaubende Ausblicke, sondern ist auch ein wichtiger Standort f\u00fcr die Schifffahrt.<\/p>","protected":false},"author":1,"featured_media":3103,"parent":9051,"menu_order":0,"comment_status":"closed","ping_status":"closed","template":"elementor_theme","meta":{"_eb_attr":"","footnotes":""},"class_list":["post-9063","page","type-page","status-publish","has-post-thumbnail"],"_links":{"self":[{"href":"https:\/\/travelshelper.com\/de\/wp-json\/wp\/v2\/pages\/9063","targetHints":{"allow":["GET"]}}],"collection":[{"href":"https:\/\/travelshelper.com\/de\/wp-json\/wp\/v2\/pages"}],"about":[{"href":"https:\/\/travelshelper.com\/de\/wp-json\/wp\/v2\/types\/page"}],"author":[{"embeddable":true,"href":"https:\/\/travelshelper.com\/de\/wp-json\/wp\/v2\/users\/1"}],"replies":[{"embeddable":true,"href":"https:\/\/travelshelper.com\/de\/wp-json\/wp\/v2\/comments?post=9063"}],"version-history":[{"count":0,"href":"https:\/\/travelshelper.com\/de\/wp-json\/wp\/v2\/pages\/9063\/revisions"}],"up":[{"embeddable":true,"href":"https:\/\/travelshelper.com\/de\/wp-json\/wp\/v2\/pages\/9051"}],"wp:featuredmedia":[{"embeddable":true,"href":"https:\/\/travelshelper.com\/de\/wp-json\/wp\/v2\/media\/3103"}],"wp:attachment":[{"href":"https:\/\/travelshelper.com\/de\/wp-json\/wp\/v2\/media?parent=9063"}],"curies":[{"name":"wp","href":"https:\/\/api.w.org\/{rel}","templated":true}]}}