{"id":9021,"date":"2024-09-06T21:55:50","date_gmt":"2024-09-06T21:55:50","guid":{"rendered":"https:\/\/travelshelper.com\/staging\/?page_id=9021"},"modified":"2026-03-13T16:27:58","modified_gmt":"2026-03-13T16:27:58","slug":"guatemala","status":"publish","type":"page","link":"https:\/\/travelshelper.com\/de\/destinations\/north-america\/guatemala\/","title":{"rendered":"Guatemala"},"content":{"rendered":"<p>Guatemala, Heimat von rund 17,6 Millionen Menschen, erstreckt sich \u00fcber eine Landbr\u00fccke in Mittelamerika \u2013 flankiert von Mexiko im Norden und Westen, Belize im Nordosten, Honduras und El Salvador im Osten, mit dem Pazifischen Ozean im S\u00fcden und dem Golf von Honduras im Nordosten. Diese Republik, deren Landschaft zwischen vulkanischem Hochland, fruchtbaren Pazifikebenen und den smaragdgr\u00fcnen Dschungeln des Pet\u00e9n wechselt, ist zugleich eine alte Wiege der Zivilisation und Schauplatz turbulenter moderner Dramen. Ihre Geschichte, in Stein und Erde gegraben, webt ein einzigartiges Gewebe aus Naturwundern und menschlicher Entschlossenheit.<\/p>\n<p>Von dem Moment an, als die ersten Maya-Stadtstaaten aus dem Pet\u00e9n-Tiefland bis zu den hoch aufragenden Pyramiden von Tikal entstanden, diente die Region des heutigen Guatemala als Drehscheibe mesoamerikanischen Erfindungsreichtums. Jahrhunderte bevor Kolumbus den Atlantik \u00fcberquerte, transportierten ausgedehnte Handelswege Kakao und Obsidian, w\u00e4hrend Priester die Bewegungen der Venus und den Rhythmus des Maises kartierten. Die Ankunft der spanischen Konquistadoren im fr\u00fchen 16. Jahrhundert markierte einen Bruch, als Hern\u00e1n Cort\u00e9s&#039; Leutnants und sp\u00e4ter Pedro de Alvarado eine Stadt nach der anderen unterwarfen und das Maya-Gebiet dem Vizek\u00f6nigreich Neuspanien einverleibten. Doch die Maya verschwanden nicht: Ihre Sprachen leben in Tausenden von D\u00f6rfern weiter, ihre Geister bewohnen heilige Cenoten, und ihre Steintempel ragen noch immer aus dem Bl\u00e4tterdach des Dschungels.<\/p>\n<p>Die Unabh\u00e4ngigkeit wurde im September 1821 erlangt, zun\u00e4chst geteilt mit Mexiko, dann von 1823 an innerhalb der F\u00f6derativen Republik Mittelamerika, bis diese fragile Konf\u00f6deration 1841 zerfiel. Der Rest des 19. Jahrhunderts erwies sich als nicht weniger unruhig. Machthaber und Caudillos \u00fcbernahmen in rascher Folge die Kontrolle, oft unterst\u00fctzt von ausl\u00e4ndischen Interessen, die scharf auf Kaffee- und Bananenkonzessionen waren. Das 20. Jahrhundert begann mit einer Reihe von starken M\u00e4nnern, die allesamt den geopolitischen Pl\u00e4nen Washingtons und den kommerziellen Erfordernissen von United Fruit und dessen Nachfolgern verpflichtet waren. Als General Jorge Ubico 1944 von einer Koalition aus Milit\u00e4rs und Zivilisten entmachtet wurde, begann ein kurzes Jahrzehnt der Reformen: Umverteilung landwirtschaftlicher Fl\u00e4chen, Arbeitnehmerschutz und ein im Entstehen begriffenes soziales Sicherheitsnetz versprachen ein inklusiveres Gemeinwesen. Doch der Putsch von 1954 \u2013 eingef\u00e4delt von US-Agenten und konservativen Landbesitzern \u2013 st\u00fcrzte die Zivilregierung und stellte die Herrschaft der Oligarchen wieder her.<\/p>\n<p>Es folgte ein B\u00fcrgerkrieg von erschreckender Brutalit\u00e4t, der von 1960 bis zu einem Friedensabkommen von 1996 andauerte, das eine br\u00fcchige Ruhe brachte. Regierungstruppen, oft geleitet von den Doktrinen ausl\u00e4ndischer Milit\u00e4rberater zur Aufstandsbek\u00e4mpfung, verfolgten in den D\u00f6rfern des Maya-Hochlandes eine Politik der verbrannten Erde und forderten Zehntausende Tote oder Verschwundene. Der heutige Frieden steht auf br\u00fcchigen Fundamenten: Das Wirtschaftswachstum hat wieder eingesetzt, und aufeinanderfolgende Wahlen zeugen von demokratischen Bestrebungen, doch argloses Vertrauen in die Institutionen ist nach wie vor Mangelware. Mehr als die H\u00e4lfte der Bev\u00f6lkerung leidet unter endemischer Armut; fast ein Viertel leidet unter chronischem Hunger; illegale Netzwerke schmuggeln Drogen, sch\u00fcren Gewalt und untergraben das \u00f6ffentliche Vertrauen.<\/p>\n<p>Vor diesem schwierigen Hintergrund gedeihen Guatemalas \u00d6kosysteme. Von den Nebelw\u00e4ldern des westlichen Hochlandes, wo der Quetzal zwischen bromelienbewachsenen \u00c4sten umherhuscht, bis zu den saisonal \u00fcberfluteten Savannen des Pet\u00e9n, reich an Jaguaren und Tapiren, beherbergt die Republik einen der wichtigsten Biodiversit\u00e4ts-Hotspots Mesoamerikas. Fl\u00fcsse schl\u00e4ngeln sich kurz Richtung Pazifik, schwellen aber im Karibischen Becken zu tosenden Arterien an \u2013 darunter der Motagua, der Polochic und der Usumacinta, der die Grenze zu Chiapas bildet. Der Izabalsee, gespeist vom Rio Dulce, schimmert wie ein Spiegel, ges\u00e4umt von Regenwald; sein S\u00fc\u00dfwasser ern\u00e4hrt Seek\u00fche und Kaimane, w\u00e4hrend an seinen Ufern Kolonialfestungen und Fischerd\u00f6rfer liegen.<\/p>\n<p>Das st\u00e4dtische Leben konzentriert sich im Hochland, wo sich Guatemala-Stadt \u00fcber ein Bergtal erstreckt und das Nationalarchiv, die Nationalbibliothek und das Museum f\u00fcr Arch\u00e4ologie und Ethnologie beherbergt, eine Fundgrube an Jademasken und Keramikfiguren, die von k\u00f6niglichen Dynastien erz\u00e4hlen. Gleich hinter der Hauptstadt liegt Antigua Guatemala, ein Juwel aus dem 18. Jahrhundert mit vergitterten Balkonen und verfallenen Barockkirchen \u2013 ein Freilichtmuseum voller Erdbebennarben und Vulkanasche. Weiter westlich lockt der Atitl\u00e1n-See \u2013 umgeben von Maya-D\u00f6rfern und Vulkanen \u2013 Reisende an, die in Holzbooten \u00fcber das ruhige Wasser treiben und in jedem geschnitzten T\u00fcrsturz Spuren alter Riten entdecken.<\/p>\n<p>Kulinarische Br\u00e4uche gehen wie die Kultur selbst auf die Maya-Anf\u00e4nge zur\u00fcck. Mais ist nach wie vor die wichtigste Speise \u2013 verarbeitet zu Tortillas und Tamales, fermentiert zu Atoles und gepresst zu heiligem Teig f\u00fcr das Fiambre an Allerheiligen. Chilis beleben tomatenbasierten Kak&#039;ik mit Truthahn; schwarze Bohnen k\u00f6cheln neben der Cocido-M\u00e9lange aus Wurzelgem\u00fcse und Fleisch. Im Morgengrauen verkaufen Stra\u00dfenst\u00e4nde in Antigua Chuchitos \u2013 kleine Tamales in Tomatensalsa \u2013 oder s\u00fc\u00dfe Kartoffelp\u00fcree-H\u00e4ppchen, die bis zum Vormittag verflogen sind. Im Dezember erf\u00fcllen sich die Haushalte mit dem Duft von Ponche \u2013 ged\u00fcnsteten Fr\u00fcchten in Gew\u00fcrzfl\u00fcssigkeit \u2013 und der M\u00fche der Tamaladoras, die Berge von in Bananenbl\u00e4tter gewickeltem Masa zubereiten.<\/p>\n<p>Die sechs Regionen der Republik sind so kontrastreich, dass eine einzige Reise klimatische Extreme durchqueren kann. Im zentralen Hochland ragen Vulkane \u00fcber 3.000 Meter hoch auf, bedeckt von windverwehten Wolken und k\u00fchlt der n\u00e4chtliche Frost. Das westliche Hochland, \u00fcbers\u00e4t mit Maya-D\u00f6rfern, bietet Ausblicke auf Terrassenfelder und Fu\u00dfwege, die sich zu verborgenen Schreinen schl\u00e4ngeln. Ostguatemala, das die Trockenheit genie\u00dft, beherbergt Ranches und hispanische St\u00e4dte, in denen Kuhh\u00e4ute in der Mittagshitze flattern. Entlang der Karibikk\u00fcste \u00f6ffnen sich Mangrovenm\u00fcndungen und Palmenstr\u00e4nde zum mesoamerikanischen Barriereriff; weiter im Landesinneren beherbergt der Regenwald von Pet\u00e9n die Stelen und Pl\u00e4tze von El Mirador und Nak\u00fam, Monumente vorklassischen Ruhms. Das pazifische Tiefland, ein sanfter Hang der Sierra Madre, offenbart schwarze Sandstr\u00e4nde bei Monterrico \u2013 wo Meeresschildkr\u00f6ten in Scharen im Mondlicht zum Nisten ankommen.<\/p>\n<p>Unter den unz\u00e4hligen arch\u00e4ologischen St\u00e4tten ist Tikal die un\u00fcbertroffene Stadt: Die Stadt beherbergte einst Zehntausende von Menschen, und in ihrem Stausee der Verlorenen Welt spiegeln sich die Zwillingsgipfel des Tempels I und der Zentralen Akropolis wider. In ruhigerer Gesellschaft liegen Iximch\u00e9 \u2013 einst die Hauptstadt der Kaqchikel und von Antigua oder Guatemala-Stadt aus als Tagesausflug erreichbar \u2013 und Aguateca, wo br\u00f6ckelnde W\u00e4lle \u00fcber arch\u00e4ologische Gr\u00e4ben wachen, in denen noch immer Tonscherben und Obsidianklingen gefunden werden. Der weniger ausgetretene Pfad zum El Mirador erfordert wochenlanges Marschieren durch unber\u00fchrten Wald, belohnt die Unerschrockenen jedoch mit der Gro\u00dfen Pyramide von La Danta \u2013 einem der volumenm\u00e4\u00dfig gr\u00f6\u00dften Bauwerke der Menschheit.<\/p>\n<p>Die Natur bietet ihre eigenen Kathedralen aus Stein und Wasser. Semuc Champey in Alta Verapaz ist ein wahrer Augenschmaus: eine Kaskade aus Jadebecken auf einer Kalksteinbr\u00fccke, geformt von einem Fluss, der unterirdisch versinkt und in wechselnden T\u00fcrkist\u00f6nen wiederkehrt. Ganz in der N\u00e4he erstreckt sich Lanqu\u00edn um die h\u00f6hlenartigen M\u00fcndungen von Kalksteingrotten, in denen das Tropfen von Stalaktiten widerhallt. Am Rio Dulce, einem gewundenen Wasserweg zwischen Belize und Honduras, legen Reisende einen Zwischenstopp auf der Finca Para\u00edso ein \u2013 mit hei\u00dfen Quellen, die wie ein abgeschiedenes Spa sprudeln \u2013, bevor sie das Castillo San Felipe de Lara besichtigen, eine Festung aus dem 17. Jahrhundert, deren ockerfarbene Mauern im See gl\u00e4nzen.<\/p>\n<p>F\u00fcr alle, die sich von vulkanischen Dramen angezogen f\u00fchlen, ist der Volc\u00e1n de Pacaya ein Initiationsritus. Von Antigua aus erreichbar, f\u00fchrt der Gipfelmarsch \u00fcber zwei Stunden schwei\u00dftreibenden Anstiegs \u2013 zwei Routen zweigen von den nahegelegenen Orten El Cedro und San Francisco ab und unterscheiden sich haupts\u00e4chlich in der Steigung. Parkranger und Soldaten patrouillieren auf den Wegen, w\u00e4hrend einheimische, vom Nationalpark lizenzierte F\u00fchrer durch dampfende Spalten navigieren. An Tagen, an denen es die Aktivit\u00e4t erlaubte, r\u00f6steten Besucher einst Marshmallows \u00fcber geschmolzenen Quellen; heute begn\u00fcgen sie sich mit dem Gl\u00fchen des gl\u00fchenden Gesteins, eingeh\u00fcllt in Jacken, um den kalten Wind des Gipfels abzuhalten.<\/p>\n<p>Obwohl der Tourismus das Wirtschaftswachstum ankurbelt \u2013 er brachte 2008 rund 1,8 Milliarden US-Dollar in die Wirtschaft und zog j\u00e4hrlich rund zwei Millionen Besucher an \u2013, k\u00e4mpft Guatemala mit krassen Ungleichheiten. Das Pro-Kopf-BIP (Kaufkraftparit\u00e4t) liegt bei fast 10.998 US-Dollar, doch \u00fcber die H\u00e4lfte aller Haushalte lebt unterhalb der Armutsgrenze, und die formelle Arbeitslosigkeit liegt bei etwa drei Prozent. Kriminalit\u00e4t und Korruption untergraben den Rechtsstaat; l\u00e4ndliche Familien sind trotz fruchtbarer B\u00f6den von Ern\u00e4hrungsunsicherheit betroffen, belastet durch historische Landverteilungsmuster.<\/p>\n<p>Die Museen der Hauptstadt zeugen jedoch von einer kulturellen Erneuerung. Das Ixchel Museum f\u00fcr indigene Textilien und Kleidung zeigt Huipiles, die mit traditionellen Mustern gewebt sind. Das Museo Popol Vuh pr\u00e4sentiert Jade-Grabmasken, Stuckreliefs und die Kodizes in dreidimensionalen Dioramen. In kleineren St\u00e4dten \u2013 eine oder mehrere in jeder der 329 Gemeinden \u2013 betreuen Kuratoren Ausstellungen einheimischer Flora, kirchlicher Kunst und Werkzeuge des t\u00e4glichen Lebens und bewahren so Geschichten, die sonst in Vergessenheit geraten k\u00f6nnten.<\/p>\n<p>Inmitten dieser Hinterlassenschaften offenbart Guatemala seine wahre St\u00e4rke: Widerstandsf\u00e4higkeit. Der Maya-Kalender, eingemei\u00dfelt in d\u00e4mmerungserleuchtete Heiligt\u00fcmer, erinnert Besucher daran, dass auf kriegerische Zeiten Bl\u00fctezeit folgt. \u00dcber \u00fcberflutete Savannen und Vulkane, zwischen Kolonialfassaden und Dorfpl\u00e4tzen, wo Mais- und Kaffeem\u00e4rkte pulsieren, bleibt die Republik ein Ort der Erinnerung. Ihre Stra\u00dfen zu bereisen bedeutet, Epochen zu durchschreiten: die Stille des Dschungels, den Klang der Ch\u00f6re in bemalten Kapellen, das Grollen tektonischer Platten unter den F\u00fc\u00dfen. Es bedeutet, an der Schnittstelle von alter Prophezeiung und modernem Streben zu stehen, wo Stein \u2013 bis ins letzte Obsidianst\u00fcck \u2013 von einem einzigartigen Kapitel der Menschheitsgeschichte zeugt.<\/p>","protected":false},"excerpt":{"rendered":"<p>Guatemala ist mit einer gesch\u00e4tzten Bev\u00f6lkerung von rund 17,6 Millionen Menschen das bev\u00f6lkerungsreichste Land Mittelamerikas. Offiziell als Republik Guatemala bekannt, grenzt es im Osten an Honduras, im Norden und Westen an Mexiko, im Nordosten an Belize und im S\u00fcdosten an El Salvador. Hydrologisch gesehen grenzt es im Nordosten an den Golf von Honduras und im S\u00fcden an den Pazifischen Ozean.<\/p>","protected":false},"author":1,"featured_media":4397,"parent":24084,"menu_order":0,"comment_status":"closed","ping_status":"closed","template":"elementor_theme","meta":{"_eb_attr":"","footnotes":""},"class_list":["post-9021","page","type-page","status-publish","has-post-thumbnail"],"_links":{"self":[{"href":"https:\/\/travelshelper.com\/de\/wp-json\/wp\/v2\/pages\/9021","targetHints":{"allow":["GET"]}}],"collection":[{"href":"https:\/\/travelshelper.com\/de\/wp-json\/wp\/v2\/pages"}],"about":[{"href":"https:\/\/travelshelper.com\/de\/wp-json\/wp\/v2\/types\/page"}],"author":[{"embeddable":true,"href":"https:\/\/travelshelper.com\/de\/wp-json\/wp\/v2\/users\/1"}],"replies":[{"embeddable":true,"href":"https:\/\/travelshelper.com\/de\/wp-json\/wp\/v2\/comments?post=9021"}],"version-history":[{"count":0,"href":"https:\/\/travelshelper.com\/de\/wp-json\/wp\/v2\/pages\/9021\/revisions"}],"up":[{"embeddable":true,"href":"https:\/\/travelshelper.com\/de\/wp-json\/wp\/v2\/pages\/24084"}],"wp:featuredmedia":[{"embeddable":true,"href":"https:\/\/travelshelper.com\/de\/wp-json\/wp\/v2\/media\/4397"}],"wp:attachment":[{"href":"https:\/\/travelshelper.com\/de\/wp-json\/wp\/v2\/media?parent=9021"}],"curies":[{"name":"wp","href":"https:\/\/api.w.org\/{rel}","templated":true}]}}