{"id":9003,"date":"2024-09-06T21:27:36","date_gmt":"2024-09-06T21:27:36","guid":{"rendered":"https:\/\/travelshelper.com\/staging\/?page_id=9003"},"modified":"2026-03-13T17:25:59","modified_gmt":"2026-03-13T17:25:59","slug":"trinidad-und-tobago","status":"publish","type":"page","link":"https:\/\/travelshelper.com\/de\/destinations\/north-america\/trinidad-and-tobago\/","title":{"rendered":"Trinidad und Tobago"},"content":{"rendered":"<p>Trinidad und Tobago ist die s\u00fcdlichste Republik der Karibik, ein Archipelstaat mit zwei Hauptinseln \u2013 Trinidad mit 4.768 km\u00b2 und Tobago mit 300 km\u00b2 \u2013, die durch einen 37 Kilometer langen Kanal in klarem tropischen Wasser verbunden sind. Auf einer Fl\u00e4che von 5.128 km\u00b2 leben rund 1,5 Millionen Menschen, und \u00fcber 335.000 Menschen leben im Ausland. Trinidad und Tobago liegt nur 11 Kilometer nord\u00f6stlich von Venezuela und 130 Kilometer s\u00fcdlich von Grenada. Port of Spain, das administrative Zentrum, bildet den Kontrast zu Chaguanas, der bev\u00f6lkerungsreichsten Gemeinde des Landes inmitten des fruchtbaren Ost-West-Korridors. Diese Republik ist gleicherma\u00dfen gesch\u00e4ftig und kulturell und verbindet Geologie, Geschichte, Wirtschaft und Feste zu einem einzigartigen Mosaik f\u00fcr ihre Lage in der s\u00fcdlichen Hemisph\u00e4re.<\/p>\n<p>Die Landschaftsformen entspringen dem Kontinentalschelf S\u00fcdamerikas, einer Ausdehnung, deren tektonische Abstammung zwei Gebirgsreiche und Tieflandfl\u00e4chen geformt hat. Auf Trinidad folgt die Northern Range in einem zerkl\u00fcfteten Bogen der K\u00fcste, ihr h\u00f6chster Gipfel \u2013 El Cerro del Aripo \u2013 erreicht 940 Meter \u00fcber dem Meeresspiegel; der nahe El Tucuche erreicht 936 Meter. Unter diesem R\u00fcckgrat liegen Schwemmlandt\u00e4ler, die \u00fcber Jahrtausende von Sedimenten fruchtbar gemacht wurden, w\u00e4hrend die Central und Southern Ranges, obwohl von bescheidener H\u00f6he, den Lauf von Fl\u00fcssen beeinflussen, die Stauseen wie Hollis, Navet und Caroni speisen. Tobagos Topographie hingegen teilt sich in eine s\u00fcdwestliche Ebene und ein \u00f6stliches Hochland, dessen h\u00f6chster Punkt, der Pigeon Peak, 550 Meter erreicht. Korallenriffe s\u00e4umen die K\u00fcsten und bieten eine Unterwasserwelt, die die dramatischen Gipfel im Landesinneren erg\u00e4nzt.<\/p>\n<p>Das \u00e4quatoriale, aber durch Passatwinde gemilderte Klima zeichnet sich durch eine von zwei Jahreszeiten gepr\u00e4gte Hitze im Tiefland aus: eine Trockenphase von Januar bis Mai und eine anschlie\u00dfende Regenperiode. Nordostwinde mildern die Luftfeuchtigkeit an der K\u00fcste, w\u00e4hrend Nebel und Wolken die Northern Range in nahezu konstante Feuchtigkeit h\u00fcllen und so das Wachstum des Regenwaldes f\u00f6rdern, der deutlich k\u00fchler ist als die Ebenen. Hurrikane dringen selten so weit in den S\u00fcden vor, obwohl Tobago an die Spuren des Hurrikans Flora vom 30. September 1963 erinnert \u2013 eine Seltenheit in der meteorologischen Geschichte des Landes. Rekordtemperaturen in Port of Spain erreichen 39 \u00b0C und k\u00f6nnen in h\u00f6heren Lagen auf bis zu 12 \u00b0C fallen. Dies unterstreicht eine klimatische Amplitude, die eher von der H\u00f6he als allein vom Breitengrad bestimmt wird.<\/p>\n<p>Die Geschichte der Menschheitsgeschichte der Inseln l\u00e4sst die Besiedlung durch Ureinwohner lange vor Kolumbus&#039; Begegnung im Jahr 1498 erahnen. Nach der spanischen Herrschaft kam Trinidad 1797 unter britische Herrschaft, wurde 1802 formell abgetreten und 1889 mit Tobago vereinigt; 1962 erlangte es den Status der Souver\u00e4nit\u00e4t, 1976 folgte die Republik. Diese verschiedenen Regierungs- und Migrationsprozesse haben eine Gesellschaft hervorgebracht, in der afrikanische, indische, europ\u00e4ische, chinesische, indianische und arabische Kulturen zusammentreffen. Kreolisch bl\u00fcht neben ostindischen Traditionen; synkretistische Rhythmen durchdringen den Alltag.<\/p>\n<p>\u00d6l und Gas bilden die wichtigste Industrieader des Landes und unterscheiden es von anderen karibischen L\u00e4ndern, die oft vom Tourismus abh\u00e4ngig sind. Reiche Kohlenwasserstoffreserven sichern das Pro-Kopf-BIP, das Tobago in die globale Hocheinkommensklasse einordnet. Dieser Status wurde gefestigt, als die OECD Tobago 2011 aus der Kategorie der Entwicklungsl\u00e4nder herausstufte. Die verarbeitende Industrie \u2013 Lebensmittel, Getr\u00e4nke, Zement \u2013 \u200b\u200bbedient regionale M\u00e4rkte, w\u00e4hrend die Landwirtschaft Kakao und Zitrusfr\u00fcchte produziert. Der Tourismus, obwohl er nicht die wirtschaftliche S\u00e4ule ist, die er andernorts darstellt, gewinnt zunehmend an Bedeutung, insbesondere an Tobagos K\u00fcste.<\/p>\n<p>Der Karneval, ein Symbol nationaler Identit\u00e4t, ist ein Beispiel f\u00fcr diese kulturelle Verschmelzung. Jedes Jahr im Februar oder M\u00e4rz erleuchten Stra\u00dfenumz\u00fcge Port of Spain. Kost\u00fcmierte Feiernde preisen die Pioniere des Calypso und Soca; Steelpan-Orchester spielen Melodien afrikanischer Erfindungsgabe; Limbo-T\u00e4nzer bringen die Ungehorsamkeit der Schwerkraft zum Ausdruck. Hosay-Gedenkfeiern und Diwali-Lichtzeremonien pr\u00e4gen die religi\u00f6sen Kalender, w\u00e4hrend Chutney und Parang als hybride musikalische Dialekte erklingen. Sowohl der Indian Arrival Day als auch der Emancipation Day haben als nationale Feiertage einen einzigartigen Status und w\u00fcrdigen Schuldknechtschaft und Emanzipation \u2013 die ersten offiziellen Anerkennungen dieser Art weltweit.<\/p>\n<p>Verkehrsnetze spiegeln die Dualit\u00e4t von modernem Bedarf und nat\u00fcrlichen Zw\u00e4ngen wider. Autobahnen \u2013 Uriah Butler, Churchill-Roosevelt und Sir Solomon Hochoy \u2013 durchziehen Trinidads bev\u00f6lkerungsreichen Korridor, w\u00e4hrend Tobago f\u00fcr die Inlandsanbindung auf den Claude Noel Highway angewiesen ist. \u00d6ffentliche Busse, private Taxis und Minibusse befahren diese Verkehrsadern. F\u00e4hren und Wassertaxis verbinden Port of Spain mit Scarborough und San Fernando; die Luft wird weiterhin vom internationalen Flughafen Piarco und dem internationalen Flughafen ANR Robinson durchzogen. Piarco, 1931 er\u00f6ffnet und \u00fcber Jahrzehnte hinweg saniert, erhielt 2023 die Auszeichnung \u201eBester Flughafen der Karibik\u201c von Skytrax. 2008 bef\u00f6rderte er rund 2,6 Millionen Passagiere und diente als Drehkreuz von Caribbean Airlines.<\/p>\n<p>Die K\u00fcstenr\u00e4nder der Republik bieten ein Panorama von Str\u00e4nden mit deutlich unterschiedlichem Charakter. Trinidads Nordk\u00fcste bietet feinen Sand und kristallklare Brandung in Maracas und Las Cuevas; Mayaros \u00f6stlicher Zugang bietet gr\u00f6\u00dfere Fl\u00e4chen mit muschelf\u00f6rmigem Sand. Die Gew\u00e4sser Quinams tragen den sediment\u00e4ren Abdruck des Orinoco und verleihen ihnen einen w\u00e4rmeren Farbton. Im Gegensatz dazu sind Pigeon Point und Englishman&#039;s Bay auf Tobago Paradebeispiele karibischer Idylle \u2013 wei\u00dfer Sand, umsp\u00fclt von ruhigen Lagunen, Koralleng\u00e4rten in greifbarer N\u00e4he.<\/p>\n<p>Sumpf\u00f6kosysteme bereichern Trinidads \u00f6kologisches Portfolio zus\u00e4tzlich. Der Caroni-Sumpf, ein Mangrovenschutzgebiet, beherbergt in der Abendd\u00e4mmerung Scharlachsichlerschw\u00e4rme, deren Flugbahn zinnoberrote Streifen vor dem gl\u00fchenden Himmel zeichnet. Im Osten des Nariva-Gebiets gibt es S\u00fc\u00dfwassers\u00fcmpfe, in denen Kaimane und Wasserv\u00f6gel gedeihen. Diese Feuchtgebiete, die f\u00fcr die Fischerei und den Hochwasserschutz unerl\u00e4sslich sind, veranschaulichen das Zusammenspiel von Land, Wasser und Wildtieren, von dem die lokale Lebensgrundlage abh\u00e4ngt.<\/p>\n<p>Das Stadtleben konzentriert sich auf die gr\u00fcnen Boulevards und Kolonialbauten von Port of Spain, doch nicht weniger belebt sind die M\u00e4rkte von Chaguanas und die Uferpromenaden von San Fernando. Das Nachtleben konzentriert sich auf Gegenden wie die Ariapita Avenue in Port of Spain, wo Steelpan-Kl\u00e4nge aus den Freiluftkiosken schallen. In den Clubs von Chaguaramas pulsiert bis zum Morgengrauen das Leben, doch Vorsicht vor unvorsichtigen Besuchern ist geboten. Der Kulturkalender der Republik umfasst hinduistische Feste von Phagwah bis Ganesh Utsav, christliche Feierlichkeiten von der Fastenzeit bis Fronleichnam, muslimische Feste wie Eid al-Fitr und Hosay sowie Gedenkfeiern zum afrikanischen und indigenen Erbe.<\/p>\n<p>Bildungs- und Gesundheitsindizes spiegeln staatliche Investitionen parallel zum wirtschaftlichen Wohlstand wider. Die Alphabetisierungsraten liegen nahezu auf universellem Niveau; Grund- und weiterf\u00fchrende Schulen sind in allen Regionen vertreten, und die Hochschulbildung zieht sowohl einheimische als auch karibische Studierende an. Das \u00f6ffentliche Gesundheitswesen, das \u00fcber ein Netzwerk von Krankenh\u00e4usern und Kliniken bereitgestellt wird, umfasst Impfprogramme, Mutterschaftsf\u00fcrsorge und die \u00dcberwachung tropischer Krankheiten.<\/p>\n<p>Innerhalb der regionalen Geopolitik der Karibischen Gemeinschaft \u00fcbt Trinidad und Tobago als Energielieferant, diplomatischer Gespr\u00e4chspartner und kultureller Leuchtturm \u00fcberproportionalen Einfluss aus. Sein \u00d6l und Fl\u00fcssigerdgas unterst\u00fctzen kleinere Nachbarl\u00e4nder, w\u00e4hrend sein Karneval Touristen und K\u00fcnstler aus aller Welt anzieht. Diasporagemeinschaften in Nordamerika und Europa pflegen transnationale Bindungen, senden Geld\u00fcberweisungen und bewahren kulinarische und musikalische Traditionen im Ausland.<\/p>\n<p>Die Zukunftsaussichten der Republik h\u00e4ngen von Diversifizierungsbem\u00fchungen ab \u2013 Pilotprojekte f\u00fcr erneuerbare Energien, \u00d6kotourismus-Initiativen in gesch\u00fctzten W\u00e4ldern und Kulturtourismus-Tourismus-Programme, die indianische St\u00e4tten und Kolonialarchitektur miteinander verbinden. Die Regierung plant den Bau von Stadtbahnkorridoren in Trinidad, doch solche Projekte bleiben ambitioniert. Tobago versucht, den Schutz seiner Riffe mit einer nachhaltigen K\u00fcstenentwicklung in Einklang zu bringen. Diese Initiativen, die aus langfristigen staatlichen und privaten Partnerschaften hervorgehen, spiegeln einen Inselstaat wider, der sich seines \u00f6kologischen Reichtums bewusst ist und zugleich entschlossen ist, seine wirtschaftliche Basis zu erweitern.<\/p>\n<p>Obwohl Trinidad und Tobago vom Erd\u00f6lreichtum gepr\u00e4gt ist, offenbart sich sein wahrer Reichtum in seinem gesellschaftlichen Schmelztiegel \u2013 wo Trommeln und Sitars miteinander sprechen, Stahl von kolonialem Mauerwerk widerhallt, Mangroven das Flusswasser filtern und Menschen Geschichte in Erinnerung und Melodie tragen. Hier ist das Wesen der Nation erhalten: ein Reich, in dem Geographie, Kultur und Unternehmertum am s\u00fcdlichen Rand der Karibik zusammentreffen und eine Widerstandsf\u00e4higkeit und Kreativit\u00e4t offenbaren, die keine Karte allein vermitteln kann.<\/p>\n<p>Zusammenfassend l\u00e4sst sich sagen, dass die Republik Trinidad und Tobago eine einzigartige Mischung aus geologischer Kontinuit\u00e4t mit S\u00fcdamerika, einer florierenden, auf Kohlenwasserstoffen basierenden Wirtschaft und einer kulturellen Vitalit\u00e4t verk\u00f6rpert, die in afrikanischem, indischem und indigenem Erbe verwurzelt ist. Ihre Zwillingsinseln, vereint und doch unterschiedlich, erstrecken sich von Bergr\u00fccken bis zu Korallenriffen, von urbanem Treiben bis zur Stille der Mangroven. Durch Jahrhunderte der Kolonialisierung und Autonomie haben ihre Menschen eine Gesellschaft geformt, die sich durch Feste, Musik und Gemeinschaftsgeist auszeichnet. Dieser Doppelinselstaat steht somit an einem Scheideweg von Tradition und Wandel \u2013 seine Zukunft so vielf\u00e4ltig wie seine Landschaften, sein Herz so standhaft wie seine windgepeitschten K\u00fcsten.<\/p>","protected":false},"excerpt":{"rendered":"<p>Trinidad und Tobago, offiziell Republik Trinidad und Tobago, ist das s\u00fcdlichste Land der Karibik. Diese dynamische Nation besteht aus den Hauptinseln Trinidad und Tobagos sowie zahlreichen kleineren Inseln. Ihre vorteilhafte Lage liegt nur 130 Kilometer s\u00fcdlich von Grenada und 11 Kilometer vor der Nordostk\u00fcste Venezuelas. Grenada im Nordwesten, Barbados im Osten sowie Venezuela im S\u00fcden und Westen grenzen an das Land. Die meisten Menschen sind sich einig, dass Trinidad und Tobago zu den Westindischen Inseln geh\u00f6rt, einem Gebiet, das f\u00fcr sein reiches kulturelles Erbe und seine historische Bedeutung bekannt ist. Die Hauptstadt ist Port of Spain; Chaguanas ist die gr\u00f6\u00dfte und bev\u00f6lkerungsreichste Gemeinde.<\/p>","protected":false},"author":1,"featured_media":4419,"parent":24084,"menu_order":0,"comment_status":"closed","ping_status":"closed","template":"elementor_theme","meta":{"_eb_attr":"","footnotes":""},"class_list":["post-9003","page","type-page","status-publish","has-post-thumbnail"],"_links":{"self":[{"href":"https:\/\/travelshelper.com\/de\/wp-json\/wp\/v2\/pages\/9003","targetHints":{"allow":["GET"]}}],"collection":[{"href":"https:\/\/travelshelper.com\/de\/wp-json\/wp\/v2\/pages"}],"about":[{"href":"https:\/\/travelshelper.com\/de\/wp-json\/wp\/v2\/types\/page"}],"author":[{"embeddable":true,"href":"https:\/\/travelshelper.com\/de\/wp-json\/wp\/v2\/users\/1"}],"replies":[{"embeddable":true,"href":"https:\/\/travelshelper.com\/de\/wp-json\/wp\/v2\/comments?post=9003"}],"version-history":[{"count":0,"href":"https:\/\/travelshelper.com\/de\/wp-json\/wp\/v2\/pages\/9003\/revisions"}],"up":[{"embeddable":true,"href":"https:\/\/travelshelper.com\/de\/wp-json\/wp\/v2\/pages\/24084"}],"wp:featuredmedia":[{"embeddable":true,"href":"https:\/\/travelshelper.com\/de\/wp-json\/wp\/v2\/media\/4419"}],"wp:attachment":[{"href":"https:\/\/travelshelper.com\/de\/wp-json\/wp\/v2\/media?parent=9003"}],"curies":[{"name":"wp","href":"https:\/\/api.w.org\/{rel}","templated":true}]}}