{"id":8985,"date":"2024-09-06T18:23:11","date_gmt":"2024-09-06T18:23:11","guid":{"rendered":"https:\/\/travelshelper.com\/staging\/?page_id=8985"},"modified":"2026-03-13T18:39:49","modified_gmt":"2026-03-13T18:39:49","slug":"saratoga-springs","status":"publish","type":"page","link":"https:\/\/travelshelper.com\/de\/destinations\/north-america\/united-states\/saratoga-springs\/","title":{"rendered":"Saratoga Springs"},"content":{"rendered":"<p>Saratoga Springs ist eine kleine Stadt im Norden des Bundesstaats New York mit etwa 28.500 Einwohnern (Stand: Volksz\u00e4hlung 2020). Die Bev\u00f6lkerung ist \u00fcberwiegend wei\u00df (etwa 87 %), mit kleineren hispanischen, asiatischen und afroamerikanischen Gemeinden. Die Stadt ist relativ wohlhabend: Das mittlere Haushaltseinkommen liegt bei etwa 100.000 US-Dollar und das Pro-Kopf-Einkommen bei etwa 67.000 US-Dollar. Der Tourismus ist ein wesentlicher Motor der lokalen Wirtschaft. Allein das ber\u00fchmte Sommer-Pferderennen auf der Pferderennbahn von Saratoga generiert j\u00e4hrlich rund 371 Millionen US-Dollar an regionaler Wirtschaftsaktivit\u00e4t und schafft fast 3.000 Arbeitspl\u00e4tze. Zusammen mit dem Casino von Saratoga, dem Musik- und Tanzlokal (SPAC) und dem nahe gelegenen Saratoga National Historical Park bringen die Attraktionen der Stadt j\u00e4hrlich \u00fcber 647 Millionen US-Dollar in die Region. Kurz gesagt: Saratoga Springs ist eine Stadt mittlerer Gr\u00f6\u00dfe, deren Wirtschaft und Charakter sich um ihre Geschichte als Erholungs- und Unterhaltungszentrum drehen.<\/p>\n<p>Saratoga Springs liegt im Nordosten Nordamerikas, im Norden des Bundesstaats New York, etwa 30 Meilen n\u00f6rdlich von Albany. Es befindet sich am s\u00fcdlichen Rand der Adirondack-Ausl\u00e4ufer, wo das breite Tal des Hudson River auf sanfte, bewaldete H\u00fcgel trifft. Die Landschaft ist sanft: von B\u00e4umen ges\u00e4umte Stra\u00dfen im Ort und einige niedrige H\u00fcgel und Fl\u00fcsse in der N\u00e4he. Eine Besonderheit ist der Reichtum an Mineralquellen \u2013 Saratoga ist weltber\u00fchmt f\u00fcr etwa 21 nat\u00fcrliche Quellen mit mineralreichem Wasser. (Wasser mit verschiedenen gel\u00f6sten Mineralien sickert in und um Stadtparks aus dem Boden.) Das Klima ist feucht-kontinental: Die Sommer sind meist warm und feucht, w\u00e4hrend die Winter kalt und schneereich sind. Die Niederschlagsmenge ist das ganze Jahr \u00fcber m\u00e4\u00dfig, mit h\u00e4ufigen Gewittern im Sp\u00e4tsommer und erheblichen Schneef\u00e4llen im Winter, die das Gebiet gelegentlich \u00fcberziehen. Der Congress Park und der nahe gelegene Saratoga Spa State Park sind im Sommer \u00fcppig gr\u00fcn und verwandeln sich im Winter in verschneite G\u00e4rten und Eisbahnen.<\/p>\n<p>Lange vor der europ\u00e4ischen Besiedlung wurden die Quellen von den Ureinwohnern verehrt. Bereits im sp\u00e4ten 18. Jahrhundert zogen die Quellen Saratogas Besucher aus der Kolonialzeit an, und das Dorf begann im fr\u00fchen 19. Jahrhundert zu wachsen. Saratoga wurde 1826 offiziell als Dorf gegr\u00fcndet und 1915 zur Stadt erhoben. Der fr\u00fche Wohlstand verdankte sich dem Eisenbahnbau: Die Saratoga &amp; Schenectady-Linie (1832) brachte wohlhabende Kurg\u00e4ste aus New York City zur Kur, und rund um den Congress Park entstanden Grandhotels. 1777 fanden nur wenige Kilometer \u00f6stlich (im heutigen Saratoga National Historical Park) die Schlachten von Saratoga im Unabh\u00e4ngigkeitskrieg statt, die die nationale Bedeutung der Region untermauerten, obwohl das Schlachtfeld selbst au\u00dferhalb der heutigen Stadtgrenzen liegt.<\/p>\n<p>Im 19. Jahrhundert galt Saratoga als der bedeutendste Kurort des Landes, und aufgrund seines ber\u00fchmten Wassers wurde die Stadt oft auch \u201eK\u00f6nigin der Kurorte\u201c genannt. Pferderennen begannen in den 1860er Jahren (die Saratoga-Rennbahn wurde 1863 er\u00f6ffnet und 1864 an ihren heutigen Standort verlegt), und Gl\u00fccksspiel war einst rund um den Saratoga Lake weit verbreitet. Im sp\u00e4ten 19. Jahrhundert war Saratoga ein erstklassiger Luxuskurort, der von seinen Quellen, Sommerrennen, gehobenen Hotels und Freizeiteinrichtungen lebte. Im 20. Jahrhundert ging die Bl\u00fctezeit der Kuren zur\u00fcck, doch die Infrastruktur der Stadt (historische Badeh\u00e4user, Parks und Kulturst\u00e4tten) hat bis heute Bestand. Im Rahmen eines WPA-Projekts Mitte der 1930er Jahre (unter der Leitung von Franklin D. Roosevelt) wurden die modernen Roosevelt Baths &amp; Spa im Congress Park errichtet, wodurch die Kurtradition bewahrt wurde. Heute verschmelzen diese historischen Schichten \u2013 das Erbe der Ureinwohner, Spas und Hotels des 19. Jahrhunderts und das Urlaubsortleben des 20. Jahrhunderts \u2013 zu Saratoga Springs\u2018 Charakter.<\/p>\n<p>Der Charakter von Saratoga Springs ist gepr\u00e4gt von seiner Doppelidentit\u00e4t als Kleinstadt und Ferienort. Englisch wird \u00fcberall gesprochen, was die \u00fcberwiegend europ\u00e4ischst\u00e4mmige Bev\u00f6lkerung widerspiegelt. \u00dcberall in der Innenstadt verbergen sich hinter viktorianischen Ladenfronten und Caf\u00e9s eine lebendige Kunstszene und ein prall gef\u00fclltes Veranstaltungskalender. Einheimische und Besucher treffen sich bei Kaffee oder Mittagessen auf einer sonnigen Terrasse; Ladenbesitzer und Nachbarn begr\u00fc\u00dfen Passanten herzlich. Saratoga ist bekannt f\u00fcr seine freundliche, kleinst\u00e4dtische Atmosph\u00e4re \u2013 ein Reisef\u00fchrer bemerkt: \u201eDie freundliche Stadt feiert gerne und veranstaltet das ganze Jahr \u00fcber Feste und Veranstaltungen.\u201c Ein Beispiel daf\u00fcr ist der saisonale Rhythmus: Im Juli und August dominieren Vollblutrennen das lokale Geschehen, w\u00e4hrend die Bewohner in den k\u00fchleren Monaten im Spinning Room des \u00f6rtlichen Tanzinstituts tanzen oder im Congress Park Schlittschuh laufen. Auch Musik und Tanz florieren \u2013 das Saratoga Performing Arts Center (SPAC) im State Park bietet jeden Sommer erstklassige Orchester- und Ballettauff\u00fchrungen, und seit den 1970er Jahren findet dort jedes Wochenende ein Jazzfestival statt. Die Stadt bietet sogar Nischenveranstaltungen: Im Februar lockt das Flurry Folk Dance Festival \u2013 Amerikas gr\u00f6\u00dfte Veranstaltung dieser Art \u2013 \u00fcber 5.000 Fans von Contras, Cajun-Jigs und Walzern an. An Silvester findet in Saratoga mit der First Night das gr\u00f6\u00dfte Feuerwerksfestival seiner Art im Nordosten au\u00dferhalb New Yorks statt.<\/p>\n<p>Der Alltag hier ist im Allgemeinen entspannt. Es herrscht keine Eile: Im Sommer sieht man Jogger im Morgengrauen am Uferweg, Mittagsg\u00e4ste, die bei einem Eistee verweilen, und Touristen, die in den Boutiquen am Broadway st\u00f6bern. Die Einheimischen sind in der Regel gesundheitsbewusst und gebildet; man sieht Radfahrer auf dem Broadway und mittags Yoga-Sitzungen im Park. Trotz aller Veranstaltungen herrscht eine angenehme, kleinst\u00e4dtische Herzlichkeit \u2013 ein Kellner erkennt einen Stammkunden, und die Ladenbesitzer kennen vielleicht Ihren Namen. Doch der Besucheransturm bringt auch eine gewisse ausgelassene Energie mit sich: Jedes Wochenende in den warmen Monaten lockt Paare in Rennseide oder Konzertbesucher in eleganter Kleidung an, sodass die Stadt nie v\u00f6llig still wird. Kurz gesagt: Saratoga Springs f\u00fchlt sich wie ein vornehmer Kurort an, der auch zu feiern wei\u00df \u2013 freundlich, unpr\u00e4tenti\u00f6s und mit einem Sinn f\u00fcr Kunst, Geschichte und Pferde.<\/p>\n<p>Wichtige Sehensw\u00fcrdigkeiten und Erlebnisse liegen im Stadtzentrum. Allen voran die historische Pferderennbahn von Saratoga, die jeden Sommer von Zuschauern besucht wird, um Vollblutrennen auf einer Trib\u00fcne inmitten der Adirondack Mountains zu verfolgen. In der N\u00e4he befindet sich der Congress Park, ein angelegter \u00f6ffentlicher Platz mit Mineralquellen und dem kunstvollen Canfield Casino (heute ein Museum zur Geschichte des Gl\u00fccksspiels). Etwas s\u00fcdlich davon liegt der Saratoga Spa State Park: eine 2.500 Hektar gro\u00dfe Gr\u00fcnfl\u00e4che mit eigenen Quellen, den romanischen Lincoln Mineral Baths und dem Victoria Pool (einem luxuri\u00f6sen \u00f6ffentlichen Bad). Kunst- und Geschichtsmuseen gibt es in H\u00fclle und F\u00fclle: Das National Museum of Dance &amp; Hall of Fame und das Saratoga Automobile Museum liegen innerhalb der Stadtgrenzen, w\u00e4hrend das National Museum of Racing &amp; Hall of Fame in der N\u00e4he der Rennstrecke liegt. Yaddo, ein K\u00fcnstlerrefugium mit ber\u00fchmten G\u00e4rten, liegt etwas \u00f6stlich. Der Broadway ist die historische Hauptstra\u00dfe der Stadt. Hier k\u00f6nnen Besucher Antiquit\u00e4tenl\u00e4den, Galerien (mit lokalen K\u00fcnstlern und Kunsthandwerk) und einen renommierten Kochbuch- und Teeladen erkunden und auf B\u00e4nken mit k\u00fchlem Quellwasser entspannen. F\u00fcr Fans der darstellenden K\u00fcnste bietet das Saratoga Performing Arts Center (SPAC) im Park im Sommer Konzerte des Philadelphia Orchestra und des New York City Ballet. Das moderne Amphitheater ist ein kulturelles Muss. Etwas au\u00dferhalb der Stadt liegt der Saratoga National Historical Park (Schuylerville) mit seinem Schlachtfeld aus dem Unabh\u00e4ngigkeitskrieg und dem Besucherzentrum. Geschichtsinteressierte k\u00f6nnen hier einen malerischen und lehrreichen Ausflug unternehmen.<\/p>\n<p>Saratoga Springs ist sowohl mit dem Auto als auch mit dem Flugzeug gut zu erreichen. Der Albany International Airport (ALB) liegt etwa 30 Autominuten s\u00fcdlich \u00fcber die Interstate 87. Amtrak bedient Saratoga Springs \u00fcber die Adirondack- und Ethan-Allen-Routen und verbindet sie mit New York City und Burlington, Vermont. Mit dem Auto f\u00fchrt die I-87 (Adirondack Northway) \u00f6stlich der Stadt vorbei (Ausfahrt 15), und die US Route 9 verl\u00e4uft in Nord-S\u00fcd-Richtung durch die Innenstadt. Von Westen kommend erreichen kurvenreiche zweispurige Stra\u00dfen vom Lake George und den Adirondacks Saratoga. Im Sommer ist aufgrund von Pferderennen mit erh\u00f6htem Verkehr zu rechnen; im Winter k\u00f6nnen die Landstra\u00dfen schneebedeckt sein.<\/p>\n<p>Die kompakte Innenstadt ist gut zu Fu\u00df erreichbar, insbesondere rund um den Broadway, den Congress Park und die Circular Street. Eine kostenlose Stra\u00dfenbahn (saisonal von Mitte Juli bis zum Labor Day) verkehrt alle 30 Minuten zwischen der Innenstadt und den wichtigsten Sehensw\u00fcrdigkeiten (Rennstrecke, Casino, State Park und See). Die Capital District Transportation Authority (CDTA) betreibt au\u00dferdem Busse zwischen Albany und Saratoga mit Haltestellen am Flughafen und in der Innenstadt. Innerhalb der Stadt verkehren lokale Busse in die Stadt und zum Saratoga Spa State Park. Taxis und Mitfahrgelegenheiten (Uber\/Lyft) stehen zur Verf\u00fcgung, sind aber an Sommerabenden oft stark frequentiert. Viele Sehensw\u00fcrdigkeiten bieten Parkpl\u00e4tze vor Ort.<\/p>\n<p>Die W\u00e4hrung ist der US-Dollar. Englisch ist die Weltsprache. Trinkgeld ist in den USA \u00fcblich (15\u201320 % in Restaurants). Die Kleidung ist leger \u2013 Besucher kombinieren oft Freizeitkleidung (f\u00fcr Outdoor\/Laufbahn) mit eleganterer Kleidung f\u00fcr besondere Anl\u00e4sse (z. B. lange Hosen f\u00fcr Abendkonzerte). Die Einwohner von Saratoga Springs sind im Allgemeinen h\u00f6flich und hilfsbereit; ein kurzes L\u00e4cheln oder ein \u201eHallo\u201c gen\u00fcgt. In puncto Sicherheit ist Saratoga Springs typischerweise ruhig und familienfreundlich. Es gelten die \u00fcblichen Vorsichtsma\u00dfnahmen (Parken auf dem Parkplatz, auf pers\u00f6nliche Gegenst\u00e4nde in Menschenansammlungen achten). An Rennwochenenden im Sommer kann es \u00fcberf\u00fcllt sein, aber die Ordnung bleibt erhalten \u2013 die Polizeipr\u00e4senz ist dann erh\u00f6ht, und die meisten Besucher berichten, dass sie sich recht sicher f\u00fchlen.<a href=\"https:\/\/travelshelper.com\/de\/reiseziele\/nordamerika\/vereinigte-staaten-von-amerika\/berkeley-springs\/\" target=\"_self\" aria-labelledby=\"uael-post-8997\"><br \/>\n<\/a><\/p>","protected":false},"excerpt":{"rendered":"<p>Saratoga Springs, a city located in Saratoga County, New York, has captivated visitors for more than two centuries with its vibrant culture and rich history. With 28,491 residents as of the 2020 census, this little city is well-known for its mineral springs, which have long drawn tourists looking for rest and renewal. The city&#8217;s name honors these natural springs, which have been vital in Saratoga Springs&#8217; growth as a top vacation spot.<\/p>","protected":false},"author":1,"featured_media":17537,"parent":8072,"menu_order":0,"comment_status":"closed","ping_status":"closed","template":"elementor_theme","meta":{"_eb_attr":"","footnotes":""},"class_list":["post-8985","page","type-page","status-publish","has-post-thumbnail"],"_links":{"self":[{"href":"https:\/\/travelshelper.com\/de\/wp-json\/wp\/v2\/pages\/8985","targetHints":{"allow":["GET"]}}],"collection":[{"href":"https:\/\/travelshelper.com\/de\/wp-json\/wp\/v2\/pages"}],"about":[{"href":"https:\/\/travelshelper.com\/de\/wp-json\/wp\/v2\/types\/page"}],"author":[{"embeddable":true,"href":"https:\/\/travelshelper.com\/de\/wp-json\/wp\/v2\/users\/1"}],"replies":[{"embeddable":true,"href":"https:\/\/travelshelper.com\/de\/wp-json\/wp\/v2\/comments?post=8985"}],"version-history":[{"count":0,"href":"https:\/\/travelshelper.com\/de\/wp-json\/wp\/v2\/pages\/8985\/revisions"}],"up":[{"embeddable":true,"href":"https:\/\/travelshelper.com\/de\/wp-json\/wp\/v2\/pages\/8072"}],"wp:featuredmedia":[{"embeddable":true,"href":"https:\/\/travelshelper.com\/de\/wp-json\/wp\/v2\/media\/17537"}],"wp:attachment":[{"href":"https:\/\/travelshelper.com\/de\/wp-json\/wp\/v2\/media?parent=8985"}],"curies":[{"name":"wp","href":"https:\/\/api.w.org\/{rel}","templated":true}]}}