{"id":8979,"date":"2024-09-06T18:08:34","date_gmt":"2024-09-06T18:08:34","guid":{"rendered":"https:\/\/travelshelper.com\/staging\/?page_id=8979"},"modified":"2026-03-13T21:30:51","modified_gmt":"2026-03-13T21:30:51","slug":"wahrheit-oder-konsequenzen","status":"publish","type":"page","link":"https:\/\/travelshelper.com\/de\/destinations\/north-america\/united-states\/truth-or-consequences\/","title":{"rendered":"Wahrheit oder Konsequenzen"},"content":{"rendered":"<p>Truth or Consequences ist eine einzigartige Stadt im US-Bundesstaat New Mexico und Verwaltungssitz des Sierra County. Laut der Volksz\u00e4hlung von 2020 hat Truth or Consequences 6.052 Einwohner. Die Stadt ist vor allem f\u00fcr ihren einzigartigen Namen bekannt, der im M\u00e4rz 1950 nach der beliebten Radiosendung \u201eTruth or Consequences\u201c gew\u00e4hlt wurde. Obwohl der offizielle Name keine Satzzeichen enth\u00e4lt, wird er bei Namens\u00e4nderungen meist mit Bindestrichen (Truth-or-Consequences, T-or-C) versehen, um die \u00dcbersichtlichkeit zu verbessern.<\/p>\n<p>In der Gegend, in der sich Truth or Consequences befindet, gibt es zahlreiche hei\u00dfe Quellen. Anfang des sp\u00e4ten 19. Jahrhunderts errichtete die John Cross Ranch \u2013 oberhalb von Geronimo Springs \u2013 das erste \u00f6ffentliche Bad der Gegend. Die hei\u00dfen Quellen liegen im Hot Springs Artesian Basin. Trotz des Vorhandenseins nat\u00fcrlicher hei\u00dfer Quellen verz\u00f6gerte sich die Entwicklung nennenswerter Siedlungen in der Gegend deutlich, bis der Elephant Butte Dam und der Stausee gebaut wurden. Die Arbeiten begannen 1912 und endeten mit ihrer Fertigstellung 1916. Das durch den Newlands Reclamation Act von 1902 genehmigte Rio Grande Project war ein bedeutendes fr\u00fches Projekt zur gro\u00dffl\u00e4chigen, vom Damm abh\u00e4ngigen Bew\u00e4sserung. Die 1916 offiziell als Hot Springs gegr\u00fcndete Stadt wurde 1937 Verwaltungssitz des Sierra County. Hot Springs, das haupts\u00e4chlich G\u00e4ste bediente, verf\u00fcgte Ende der 1930er Jahre \u00fcber vierzig verschiedene Spas mit nat\u00fcrlichen hei\u00dfen Quellen.<\/p>\n<p>Ein Wettbewerb in einer Radiosendung f\u00fchrte zur Namens\u00e4nderung der Stadt von Hot Springs in Truth or Consequences. Ralph Edwards, Moderator der NBC-Radioquizshow \u201eTruth or Consequences\u201c, sagte im M\u00e4rz 1950, er w\u00fcrde die Sendung zum zehnj\u00e4hrigen Jubil\u00e4um der ersten Stadt ausstrahlen, die sich nach der Show umbenannt hatte. Hot Springs \u00e4nderte seinen Namen offiziell am 31. M\u00e4rz 1950; die Sendung wurde am n\u00e4chsten Abend von dort ausgestrahlt. Edwards besuchte die Stadt in den folgenden 50 Jahren jeweils am ersten Maiwochenende; dieses Ereignis wurde als Fiesta bekannt. Die Fiesta umfasste schlie\u00dflich eine B\u00fchnenauff\u00fchrung, einen Sch\u00f6nheitswettbewerb und eine Prozession. Zu Ehren lokaler W\u00fcrdentr\u00e4ger, der Sch\u00f6nheitsk\u00f6nigin des Vorjahres und der Gewinnerin des Sch\u00f6nheitswettbewerbs Hatch Chile Queen veranstaltet die Stadt jedes erste Maiwochenende eine Fiesta. Die Fiesta ist eine Tanzveranstaltung, die im Ralph Edwards Park stattfindet.<\/p>\n<p>Die Thermalquellen in Truth or Consequences flie\u00dfen zusammen fast 99 Liter (26 US-Gallonen) pro Sekunde. Vor dem Zweiten Weltkrieg gab es in Truth or Consequences fast vierzig Thermalb\u00e4der. Die Hot Springs Association in Truth or Consequences z\u00e4hlte 2008 zehn Thermalb\u00e4der zu ihren Mitgliedern. F\u00fcnf dieser Einrichtungen \u2013 La Paloma Hot Springs &amp; Spa (ehemals Marshall Hot Springs), Riverbend Hot Springs, Indian Springs Bath House, Artesian Bath House und Hay-Yo-kay Hot Springs \u2013 bezogen ihr Wasser aus frei flie\u00dfenden Thermalquellen; f\u00fcnf davon waren Brunnen.<\/p>\n<p>Zwei Demonstrationsprojekte f\u00fcr Geothermie wurden in den 1980er Jahren vom New Mexico Department of Energy, Minerals and Natural Resources in Truth or Consequences durchgef\u00fchrt. Das Carrie Tingley Hospital, das urspr\u00fcnglich Kindern mit k\u00f6rperlichen Behinderungen helfen sollte, nutzte staatliche Gelder, um dort ein Physiotherapieprogramm zu starten. Dieses Programm wurde jedoch inzwischen nach Albuquerque verlegt. Die geothermische Raumheizung kommt dem nahegelegenen Seniorenzentrum zugute.<\/p>\n<p>A city marked by historical importance and an unusual name that captures its unique appeal is Truth or Consequences. From its beginnings as a hot spring destination to its modern Fiesta celebrations, which regularly draw people through its natural beauty and cultural events, the city has changed. Whether one is savoring the therapeutic advantages of their hot springs or participating in the annual Fiesta, Truth or Consequences offers a special mix of relaxation, historical relevance, and community involvement, so establishing its uniqueness in New Mexico.\u2026<\/p>","protected":false},"excerpt":{"rendered":"<p>Truth or Consequences ist eine einzigartige Stadt im US-Bundesstaat New Mexico und Verwaltungssitz des Sierra County. Laut der Volksz\u00e4hlung von 2020 hat Truth or Consequences 6.052 Einwohner. Die Stadt ist vor allem f\u00fcr ihren einzigartigen Namen bekannt, der im M\u00e4rz 1950 nach der beliebten Radiosendung \u201eTruth or Consequences\u201c gew\u00e4hlt wurde. Obwohl der offizielle Name keine Satzzeichen enth\u00e4lt, wird er bei Namens\u00e4nderungen meist mit Bindestrichen (Truth-or-Consequences, T-or-C) versehen, um die \u00dcbersichtlichkeit zu verbessern.<\/p>","protected":false},"author":1,"featured_media":23485,"parent":8072,"menu_order":0,"comment_status":"closed","ping_status":"closed","template":"elementor_theme","meta":{"_eb_attr":"","footnotes":""},"class_list":["post-8979","page","type-page","status-publish","has-post-thumbnail"],"_links":{"self":[{"href":"https:\/\/travelshelper.com\/de\/wp-json\/wp\/v2\/pages\/8979","targetHints":{"allow":["GET"]}}],"collection":[{"href":"https:\/\/travelshelper.com\/de\/wp-json\/wp\/v2\/pages"}],"about":[{"href":"https:\/\/travelshelper.com\/de\/wp-json\/wp\/v2\/types\/page"}],"author":[{"embeddable":true,"href":"https:\/\/travelshelper.com\/de\/wp-json\/wp\/v2\/users\/1"}],"replies":[{"embeddable":true,"href":"https:\/\/travelshelper.com\/de\/wp-json\/wp\/v2\/comments?post=8979"}],"version-history":[{"count":0,"href":"https:\/\/travelshelper.com\/de\/wp-json\/wp\/v2\/pages\/8979\/revisions"}],"up":[{"embeddable":true,"href":"https:\/\/travelshelper.com\/de\/wp-json\/wp\/v2\/pages\/8072"}],"wp:featuredmedia":[{"embeddable":true,"href":"https:\/\/travelshelper.com\/de\/wp-json\/wp\/v2\/media\/23485"}],"wp:attachment":[{"href":"https:\/\/travelshelper.com\/de\/wp-json\/wp\/v2\/media?parent=8979"}],"curies":[{"name":"wp","href":"https:\/\/api.w.org\/{rel}","templated":true}]}}