{"id":8958,"date":"2024-09-06T16:54:54","date_gmt":"2024-09-06T16:54:54","guid":{"rendered":"https:\/\/travelshelper.com\/staging\/?page_id=8958"},"modified":"2026-03-13T18:09:26","modified_gmt":"2026-03-13T18:09:26","slug":"ouray","status":"publish","type":"page","link":"https:\/\/travelshelper.com\/de\/destinations\/north-america\/united-states\/ouray\/","title":{"rendered":"Ouray"},"content":{"rendered":"<p>Ouray liegt tief in den San Juan Mountains im S\u00fcdwesten Colorados und ist eine kleine Stadt mit gro\u00dfartiger Landschaft. Sie ist der Verwaltungssitz des Ouray County und wird seit langem als \u201edie Schweiz Amerikas\u201c bezeichnet. Laut der Volksz\u00e4hlung von 2020 hatte die Stadt nur 898 Einwohner, was sie zu einer eng verbundenen Gemeinschaft macht. Die Stadt liegt auf einer H\u00f6he von etwa 2.375 m (7.792 Fu\u00df) in der engen Schlucht des Uncompahgre River, umgeben von steilen roten Felsklippen, die sich auf drei Seiten erheben. Die malerische Hauptstra\u00dfe ist ges\u00e4umt von Backsteingeb\u00e4uden aus der viktorianischen Zeit, eine Erinnerung an die Bergbauwurzeln der Stadt. Ourays Wirtschaft lebt heute vom Tourismus (Freizeitaktivit\u00e4ten im Freien und historischer Tourismus), nachdem sie sich von ihren Bergbauanf\u00e4ngen im 19. Jahrhundert abgewandt hat. Laut der staatlichen Tourismusbeh\u00f6rde kommen jedes Jahr Hunderttausende von Besuchern nach Ouray, angezogen von der alpinen Umgebung. Trotz ihrer geringen Gr\u00f6\u00dfe bietet die Stadt Unterk\u00fcnfte, Restaurants, Spas und Gesch\u00e4fte, um diese Besucher zu bedienen.<\/p>\n<p>Ourays Klima ist typisch alpin. Die Sommer sind im Allgemeinen warm und mild mit Durchschnittstemperaturen zwischen 15 und 25 \u00b0C, aber selbst im Juni und Juli k\u00f6nnen die N\u00e4chte bis auf 4 \u00b0C fallen. Der Fr\u00fchherbst bringt oft leuchtend bunte Espen hervor. Der Fr\u00fchling ist kurz und recht k\u00fchl; Ende Mai kann es noch heftige, sp\u00e4tsaisonale Schneef\u00e4lle geben. Die Winter sind sehr kalt, und die gesamte Region verwandelt sich in ein Schneeparadies. Von November bis M\u00e4rz schneit es normalerweise stark; in Ouray werden im Winter oft mehrere Fu\u00df Schnee verzeichnet. Die trockene Bergluft sorgt daf\u00fcr, dass die Sonne tags\u00fcber sehr stark ist (Sonnencreme einpacken). Das Wetter kann sich zu jeder Jahreszeit schnell \u00e4ndern: Ein warmer Morgen kann im Fr\u00fchling oder Herbst nachmittags in einen Whiteout umschlagen. Outdoor-Fans passen sich an, indem sie zus\u00e4tzliche Kleidungsschichten mitnehmen und die Wettervorhersage sorgf\u00e4ltig pr\u00fcfen.<\/p>\n<p>Rein zahlenm\u00e4\u00dfig ist Ouray eher ein Alpendorf als eine Stadt. Mit einer st\u00e4ndigen Bev\u00f6lkerung von ca. 900 Einwohnern ist es die am d\u00fcnnsten besiedelte Stadt im Staat Colorado. Die Bev\u00f6lkerung schwillt in der Touristensaison \u2013 Sommer und Winter \u2013 an, wenn sich vielleicht einige Tausend Besucher gleichzeitig dort aufhalten. Wirtschaftlich ist Ouray fast vollst\u00e4ndig vom Tourismus abh\u00e4ngig. Nachdem der Silberpreiscrash von 1893 den Bergbau zum Erliegen brachte, sagten lokale F\u00f6rderer schon vor langer Zeit richtig voraus: \u201eOuray ist unvergleichlich \u2026 Es wird als Bergkurort ber\u00fchmt werden.\u201c Der Spitzname der Stadt \u201eSchweiz Amerikas\u201c wird von der Stadtverwaltung und Touristenf\u00fchrern unterst\u00fctzt und betont ihre alpine Lage und ihre hei\u00dfen Quellen. Tats\u00e4chlich wird Ourays Jahresbudget haupts\u00e4chlich durch \u00dcbernachtungssteuern und Freizeitgeb\u00fchren finanziert. Es gibt hier sehr wenig verarbeitendes Gewerbe oder Landwirtschaft; abgesehen von Arbeitspl\u00e4tzen im Tourismus (Hotels, Reisef\u00fchrer, Restaurants) pendeln die meisten Einwohner in nahe gelegene St\u00e4dte oder gehen abgelegenen Arbeitspl\u00e4tzen nach. Die Wirtschaft wird durch Wintersportarten (Eisklettern und Schneemobilfahren) und Sommerwanderungen sowie Attraktionen wie Jeep-Touren und Galerien gest\u00e4rkt.<\/p>\n<p>Ouray liegt am westlichen Rand der San-Juan-Bergkette Colorados, einem Teil der Rocky Mountains. Es befindet sich im s\u00fcdwestlichen Zipfel des Bundesstaates, etwa 130 Kilometer s\u00fcdlich von Montrose und 160 Kilometer n\u00f6rdlich von Durango. Die Koordinaten der Stadt lauten ungef\u00e4hr 38,03\u00b0N, 107,67\u00b0W. Geografisch liegt Ouray in einem Canyon am Ende eines engen Tals. Im Westen erheben sich mehrere tausend Meter hohe Gipfel (Wheeler, Yale usw.) und im Osten der hohe Grat der amphitheaterartigen Klippen. Die Landschaft ist dramatisch: steile Wildnisw\u00e4nde, hochalpine Kare und eine H\u00f6he, die den Himmel von einem intensiven Blau erstrahlen l\u00e4sst.<\/p>\n<p>Diese Berglandschaft pr\u00e4gt das Leben. Alle Zu- und Abfahrtswege folgen den Konturen des Landes. Der US 550 (Million Dollar Highway) ist die einzige asphaltierte Stra\u00dfe, die Ouray mit der Au\u00dfenwelt verbindet. Sie f\u00fchrt s\u00fcdlich \u00fcber technische Meisterwerke nach Silverton und schlie\u00dflich nach New Mexico und n\u00f6rdlich durch enge P\u00e4sse (Molas Pass auf 3.300 Metern) bis zu einer Kreuzung bei Montrose. Es gibt keine direkte Bahn- oder Flugverbindung; der n\u00e4chstgelegene Flughafen ist Montrose Regional (ca. 64 Kilometer entfernt). Im Sommer bl\u00fchen die Berge mit Wildblumen; im Winter bilden die Klippen Eiswasserf\u00e4lle. Die Stadt hat etwa 200 Sonnentage im Jahr, die Winter sind jedoch extrem kalt und windig. Fr\u00fchling und Herbst sind relativ kurze \u00dcbergangsjahreszeiten.<\/p>\n<p>Ourays Geschichte ist eng mit der Bergbautradition verbunden. Urspr\u00fcnglich geh\u00f6rte das Gebiet zum Stamm der Ute, und die Stadt wurde nach Chief Ouray benannt, einem angesehenen Anf\u00fchrer der Ute, der sich um friedliche Beziehungen zu den wei\u00dfen Siedlern bem\u00fchte. 1875 entdeckten Goldsucher in den oberhalb gelegenen Canyons Gold und Silber; 1876 gr\u00fcndeten sie eine Siedlung. Im Oktober 1876 wurde Ouray als Stadt eingetragen. Die ersten Siedler bauten H\u00fctten und Zelte, und bis 1877 erreichte die Einwohnerzahl etwa 400. Reiche Silbervorkommen machten Ouray bald zu einer Boomtown. In den 1880er und 1890er Jahren wuchs die Einwohnerzahl (bis 1890 auf \u00fcber 2.500), und die Wirtschaft florierte. Die Stadt investierte fr\u00fch in die Infrastruktur (elektrisches Licht bereits 1885, eine der ersten im Westen).<\/p>\n<p>1887 kam die Eisenbahn und verband Ouray mit der Denver &amp; Rio Grande Line. Dies erleichterte den G\u00fcterverkehr zu den Minen und machte die Stadt besser erreichbar. Der Silberpreissturz von 1893 zerst\u00f6rte jedoch beinahe die Wirtschaft. Minen wurden geschlossen und viele St\u00e4dte in den San Juans verwandelten sich in Geisterst\u00e4dte. Bemerkenswerterweise \u00fcberlebte Ouray durch eine Neuausrichtung: Goldfunde in der N\u00e4he und sogar die wenigen Silberminen, die noch Gold enthielten, hielten Arbeiter besch\u00e4ftigt. Ouray profitierte auch allm\u00e4hlich von seiner landschaftlichen Sch\u00f6nheit und seinen hei\u00dfen Quellen. Im Laufe des 20. Jahrhunderts wich der Hartgesteinsabbau dem Tourismus. G\u00e4ste kamen, um das Wasser der hei\u00dfen Quellen zu nutzen (das moderne Ouray Hot Springs Pool wurde 1927 er\u00f6ffnet) und die Bergluft zu genie\u00dfen. Der Million Dollar Highway wurde in den 1920er- und 30er-Jahren entlang einer alten Mautstra\u00dfe gebaut und verband Ouray zus\u00e4tzlich mit der Au\u00dfenwelt.<\/p>\n<p>In den letzten Jahrzehnten hat Ouray seine Stellung als Outdoor-Paradies ausgebaut. Hier findet j\u00e4hrlich im Februar das Eisfestival statt, das Eiskletterer aus aller Welt anzieht, und im Herbst findet auf den rauen Landstra\u00dfen das Jeep Jamboree statt. Historische viktorianische Geb\u00e4ude (das Beaumont Hotel, das Wright Opera House) wurden restauriert, und entlang der Hauptstra\u00dfe reihen sich neue Unterk\u00fcnfte wie Boutique-Gasth\u00f6fe und Bed-and-Breakfast-Hotels aneinander. Die Einwohnerzahl der Stadt liegt zwar noch unter 1.000, doch wichtige Meilensteine \u200b\u200bsind die Jahre 1876 (Gr\u00fcndung), 1887 (Ankunft der Eisenbahn), 1893 (Silberpreis-Crash) und 1927 (Er\u00f6ffnung des modernen Thermalbads). Trotz aller H\u00f6hen und Tiefen bleibt eine Konstante bestehen: Ourays anhaltender Ruf als landschaftliches Juwel mit temperamentvollen Einwohnern \u2013 ein Gef\u00fchl, das in C.L. Halls Vorhersage von 1898 zum Ausdruck kommt: \u201eOuray ist unvergleichlich \u2026 ber\u00fchmt als Bergresort.\u201c<\/p>\n<p>Ourays Kultur ist gepr\u00e4gt vom Flair eines kleinst\u00e4dtischen Alpenresorts. Man denkt an herzhafte Bergbewohner mit einer Liebe zur Natur und zu Abenteuern. Gespr\u00e4che beginnen hier oft mit dem Wetter oder der Tierwelt \u2013 und drehen sich h\u00e4ufig um Pl\u00e4ne f\u00fcr die Natur (\u201eM\u00f6chten Sie heute im Yankee Boy Basin wandern oder klettern?\u201c). Die englische Sprache ist vorherrschend; einige Einheimische sprechen Spanisch, aber es gibt keine speziellen lokalen Dialekte au\u00dfer einem leichten Rocky-Mountain-Akzent. Die Einheimischen sind freundlich und entspannt. Ein Fremder, der auf der Stra\u00dfe vorbeigeht, wird oft mit einem Winken oder einem \u201eHowdy\u201c begr\u00fc\u00dft. Ouray ist einer jener Orte, an denen sich die Leute mit der Zeit Ihren Namen merken. Die Kleiderordnung ist leger: Fleecejacken, Wanderschuhe und Cowboyh\u00fcte sieht man jeden Tag, sogar in der Stadt.<\/p>\n<p>Traditionen drehen sich um die Natur. J\u00e4hrliche Gemeindeveranstaltungen wie das Jeep Jamboree (eine Fr\u00fchlingsrallye mit Allradfahrzeugen in den rauen H\u00fcgeln) und das Summer Hot Springs Festival (zu Ehren der geothermischen Quellen, die die Stadt pr\u00e4gen) finden statt. Jeden Winter wird der Ouray Ice Park an den Canyonw\u00e4nden aufgebaut und ein Eiskletterwettbewerb veranstaltet. Die Stadt selbst schm\u00fcckt sich im Winter mit funkelnden Lichtern (es gibt sogar eine \u201eIce Ballerina\u201c-Weihnachtsshow im Wright Opera House). Im Sommer gibt es Konzerte auf dem Rasen, Kunstausstellungen im historischen Wells Fargo-Geb\u00e4ude und am 4. Juli ein Feuerwerk \u00fcber dem Fluss.<\/p>\n<p>Ourays Atmosph\u00e4re ist gepr\u00e4gt von wilder Entspannung. Nachts erhellen Gaslaternen die ruhige Hauptstra\u00dfe; Sternenhimmel f\u00fcllt die Hinterh\u00f6fe. Die Menschen lassen den Tag oft in den Thermalbecken (der Hauptattraktion der Stadt) ausklingen oder unterhalten sich auf einer Veranda mit Blick auf die Klippen des Amphitheaters. An diesem wundersch\u00f6nen Ort herrscht ein Gemeinschaftsgef\u00fchl. Ohne die Anonymit\u00e4t einer Gro\u00dfstadt wirkt der Lebensstil hier pers\u00f6nlicher und entspannter. Besucher loben den Charme der Stadt (\u201edie Zeit scheint hier langsamer zu vergehen\u201c), die Gastfreundschaft (die Einheimischen hei\u00dfen Wanderer auf dem Weg willkommen) und die Abgeschiedenheit \u2013 die Stadt ist so abgeschieden, dass man f\u00fcr Handyempfang oder gr\u00f6\u00dfere Eink\u00e4ufe mitunter 30 Minuten nach Montrose fahren muss. Kurz gesagt: Ouray f\u00fchlt sich echt bergig an und verbindet den Stolz der Pionierzeit mit der ruhigen Eleganz, die dem Ganzjahresurlaubsort zu verdanken ist.<\/p>\n<p>Trotz seiner Gr\u00f6\u00dfe bietet Ouray unz\u00e4hlige sehenswerte Erlebnisse. Besonders hervorzuheben ist der Ouray Hot Springs Pool \u2013 ein weitl\u00e4ufiger, von nat\u00fcrlichen Quellen gespeister Poolkomplex in der Stadt. Hier entspannen Besucher und Einheimische gleicherma\u00dfen im 27\u201338 \u00b0C warmen Wasser, w\u00e4hrend sich um sie herum die Berge erheben. Die Quellen ziehen seit Jahrhunderten Menschen an, und die Anlage stammt aus dem Jahr 1927. An k\u00fchlen Abenden steigt Dampf aus dem Wasser, w\u00e4hrend am Himmel die Sterne leuchten \u2013 ein einzigartiges Spa-Erlebnis in gro\u00dfer H\u00f6he.<\/p>\n<p>Etwas au\u00dferhalb der Stadt liegt der Box Ca\u00f1on Falls Park. Dieser leicht zug\u00e4ngliche State Park besticht durch einen 87 Meter hohen Wasserfall, der durch eine enge Quarzitschlucht st\u00fcrzt. Ein befestigter Weg (mit Besucherzentrum) f\u00fchrt 150 Meter in den Canyon hinein, um die Wasserf\u00e4lle direkt zu betrachten \u2013 eine kurze und familienfreundliche Wanderung. Die tosenden Wasserf\u00e4lle und die hoch aufragenden Canyonw\u00e4nde sind spektakul\u00e4re Fotomotive. Box Ca\u00f1on wird von der Parkverwaltung als \u201eOurays eigenes Weltwunder\u201c bezeichnet.<\/p>\n<p>Unter abenteuerlustigen Besuchern ist der Ouray Ice Park (eine Meile s\u00fcdlich der Stadt) weltber\u00fchmt. Es handelt sich um einen gepflegten Eiskletterspielplatz an einer steilen Klippe mit Dutzenden gefrorenen Wasserf\u00e4llen unterschiedlicher Schwierigkeitsgrade. Obwohl er keine echte Attraktion im eigentlichen Sinne ist, zieht er jeden Winter Tausende von Kletterern an. Im Sommer ist die nahegelegene Yankee Boy Basin Drive beliebt: Eine schmale, hochgelegene Stra\u00dfe f\u00fchrt zu alpinen Wildblumenwiesen und terrassierten Bergseen. Wanderer machen sich im Herbst auf den Weg, um die Wasserf\u00e4lle und leuchtend gelben Espenw\u00e4lder zu bewundern.<\/p>\n<p>Die Innenstadt von Ouray selbst ist eine Attraktion. Hinter den Backsteinfassaden der Main Street verbergen sich Kunstgalerien, Outdoor-L\u00e4den und gem\u00fctliche Restaurants wie das Alpine Institute Deli oder die Ouray Brewery (Craft Beer). Das restaurierte Wright Opera House (1890) beherbergt Theaterst\u00fccke und gelegentlich Konzerte. Das Ouray County Historical Museum (in einem Kalksteingeb\u00e4ude an der Main Street) zeigt Bergbau-Artefakte und erz\u00e4hlt die Geschichte der Stadt. Golfer k\u00f6nnen den malerischen 9-Loch-Golfplatz Ouray oberhalb der Stadt besuchen. Der Perimeter Trail \u2013 ein Rundwanderweg rund um Ouray \u2013 erm\u00f6glicht es Ihnen, dem Stadttrubel in f\u00fcnf Minuten zu entfliehen und Elche und Auw\u00e4lder zu erleben.<\/p>\n<p>Und wer einfach nur die Pracht des Canyons genie\u00dfen m\u00f6chte, sollte eine kurze Wanderung zu den High Alpine Overlooks unternehmen. Von verschiedenen Aussichtspunkten im Canyon (wie dem Amphitheater Peak Trail) aus kann man Ouray von den umliegenden Gipfeln winzig erscheinen sehen. Im Winter bieten Panoramafahrten auf dem US550 (Million Dollar Highway) Richtung Norden oder S\u00fcden atemberaubende Bergpanoramen. An einem Nachmittag k\u00f6nnte man zum Engineer Pass oder Imogene Pass fahren, alte Bergbaurouten, die heute f\u00fcr Jeeps ge\u00f6ffnet sind und sich hoch \u00fcber Ouray erstrecken. Keines davon ist ein Adrenalin-Erlebnis \u2013 die Hauptattraktionen von Ouray sind vielmehr seine Aussichten und Natursch\u00f6nheiten. Besucher bemerken immer wieder, dass der Panoramablick \u00fcber das Tal (die Stadt unten, die Gipfel oben) unvergesslich ist.<\/p>\n<p>Ouray ist abgelegen. Die einzige praktische Zufahrtsm\u00f6glichkeit ist mit dem Auto. Die Hauptroute ist der US Highway 550, der sogenannte Million Dollar Highway. Diese malerische, kurvenreiche Stra\u00dfe kommt von Norden \u00fcber Montrose (Interstate 70) oder von S\u00fcden \u00fcber Durango und Silverton. Sie schl\u00e4ngelt sich \u00fcber hohe Gebirgsp\u00e4sse \u2013 den Molas Pass (3.320 m) Richtung Norden, den Red Mountain Pass (3.335 m) Richtung S\u00fcden \u2013 planen Sie also ausreichend Zeit ein. Es gibt nur eingeschr\u00e4nkte Busverbindungen; in Durango werden im Sommer Shuttlebusse angeboten. Der n\u00e4chstgelegene gr\u00f6\u00dfere Flughafen ist Montrose Regional (MTJ), etwa eine Autostunde n\u00f6rdlich; von dort aus mieten Reisende in der Regel ein Auto oder nehmen einen Shuttlebus. Der Denver International Airport liegt etwa sechs Autostunden n\u00f6rdlich und wird von manchen f\u00fcr Anschlussfl\u00fcge nach Montrose genutzt.<\/p>\n<p>In Ouray angekommen, ist die Stadt aufgrund ihrer geringen Gr\u00f6\u00dfe gut zu Fu\u00df zu erkunden. Die historische Innenstadt, der Stadtpark und die Unterk\u00fcnfte liegen im Umkreis von einer Quadratmeile. Es gibt kein \u00f6ffentliches Nahverkehrssystem. Die meisten Besucher parken an ihrem Hotel oder in der N\u00e4he der Thermalquellen und gehen zu Fu\u00df. F\u00fcr die Fahrt in die umliegenden Gebiete empfehlen sich ab dem Highway 550 Allradfahrzeuge oder zumindest Fahrzeuge mit hoher Bodenfreiheit, insbesondere f\u00fcr unbefestigte Nebenstra\u00dfen. Innerhalb der Stadt sind die Stra\u00dfen asphaltiert, k\u00f6nnen aber im Winter vereist sein. Gel\u00e4ndefahrzeuge (ATVs\/UTVs) sind in ausgewiesenen Bereichen und auf Wegen erlaubt. Auf der Hauptstra\u00dfe ist Vorsicht geboten, Fu\u00dfg\u00e4nger haben jedoch Vorfahrt, da jeder mit Spazierg\u00e4ngern rechnet.<\/p>\n<p>Die W\u00e4hrung ist US-Dollar, die Gesch\u00e4ftssprache ist Englisch. Der Mobilfunkempfang ist l\u00fcckenhaft \u2013 einige Anbieter haben zwar Empfang, aber auf den Bergstra\u00dfen gibt es Funkl\u00f6cher. Ziehen Sie sich das ganze Jahr \u00fcber in Schichten an: Selbst Sommertage k\u00f6nnen bei 0 \u00b0C beginnen und bei 15 \u00b0C enden. Achten Sie beim Wandern oder Angeln auf die Auswirkungen der H\u00f6he (Atemnot, Sonnenbrand) \u2013 verwenden Sie Sonnenschutzmittel und trinken Sie viel Wasser. Etikette: Ourayer sind an Touristen gew\u00f6hnt, aber ein freundliches Nicken oder Hallo im Vorbeigehen wird gerne gesehen. Trinkgeld (15\u201320 %) ist in Restaurants \u00fcblich. Da die Stadt auf Besucher angewiesen ist, ist die Gastfreundschaft in Gesch\u00e4ften und Restaurants aufrichtig; erwarten Sie eher die H\u00f6flichkeit einer Kleinstadt als die Anonymit\u00e4t einer Gro\u00dfstadt.<\/p>\n<p>Die gr\u00f6\u00dfte Gefahr geht von der Umwelt aus, nicht von der Kriminalit\u00e4t. Das Wetter kann sich abrupt \u00e4ndern \u2013 Gewitter im Sommer oder Schneest\u00fcrme im Winter k\u00f6nnen ohne Vorwarnung auftreten. Wenn Sie wandern, teilen Sie jemandem Ihre Route mit. Im Winter werden die Stra\u00dfen ger\u00e4umt, k\u00f6nnen aber vereist sein. Legen Sie bei Bedarf Ketten an. Wildtiere (Elche, Hirsche) kreuzen manchmal die Stra\u00dfen. Fahren Sie daher in der D\u00e4mmerung vorsichtig. Der Fluss kann nach der Schneeschmelze sehr kalt und schnell sein \u2013 schwimmen Sie nicht. In der Stadt sind Kleindiebst\u00e4hle \u00e4u\u00dferst selten. Dank dieser Vorsichtsma\u00dfnahmen ist Ouray f\u00fcr Reisende sicher. Dank der hohen Besucherzahl sind Hilfe (und viele andere Besucher) bei Bedarf in der N\u00e4he.<\/p>\n<p>Kurz gesagt: Ein Ausflug nach Ouray ist ebenso von Einfachheit wie von Pracht gepr\u00e4gt. Die Stadt selbst vermittelt den Charme vergangener Zeiten \u2013 Gaslaternen, eine einzige Ampel an der Hauptstra\u00dfe und ein freundlicher Verk\u00e4ufer im Gemischtwarenladen. Praktische Dinge sind unkompliziert, die Einrichtungen im Ort sind einfach, aber sauber, und der wichtigste Ratschlag: Bereiten Sie sich auf die Bedingungen in den Bergen vor. Wenn Sie das tun, werden Sie mit einem warmen Bad in einem Mineralpool und einem alpinen Paradies belohnt, das in den Lower 48 seinesgleichen sucht.<a href=\"https:\/\/travelshelper.com\/de\/reiseziele\/nordamerika\/vereinigte-staaten-von-amerika\/berkeley-springs\/\" target=\"_self\" aria-labelledby=\"uael-post-8997\"><br \/>\n<\/a><\/p>","protected":false},"excerpt":{"rendered":"<p>Ouray ist eine wundersch\u00f6ne, selbstverwaltete Gemeinde in den San Juan Mountains in Colorado, USA. Laut der Volksz\u00e4hlung von 2020 hat diese kleine Stadt \u2013 der Verwaltungssitz von Ouray County \u2013 898 Einwohner. Die Postleitzahl des Postamts von Ouray lautet 81427. Mit einer H\u00f6he von 2.375 Metern (7.492 Fu\u00df) gilt Ouray mit seiner herrlichen alpinen Umgebung und den atemberaubenden Ausblicken zu Recht als \u201eSchweiz Amerikas\u201c.<\/p>","protected":false},"author":1,"featured_media":23306,"parent":8072,"menu_order":0,"comment_status":"closed","ping_status":"closed","template":"elementor_theme","meta":{"_eb_attr":"","footnotes":""},"class_list":["post-8958","page","type-page","status-publish","has-post-thumbnail"],"_links":{"self":[{"href":"https:\/\/travelshelper.com\/de\/wp-json\/wp\/v2\/pages\/8958","targetHints":{"allow":["GET"]}}],"collection":[{"href":"https:\/\/travelshelper.com\/de\/wp-json\/wp\/v2\/pages"}],"about":[{"href":"https:\/\/travelshelper.com\/de\/wp-json\/wp\/v2\/types\/page"}],"author":[{"embeddable":true,"href":"https:\/\/travelshelper.com\/de\/wp-json\/wp\/v2\/users\/1"}],"replies":[{"embeddable":true,"href":"https:\/\/travelshelper.com\/de\/wp-json\/wp\/v2\/comments?post=8958"}],"version-history":[{"count":0,"href":"https:\/\/travelshelper.com\/de\/wp-json\/wp\/v2\/pages\/8958\/revisions"}],"up":[{"embeddable":true,"href":"https:\/\/travelshelper.com\/de\/wp-json\/wp\/v2\/pages\/8072"}],"wp:featuredmedia":[{"embeddable":true,"href":"https:\/\/travelshelper.com\/de\/wp-json\/wp\/v2\/media\/23306"}],"wp:attachment":[{"href":"https:\/\/travelshelper.com\/de\/wp-json\/wp\/v2\/media?parent=8958"}],"curies":[{"name":"wp","href":"https:\/\/api.w.org\/{rel}","templated":true}]}}