{"id":8782,"date":"2024-09-05T11:38:47","date_gmt":"2024-09-05T11:38:47","guid":{"rendered":"https:\/\/travelshelper.com\/staging\/?page_id=8782"},"modified":"2026-03-13T17:34:44","modified_gmt":"2026-03-13T17:34:44","slug":"colorado-springs","status":"publish","type":"page","link":"https:\/\/travelshelper.com\/de\/destinations\/north-america\/united-states\/colorado-springs\/","title":{"rendered":"Colorado Springs"},"content":{"rendered":"<p>Colorado Springs liegt am Fu\u00dfe der Rocky Mountains und ist eine hochgelegene Stadt, die f\u00fcr ihre beeindruckende Natur und ihr milit\u00e4risches Erbe bekannt ist. Mit 478.961 Einwohnern im Jahr 2020 ist sie die zweitgr\u00f6\u00dfte Stadt Colorados (nach Denver) und etwa die 40. gr\u00f6\u00dfte in den USA. Bemerkenswerterweise wuchs die Bev\u00f6lkerung von 2010 bis 2020 um 15 %, was die boomende Wirtschaft und Attraktivit\u00e4t der Stadt widerspiegelt. Die gr\u00f6\u00dfere Pikes-Peak-Region (Colorado Springs MSA) z\u00e4hlt etwa 755.000 Einwohner.<\/p>\n<p>Die Wirtschaft ist robust und vielf\u00e4ltig: Milit\u00e4r und Verteidigung, Hightech-Industrie und Tourismus bilden die wichtigsten S\u00e4ulen. Die Stadt beherbergt mehrere Standorte der US Air Force (Peterson Space Force Base, Schriever Space Force Base, Cheyenne Mountain Space Force Station und die US Air Force Academy au\u00dferhalb der Stadtgrenzen), was die R\u00fcstungsindustrie zu einem wichtigen Arbeitgeber macht. Auch die Technologie- und Dienstleistungsbranche w\u00e4chst. Besonders wichtig ist der Tourismus: 2018 kamen \u00fcber 23 Millionen Besucher in die Region und generierten einen Wirtschaftswert von 2,4 Milliarden US-Dollar, angezogen von Naturattraktionen und Freizeitm\u00f6glichkeiten.<\/p>\n<p>Colorado Springs liegt in Zentral-Colorado, 111 Kilometer s\u00fcdlich von Denver an der I-25. Die Stadt liegt in einem halbtrockenen Hochgebirgsbecken auf etwa 1.839 Metern \u00fcber dem Meeresspiegel am \u00f6stlichen Rand der s\u00fcdlichen Rocky Mountains. Der Pikes Peak (4.395 Meter) erhebt sich unmittelbar im Westen, und die Stadt wird von Bergketten und W\u00fcstenhochebenen eingerahmt. Im Osten erstrecken sich die weiten Hochebenen. Der Garden of the Gods (ein \u00f6ffentlicher Park) mit seinen beeindruckenden roten Sandsteinformationen liegt am nordwestlichen Rand der Stadt. Wichtige Stadtteile und Sehensw\u00fcrdigkeiten schmiegen sich an die Ausl\u00e4ufer der Berge oder folgen dem Fountain Creek. Die geografische Lage verleiht Colorado Springs das Flair einer \u201eAlpenstadt\u201c, obwohl es weit von der eigentlichen Alpenzone entfernt liegt.<\/p>\n<p>Das Klima ist bemerkenswert: halbtrockenes Kontinentalklima mit starken Gebirgseinfl\u00fcssen. Colorado Springs genie\u00dft reichlich Sonnenschein (rund 243 Sonnentage im Jahr) und eine niedrige Luftfeuchtigkeit. Die Sommer sind warm (H\u00f6chsttemperaturen oft zwischen 26 und 32 \u00b0C) und trocken, mit k\u00fchlen N\u00e4chten. Die Winter sind im Allgemeinen mild, k\u00f6nnen aber stark variieren \u2013 die Stadt profitiert von Chinook-Winden, die die Wintertage schnell erw\u00e4rmen, dennoch gibt es im Winter Schnee und Frost. Die durchschnittliche Schneefallmenge ist moderat (rund 76 cm\/Jahr) \u2013 Schneefall schmilzt oft schnell unter Sonne oder warmen Winden. Besucher sollten mehrere Schichten Kleidung einpacken: Aufgrund der H\u00f6henlage k\u00f6nnen selbst Sommernachmittage k\u00fchl sein, und die UV-Strahlung ist das ganze Jahr \u00fcber stark.<\/p>\n<p>Die Region um Colorado Springs hat tiefe Wurzeln: Die ersten Bewohner waren die Ute, Arapaho und Cheyenne. Nach dem Louisiana Purchase 1803 war das Gebiet zwischen mehreren Nationen umstritten. 1859 f\u00fchrte das Goldrausch zur Gr\u00fcndung von Colorado City (heute Teil von Colorado Springs) am Zusammenfluss von Fountain Creek und Camp Creek. F\u00fcr kurze Zeit (1861\u201362) diente es als erste Hauptstadt des Colorado-Territoriums. 1871 tr\u00e4umte der Eisenbahnmagnat General William Jackson Palmer von einem Ferienort in der N\u00e4he des Pikes Peak, der wohlhabende Oststaatler anziehen sollte, die Erholung und Erholung suchten. Er gr\u00fcndete die Colorado Springs Company und legte die \u201eFountain Colony\u201c an, die bald in Colorado Springs umbenannt wurde. Die Stadt wurde 1871 eingemeindet, was den Eisenbahn- und Bergbauboom in Colorado widerspiegelte.<\/p>\n<p>Den fr\u00fchen Spitznamen \u201eLittle London\u201c erhielt Colorado Springs, weil Palmer viele britische Einwanderer anzog und so ein kosmopolitisches Flair verlieh. Das Broadmoor Resort wurde 1891 als luxuri\u00f6ses Hotel mit Golfplatz er\u00f6ffnet und signalisierte damit Colorado Springs\u2018 Ambitionen, ein Ferienort zu werden. Nikola Tesla errichtete hier 1899 sogar eine Versuchsstation, angezogen von der H\u00f6he und den elektrischen Quellen. Die milit\u00e4rische Pr\u00e4senz wuchs w\u00e4hrend und nach dem Zweiten Weltkrieg: Fort Carson (damals Camp Carson) wurde 1941 gegr\u00fcndet, gefolgt von Peterson Field (ab 1942 St\u00fctzpunkt der USAF) und dem nahe gelegenen NORAD-Hauptquartier in Cheyenne Mountain w\u00e4hrend des Kalten Krieges. Insbesondere der Luftwaffenst\u00fctzpunkt Ent (geschlossen 1976) und seine Wiederverwendung als Air Force Academy (gegr\u00fcndet 1954) machten Colorado Springs zu einem dauerhaften Zentrum der Luftwaffe.<\/p>\n<p>Im 20. Jahrhundert war Colorado Springs vor allem eine ruhige Milit\u00e4r- und Ferienstadt. Die Wirtschaft der Stadt blieb mit Verteidigung und Tourismus verbunden. Die sch\u00f6ne Natur zog Outdoor-Enthusiasten an, und rund um Pikes Peak und den Garden of the Gods entstanden zahlreiche Wander-, Kletter- und Wintersporttraditionen. Eine Randbemerkung der modernen Geschichte: Colorado Springs wurde im sp\u00e4ten 20. Jahrhundert als \u201eEvangelischer Vatikan\u201c bekannt (viele religi\u00f6se Organisationen hatten hier ihren Hauptsitz), obwohl dies eher eine breitere kulturelle Bedeutung als eine Touristenattraktion hat. Wichtige Ereignisse der j\u00fcngeren Vergangenheit sind die verheerenden Waldbr\u00e4nde in den 2010er Jahren (Waldo Canyon Fire, Black Forest Fire), die die N\u00e4he der Stadt zur Wildnis deutlich machten, und die Er\u00f6ffnung neuer Attraktionen wie des US Olympic &amp; Paralympic Museum (2020). Colorado Springs ist seit jeher ein Outdoor-Paradies geblieben, das rund um das Erbe des Pikes Peak errichtet wurde (das Lied \u201eAmerica the Beautiful\u201c wurde von den Ausblicken auf den Pikes Peak inspiriert).<\/p>\n<p>Die Kultur von Colorado Springs verbindet die raue Natur der Region mit familienfreundlicher H\u00f6flichkeit. Das Leben ist gem\u00e4\u00dfigt: nicht so hektisch wie in Denver oder Seattle, aber gesch\u00e4ftiger als in einer l\u00e4ndlichen Stadt. Die Stadt gilt als konservativ (vor allem in sozialer Hinsicht), aber auch als sehr philanthropisch und gemeinschaftsorientiert. Die Einwohner sind in der Regel gesundheitsbewusst und aktiv; Mountainbiken, Wandern und Skifahren geh\u00f6ren zum Leben dazu. Englisch ist die Hauptsprache, in vielen Vierteln ist jedoch auch Spanisch \u00fcblich.<\/p>\n<p>Lokale Traditionen und Veranstaltungen drehen sich um Natur und Gemeinschaft. Der Labor Day Lift-Off ist eines der gr\u00f6\u00dften Hei\u00dfluftballonfestivals des Landes und bedeckt den Himmel \u00fcber dem Memorial Park mit Hunderten von Ballons. Colorado Springs ist au\u00dferdem Gastgeber des PrideFest (Juli), des Greek Festivals und verschiedener Kunstveranstaltungen. Jedes Fr\u00fchjahr finden in Zusammenarbeit mit dem Denver Botanic Gardens die ber\u00fchmten j\u00e4hrlichen Gartenschauen im Stil der Dallas Blooms statt (obwohl \u201eBlooms\u201c Denver geh\u00f6rt, gibt es in Colorado Springs ein kleineres \u201eSpring Planting Festival\u201c im Botanischen Garten und Ostereierfl\u00fcge). Die Emma Crawford Coffin Races im nahegelegenen Manitou Springs sind eine skurrile lokale Legende (geschm\u00fcckte S\u00e4rge fahren einen H\u00fcgel hinunter zu Ehren einer irischen Einwandererlegende). Die Gastronomieszene der Stadt ist gepr\u00e4gt von s\u00fcdwestlichen Aromen: Freuen Sie sich auf gr\u00fcne Chilis, Craft-Brauereien (\u00fcber 30 in der Pikes-Peak-Region) und eine boomende \u201eFarm-to-Table\u201c-Bewegung. Im April findet das Pikes Peak Green Chili Festival statt, bei dem die K\u00fcche Colorados gefeiert wird (Green-Chili-Cheeseburger usw.).<\/p>\n<p>Der Charakter der Viertel variiert: Old Colorado City und Manitou Springs (heute am westlichen Stadtrand) bieten historische Backsteinfassaden und Kunsthandwerksl\u00e4den, die die fr\u00fche Siedlerzeit Colorados widerspiegeln. Die Innenstadt ist eher von Unternehmen gepr\u00e4gt, beherbergt aber mittlerweile Galerien und das American Mountaineering Center. Die allgemeine Atmosph\u00e4re ist freundlich: Einheimische gr\u00fc\u00dfen Wanderer auf Wanderwegen, feuern die Air Force Academy Falcons (NCAA-Footballteam) an oder unterhalten sich \u00fcber die neuesten Gemeindeveranstaltungen. Es herrscht ein subtiles Western-Flair \u2013 Sie k\u00f6nnen Cowboystiefel und -h\u00fcte auf der Main Street entdecken \u2013, das jedoch mit dem Bergmodernismus (Technologieunternehmen, Biowissenschaften) koexistiert. Anders als manche Gro\u00dfst\u00e4dte wirkt Colorado Springs famili\u00e4r; die Leute kennen oft ihre Nachbarn, und es herrscht ein allgemeiner Respekt vor der Natur (Recycling wird gro\u00dfgeschrieben, ebenso wie geplante \u201egr\u00fcne\u201c Gemeinden).<\/p>\n<p>Die Bergkulisse von Colorado Springs bietet einzigartige Sehensw\u00fcrdigkeiten. Allen voran der Pikes Peak selbst. Besucher k\u00f6nnen mit der historischen Pikes-Peak-Zahnradbahn (gerade nach Sanierung wiederer\u00f6ffnet) oder \u00fcber den Pikes-Peak-Highway zum Gipfel fahren, wo 2021 ein neuer Komplex (Souvenirladen, Aussicht) er\u00f6ffnet wurde. Das Gipfelpanorama (eingefangen im Lied \u201eAmerica the Beautiful\u201c von 1893) zieht Wanderer und Besucher an. Der nahe gelegene Garden of the Gods ist ein spektakul\u00e4rer Park mit hoch aufragenden roten Sandsteinfelsen und balancierenden Felsen. Der Eintritt ist frei und bietet M\u00f6glichkeiten zum Wandern, Klettern, Radfahren und sogar kostenlose Yoga-Kurse unter Klippen. Besucher k\u00f6nnen mit dem Auto durchfahren oder an gef\u00fchrten Touren teilnehmen; die Sonnenunterg\u00e4nge hier sind daf\u00fcr bekannt, die Felsen golden zu f\u00e4rben.<\/p>\n<p>Die historische Air Force Academy (n\u00f6rdlich der Stadt) zieht zahlreiche Besucher an: Ihre futuristische Kadettenkapelle ist ein architektonisches Wunderwerk, und das Besucherzentrum bietet F\u00fchrungen \u00fcber den Paradeplatz und das Gel\u00e4nde an. Das US Olympic and Paralympic Training Center beherbergt ein \u00f6ffentliches Besucherzentrum, in dem man Athleten beim Training beobachten kann (viele Fernsehbildschirme). 2020 wurde in der Innenstadt das US Olympic &amp; Paralympic Museum er\u00f6ffnet \u2013 ein Museum aus gl\u00e4nzendem Glas und Marmor, das der Geschichte des US-Teams gewidmet ist. Der Cheyenne Mountain in der N\u00e4he von Colorado Springs verbirgt das ber\u00fchmte NORAD Combat Operations Center, dessen H\u00f6hlenf\u00fchrungen nach vorheriger Reservierung angeboten werden (besonders interessant f\u00fcr Fans der Geschichte des Kalten Krieges).<\/p>\n<p>Im Bildungs- und Kulturbereich spiegelt die ProRodeo Hall of Fame (mit Rodeo-Stars) in Colorado Springs die Wurzeln des amerikanischen Westens wider. Das Colorado Springs Pioneer Museum bietet Ausstellungen zur lokalen Geschichte. Natur- und Wissenschaftsattraktionen gibt es in H\u00fclle und F\u00fclle: Der Cheyenne Mountain Zoo besticht durch seine einzigartige Lage am Berghang und seine vielen Tiere (man kann Giraffen auf einem H\u00fcgel f\u00fcttern), und die Seven Falls (eine Reihe von sieben Wasserf\u00e4llen in einem Canyon) sind nur eine kurze Autofahrt entfernt und \u00e4u\u00dferst fotogen. Etwas n\u00e4her gelegen, lockt das Penrose Heritage Museum (Milit\u00e4rfahrzeuge) Fans der Milit\u00e4rgeschichte, und die Rock Ledge Ranch Historic Site l\u00e4sst das Leben der Pioniere nacherleben.<\/p>\n<p>F\u00fcr Familienspa\u00df sorgen die Manitou Cave of the Winds (eine Stalaktitentour) und in der N\u00e4he des Pikes Peak der Will Rogers Shrine of the Sun (Panoramablick). In der Innenstadt finden Sie die Kissing Camels Sculpture, das Colorado Springs Fine Arts Center sowie historische Museen und botanische G\u00e4rten. Ein Spaziergang durch die Gesch\u00e4fte der Altstadt von Colorado City oder \u00fcber die Tejon Street (einen st\u00e4dtischen Platz) in der Innenstadt vermittelt einen Eindruck vom Stadtleben. Saisonale Veranstaltungen wie der Garden of the Gods Trail Marathon oder der Ausdauermarathon Pikes Peak Ascent &amp; Marathon ziehen j\u00e4hrlich L\u00e4ufer an.<\/p>\n<p>Die Anreise nach Colorado Springs ist unkompliziert. Der n\u00e4chstgelegene Flughafen ist der Colorado Springs Airport (COS), der Fl\u00fcge von wichtigen Drehkreuzen (Atlanta, Dallas, Chicago, Denver usw.) abwickelt. Der Denver International Airport liegt 1\u20132 Stunden n\u00f6rdlich und bietet deutlich mehr internationale Verbindungen. Die I-25 verl\u00e4uft in Nord-S\u00fcd-Richtung durch die Stadt und verbindet Denver und Albuquerque. Es gibt auch eine Amtrak-Verbindung (\u201ePikes Peak Flyer\u201c f\u00fcr kurze Fahrten nach Denver), jedoch keinen Fernverkehr mehr (der Rocky Mountaineer-Zug nach Denver wurde 2018 eingestellt).<\/p>\n<p>Innerhalb der Stadt decken \u00f6ffentliche Verkehrsmittel (Busse des Mountain Metropolitan Transit) viele Stadtteile ab. Um verstreute Sehensw\u00fcrdigkeiten wie den Garden of the Gods zu erreichen, sind Mietwagen, Autos oder Mitfahrgelegenheiten jedoch bequemer. Die Innenstadt l\u00e4sst sich gut zu Fu\u00df erkunden, und der kostenlose Shuttlebus \u201eDowntown Circulator\u201c f\u00e4hrt das Zentrum an. Die Stadt ist fahrradfreundlich und verf\u00fcgt \u00fcber viele Radwege (wie den Pikes Peak Greenway entlang des Fountain Creek). Colorado Springs ist f\u00fcr Touristen recht sicher; selbst nachts ist die Innenstadt ruhig, dennoch ist zu sp\u00e4ter Stunde Vorsicht geboten. Aufgrund der d\u00fcnnen H\u00f6henluft sollten Neuank\u00f6mmlinge ausreichend trinken und \u00dcberanstrengungen vermeiden, bis sie sich akklimatisiert haben. Sonnenschutz ist auch bei k\u00fchlem Wetter ein Muss, und Abendjacken sind aufgrund der h\u00f6henbedingten Temperaturabf\u00e4lle das ganze Jahr \u00fcber ratsam.<\/p>\n<p>Trinkgeld und Etikette entsprechen den US-amerikanischen Normen. Englisch ist allgemein \u00fcblich; Spanisch ist in manchen Gegenden \u00fcblich. W\u00e4hrung ist US-Dollar. Die Einzelhandelspreise k\u00f6nnen aufgrund der h\u00f6heren Lebenshaltungskosten in Colorado etwas h\u00f6her als der Durchschnitt sein. Beachten Sie au\u00dferdem, dass in Colorado Springs kein Marihuana-Verkauf f\u00fcr den Freizeitgebrauch erlaubt ist (nur medizinische Abgabestellen), anders als in Denver, das nur eine kurze Autofahrt entfernt liegt.<\/p>\n<p>Kurz gesagt: Colorado Springs bietet eine unvergleichliche Mischung aus Natursch\u00f6nheit und amerikanischem Westernerbe. Besucher erleben eine familienfreundliche Outdoor-Kultur \u2013 von Panorama-Bergpanoramen \u00fcber Rodeos in der Heimatstadt bis hin zu Luft- und Raumfahrtausstellungen \u2013 und das alles mit der frischen Luft und dem \u201eCowboy trifft Wissenschaftler\u201c-Flair, das diese schnell wachsende Rocky-Mountain-Stadt auszeichnet.<a href=\"https:\/\/travelshelper.com\/de\/reiseziele\/nordamerika\/vereinigte-staaten-von-amerika\/berkeley-springs\/\" target=\"_self\" aria-labelledby=\"uael-post-8997\"><br \/>\n<\/a><\/p>","protected":false},"excerpt":{"rendered":"<p>Colorado Springs, der Verwaltungssitz des El Paso County, Colorado, ist eine dynamische Stadt mit 478.961 Einwohnern (Stand: Volksz\u00e4hlung 2020). Die bev\u00f6lkerungsreichste Stadt im El Paso County verzeichnet seit 2010 einen bemerkenswerten Zuwachs von 15,02 %. Diese Entwicklung unterstreicht ihre Attraktivit\u00e4t und die Lebensqualit\u00e4t, die sie bietet. Colorado Springs ist die 40. bev\u00f6lkerungsreichste Stadt der Vereinigten Staaten und nicht nur die zweitgr\u00f6\u00dfte Stadt Colorados, sondern auch die fl\u00e4chengr\u00f6\u00dfte mit einer enormen Fl\u00e4che. Als zweitbekannteste Stadt im Front Range Urban Corridor ist Colorado Springs die Hauptstadt der Metropolregion Colorado Springs mit 755.105 Einwohnern im Jahr 2020.<\/p>","protected":false},"author":1,"featured_media":4116,"parent":8072,"menu_order":0,"comment_status":"closed","ping_status":"closed","template":"elementor_theme","meta":{"_eb_attr":"","footnotes":""},"class_list":["post-8782","page","type-page","status-publish","has-post-thumbnail"],"_links":{"self":[{"href":"https:\/\/travelshelper.com\/de\/wp-json\/wp\/v2\/pages\/8782","targetHints":{"allow":["GET"]}}],"collection":[{"href":"https:\/\/travelshelper.com\/de\/wp-json\/wp\/v2\/pages"}],"about":[{"href":"https:\/\/travelshelper.com\/de\/wp-json\/wp\/v2\/types\/page"}],"author":[{"embeddable":true,"href":"https:\/\/travelshelper.com\/de\/wp-json\/wp\/v2\/users\/1"}],"replies":[{"embeddable":true,"href":"https:\/\/travelshelper.com\/de\/wp-json\/wp\/v2\/comments?post=8782"}],"version-history":[{"count":0,"href":"https:\/\/travelshelper.com\/de\/wp-json\/wp\/v2\/pages\/8782\/revisions"}],"up":[{"embeddable":true,"href":"https:\/\/travelshelper.com\/de\/wp-json\/wp\/v2\/pages\/8072"}],"wp:featuredmedia":[{"embeddable":true,"href":"https:\/\/travelshelper.com\/de\/wp-json\/wp\/v2\/media\/4116"}],"wp:attachment":[{"href":"https:\/\/travelshelper.com\/de\/wp-json\/wp\/v2\/media?parent=8782"}],"curies":[{"name":"wp","href":"https:\/\/api.w.org\/{rel}","templated":true}]}}