{"id":8773,"date":"2024-09-04T20:45:01","date_gmt":"2024-09-04T20:45:01","guid":{"rendered":"https:\/\/travelshelper.com\/staging\/?page_id=8773"},"modified":"2026-03-13T17:34:10","modified_gmt":"2026-03-13T17:34:10","slug":"kolumbus","status":"publish","type":"page","link":"https:\/\/travelshelper.com\/de\/destinations\/north-america\/united-states\/columbus\/","title":{"rendered":"Kolumbus"},"content":{"rendered":"<p>Columbus ist die Hauptstadt und das Herz von Ohio, einer Stadt, die sich von einer ruhigen Stadt im Mittleren Westen zu einem dynamischen urbanen Zentrum neu erfindet. Mit 905.748 Einwohnern im Jahr 2020 ist Columbus die gr\u00f6\u00dfte Stadt Ohios und die 14.-gr\u00f6\u00dfte der USA. Der Ballungsraum mit zehn Countys beherbergt etwa 2,14 Millionen Menschen und ist damit der gr\u00f6\u00dfte Ballungsraum, der vollst\u00e4ndig in Ohio liegt. Die Wirtschaft von Columbus ist vielf\u00e4ltig und w\u00e4chst: Sie beherbergt die weltweit gr\u00f6\u00dfte private Forschungs- und Entwicklungsorganisation (Battelle Memorial Institute) und den Chemical Abstracts Service, was ihre St\u00e4rke in Wissenschaft und Technologie widerspiegelt. Zu den wichtigsten Unternehmenszentralen z\u00e4hlen unter anderem OhioHealth (Gesundheitswesen), Nationwide Insurance, Cardinal Health, L Brands (ehemals The Limited) und Abercrombie &amp; Fitch. Die Stadt hat zwischen 2010 und 2017 rund 164.000 neue Arbeitspl\u00e4tze geschaffen und lag in diesem Zeitraum landesweit auf Platz zwei (ein Zeichen f\u00fcr robustes Wachstum). Zu den wichtigsten Sektoren z\u00e4hlen Bildung (die Ohio State University ist mit \u00fcber 60.000 Studierenden ein Top-Arbeitgeber), Versicherungen\/Finanzen, Einzelhandel, Logistik, Technologie und Forschung. Dank dieser breiten Basis hat Columbus Konjunkturabschw\u00fcnge weitgehend besser \u00fcberstanden als viele vergleichbare Standorte.<\/p>\n<p>Columbus liegt im Zentrum von Ohio (im Franklin County), etwa auf halbem Weg zwischen Cleveland und Cincinnati. Das Gel\u00e4nde ist \u00fcberwiegend flach bis leicht h\u00fcgelig; eine Besonderheit sind die vielen kleinen Wassereinzugsgebiete (Olentangy und Scioto River), die die \u00f6rtlichen Parks und Seengebiete speisen. Der Scioto Mile Greenway der Stadt hat das Flussufer der Innenstadt neu belebt und verbindet Parks, Wanderwege und Brunnen entlang des Scioto River. Columbus liegt auf etwa 40\u00b0 n\u00f6rdlicher Breite und geh\u00f6rt zur feucht-kontinentalen Klimazone. Die Sommer sind warm und feucht und erreichen oft Temperaturen zwischen 27 und 32 \u00b0C, w\u00e4hrend die Winter kalt sind (mit durchschnittlichen Tiefsttemperaturen um -6 \u00b0C). Die Schneef\u00e4lle sind m\u00e4\u00dfig, aber weniger intensiv als in Nord-Ohio (aufgrund der Lage von Columbus bleibt die Stadt von starkem Seeeffektschnee verschont). Besucher erleben vier ausgepr\u00e4gte Jahreszeiten: lebhafte Fr\u00fchlinge, manchmal schw\u00fcle Sommer, k\u00fchle Herbste und frostige Winter.<\/p>\n<p>Das Gebiet, aus dem sp\u00e4ter Columbus entstand, geh\u00f6rte nach dem Unabh\u00e4ngigkeitskrieg urspr\u00fcnglich zum Milit\u00e4rbezirk Virginia; Siedlungen entstanden dort bereits Anfang des 19. Jahrhunderts. Die Stadt wurde 1812 gegr\u00fcndet (offiziell eingetragen), nach Christoph Kolumbus benannt und 1816 zur Hauptstadt Ohios gew\u00e4hlt, vor allem um ihre zentrale Lage im Bundesstaat zu sichern. Urspr\u00fcnglich als Rasterstadt geplant, wuchs sie zun\u00e4chst langsam. Ein Kanal (Ohio-Erie-Kanal) und sp\u00e4ter die Eisenbahn f\u00fchrten im 19. Jahrhundert zu einem Bev\u00f6lkerungsboom. Europ\u00e4ische Einwanderer \u2013 insbesondere Deutsche und Iren \u2013 kamen in Wellen, lie\u00dfen sich in den Au\u00dfenbezirken nieder und trugen zur Brauerei- und Kirchengemeinde bei. W\u00e4hrend die deutsche Bev\u00f6lkerung Brauereien und Universit\u00e4ten gr\u00fcndete, entwickelte sich Columbus zu einer vielf\u00e4ltigen Stadt im Mittleren Westen.<\/p>\n<p>Nach dem Zweiten Weltkrieg expandierte Columbus physisch (und wurde fl\u00e4chenm\u00e4\u00dfig zu einer der gr\u00f6\u00dften St\u00e4dte des Staates) und wirtschaftlich. Es war weniger industriell gepr\u00e4gt und st\u00e4rker von Angestellten gepr\u00e4gt als die \u00e4lteren St\u00e4dte des Rust Belt, was dazu beitrug, einen starken Niedergang zu vermeiden. Zu den wichtigsten historischen Wahrzeichen z\u00e4hlen das Ohio Statehouse (fertiggestellt 1861 im Greek-Revival-Stil der Stadt), Short North und German Village (Brauerei- und Einwandererviertel) aus dem 19. Jahrhundert sowie Institutionen wie die Ohio Wesleyan University. In j\u00fcngerer Zeit wurde Columbus einer st\u00e4dtischen Revitalisierung unterzogen: Die Innenstadt wurde mit Technologiefirmen, Wohnt\u00fcrmen und Parks neu bebaut. In den 1990er und 2000er Jahren wurden alte Viertel umgestaltet: Short North wurde zu einem Kunstzentrum, das Arena District (erbaut rund um die Nationwide Arena) entstand, und Orte wie das German Village wurden sorgf\u00e4ltig erhalten. Columbus hat aber auch eine Schattenseite: 2017 war die Stadt Austragungsort der \u201eUnite the Right\u201c-Kundgebung (bei der es zu Gewalt vor dem Statehouse kam), von der sich die Stadt inzwischen weitgehend erholt hat. Heute vermarktet sie sich als zukunftsorientierte Stadt (sie gewann beispielsweise 2018 einen \u201eSmart City\u201c-Innovationswettbewerb), doch ihre Geschichte ist in jeder wiederaufgebauten Stra\u00dfe und jedem neu konzipierten Stadtviertel sichtbar.<\/p>\n<p>Columbus ist jung, vielseitig und unternehmerisch. Mit einer gro\u00dfen Studentenschaft (Ohio State) und einer wachsenden Kunstszene spr\u00fcht die Stadt vor Energie, ohne die Hektik einer K\u00fcstenmetropole. Der lokale Charakter spiegelt die Freundlichkeit des Mittleren Westens wider: Die Menschen sind kontaktfreudig (\u201esprechen mit Ihnen wie mit einem Nachbarn\u201c), kreativ und b\u00fcrgerschaftlich engagiert. Columbus feiert seinen Multikulturalismus. Die Bev\u00f6lkerungsstruktur ver\u00e4ndert sich rasant, mit einem Anstieg der hispanischen, afrikanischen, asiatischen, somalischen, bhutanischen und nah\u00f6stlichen Bev\u00f6lkerung in den letzten Jahrzehnten. Diese Vielfalt spiegelt sich in den Stadtteilen und Festen wider.<\/p>\n<p>Die Traditionen von Columbus sind eine Mischung aus Kleinstadtflair und Gro\u00dfstadtflair. Die Stadt ist Gastgeber der j\u00e4hrlichen Ohio State Fair (Ende Juli\u2013August), einer der gr\u00f6\u00dften Jahrm\u00e4rkte des Landes, der mit Fahrgesch\u00e4ften, Vieh und riesigen Butterskulpturen Familien aus dem ganzen Bundesstaat anzieht. Das Columbus Arts Festival und das Jazz &amp; Rib Fest (sommerliche Kunst- und Musikveranstaltungen am Flussufer) ziehen das lokale Publikum an. Musik ist gro\u00df: Jeden Juni findet in der Nationwide Arena das Sonic Temple Art &amp; Music Festival (Rock\/Alternative) statt, das das alte Rock on the Range ersetzt. Das Pride Weekend im Juni ist riesig \u2013 Columbus z\u00e4hlt zu den gr\u00f6\u00dften Pride-Feiern der USA und pr\u00e4sentiert seine gro\u00dfe LGBT-Community (sch\u00e4tzungsweise 34.000 Mitglieder). Das ComFest (Goodale Park, letztes Juniwochenende) ist ein bekanntes, vielseitiges Sommerstra\u00dfenfest, das als das gr\u00f6\u00dfte des Landes gilt. <em>nicht kommerziell<\/em> Musik- und Kunstfestival. Jedes Jahr am 4. Juli findet am Scioto River das \u201eRed, White &amp; Boom\u201c-Feuerwerk statt, das \u00fcber eine halbe Million Menschen anzieht. Zahlreiche saisonale Festivals finden statt: Gallery Hops in Short North (monatlicher Kunstspaziergang), das Oktoberfest im German Village im September und das j\u00e4hrliche \u201eBoo at the Zoo\u201c im Columbus Zoo im Oktober.<\/p>\n<p>Die Atmosph\u00e4re der Viertel ist unterschiedlich: Im Short North Arts District wimmelt es von Galerien, Wandmalereien und trendigen Restaurants \u2013 er liegt in der N\u00e4he der Innenstadt und ist gut zu Fu\u00df erreichbar. German Village mit seinen Backsteinstra\u00dfen und Blumenk\u00e4sten wirkt wie eine malerische alte europ\u00e4ische Stadt (hier finden viele der oben genannten Festivals statt). Die viktorianischen H\u00e4user im Victorian Village und Italian Village strahlen Charakter aus. Im Arena District treffen sich die Leute zu Hockeyspielen und Sportbars. Clintonville und Upper Arlington n\u00f6rdlich des Campus sind gr\u00fcne Vorstadtviertel. \u00dcberall in der Stadt herrscht ein starkes Gemeinschaftsgef\u00fchl; \u00fcberall sind Flaggen und Wandmalereien mit lokalen Pride-Symbolen zu sehen.<\/p>\n<p>Die Attraktionen von Columbus vereinen Familienspa\u00df mit kulturellem Tiefgang. Besonders hervorzuheben ist der Campus der Ohio State University (obwohl er nicht unbedingt eine Touristenattraktion ist, ist er riesig \u2013 sehen Sie das Oval, das OSU-Stadion \u201eThe Shoe\u201c aus Backstein und die Architektur des Wexner Centers). Zu den Highlights in der Innenstadt z\u00e4hlen das Ohio Statehouse (F\u00fchrungen durch das Kapitol) und das Columbus Museum of Art (amerikanische und europ\u00e4ische Kunst sowie der originelle \u201eTopiary Park\u201c). Die Uferpromenade Scioto Mile bietet Springbrunnen, Amphitheater und einen fantastischen Blick auf die Skyline.<\/p>\n<p>Familien str\u00f6men ins COSI (Center of Science and Industry) \u2013 ein riesiges interaktives Wissenschaftsmuseum f\u00fcr alle Altersgruppen. Der Columbus Zoo and Aquarium (etwa 16 Kilometer n\u00f6rdlich, bekannt geworden durch Jack Hanna) z\u00e4hlt regelm\u00e4\u00dfig zu den besten Zoos Amerikas und bietet ein neues Eisb\u00e4rengehege und einen Safaripark. Das nahe gelegene Newport Aquarium (auf der anderen Seite des Flusses in Kentucky) ist ebenfalls beliebt. Das Franklin Park Conservatory &amp; Botanical Gardens ist ein Muss f\u00fcr Pflanzenliebhaber (verpassen Sie nicht die Chihuly-Glasausstellungen in den Gew\u00e4chsh\u00e4usern). Geschichtsinteressierte kommen im Ohio History Center &amp; Ohio Village (Freilichtmuseum) auf ihre Kosten. Das German Village Visitor Center (Schiller Park) und der Goodale Park sind angenehme st\u00e4dtische Gr\u00fcnfl\u00e4chen.<\/p>\n<p>Zu den ungew\u00f6hnlichen Sehensw\u00fcrdigkeiten z\u00e4hlen die Wandmalereien von Short North, das Legoland Discovery Center und das skurrile Karussell des Center for Science and Industry. Sportst\u00e4tten \u2013 das Ohio Stadium (Football der Buckeyes) und die Nationwide Arena (Hockey der Blue Jackets) \u2013 ziehen selbst Besucher an, ebenso wie saisonale College-Football-Touristen. In der Hauptfiliale der Columbus Metropolitan Library (einem ehemaligen Waffenlager) finden regelm\u00e4\u00dfig Kunstmessen und Installationen statt.<\/p>\n<p>Einkaufs-\/Touristenviertel: Das Easton Town Center (ein exklusives Open-Air-Einkaufszentrum) und das Polaris Fashion Place (ein Modezentrum) sind beliebte Einkaufszentren. F\u00fcr ein lokales Erlebnis bietet der North Market (seit 1876) Weine aus Ohio, internationale Speisen und Festivals.<\/p>\n<p>Im Grunde ist Columbus der Charme einer einladenden \u201egro\u00dfen Kleinstadt\u201c: Es hat das Flair einer Elite-Liga (Profisport, Kongresszentrum, Landesregierung), wirkt aber dennoch \u00fcberschaubar und freundlich. Besucher finden hier moderne Annehmlichkeiten und ein lebendiges Nachtleben neben der typischen Gastfreundschaft des Mittleren Westens \u2013 eine faszinierende Kombination aus typisch amerikanischer Kultur des Mittleren Westens und progressiver Stadtkultur.<\/p>\n<p>Die Anreise nach Columbus ist einfach. Der John Glenn Columbus International Airport (CMH) liegt 9,6 km \u00f6stlich der Innenstadt und bietet Direktfl\u00fcge zu den meisten US-amerikanischen Drehkreuzen. Zu den Fluggesellschaften geh\u00f6ren American Airlines, Delta Airlines, Southwest Airlines und United Airlines. Die nationalen Amtrak-Linien (Cardinal und Capitol Limited) bedienen Columbus t\u00e4glich \u00fcber den Bahnhof Columbus. Die Interstates I-70 (Ost-West) und I-71 (Nord-S\u00fcd) verlaufen beide durch oder in der N\u00e4he des Stadtzentrums und verbinden Columbus mit Indianapolis, Pittsburgh, Cincinnati und Cleveland.<\/p>\n<p>Columbus verf\u00fcgt \u00fcber ein gut ausgebautes Verkehrsnetz (Busse der Central Ohio Transit Authority), doch viele Sehensw\u00fcrdigkeiten sind weit verstreut. F\u00fcr die Au\u00dfenbezirke kann ein Mietwagen oder die Nutzung von Mitfahrgelegenheiten notwendig sein. Die Innenstadt, Short North und der Campus der Ohio State University sind besonders fu\u00dfg\u00e4nger- und fahrradfreundlich (das Fahrradverleihsystem \u201eCoGo\u201c von Columbus verf\u00fcgt \u00fcber eigene Stationen). Das ausgedehnte Netz an Parks und Wanderwegen (einschlie\u00dflich des Scioto Greenway) macht Radfahren und Spazierengehen in vielen Teilen der Stadt angenehm.<\/p>\n<p>Reisetipps: Columbus ist f\u00fcr Touristen sehr sicher; die Gewaltkriminalit\u00e4t ist in Touristen- und Gesch\u00e4ftsvierteln gering. Trotzdem gilt wie in jeder Stadt: Halten Sie sich nachts in gut beleuchteten Gegenden auf und achten Sie auf Ihre Umgebung. Trinkgeld ist hier wie in den gesamten USA \u00fcblich (15\u201320 % in Restaurants). Die Gesetze zum \u00f6ffentlichen Trinken (offene Getr\u00e4nke) werden in der Innenstadt durchgesetzt. Die Landesw\u00e4hrung und die Landessprache entsprechen den \u00fcblichen US-amerikanischen Normen (US-Dollar und Englisch). Das Wetter kann wechselhaft sein: Die Sommer k\u00f6nnen hei\u00df sein (Sonnenschutz und ausreichende Fl\u00fcssigkeitszufuhr erforderlich), und die Winter k\u00f6nnen Seeeffekt- oder Sturmb\u00f6en mit sich bringen (packen Sie Mantel und Regenschirm ein). In Ohio sind au\u00dfer dem F\u00fchrerschein keine weiteren Reisedokumente erforderlich.<\/p>\n<p>Columbus ist eine aufstrebende Hauptstadt, die staatliche Regierungsfunktionen mit der Energie einer Universit\u00e4tsstadt und dynamischer Stadterneuerung verbindet. Die Stadt bietet eine Mischung aus dem Charme des Mittleren Westens, einer kreativen Kunstszene und \u00fcberraschend vielf\u00e4ltigen Attraktionen \u2013 von historischen D\u00f6rfern bis hin zu hochmodernen Wissenschaftszentren \u2013, die sie zu einem attraktiven Reiseziel im Mittleren Westen machen.<a href=\"https:\/\/travelshelper.com\/de\/reiseziele\/nordamerika\/vereinigte-staaten-von-amerika\/berkeley-springs\/\" target=\"_self\" aria-labelledby=\"uael-post-8997\"><br \/>\n<\/a><\/p>","protected":false},"excerpt":{"rendered":"<p>Columbus, die Hauptstadt und gr\u00f6\u00dfte Stadt Ohios, liegt am Zusammenfluss der Fl\u00fcsse Scioto und Olentangy. Laut der Volksz\u00e4hlung von 2020 betr\u00e4gt die Einwohnerzahl 905.748. Damit ist Columbus die 14. bev\u00f6lkerungsreichste Stadt der USA und nach Chicago die zweitgr\u00f6\u00dfte im Mittleren Westen. Der Verwaltungssitz des Franklin County ist diese pulsierende Stadt, die sich auch in Teile der Countys Delaware und Fairfield erstreckt und das Zentrum der Metropolregion Columbus bildet, die zehn Countys in Zentral-Ohio umfasst.<\/p>","protected":false},"author":1,"featured_media":3368,"parent":8072,"menu_order":0,"comment_status":"closed","ping_status":"closed","template":"elementor_theme","meta":{"_eb_attr":"","footnotes":""},"class_list":["post-8773","page","type-page","status-publish","has-post-thumbnail"],"_links":{"self":[{"href":"https:\/\/travelshelper.com\/de\/wp-json\/wp\/v2\/pages\/8773","targetHints":{"allow":["GET"]}}],"collection":[{"href":"https:\/\/travelshelper.com\/de\/wp-json\/wp\/v2\/pages"}],"about":[{"href":"https:\/\/travelshelper.com\/de\/wp-json\/wp\/v2\/types\/page"}],"author":[{"embeddable":true,"href":"https:\/\/travelshelper.com\/de\/wp-json\/wp\/v2\/users\/1"}],"replies":[{"embeddable":true,"href":"https:\/\/travelshelper.com\/de\/wp-json\/wp\/v2\/comments?post=8773"}],"version-history":[{"count":0,"href":"https:\/\/travelshelper.com\/de\/wp-json\/wp\/v2\/pages\/8773\/revisions"}],"up":[{"embeddable":true,"href":"https:\/\/travelshelper.com\/de\/wp-json\/wp\/v2\/pages\/8072"}],"wp:featuredmedia":[{"embeddable":true,"href":"https:\/\/travelshelper.com\/de\/wp-json\/wp\/v2\/media\/3368"}],"wp:attachment":[{"href":"https:\/\/travelshelper.com\/de\/wp-json\/wp\/v2\/media?parent=8773"}],"curies":[{"name":"wp","href":"https:\/\/api.w.org\/{rel}","templated":true}]}}