{"id":8754,"date":"2024-09-04T19:26:15","date_gmt":"2024-09-04T19:26:15","guid":{"rendered":"https:\/\/travelshelper.com\/staging\/?page_id=8754"},"modified":"2026-03-13T17:33:35","modified_gmt":"2026-03-13T17:33:35","slug":"daytona-beach","status":"publish","type":"page","link":"https:\/\/travelshelper.com\/de\/destinations\/north-america\/united-states\/daytona-beach\/","title":{"rendered":"Daytona Beach"},"content":{"rendered":"<p>Der breite, sonnenverw\u00f6hnte Strand von Daytona Beach ist das Aush\u00e4ngeschild der Stadt \u2013 ihr weltber\u00fchmter Status reicht Generationen zur\u00fcck. Heute ist Daytona eine K\u00fcstenstadt von \u00fcberschaubarer Gr\u00f6\u00dfe: Die Volksz\u00e4hlung von 2020 z\u00e4hlte 72.647 Einwohner, bis 2025 werden es sch\u00e4tzungsweise 89.290 sein. Die Bev\u00f6lkerung ist vielf\u00e4ltig: Etwa die H\u00e4lfte der Einwohner ist wei\u00df und etwa ein Drittel Afroamerikaner, und auch eine hispanische Minderheit (ca. 10 %) ist vertreten. Das mittlere Haushaltseinkommen liegt zwischen 50.000 und 51.000 US-Dollar und etwa ein F\u00fcnftel der Familien lebt unterhalb der Armutsgrenze. Wirtschaftlich ist Daytona vom Tourismus und Motorsport gepr\u00e4gt. Tats\u00e4chlich gilt die Stadt seit langem als Floridas \u201eWeltzentrum des Rennsports\u201c, da die NASCAR Hall of Fame und die International Speedway Corporation hier ihren Hauptsitz haben. Diese Branchen sowie Arbeitspl\u00e4tze im Hotel- und Gastst\u00e4ttengewerbe dominieren die lokale Wirtschaft.<\/p>\n<p>Daytona Beach liegt an Floridas Atlantikk\u00fcste im Volusia County, etwa 82 Kilometer nord\u00f6stlich von Orlando und 140 Kilometer s\u00fcd\u00f6stlich von Jacksonville. Die Stadt erstreckt sich entlang einer flachen K\u00fcstenebene vor einer Barriereinsel mit einem etwa 37 Kilometer langen, harten, wei\u00dfen Sandstrand im Zentrum. Das Klima ist subtropisch: Die Sommer sind hei\u00df und feucht (oft durch Meeresbrisen gemildert) und die Winter mild. Mit durchschnittlich \u00fcber 250 Sonnentagen im Jahr ist es in Daytona meist warm. Meeresstr\u00f6mungen und gelegentliche Gewitter am Nachmittag halten die Sommerhitze in Schach. Aufgrund des bescheidenen Gel\u00e4ndes ist die Landschaft gr\u00f6\u00dftenteils von Sand und Meer gepr\u00e4gt \u2013 doch im Landesinneren liegen immergr\u00fcne W\u00e4lder, Seen und die Ferienorte des Halifax River.<\/p>\n<h2>Daytona Beach in Zahlen (Bev\u00f6lkerung, Demografie, Wirtschaft)<\/h2>\n<p>Das Bev\u00f6lkerungswachstum von Daytona Beach war in den letzten Jahren stetig. Von etwa 72.600 im Jahr 2020 wird ein Anstieg auf fast 90.000 Einwohner Mitte der 2020er Jahre prognostiziert. Die demografische Entwicklung der Stadt spiegelt ihre Rolle als regionales Zentrum wider: Etwa 54 % der Einwohner sind nicht-hispanischer Herkunft, etwa 32 % Afroamerikaner und der Rest Hispanoamerikaner oder gemischtrassig. (Landesweit lag der Hispanoamerikaner-Anteil in Daytona bei etwa 10 %.) Das Durchschnittsalter liegt bei Mitte 30, wobei sich junge Familien und Rentner mischen.<\/p>\n<p>Daytonas Wirtschaft basiert auf Tourismus, Veranstaltungen und dem Dienstleistungssektor. So liegt das mittlere Haushaltseinkommen bei rund 50.100 US-Dollar und damit nahe am nationalen Durchschnitt, obwohl 21 % der Einwohner unterhalb der Armutsgrenze leben, was die f\u00fcr viele Urlaubsgebiete typischen Einkommensunterschiede widerspiegelt. Zu den wichtigsten Arbeitgebern z\u00e4hlen die International Speedway Corporation und die NASCAR-Zentrale sowie die Embry-Riddle Aeronautical University und die Bethune-Cookman University (mit insgesamt \u00fcber 20.000 Studierenden). Einzelhandel, Gastgewerbe und Leichtindustrie (Lebensmittelverarbeitung, Elektronik, Schiffsteile) tragen ebenfalls zur Entwicklung bei, doch das \u00f6ffentliche Erscheinungsbild Daytonas ist \u00fcberwiegend vom Strandtourismus und Motorsport gepr\u00e4gt.<\/p>\n<h2>Lage (Region, Landschaft, Klima)<\/h2>\n<p>Daytona Beach liegt an der Ostk\u00fcste der USA, genauer gesagt an Floridas \u201eFun Coast\u201c. Seine Lage auf einer vorgelagerten Insel verleiht ihm ein inselartiges Flair, obwohl er Teil des st\u00e4dtischen Festlandes ist. Der Strand selbst besteht aus festem Sand und war historisch befahrbar (eine Besonderheit, die nur wenige Str\u00e4nde weltweit aufweisen). Hinter dem Strand erstrecken sich niedrige D\u00fcnen und K\u00fcstenkiefernw\u00e4lder; weiter landeinw\u00e4rts erheben sich die sanften H\u00fcgel Zentralfloridas. Der Halifax River (Teil des Intracoastal Waterway) trennt Daytona Beach von den Festlandst\u00e4dten Daytona und Ormond Beach.<\/p>\n<p>Das Klima ist feucht-subtropisch (K\u00f6ppen Cfa). Die Sommer sind hei\u00df, mit h\u00e4ufigen Gewittern am Nachmittag; die Tagesh\u00f6chsttemperaturen im Juli und August liegen im Durchschnitt bei 32\u201333 \u00b0C. Durch die Meeresbrise ist die Luftfeuchtigkeit oft weniger dr\u00fcckend als im Landesinneren Floridas. Die Winter sind f\u00fcr n\u00f6rdliche Verh\u00e4ltnisse warm: Von Dezember bis Februar erreichen die H\u00f6chsttemperaturen typischerweise die 18 \u00b0C, die N\u00e4chte k\u00e4lter als 10 \u00b0C. Daytona hat nach einigen Z\u00e4hlungen etwa 270\u2013280 Sonnentage im Jahr, mit milden, gem\u00e4\u00dfigten Temperaturen in den meisten Monaten. Tropenst\u00fcrme k\u00f6nnen w\u00e4hrend der Hurrikansaison (Juni\u2013November) auftreten, Hurrikane, die an Land gehen, sind jedoch selten; im Winter ziehen Kaltfronten durch, um die Luftfeuchtigkeit zu verringern. Aufgrund des m\u00e4\u00dfigenden Einflusses des Atlantiks schwanken die Tages- und Nachttemperaturen nicht so stark wie in kontinentaleren Klimazonen.<\/p>\n<h2>Historischer Schnappschuss (Urspr\u00fcnge und Meilensteine)<\/h2>\n<p>Das Gebiet von Daytona Beach war urspr\u00fcnglich von indigenen V\u00f6lkern (den Timucua und verwandten St\u00e4mmen) bewohnt, bevor die Europ\u00e4er Kontakt mit ihnen hatten. Das heutige Daytona geht auf die Zeit nach dem B\u00fcrgerkrieg zur\u00fcck. Eine Ansammlung von Siedlungen auf der Halbinsel \u2013 unter anderem Daytona (nach seinem Gr\u00fcnder Matthias Day) und Seabreeze genannt \u2013 entstand allm\u00e4hlich. Das offizielle Gr\u00fcndungsdatum wird \u00fcblicherweise mit 1870 angegeben (dem Jahr, in dem Matthias Day die Stadt gr\u00fcndete). Daytona wurde 1876 als Stadt und 1926 als City of Daytona Beach eingetragen.<\/p>\n<p>Die fr\u00fchen 1900er Jahre brachten gro\u00dfe Ver\u00e4nderungen mit sich: Der Bau der Eisenbahn und der Bergbauboom in Florida kurbelten das Wachstum an (wobei Daytonas gr\u00f6\u00dfter Boom eher im Tourismus als im Bergbau lag). Die Stadt wurde ber\u00fchmt f\u00fcr ihre befestigten Str\u00e4nde, an denen Anfang des 20. Jahrhunderts die ersten organisierten Hochgeschwindigkeitsrennen stattfanden. Insbesondere Strandrennen in Daytona City und Ormond Beach erregten in den 1930er- und 1950er-Jahren weltweite Aufmerksamkeit. Der Daytona Beach Road Course war bis in die 1940er-Jahre das Epizentrum des amerikanischen Autorennens. 1959 wurde der erste Daytona International Speedway er\u00f6ffnet, wodurch gro\u00dfe Rennen (darunter das legend\u00e4re Daytona 500) vom Sand auf eine permanente Strecke im Landesinneren verlegt wurden. Die Stadt wurde zum Hauptsitz der NASCAR, dem Dachverband der Stock-Car-Rennen.<\/p>\n<p>Im Laufe des 20. Jahrhunderts entwickelte sich Daytona weiter zu einem Ferienort. Ein weiterer Sprung erfolgte in den 1980er und 1990er Jahren mit Veranstaltungen f\u00fcr Familien und Touristen (neue Themenparks wie der Wasserpark Daytona Lagoon, Erweiterung der Hotels, Renovierung der Strandpromenade). Auch Bildungseinrichtungen wurden erweitert. In j\u00fcngerer Zeit haben die Sanierung der Innenstadt und die Verbesserung der Infrastruktur (wie der Wiederaufbau der Main Street Bridge \u00fcber den Fluss im Jahr 1998) das Stadtzentrum modernisiert. Insgesamt ist Daytonas Geschichte eine Mischung aus Strandurlaub und Motorsporttradition.<\/p>\n<h2>Kulturelle Atmosph\u00e4re (lokaler Charakter, Traditionen, Feste, Lebensstil)<\/h2>\n<p>Die Kultur von Daytona Beach ist eine Mischung aus sonnigem, entspanntem K\u00fcstenleben und energiegeladenen Eventspektakeln. Besucher bemerken oft den Motorsportgeist der Stadt \u2013 ganze lokale Traditionen drehen sich um Rennen und Motorradfahren. Daytona nennt sich stolz das \u201eWeltzentrum des Rennsports\u201c. Jedes Jahr str\u00f6men Menschenmassen zu den Speedweeks (mit dem H\u00f6hepunkt des Daytona 500 im Februar), zur Bike Week im M\u00e4rz und zum Biketoberfest im Oktober. Diese Veranstaltungen sind legend\u00e4r: Beispielsweise k\u00f6nnen die Speedweeks \u00fcber 200.000 Besucher zum 500-Meilen-NASCAR-Rennen anziehen. Auch Motorrad-Rallyes f\u00fcllen die Stra\u00dfen mit Bikern aus aller Welt. Dar\u00fcber hinaus sichern die 24 Stunden von Daytona (ein Langstreckenrennen f\u00fcr Sportwagen) und andere namhafte Wettbewerbe Daytona einen Platz auf der globalen Rennsportkarte.<\/p>\n<p>Abseits der Rennstrecke und au\u00dferhalb der Saison ist Daytonas Lebensrhythmus ausgesprochen strandnah und leger. Die Einheimischen sind f\u00fcr ihre freundliche s\u00fcdstaatliche Gastfreundschaft bekannt, und im Sommer und Herbst, wenn Brandung und Sonne den Alltag pr\u00e4gen, ist die Atmosph\u00e4re entspannt. Englisch ist die vorherrschende Sprache, obwohl aufgrund der Touristen und der hispanischen Minderheit auch Spanisch und andere Sprachen h\u00e4ufig gesprochen werden. Saisonaler Tourismus bedeutet, dass Servicekr\u00e4fte und Ladenbesitzer oft mehrere Sprachen sprechen. Floridas ungezwungene Atmosph\u00e4re bedeutet, dass die Kleidung sehr leger ist (Badebekleidung, Shorts und T-Shirts). Zur praktischen Etikette f\u00fcr Besucher geh\u00f6ren die \u00fcblichen US-Reiseregeln: Trinkgeld (15\u201320 %) in Restaurants, h\u00f6fliche Begr\u00fc\u00dfungen mit \u201eHallo\u201c und \u201eDanke\u201c und Geduld bei stark besuchten Sehensw\u00fcrdigkeiten.<\/p>\n<p>Auch abseits des Rennsports gibt es zahlreiche Veranstaltungen in der Gemeinde: In Daytona finden j\u00e4hrlich \u00fcber 60 Festivals statt, die von Musik und Kunst \u00fcber Essen bis hin zu Kultur reichen. Beispielsweise gibt es ein gro\u00dfes griechisches Festival und eine St. Patrick&#039;s Day-Parade. Die vielf\u00e4ltige Bev\u00f6lkerungsmischung in Halifax (darunter Studenten, Rentner und ganzj\u00e4hrige Einwohner) sorgt f\u00fcr ein abwechslungsreiches Gastronomie- und Unterhaltungsangebot. Einheimische k\u00f6nnen ein Konzert in der Daytona Beach Bandshell (einem alten Amphitheater am Strand) besuchen oder in einer Tiki-Bar an der Main Street entspannen. Insgesamt wirkt die Stadt die meiste Zeit des Jahres einladend und festlich \u2013 ruhiger in den Wintermonaten, wenn Besucher aus k\u00e4lteren Regionen in Daytonas W\u00e4rme Zuflucht finden, und mit den gro\u00dfen Renn- und Radsportveranstaltungen, die im Zeichen der Feierlichkeiten stehen.<\/p>\n<h2>Top-Attraktionen (Sehensw\u00fcrdigkeiten und Erlebnisse, die man gesehen haben muss)<\/h2>\n<p>Die Hauptattraktion von Daytona Beach ist sein <strong>Str\u00e4nde<\/strong> Die 37 Kilometer lange Atlantikk\u00fcste l\u00e4dt zum Sonnenbaden, Schwimmen, Surfen und sogar zum Strandfahren (auf ausgewiesenen befestigten Fl\u00e4chen) ein. Der Sandstrand ist ein \u00f6ffentlicher Spielplatz mit Rettungsschwimmern, kostenlosen Parkpl\u00e4tzen und zahlreichen Freizeiteinrichtungen. Ein typisches Daytona-Erlebnis ist eine Fahrt oder ein Spaziergang entlang des Strandstrips (State Road A1A) mit Blick aufs Meer. Der Daytona Beach Boardwalk &amp; Pier (am n\u00f6rdlichen Ende der Stadt) ist ein Magnet f\u00fcr Familienspa\u00df: Er bietet Spielhallen, Fahrgesch\u00e4fte und Restaurants direkt am Meer. Hier kann man \u00fcber den farbenfrohen Pier aus der Mitte des Jahrhunderts schlendern, frische Meeresfr\u00fcchte genie\u00dfen oder mit dem Daytona Skycoaster und der Achterbahn fahren, w\u00e4hrend die Sonne \u00fcber dem Wasser untergeht.<\/p>\n<p>Kein Besuch ist vollst\u00e4ndig ohne einen Ausflug zum <strong>Daytona International Speedway<\/strong>Diese riesige Ovalstrecke, Austragungsort des j\u00e4hrlichen Daytona 500, bietet F\u00fchrungen und ein adrenalingeladenes Museum zur Rennsportgeschichte. Besucher k\u00f6nnen in einem Pace Car mitfahren oder einen Rennsimulator ausprobieren. Selbst Nicht-Rennsportler sch\u00e4tzen die Geschichte der Strecke und die M\u00f6glichkeit, Rennwagen aus n\u00e4chster N\u00e4he zu erleben. (Der Speedway pr\u00e4gt die Kultur der Stadt und wird oft als absolutes Muss f\u00fcr jeden Daytona-Besucher bezeichnet.)<\/p>\n<p>Kulturelle und familienfreundliche Attraktionen runden das Angebot ab. Das Museum of Arts &amp; Sciences (MOAS) \u2013 Daytonas gro\u00dfes Wissenschaftsmuseum und Planetarium \u2013 ist bei Kindern und Erwachsenen gleicherma\u00dfen beliebt und bietet alles von lokalgeschichtlichen Ausstellungen bis hin zu Live-Tiershows. Der nahe gelegene Wasserpark Daytona Lagoon bietet Rutschen und Wellenbecken f\u00fcr hei\u00dfe Nachmittage. Die charmante Schokoladenfabrik Angell &amp; Phelps bietet F\u00fchrungen und kostenlose Kostproben handgemachter S\u00fc\u00dfigkeiten. F\u00fcr einen Panoramablick bietet eine kurze Fahrt s\u00fcdlich zum Leuchtturm Ponce de Leon Inlet (genau genommen etwas au\u00dferhalb von Daytona Beach) einen atemberaubenden Blick auf das Meer.<\/p>\n<p>In der Innenstadt von Daytona (auf der Festlandseite) finden in der Riverside Station und im Riverfront Park Festivals, Konzerte und das Halifax Historical Museum statt. Im Peabody Auditorium finden Broadway-Shows und Rockkonzerte statt. Auf dem Daytona Boardwalk finden im Sommer Veranstaltungen wie Freiluftkino und saisonale Karnevalsveranstaltungen statt. Naturliebhaber k\u00f6nnen auch die nahegelegenen Parks erkunden: Der Tomoka State Park (etwas n\u00f6rdlich) bietet Naturpfade und Kajakm\u00f6glichkeiten, w\u00e4hrend die Gamble Rogers Memorial State Recreation Area (im S\u00fcden) ein beliebter Campingplatz auf einer Barriereinsel ist.<\/p>\n<h2>Praktischer \u00dcberblick (Anreise, Fortbewegung, Tipps)<\/h2>\n<p><strong>Anreise:<\/strong> Daytona Beach ist per Flugzeug, Auto und Bahn gut zu erreichen. Der stadteigene Daytona Beach International Airport (DAB) bietet nur eingeschr\u00e4nkten Linienverkehr (Fluggesellschaften wie Delta und American Airlines fliegen Atlanta und Charlotte an). Viele Besucher nutzen stattdessen die gr\u00f6\u00dferen Flugh\u00e4fen in der N\u00e4he: Orlando International (ca. 120 Kilometer s\u00fcdlich) oder Jacksonville International (ca. 145 Kilometer n\u00f6rdlich) \u2013 beide sind jeweils etwa 90 Minuten mit dem Auto entfernt. Mit dem Auto verl\u00e4uft die Interstate 95 entlang des Festlands von Daytona, und die I-4 endet ca. 16 Kilometer s\u00fcdwestlich und verbindet Orlando und Tampa. Die malerische A1A f\u00fchrt am Strand entlang und eignet sich f\u00fcr die lokale Autofahrt. In Daytona gibt es keinen gr\u00f6\u00dferen Bahnhof; die n\u00e4chstgelegenen Amtrak-Haltestellen befinden sich in DeLand oder Jacksonville, sodass oft ein Anschlussbus erforderlich ist.<\/p>\n<p><strong>Fortbewegung vor Ort:<\/strong> Innerhalb von Daytona Beach empfiehlt sich ein Auto, um alle Sehensw\u00fcrdigkeiten zu erkunden. Die Stadt ist recht weitl\u00e4ufig \u2013 Strand, Innenstadt, Universit\u00e4tsgel\u00e4nde und Wohngebiete liegen mehrere Kilometer voneinander entfernt. Die zentralen Strand- und Flussuferbereiche sind jedoch fu\u00dfg\u00e4ngerfreundlich (Promenaden, Promenaden und eine kurze Innenstadt). Das Bussystem von Volusia County (Votran) bedient die Stadt, allerdings nur mit eingeschr\u00e4nktem Fahrplan. F\u00fcr Touristen stehen Taxis oder Mitfahrdienste (Uber\/Lyft) zur Verf\u00fcgung, und viele Hotels bieten bei Veranstaltungen einen Shuttleservice an. Parkpl\u00e4tze sind in H\u00fclle und F\u00fclle vorhanden und in der Regel kostenlos an den Str\u00e4nden, in der Innenstadt gibt es jedoch kostenpflichtige Parkh\u00e4user. Daytonas Autofahrer befolgen die \u00fcblichen US-amerikanischen Verkehrsregeln: Rechts fahren, Geschwindigkeitsbegrenzungen beachten (die bei Gro\u00dfveranstaltungen streng durchgesetzt werden k\u00f6nnen) und Fu\u00dfg\u00e4ngern an Zebrastreifen Vorfahrt gew\u00e4hren.<\/p>\n<p><strong>Grundlegende Tipps:<\/strong><\/p>\n<ul>\n<li><strong>W\u00e4hrung und Zahlung:<\/strong> Bezahlt wird mit US-Dollar. Kreditkarten werden weitgehend akzeptiert (nur Bargeld sollte mitgef\u00fchrt werden). Trinkgeld (15\u201320 %) ist im Restaurant und bei Taxifahrten \u00fcblich.<\/li>\n<li><strong>Sprache:<\/strong> Englisch ist die Hauptsprache. Spanisch ist ebenfalls weit verbreitet (viele Mitarbeiter im Tourismus sprechen es), was die demografische Zusammensetzung Floridas widerspiegelt. Einfache S\u00e4tze in beiden Sprachen gen\u00fcgen.<\/li>\n<li><strong>Kleidung:<\/strong> Die Kleidung ist das ganze Jahr \u00fcber leger. Im Sommer sind leichte Stoffe, H\u00fcte und Sandalen ein Muss. In den k\u00fchleren Monaten sollten Sie abends eine leichte Jacke mitbringen. Sonnenbrille und Badeanzug sind jederzeit empfehlenswert; die Sonne in Daytona kann sehr intensiv sein.<\/li>\n<li><strong>Etikette und Sicherheit:<\/strong> Die Einheimischen sind freundlich und h\u00f6flich. Eine herzliche Begr\u00fc\u00dfung und ein \u201eBitte\/Danke\u201c sind wichtig. Die meisten Amerikaner geben Servicekr\u00e4ften ein bescheidenes Trinkgeld, daher sollten Sie bei Restaurantrechnungen mit 15 % mehr rechnen. Die Sicherheit ist im Allgemeinen gut \u2013 wie das \u00f6rtliche Tourismusb\u00fcro betont, genie\u00dft Daytona Beach den wohlverdienten Ruf eines sicheren Ortes f\u00fcr Besucher. Treffen Sie dennoch Vorsichtsma\u00dfnahmen: Schlie\u00dfen Sie Wertsachen im Zimmer oder Auto ein, tragen Sie nur wenig Bargeld bei sich und achten Sie nach Einbruch der Dunkelheit auf Ihre Umgebung. Die Notdienste sind gut (rufen Sie in dringenden F\u00e4llen die Notrufnummer 911). Sicherheit am Strand ist wichtig: Schwimmen Sie in der N\u00e4he von Rettungsschwimmern, beachten Sie Warnungen vor Str\u00f6mungen und tragen Sie stets Sonnenschutz auf.<\/li>\n<li><strong>Gesundheit &amp; Umwelt:<\/strong> Da Daytona sehr eben ist, stellt die H\u00f6he kein Problem dar. Im Sommer kann die Luftfeuchtigkeit jedoch zu Dehydrierung f\u00fchren. Trinken Sie daher regelm\u00e4\u00dfig Wasser. Wenn Sie im Winter anreisen, packen Sie einen Pullover oder eine Jacke ein \u2013 die Abende k\u00f6nnen nach Sonnenuntergang \u00fcberraschend k\u00fchl werden. In den w\u00e4rmeren Monaten k\u00f6nnen M\u00fccken in der N\u00e4he von Gew\u00e4ssern auftauchen, daher ist Insektenschutzmittel hilfreich.<\/li>\n<\/ul>\n<p>Daytona Beach bietet Reisenden aus aller Welt und den USA eine einladende Atmosph\u00e4re. Die sonnigen Str\u00e4nde und die gro\u00dfen Events sorgen f\u00fcr Spannung, w\u00e4hrend die \u00fcberschaubare Gr\u00f6\u00dfe und der typische Florida-Charme f\u00fcr eine angenehme Erreichbarkeit sorgen. Mit der richtigen Vorbereitung \u2013 Sonnenschutz, respektvollem Umgang und einem freien Terminkalender f\u00fcr ein Rennen oder Festival \u2013 steht Ihnen ein sicherer und unterhaltsamer Aufenthalt an diesem beliebten Strandort bevor.<a href=\"https:\/\/travelshelper.com\/de\/reiseziele\/nordamerika\/vereinigte-staaten-von-amerika\/berkeley-springs\/\" target=\"_self\" aria-labelledby=\"uael-post-8997\"><br \/>\n<\/a><\/p>","protected":false},"excerpt":{"rendered":"<p>Daytona Beach, ein K\u00fcstenort im Volusia County, Florida, ist ein lebhaftes Reiseziel, das f\u00fcr seine einzigartige Kombination aus nat\u00fcrlicher Sch\u00f6nheit, historischer Bedeutung und aufregendem Motorsport bekannt ist. Daytona Beach liegt an der Ostk\u00fcste der USA und hat laut der Volksz\u00e4hlung von 2020 72.647 Einwohner. Als Teil der Metropolregion Deltona\u2013Daytona Beach\u2013Ormond Beach ist es eine der wichtigsten St\u00e4dte der Fun Coast in Florida.<\/p>","protected":false},"author":1,"featured_media":3391,"parent":8072,"menu_order":0,"comment_status":"closed","ping_status":"closed","template":"elementor_theme","meta":{"_eb_attr":"","footnotes":""},"class_list":["post-8754","page","type-page","status-publish","has-post-thumbnail"],"_links":{"self":[{"href":"https:\/\/travelshelper.com\/de\/wp-json\/wp\/v2\/pages\/8754","targetHints":{"allow":["GET"]}}],"collection":[{"href":"https:\/\/travelshelper.com\/de\/wp-json\/wp\/v2\/pages"}],"about":[{"href":"https:\/\/travelshelper.com\/de\/wp-json\/wp\/v2\/types\/page"}],"author":[{"embeddable":true,"href":"https:\/\/travelshelper.com\/de\/wp-json\/wp\/v2\/users\/1"}],"replies":[{"embeddable":true,"href":"https:\/\/travelshelper.com\/de\/wp-json\/wp\/v2\/comments?post=8754"}],"version-history":[{"count":0,"href":"https:\/\/travelshelper.com\/de\/wp-json\/wp\/v2\/pages\/8754\/revisions"}],"up":[{"embeddable":true,"href":"https:\/\/travelshelper.com\/de\/wp-json\/wp\/v2\/pages\/8072"}],"wp:featuredmedia":[{"embeddable":true,"href":"https:\/\/travelshelper.com\/de\/wp-json\/wp\/v2\/media\/3391"}],"wp:attachment":[{"href":"https:\/\/travelshelper.com\/de\/wp-json\/wp\/v2\/media?parent=8754"}],"curies":[{"name":"wp","href":"https:\/\/api.w.org\/{rel}","templated":true}]}}