{"id":8654,"date":"2024-09-04T01:48:30","date_gmt":"2024-09-04T01:48:30","guid":{"rendered":"https:\/\/travelshelper.com\/staging\/?page_id=8654"},"modified":"2026-03-13T21:30:23","modified_gmt":"2026-03-13T21:30:23","slug":"vail","status":"publish","type":"page","link":"https:\/\/travelshelper.com\/de\/destinations\/north-america\/united-states\/vail\/","title":{"rendered":"Vail"},"content":{"rendered":"<p>Vail, Colorado, ist eine kleine Bergstadt; die st\u00e4ndige Bev\u00f6lkerung betrug bei der Volksz\u00e4hlung 2020 4.835 Einwohner. Die Stadt erstreckt sich \u00fcber etwa 7,1 Quadratkilometer im Eagle County. Dies ist ein leichter R\u00fcckgang gegen\u00fcber den Boomjahren (die Einwohnerzahl erreichte 2010 mit knapp \u00fcber 5.000 ihren H\u00f6hepunkt und schwankte seitdem zwischen 4.000 und 5.000). Wichtig ist, dass die offizielle Volksz\u00e4hlung von Vail die vielen Teilzeitbewohner und Saisonarbeiter, die in Mietwohnungen leben, nicht ber\u00fccksichtigt. W\u00e4hrend der Winterskisaison und bei Sommerveranstaltungen verdoppelt oder verdreifacht sich die Einwohnerzahl effektiv.<\/p>\n<p>Vail ist \u00fcberwiegend wei\u00df. Im Jahr 2020 identifizierten sich \u00fcber 86 % der Einwohner als wei\u00df; Hispanics\/Latinos machen etwa 10 % der Stadt aus. Afroamerikaner, amerikanische Ureinwohner und Asiaten leben nur sehr wenige in Vail (jeweils unter 2 %). Das Durchschnittsalter ist hoch: 50,2 Jahre. Die Gemeinde ist \u00e4lter: Fast 30 % der Einwohner sind zwischen 60 und 79 Jahre alt, nur etwa 8 % unter 20 Jahren. Dies spiegelt sowohl die wohlhabende Rentnerbev\u00f6lkerung als auch die hohe Zahl an Zweitwohnungsbesitzern wider.<\/p>\n<p>Vails Wirtschaft basiert fast ausschlie\u00dflich auf dem Tourismus. Das Vail Ski Resort (er\u00f6ffnet 1962) ist das Herzst\u00fcck; einst der gr\u00f6\u00dfte Skiberg Colorados und heute Teil des Vail Resorts Imperiums. Im Winter str\u00f6men Besucher in den Ort, \u00fcbernachten in Hotels und Ferienwohnungen, essen aus, shoppen und fahren Ski. Im Sommer locken Wandern, Mountainbiken und Golf (Turtle Creek Golf Course) Urlauber an. Die zahlreichen Restaurants und Kunstgalerien des Ortes sind das ganze Jahr \u00fcber gut besucht, allerdings mit deutlichen saisonalen Spitzen. Das Einkommensniveau ist hoch: Das mittlere Haushaltseinkommen (2019) lag bei etwa 100.400 US-Dollar. H\u00e4user sind hier extrem teuer \u2013 im Durchschnitt \u00fcber eine Million US-Dollar \u2013 und viele Menschen arbeiten im Dienstleistungssektor (Hotelpersonal, Skilehrer usw.) und nicht als Einheimische. Insgesamt ist Vails Wirtschaft stark vom Skifahren und den damit verbundenen Branchen sowie von den wachsenden Kultur- und Konferenzveranstaltungen abh\u00e4ngig.<\/p>\n<p>Vail liegt in den Rocky Mountains in Zentral-Colorado, etwa 160 Kilometer westlich von Denver. Es liegt auf einer H\u00f6he von etwa 2.440 Metern im Eagle River Valley, einem breiten, von Gletschern geformten Alpental. Die Stadt ist im Wesentlichen in drei Abschnitte unterteilt: East Vail, Vail Village und Lionshead (West Vail), die alle entlang der Interstate 70 (I-70) liegen. Das umliegende Gel\u00e4nde ist typisch f\u00fcr die hohen Rocky Mountains: Hohe Gipfel (\u00fcber 3.600 Meter) umgeben das Tal, mit dichten Nadelw\u00e4ldern in mittleren H\u00f6henlagen und alpiner Tundra oberhalb der Baumgrenze.<\/p>\n<p>Vail liegt in Eagle County (im n\u00f6rdlichen Zentrum des Bundesstaates), etwa auf halbem Weg zwischen den Skigebieten Glenwood Springs und Summit County (Breckenridge, Keystone). Der n\u00e4chstgelegene Ort mit Skianbindung ist Beaver Creek, 20 Minuten westlich \u00fcber den Highway. Geologisch gesehen liegt Vail auf einem Plateau (Eagle River Valley) mit einer hohen Wasserscheide (Vail Pass) direkt \u00f6stlich. Highway 6 und I-70 verbinden Vail mit Denver (Osten) und Glenwood\/Crested Butte (Westen).<\/p>\n<p>Das Dorf wird vom Mount Holy Cross und dem Buffalo Mountain in der Ferne begrenzt. Der Eagle River flie\u00dft durch die Stadt, ist jedoch kanalisiert und f\u00fchrt im Sommer oft Niedrigwasser. Die unmittelbare Umgebung bietet Wander- und Mountainbike-Strecken, und man kann auf Sommerwiesen Elchherden beobachten. Bergpanoramen dominieren fast jede Aussicht.<\/p>\n<p>Vail hat ein kontinentales Bergklima. Die Winter sind kalt und schneereich (wichtig zum Skifahren); die durchschnittlichen Januartemperaturen liegen zwischen -6 und -1 \u00b0C, mit reichlich Schneefall (durchschnittlich \u00fcber 760 cm j\u00e4hrlich). Die Sommer sind mild bis warm (Julitemperaturen zwischen 21 und 24 \u00b0C, N\u00e4chte k\u00fchlen auf 4 bis 10 \u00b0C ab). Die H\u00f6henlage sorgt f\u00fcr intensive Sonneneinstrahlung und k\u00fchle N\u00e4chte das ganze Jahr \u00fcber. Die meisten Niederschl\u00e4ge fallen im Winter als Schnee, wobei der Sommermonsun nachmittags Gewitter mit sich bringt. Das Ergebnis ist ein klassisches Vier-Jahreszeiten-Klima: Tiefschnee und eisige N\u00e4chte im Winter, \u00fcppiges Gr\u00fcn und Wildblumen im Sommer und spektakul\u00e4re Herbstfarben in den Espenw\u00e4ldern.<\/p>\n<p>Die Geschichte von Vail ist kurz und eng mit dem Skifahren verbunden. Im fr\u00fchen 20. Jahrhundert war es unbebautes Ranchland. <strong>1962:<\/strong> Eine Gruppe unter der Leitung von Pete Seibert (einem Veteranen des Zweiten Weltkriegs und Skilehrer) und Earl Eaton kaufte eine Ranch in der Gegend. Sie planten ein Skigebiet im europ\u00e4ischen Stil. Das Vail Ski Resort wurde im Dezember 1962 mit einer Gondelbahn und zwei Sesselliften offiziell er\u00f6ffnet. Die Wahl des Namens \u201eVail\u201c ehrte Charles Vail, einen Stra\u00dfenbauingenieur (und einen der ersten Stra\u00dfenbaumeister Colorados), der eine erste Stra\u00dfe (Highway 6) durch den Vail Pass plante.<\/p>\n<p>Das urspr\u00fcngliche Dorf war bewusst geplant. 1966 wurde Vail als Stadt eingemeindet. In den 1960er und 1970er Jahren wuchs Vail Mountain (neue Lifte, Pisten), und das Dorf dehnte sich bis zum Fu\u00dfe des Lionshead aus. Touristen str\u00f6mten herbei: Bereits 1969 war Vail Colorados beliebtestes Skigebiet. Die Er\u00f6ffnung der \u201eChina Bowl\u201c 1988 machte Vail zu einem der gr\u00f6\u00dften Skigebiete Nordamerikas. Im Laufe der Zeit wurde Vail bekannt f\u00fcr seine <em>riesiges Skigebiet<\/em> und seine <em>charmante D\u00f6rfer im Alpenstil<\/em>, komplett mit bayerischer Architektur und Dekor im europ\u00e4ischen Stil (gespickt mit den Originalgeb\u00e4uden von Homestead und Cascade Gardens).<\/p>\n<p>Vail hat seine Modernisierung kontinuierlich fortgesetzt. Nach der Fusion mit anderen Resorts geh\u00f6rt das Vail Ski Resort nun zu Vail Resorts, Inc., einem gro\u00dfen b\u00f6rsennotierten Unternehmen. Der Berg wird kontinuierlich um Lifte und Einrichtungen erweitert. Vail Village und Lionshead haben sich mittlerweile zu exklusiven Reisezielen mit Luxusgesch\u00e4ften, Kunstgalerien und internationalen Restaurants entwickelt. 2023 machte die Stadt sogar Schlagzeilen, weil sie kontrovers diskutierte Mittel f\u00fcr den Baustopp neuer Arbeiterwohnungen aufbrachte, um ihren Charakter zu bewahren \u2013 ein Zeichen f\u00fcr die hohen Immobilienpreise. Trotz der Entwicklung ist Vail immer noch stolz auf seine Urspr\u00fcnge: Skilifte, historische Geb\u00e4ude (wie die Tivoli Lodge von 1962) und j\u00e4hrliche Festivals (Film, Musik, Tanz) halten den Pioniergeist lebendig.<\/p>\n<p>Vails Kultur ist gepr\u00e4gt von einem Bergresort mit kosmopolitischem Flair. Fast alle Einwohner sprechen Englisch. Die Stadt zieht saisonal eine internationale Bev\u00f6lkerung an (Skilehrer und Hotelpersonal aus aller Welt), die st\u00e4ndige Bev\u00f6lkerung ist jedoch \u00fcberwiegend wei\u00df, mit einer kleinen hispanischen Minderheit. Die Einwohner legen gro\u00dfen Wert auf Outdoor- und Wellness-Aktivit\u00e4ten: Fitness, Natur und kulinarische Trends sind ihnen sehr wichtig.<\/p>\n<p>Vail ist Gastgeber zahlreicher Festivals und Veranstaltungen, die seinen Charakter pr\u00e4gen. Im Sommer bringt das Bravo! Vail Festival f\u00fcr klassische Musik Weltklasse-Orchester in die Berge. Das Vail Film Festival zieht jedes Fr\u00fchjahr unabh\u00e4ngige Filmemacher und Filmstars an (oft im Landmark Theatre in Lionshead). Das Vail International Dance Festival (Tanzgruppen im Sommer) und das Taste of Vail (Essens- und Weinfestival) erg\u00e4nzen den Kulturkalender. Zu den Highlights im Winter z\u00e4hlen die Burton US Open Snowboarding Championships und die stadtweiten Snow Days (Skirennen, Feuerwerk usw.). Au\u00dferdem gibt es eine vierw\u00f6chige Bluegrass-Konzertreihe im Dorf Lionshead und eine j\u00e4hrliche Ostereiersuche \u2013 Gemeinschaftstraditionen, die einheimische Familien und Touristen zusammenbringen.<\/p>\n<p>Trotz seines gehobenen Charakters hat sich Vail den freundlichen Charakter einer Kleinstadt bewahrt. Die D\u00f6rfer (Vail und Lionshead) sind fu\u00dfg\u00e4ngerfreundliche Hauptstra\u00dfen mit Gesch\u00e4ften, Boutiquen und Caf\u00e9s. Im Winter sind die Stra\u00dfen mit Weihnachtsbeleuchtung und in Wolle gekleideten Familien geschm\u00fcckt; im Sommer schm\u00fccken Blumenk\u00f6rbe die Laternenpf\u00e4hle. Skischuhe sind ebenso verbreitet wie Wanderschuhe. Die Einheimischen begr\u00fc\u00dfen sich auf der Piste mit \u201eHow ya doin&#039;\u201c. Die allgemeine Atmosph\u00e4re ist eine Mischung aus Natur und Weltoffenheit: Sie finden erstklassige Resorts und Restaurants neben kleinen Caf\u00e9s und den legend\u00e4ren Betty Ford Alpine Gardens (dem h\u00f6chstgelegenen botanischen Garten der Welt). Es herrscht ein Gef\u00fchl von Rauheit und Raffinesse zugleich. Kurz gesagt: Das Leben in Vail dreht sich um die Berge und die Natur, aber mit einem Hauch von Eleganz \u2013 ganz im Einklang mit seinem Ruf als Colorados Skiort schlechthin.<\/p>\n<p>Die Attraktionen von Vail sind gepr\u00e4gt von Bergsport und alpinem Charme. Zu den wichtigsten Sehensw\u00fcrdigkeiten z\u00e4hlen:<\/p>\n<ul>\n<li><strong>Skigebiet Vail:<\/strong> Die Hauptattraktion das ganze Jahr \u00fcber. Im Winter bietet es \u00fcber 2.000 Hektar Skigebiet mit \u00fcber 30 Liften. Anf\u00e4nger lernen im Golden Peak-Gebiet, w\u00e4hrend Experten sich in den Back Bowls (wie dem Blue Sky Basin) versuchen. Im Sommer verwandelt sich das Resort: Alpenrutschen, Mountain Coaster, malerische Gondelfahrten, Discgolf und Wanderwege gibt es in H\u00fclle und F\u00fclle. Die Vail Gondola (Golden Peak) und die Eagle Bahn Gondola (Lionshead) sind die bekanntesten Attraktionen der Stadt und bieten atemberaubende Panoramablicke auf die umliegenden Gipfel.<\/li>\n<li><strong>Vail Village und Lionshead:<\/strong> Diese Fu\u00dfg\u00e4ngerd\u00f6rfer sind selbst Attraktionen. Sie sind von bayerischer Architektur ges\u00e4umt, bieten Kopfsteinpflasterwege, eine Eislaufbahn (im Winter) und \u00fcber 100 Gesch\u00e4fte und Restaurants. Beim Bummeln durch die malerischen Stra\u00dfen k\u00f6nnen Besucher Live-Bands auf Platzb\u00fchnen, kost\u00fcmierte Figuren (wie geschm\u00fcckte B\u00e4ren) oder Musiker beim Apr\u00e8s-Ski begegnen. Beide D\u00f6rfer bieten Veranstaltungsorte f\u00fcr darstellende K\u00fcnste und kostenlose Sommerkonzerte.<\/li>\n<li><strong>Betty Ford Alpeng\u00e4rten:<\/strong> Eingebettet in Vail Village befindet sich dieser h\u00f6chstgelegene botanische Garten der Welt (2.500 m). Er pr\u00e4sentiert die einheimische Alpenflora \u2013 farbenfrohe Wildblumen, hoch aufragende Espen und handgefertigte Skulpturen. Der Eintritt in den Garten ist frei und bietet eine ruhige Abwechslung zum Trubel.<\/li>\n<li><strong>Abenteuergrat:<\/strong> In der N\u00e4he der Lionshead-Gondelbahn befindet sich Adventure Ridge, ein kleiner Freizeitpark auf dem Berggipfel. Er bietet Snowtubing, Bungee-Trampolin, Mini-Schneemobile (im Winter) sowie Seilrutschen und Bogenschie\u00dfen (im Sommer). Es ist ein familienfreundlicher Ort \u00fcber den B\u00e4umen.<\/li>\n<li><strong>Ford Park:<\/strong> Ein \u00f6ffentlicher Park in East Vail mit Eislaufbahn (im Winter) und Eishockeyturnieren. Hier finden Veranstaltungen wie das Vail Lacrosse Shootout statt und die Einheimischen treffen sich zur Erholung.<\/li>\n<li><strong>Vail Naturzentrum:<\/strong> Am Rande der Stadt gelegen, ist es eine zentrale Anlaufstelle f\u00fcr Wanderinformationen, Naturprogramme und Sommercamps. Von hier aus sind viele leichte Wanderungen m\u00f6glich und man kann Wildtiere (Hirsche, Murmeltiere, Adler) beobachten.<\/li>\n<li><strong>Historische St\u00e4tten:<\/strong> Vail hat einige historische Sch\u00e4tze bewahrt, wie das alte Rathaus (heute Postgeb\u00e4ude) und die 1962 entworfene Tivoli Lodge (obwohl ein Gro\u00dfteil davon umfunktioniert wurde). Der Heritage Trail f\u00fchrt an alten Bergbau- und Ranchgebieten rund um die Stadt vorbei.<\/li>\n<\/ul>\n<p>Viele Besucher nutzen Vail auch als Ausgangspunkt, um die weitere Region zu erkunden. Wanderwege auf dem nahegelegenen Gore Range Trail, malerische Fahrten (z. B. vom Independence Pass nach Aspen im Sommer) und der White River National Forest sind alle innerhalb einer Autostunde erreichbar. Doch f\u00fcr die meisten bleiben die Berge, das d\u00f6rfliche Flair und die Festivals, die Vails Jahreszeiten pr\u00e4gen, die wichtigsten Attraktionen.<\/p>\n<p>Vail ist mit dem Auto \u00fcber die Interstate 70 erreichbar. Von Denver aus nehmen Sie die I-70 etwa 160 Kilometer Richtung Westen \u00fcber die Kontinentale Wasserscheide (durch den Eisenhower-Tunnel) nach Vail (Ausfahrt 176). Beachten Sie, dass die I-70 im Winter zwischen Denver und Vail gesperrt sein kann oder Schneeketten erforderlich sind. Pr\u00fcfen Sie daher stets den Stra\u00dfenbericht. Der Regionalflughafen Eagle County (EGE) liegt nur 48 Kilometer westlich von Vail (in der N\u00e4he von Gypsum) und bietet im Winter Nonstop-Fl\u00fcge von vielen US-St\u00e4dten an. Gro\u00dfe Fluggesellschaften (Delta, United, American usw.) fliegen den Denver International Airport (DEN) das ganze Jahr \u00fcber an, der zwei Autostunden entfernt ist. Es gibt keinen Bahnhof; die n\u00e4chsten Amtrak-Zentren befinden sich in Glenwood Springs (Westen) oder Denver (Osten). \u00dcberlandbusse (Bustang oder Greyhound) verbinden Denver im Winter mit Vail, und von den Flugh\u00e4fen Aspen und Eagle verkehren Shuttles.<\/p>\n<p>Die beiden D\u00f6rfer von Vail sind im Winter autofreie Zonen (Parkpl\u00e4tze befinden sich au\u00dferhalb der D\u00f6rfer). Ein kostenloser Shuttlebus verkehrt zwischen Lionshead und Vail Village. Sobald Sie geparkt haben, ist die gesamte Stadt sehr fu\u00dfg\u00e4ngerfreundlich. Viele Hotels vermieten Schneeschuhe, Fahrr\u00e4der oder sogar E-Scooter f\u00fcr die Nutzung vor Ort. Taxis und Uber\/Lyft verkehren regelm\u00e4\u00dfig. F\u00fcr Fahrten au\u00dferhalb der Stadt ist das Auto ebenfalls am bequemsten. \u00d6ffentliche Parkh\u00e4user (im Winter beheizt) sind zahlreich vorhanden, k\u00f6nnen aber in der Hauptferienzeit voll sein. Die Dorfstra\u00dfen k\u00f6nnen eng sein; rechnen Sie mit langsam fahrenden Golfwagen, umherstreunenden Fu\u00dfg\u00e4ngern und gelegentlich auch mit Maultierhirschen auf der Stra\u00dfe.<\/p>\n<p>Bringen Sie Kleidung f\u00fcr Bergwetter mit: mehrere Schichten, im Winter wasserdichte Kleidung und ganzj\u00e4hrig gute Sonnencreme (die UV-Strahlung ist in 2.400 Metern H\u00f6he besonders stark). Viel Wasser trinken beugt H\u00f6henkrankheit vor. Da es sich um die USA handelt, ist die W\u00e4hrung der US-Dollar, und Trinkgelder von ca. 18\u201320 % sind \u00fcblich (Restaurants sind oft teuer). Das Leben ist rege; Einheimische halten oft beim Skifahren oder Wandern an, um sich zu unterhalten, aber in belebten Lokalen kann der Service dennoch z\u00fcgig wirken. In Vail wird H\u00f6flichkeit gro\u00dfgeschrieben \u2013 T\u00fcren aufhalten, mit einem Nicken gr\u00fc\u00dfen oder \u201eWie geht\u2019s?\u201c sagen die Einheimischen. Im Winter sollten Sie auf Loipen zur Seite treten, um andere vorbeizulassen. Beachten Sie beim Skifahren die Bergregeln (bergab Vorfahrt gew\u00e4hren, nicht in der Falllinie anhalten usw.). Vail ist sehr sicher und sogar fahrradfreundlich. Achten Sie jedoch auf wechselnde Wetterbedingungen und wie immer in Bergregionen auf Wildtiere (Hirsche und Elche \u00fcberqueren manchmal die Stra\u00dfe, manchmal in der Morgen-\/Abendd\u00e4mmerung). Au\u00dferdem kann es mittags sehr gesch\u00e4ftig sein; beachten Sie Geschwindigkeitsbegrenzungen und Parkregeln. Und schlie\u00dflich ist das Leitungswasser bekanntlich gut (\u201eeiskalt aus den Rocky Mountains\u201c); das Trinken aus dem Wasserhahn ist problemlos (das Wasser der Stadt kommt aus dem Eagle River).<\/p>\n<table>\n<thead>\n<tr>\n<th>Kategorie<\/th>\n<th>Details<\/th>\n<\/tr>\n<\/thead>\n<tbody>\n<tr>\n<td scope=\"row\">Standort<\/td>\n<td>Vail, Colorado, Vereinigte Staaten<\/td>\n<\/tr>\n<tr>\n<td scope=\"row\">H\u00f6he des Resorts<\/td>\n<td>8.120 Fu\u00df (2.475 m) an der Basis, 11.570 Fu\u00df (3.527 m) am Gipfel<\/td>\n<\/tr>\n<tr>\n<td scope=\"row\">Skisaison<\/td>\n<td>Ende November bis Mitte April<\/td>\n<\/tr>\n<tr>\n<td scope=\"row\">Skipasspreise<\/td>\n<td>Variiert; Epic Day Pass ab 95 $\/Tag<\/td>\n<\/tr>\n<tr>\n<td scope=\"row\">\u00d6ffnungszeiten<\/td>\n<td>9:00 \u2013 16:00 Uhr<\/td>\n<\/tr>\n<tr>\n<td scope=\"row\">Anzahl der Pisten<\/td>\n<td>195<\/td>\n<\/tr>\n<tr>\n<td scope=\"row\">Gesamte Pistenl\u00e4nge<\/td>\n<td>5.289 Acres (2.141 Hektar)<\/td>\n<\/tr>\n<tr>\n<td scope=\"row\">L\u00e4ngster Lauf<\/td>\n<td>Riva Ridge, 4 Meilen (6,4 km)<\/td>\n<\/tr>\n<tr>\n<td scope=\"row\">Leichte Pisten<\/td>\n<td>18%<\/td>\n<\/tr>\n<tr>\n<td scope=\"row\">Moderate Steigungen<\/td>\n<td>29%<\/td>\n<\/tr>\n<tr>\n<td scope=\"row\">Fortgeschrittene Pisten<\/td>\n<td>53%<\/td>\n<\/tr>\n<tr>\n<td scope=\"row\">Pistenrichtungen<\/td>\n<td>Norden, Nordosten, Osten<\/td>\n<\/tr>\n<tr>\n<td scope=\"row\">Nachtskifahren<\/td>\n<td>Nicht verf\u00fcgbar<\/td>\n<\/tr>\n<tr>\n<td scope=\"row\">Beschneiung<\/td>\n<td>Ja, auf 461 Acres (186 Hektar)<\/td>\n<\/tr>\n<tr>\n<td scope=\"row\">Gesamtaufz\u00fcge<\/td>\n<td>31<\/td>\n<\/tr>\n<tr>\n<td scope=\"row\">Steigf\u00e4higkeit<\/td>\n<td>63.400 Skifahrer pro Stunde<\/td>\n<\/tr>\n<tr>\n<td scope=\"row\">H\u00f6chster Lift<\/td>\n<td>11.570 Fu\u00df (3.527 m)<\/td>\n<\/tr>\n<tr>\n<td scope=\"row\">Gondeln\/Seilbahnen<\/td>\n<td>2<\/td>\n<\/tr>\n<tr>\n<td scope=\"row\">Sessellifte<\/td>\n<td>17<\/td>\n<\/tr>\n<tr>\n<td scope=\"row\">Schlepplifte<\/td>\n<td>12<\/td>\n<\/tr>\n<tr>\n<td scope=\"row\">Snowparks<\/td>\n<td>3<\/td>\n<\/tr>\n<tr>\n<td scope=\"row\">Skiverleih<\/td>\n<td>Verf\u00fcgbar<\/td>\n<\/tr>\n<tr>\n<td scope=\"row\">Apr\u00e8s-Ski<\/td>\n<td>Zahlreiche Bars, Restaurants und Unterhaltungsm\u00f6glichkeiten in Vail Village<\/td>\n<\/tr>\n<\/tbody>\n<\/table>","protected":false},"excerpt":{"rendered":"<p>Vail liegt in den Rocky Mountains und ist eine Selbstverwaltungsgemeinde im Eagle County, Colorado, USA. Vail hat laut Volksz\u00e4hlung von 2020 4.835 Einwohner und ist bekannt f\u00fcr seine wundersch\u00f6ne Natur, seine lebendige Gemeinde und seine erstklassigen Einrichtungen. Die Stadt ist vor allem f\u00fcr das Vail Ski Resort bekannt, Colorados gr\u00f6\u00dftes Skigebiet, das G\u00e4ste aus aller Welt anzieht. Neben seinen Luxushotels, abwechslungsreichen Restaurants und zahlreichen j\u00e4hrlichen Veranstaltungen wie dem Vail Film Festival, den Vail Resorts Snow Days und Bravo! Vail ist dieses beliebte Reiseziel auch f\u00fcr sein hervorragendes Ski- und Snowboardangebot bekannt.<\/p>","protected":false},"author":1,"featured_media":3879,"parent":8072,"menu_order":0,"comment_status":"closed","ping_status":"closed","template":"elementor_theme","meta":{"_eb_attr":"","footnotes":""},"class_list":["post-8654","page","type-page","status-publish","has-post-thumbnail"],"_links":{"self":[{"href":"https:\/\/travelshelper.com\/de\/wp-json\/wp\/v2\/pages\/8654","targetHints":{"allow":["GET"]}}],"collection":[{"href":"https:\/\/travelshelper.com\/de\/wp-json\/wp\/v2\/pages"}],"about":[{"href":"https:\/\/travelshelper.com\/de\/wp-json\/wp\/v2\/types\/page"}],"author":[{"embeddable":true,"href":"https:\/\/travelshelper.com\/de\/wp-json\/wp\/v2\/users\/1"}],"replies":[{"embeddable":true,"href":"https:\/\/travelshelper.com\/de\/wp-json\/wp\/v2\/comments?post=8654"}],"version-history":[{"count":0,"href":"https:\/\/travelshelper.com\/de\/wp-json\/wp\/v2\/pages\/8654\/revisions"}],"up":[{"embeddable":true,"href":"https:\/\/travelshelper.com\/de\/wp-json\/wp\/v2\/pages\/8072"}],"wp:featuredmedia":[{"embeddable":true,"href":"https:\/\/travelshelper.com\/de\/wp-json\/wp\/v2\/media\/3879"}],"wp:attachment":[{"href":"https:\/\/travelshelper.com\/de\/wp-json\/wp\/v2\/media?parent=8654"}],"curies":[{"name":"wp","href":"https:\/\/api.w.org\/{rel}","templated":true}]}}