{"id":8389,"date":"2024-09-03T19:31:42","date_gmt":"2024-09-03T19:31:42","guid":{"rendered":"https:\/\/travelshelper.com\/staging\/?page_id=8389"},"modified":"2026-03-13T18:45:24","modified_gmt":"2026-03-13T18:45:24","slug":"santa-barbara","status":"publish","type":"page","link":"https:\/\/travelshelper.com\/de\/destinations\/north-america\/united-states\/santa-barbara\/","title":{"rendered":"Santa Barbara"},"content":{"rendered":"<p>Santa Barbara liegt etwa 160 Kilometer nordwestlich von Los Angeles, eingebettet zwischen dem Pazifischen Ozean und den Santa Ynez Mountains. Die Lage der Stadt direkt an der Bucht ist beeindruckend: eine geschwungene K\u00fcste mit Sandstr\u00e4nden, dahinter gr\u00fcne H\u00fcgel. Das Wetter ist bekannt f\u00fcr sein angenehmes Wetter und wird oft mit dem des Mittelmeers verglichen (tats\u00e4chlich wird die Stadt auch \u201eAmerikanische Riviera\u201c genannt). Es herrscht ein warmes mediterranes Klima mit milden, trockenen Sommern und k\u00fchlen, feuchten Wintern. Die Durchschnittstemperaturen reichen von \u00fcber 10 \u00b0C im Winter bis zu \u00fcber 25 \u00b0C im Sommer (die Sommer k\u00f6nnen bis zu 27 \u00b0C erreichen, aber die N\u00e4chte k\u00fchlen ab). Die Sonne scheint an mehr als 270 Tagen im Jahr und Palmen gedeihen neben Banyanb\u00e4umen und Ziegeld\u00e4chern im spanischen Stil.<\/p>\n<p>Innerhalb der Stadtgrenzen von Santa Barbara leben rund 88.000 Einwohner (Sch\u00e4tzung 2023). Die Einwohnerzahl der Stadt ist in den letzten Jahren stabil geblieben oder leicht r\u00fcckl\u00e4ufig. Das Durchschnittsalter liegt bei etwa 39 Jahren, und die Stadt ist etwas \u00e4lter als der Durchschnitt Kaliforniens (viele Rentner und Familien). Wirtschaftlich ist die Stadt wohlhabend: Das mittlere Haushaltseinkommen betr\u00e4gt etwa 101.000 US-Dollar, und die Armutsquote liegt bei etwa 13 %. Etwa 53 % der Einwohner von Santa Barbara sind nicht-hispanischer Herkunft, und etwa 37 % identifizieren sich als Hispanoamerikaner oder Latinos (haupts\u00e4chlich mexikanischer Abstammung). Asiatische und schwarze Gemeinden sind vorhanden, aber kleiner (jeweils einige Prozent). Der mittlere Immobilienpreis ist aufgrund des begrenzten Platzes und der Attraktivit\u00e4t der K\u00fcstenregion bemerkenswert hoch (\u00fcber 1,4 Millionen US-Dollar im Jahr 2023).<\/p>\n<p>Aktuellen Daten zufolge hat Santa Barbara etwa 88.000 Einwohner. Von 2022 bis 2023 ging sie leicht zur\u00fcck (\u22120,7 %). Das mittlere Haushaltseinkommen (101.672 US-Dollar) und das Pro-Kopf-Einkommen (ca. 60.000 US-Dollar) sind im nationalen Vergleich hoch, was auf die hohe Zahl an beruflichen und akademischen Arbeitspl\u00e4tzen zur\u00fcckzuf\u00fchren ist. Ethnisch betrachtet sind etwa 53 % Wei\u00dfe, etwa 37 % Hispanoamerikaner (jeder Herkunft), w\u00e4hrend Asiaten (vorwiegend Filipinos und Chinesen) etwa 3\u20134 % ausmachen.<\/p>\n<p>Santa Barbaras Wirtschaft ist vielf\u00e4ltig, aber kleinteilig. Das Bildungswesen (einschlie\u00dflich der nahegelegenen University of California, Santa Barbara) ist ein wichtiger Arbeitgeber: Allein die UCSB tr\u00e4gt \u00fcber 5 % zur Wirtschaft des Landkreises bei. Tourismus und Gastgewerbe spielen eine wichtige Rolle \u2013 die historische spanische Architektur, die Str\u00e4nde und das Weinanbaugebiet der Stadt ziehen das ganze Jahr \u00fcber Besucher an. Landwirtschaft (Erdbeeren, Avocados, Zitronen, Weintrauben) und Weinproduktion sind im umliegenden Landkreis wichtig. Auch das Gesundheitswesen (Cottage Hospital, Pacific Clinics) und professionelle Dienstleistungen sind vertreten. Der Technologiesektor ist bescheiden, w\u00e4chst aber (Santa Barbara hat Telekommunikations- und Softwareunternehmen angezogen). Insgesamt wird Santa Barbara nicht von einer einzigen riesigen Industrie dominiert; stattdessen bilden lokale Verwaltung, Bildung, Tourismus und kleine Unternehmen die Grundlage f\u00fcr die Wirtschaft.<\/p>\n<p>Santa Barbara liegt an der kalifornischen Zentralk\u00fcste, etwa auf halbem Weg zwischen Los Angeles und der Bay Area (und unweit von San Luis Obispo). Im S\u00fcden und Westen grenzt die Stadt an den Pazifischen Ozean, im Norden an die Santa Ynez Mountains und im Osten an sanfte H\u00fcgel. Diese geografische Lage sorgt f\u00fcr ein \u201eMeeresklima\u201c: K\u00fchle Meeresbrisen wehen durch die Bergp\u00e4sse und sorgen so auch im Sommer f\u00fcr angenehme Temperaturen in der Stadt. Das Stadtzentrum grenzt an die Uferpromenade (Stearns Wharf) und die State Street. Die Architektur ist gepr\u00e4gt vom Stil der spanischen Kolonialarchitektur, mit Terrakotta-D\u00e4chern und palmenges\u00e4umten Promenaden. Weiter im Landesinneren f\u00fchren T\u00e4ler in die Weinanbaugebiete von Santa Ynez und Solvang. Insgesamt ist die Landschaft (das sogenannte \u201emediterrane\u201c Klima) im Fr\u00fchling \u00fcppig mit G\u00e4rten und senfgelben H\u00fcgeln.<\/p>\n<p>Die Region ist offiziell gem\u00e4\u00dfigt: Sowohl NOAA als auch US News stufen das Wetter in Santa Barbara als eines der besten in Amerika ein. Die durchschnittliche Niederschlagsmenge betr\u00e4gt etwa 50 cm pro Jahr, haupts\u00e4chlich im Winter. K\u00fcstennebel (die \u201eMeeresschicht\u201c) k\u00fchlt Sommermorgen oft ab und verzieht sich bis zum Mittag. Die Winter sind frisch, aber selten eiskalt, w\u00e4hrend die Sommer warm, aber nicht extrem sind. Das Klima der Stadt wurde 2023 vom US News &amp; World Report als bestes in den USA eingestuft. Dieses milde Klima (und die malerische Meer- und Bergkulisse) tr\u00e4gt wesentlich zu Santa Barbaras Ruf als idyllischer, entspannter Ort bei.<\/p>\n<p>Santa Barbara hat tiefe Wurzeln. Die indigenen Chumash lebten hier Tausende von Jahren, bevor die Europ\u00e4er eintrafen. Der spanische Entdecker Juan Rodr\u00edguez Cabrillo besuchte die Stadt 1542, und der Name der Stadt ist eine Hommage an seine Heilige (die Heilige Barbara). Die moderne Siedlung begann mit der spanischen Mission Santa Barbara (wegen ihrer Pracht auch als \u201eK\u00f6nigin der Missionen\u201c bekannt), die 1786 von den Franziskanern gegr\u00fcndet wurde. Um die Mission herum entstand ein kleines Pueblo mit dem Presidio Santa Barbara (einer Milit\u00e4rfestung).<\/p>\n<p>Ein verheerendes Erdbeben und ein Tsunami im Jahr 1812 (St\u00e4rke 7,1) machten die junge Stadt und die Mission dem Erdboden gleich. Die Mission wurde wiederaufgebaut und ist heute die besterhaltene aller kalifornischen Missionen (und noch immer eine aktive Kirche). Nach der Unabh\u00e4ngigkeit Mexikos (1821) wurde Santa Barbara ein mexikanisches Landbesitzgebiet (Ranchos). Als Kalifornien nach dem Vertrag von Guadalupe Hidalgo 1848 Teil der Vereinigten Staaten wurde, amerikanisierte sich Santa Barbara langsam. 1872 wurde ein Kai (Stearns Wharf) gebaut, um den Schiffsverkehr zu verbessern, und in den 1880er Jahren erreichte die Eisenbahn die Stadt, wodurch sie f\u00fcr mehr Siedler und Touristen zug\u00e4nglich wurde. Bereits Ende des 19. Jahrhunderts wurde sie als Badeort beworben (Charles Nordhoff pries in seinen Schriften das gute Klima).<\/p>\n<p>Das 20. Jahrhundert war gepr\u00e4gt von Boom und Katastrophen. In den 1890er Jahren wurden vor der K\u00fcste \u00d6lvorkommen entdeckt, die Kaliforniens Erd\u00f6l\u00e4ra einl\u00e4uteten (hier fanden die ersten Offshore-Bohrungen der Welt statt). 1925 zerst\u00f6rte ein Erdbeben der St\u00e4rke 6,3 (mit Epizentrum unter der Stadt) erneut gro\u00dfe Teile der Innenstadt und t\u00f6tete 13 Menschen. Die Stadt wurde in einem einheitlichen spanisch-maurischen Baustil wiederaufgebaut, der der heutigen Innenstadt ihr charakteristisches Aussehen mit roten Ziegeld\u00e4chern und wei\u00dfem Stuck verleiht. Das Wachstum der Nachkriegszeit brachte neue Stadtteile, Industrie (z. B. Luft- und Raumfahrtunternehmen) und den modernen Tourismus mit sich. Heute spiegelt sich die Geschichte Santa Barbaras in seinen Wahrzeichen wider: der Mission, dem alten Gerichtsturm, Stearns Wharf und vielen viktorianischen H\u00e4usern.<\/p>\n<p>Santa Barbara hat einen eleganten und dennoch unpr\u00e4tenti\u00f6sen Charakter, der sowohl die s\u00fcdkalifornische Gelassenheit als auch eine Prise europ\u00e4isches Flair widerspiegelt. Englisch und Spanisch sind weit verbreitet \u2013 \u00fcber ein Drittel der Einwohner sind hispanischer Abstammung. Die Stadt feiert ihr spanisches und mexikanisches Erbe stark: Die Stra\u00dfennamen sind spanisch (State Street hie\u00df urspr\u00fcnglich Calle Principal), und zu den lokalen Traditionen geh\u00f6rt die Old Spanish Days Fiesta jeden August \u2013 eine mehrt\u00e4gige Parade und ein Stra\u00dfenfest mit Tanz, Musik und Prunk. Dieses Ereignis (und viele andere, wie Sonnenwendeparaden, griechische Festivals und folkloristische T\u00e4nze der Ra\u00edces) unterstreicht die Bedeutung des bikulturellen (lateinamerikanischen) Erbes. Gleichzeitig hat Santa Barbara eine k\u00fcnstlerische und gehobene Atmosph\u00e4re: Das Viertel Funk Zone beherbergt Kunstgalerien und Weinprobenr\u00e4ume und Oper, Theater und bildende Kunst werden sehr gesch\u00e4tzt.<\/p>\n<p>Die Einheimischen beschreiben das Leben hier oft als \u201eentspannte Eleganz\u201c. F\u00fcr Gro\u00dfstadtverh\u00e4ltnisse ist das Tempo gem\u00e4chlich: Die Leute schlendern in Flip-Flops die State Street entlang, speisen im Freien oder verbringen den Nachmittag am Strand. Aktivit\u00e4ten im Freien geh\u00f6ren zum Alltag \u2013 Surfen, Wandern, Radfahren. Die Fitness- und Wellnesskultur ist stark ausgepr\u00e4gt (zahlreiche Yogastudios und Biom\u00e4rkte). Gleichzeitig herrscht hier Wohlstand: Einige Viertel (Montecito, Hope Ranch) sind sehr wohlhabend, und Besuchern fallen Designer-Boutiquen und Luxusresorts auf. Doch die Atmosph\u00e4re bleibt freundlich und gemeinschaftsorientiert: Der Umgang miteinander ist h\u00f6flich, und es ist \u00fcblich, in einem Caf\u00e9 ein Gespr\u00e4ch anzufangen. Innerhalb der Stadt herrscht Kleinstadtatmosph\u00e4re \u2013 vielleicht sehen Sie lokale Mandatstr\u00e4ger auf dem Bauernmarkt. Kurz gesagt, Santa Barbara verbindet den Charme der \u201eamerikanischen Riviera\u201c (palmenges\u00e4umte Alleen, mediterrane Plaza-Caf\u00e9s) mit einem modernen, fortschrittlichen Bewusstsein (gr\u00fcne Gesch\u00e4ftsinitiativen, Fahrradinfrastruktur, Erhaltung von Freifl\u00e4chen).<\/p>\n<p>Gro\u00dfe Veranstaltungen verleihen Santa Barbaras Flair: Neben der Old Spanish Days Fiesta gibt es die Sommersonnenwende-Parade (mit kunstvollen Festwagen zur Feier der lokalen Kunst), das Santa Barbara International Film Festival (das jeden Winter Hollywood-Stars anzieht) und die Summer Concerts at the Bowl (Konzerte unter freiem Himmel im Amphitheater der Berge). Die University of California, Santa Barbara, bietet au\u00dferdem eine lebendige Studenten- und Kulturszene (Konzerte, Kunstausstellungen). Das ganze Jahr \u00fcber sorgen Stra\u00dfencaf\u00e9s, Stra\u00dfenmusiker und Wochenend-Bauernm\u00e4rkte f\u00fcr eine gesellige, mediterrane Atmosph\u00e4re.<\/p>\n<p>Die Sehensw\u00fcrdigkeiten Santa Barbaras spiegeln ihre Geschichte, ihre nat\u00fcrliche Sch\u00f6nheit und ihren entspannten Lebensstil wider. Im Zentrum befindet sich die State Street, ein breiter, von Palmen und Blumen ges\u00e4umter Boulevard mit Gesch\u00e4ften, Restaurants und den charmanten Gassen der Funk Zone mit Boutiquen und Kunstr\u00e4umen. Entlang der Uferpromenade befindet sich Stearns Wharf (erbaut 1872) mit seinem alten Holzpier, Fischst\u00e4nden, einem Aquarium und Panoramablick auf die Bucht. Das Gerichtsgeb\u00e4ude von Santa Barbara County wird oft als absolutes Muss bezeichnet: Dieser \u201eprachtvolle spanisch-maurische Palast\u201c aus dem Jahr 1929 besticht durch kunstvolle Fliesenarbeiten, G\u00e4rten und einen besteigbaren Uhrenturm. Seine Wandmalereien und G\u00e4rten erz\u00e4hlen von der Geschichte der Stadt, und an klaren Tagen bietet die Aussichtsplattform einen Blick auf das Meer.<\/p>\n<p>Etwas n\u00f6rdlich der Innenstadt liegt Old Mission Santa Barbara (die \u201eK\u00f6nigin der Missionen\u201c, gegr\u00fcndet 1786). Die Mission und ihre Roseng\u00e4rten ziehen Touristen und Geschichtsinteressierte an. In der N\u00e4he bieten der Botanische Garten (mit einheimischen Pflanzen) und der Mission Rose Garden ruhige Zwischenstopps. An der K\u00fcste liegen East Beach und West Beach, weite Sandparks, die bei Volleyballspielern und Picknickern beliebt sind, und der Hafen (mit ruhigen Jachth\u00e4fen und Fischrestaurants). Eine kurze Fahrt die K\u00fcste hinauf liegt auf einer Klippe mit Meerblick der Santa Barbara Zoo (es ist ein kleiner Zoo, aber bei Familien sehr beliebt). F\u00fcr Naturliebhaber bieten das Santa Barbara Museum of Art und SOFO (South of Figueroa) kulturelle Einrichtungen und von den Wanderwegen in den nahegelegenen H\u00fcgeln (z. B. Inspiration Point) er\u00f6ffnen sich Ausblicke auf die Stadt und das Meer.<\/p>\n<p>Ausfl\u00fcge au\u00dferhalb der Stadt: Der Channel Islands Nationalpark ist oft per Boot von Santa Barbara aus erreichbar (Kajak- und Wildtiertouren zu den Inseln Anacapa oder Santa Cruz). Das Weinanbaugebiet (Santa Ynez Valley) liegt nur eine kurze Fahrt landeinw\u00e4rts und lockt mit Weinverkostungen und Sonnenblumenfeldern. Ein absolutes Muss ist die Kombination aus einem Spaziergang durch die Stra\u00dfen mit spanischer Architektur, Entspannung an warmen Str\u00e4nden und der Verkostung lokaler Weine und Speisen. Wer mit dem klassischen kalifornischen Charme anreist, wird hier viel Freude finden.<\/p>\n<p>Der kleine Flughafen Santa Barbara (SBA) bietet haupts\u00e4chlich Fl\u00fcge zu den Drehkreuzen LAX\/SFO\/SLC an. Viele Reisende fliegen nach Los Angeles (LAX) oder Santa Maria (SMX) und fahren dann \u00fcber die US 101 oder den malerischen Highway 1 nach Santa Barbara (ca. 1,5\u20132 Stunden von LAX). Der Amtrak-Zug Pacific Surfliner bietet bequeme Verbindungen entlang der K\u00fcste von San Diego \u00fcber LA nach Santa Barbara und San Luis Obispo mit einem Bahnhof in der Innenstadt von Santa Barbara.<\/p>\n<p>Die Stadt ist recht kompakt; die Innenstadt und die State Street sind gut zu Fu\u00df erreichbar. Die wichtigsten Sehensw\u00fcrdigkeiten liegen jedoch weit verstreut. \u00d6ffentliche Verkehrsmittel (SBMTD-Busse) bedienen die meisten Strecken der Stadt (z. B. kostenlose Umstiege zu den South Coast Train Lines). Viele Besucher mieten ein Auto, um Str\u00e4nde und Viertel au\u00dferhalb der Innenstadt zu erreichen (Parken an den Str\u00e4nden ist in der Regel kostenlos). Radfahren ist auf flachen Fl\u00e4chen in Ufern\u00e4he beliebt. Um Orte wie die Mission oder den Hafen zu erreichen, ist das Auto oder der \u00f6rtliche Bus am einfachsten. Es gibt kein Schnellbahnsystem; Taxis und Mitfahrgelegenheiten verkehren, sind aber weniger verbreitet als in L.A.<\/p>\n<p>Die W\u00e4hrung ist der US-Dollar. Englisch wird \u00fcberall gesprochen, obwohl man oft auch Spanisch h\u00f6rt (viele Gesch\u00e4fte haben zweisprachige Speisekarten und Schilder). Trinkgeld (15 % +) ist in Restaurants und Caf\u00e9s \u00fcblich. Santa Barbara gilt als sehr sicher \u2013 Gewaltkriminalit\u00e4t ist in Touristengebieten selten \u2013, aber es gelten die \u00fcblichen Vorsichtsma\u00dfnahmen (Auto abschlie\u00dfen, am Strand auf die eigenen Sachen aufpassen). Die Atmosph\u00e4re der Stadt ist leger-elegant: Jeans oder Shorts und ein sch\u00f6nes Oberteil sind f\u00fcr die meisten Anl\u00e4sse v\u00f6llig ausreichend. Sonnenschutz und ein Hut werden das ganze Jahr \u00fcber empfohlen (die UV-Strahlung kann stark sein). Achten Sie beim Autofahren auf zweispurige Fahrradwege und Fu\u00dfg\u00e4nger. Die Einheimischen sind h\u00f6flich und hilfsbereit; es ist \u00fcblich, Fremde mit einem freundlichen \u201eHallo\u201c oder einem L\u00e4cheln zu begr\u00fc\u00dfen. Insgesamt ist die Stadt sehr besucherfreundlich und die Beschilderung im Ort ist gut (das Besucherzentrum in der Innenstadt am Pier ist eine praktische Anlaufstelle).<a href=\"https:\/\/travelshelper.com\/de\/reiseziele\/nordamerika\/vereinigte-staaten-von-amerika\/berkeley-springs\/\" target=\"_self\" aria-labelledby=\"uael-post-8997\"><br \/>\n<\/a><\/p>","protected":false},"excerpt":{"rendered":"<p>Santa Barbara ist eine wundersch\u00f6ne K\u00fcstenstadt und Verwaltungssitz des Santa Barbara County in Kalifornien. Neben Alaska ist dies die l\u00e4ngste K\u00fcstenstadt dieser Art an der Westk\u00fcste der USA, eingebettet in einen einzigartigen, nach S\u00fcden ausgerichteten K\u00fcstenabschnitt. Die steil im Norden aufragenden Santa Ynez Mountains und der s\u00fcdlich verlaufende Pazifik bilden eine atemberaubende Naturkulisse, die der Stadt aufgrund ihres mediterranen Klimas den Spitznamen \u201eAmerikanische Riviera\u201c eingebracht hat.<\/p>","protected":false},"author":1,"featured_media":3858,"parent":8072,"menu_order":0,"comment_status":"closed","ping_status":"closed","template":"elementor_theme","meta":{"_eb_attr":"","footnotes":""},"class_list":["post-8389","page","type-page","status-publish","has-post-thumbnail"],"_links":{"self":[{"href":"https:\/\/travelshelper.com\/de\/wp-json\/wp\/v2\/pages\/8389","targetHints":{"allow":["GET"]}}],"collection":[{"href":"https:\/\/travelshelper.com\/de\/wp-json\/wp\/v2\/pages"}],"about":[{"href":"https:\/\/travelshelper.com\/de\/wp-json\/wp\/v2\/types\/page"}],"author":[{"embeddable":true,"href":"https:\/\/travelshelper.com\/de\/wp-json\/wp\/v2\/users\/1"}],"replies":[{"embeddable":true,"href":"https:\/\/travelshelper.com\/de\/wp-json\/wp\/v2\/comments?post=8389"}],"version-history":[{"count":0,"href":"https:\/\/travelshelper.com\/de\/wp-json\/wp\/v2\/pages\/8389\/revisions"}],"up":[{"embeddable":true,"href":"https:\/\/travelshelper.com\/de\/wp-json\/wp\/v2\/pages\/8072"}],"wp:featuredmedia":[{"embeddable":true,"href":"https:\/\/travelshelper.com\/de\/wp-json\/wp\/v2\/media\/3858"}],"wp:attachment":[{"href":"https:\/\/travelshelper.com\/de\/wp-json\/wp\/v2\/media?parent=8389"}],"curies":[{"name":"wp","href":"https:\/\/api.w.org\/{rel}","templated":true}]}}