{"id":8374,"date":"2024-09-03T18:47:50","date_gmt":"2024-09-03T18:47:50","guid":{"rendered":"https:\/\/travelshelper.com\/staging\/?page_id=8374"},"modified":"2026-03-13T18:50:33","modified_gmt":"2026-03-13T18:50:33","slug":"san-diego","status":"publish","type":"page","link":"https:\/\/travelshelper.com\/de\/destinations\/north-america\/united-states\/san-diego\/","title":{"rendered":"San Diego"},"content":{"rendered":"<p>San Diego, Kaliforniens s\u00fcdlichste Gro\u00dfstadt, erstreckt sich entlang der Pazifikk\u00fcste unmittelbar n\u00f6rdlich der mexikanischen Grenze. Die Lage der Stadt ist dramatisch \u2013 70 Meilen K\u00fcstenlinie, ein tiefer nat\u00fcrlicher Hafen und nahegelegene H\u00fcgel und Hochebenen. Mit einem mediterranen Klima, das durch die Meeresbrise gemildert wird, genie\u00dft San Diego warme, trockene Sommer und milde, feuchtere Winter. Sie ist die achtgr\u00f6\u00dfte Stadt in den Vereinigten Staaten und die zweitgr\u00f6\u00dfte in Kalifornien und hatte im Jahr 2023 etwa 1,39 Millionen Einwohner. San Diegos Wachstum hat sich auf etwa Null verlangsamt, aber es bleibt ein wachsendes urbanes Zentrum. Die Bev\u00f6lkerung ist relativ jung (Durchschnittsalter ~36) und vielf\u00e4ltig: Etwa 41 % der Einwohner sind nicht-hispanischer Wei\u00dfer, etwa 17 % Asiaten und fast 30 % Hispanoamerikaner jeglicher Rasse. Die Stadt ist die Heimat von \u00fcber hundert Sprachen und ethnischen Gemeinschaften und spiegelt damit ihren kulturellen Mix wider.<\/p>\n<p>San Diego hatte im Jahr 2023 rund 1.390.000 Einwohner. Das mittlere Haushaltseinkommen betr\u00e4gt rund 104.000 US-Dollar, das Pro-Kopf-Einkommen rund 62.500 US-Dollar, was auf relativ hohe Lebenshaltungskosten hindeutet. Etwa 11 % der Einwohner leben unterhalb der Armutsgrenze. Fast 40 % der Haushalte haben Kinder, und das Durchschnittsalter (36 Jahre) liegt einige Jahre unter dem US-Durchschnitt. Wei\u00dfe (nicht-hispanische) Einwohner San Diegos machen etwa 41 % der Bev\u00f6lkerung aus, Asiaten etwa 17 % und Afroamerikaner etwa 6 %. Der Anteil hispanischer\/lateinamerikanischer Bev\u00f6lkerung (jeder Herkunft) betr\u00e4gt etwa 30 %.<\/p>\n<p>Wirtschaftlich ist San Diego ein diversifiziertes urbanes Zentrum. Der Milit\u00e4r- und Verteidigungssektor ist ungew\u00f6hnlich gro\u00df: Die Region beherbergt mehrere Marinest\u00fctzpunkte, einen Marine Corps Air Station, die K\u00fcstenwache und weitere Einrichtungen, was die Verteidigung zu einem Top-Arbeitgeber macht. Zu den damit verbundenen Branchen z\u00e4hlen Schiffbau, Cybersicherheit und die damit verbundene Technologieforschung. Die Stadt ist zudem ein Zentrum f\u00fcr Biowissenschaften und Biotechnologie: Zahlreiche Universit\u00e4ten und Forschungsinstitute (wie die UC San Diego) bilden die Basis f\u00fcr eine Vielzahl von Startups in den Bereichen Medizinforschung, Biotechnologie und erneuerbare Energien. Der Tourismus ist eine weitere S\u00e4ule: Mit \u00fcber 300 Sonnentagen und erstklassigen Attraktionen (Zoo, SeaWorld, Parks) zieht San Diego j\u00e4hrlich Millionen von Besuchern an und verf\u00fcgt \u00fcber ein ausgepr\u00e4gtes Gastgewerbe. Hafenhandel und Fertigung (Elektronik, Pr\u00e4zisionsinstrumente) tragen ebenfalls dazu bei. Wie das Wirtschaftsprofil der Stadt zeigt, z\u00e4hlen internationaler Handel, Fertigung, Milit\u00e4r und Tourismus zu den wichtigsten Basisindustrien. Insgesamt liegt das Bruttoinlandsprodukt von San Diego bei \u00fcber 200 Milliarden US-Dollar (Metropolregion), und die Pro-Kopf-Einkommen z\u00e4hlen zu den h\u00f6chsten in Kalifornien.<\/p>\n<p>San Diego liegt an der S\u00fcdspitze der kalifornischen K\u00fcste, etwa 193 Kilometer s\u00fcdlich von Los Angeles und grenzt an die Grenze zu Baja California. Die Stadt liegt auf einer h\u00fcgeligen Halbinsel in der Bucht von San Diego, mit offenem Meer im Westen und Bergen im Osten. In der N\u00e4he befinden sich Mount Soledad, Mission Trails und W\u00fcstencanyons. Die Stadt geh\u00f6rt zur K\u00fcstenzone des amerikanischen S\u00fcdwestens und bietet ein Gel\u00e4nde, das von Str\u00e4nden und Klippen (La Jolla, Torrey Pines) bis zu Hochebenen im Landesinneren reicht. Das Klima ist mediterran \u2013 trockene, warme Sommer (oft gemildert durch eine k\u00fchle Meeresschicht aus dem Pazifik) und milde Winter; der Gro\u00dfteil des j\u00e4hrlichen Niederschlags von etwa 250 mm f\u00e4llt in den Wintermonaten. In den K\u00fcstengebieten ist es das ganze Jahr \u00fcber sehr mild (durchschnittliche Tagesh\u00f6chsttemperaturen um die 21 \u00b0C, selbst im Sommer). An den seltenen Tagen mit Santa-Ana-Wind im Landesinneren k\u00f6nnen September und Oktober jedoch recht hei\u00df sein. Die Geografie von San Diego \u2013 breite Bucht, Sandstr\u00e4nde und H\u00fcgel mit Panoramablick \u2013 ist sowohl Quelle landschaftlicher Sch\u00f6nheit als auch Ausgangspunkt f\u00fcr das Leben im Freien und die Erholung.<\/p>\n<p>San Diegos Geschichte ist lang und komplex. Urspr\u00fcnglich war das Gebiet \u00fcber Jahrtausende vom Volk der Kumeyaay besiedelt. Die Ankunft der Europ\u00e4er begann 1542 mit Juan Rodr\u00edguez Cabrillo (Spanien). Das offizielle Gr\u00fcndungsdatum der Stadt ist 1769, als spanische Franziskanermissionare und Soldaten <em>Das Presidio von San Diego<\/em> und die Mission San Diego de Alcal\u00e1 \u2013 die erste Mission Kaliforniens. In den folgenden Jahrzehnten entwickelte sie sich zu einem kleinen kolonialen Au\u00dfenposten unter Spanien (und ab 1821 auch unter Mexiko), bekannt f\u00fcr Viehzucht und Handelshafen. Im fr\u00fchen 19. Jahrhundert zerst\u00f6rten ein verheerendes Erdbeben und ein Tsunami (1812) einen Gro\u00dfteil des alten Pueblos, darunter auch die urspr\u00fcngliche Mission, die bis 1820 wiederaufgebaut wurde.<\/p>\n<p>Nach dem Mexikanisch-Amerikanischen Krieg (1846\u20131848) wurde San Diego Teil der Vereinigten Staaten. Das Wachstum beschleunigte sich im sp\u00e4ten 19. Jahrhundert: Dampfschiffanleger und Eisenbahnen (1870er\u20131880er Jahre) verbanden die Stadt mit Los Angeles und dar\u00fcber hinaus. Die Panama-California Exposition 1915 (im Balboa Park) pr\u00e4sentierte die Stadt und weckte den B\u00fcrgerstolz. Im 20. Jahrhundert expandierte San Diego massiv, angetrieben durch den milit\u00e4rischen Aufbau (Marinest\u00fctzpunkte, Flugzeugindustrie) rund um den Zweiten Weltkrieg und den Koreakrieg. Die Stadt annektierte benachbarte St\u00e4dte und entwickelte Vororte. Wie weite Teile Kaliforniens erlebte sie nach dem Krieg einen Immobilienboom, den Bau von Autobahnen und die Ansiedlung der Luft- und Raumfahrt- und Hightech-Industrie. In den letzten Jahrzehnten hat sie sich zu einem Zentrum f\u00fcr Tourismus, Technologie und Biotechnologie entwickelt. Trotz einiger R\u00fcckschl\u00e4ge zu Beginn des 20. Jahrhunderts (beispielsweise besch\u00e4digten kleinere Erdbeben 1916 und 1986 Teile der Stadt) blieb San Diego weitgehend von Katastrophen des gleichen Ausma\u00dfes verschont wie andere kalifornische St\u00e4dte. Heute verbindet die Stadt ihr spanisch-kalifornisches Erbe (z. B. das alte Missionsviertel) mit einer modernen Skyline.<\/p>\n<p>Die Kultur San Diegos spiegelt die Grenzlage und den sonnigen Lebensstil im Freien wider. Englisch ist die Hauptsprache, aber Spanisch ist weit verbreitet, und viele Einwohner sind zweisprachig. Die Stadt hat einen starken hispanischen Einfluss, der sich in der Architektur (rote Ziegeld\u00e4cher), der K\u00fcche und den Festen (z. B. den Cinco de Mayo-Feiern) zeigt. Es gibt auch starke asiatische und pazifische Inselgemeinschaften (insbesondere philippinische und vietnamesische Gruppen), die zu kulturellen Festen und Restaurants beitragen. Eine lokale Tradition ist das j\u00e4hrliche <em>San Diego Latino Film Festival<\/em> und lebendige ethnische Viertel (z. B. die D\u00eda de los Muertos-Veranstaltungen in Chula Vista, asiatische Restaurants in der Convoy Street, das vietnamesische Neujahrsfest in City Heights).<\/p>\n<p>San Diego gilt als entspannt, aber nicht lethargisch. Viele Einwohner pflegen einen \u201eOutdoor-Lifestyle\u201c: Surfer reiten die Wellen an den Str\u00e4nden des Pazifiks, Wanderer bei Sonnenuntergang auf Canyon-Pfaden und Craft-Bier-Liebhaber genie\u00dfen gem\u00fctliche Terrassen. Es gibt eine starke Milit\u00e4rpr\u00e4senz und den damit verbundenen Korpsgeist, aber auch eine gesundheitsbewusste, fitnessorientierte Bev\u00f6lkerung, die an der Bucht entlang joggt oder Boot f\u00e4hrt. Im Vergleich zu \u00fcberf\u00fcllteren St\u00e4dten ist das Lebenstempo hier meist gem\u00e4chlich, dennoch sind die Innenstadt und die Universit\u00e4tsviertel modern und dynamisch. Die Atmosph\u00e4re ist oft freundlich und informell (h\u00f6fliche Begr\u00fc\u00dfungen mit \u201eSir\u201c\/\u201eMa&#039;am\u201c sind \u00fcblich, aber nicht obligatorisch); legere Kleidung ist normal, und Menschen aus Kalifornien und anderswo wirken offen, mehrsprachig und weltoffen. Familien- und Strandausfl\u00fcge am Wochenende geh\u00f6ren zur Routine.<\/p>\n<p>Zu den bedeutenden kulturellen Ereignissen z\u00e4hlen <em>Comic-Con International<\/em> (eine riesige Popkultur-Convention) und <em>Stolz im Park<\/em> (San Diegos Pride Parade, eines der gr\u00f6\u00dften LGBTQ+ Festivals des Landes). Die Stadt veranstaltet auch eine gro\u00dfe <em>Fest der Sonne<\/em>, Stra\u00dfenfeste, die <em>San Diego Beer Week<\/em>, Und <em>Flottenwoche<\/em> an der Bucht. Der Balboa Park (Heimat von Dutzenden von Museen, Theatern und Veranstaltungsorten) tr\u00e4gt den kulturellen Mantel; auf dem historischen Parkgel\u00e4nde finden regelm\u00e4\u00dfig kulturelle Feierlichkeiten statt, wie zum Beispiel das j\u00e4hrliche <em>Dezembern\u00e4chte<\/em> Feiertagsfestivals und ethnische Tanzvorf\u00fchrungen. Die Craft-Bier-Szene und die Food Trucks sind sogar Teil der Identit\u00e4t der Stadt geworden (Fusion-Tacos, Craft-Burger usw.) und spiegeln einen Schmelztiegel der Kreativit\u00e4t wider.<\/p>\n<p>San Diegos Sehensw\u00fcrdigkeiten bieten eine Mischung aus Natur, Geschichte und Familienspa\u00df. Besonders hervorzuheben ist der Balboa Park, ein riesiger Kulturkomplex mit G\u00e4rten, spanisch-kolonialer Architektur und Dutzenden von Museen (hier der ber\u00fchmte San Diego Zoo und das Air &amp; Space Museum). Der San Diego Zoo, weltber\u00fchmt f\u00fcr seinen Naturschutz, befindet sich im Balboa Park und zieht das ganze Jahr \u00fcber Besucher an. Die Altstadt von San Diego (mit dem urspr\u00fcnglichen Pueblo und der Mission) bietet lebendige Einblicke in die Geschichte der fr\u00fchen Kalifornier mit Lehmziegelpl\u00e4tzen, Volkst\u00e4nzern und mexikanischem Essen in urigen Innenhoflokalen. Das am Wasser gelegene Gaslamp Quarter in der Innenstadt ist bekannt f\u00fcr seine viktorianischen Geb\u00e4ude, die zu Restaurants, Gesch\u00e4ften und Nachtclubs umgebaut wurden.<\/p>\n<p>Zu den Strandattraktionen z\u00e4hlen La Jolla Cove und ihre ber\u00fchmten Meeresh\u00f6hlen (mit Schnorchelm\u00f6glichkeiten und Klippen am Meer) und Coronado Island (auf der anderen Seite der Bucht), wo das historische Hotel del Coronado an einem breiten Sandstrand liegt. Im Hafen der Bucht liegt das USS Midway Museum (ein ehemaliges Transportschiff, das in ein Museum umgewandelt wurde). N\u00f6rdlich davon bietet das Torrey Pines State Reserve malerische K\u00fcstenklippen und Wanderwege \u00fcber der Brandung. Das Cabrillo National Monument (auf der Halbinsel Point Loma) erinnert an den spanischen Entdecker Juan Rodr\u00edguez Cabrillo und bietet einen Panoramablick auf den Hafen. Abends sind die Gesch\u00e4fte von Seaport Village mit ihrer Meeresbrise und Livemusik sowie der Skyline-Beleuchtung am Embarcadero-Ufer beliebt. Und schlie\u00dflich hat sich Little Italy (ein wiederbelebtes Viertel) zu einem beliebten Restaurant-Hotspot entwickelt, und j\u00e4hrliche Veranstaltungen wie das Portuguese Festival im Februar oder die Italian-American Parade im Oktober spiegeln die Einwandererwurzeln des Viertels wider. Diese Attraktionen kombinieren sonnige Ausblicke in die Natur (auf das Meer und die Bucht) mit kulturellem Reichtum und machen so das San Diego-Erlebnis aus.<\/p>\n<p>San Diego wird vom San Diego International Airport (SAN) bedient, einem gro\u00dfen Verkehrsflughafen n\u00f6rdlich der Innenstadt. Viele Besucher \u00fcberqueren auch die Grenze \u00fcber den Flughafen Tijuana (mit Shuttle-Service), um die Stadt zu erreichen. Wichtige Autobahnen (I-5, I-8, I-15) verbinden San Diego mit Los Angeles, Phoenix und dem Landesinneren. Amtraks <em>Pacific Surfliner<\/em> Der Zug erreicht die historische Innenstadt von San Diegos Santa Fe Depot und verbindet den Norden mit Los Angeles und dar\u00fcber hinaus (und den S\u00fcden mit Mexiko).<\/p>\n<p>Die Stadt ist sehr weitl\u00e4ufig, daher ist Autofahren weit verbreitet; der Verkehr auf der I-5 und den Autobahnen der Innenstadt kann w\u00e4hrend der Hauptverkehrszeiten sehr stark sein. \u00d6ffentliche Verkehrsmittel umfassen den San Diego Trolley (Stadtbahn) und MTS-Busse, die viele st\u00e4dtische Gebiete abdecken. Trolleys fahren von der Innenstadt nach Mission Valley, East County und zur mexikanischen Grenze; \u200b\u200bBusse bedienen die meisten Stadtteile. Der Pendlerzug Coaster f\u00e4hrt entlang der K\u00fcste zwischen San Diego und Oceanside. Mitfahrdienste und Taxis sind weit verbreitet. Fahrr\u00e4der sind entlang des Bay Path und der Str\u00e4nde beliebt; fu\u00dfg\u00e4ngerfreundliche Bereiche umfassen die Innenstadt\/Viertel wie Gaslamp oder Little Italy, aber die meisten Orte in den Vororten erfordern ein Auto. Am Wochenende kann der Verkehr zu den Str\u00e4nden (Pacific Beach, Ocean Beach, Mission Beach) zu Staus f\u00fchren, und das Parken ist oft geb\u00fchrenpflichtig.<\/p>\n<p>Die Landesw\u00e4hrung ist der US-Dollar (USD). Englisch ist die Hauptsprache, aber Sie werden viele zweisprachige Schilder und Spanisch sprechende Personen finden. Trinkgeld ist in Restaurants (15\u201320 % der Rechnung) und f\u00fcr Dienstleistungen (Tischservice, Taxis) \u00fcblich. San Diego ist im Allgemeinen sicher, aber wie in jeder Gro\u00dfstadt sollte man auf seine Wertgegenst\u00e4nde aufpassen \u2013 insbesondere in Touristenvierteln und an Str\u00e4nden \u2013 und nachts aufmerksam sein, wenn man alleine unterwegs ist. Die Etikette ist entspannt und freundlich; legere Kleidung ist fast \u00fcberall akzeptabel (Schuhe werden drinnen erwartet, Shorts und Sandalen sind jedoch allgegenw\u00e4rtig). Im Sommer (Juli\/August) ist das Wetter warm und trocken, w\u00e4hrend die Wintern\u00e4chte k\u00fchl sein k\u00f6nnen. Daher sind mehrere Schichten Kleidung oder eine leichte Jacke auch an Sommerabenden in Wassern\u00e4he ratsam. Viele Menschen genie\u00dfen hier vor allem die Natur, daher ist es ratsam, Sonnenschutz mitzubringen und bei der starken Sonne ausreichend zu trinken.<a href=\"https:\/\/travelshelper.com\/de\/reiseziele\/nordamerika\/vereinigte-staaten-von-amerika\/berkeley-springs\/\" target=\"_self\" aria-labelledby=\"uael-post-8997\"><br \/>\n<\/a><\/p>","protected":false},"excerpt":{"rendered":"<p>San Diego ist eine dynamische Stadt an der Pazifikk\u00fcste S\u00fcdkaliforniens, direkt an der Grenze zwischen Mexiko und den USA. Nach Los Angeles ist sie mit \u00fcber 1,3 Millionen Einwohnern die achtgr\u00f6\u00dfte Stadt der USA und die zweitgr\u00f6\u00dfte Stadt Kaliforniens. San Diego County, mit fast 3,3 Millionen Einwohnern (Stand 2021), ist um San Diego zentriert. Die Stadt ist bekannt f\u00fcr ihr ganzj\u00e4hrig mildes mediterranes Klima, ihre weitl\u00e4ufigen Parks und Str\u00e4nde, ihre langj\u00e4hrige Zusammenarbeit mit der US Navy und ihren j\u00fcngsten Aufstieg zu einem Zentrum f\u00fcr Biotechnologie und Gesundheitsentwicklung.<\/p>","protected":false},"author":1,"featured_media":4516,"parent":8072,"menu_order":0,"comment_status":"closed","ping_status":"closed","template":"elementor_theme","meta":{"_eb_attr":"","footnotes":""},"class_list":["post-8374","page","type-page","status-publish","has-post-thumbnail"],"_links":{"self":[{"href":"https:\/\/travelshelper.com\/de\/wp-json\/wp\/v2\/pages\/8374","targetHints":{"allow":["GET"]}}],"collection":[{"href":"https:\/\/travelshelper.com\/de\/wp-json\/wp\/v2\/pages"}],"about":[{"href":"https:\/\/travelshelper.com\/de\/wp-json\/wp\/v2\/types\/page"}],"author":[{"embeddable":true,"href":"https:\/\/travelshelper.com\/de\/wp-json\/wp\/v2\/users\/1"}],"replies":[{"embeddable":true,"href":"https:\/\/travelshelper.com\/de\/wp-json\/wp\/v2\/comments?post=8374"}],"version-history":[{"count":0,"href":"https:\/\/travelshelper.com\/de\/wp-json\/wp\/v2\/pages\/8374\/revisions"}],"up":[{"embeddable":true,"href":"https:\/\/travelshelper.com\/de\/wp-json\/wp\/v2\/pages\/8072"}],"wp:featuredmedia":[{"embeddable":true,"href":"https:\/\/travelshelper.com\/de\/wp-json\/wp\/v2\/media\/4516"}],"wp:attachment":[{"href":"https:\/\/travelshelper.com\/de\/wp-json\/wp\/v2\/media?parent=8374"}],"curies":[{"name":"wp","href":"https:\/\/api.w.org\/{rel}","templated":true}]}}