{"id":8365,"date":"2024-09-03T18:18:47","date_gmt":"2024-09-03T18:18:47","guid":{"rendered":"https:\/\/travelshelper.com\/staging\/?page_id=8365"},"modified":"2026-03-13T18:51:01","modified_gmt":"2026-03-13T18:51:01","slug":"san-antonio","status":"publish","type":"page","link":"https:\/\/travelshelper.com\/de\/destinations\/north-america\/united-states\/san-antonio\/","title":{"rendered":"San Antonio"},"content":{"rendered":"<p>San Antonio, Texas, erstreckt sich \u00fcber den mittleren S\u00fcden von Texas, wo sanfte Pr\u00e4rie auf s\u00fcdtexanisches Buschland trifft. Das Stadtbild wird von historischen Festungen und Missionen gepr\u00e4gt, insbesondere vom modernen Tower of the Americas, der die Skyline durchbricht. Das Herz der Stadt bildet der \u00fcppige San Antonio River Walk, ein in den Boden eingelassener, steinges\u00e4umter Wasserweg, ges\u00e4umt von Terrassen, Restaurants und Gesch\u00e4ften (das Klima ist feucht-subtropisch, hei\u00df im Sommer, mild im Winter). San Antonios Atmosph\u00e4re ist unverwechselbar: eine Mischung aus tiefem spanisch-mexikanischem Erbe und zeitgen\u00f6ssischer texanischer Dynamik. Die vorherrschende Architektur \u2013 von der gemei\u00dfelten Steinfassade des Alamo bis zu den pastellfarbenen Stuckh\u00e4usern \u2013 spiegelt eine Geschichte wider, die vom Spanien des 18. Jahrhunderts bis in die lebendige, multikulturelle Gegenwart reicht.<\/p>\n<p>San Antonio ist eine der gr\u00f6\u00dften St\u00e4dte der USA. Die Einwohnerzahl betrug 2020 1.434.625 (\u00fcber 1,6 Millionen im Gro\u00dfraum). Bis 2023 n\u00e4herte sie sich 1,46 Millionen und setzte damit ihr stetiges Wachstum fort. San Antonios Bev\u00f6lkerung ist bekannterma\u00dfen mehrheitlich hispanischer Herkunft: Etwa 64 % der Einwohner sind Hispanoamerikaner oder Latinos, meist mexikanischer Abstammung, und etwa 23 % sind nicht-hispanische Wei\u00dfe. Es gibt auch eine bedeutende afroamerikanische Gemeinschaft (ca. 6 %). Das mittlere Einkommen der Stadt liegt unter dem nationalen Durchschnitt, was auf die gro\u00dfe Arbeiterschicht zur\u00fcckzuf\u00fchren ist, obwohl die Wirtschaft floriert.<\/p>\n<p>San Antonio ist wirtschaftlich vielseitig aufgestellt. Historisch gesehen war es ein milit\u00e4rischer Au\u00dfenposten (mit mehreren St\u00fctzpunkten, die zum Joint Base San Antonio zusammengefasst sind), und dennoch verf\u00fcgt es \u00fcber eine der gr\u00f6\u00dften Milit\u00e4rpr\u00e4senzen des Landes. Weitere wichtige Sektoren sind das Gesundheitswesen (das South Texas Medical Center ist riesig), der Tourismus (Fort Sam Houston und Alamo ziehen Millionen an), Finanzdienstleistungen (USAA-Zentrale f\u00fcr Milit\u00e4rversicherungen) und die Erd\u00f6lraffination (Valero Energy hat hier seinen Sitz). Im Jahr 2018 betrug das BIP der Stadt etwa 121 Milliarden US-Dollar und konzentrierte sich auf die Bereiche Milit\u00e4r, Gesundheitswesen, Beh\u00f6rden und Unternehmensdienstleistungen. Die Stadt ist au\u00dferdem Anziehungspunkt f\u00fcr Kongresse im Henry B. Gonz\u00e1lez Convention Center. Im Jahr 2017 sicherte der Tourismus \u00fcber 130.000 Arbeitspl\u00e4tze und pumpte 13,6 Milliarden US-Dollar in die lokale Wirtschaft. San Antonio ist Sitz zweier Fortune-500-Unternehmen \u2013 Valero Energy (\u00d6l) und USAA (Versicherungen) \u2013 sowie zahlreicher regionaler Zentralen.<\/p>\n<p>San Antonio liegt in S\u00fcdtexas, etwa 120 Kilometer landeinw\u00e4rts vom Golf von Mexiko. Die Stadt liegt auf einer H\u00f6he von etwa 200 Metern am Balcones-Steilhang, wo sanfte Ebenen in die K\u00fcstenh\u00fcgel \u00fcbergehen. Das Klima ist feucht-subtropisch: Die Sommer sind sehr hei\u00df und schw\u00fcl (oft \u00fcber 38 \u00b0C), die Winter mild und kurz. Die Stadt liegt in den Ebenen S\u00fcdtexas, daher ist das Gel\u00e4nde meist flach bis sanft h\u00fcgelig, mit sp\u00e4rlichem Waldbestand und Buschland. Die f\u00fcnf spanischen Kolonialmissionen der Stadt (darunter das Alamo) liegen am San Antonio River und geh\u00f6ren zum UNESCO-Weltkulturerbe. (Die Flussufer und die Missionen unterbrechen die flache Landschaft und schaffen gr\u00fcne Oasen in der Stadt.)<\/p>\n<p>Die Geschichte San Antonios beginnt mit der spanischen Kolonialzeit. 1718 gr\u00fcndete Pater Antonio de Olivares die erste Mission und nannte sie San Antonio de Valero (das sp\u00e4tere Alamo). Im selben Jahr errichteten die Spanier in der N\u00e4he das Presidio San Antonio de B\u00e9xar (eine Festung), und Siedler errichteten eine Villa darum. Damit war San Antonio die erste zivile Siedlung im heutigen Texas. Im Laufe des 18. Jahrhunderts entstanden entlang des Flusses weitere Missionen. 1821 erlangte Texas als Teil Mexikos die Unabh\u00e4ngigkeit von Spanien, und San Antonio blieb ein wichtiges Zentrum.<\/p>\n<p>Ein entscheidender Moment war die Schlacht von Alamo 1836 w\u00e4hrend der texanischen Revolution: 180 texanische Verteidiger wurden von Santa Annas mexikanischer Armee belagert, und obwohl sie letztlich unter schweren texanischen Verlusten besiegt wurden, festigte der Schlachtruf \u201eRemember the Alamo\u201c die Unabh\u00e4ngigkeit Texas\u2018. (Die Alamo-Mission wurde zu einem Symbol texanischer Identit\u00e4t.) Im 19. und fr\u00fchen 20. Jahrhundert entwickelte sich San Antonio zu einem Zentrum der Viehzucht und Landwirtschaft und entwickelte sp\u00e4ter Industrien wie die Pearl Brewery und Milit\u00e4reinrichtungen. Nach dem Zweiten Weltkrieg r\u00fcckte die Milit\u00e4rwirtschaft durch die Konsolidierung zur Joint Base San Antonio noch st\u00e4rker in den Mittelpunkt. In den letzten Jahrzehnten hat die Stadt ein schnelles Wachstum und eine starke Diversifizierung erlebt und gleichzeitig ihr multiethnisches Erbe durch Festivals und kulturelle Einrichtungen bewahrt.<\/p>\n<p>San Antonios Kultur ist stark hispanisch gepr\u00e4gt und man ist stolz auf seine Wurzeln. Spanische und mexikanische Traditionen pr\u00e4gen den Alltag: Die Stadt ist voller Farben, Feste und kulinarischer Gen\u00fcsse. Die vorherrschende Sprache ist Englisch, aber Spanisch ist weit verbreitet (Stadtviertel, Gesch\u00e4fte und Beschilderungen sind oft zweisprachig). Der Alltag ist gepr\u00e4gt von Fiesta-Atmosph\u00e4re: Mariachi- und Conjunto-Musik sind weit verbreitet, und Tex-Mex-K\u00fcche (Tacos, Enchiladas, Brisket) ist allgegenw\u00e4rtig. Eines der gr\u00f6\u00dften Ereignisse der Stadt ist die Fiesta San Antonio, ein stadtweites Fest, das jeden Fr\u00fchling Kultur und Geschichte feiert (sie ist das Wahrzeichen der Stadt). Viele Einheimische tragen Cowboyh\u00fcte, feiern Familiengrillfeste und besuchen Rodeos und Tejano-Musik-Shows.<\/p>\n<p>Was den Stil angeht, sind die Einwohner von San Antonio freundlich und entspannt. In den vielen Vierteln (Alamo Heights, Southtown, King William usw.) herrscht ein starkes Gemeinschaftsgef\u00fchl. Kirchen (katholische und protestantische) und Gemeindezentren bilden Anlaufstellen. Wegen der Hitze dreht sich das Leben hier oft um abendliche Aktivit\u00e4ten oder klimatisierte R\u00e4ume; Stra\u00dfencaf\u00e9s sind abends beliebt. Der River Walk selbst wirkt wie eine \u201eurbane Oase\u201c, in der sich die Menschen zum Abendessen und Flanieren treffen. Insgesamt verbindet die Stadt ihr Tejano-Erbe mit modernem texanischem Flair. Wie eine kulturelle Anmerkung hervorhebt, ist San Antonio eine von nur 26 UNESCO Creative Cities of Gastronomy (Auszeichnung 2017) \u2013 eine Anerkennung seiner kulinarischen Bedeutung.<\/p>\n<p><strong>Top-Attraktionen:<\/strong><\/p>\n<ul>\n<li><strong>The Alamo (Missionen von San Antonio)<\/strong> \u2013 Die Mission von San Antonio de Valero (\u201eThe Alamo\u201c) ist das ber\u00fchmteste Wahrzeichen von Texas. Sie ist seit dem 18. Jahrhundert erhalten und wird j\u00e4hrlich von \u00fcber 2 Millionen Menschen besucht. Sie ist die gr\u00f6\u00dfte Touristenattraktion. In der N\u00e4he befinden sich vier weitere spanische Missionen (Mission Concepci\u00f3n, San Jos\u00e9, San Juan und Espada) entlang des Mission Trails. Zusammen bilden diese f\u00fcnf Missionen (einschlie\u00dflich des Alamo) die <strong>Nationaler Historischer Park San Antonio Missions<\/strong>, ein UNESCO-Weltkulturerbe. Spazierg\u00e4nge hier lassen die Kolonialgeschichte lebendig werden.<\/li>\n<li><strong>San Antonio Flussspaziergang<\/strong> \u2013 Ein angelegter Wasserweg mit Gehwegen und Steinbr\u00fccken entlang des San Antonio River durch die Innenstadt. Ges\u00e4umt von Caf\u00e9s, Restaurants, Gesch\u00e4ften und Hotels bietet er einen malerischen Kontrast zur texanischen Hitze. Eine Bootstour auf dem River Walk ist ein beliebtes Sightseeing-Erlebnis. Der River Walk wird oft als die Seele der Stadt bezeichnet, wo man gem\u00fctlich einen Nachmittag mit Essen und Spazierg\u00e4ngen entlang des sanften Flusses verbringen kann.<\/li>\n<li><strong>Der Turm der Amerikas<\/strong> \u2013 Ein 239 Meter hoher Aussichtsturm, der f\u00fcr die Weltausstellung 1968 erbaut wurde. Von der Aussichtsplattform aus bietet er einen Panoramablick auf San Antonio und ein Drehrestaurant auf der Spitze. Er steht prominent im Hemisfair Park in der Innenstadt.<\/li>\n<li><strong>SeaWorld San Antonio und Six Flags Fiesta Texas<\/strong> Familienfreundliche Freizeitparks. SeaWorld (im Westen von San Antonio) bietet Meeress\u00e4ugershows und Aquarien. Six Flags Fiesta Texas (im Nordwesten) bietet Achterbahnen und Fahrgesch\u00e4fte. Beide z\u00e4hlen zu den gr\u00f6\u00dften Attraktionen der Region f\u00fcr Kinder und Abenteuerlustige gleicherma\u00dfen.<\/li>\n<li><strong>Marktplatz (Der Markt)<\/strong> \u2013 Der historische Marktplatz im S\u00fcden der Innenstadt ist der gr\u00f6\u00dfte mexikanische Markt der USA. Er ist t\u00e4glich ge\u00f6ffnet und bietet einen farbenfrohen Platz mit Kunsthandwerksst\u00e4nden und Restaurants. H\u00e4ndler verkaufen Pi\u00f1atas, Sombreros, mexikanische S\u00fc\u00dfigkeiten und Kunsthandwerk \u2013 ein Spiegelbild der ausgepr\u00e4gten hispanischen Kultur San Antonios.<\/li>\n<li><strong>Nationaler Historischer Park San Antonio Missions<\/strong> (siehe Alamo oben) \u2013 Neben der Mission in der Innenstadt umfasst der Park die Missionen Concepci\u00f3n, San Jos\u00e9, San Juan und Espada. Diese sind wundersch\u00f6n erhalten, insbesondere die Mission Concepci\u00f3n (mit Originalfresken). Sie sind ruhiger als die Alamo, aber historisch ebenso bedeutsam.<\/li>\n<li><strong>Weitere Highlights:<\/strong> Der San Antonio Zoo im Brackenridge Park, das Witte Museum (Wissenschaft, Geschichte, Kultur) und der historische Brackenridge Park (Heimat der japanischen Teeg\u00e4rten). Der historische spanische Gouverneurspalast in der Innenstadt ist eines der \u00e4ltesten Geb\u00e4ude in Texas. Bemerkenswert sind auch die River Parade und die FIESTA-Veranstaltungen, falls Ihr Besuch in diese Jahreszeit f\u00e4llt.<\/li>\n<\/ul>\n<p><strong>Praktischer Schnappschuss:<\/strong><\/p>\n<ul>\n<li><strong>Anreise:<\/strong> Der internationale Flughafen San Antonio (SAT) bedient die Stadt mit Fl\u00fcgen aus allen Teilen der USA. Er liegt n\u00f6rdlich der Innenstadt (ca. 16 km entfernt). Die Interstate Highways I-35, I-10 und I-37 laufen um San Antonio zusammen und erm\u00f6glichen so eine gute Anbindung mit dem Auto aus allen Richtungen (Dallas\/Houston \u00fcber die I-35, Austin \u00fcber die I-35 North usw.). Greyhound-Busse und Amtrak (Sunset Limited) bedienen ebenfalls die Innenstadt. Das Stadtzentrum liegt wenige Autostunden s\u00fcdlich von Austin und s\u00fcdwestlich von Houston.<\/li>\n<li><strong>Fortbewegung vor Ort:<\/strong> San Antonios Nahverkehrssystem wird von VIA Metropolitan Transit betrieben (Busse und ein neueres Expressbussystem). Da die Stadt gro\u00df ist, sind die meisten Besucher auf das Auto oder Mitfahrgelegenheiten angewiesen. Die Innenstadt und das Alamo-Viertel sind kompakt und gut zu Fu\u00df erreichbar. Taxis, Uber\/Lyft und Hotel-Shuttles sind leicht verf\u00fcgbar. (Hinweis: San Antonio verf\u00fcgt noch nicht \u00fcber eine S-Bahn oder Stadtbahn, eine solche ist jedoch geplant.)<\/li>\n<li><strong>Grundlegende Tipps:<\/strong> Die Landesw\u00e4hrung ist der US-Dollar. Englisch wird \u00fcberall gesprochen, aber auch Spanisch ist kein Problem (Beschilderung und Speisekarten sind meist zweisprachig). Die Umgangsformen in Texas: \u00c4hnlich wie im S\u00fcden sind die Menschen h\u00f6flich und sagen \u201eMa&#039;am\u201c und \u201eSir\u201c. In Restaurants wird Trinkgeld (15\u201320 %) erwartet. Aufgrund der Hitze sollten Sie im Sommer ausreichend trinken und Sonnenschutz verwenden. San Antonio ist in Touristengebieten im Allgemeinen sicher, aber Vorsicht vor Taschendieben in \u00fcberf\u00fcllten Gegenden ist geboten. Viele Einheimische und Ladenbesitzer sind freundlich \u2013 ein kurzer spanischer Gru\u00df (\u201eBuenos d\u00edas\u201c) wird immer gerne gesehen.<a href=\"https:\/\/travelshelper.com\/de\/reiseziele\/nordamerika\/vereinigte-staaten-von-amerika\/berkeley-springs\/\" target=\"_self\" aria-labelledby=\"uael-post-8997\"><br \/>\n<\/a><\/li>\n<\/ul>","protected":false},"excerpt":{"rendered":"<p>San Antonio, offiziell bekannt als die Stadt San Antonio, ist eine dynamische und historisch bedeutende Stadt im Bundesstaat Texas. Mit 2,6 Millionen Einwohnern (laut US-Volksz\u00e4hlung 2020) ist diese bev\u00f6lkerungsreichste Stadt im Gro\u00dfraum San Antonio die drittgr\u00f6\u00dfte Metropolregion in Texas und die 24. gr\u00f6\u00dfte des Landes. Nach Houston ist sie die zweitgr\u00f6\u00dfte Stadt in Texas, Verwaltungssitz des Bexar County und belegt den siebten Platz unter allen St\u00e4dten der USA sowie den zweiten Platz im S\u00fcden der USA.<\/p>","protected":false},"author":1,"featured_media":4038,"parent":8072,"menu_order":0,"comment_status":"closed","ping_status":"closed","template":"elementor_theme","meta":{"_eb_attr":"","footnotes":""},"class_list":["post-8365","page","type-page","status-publish","has-post-thumbnail"],"_links":{"self":[{"href":"https:\/\/travelshelper.com\/de\/wp-json\/wp\/v2\/pages\/8365","targetHints":{"allow":["GET"]}}],"collection":[{"href":"https:\/\/travelshelper.com\/de\/wp-json\/wp\/v2\/pages"}],"about":[{"href":"https:\/\/travelshelper.com\/de\/wp-json\/wp\/v2\/types\/page"}],"author":[{"embeddable":true,"href":"https:\/\/travelshelper.com\/de\/wp-json\/wp\/v2\/users\/1"}],"replies":[{"embeddable":true,"href":"https:\/\/travelshelper.com\/de\/wp-json\/wp\/v2\/comments?post=8365"}],"version-history":[{"count":0,"href":"https:\/\/travelshelper.com\/de\/wp-json\/wp\/v2\/pages\/8365\/revisions"}],"up":[{"embeddable":true,"href":"https:\/\/travelshelper.com\/de\/wp-json\/wp\/v2\/pages\/8072"}],"wp:featuredmedia":[{"embeddable":true,"href":"https:\/\/travelshelper.com\/de\/wp-json\/wp\/v2\/media\/4038"}],"wp:attachment":[{"href":"https:\/\/travelshelper.com\/de\/wp-json\/wp\/v2\/media?parent=8365"}],"curies":[{"name":"wp","href":"https:\/\/api.w.org\/{rel}","templated":true}]}}