{"id":8331,"date":"2024-09-03T15:25:07","date_gmt":"2024-09-03T15:25:07","guid":{"rendered":"https:\/\/travelshelper.com\/staging\/?page_id=8331"},"modified":"2026-03-13T18:08:36","modified_gmt":"2026-03-13T18:08:36","slug":"palm-springs","status":"publish","type":"page","link":"https:\/\/travelshelper.com\/de\/destinations\/north-america\/united-states\/palm-springs\/","title":{"rendered":"Palm Springs"},"content":{"rendered":"<p>Palm Springs ist eine mittelgro\u00dfe Stadt und ein Ferienort im Coachella Valley in S\u00fcdkalifornien. Beim Zensus 2020 hatte die Stadt 44.575 Einwohner. Anders als die meisten St\u00e4dte dieser Gr\u00f6\u00dfe beherbergt Palm Springs viele Durchreisende: Rentner und \u201eSnowbirds\u201c aus k\u00e4lteren Regionen str\u00f6men im Winter hierher und verdreifachen die Einwohnerzahl vor\u00fcbergehend. Bemerkenswert ist, dass \u00fcber 30 % der Einwohner 65 Jahre oder \u00e4lter sind, und das Durchschnittsalter von etwa 55 Jahren spiegelt den Ruf der Stadt als Ruhesitz wider. Palm Springs wird wirtschaftlich vom Tourismus, dem Immobiliensektor und dem Dienstleistungssektor angetrieben. Das mittlere Haushaltseinkommen liegt bei etwa 57.900 US-Dollar und die Armutsquote bei etwa 16 %; aufgrund der Attraktivit\u00e4t der Gegend sind die Immobilienpreise hoch (durchschnittlicher Eigenheimpreis ca. 398.000 US-Dollar). Die lokale Wirtschaft zieht j\u00e4hrlich Millionen von Besuchern an, insbesondere zum Golfen, zu Kulturfestivals und Hochzeiten sowie zu laufenden Film- und Technologiekongressen.<\/p>\n<p>Palm Springs liegt in der Sonora-W\u00fcste im S\u00fcden Kaliforniens, etwa 160 Kilometer \u00f6stlich von Los Angeles. Geografisch geh\u00f6rt die Stadt zum Coachella Valley, das zur gr\u00f6\u00dferen Colorado-W\u00fcste geh\u00f6rt und von Bergen eingerahmt wird. Im Westen erheben sich die San Jacinto Mountains (mit einer H\u00f6he von 3.355 Metern am Mount San Jacinto), und im Osten liegen die Santa Rosa Mountains und die Little San Bernardino Mountains. Die Talsohle ist trocken und flach und liegt etwa 146 Meter \u00fcber dem Meeresspiegel. Das Klima ist arid: Palm Springs ist bekannt f\u00fcr sein hei\u00dfes W\u00fcstenklima (K\u00f6ppen BWh) mit \u00fcber 300 Sonnentagen im Jahr. Die Sommer sind extrem hei\u00df (oft \u00fcber 43 \u00b0C), und die Winter sind kurz und mild, meist \u00fcber dem Gefrierpunkt. Regen ist selten \u2013 die durchschnittliche j\u00e4hrliche Niederschlagsmenge betr\u00e4gt nur etwa 12,5 Millimeter. In der unerbittlichen Sonneneinstrahlung gedeihen ohne Bew\u00e4sserung nur d\u00fcrreresistente Pflanzen (Palmen, Kakteen). Insgesamt ist Palm Springs aufgrund seiner Lage und seines Klimas ein Paradies f\u00fcr Snowbirds und eine wahre Oase inmitten karger W\u00fcste.<\/p>\n<p>Die Gegend um Palm Springs war urspr\u00fcnglich jahrhundertelang die Heimat des Cahuilla-Volkes, bevor die Europ\u00e4er eintrafen. Sie nannten die nat\u00fcrlichen Oasen Se-Khi (\u201ekochendes Wasser\u201c) und nutzten die warmen, von Palmen und Eichen ges\u00e4umten Quellen im Winter als Unterkunft und f\u00fcr Zeremonien. Der Agua Caliente-Stamm der Cahuilla-Indianer unterh\u00e4lt heute ein Reservat unterhalb der Stadt. Die moderne Stadt nahm im fr\u00fchen 20. Jahrhundert Gestalt an. 1938 wurde Palm Springs offiziell eingemeindet, nachdem es als W\u00fcstenkurort und Obstanbauoase beworben worden war (in der fr\u00fchen Wirtschaft wurden Datteln, Zitrusfr\u00fcchte und Oliven angebaut).<\/p>\n<p>Palm Springs erlebte nach dem Zweiten Weltkrieg einen wahren Boom. Hollywoodstars und -magnaten entdeckten das sonnige Klima des Tals und lie\u00dfen charakteristische H\u00e4user und Hotels im Mid-Century-Modern-Stil errichten. Ber\u00fchmtheiten wie Frank Sinatra, John Wayne und Lucille Ball bauten hier H\u00e4user. Die Architektur dieser Epoche (flache Ebenen, harmonisches Wohnen im Innen- und Au\u00dfenbereich) wurde Teil der Identit\u00e4t von Palm Springs. Das kulturelle Wachstum der Stadt spiegelte diesen Reichtum wider: In den 1950er- und 1960er-Jahren entstanden Theater, Galerien und eine wachsende Kunstszene. In den letzten Jahrzehnten hat Palm Springs sein Erbe aus der Mitte des Jahrhunderts durch Denkmalpflege und Tourismus wiederbelebt. Die Stadt ist international bekannt f\u00fcr ihr \u201ePalm Springs Modern\u201c-Design und veranstaltet Architekturf\u00fchrungen sowie das j\u00e4hrliche Festival \u201eModernism Week\u201c, das das Erbe der 1950er-Jahre feiert.<\/p>\n<p>Palm Springs hat das typische Ferienort-Ambiente. Englisch ist die Amtssprache, aber viele Einwohner sprechen Spanisch oder andere Sprachen. Die Stadtbev\u00f6lkerung besteht zu 79 % aus Wei\u00dfen und zu 25 % aus Hispanics\/Latinos. Das internationale Flair der Stadt verdankt sie vor allem dem Tourismus: G\u00e4ste aus den USA, Kanada und anderen L\u00e4ndern kommen zum Golfspielen, f\u00fcr Wellness-Besuche und Kongresse. Der Lebensstil ist entspannt und freizeitorientiert. Die Tage verbringt man am Pool, auf Golfpl\u00e4tzen oder beim Flanieren durch palmenges\u00e4umte Stra\u00dfen. Zu den beliebtesten Freizeitbesch\u00e4ftigungen z\u00e4hlen Yoga im Morgengrauen, Oldtimer-Shows und abendliche Mahlzeiten im Freien auf luftigen Terrassen.<\/p>\n<p>Palm Springs ist au\u00dferdem stolz auf seine lebendige Kunst- und Festivalszene. Neben der Modernism Week (Architekturf\u00fchrungen im Februar und manchmal im Oktober) veranstaltet die Stadt jedes Jahr im Januar das ber\u00fchmte Internationale Filmfestival. Die gro\u00dfe LGBTQ+-Community und die damit verbundenen Veranstaltungen (z. B. White Party, Pride) unterstreichen den Ruf der Stadt als eine der schwulenfreundlichsten St\u00e4dte Amerikas. Die Innenstadt (Avenida Caballeros und Palm Canyon Drive) bietet vielseitige Boutiquen, Kunstgalerien und Theater. Nachts erleuchten funkelnde Lichterketten Restaurants und Bars und sorgen f\u00fcr ein gehobenes, zwangloses Nachtleben. Insgesamt verbindet die Atmosph\u00e4re entspannten W\u00fcstencharme mit pulsierender Gro\u00dfstadtatmosph\u00e4re bei Veranstaltungen. Au\u00dfenstehenden f\u00e4llt oft die herzliche Begr\u00fc\u00dfung der Stadt auf \u2013 \u201ePalm Springs nice\u201c \u2013 inmitten eines selbstbewussten Stolzes auf die lokale Geschichte und den Mid-Century-Chic.<\/p>\n<p>Besucher von Palm Springs werden von der Kombination aus Natur- und Architekturattraktionen angezogen. Besonders hervorzuheben ist die Palm Springs Aerial Tramway. In einer zehnmin\u00fctigen Seilbahnfahrt bef\u00f6rdert die Tramway G\u00e4ste 1.873 Meter vom W\u00fcstenboden ins Hochgebirge. Die rotierenden Gondeln und die Bergstation (auf 2.600 Metern H\u00f6he) bieten Panoramablicke auf das Tal, im Winter auf Schnee, Wanderwege und Restaurants. Die Tramway ist ein technisches Meisterwerk aus dem Jahr 1963 (immer noch mit den originalen Rotair-Wagen) und bietet eine einzigartige M\u00f6glichkeit, f\u00fcnf Klimazonen in einer Fahrt zu erleben.<\/p>\n<p>Outdoor-Fans k\u00f6nnen nur wenige Autominuten au\u00dferhalb der Stadt fahren, um die Indian Canyons und den Tahquitz Canyon zu erkunden. Diese W\u00fcstenoasen bieten palmenbeschattete Bachbetten und indianische Wanderwege durch hoch aufragende Canyonw\u00e4nde. Ein anstrengender Aufstieg zu den Cahuilla Falls oder zum Murray Canyon offenbart saisonale Wasserf\u00e4lle und \u00dcberreste der Cahuilla-Bew\u00e4sserung. F\u00fcr eine rauere W\u00fcstenlandschaft ist der Joshua Tree Nationalpark (eine kurze Fahrt \u00f6stlich) bekannt f\u00fcr seine Josuab\u00e4ume und schroffen Felsformationen \u2013 ein absolutes Muss f\u00fcr einen Tagesausflug von Palm Springs.<\/p>\n<p>Palm Springs bietet auch zahlreiche kulturelle und architektonische Sehensw\u00fcrdigkeiten. Das Palm Springs Art Museum beherbergt moderne und indianische Kunst. Architekturfans k\u00f6nnen ber\u00fchmte H\u00e4user besichtigen: Frank Lloyd Wrights nahegelegenes Taliesin West (sein Winterhaus und Campus seiner Architekturschule) ist f\u00fcr Besichtigungen ge\u00f6ffnet. Die modernistischen Residenzen der Stadt \u2013 wie das Kaufmann House und das Elvis-Honeymoon-Cottage \u2013 k\u00f6nnen mit dem Auto oder im Rahmen von F\u00fchrungen besichtigt werden. Im Talboden sch\u00fctzen das Coachella Valley Preserve und Wildschutzgebiete die lokale Flora und Fauna, w\u00e4hrend der Moorten Botanical Garden Kakteen und Sukkulenten zeigt, die nur in der Sonora-W\u00fcste vorkommen.<\/p>\n<p>Die Innenstadt selbst ist voller Attraktionen. Der Palm Canyon Drive (die Hauptstra\u00dfe) besticht durch seine Neonreklamen aus der Mitte des Jahrhunderts und den Walk of Stars, der Prominenten gewidmet ist. In der N\u00e4he erinnern das Luftfahrtmuseum und die IGA-Statue von Frank Sinatra an die Showbiz-Vergangenheit der Stadt. Feinschmecker und Shoppingbegeisterte genie\u00dfen die w\u00f6chentlichen und ganzj\u00e4hrigen Bauernm\u00e4rkte mit frischen Produkten und Kunsthandwerk. Kurz gesagt: Die Highlights von Palm Springs reichen von W\u00fcstenaussichten (Tramway, Canyons) bis hin zu kulturellen Sehensw\u00fcrdigkeiten (Touren durch die Mitte des Jahrhunderts, Museen) \u2013 alles vereint durch wehende Palmen und endlosen Sonnenschein.<\/p>\n<p>Palm Springs ist leicht zu erreichen. Der Palm Springs International Airport (PSP) liegt westlich der Innenstadt und bedient Inlandsfl\u00fcge von wichtigen Drehkreuzen (Los Angeles, San Francisco, Phoenix) sowie saisonale Verbindungen. Der Los Angeles International Airport (LAX) liegt etwa 190 Kilometer westlich, eine 2- bis 2,5-st\u00fcndige Fahrt \u00fcber die I-10. Amtraks Sunset Limited und Texas Eagle halten im nahegelegenen Palm Springs, und Fernbusse bedienen das Tal. F\u00fcr Autofahrer f\u00fchrt die Interstate 10 in Ost-West-Richtung durch Palm Springs (und verbindet Los Angeles im Westen und Phoenix\/Arizona im Osten), und die CA-111 und CA-62 bieten Zugang zu den umliegenden W\u00fcstengebieten.<\/p>\n<p>Palm Springs ist stark vom Auto abh\u00e4ngig, insbesondere um abgelegene Canyons oder Golfpl\u00e4tze zu erreichen. Die Innenstadt ist jedoch fahrrad- und fu\u00dfg\u00e4ngerfreundlich, und viele Hotels bieten einen Fahrradverleih an. Der \u00f6ffentliche Nahverkehr wird von der SunLine Transit Agency betrieben, die Busse entlang der wichtigsten Talstrecken (einschlie\u00dflich Palm Canyon Dr und East Palm Canyon) betreibt. Eine im Bau befindliche regionale Stadtbahnlinie wird Palm Springs k\u00fcnftig mit anderen St\u00e4dten im Coachella Valley verbinden. F\u00fcr die meisten Besucher sind Mietwagen oder Mitfahrgelegenheiten die einfachste L\u00f6sung. Parkpl\u00e4tze auf der Stra\u00dfe sind in Palm Springs reichlich vorhanden und oft kostenlos, au\u00dfer an geb\u00fchrenpflichtigen Parkpl\u00e4tzen und auf Veranstaltungsgel\u00e4nden.<\/p>\n<p>Die W\u00e4hrung ist US-Dollar und Englisch wird \u00fcberall verstanden (Spanisch ist unter dem Servicepersonal auch weit verbreitet). Die Kleiderordnung sieht legere Resort-Kleidung vor \u2013 denken Sie im Sommer an Shorts, Sandalen und Sonnenh\u00fcte (plus eine leichte Jacke in den W\u00fcstenn\u00e4chten im Winter). Die W\u00fcstensonne kann intensiv sein; Sonnencreme und viel Wasser sind unerl\u00e4sslich, besonders beim Wandern. Das Trinkgeld entspricht der \u00fcblichen US-amerikanischen Praxis (15\u201320 % in Restaurants, Taxis und f\u00fcr Reisef\u00fchrer). H\u00f6flichkeit ist die Norm (ein Nicken oder \u201eDanke\u201c reicht weit). Die Sicherheit ist im Allgemeinen gut \u2013 in Palm Springs gibt es in den Touristengebieten wenig Kriminalit\u00e4t, aber wie in jeder Stadt sollte man in \u00fcberf\u00fcllten Orten auf seine Wertgegenst\u00e4nde achten. Im Sommer sollten Sie sich vor extremer Hitze und Sturzfluten durch Sommermonsune in den Bergregionen in Acht nehmen. Alles in allem verbindet ein Aufenthalt hier die Freiheit der Hochw\u00fcste mit dem Komfort einer gut erschlossenen Touristenstadt.<a href=\"https:\/\/travelshelper.com\/de\/reiseziele\/nordamerika\/vereinigte-staaten-von-amerika\/berkeley-springs\/\" target=\"_self\" aria-labelledby=\"uael-post-8997\"><br \/>\n<\/a><\/p>","protected":false},"excerpt":{"rendered":"<p>Palm Springs ist ein W\u00fcstenresort im Riverside County, Kalifornien, USA, eingebettet im Coachella Valley der Colorado-W\u00fcste. Mit einer Fl\u00e4che von fast 240 km\u00b2 ist sie die fl\u00e4chenm\u00e4\u00dfig gr\u00f6\u00dfte Stadt des Riverside County. Das Reservat der Agua Caliente Band of Cahuilla Indians, das mehr als 10 % der Stadtfl\u00e4che einnimmt, weist ein charakteristisches Schachbrettmuster auf. Dieses Reservat ist nicht nur ein pr\u00e4gendes Merkmal der Stadt, sondern auch das Verwaltungszentrum des bev\u00f6lkerungsreichsten Reservats Kaliforniens.<\/p>","protected":false},"author":1,"featured_media":3401,"parent":8072,"menu_order":0,"comment_status":"closed","ping_status":"closed","template":"elementor_theme","meta":{"_eb_attr":"","footnotes":""},"class_list":["post-8331","page","type-page","status-publish","has-post-thumbnail"],"_links":{"self":[{"href":"https:\/\/travelshelper.com\/de\/wp-json\/wp\/v2\/pages\/8331","targetHints":{"allow":["GET"]}}],"collection":[{"href":"https:\/\/travelshelper.com\/de\/wp-json\/wp\/v2\/pages"}],"about":[{"href":"https:\/\/travelshelper.com\/de\/wp-json\/wp\/v2\/types\/page"}],"author":[{"embeddable":true,"href":"https:\/\/travelshelper.com\/de\/wp-json\/wp\/v2\/users\/1"}],"replies":[{"embeddable":true,"href":"https:\/\/travelshelper.com\/de\/wp-json\/wp\/v2\/comments?post=8331"}],"version-history":[{"count":0,"href":"https:\/\/travelshelper.com\/de\/wp-json\/wp\/v2\/pages\/8331\/revisions"}],"up":[{"embeddable":true,"href":"https:\/\/travelshelper.com\/de\/wp-json\/wp\/v2\/pages\/8072"}],"wp:featuredmedia":[{"embeddable":true,"href":"https:\/\/travelshelper.com\/de\/wp-json\/wp\/v2\/media\/3401"}],"wp:attachment":[{"href":"https:\/\/travelshelper.com\/de\/wp-json\/wp\/v2\/media?parent=8331"}],"curies":[{"name":"wp","href":"https:\/\/api.w.org\/{rel}","templated":true}]}}