{"id":8219,"date":"2024-09-01T20:08:53","date_gmt":"2024-09-01T20:08:53","guid":{"rendered":"https:\/\/travelshelper.com\/staging\/?page_id=8219"},"modified":"2026-03-13T17:59:34","modified_gmt":"2026-03-13T17:59:34","slug":"miami-beach","status":"publish","type":"page","link":"https:\/\/travelshelper.com\/de\/destinations\/north-america\/united-states\/miami-beach\/","title":{"rendered":"Miami Beach"},"content":{"rendered":"<p>Miami Beach ist von der Bev\u00f6lkerung her eine kleinere Stadt, hat aber im Tourismus eine \u00fcberdurchschnittliche Leistung. Die Stadt selbst hatte 2025 etwa 78.000 Einwohner, gegen\u00fcber rund 82.000 im Jahr 2020. (Sie ist de facto Teil des gr\u00f6\u00dferen Ballungsraums Miami mit insgesamt \u00fcber 6 Millionen Einwohnern.) Das Durchschnittsalter von Miami Beach ist eher h\u00f6her \u2013 etwa 47 Jahre \u2013 was die Beliebtheit der Stadt bei Rentnern und Winterg\u00e4sten widerspiegelt, obwohl die saisonale Bev\u00f6lkerung in den Wintermonaten durch die Snowbirds ansteigt. Wirtschaftlich floriert Miami Beach vom Immobilienmarkt und der Gastronomie: Das mittlere Haushaltseinkommen ist aufgrund der wohlhabenden Viertel und einer von Urlaubsresorts gepr\u00e4gten Wirtschaft relativ hoch (etwa 67.000 US-Dollar). Die Arbeitslosenquoten sind tendenziell niedrig, w\u00e4hrend die Armut im nationalen Vergleich gering ist (~14 %). In rassischer und ethnischer Hinsicht ist die Stadt recht vielf\u00e4ltig: Etwa 56 % identifizieren sich als Wei\u00dfe (nicht-hispanische), mit gro\u00dfen hispanischen\/lateinamerikanischen und anderen Minderheitengemeinschaften. Fast 60 % der Einwohner sprechen zu Hause Spanisch, was den starken Einfluss der Migration aus Lateinamerika und der Karibik widerspiegelt.<\/p>\n<p>Miami Beach ist ein tropischer Ferienort auf einer Kette von Barriereinseln entlang der Atlantikk\u00fcste Floridas, \u00f6stlich des Festlandes von Miami. Die Stadt erstreckt sich \u00fcber Miami Beach Island (wo sich South Beach befindet), die Normandie- und Biscayne-Inseln sowie kleinere Inseln \u2013 alle durch die Biscayne Bay vom Festland getrennt. Sie liegt an der S\u00fcdspitze Nordamerikas, im US-Bundesstaat Florida, und gilt somit als Teil des S\u00fcdostens der Vereinigten Staaten. Die Landschaft ist flach und ozeanisch, mit kilometerlangen Sandstr\u00e4nden, die im Osten an den Atlantischen Ozean grenzen, und Buchten\/Lagunen im Westen. Es gibt keine Berge oder H\u00fcgel \u2013 nur Palmen, palmenges\u00e4umte Promenaden und die ber\u00fchmten pastellfarbenen Art-d\u00e9co-Geb\u00e4ude von South Beach.<\/p>\n<p>Das Klima in Miami Beach ist tropisch. Die Sommer sind hei\u00df und schw\u00fcl, die Winter mild und warm. Die Stadt liegt in der Zone des tropischen Monsuns: Im Sommer (Mai bis Oktober) kommt es h\u00e4ufig zu Regenf\u00e4llen an den Nachmittagen und es besteht die Gefahr von Hurrikanen. Die Tagestemperaturen liegen oft \u00fcber 30 \u00b0C. Die Wintermonate sind warm (im Januar zwischen 18 und 21 \u00b0C) und die Temperaturen fallen selten unter 10 \u00b0C. Die Regenzeit erreicht im Sp\u00e4tsommer ihren H\u00f6hepunkt und tr\u00e4gt zu einer durchschnittlichen j\u00e4hrlichen Niederschlagsmenge von etwa 132 cm bei. Besonders nass sind Juli und September. Von Juni bis November drohen Hurrikane und tropische St\u00fcrme, daher sollten Reisende in dieser Jahreszeit die Wettervorhersagen im Auge behalten. Insgesamt ist das Klima das ganze Jahr \u00fcber strandfreundlich, im Sommer sind jedoch Sonnenschutz und leichte Kleidung unerl\u00e4sslich, w\u00e4hrend f\u00fcr k\u00fchlere Winterabende eine leichte Jacke ausreicht.<\/p>\n<p>Die Geschichte von Miami Beach als Ferienort reicht bis ins fr\u00fche 20. Jahrhundert zur\u00fcck. Bis zum Bau des ersten Damms waren die Inseln weitgehend unbewohnt. Die Entwicklung begann 1913, als der Bankier John S. Collins die Collins Bridge \u00fcber die Biscayne Bay fertigstellte, damals die l\u00e4ngste Holzbr\u00fccke der Welt. Collins (und sp\u00e4ter Carl Fisher, ein Automagnat und Bauunternehmer in seinen 60ern) begannen, Land zu verkaufen und Hotels zu bauen. Die Stadt \u201eMiami Beach\u201c wurde 1915 offiziell gegr\u00fcndet. Miami Beach wuchs in den 1920er-Jahren mit dem Immobilienboom in Florida; viele der ikonischen Art-d\u00e9co-Hotels stammen aus den Jahren 1923 bis 1943. Besonders bemerkenswert war das Art-d\u00e9co-Viertel in South Beach, das 1979 als weltweit gr\u00f6\u00dfte Sammlung von Art-d\u00e9co-Architektur in das US-amerikanische National Register of Historic Places aufgenommen wurde.<\/p>\n<p>Die folgenden Jahrzehnte waren gepr\u00e4gt von H\u00f6hen und Tiefen. Mitte des Jahrhunderts entwickelte sich Miami Beach zu einem beliebten Ausflugsziel f\u00fcr Rentner und Prominente. In den 1960er und 70er Jahren kam es zu einem R\u00fcckgang, da einige Touristen abwanderten. Doch die Erhaltung der Art-d\u00e9co-Geb\u00e4ude in den 1980er und 90er Jahren f\u00fchrte zu einer Wiederbelebung. Heute ist Miami Beach als Art-d\u00e9co-Museumsstadt weltber\u00fchmt und hat sich mehrfach neu erfunden. Seine fr\u00fche Geschichte \u2013 von Collins&#039; Kokosnusshainen und dem Flamingo Hotel (um 1920) bis hin zu den heutigen glamour\u00f6sen Resorts \u2013 zeugt von anhaltendem Tourismus und immobiliengetriebenem Wachstum.<\/p>\n<p>Miami Beach ist so kosmopolitisch wie amerikanische St\u00e4dte nur sein k\u00f6nnen. Englisch und Spanisch sind weit verbreitet; tats\u00e4chlich spricht mehr als die H\u00e4lfte der Bev\u00f6lkerung zu Hause Spanisch. Die Kultur der Stadt ist eine lebendige Mischung kubanischer, haitianischer, europ\u00e4ischer und amerikanischer Einfl\u00fcsse, die sich in Essen, Musik und Stra\u00dfenleben widerspiegelt. Die Viertel haben unterschiedliche Charaktere: Das schicke South Beach (SoBe) ist bekannt f\u00fcr seinen Nachtclub-Glamour, lateinamerikanische Rhythmen und eine gro\u00dfe LGBT-Community; Mid-Beach und North Beach bieten eine ruhigere, familienfreundliche Wohnatmosph\u00e4re.<\/p>\n<p>Traditionell dreht sich das Leben in Miami Beach um den Strand und das Nachtleben. Insbesondere South Beach ist ber\u00fchmt f\u00fcr sein pulsierendes Nachtleben rund um die Uhr: gehobene Clubs, Poolpartys und Events mit Prominenz (denken Sie an die warmen N\u00e4chte auf dem Ocean Drive oder im Club Space). Tags\u00fcber ist es ein Paradies zum Sonnenbaden, f\u00fcr Wassersport und den entspannten Strand-Lounge-Lifestyle. Die Einheimischen genie\u00dfen Outdoor-Fitness entlang der Uferpromenaden und die Stadt hat eine bedeutende Mode- und Kunstszene (beispielsweise ist Miami Beach jeden Dezember Gastgeber der j\u00e4hrlichen Art Basel, einer Messe f\u00fcr zeitgen\u00f6ssische Kunst, die internationales Publikum anzieht). Die Festivals spiegeln diese Mischung wider \u2013 Calle Ocho\/Carnaval Miami in Little Havana (M\u00e4rz) und Miami Beach Pride (M\u00e4rz) feiern beispielsweise die Latino- und LGBTQ-Kultur, w\u00e4hrend das South Beach Food &amp; Wine Festival (Februar) und die Winter Music Conference (M\u00e4rz) ein internationales kulinarisches und tanzmusikalisches Publikum anziehen.<\/p>\n<p>Der Alltag in Miami Beach ist hektisch und glamour\u00f6s. Viele Menschen arbeiten im Tourismus, Gastgewerbe oder im Finanz- und Technologiesektor im nahegelegenen Miami. Es herrscht ein Hauch von l\u00e4ssigem Luxus \u2013 von Caf\u00e9s ges\u00e4umten Gehwegen \u00fcber exklusive Boutiquen bis hin zu kubanischen Caf\u00e9s. Trotz des Party-Images pflegen die Einheimischen auch ein starkes Gemeinschaftsgef\u00fchl: Familien genie\u00dfen die Strandparks, und es herrscht eine entspannte W\u00e4rme, wenn sich die Menschen unter der Sonne Floridas begr\u00fc\u00dfen. Kurz gesagt: Die Atmosph\u00e4re in Miami Beach ist elektrisierend, gehoben und multikulturell \u2013 eine Strandstadt, in der lateinamerikanische Aromen, internationale K\u00fcnstler und das Leben am Meer nahtlos in den Alltag \u00fcbergehen.<\/p>\n<p>Die Attraktionen von Miami Beach liegen vor allem in den Str\u00e4nden, der Architektur und der Kulturszene. Der bekannteste ist South Beach (oft SoBe genannt), ein drei Kilometer langer Strandabschnitt mit t\u00fcrkisfarbener Brandung und wei\u00dfem Sand. Das angrenzende Art-d\u00e9co-Viertel (zentriert um Ocean Drive und Collins Avenue) ist ein gro\u00dfer Anziehungspunkt \u2013 Hunderte von Hotels, Apartments und Wahrzeichen in leuchtenden Pastellfarben aus den 1920er- bis 1940er-Jahren. Dieses historische Viertel zu Fu\u00df oder mit dem Fahrrad (z. B. auf der Miami Beach Architectural District Tour) zu erkunden, ist ein unvergessliches Erlebnis.<\/p>\n<p>Weitere Sehensw\u00fcrdigkeiten, die man gesehen haben muss, sind die Lincoln Road Mall, eine Fu\u00dfg\u00e4ngerzone mit Gesch\u00e4ften und Restaurants; das Wolfsonian-FIU Museum (ein Art-d\u00e9co-Designmuseum in einem umgebauten Hotel aus den 1920er Jahren); das Bass Museum of Art (zeitgen\u00f6ssische Kunst in einem Neorenaissance-Geb\u00e4ude); und das Holocaust Memorial (eine bewegliche Au\u00dfenskulptur). Wer Natursch\u00f6nheiten sucht, findet im Miami Beach Botanical Garden und im South Pointe Park (an der Spitze von South Beach mit Blick auf die Leuchtt\u00fcrme) ruhige R\u00fcckzugsorte. Nicht zu vergessen ist der Miami Beach Boardwalk, der sich kilometerweit am Strand entlang nach Norden zieht. Das Nachtleben und die Unterhaltungszentren der neonbeleuchteten Clubs am Ocean Drive sowie der erstklassigen Rooftop-Bars.<\/p>\n<p>In unmittelbarer N\u00e4he bietet der monatlich stattfindende Lincoln Road Market Kunsthandwerk und regionale Spezialit\u00e4ten. Etwas weiter entfernt, auf der anderen Seite des Damms, befinden sich das Art-d\u00e9co-Museum und das Miami Beach Convention Center (Austragungsort der Art Basel). Kurz gesagt: Die Highlights von Miami Beach verbinden Strandvergn\u00fcgen mit Kunst und Design \u2013 von sonnigen Str\u00e4nden bis hin zu Kunstmessen von Weltrang. All das spiegelt den Charme und das internationale Flair der Stadt wider.<\/p>\n<p>Miami Beach selbst verf\u00fcgt \u00fcber keinen kommerziellen Flughafen, ist aber \u00fcber den Miami International Airport (MIA), etwa 19 Kilometer landeinw\u00e4rts, gut zu erreichen. MIA bietet zahlreiche internationale und nationale Fl\u00fcge. Die Flugh\u00e4fen Fort Lauderdale-Hollywood (FLL) und Palm Beach (PBI) liegen ebenfalls im Umkreis von 72 bis 112 Kilometern und k\u00f6nnen genutzt werden. Vom Flughafen aus k\u00f6nnen Sie ein Taxi, eine Mitfahrgelegenheit oder den Metrobus\/Miami Beach Airport Flyer nach Miami Beach nehmen. Die Dammstra\u00dfen (Julia Tuttle und Venetian) verbinden die Inseln mit der Stadt Miami.<\/p>\n<p>Innerhalb von Miami Beach ist ein Auto nicht erforderlich. South Beach ist gut zu Fu\u00df und mit dem Fahrrad zu erreichen; der kostenlose Miami Beach Trolley bedient mehrere Rundstrecken (South Beach, Collins, Mid-Beach und North Beach). Metrorail und Metrobus bedienen das Festland von Miami, und die Metrorail verbindet den Flughafen und die Innenstadt. Wenn Sie mit dem Auto anreisen, ben\u00f6tigen Sie in der Regel ein Parkhaus, und in SoBe k\u00f6nnen Stra\u00dfenparkpl\u00e4tze knapp sein. Auch Fahrgemeinschaften (Uber\/Lyft) und das Miami-Dade-Bussystem bedienen Miami Beach. Planen Sie generell, South Beach zu Fu\u00df oder mit dem Fahrrad zu erkunden und f\u00fcr Tagesausfl\u00fcge Richtung Norden nach Palm Beach oder Richtung Westen zu den Everglades eventuell ein Auto zu mieten.<\/p>\n<p>W\u00e4hrung ist der US-Dollar; Trinkgeld (15\u201320 % in Restaurants\/Bars) wird erwartet. Englisch und Spanisch werden weithin verstanden (viele Speisekarten und Schilder sind zweisprachig). Die Kleidung ist sehr leger; Strandkleidung, Flip-Flops und Shorts sind tags\u00fcber \u00fcblich. Die Stadt ist in Touristengebieten sicher, aber Taschendiebstahl kann vorkommen \u2013 achten Sie daher am Strand und auf \u00fcberf\u00fcllten Terrassen auf Ihre Wertgegenst\u00e4nde. Sonnenschutz (Sonnencreme, H\u00fcte) ist aufgrund der starken UV-Strahlung das ganze Jahr \u00fcber unerl\u00e4sslich. Wenn Sie w\u00e4hrend der Hurrikansaison (Juni\u2013November) reisen, achten Sie auf Wetterwarnungen (obwohl gr\u00f6\u00dfere Hurrikanereignisse selten sind). Vermeiden Sie im Hochsommer die Nachmittage am Strand (die Hitze kann stark ansteigen) und verbringen Sie stattdessen lieber die fr\u00fchen Morgen- oder sp\u00e4ten Nachmittagsstunden. Schlie\u00dflich tragen R\u00fccksichtnahme gegen\u00fcber den Einheimischen und die Einhaltung der Ruhezeiten nach 22 Uhr wesentlich dazu bei, sich in die Gemeinschaft der Strandliebhaber und Einheimischen einzuf\u00fcgen.<a href=\"https:\/\/travelshelper.com\/de\/reiseziele\/nordamerika\/vereinigte-staaten-von-amerika\/berkeley-springs\/\" target=\"_self\" aria-labelledby=\"uael-post-8997\"><br \/>\n<\/a><\/p>","protected":false},"excerpt":{"rendered":"<p>Miami Beach, Teil der Metropolregion Miami in S\u00fcdflorida, ist ein K\u00fcstenort im Miami-Dade County, Florida, und ein lebendiger und dynamischer Ort. Die Gemeinde liegt auf einer Reihe nat\u00fcrlicher und k\u00fcnstlicher Barriereinseln zwischen der ruhigen Biscayne Bay und dem gro\u00dfen Atlantik. Die Bucht trennt Miami Beach auf nat\u00fcrliche Weise vom Festland. Unter den verschiedenen Stadtteilen von Miami Beach ist South Beach mit 6,5 km\u00b2 der bekannteste. Zusammen mit Downtown Miami und PortMiami bildet South Beach das aktive Gesch\u00e4ftszentrum S\u00fcdfloridas.<\/p>","protected":false},"author":1,"featured_media":3272,"parent":8072,"menu_order":0,"comment_status":"closed","ping_status":"closed","template":"elementor_theme","meta":{"_eb_attr":"","footnotes":""},"class_list":["post-8219","page","type-page","status-publish","has-post-thumbnail"],"_links":{"self":[{"href":"https:\/\/travelshelper.com\/de\/wp-json\/wp\/v2\/pages\/8219","targetHints":{"allow":["GET"]}}],"collection":[{"href":"https:\/\/travelshelper.com\/de\/wp-json\/wp\/v2\/pages"}],"about":[{"href":"https:\/\/travelshelper.com\/de\/wp-json\/wp\/v2\/types\/page"}],"author":[{"embeddable":true,"href":"https:\/\/travelshelper.com\/de\/wp-json\/wp\/v2\/users\/1"}],"replies":[{"embeddable":true,"href":"https:\/\/travelshelper.com\/de\/wp-json\/wp\/v2\/comments?post=8219"}],"version-history":[{"count":0,"href":"https:\/\/travelshelper.com\/de\/wp-json\/wp\/v2\/pages\/8219\/revisions"}],"up":[{"embeddable":true,"href":"https:\/\/travelshelper.com\/de\/wp-json\/wp\/v2\/pages\/8072"}],"wp:featuredmedia":[{"embeddable":true,"href":"https:\/\/travelshelper.com\/de\/wp-json\/wp\/v2\/media\/3272"}],"wp:attachment":[{"href":"https:\/\/travelshelper.com\/de\/wp-json\/wp\/v2\/media?parent=8219"}],"curies":[{"name":"wp","href":"https:\/\/api.w.org\/{rel}","templated":true}]}}