{"id":8116,"date":"2024-09-01T02:05:01","date_gmt":"2024-09-01T02:05:01","guid":{"rendered":"https:\/\/travelshelper.com\/staging\/?page_id=8116"},"modified":"2026-03-13T17:47:37","modified_gmt":"2026-03-13T17:47:37","slug":"indianapolis","status":"publish","type":"page","link":"https:\/\/travelshelper.com\/de\/destinations\/north-america\/united-states\/indianapolis\/","title":{"rendered":"Indianapolis"},"content":{"rendered":"<p>Indianapolis, die Hauptstadt und gr\u00f6\u00dfte Stadt Indianas, ist ein wichtiges Zentrum der Kultur und des Handels des Mittleren Westens. Oft auch \u201eCircle City\u201c oder \u201eKreuzung Amerikas\u201c genannt, bildet Indy mit rund 880.000 Einwohnern (Volksz\u00e4hlung 2020) und einem Ballungsraum von \u00fcber 2 Millionen das urbane Herz des Staates. Die Stadt liegt rittlings am White River (am Zusammenfluss mit dem Fall Creek) in Zentral-Indiana. Heute ist Indianapolis ein wichtiges Transport- und Vertriebszentrum (Stra\u00dfe, Schiene und Luft) und liegt im fruchtbaren Corn Belt mit einem Klima mit warmen, feuchten Sommern und kalten Wintern. Die Wirtschaft ist breit gef\u00e4chert: Indianapolis belegt in etwa den 28. Platz unter den gr\u00f6\u00dften Metropolen der USA und wird von Branchen wie Pharma und Automobil bis hin zu Technologie und Gesundheitswesen angetrieben. In den letzten Jahrzehnten sind Bev\u00f6lkerung und Einfluss der Stadt erheblich gewachsen und treiben nun eine diversifizierte lokale Wirtschaft an.<\/p>\n<h2>Indianapolis in Zahlen<\/h2>\n<p>Indianapolis selbst (der konsolidierte Stadt- und Landkreis) hatte nach der Volksz\u00e4hlung 2020 887.642 Einwohner. In den letzten Jahren hat sich die Stadtbev\u00f6lkerung in der N\u00e4he dieses Niveaus stabilisiert, w\u00e4hrend die Metropolregion Indianapolis \u00fcber 2 Millionen Einwohner z\u00e4hlt. Die Wirtschaft der Metropole \u00fcbersteigt 145 Milliarden US-Dollar (Daten von 2019) und ist damit ungef\u00e4hr die 28. gr\u00f6\u00dfte der USA. Nach ethnischer Zugeh\u00f6rigkeit wird die Stadt zunehmend vielf\u00e4ltiger. Nicht-hispanische Wei\u00dfe machen etwa die H\u00e4lfte der Bev\u00f6lkerung aus (ca. 50\u201354 %), Afroamerikaner etwa 28 % und etwa 12\u201313 % der Einwohner identifizieren sich als Hispanoamerikaner oder Latinos. Kleinere asiatische (ca. 4 %) und multiethnische Gemeinschaften tragen ebenfalls dazu bei. Das Durchschnittsalter liegt bei Mitte 30, und das mittlere Haushaltseinkommen betr\u00e4gt etwa 63.000 US-Dollar. Obwohl die Armutsquote im mittleren zweistelligen Bereich liegt, entspricht der Lebensstandard in Indianapolis in etwa den nationalen Normen (Lebenshaltungskosten etwa 7 % unter dem nationalen Durchschnitt).<\/p>\n<p>Wirtschaftlich gesehen verf\u00fcgen Indianapolis und seine Region \u00fcber eine Mischung aus fortschrittlicher Fertigung, Biowissenschaften, Logistik und Dienstleistungsbranchen. Die Stadt ist insbesondere Sitz vieler Fortune 500-Unternehmen (Gesundheitswesen, Versicherungen, Pharmazeutik), und die Region ist weltweit f\u00fchrend in den Bereichen Pharmazeutik und Tiergesundheit. (Eli Lilly hat beispielsweise seinen Hauptsitz in der N\u00e4he.) Weitere wichtige Sektoren sind die Automobil- und Luftfahrtindustrie, die Informationstechnologie und das Finanzwesen. Der Verkehr spielt eine zentrale Rolle: Der Flughafen, die Bahnh\u00f6fe und die Autobahnkreuze von Indianapolis dienen als Knotenpunkt f\u00fcr den Corn Belt. Tats\u00e4chlich hei\u00dft es in einer aktuellen Zusammenfassung, Indys Wirtschaft sei die 28. gr\u00f6\u00dfte in den USA, mit einer starken Konzentration von Branchen \u201evon Pharmazeutik und Transport bis hin zu Technologie und Gesundheitswesen\u201c. Auch das Gesundheitswesen ist ein wichtiger lokaler Sektor (mit mehreren gro\u00dfen Krankenhaussystemen und dem Medical Center der Indiana University). Insgesamt verf\u00fcgt Indianapolis heute \u00fcber eine Wirtschaft, die industrielle Wurzeln des Mittleren Westens (Fertigung, Logistik) mit wachsenden Hightech- und Forschungsbranchen verbindet.<\/p>\n<h2>Standort<\/h2>\n<p>Geografisch liegt Indianapolis im mittleren Osten Nordamerikas, im Bundesstaat Indiana (Mittlerer Westen der USA). Die Stadt ist \u00fcberwiegend flach bis sanft h\u00fcgelig und Teil der ausgedehnten Great Lakes Plains und des Corn Belt. Sie liegt am White River (an der M\u00fcndung des Fall Creek) im Zentrum von Marion County. Die umgebende Landschaft ist \u00fcberwiegend von Ackerland und st\u00e4dtischer Bebauung gepr\u00e4gt, weniger von Bergen oder K\u00fcsten. Die Stadt liegt etwa 185 Kilometer westlich von Cincinnati und 270 Kilometer n\u00f6rdlich von Louisville. Die Interstate Highways I-65, I-70 und I-74 laufen alle in oder nahe der Innenstadt zusammen und machen Indianapolis zum \u201eKreuzungspunkt Amerikas\u201c.<\/p>\n<p>Indianapolis hat ein feuchtes Kontinentalklima (K\u00f6ppen Dfa). Die Sommer sind warm bis hei\u00df und feucht, die Winter kalt (oft schneereich) und die Niederschl\u00e4ge sind das ganze Jahr \u00fcber moderat. Die durchschnittlichen Sommertemperaturen erreichen bei regelm\u00e4\u00dfiger Luftfeuchtigkeit Temperaturen zwischen 30 und 35 \u00b0C, w\u00e4hrend die Wintertemperaturen im Durchschnitt unter \u20136 \u00b0C fallen k\u00f6nnen. Fr\u00fchling und Herbst sind relativ mild, allerdings treten in den \u00dcbergangsmonaten Gewitter und Unwetter (Hagel, gelegentlich Tornados) auf. Die Stadt erlebt alle vier Jahreszeiten deutlich, mit etwa 1000 mm Niederschlag pro Jahr.<\/p>\n<h2>Historischer Schnappschuss<\/h2>\n<p>Indianapolis wurde im fr\u00fchen 19. Jahrhundert bewusst als Hauptstadt Indianas gegr\u00fcndet. 1821 legte das Parlament des Bundesstaates Indiana den Stadtplan auf einem St\u00fcck ehemaligen Ackerlandes der Delaware-Indianer fest. Der Standort \u2013 aufgrund seiner zentralen Lage im neuen Bundesstaat gew\u00e4hlt \u2013 wurde 1822 zum Verwaltungssitz von Marion County und 1825 offiziell zur Hauptstadt Indianas ernannt. Das anf\u00e4ngliche Wachstum verlief bis Mitte des 19. Jahrhunderts schleppend, doch die Lage der Stadt an der National Road (die 1827 nach Indianapolis fertiggestellt wurde) und sp\u00e4ter der Bau der Eisenbahnstrecke l\u00f6sten einen Boom aus. Bereits 1861 war Indianapolis ein wichtiger Eisenbahnknotenpunkt, und w\u00e4hrend des B\u00fcrgerkriegs wurde es aufgrund seiner Bahnh\u00f6fe zu einem wichtigen Logistikzentrum der Union. Zwischen 1860 und 1870 verdoppelte sich die Einwohnerzahl der Stadt dadurch mehr als.<\/p>\n<p>Im sp\u00e4ten 19. und fr\u00fchen 20. Jahrhundert industrialisierte sich Indianapolis rasant. Neue Industriezweige wie die Fleischverarbeitung, die Metallverarbeitung und schlie\u00dflich auch der Automobilbau etablierten sich. 1890 \u00fcberschritt die Stadt die 100.000-Einwohner-Marke. Ein Meilenstein war die Er\u00f6ffnung des Indianapolis Motor Speedway im Jahr 1909 (im Vorort Speedway). Das erste Indianapolis 500-Rennen fand dort 1911 statt und ist zu einer j\u00e4hrlichen Tradition und einem Wahrzeichen der Stadt geworden.<\/p>\n<p>Ein entscheidender Wendepunkt ereignete sich 1970, als die Stadt Indianapolis und die Verwaltung von Marion County unter dem Namen \u201eUnigov\u201c fusionierten. Dadurch wurden die Grenzen von Indianapolis praktisch \u00fcber Nacht konsolidiert und umliegende St\u00e4dte in die Stadtstruktur integriert. Durch die Zusammenlegung von Stadt und Landkreis vergr\u00f6\u00dferten sich die Steuerbasis und der Verwaltungsbereich erheblich (wobei einige St\u00e4dte wie Lawrence und Beech Grove weiterhin eine gewisse Autonomie genossen). Im sp\u00e4ten 20. Jahrhundert positionierte sich Indianapolis bewusst als Zentrum f\u00fcr Amateur- und Profisport \u2013 durch den Bau des Lucas Oil Stadiums (Heimstadion der NFL Colts) und die F\u00f6rderung von Veranstaltungen wie den NCAA-Meisterschaften \u2013 was das Wirtschaftswachstum und den Tourismus ankurbelte.<\/p>\n<p>Das architektonische Erbe des 19. und fr\u00fchen 20. Jahrhunderts ist heute in Wahrzeichen wie dem Indiana Statehouse (fertiggestellt 1888) und dem Soldiers&#039; and Sailors&#039; Monument (eingeweiht 1902 am Monument Circle) pr\u00e4sent. Fort Benjamin Harrison (errichtet 1903 \u00f6stlich der Stadt) und die Denkm\u00e4ler des Ersten Weltkriegs (auf der Plaza n\u00f6rdlich der Innenstadt) spiegeln die st\u00e4dtische Entwicklung von Indianapolis wider. Insgesamt ist Indianapolis gepr\u00e4gt vom rasanten Wachstum im 19. Jahrhundert von einer Grenzstadt zu einer modernen Stadt, gefolgt von einer Expansion Mitte des 20. Jahrhunderts und einem kulturellen Wandel hin zu Sport, Kongressgesch\u00e4ft und Tourismus Ende des 20. Jahrhunderts.<\/p>\n<h2>Kulturelle Atmosph\u00e4re<\/h2>\n<p>Indianapolis verbindet heute die typische Gastfreundschaft des Mittleren Westens mit einem f\u00fcr die Region \u00fcberraschend kosmopolitischen Ambiente. Die vorherrschende Sprache ist amerikanisches Englisch, und die Stadt ist traditionell mehrheitlich wei\u00df; wie bereits erw\u00e4hnt, sind jedoch auch afroamerikanische und hispanische Gemeinden stark vertreten und wachsen stetig. Die Einheimischen bezeichnen sich selbst oft als \u201eHoosiers\u201c (das bundesstaatliche Synonym) und sind f\u00fcr ihre freundliche, bodenst\u00e4ndige Einstellung bekannt. Die Stadtteile haben unterschiedliche Facetten: So ist beispielsweise das kulturelle Zentrum der Innenstadt der Monument Circle (\u201eCircle City\u201c), gesch\u00e4ftig und doch entspannt; Broad Ripple (im Norden) ist hip und k\u00fcnstlerisch; das Viertel Mass Ave (Massachusetts Avenue) \u00f6stlich der Innenstadt ist f\u00fcr seine Restaurants und Live-Theater bekannt; und Vororte wie Carmel und Fishers umgeben die Metropole mit ihrem famili\u00e4ren Flair.<\/p>\n<p>J\u00e4hrliche Kulturveranstaltungen spiegeln Tradition und Vielfalt wider. Zu den bekanntesten Veranstaltungen der Rennsaison im Mai z\u00e4hlt das einmonatige 500 Festival, dessen H\u00f6hepunkt das Indianapolis 500-Autorennen ist \u2013 ein stadtweites Fest mit Paraden und Feuerwerk. Im Sommer findet Ende Juli die Indiana State Fair statt \u2013 eine der gr\u00f6\u00dften der Region mit Landwirtschaftsausstellungen, Jahrm\u00e4rkten, Konzerten und 4H-Wettbewerben. Im Sp\u00e4tsommer finden au\u00dferdem die Symphony on the Prairie und das gro\u00dfe Feuerwerk zum Unabh\u00e4ngigkeitstag am 4. Juli statt (oft auf dem USS Indianapolis Memorial im White River State Park). Im Fr\u00fchsommer finden in der Innenstadt das Indy Jazz Fest und das India Fest statt, w\u00e4hrend im Sp\u00e4tsommer die Indiana Black Expo Summer Celebration (ein gro\u00dfes Kulturfestival) stattfindet. Im Herbst finden au\u00dferdem Nachbarschaftsfeste statt (wie das Irvington Halloween Festival und verschiedene College-Football-Veranstaltungen an nahegelegenen Universit\u00e4ten). Im Winter markieren Baumbeleuchtungen und eine Lichtshow im Zoo der Innenstadt die Wintersaison.<\/p>\n<p>Auch die Sportkultur ist fester Bestandteil des t\u00e4glichen Lebens. Indy verf\u00fcgt \u00fcber Profiteams in mehreren wichtigen Sportarten: Die Indianapolis Colts (Football) der NFL und die Indiana Pacers (Basketball) der NBA spielen in Stadien in der Innenstadt und ziehen beide leidenschaftliche Fans an. Im Fr\u00fchjahr finden hier College-Sportveranstaltungen statt; au\u00dferdem ist die Stadt h\u00e4ufig Austragungsort von Olympiaausscheidungen und Arena-Football. Autorennen sind nach wie vor legend\u00e4r (das j\u00e4hrliche IndyCar-Rennen erregt weltweite Aufmerksamkeit). Es gibt auch eine starke L\u00e4ufer- und Radsport-Community, die durch zahlreiche Parks und Wanderwege (z. B. den Monon Trail) gef\u00f6rdert wird.<\/p>\n<p>Die kulinarische und k\u00fcnstlerische Szene hat in letzter Zeit einen regelrechten Boom erlebt. Die Stadt ist bekannt f\u00fcr ihre Craft-Brauereien und ihre kreative Gastronomie. Zu den lokalen Spezialit\u00e4ten z\u00e4hlen Schweinefilet-Sandwiches, Hoosier-Zuckercremetorte und das wiederbelebte, erstklassige baskische Restaurant im Indy-500-Boxenbereich. Kunstorganisationen \u2013 von der Klassik (Indianapolis Symphony im Hilbert Circle Theatre) bis zur Gegenwart (Clowes Memorial Hall auf dem Campus der Butler University) \u2013 tragen zum kulturellen Erbe bei. Kurz gesagt: Indianapolis bietet das ausgewogene Flair einer \u201eStadt des Mittleren Westens\u201c: freundlich und zug\u00e4nglich, mit st\u00e4dtischen Annehmlichkeiten wie Museen und Universit\u00e4ten, aber immer mit der typischen Hoosier-Heimat.<\/p>\n<h2>Top-Attraktionen<\/h2>\n<p>Indianapolis bietet Besuchern zahlreiche Attraktionen, von ber\u00fchmten Monumenten bis hin zu herausragenden Museen. Zu den bemerkenswerten Sehensw\u00fcrdigkeiten z\u00e4hlen:<\/p>\n<ul>\n<li><strong>Indianapolis Kindermuseum<\/strong> \u2013 Das gr\u00f6\u00dfte Kindermuseum der Welt (gegr\u00fcndet 1926) ist ein interaktives Museum, das Familien aus dem ganzen Land anzieht.<\/li>\n<li><strong>White River State Park<\/strong> \u2013 Ein malerischer Stadtpark am White River mit dem Indianapolis Zoo und dem Eiteljorg Museum of American Indians and Western Art. Der Park beherbergt au\u00dferdem das NCAA-Hauptquartier und die Hall of Champions und bietet Wanderwege und Gr\u00fcnfl\u00e4chen am Flussufer.<\/li>\n<li><strong>Indianapolis Motor Speedway (IMS)<\/strong> \u2013 Diese legend\u00e4re Rennstrecke (Heimat des Indianapolis 500) liegt etwas au\u00dferhalb der Stadt und bietet F\u00fchrungen und die angrenzende <strong>Hall of Fame Museum<\/strong> (Ausstellung historischer Rennwagen). Selbst Nicht-Rennsportfans finden die Motorsportgeschichte faszinierend.<\/li>\n<li><strong>Denkmalkreis &amp; Soldaten- und Matrosendenkmal<\/strong> \u2013 Der Monument Circle (fertiggestellt 1902) ist das Herzst\u00fcck der Innenstadt und beherbergt das 86 Meter hohe Indiana Soldiers&#039; and Sailors&#039; Monument. Der umliegende Platz ehrt die Kriegsveteranen Indianas und ist ein zentraler Treffpunkt f\u00fcr Paraden und Versammlungen. In der N\u00e4he befinden sich das Indiana State Capitol und der War Memorial Plaza (1930er Jahre), beide aus lokalem Kalkstein erbaut und spiegeln das Erbe der Stadt wider.<\/li>\n<li><strong>Indianapolis Museum of Art (Newfields)<\/strong> \u2013 Wenige Kilometer n\u00f6rdlich der Innenstadt liegt Newfields, ein bedeutendes Kunstmuseum mit weitl\u00e4ufigen G\u00e4rten. Die Sammlung umfasst 5.000 Jahre Kunstgeschichte. Zum Gel\u00e4nde geh\u00f6ren der 100 Acres Park und das Lilly House.<\/li>\n<li><strong>Kulturpfad und Mass Avenue Arts District<\/strong> \u2013 Der Indianapolis Cultural Trail ist ein 13 Kilometer langer urbaner Fu\u00df- und Radweg, der die Innenstadtviertel verbindet. Entlang des Weges verl\u00e4uft das Viertel Massachusetts Avenue (\u201eMass Ave\u201c) mit Theatern, Galerien, Boutiquen und Restaurants \u2013 ein Spiegelbild der aufstrebenden Kunstszene Indianapolis.<\/li>\n<li><strong>State Capitol und Gouverneursresidenz<\/strong> \u2013 Das elegante Statehouse von Indiana (1888) ist f\u00fcr Besichtigungen ge\u00f6ffnet. Besuchen Sie auch die Gouverneursresidenz (offizieller Wohnsitz) und das renovierte Indiana War Memorial (Museum und G\u00e4rten zum Zweiten Weltkrieg).<\/li>\n<li><strong>Lucas Oil Stadium und Gainbridge Fieldhouse<\/strong> \u2013 F\u00fcr Sportfans ist der Besuch eines NFL-Spiels (Colts) oder NBA-Spiels (Pacers\/Fever) ein absolutes Indy-Erlebnis in zwei hochmodernen Arenen (er\u00f6ffnet 2008 bzw. 1999).<\/li>\n<\/ul>\n<p>Jede dieser Attraktionen ist vom Stadtzentrum aus leicht zu erreichen. Die fu\u00dfg\u00e4ngerfreundliche Innenstadt und die regelm\u00e4\u00dfigen kulturellen Veranstaltungen (saisonale Festivals, Open-Air-Konzerte, Bauernm\u00e4rkte) machen das Sightseeing zu einem Erlebnis. Viele Besucher genie\u00dfen einfach einen Spaziergang durch die Innenstadt von Circle, gefolgt von Museumsbesuchen oder einem Spaziergang im White River State Park.<\/p>\n<h2>Praktischer Schnappschuss<\/h2>\n<p>Der wichtigste Flughafen ist der Indianapolis International Airport (IND), etwa 24 Kilometer s\u00fcdwestlich der Innenstadt. Der IND bietet zahlreiche Inlandsverbindungen (Atlanta, Chicago, Denver usw.) sowie einige internationale Verbindungen. Es gibt keine direkte Amtrak-Zugverbindung nach Indianapolis; \u00dcberlandbusse (Greyhound, Barons) halten am Intermodalbahnhof der Stadt in der Innenstadt. Wichtige Autobahnen (I-65 aus Chicago\/Alabama, I-70 aus Ohio\/Kentucky, I-74 aus Illinois) f\u00fchren nach Indianapolis, sodass die Stadt mit dem Auto gut erreichbar ist.<\/p>\n<p>Die Innenstadt von Indianapolis ist relativ kompakt. Besonders beliebt ist die Erkundung des Circle und Canal Area \u00fcber den Joliet\u2013Indianapolis Skywalk und Radweg oder in den w\u00e4rmeren Monaten eine Kutschfahrt. IndyGo, der \u00f6ffentliche Nahverkehrsbetreiber der Stadt, betreibt Buslinien durch die Stadt und die Vororte (f\u00fcr die meisten Fahrten ist ein geringer Fahrpreis erforderlich; beachten Sie, dass der Schnellbus Red Line eine neuere, h\u00e4ufig verkehrende Linie ist). Das kulturelle Angebot und das Nachtleben von Indianapolis sind jedoch weit verstreut, sodass viele Besucher Taxis oder Fahrgemeinschaften (Uber\/Lyft) der Einfachheit halber bevorzugen. Parkpl\u00e4tze gibt es in der Innenstadt und an den Vororten in H\u00fclle und F\u00fclle (oft kostenlos oder g\u00fcnstig). Fahrr\u00e4der und E-Scooter sind auf befestigten Wegen (wie dem Monon Trail) besonders bei sch\u00f6nem Wetter beliebt.<\/p>\n<p>W\u00e4hrung ist der US-Dollar. Trinkgeld ist \u00fcblich (ca. 15\u201320 % in Restaurants oder bei Reiseveranstaltern). Englisch wird \u00fcberall gesprochen, man h\u00f6rt aber auch Spanisch oder andere Sprachen unter den Einheimischen. Die Region ist f\u00fcr Reisende im Allgemeinen sehr sicher; die Innenstadt ist am Wochenende bis in die Abendstunden belebt, dennoch gilt die \u00fcbliche Vorsicht vor Kleindiebst\u00e4hlen. Die meisten Amerikaner fahren auf der rechten Stra\u00dfenseite und benutzen 120-Volt-Steckdosen (Stecker Typ A\/B). F\u00fcr Reisende aus Nordamerika oder Europa sind keine speziellen Impfungen oder Visa erforderlich. Das Sicherheitssystem der Flugh\u00e4fen verlangt f\u00fcr Inlandsfl\u00fcge einen Lichtbildausweis, und es gelten die \u00fcblichen US-amerikanischen TSA-Regeln (z. B. Fl\u00fcssigkeitsbeschr\u00e4nkungen).<\/p>\n<p>Insgesamt bietet Indianapolis Erstbesuchern einen einfachen Einstieg in das Stadtleben des Mittleren Westens der USA: Englisch sprechende Einheimische, gute Stra\u00dfen, vorhersehbare Wetterbedingungen und alle wichtigen modernen Annehmlichkeiten. Besucher k\u00f6nnen die vielf\u00e4ltige Stadt \u2013 von Weltklasse-Museen bis hin zu Stadtteilfesten \u2013 sicher genie\u00dfen und sich darauf verlassen, dass \u00fcberall amerikanische Dienstleistungen (Kreditkarten, Geldautomaten, Apotheken) vorhanden sind. Auf einer einzigen Reise kann man die Kultur, Architektur und Gastfreundschaft der Hoosier in einem gut organisierten st\u00e4dtischen Umfeld erleben.<a href=\"https:\/\/travelshelper.com\/de\/reiseziele\/nordamerika\/vereinigte-staaten-von-amerika\/berkeley-springs\/\" target=\"_self\" aria-labelledby=\"uael-post-8997\"><br \/>\n<\/a><\/p>","protected":false},"excerpt":{"rendered":"<p>Indianapolis, allgemein Indy genannt, ist die Hauptstadt und bev\u00f6lkerungsreichste Stadt des US-Bundesstaates Indiana sowie Verwaltungssitz von Marion County. Indianapolis liegt in der zentralen Ebene des Bundesstaates am westlichen Arm des White River und tr\u00e4gt den offiziellen Beinamen \u201eCrossroads of America\u201c. Dieser Slogan spiegelt sowohl die historische Bedeutung der Stadt als Verkehrsknotenpunkt als auch die relative N\u00e4he zu anderen wichtigen nordamerikanischen M\u00e4rkten wider.<\/p>","protected":false},"author":1,"featured_media":3199,"parent":8072,"menu_order":0,"comment_status":"closed","ping_status":"closed","template":"elementor_theme","meta":{"_eb_attr":"","footnotes":""},"class_list":["post-8116","page","type-page","status-publish","has-post-thumbnail"],"_links":{"self":[{"href":"https:\/\/travelshelper.com\/de\/wp-json\/wp\/v2\/pages\/8116","targetHints":{"allow":["GET"]}}],"collection":[{"href":"https:\/\/travelshelper.com\/de\/wp-json\/wp\/v2\/pages"}],"about":[{"href":"https:\/\/travelshelper.com\/de\/wp-json\/wp\/v2\/types\/page"}],"author":[{"embeddable":true,"href":"https:\/\/travelshelper.com\/de\/wp-json\/wp\/v2\/users\/1"}],"replies":[{"embeddable":true,"href":"https:\/\/travelshelper.com\/de\/wp-json\/wp\/v2\/comments?post=8116"}],"version-history":[{"count":0,"href":"https:\/\/travelshelper.com\/de\/wp-json\/wp\/v2\/pages\/8116\/revisions"}],"up":[{"embeddable":true,"href":"https:\/\/travelshelper.com\/de\/wp-json\/wp\/v2\/pages\/8072"}],"wp:featuredmedia":[{"embeddable":true,"href":"https:\/\/travelshelper.com\/de\/wp-json\/wp\/v2\/media\/3199"}],"wp:attachment":[{"href":"https:\/\/travelshelper.com\/de\/wp-json\/wp\/v2\/media?parent=8116"}],"curies":[{"name":"wp","href":"https:\/\/api.w.org\/{rel}","templated":true}]}}