{"id":8097,"date":"2024-08-31T22:27:38","date_gmt":"2024-08-31T22:27:38","guid":{"rendered":"https:\/\/travelshelper.com\/staging\/?page_id=8097"},"modified":"2026-03-13T17:49:15","modified_gmt":"2026-03-13T17:49:15","slug":"honolulu","status":"publish","type":"page","link":"https:\/\/travelshelper.com\/de\/destinations\/north-america\/united-states\/honolulu\/","title":{"rendered":"Honolulu"},"content":{"rendered":"<p>Honolulu, die Hauptstadt von Hawaii, besticht durch t\u00fcrkisfarbene K\u00fcsten und smaragdgr\u00fcne Vulkanh\u00e4nge. Die Skyline mit ihren Hochh\u00e4usern und palastartigen Hotels \u00fcberblickt den ber\u00fchmten Waik\u012bk\u012b Beach und den dahinterliegenden Pazifik und macht Honolulu zu einem der beliebtesten Reiseziele Amerikas. Laut der Volksz\u00e4hlung von 2020 hatte Honolulu selbst etwa 350.964 Einwohner und war damit die 55. gr\u00f6\u00dfte Stadt der USA. Trotz seiner geringen Bev\u00f6lkerungszahl ist Honolulus globale Anziehungskraft offensichtlich: Im Jahr 2022 begr\u00fc\u00dfte die Stadt rund 711.000 Besucher und war damit die zehntmeistbesuchte Stadt des Landes. Bemerkenswert sind die extrem hohen Lebenshaltungskosten in Honolulu (etwa 69 % \u00fcber dem Landesdurchschnitt), was die Inselwirtschaft widerspiegelt.<\/p>\n<p>Honolulus Demografie und Wirtschaft spiegeln seinen einzigartigen pazifischen Charakter wider. Mehr als die H\u00e4lfte der Stadtbewohner sind asiatischer Abstammung, die gr\u00f6\u00dfte Gruppe (mit etwa 20 % japanischen und 13 % philippinischen Vorfahren). Ureinwohner Hawaiis und der pazifischen Inselgruppe machen etwa 8\u20139 % aus, w\u00e4hrend nicht-hispanische Wei\u00dfe etwa 15\u201317 % ausmachen. Diese multikulturelle Bev\u00f6lkerung pr\u00e4gt die vielf\u00e4ltige lokale Kultur (siehe \u201eKulturelles Flair\u201c weiter unten).<\/p>\n<p>Wirtschaftlich ist Honolulu stark vom Tourismus abh\u00e4ngig. Millionen von Besuchern pumpen j\u00e4hrlich rund 10 Milliarden US-Dollar in die lokale Wirtschaft, und die Stadt dient als Tor zu den Inselresorts Hawaiis. Dar\u00fcber hinaus sind der Hafen und der Flughafen von Honolulu wichtige Handels- und Milit\u00e4rfunktionen im Pazifik, w\u00e4hrend ein wachsender Hightech- und Forschungssektor f\u00fcr Vielfalt sorgt. 2014 geh\u00f6rten die Lebenshaltungskosten in Honolulu zu den h\u00f6chsten des Landes, was auf die abgelegene Lage und die importbasierte Wirtschaft zur\u00fcckzuf\u00fchren ist. Das mittlere Haushaltseinkommen ist relativ hoch (rund 85.000 US-Dollar), aber auch die Armutsquote (fast 12 %) ist hoch, was die Einkommensunterschiede in dieser teuren Stadt verdeutlicht.<\/p>\n<p>Honolulu liegt an der S\u00fcdk\u00fcste von O\u02bbahu, der drittgr\u00f6\u00dften hawaiianischen Insel. Die Stadt erstreckt sich entlang der S\u00fcdostk\u00fcste vom historischen Pearl Harbor bis zu den Gebirgsketten Diamond Head (L\u0113\u02bbahi) und Makapu\u02bbu Point. \u00dcppige Vulkanberge (die Ko\u02bbolau Range) erheben sich n\u00f6rdlich der Stadt steil und bilden eine schmale K\u00fcstenebene. Geografisch z\u00e4hlt sie zu den abgelegensten Gro\u00dfst\u00e4dten der Welt \u2013 rund 3.800 Kilometer s\u00fcdwestlich von San Francisco, jenseits des weiten Pazifiks. Diese Isolation verleiht Honolulu ein Klima und \u00d6kosystem, das den Tropen \u00e4hnlicher ist als in jeder anderen US-amerikanischen Stadt.<\/p>\n<p>Das Klima ist tropisch und vom Ozean gem\u00e4\u00dfigt. Passatwinde aus Nordosten wehen das ganze Jahr \u00fcber und bringen Feuchtigkeit in die Berge, sorgen aber oft f\u00fcr sonnigere K\u00fcsten. Die Temperaturen sind bemerkenswert konstant: Die Tagesh\u00f6chsttemperaturen liegen selbst im Winter typischerweise zwischen 25 und 30 \u00b0C. Die Niederschl\u00e4ge sind saisonal (nasse Winter, trockene Sommer), im Hochland jedoch reichlich. Insgesamt ist Honolulus \u201etropisches Paradies\u201c-Klima ein gro\u00dfer Anziehungspunkt f\u00fcr Touristen.<\/p>\n<p>Die Geschichte Honolulus beginnt mit den alten Hawaiianern. Arch\u00e4ologische Funde belegen, dass polynesische Seefahrer O&#039;ahu bereits im 11. Jahrhundert besiedelten. 1795 vereinigte Kamehameha I. O&#039;ahu unter seinem K\u00f6nigreich und verlegte 1804 seinen Hof nach Waik\u012bk\u012b, dem heutigen Honolulu. In den folgenden Jahrzehnten entwickelte sich Honolulu zu einem bedeutenden Hafen, und 1845 erkl\u00e4rte K\u00f6nig Kamehameha III. die Stadt offiziell zur Hauptstadt des hawaiianischen K\u00f6nigreichs. K\u00f6nig Kal\u0101kaua und K\u00f6nigin Lili\u02bbuokalani erbauten sp\u00e4ter den pr\u00e4chtigen \u02bbIolani-Palast im Stadtzentrum als k\u00f6nigliche Residenz.<\/p>\n<p>Das sp\u00e4te 19. Jahrhundert war turbulent: 1893 wurde in Honolulu die hawaiianische Monarchie gest\u00fcrzt (K\u00f6nigin Lili\u02bbuokalani wurde abgesetzt), und f\u00fcnf Jahre sp\u00e4ter wurde Hawaii von den Vereinigten Staaten annektiert. Trotz eines verheerenden Brandes in Chinatown im Jahr 1900 und des Schocks des Angriffs auf Pearl Harbor (1941) blieb Honolulu das politische und bev\u00f6lkerungsreiche Zentrum Hawaiis. Die Eigenstaatlichkeit 1959 l\u00f6ste einen Tourismusboom aus: Autobahnen, Hotels und der moderne Flughafen (damals Honolulu International) wurden gebaut, als Hunderttausende Amerikaner und Asiaten begannen, Hawaii zu besuchen. Mitte des 20. Jahrhunderts hatte sich Waik\u012bk\u012b in ein Hochhaus-Ferienviertel verwandelt, und die Skyline von Honolulu wurde zunehmend mit Hotels und Eigentumswohnungen bereichert. Die Stadt entwickelt sich weiter und verbindet nun ihr tiefes polynesisches Erbe mit globalen Einfl\u00fcssen.<\/p>\n<p>Die Kultur Honolulus ist gepr\u00e4gt von den Traditionen der hawaiianischen Ureinwohner und der vielen Einwanderergemeinschaften. Englisch und Hawaiianisch (&#039;\u014clelo Hawai&#039;i) sind Amtssprachen, aber im Alltag begegnet man auch Hawaiian Pidgin (Kreolenglisch), Japanisch, Tagalog und vielen weiteren pazifischen Sprachen. Der lokale Ethos ist bekanntlich vom \u201eAloha Spirit\u201c gepr\u00e4gt \u2013 einer W\u00e4rme und Freundlichkeit, die sich in Begr\u00fc\u00dfungen, Blumenketten und l\u00e4ssiger H\u00f6flichkeit ausdr\u00fcckt. Honolulus Kalender ist voller farbenfroher Festivals, die diese Mischung widerspiegeln: So verbindet beispielsweise das Honolulu Festival im M\u00e4rz asiatische, pazifische und hawaiianische Musik und T\u00e4nze, w\u00e4hrend am Lei Day am 1. Mai die Herstellung hawaiianischer Blumenketten mit Konzerten und Hula im Kapi&#039;olani Park gefeiert wird. Das einw\u00f6chige Aloha Festival jeden Herbst ist das gr\u00f6\u00dfte kulturelle Fest des Staates und zieht \u00fcber 100.000 Menschen zu Paraden, Festz\u00fcgen und Konzerten an. Im Alltag geht es in Honolulu meist entspannt zu \u2013 die Einheimischen surfen morgens und grillen abends im Garten. Dennoch hat Honolulu als moderne Stadt auch eine gesch\u00e4ftsm\u00e4\u00dfige Seite, insbesondere in der Innenstadt. Die allgemeine Atmosph\u00e4re ist freundlich und einladend, gemildert durch den kosmopolitischen Trubel eines gro\u00dfen Touristenzentrums.<\/p>\n<p>Honolulus Attraktionen vereinen Naturwunder, kulturelle Einrichtungen und historische St\u00e4tten. Waik\u012bk\u012b Beach bedarf keiner weiteren Vorstellung \u2013 dieser goldene Sandstrand ist vielleicht der ber\u00fchmteste Stadtstrand der Welt. Touristen str\u00f6men nach Waik\u012bk\u012b, um zu sonnenbaden, Surfkurse zu besuchen und die Promenade mit Gesch\u00e4ften und Resorts zu genie\u00dfen. \u00dcber Waik\u012bk\u012b thront Diamond Head (L\u0113&#039;ahi), ein erloschener Vulkankrater, dessen steiler Wanderweg die Bergsteiger mit einem Panoramablick auf die Stadt und den Pazifik belohnt.<\/p>\n<p>Die Innenstadt von Honolulu bietet eine reiche Geschichte: Der \u02bbIolani Palace (erbaut 1879) war die Residenz der letzten K\u00f6nige Hawaiis und ist der einzige K\u00f6nigspalast auf US-amerikanischem Boden. Das nahe gelegene Bishop Museum beherbergt die weltweit gr\u00f6\u00dfte Sammlung polynesischer Artefakte und hawaiianischer K\u00f6nigssch\u00e4tze. Das Honolulu Museum of Art (und die dazugeh\u00f6rige Shangri-La-Sammlung islamischer Kunst) ist das gr\u00f6\u00dfte Kunstmuseum Hawaiis. Ein weiterer eindrucksvoller Ort ist der National Memorial Cemetery of the Pacific (der \u201ePunchbowl\u201c), ein ehrw\u00fcrdiger Friedhof aus dem Zweiten Weltkrieg und dem Koreakrieg, der in einen Vulkankrater oberhalb der Stadt gehauen wurde.<\/p>\n<p>In den hawaiianischen Nationalparks ist Pearl Harbor (nur eine kurze Autofahrt entfernt) ein absolutes Muss: Das USS Arizona Memorial und das Schlachtschiff Missouri erz\u00e4hlen die Geschichte des Zweiten Weltkriegs im Pazifik. (Honolulu bietet auch F\u00fchrungen zum Pacific Aviation Museum und anderen Pearl-Harbor-Sehensw\u00fcrdigkeiten an.) Naturliebhaber finden in der Hanauma Bay (\u00f6stlich von Waik\u012bk\u012b) einen hervorragenden Schnorchelplatz in einer gesch\u00fctzten Korallenlagune. F\u00fcr Erholung und Shopping bietet das Ala Moana Center in Waik\u012bk\u012b das gr\u00f6\u00dfte Open-Air-Einkaufszentrum der Welt. Der nahe gelegene Kapi\u02bbolani Park (65 Hektar am Fu\u00dfe des Diamond Head) ist eine gr\u00fcne Oase zum Joggen, f\u00fcr Picknicks und Sonnenunterg\u00e4nge sowie f\u00fcr Hula-Veranstaltungen im Freien.<\/p>\n<p>Honolulus wichtigstes Tor ist der Daniel K. Inouye International Airport (HNL), einer der verkehrsreichsten transpazifischen Knotenpunkte. Er bietet Nonstop-Fl\u00fcge zu St\u00e4dten auf dem US-amerikanischen Festland (Los Angeles, San Francisco, Seattle, Chicago, New York usw.) und zu Zielen im asiatisch-pazifischen Raum (Tokio, Seoul, Sydney usw.). \u00dcber 60 % der Hawaii-Besucher reisen \u00fcber den HNL an. Fl\u00fcge zwischen den Inseln verbinden Honolulu mit anderen Flugh\u00e4fen Hawaiis. Kreuzfahrtschiffe legen im Rahmen ihrer Pazifikrouten auch im Hafen von Honolulu an.<\/p>\n<p>Innerhalb von Honolulu gibt es Transportm\u00f6glichkeiten wie TheBus (O&#039;ahus \u00f6ffentliches Bussystem), Mitfahrgelegenheiten und Taxis. Waik\u012bk\u012b und die Innenstadt sind gut zu Fu\u00df erreichbar; viele Besucher lassen ihre Autos dort stehen. Der Verkehr auf dem Ala Moana Boulevard und dem Freeway H-1 kann besonders w\u00e4hrend der Hauptverkehrszeit stark sein. Honolulu er\u00f6ffnete 2023 seine erste Schienenverkehrslinie (Skyline) \u2013 derzeit von Kapolei zum Aloha Stadium \u2013, die sp\u00e4ter bis nach Waik\u012bk\u012b und Ala Moana verl\u00e4ngert werden soll. Bis die gesamte Strecke fertiggestellt ist, sind Mietwagen und Busse weiterhin praktisch, um Bergpfade oder Surfstr\u00e4nde an der North Shore zu erreichen. Hinweis: Parken in Waik\u012bk\u012b ist teuer, und viele Hotels erheben Resortgeb\u00fchren.<\/p>\n<p><strong>Grundlegende Tipps:<\/strong><\/p>\n<ul>\n<li><strong>W\u00e4hrung:<\/strong> US-Dollar (USD). Hawaii erhebt keine Umsatzsteuer auf au\u00dfer Haus verzehrte Speisen (nur eine allgemeine Umsatzsteuer von 4,5\u20135,5 % auf andere Waren), viele Gesch\u00e4fte geben ihre Preise jedoch trotzdem vor Steuern an.<\/li>\n<li><strong>Sprache:<\/strong> Englisch ist die Arbeitssprache; hawaiianische W\u00f6rter kommen in Namen vor und werden respektiert (\u02bbokina, kahak\u014d). Einheimische verwenden oft Pidgin (Hawaiianisches Kreolisch).<\/li>\n<li><strong>Etikette:<\/strong> Hawaiianer sch\u00e4tzen die <em>Tsch\u00fcss<\/em> Geist \u2013 freundlich, geduldig und respektvoll sein. Wenn Sie heilige St\u00e4tten oder H\u00e4user besuchen, ziehen Sie Ihre Schuhe aus und fragen Sie vor dem Fotografieren um Erlaubnis. Es gilt als h\u00f6flich, Fremde gegebenenfalls mit \u201eAloha\u201c und \u201eMahalo\u201c (Danke) zu begr\u00fc\u00dfen.<\/li>\n<li><strong>Sicherheit:<\/strong> Honolulu ist im Allgemeinen sicher, aber seien Sie nachts in abgelegenen Gebieten wachsam. Beachten Sie im Meer stets die Warnungen der Rettungsschwimmer (in Waikiki gibt es gelegentlich starke Str\u00f6mungen). Sch\u00fctzen Sie sich vor der Sonne und trinken Sie regelm\u00e4\u00dfig. (Hinweis: Auf Hawaii gibt es keine giftigen Landtiere, aber Sonnenbrand, Quallenstiche und starke Brandung k\u00f6nnen gef\u00e4hrlich sein.)<a href=\"https:\/\/travelshelper.com\/de\/reiseziele\/nordamerika\/vereinigte-staaten-von-amerika\/berkeley-springs\/\" target=\"_self\" aria-labelledby=\"uael-post-8997\"><br \/>\n<\/a><\/li>\n<\/ul>","protected":false},"excerpt":{"rendered":"<p>Honolulu ist die Hauptstadt und bev\u00f6lkerungsreichste Stadt des US-Bundesstaates Hawaii im Pazifischen Ozean. Als gemeindefreie Stadt fungiert sie als Verwaltungssitz der Stadt und des Bezirks Honolulu. An der S\u00fcdostk\u00fcste von O\u02bbahu gelegen, gilt Honolulu als westlichste und s\u00fcdlichste Gro\u00dfstadt der Vereinigten Staaten. Hawaii ist das wichtigste Tor zur Welt und ein wichtiges Zentrum f\u00fcr Wirtschaft, Finanzen, Gastgewerbe und milit\u00e4rische Verteidigung innerhalb des Staates und Ozeaniens. Die Stadt ist ein Zusammenfluss verschiedener asiatischer, westlicher und pazifischer Kulturen, was sich in ihrer vielf\u00e4ltigen Bev\u00f6lkerungsstruktur, K\u00fcche und Tradition widerspiegelt.<\/p>","protected":false},"author":1,"featured_media":3574,"parent":8072,"menu_order":0,"comment_status":"closed","ping_status":"closed","template":"elementor_theme","meta":{"_eb_attr":"","footnotes":""},"class_list":["post-8097","page","type-page","status-publish","has-post-thumbnail"],"_links":{"self":[{"href":"https:\/\/travelshelper.com\/de\/wp-json\/wp\/v2\/pages\/8097","targetHints":{"allow":["GET"]}}],"collection":[{"href":"https:\/\/travelshelper.com\/de\/wp-json\/wp\/v2\/pages"}],"about":[{"href":"https:\/\/travelshelper.com\/de\/wp-json\/wp\/v2\/types\/page"}],"author":[{"embeddable":true,"href":"https:\/\/travelshelper.com\/de\/wp-json\/wp\/v2\/users\/1"}],"replies":[{"embeddable":true,"href":"https:\/\/travelshelper.com\/de\/wp-json\/wp\/v2\/comments?post=8097"}],"version-history":[{"count":0,"href":"https:\/\/travelshelper.com\/de\/wp-json\/wp\/v2\/pages\/8097\/revisions"}],"up":[{"embeddable":true,"href":"https:\/\/travelshelper.com\/de\/wp-json\/wp\/v2\/pages\/8072"}],"wp:featuredmedia":[{"embeddable":true,"href":"https:\/\/travelshelper.com\/de\/wp-json\/wp\/v2\/media\/3574"}],"wp:attachment":[{"href":"https:\/\/travelshelper.com\/de\/wp-json\/wp\/v2\/media?parent=8097"}],"curies":[{"name":"wp","href":"https:\/\/api.w.org\/{rel}","templated":true}]}}