{"id":7707,"date":"2024-08-28T14:43:40","date_gmt":"2024-08-28T14:43:40","guid":{"rendered":"https:\/\/travelshelper.com\/staging\/?page_id=7707"},"modified":"2026-03-13T23:35:55","modified_gmt":"2026-03-13T23:35:55","slug":"ushuaia","status":"publish","type":"page","link":"https:\/\/travelshelper.com\/de\/destinations\/south-america\/argentina\/ushuaia\/","title":{"rendered":"Ushuaia"},"content":{"rendered":"<p>Die Stadt Ushuaia liegt am \u00e4u\u00dfersten Rand der bewohnbaren Welt, dort, wo der unruhige Beagle-Kanal auf die Anden trifft. Sie zieht eine kuriose Mischung aus Abenteurern, Forschern und neugierigen Touristen an \u2013 Menschen, die von extremen Breitengraden und der stillen Sch\u00f6nheit, die nur am Rande von Eis und Meer zu finden ist, begeistert sind. Obwohl Ushuaia oft mit dem romantischen Spitznamen \u201eDas Ende der Welt\u201c geschm\u00fcckt wird, reicht seine Geschichte tiefer als ein abgelegener Au\u00dfenposten; sie ist ein lebendiges Zeugnis menschlicher Widerstandsf\u00e4higkeit, nat\u00fcrlicher Erhabenheit und des delikaten Zusammenspiels zwischen Wachstum und Bewahrung.<\/p>\n<p>Ushuaia liegt eingebettet an der S\u00fcdk\u00fcste der Isla Grande de Tierra del Fuego und besticht durch ein nat\u00fcrliches Amphitheater aus H\u00e4ngen und Gipfeln. Die Martial Mountains ragen wachsam \u00fcber die Bucht von Ushuaia, deren steinerne W\u00e4nde von Jahrtausenden Wind und Gletschereis geformt wurden. Unter ihnen umsp\u00fclen die Wellen des Beagle-Kanals einen gesch\u00fctzten Hafen, der einst Schiffe fernab von s\u00fcdlichen St\u00fcrmen f\u00fchrte. Diese maritime Umarmung mildert das subpolare Ozeanklima: Die Sommer liegen bei k\u00fchlen 10 \u00b0C, die Winter fallen knapp unter den Gefrierpunkt, und B\u00f6en k\u00f6nnen ohne Vorwarnung auftreten. Doch dieselben Berge, die Schnee und Graupel transportieren, d\u00e4mpfen auch die st\u00e4rksten Winde ab und schaffen so Oasen der Ruhe, die die Einheimischen zu sch\u00e4tzen gelernt haben.<\/p>\n<p>Lange vor der Geschichtsschreibung befuhren die V\u00f6lker der Y\u00e1mana und Selk&#039;nam diese Meere in Kanus, sammelten Schalentiere und verfolgten Guanakos. Den gr\u00f6\u00dften Teil des 19. Jahrhunderts blieb Feuerland jedoch in neblige Legenden geh\u00fcllt. Am 12. Oktober 1884 hisste der argentinische Marinekommandant Augusto Lasserre auf dem Gel\u00e4nde der ehemaligen anglikanischen Mission von Thomas Bridges eine Flagge \u00fcber Fuerte Ushuaia. Dieser Akt leitete Ushuaias Wandlung von einem unsicheren St\u00fctzpunkt zum wichtigsten s\u00fcdlichen Hafen Patagoniens ein \u2013 eine Identit\u00e4t, die \u00fcber Generationen hinweg Wirtschaft und Kultur pr\u00e4gen sollte.<\/p>\n<p>Ushuaias dramatische Landschaft pr\u00e4gt jeden Aspekt des Lebens. Im Norden fallen die Anden in einer Treppe aus Gebirgsr\u00fccken ab und bieten Wanderern Eisfelder, Lenga-W\u00e4lder und spiegelglatte Lagunen. Im S\u00fcden kanalisiert der Beagle-Kanal Wind und Salz und formt Fjorde und verstreut kleine Inseln, die von Kormoranen und Seel\u00f6wen bewohnt werden. Der maritime Einfluss mildert Temperaturschwankungen, sorgt aber f\u00fcr nahezu konstante Feuchtigkeit, und das Wetter kann innerhalb von Minuten von strahlendem Sonnenschein in tr\u00fcbe Schneeregen umschlagen. Die einheimischen Bauern halten robuste Schafe und z\u00fcchten Gew\u00e4chshaustomaten, w\u00e4hrend sich die Bewohner an die Jahreszeiten anpassen, in denen das Tageslicht im Dezember endlos lang ist und im Juni fast vollst\u00e4ndig verschwindet.<\/p>\n<p>Mit rund 82.615 Einwohnern tr\u00e4gt Ushuaia seinen Status als s\u00fcdlichste Stadt der Welt mit Stolz. In seinen Stra\u00dfen wimmelt es von Fischern, Regierungsbeamten, Ladenbesitzern und Wissenschaftlern. Es herrscht eine lebhafte Rivalit\u00e4t mit dem nahegelegenen Puerto Williams auf der Insel Navarino, dessen wenige tausend Einwohner und die \u00fcberschaubare Fl\u00e4che von 0,99 km\u00b2 die Statistiker der UNESCO und der UN dazu veranlasst haben, seinen Stadtstatus in Frage zu stellen. Nach diesen internationalen Kriterien sichert Ushuaias umfassendere Infrastruktur und Bev\u00f6lkerung seinen Guinness-w\u00fcrdigen Anspruch \u2013 doch der freundschaftliche Wettbewerb unterstreicht den Reiz des Lebens am Rande der Natur.<\/p>\n<p>Ushuaia ist alles andere als eine eint\u00f6nige Reisestadt und besticht durch eine vielf\u00e4ltige Wirtschaft. Der Hafen ordnet Kreuzfahrtschiffe in Richtung Antarktis, Fischereifahrzeuge und Containerschiffe, die die s\u00fcdlichen Handelsrouten bedienen. In gepflegten Industrieparks verarbeiten Fabriken K\u00f6nigskrabben, Seehecht und patagonische Jakobsmuscheln, w\u00e4hrend Elektronikwerkst\u00e4tten Pr\u00e4zisionskomponenten montieren. Diese Unternehmen sorgen f\u00fcr Stabilit\u00e4t in einer Gemeinde, die sonst nur noch im Schneckentempo vorank\u00e4me, wenn der Winterfrost Kreuzfahrtschiffe und Abenteuerlustige abschreckt. Provinzregierungen und Konsulate bilden die Basis des Verwaltungssektors und bieten Arbeitspl\u00e4tze im \u00f6ffentlichen Sektor in einem Ausma\u00df, das in Grenzst\u00e4dten selten ist.<\/p>\n<p>Der Tourismus bleibt jedoch Ushuaias Herzschlag. Jeden Sommer dr\u00e4ngen sich Besucher auf F\u00e4hren und Schlauchbooten, um strahlende Sonnenunterg\u00e4nge \u00fcber Martial Grande zu erleben, Wanderwege im Nationalpark Tierra del Fuego zu erkunden und auf Kap-Hoorn-Exkursionen den Spuren von Charles Darwin zu folgen. Bootstouren zur Wal- und Vogelbeobachtung gleiten an kleinen, von Seel\u00f6wen \u00fcbers\u00e4ten Inseln vorbei, w\u00e4hrend Luxusliner den Pier in den Schatten stellen und sich auf ihre monatelange Reise zum wei\u00dfen Kontinent vorbereiten. F\u00fcr viele ist Ushuaia mehr als nur ein Boxenstopp \u2013 es ist die Schwelle zur Antarktis, ein Ort, wo die letzten Tankstellen verschwinden und Eisberge am Horizont aufragen.<\/p>\n<p>Ushuaias Identit\u00e4t reicht \u00fcber die S\u00fcdspitze Argentiniens hinaus, da es eine St\u00e4dtepartnerschaft mit Hammerfest in Norwegen und Utqia\u0121vik in Alaska gibt. Die beiden St\u00e4dte in extremen Breitengraden tauschen technisches Know-how in den Bereichen Schneer\u00e4umung, psychische Betreuung in Polarn\u00e4chten und nachhaltiges Fischereimanagement aus. Kulturelle Festivals wechseln zwischen spanischem, samischem Joik und I\u00f1upiat-Kehlkopfgesang und schaffen ungew\u00f6hnliche Verwandtschaften, die einen gemeinsamen Glauben unterstreichen: Das Leben am Rande der Welt vereint Gemeinschaften trotz Distanz und Klima.<\/p>\n<p>Ushuaia liegt in der N\u00e4he der sich st\u00e4ndig ver\u00e4ndernden Grenzen des Klimawandels und tr\u00e4gt eine Verantwortung, die weit \u00fcber die 47 km\u00b2 gro\u00dfe Stadtgrenze hinausgeht. Forscher des Maritime Science Center verfolgen den Salzgehalt und die Str\u00f6mungen im Beagle-Kanal; Glaziologen untersuchen zur\u00fcckweichende Eisfelder; Vogelspezialisten beobachten Magellan- und K\u00f6nigspinguinkolonien auf den s\u00fcdlichen Inseln Feuerlands. Die Stadt hat ein eigenes Umweltkodex erlassen, um Plastikm\u00fcll einzud\u00e4mmen, die Abw\u00e4sser von Kreuzfahrtschiffen zu regulieren und empfindliche Torfmoore zu sch\u00fctzen. Lokales Engagement, unterst\u00fctzt durch universit\u00e4re Outreach-Programme, positioniert Ushuaia sowohl als Beobachter als auch als F\u00fcrsprecher im globalen Dialog \u00fcber polare \u00d6kosysteme.<\/p>\n<p>In einer Welt, in der Reisen oft vertrauten Routen folgen, hebt sich Ushuaia ab \u2013 ein Ort, an dem menschliche Ausdauer auf elementare Kr\u00e4fte trifft. Sein Hafen hei\u00dft nach wie vor Robbenf\u00e4nger und H\u00e4ndler willkommen, mittlerweile neben Klimaforschern und sonnenbedeckten Touristen. Auf seinen Gipfeln sammelt sich trotz steigender globaler Temperaturen noch immer Schnee f\u00fcr jahrhundertealte Gletscher. Und dahinter verbirgt sich eine Geschichte der Anpassung: Einheimische Sammler, anglikanische Missionare, Marineexpeditionen und moderne Unternehmer \u2013 jeder von ihnen pr\u00e4gte seine Ambitionen in eine der letzten Grenzen der Erde. Ob man mit dem Bus \u00fcber den Beagle Highway, mit dem Schiff von Punta Arenas oder mit dem Flugzeug durch wolkenverhangene Berge anreist, Ushuaia liegt mitten im Herzen \u2013 abgelegen, ungeschminkt, absolut lebendig am Ende der Welt.<\/p>","protected":false},"excerpt":{"rendered":"<p>Situated at the southernmost point of South America, where the turbulent Beagle Channel meets the tough Andes Mountains, a city captures the imagination of both adventurers and tourists. Officially known as Ushuaia, the City of Ushuaia is evidence of the attraction of Earth&#8217;s far-off frontiers and human endurance. Often referred to as &#8220;The End of the World,&#8221; this fascinating urban center is not only a physical wonder but also a hive of industry, culture, and natural beauty.<\/p>","protected":false},"author":1,"featured_media":3292,"parent":7678,"menu_order":0,"comment_status":"closed","ping_status":"closed","template":"elementor_theme","meta":{"_eb_attr":"","footnotes":""},"class_list":["post-7707","page","type-page","status-publish","has-post-thumbnail"],"_links":{"self":[{"href":"https:\/\/travelshelper.com\/de\/wp-json\/wp\/v2\/pages\/7707","targetHints":{"allow":["GET"]}}],"collection":[{"href":"https:\/\/travelshelper.com\/de\/wp-json\/wp\/v2\/pages"}],"about":[{"href":"https:\/\/travelshelper.com\/de\/wp-json\/wp\/v2\/types\/page"}],"author":[{"embeddable":true,"href":"https:\/\/travelshelper.com\/de\/wp-json\/wp\/v2\/users\/1"}],"replies":[{"embeddable":true,"href":"https:\/\/travelshelper.com\/de\/wp-json\/wp\/v2\/comments?post=7707"}],"version-history":[{"count":0,"href":"https:\/\/travelshelper.com\/de\/wp-json\/wp\/v2\/pages\/7707\/revisions"}],"up":[{"embeddable":true,"href":"https:\/\/travelshelper.com\/de\/wp-json\/wp\/v2\/pages\/7678"}],"wp:featuredmedia":[{"embeddable":true,"href":"https:\/\/travelshelper.com\/de\/wp-json\/wp\/v2\/media\/3292"}],"wp:attachment":[{"href":"https:\/\/travelshelper.com\/de\/wp-json\/wp\/v2\/media?parent=7707"}],"curies":[{"name":"wp","href":"https:\/\/api.w.org\/{rel}","templated":true}]}}