{"id":7469,"date":"2024-08-25T23:32:06","date_gmt":"2024-08-25T23:32:06","guid":{"rendered":"https:\/\/travelshelper.com\/staging\/?page_id=7469"},"modified":"2026-03-13T23:58:18","modified_gmt":"2026-03-13T23:58:18","slug":"chile","status":"publish","type":"page","link":"https:\/\/travelshelper.com\/de\/destinations\/south-america\/chile\/","title":{"rendered":"Chile"},"content":{"rendered":"<p>Chile erstreckt sich als schmaler Landstreifen entlang der s\u00fcdwestlichen Grenze S\u00fcdamerikas und ist gepr\u00e4gt von extremen Breitengraden, Bergen und Meer. Sein Territorium, das auf dem Festland rund 756.000 Quadratkilometer umfasst, reicht von den trockenen B\u00f6den der Atacamaw\u00fcste im Norden \u2013 einem der trockensten Orte der Erde \u2013 bis zu den verworrenen Wasserstra\u00dfen und Gletschern Patagoniens im S\u00fcden. Chile grenzt im Norden an Peru jenseits der Anden, im Nordosten an Bolivien und im Osten an Argentinien und ber\u00fchrt die Drakestra\u00dfe, die sich in Richtung Antarktis erstreckt. Au\u00dferhalb seiner kontinentalen Masse \u00fcbt die Republik die Herrschaft \u00fcber pazifische Au\u00dfenposten aus \u2013 die Osterinsel, Juan Fern\u00e1ndez und andere kleine Inseln \u2013 und erhebt gem\u00e4\u00df dem Antarktisvertrag einen schwebenden Anspruch auf fast 1,25 Millionen Quadratkilometer Antarktis.<\/p>\n<p>Der Name Chile geht auf eine Vielzahl indigener und kolonialer Berichte zur\u00fcck. Chroniken aus dem 16. und 17. Jahrhundert erinnern an die Bezeichnung der Inka \u2013 Chili \u2013, die abwechselnd mit einem Kazikenstamm, dem Aconcagua-Tal oder einheimischen W\u00f6rtern f\u00fcr K\u00e4lte, Seev\u00f6gel oder die entferntesten Landstriche in Verbindung gebracht wird. Die spanischen Eroberer \u00fcbernahmen den Begriff nach Diego de Almagros Expedition nach S\u00fcden 1535\/36 und bezeichneten sich selbst als \u201eM\u00e4nner von Chili\u201c. Die Bezeichnung blieb im europ\u00e4ischen Sprachgebrauch erhalten \u2013 im Englischen \u201eChili\u201c geschrieben bis ins fr\u00fche 20. Jahrhundert \u2013, bevor sie sich als Chile etablierte.<\/p>\n<p>Vor der Ankunft der Spanier lag die n\u00f6rdliche H\u00e4lfte des heutigen Chile unter dem Einfluss der Inka, einer Region mit Hochplateau-Traditionen, die bis in die K\u00fcstent\u00e4ler reichten. Weiter s\u00fcdlich herrschten autonome Mapuche-Gemeinschaften, die sich den Inka-Einf\u00e4llen widersetzten und sp\u00e4ter wiederholten Kolonialangriffen trotzten. Als die Konquistadoren Mitte des 16. Jahrhunderts dauerhafte Siedlungen gr\u00fcndeten, fanden sie eine Landschaft aus T\u00e4lern, Fl\u00fcssen und W\u00e4ldern vor, deren Bewohner ihre Autonomie vehement verteidigten. \u00dcber zwei Jahrhunderte hinweg erweiterten die Kolonialbeh\u00f6rden ihre Siedlungen entlang des Zentraltals, konnten das Mapuche-Kernland s\u00fcdlich des Rio B\u00edo-B\u00edo jedoch nie vollst\u00e4ndig unterwerfen.<\/p>\n<p>Nach der Unabh\u00e4ngigkeitserkl\u00e4rung von 1818 entwickelte sich Chile unter autorit\u00e4ren Pr\u00e4sidenten zu einer relativ stabilen Republik. Die junge Nation expandierte territorial durch Konflikte und Verhandlungen. Mitte der 1880er Jahre beendete die langwierige \u201eBefriedung Araukaniens\u201c den organisierten Widerstand der Mapuche, und der Salpeterkrieg (1879\u20131883) gegen Peru und Bolivien sicherte Chiles heutige, an Nitraten und Kupfer reiche Nordgrenze. Wirtschaftswachstum, das auf Mineralienexporten und der landwirtschaftlichen Besiedlung des Zentraltals beruhte, ver\u00e4nderte die demografische und soziale Zusammensetzung des Landes.<\/p>\n<p>Das 20. Jahrhundert war gepr\u00e4gt von Wellen der Demokratisierung, Landflucht und wirtschaftlichen Diversifizierung. Das Bev\u00f6lkerungswachstum beschleunigte sich, St\u00e4dte entstanden rund um Bergbau- und Landwirtschaftszentren, und Chile integrierte sich dank seiner Kupferindustrie zunehmend in die Weltm\u00e4rkte. In den 1960er und fr\u00fchen 1970er Jahren vertiefte sich jedoch die politische Polarisierung. Im September 1973 st\u00fcrzte eine Milit\u00e4rjunta die demokratisch gew\u00e4hlte Regierung von Salvador Allende. Unter General Augusto Pinochets sechzehnj\u00e4hriger Herrschaft wurde die Verfassung von 1980 unter Mitwirkung der Ort\u00fazar-Kommission ausgearbeitet und umfassende politische und wirtschaftliche Reformen verabschiedet. Diese Jahre brachten aber auch Repressionen mit sich: Mehr als 3.000 B\u00fcrger verloren ihr Leben oder verschwanden. Ein Plebiszit von 1988 ebnete dem Land den Weg zur\u00fcck zu einer Zivilregierung, und 1990 \u00fcbernahm eine Mitte-links-Koalition die Macht und f\u00fchrte Chile durch zwei Jahrzehnte demokratischer Konsolidierung.<\/p>\n<p>Chile z\u00e4hlt heute zu den stabilsten und wohlhabendsten Volkswirtschaften Lateinamerikas. Das Pro-Kopf-Einkommen macht es zu einem Hocheinkommensland, und das Land zeichnet sich regional durch solide Regierungsf\u00fchrung und nachhaltige Investitionen in Bildung und Infrastruktur aus. Als Gr\u00fcndungsmitglied der Vereinten Nationen beteiligte es sich an der Gr\u00fcndung der Gemeinschaft Lateinamerikanischer und Karibischer Staaten (CELAC) und der Pazifischen Allianz und trat 2010 der Organisation f\u00fcr wirtschaftliche Zusammenarbeit und Entwicklung (OECD) bei.<\/p>\n<p>Chiles Festland erstreckt sich von Norden nach S\u00fcden \u00fcber mehr als 4.300 Kilometer, ist aber selten breiter als 350 Kilometer. Sein vulkanisches R\u00fcckgrat \u2013 die Anden \u2013 erhebt sich entlang der Ostgrenze und formt die Becken des Zentraltals, in dem sich die Hauptstadt Santiago befindet. Im Norden birgt die Atacamaw\u00fcste wertvolle Mineralvorkommen, w\u00e4hrend im S\u00fcden W\u00e4lder und Weiden die von Seen und Vulkanen durchzogene Landschaft pr\u00e4gen. Das K\u00fcstenlabyrinth aus Fjorden, Kan\u00e4len und Halbinseln markiert die Grenze zu Patagonien und Feuerland.<\/p>\n<p>1978 wurde die Republik in sechzehn Regionen \u2013 jede mit r\u00f6mischen Ziffern von Norden nach S\u00fcden, mit Ausnahme der Metropolregion Santiago \u2013 neu organisiert und weiter in Provinzen und Gemeinden unterteilt. Die Schaffung neuer Regionen im Jahr 2007 (Arica und Parinacota; Los R\u00edos) und 2018 (\u00d1uble) \u00e4nderte die urspr\u00fcngliche Nummerierung, doch die Struktur blieb als Grundlage der lokalen Verwaltung bestehen.<\/p>\n<p>Der Tourismus ist zu einer tragenden S\u00e4ule der chilenischen Wirtschaft geworden. Im hohen Norden lockt San Pedro de Atacama mit pr\u00e4hispanischen Ruinen, hochgelegenen Seen und dem sogenannten Mondtal. Skigebiete in den Zentralanden \u2013 Portillo, Valle Nevado, Termas de Chill\u00e1n \u2013 sprechen Wintersportler an. S\u00fcdliches Terrain l\u00e4dt zur Erkundung der Nationalparks Conguill\u00edo und Nahuelbuta ein, w\u00e4hrend die Archipele von Chilo\u00e9 und die labyrinthischen Kan\u00e4le Patagoniens \u2013 darunter die Laguna San Rafael und Torres del Paine \u2013 eine Wildnis aus Gletschereis und Schnee bieten. Die vielfarbigen H\u00fcgel und historischen Standseilbahnen von Valpara\u00edso geh\u00f6ren zum UNESCO-Weltkulturerbe, und auf der abgelegenen Osterinsel sind die monumentalen Moai der Rapa Nui erhalten.<\/p>\n<p>Von Dezember bis M\u00e4rz str\u00f6men einheimische Reisende in die Sommerferienorte an der K\u00fcste: H\u00e4fen im Norden wie Arica und Iquique, die Str\u00e4nde von La Serena und Coquimbo, das am See gelegene Puc\u00f3n im S\u00fcden und die K\u00fcstenst\u00e4dte der Region Valpara\u00edso, insbesondere das wohlhabende Vi\u00f1a del Mar mit seinem ber\u00fchmten Musikwettbewerb. Auch das l\u00e4ndliche Surferparadies Pichilemu verzeichnet saisonalen Zustrom.<\/p>\n<p>2005 startete die Regierung eine internationale Kampagne, um die Vielfalt Chiles zu pr\u00e4sentieren. In j\u00fcngerer Zeit f\u00f6rdert die \u201eRoute der Parks\u201c \u2013 ein 2.800 Kilometer langer Korridor gesch\u00fctzter Gebiete, konzipiert von Naturschutzpionieren \u2013 nachhaltiges Reisen entlang der K\u00fcste Patagoniens.<\/p>\n<p>Chiles anspruchsvolle Topografie erfordert ein umfassendes Verkehrsnetz. Bis 2020 durchzogen fast 86.000 Kilometer Autobahnen die Republik, davon mehr als 21.000 Kilometer asphaltiert. Die strategische Verdoppelung wichtiger Verkehrsachsen \u2013 insbesondere der Panamericana (Route 5) \u2013 hat die Anbindung von der Atacama-Region durch Zentralchile bis nach Puerto Montt verbessert. Fernbusse dominieren den Fernverkehr und decken Strecken wie Santiago\u2013Arica (30 Stunden) und Santiago\u2013Punta Arenas (40 Stunden, mit Umstieg in Osorno) ab.<\/p>\n<p>Der Flugverkehr verbindet weit entfernte Regionen: Der internationale Flughafen Mataveri auf der Osterinsel gilt mit seinen 372 Start- und Landebahnen als der isolierteste Flughafen der Welt, w\u00e4hrend der Flughafen Arturo Merino Ben\u00edtez in Santiago j\u00e4hrlich \u00fcber zw\u00f6lf Millionen Passagiere abfertigt. Weitere gro\u00dfe Flugh\u00e4fen bedienen Arica, Iquique, Antofagasta, Concepci\u00f3n, Puerto Montt, Punta Arenas und Temuco.<\/p>\n<p>Die Volksz\u00e4hlung von 2017 verzeichnete rund 17,6 Millionen Einwohner. Nach Jahrzehnten hohen Wachstums ist die Geburtenrate gesunken, was das Bev\u00f6lkerungswachstum verlangsamt. Prognosen gehen davon aus, dass die Bev\u00f6lkerungszahl bis Mitte des Jahrhunderts bei etwa 20,2 Millionen liegen wird. Die st\u00e4dtischen Zentren, insbesondere Santiago, stellen den Gro\u00dfteil der Bev\u00f6lkerung, was die anhaltende Landflucht widerspiegelt.<\/p>\n<p>Chiles kulturelles Gef\u00fcge ist von indigenen, spanischen und sp\u00e4ter europ\u00e4ischen Einfl\u00fcssen gepr\u00e4gt. In den Hochlandst\u00e4dten des Nordens leben die Traditionen der Anden fort; im S\u00fcden pr\u00e4gen deutsche Siedlergemeinden bayerische Architekturformen und kulinarische Geschm\u00e4cker in St\u00e4dten wie Valdivia und Puerto Varas. Die Landesk\u00fcche spiegelt die Vielfalt des Landes wider: Meeresfr\u00fcchte an der K\u00fcste, Rind- und Lammfleisch im Flachland, Obst und Gem\u00fcse im Zentraltal. Zu den typischen Gerichten z\u00e4hlen Cazuela \u2013 ein herzhafter Eintopf aus Fleisch und Gem\u00fcse \u2013, Empanadas, Pastel de Choclo (Mais- und Fleischpastete), Curanto (im Feuer gebackene Schalentiere und Fleisch) und Sopaipillas (frittierter Teig). Die als Crudos bekannte Rohkostzubereitung vereint andine, spanische und deutsche Elemente: fein gehacktes Lamafleisch (oder h\u00e4ufiger Rindfleisch), Zitrusfr\u00fcchte, Zwiebeln und europ\u00e4ische W\u00fcrzmittel wie Mayonnaise und Joghurt.<\/p>\n<p>Chiles Kulturerbe wird sowohl in immateriellen Traditionen \u2013 Musik, Tanz, Festen, Kunsthandwerk \u2013 als auch in materiellen St\u00e4tten bewahrt. F\u00fcnf Orte genie\u00dfen UNESCO-Welterbestatus: der Nationalpark Rapa Nui (1995), die Kirchen von Chilo\u00e9 (2000), die Altstadt von Valpara\u00edso (2003), die Salpeterwerke Humberstone und Santa Laura (2005) und die Bergbaustadt Sewell (2006). Seit 1999 l\u00e4dt der Tag des Kulturerbes jedes Jahr im Mai zur landesweiten Anerkennung dieses Erbes ein.<\/p>\n<p>Chile offenbart auf seiner gesamten L\u00e4nge klimatische und kulturelle Kontraste, indigene Beharrlichkeit und Einwanderungsgeschichte, raue Wildnis und kosmopolitische Metropole. Seine Geschichte ist eine Geschichte der Anpassung an Extreme, an Naturgewalten und historische Str\u00f6mungen, doch stets gepr\u00e4gt von denen, die dieses lange, schmale Land ihre Heimat nennen.<\/p>","protected":false},"excerpt":{"rendered":"<p>Chile, located in western South America, has a population of 17.5 million according to the 2017 census and covers a territorial area of 756,102 square kilometers. Bound to the north by Peru, to the northeast by Bolivia, and to the east by Argentina, this long, thin country runs along the western coast of the continent. With land closest to Antarctica, the Republic of Chile\u2014as it is formally known\u2014stands as the southernmost nation in the world.<\/p>","protected":false},"author":1,"featured_media":2869,"parent":24096,"menu_order":0,"comment_status":"closed","ping_status":"closed","template":"elementor_theme","meta":{"_eb_attr":"","footnotes":""},"class_list":["post-7469","page","type-page","status-publish","has-post-thumbnail"],"_links":{"self":[{"href":"https:\/\/travelshelper.com\/de\/wp-json\/wp\/v2\/pages\/7469","targetHints":{"allow":["GET"]}}],"collection":[{"href":"https:\/\/travelshelper.com\/de\/wp-json\/wp\/v2\/pages"}],"about":[{"href":"https:\/\/travelshelper.com\/de\/wp-json\/wp\/v2\/types\/page"}],"author":[{"embeddable":true,"href":"https:\/\/travelshelper.com\/de\/wp-json\/wp\/v2\/users\/1"}],"replies":[{"embeddable":true,"href":"https:\/\/travelshelper.com\/de\/wp-json\/wp\/v2\/comments?post=7469"}],"version-history":[{"count":0,"href":"https:\/\/travelshelper.com\/de\/wp-json\/wp\/v2\/pages\/7469\/revisions"}],"up":[{"embeddable":true,"href":"https:\/\/travelshelper.com\/de\/wp-json\/wp\/v2\/pages\/24096"}],"wp:featuredmedia":[{"embeddable":true,"href":"https:\/\/travelshelper.com\/de\/wp-json\/wp\/v2\/media\/2869"}],"wp:attachment":[{"href":"https:\/\/travelshelper.com\/de\/wp-json\/wp\/v2\/media?parent=7469"}],"curies":[{"name":"wp","href":"https:\/\/api.w.org\/{rel}","templated":true}]}}