{"id":7405,"date":"2024-08-25T17:42:51","date_gmt":"2024-08-25T17:42:51","guid":{"rendered":"https:\/\/travelshelper.com\/staging\/?page_id=7405"},"modified":"2026-03-13T23:55:37","modified_gmt":"2026-03-13T23:55:37","slug":"kolumbien","status":"publish","type":"page","link":"https:\/\/travelshelper.com\/de\/destinations\/south-america\/colombia\/","title":{"rendered":"Kolumbien"},"content":{"rendered":"<p>Kolumbien pr\u00e4sentiert sich als Land faszinierender Kontraste: Andenhochebenen, die vor urbaner Energie pulsieren; dunstige Tieflanddschungel, in denen die gr\u00fcne Stille des Amazonas vorherrscht; karibische K\u00fcsten, umsp\u00fclt von warmen Meeren; und Pazifikk\u00fcsten, verh\u00fcllt von Nebel und dichten Mangroven. Mit einer Fl\u00e4che von 1.141.748 Quadratkilometern nimmt es eine einzigartige Lage auf zwei Kontinenten ein: Seine Inseln grenzen an nordamerikanische Gew\u00e4sser, w\u00e4hrend das Festland in S\u00fcdamerika verankert ist. Seine Grenzen \u2013 die es mit Panama, Venezuela, Brasilien, Peru und Ecuador teilt \u2013 zeichnen das Bild einer Nation, deren Identit\u00e4t ebenso von der Geographie wie von Geschichte, Kultur und einem sich entwickelnden B\u00fcrgersinn gepr\u00e4gt wurde.<\/p>\n<p>Im Herzen Kolumbiens liegen die Anden, in drei Kordilleren gespalten, die das R\u00fcckgrat des Landes bilden und seine bev\u00f6lkerungsreichsten St\u00e4dte beherbergen. Im Westen verl\u00e4uft die Cordillera Occidental am Pazifik entlang, ihre Gipfel erheben sich \u00fcber dichte, regenwaldbewachsene K\u00fcstenebenen, die oft in Nebel geh\u00fcllt sind. Cali, durchflossen vom Fluss Cauca, schmiegt sich an seine \u00f6stlichen Ausl\u00e4ufer. Zwischen den T\u00e4lern des Cauca und des Magdalena liegt die Cordillera Central, deren H\u00f6hen \u00fcber 5.000 Meter erreichen. Hier schmiegen sich Medell\u00edns rastlose Stra\u00dfen und Kaffeeanbaust\u00e4dte an die H\u00e4nge, erf\u00fcllt vom Duft von Orchideen und ger\u00f6steten Bohnen. Die Cordillera Oriental erstreckt sich nord\u00f6stlich in Richtung der Halbinsel Guajira und beherbergt Bogot\u00e1 auf rund 2.600 Metern H\u00f6he \u2013 eine der h\u00f6chstgelegenen Hauptst\u00e4dte der Welt \u2013 und erstreckt sich weiter bis nach Bucaramanga und C\u00facuta.<\/p>\n<p>\u00d6stlich der Berge erstrecken sich die weiten Llanos-Graslandschaften bis ins Orinoco-Becken. Ihre saisonalen \u00dcberschwemmungen beg\u00fcnstigen Viehzucht und Wildtierkorridore. Weiter s\u00fcdlich erhebt sich der Amazonas-Regenwald, eine gr\u00fcne Kathedrale der Artenvielfalt. Die K\u00fcstenebenen unterscheiden sich deutlich: Die n\u00f6rdliche Karibikk\u00fcste ist gr\u00f6\u00dftenteils von sonnenverw\u00f6hntem Buschland bedeckt, mit Ausnahme der Sierra Nevada de Santa Marta \u2013 einem K\u00fcstengebirge, das sich abrupt auf \u00fcber 5.700 Meter erhebt \u2013, w\u00e4hrend die Pazifikk\u00fcste schmal, regenreich und d\u00fcnn besiedelt ist. Kolumbiens Doppelk\u00fcste \u2013 an Atlantik und Pazifik \u2013 zeichnet das Land auf dem Kontinent aus; seine Seegrenzen grenzen an die von Costa Rica, Nicaragua, Honduras, Jamaika, Haiti und der Dominikanischen Republik.<\/p>\n<p>Die menschliche Pr\u00e4senz in diesem Gebiet reicht mindestens 14.000 Jahre zur\u00fcck, als J\u00e4ger und Sammler die vielf\u00e4ltigen \u00d6kosysteme durchstreiften. Als die Europ\u00e4er eintrafen \u2013 spanische Entdecker landeten 1499 in La Guajira \u2013, bl\u00fchten in den Hoch- und Tieflandregionen hochentwickelte indigene Staatswesen. Die spanische Krone gr\u00fcndete Mitte des 16. Jahrhunderts das Neue K\u00f6nigreich Granada mit Santa Fe de Bogot\u00e1 als Verwaltungszentrum. W\u00e4hrend der jahrhundertelangen Kolonialherrschaft brachen die Bev\u00f6lkerungszahlen aufgrund von Krankheiten und Eroberungen ein, erholten sich aber langsam wieder, als kreolische Gesellschaften entstanden.<\/p>\n<p>Die Unabh\u00e4ngigkeit wurde 1810 proklamiert, doch der Kampf dauerte an, bis Sim\u00f3n Bol\u00edvars Kampagnen 1819 die Befreiung sicherten und die kurzlebige Republik Gro\u00dfkolumbien entstand. Es folgten Experimente mit F\u00f6deralismus und Zentralismus mit der Granadinischen Konf\u00f6deration (1858), den Vereinigten Staaten von Kolumbien (1863) und schlie\u00dflich der Republik Kolumbien 1886. Der Verlust Panamas 1903 unter internationalem Druck f\u00fchrte zur Neuziehung seiner Grenzen. Im 20. Jahrhundert pr\u00e4gten interne Konflikte und politische Gewalt \u2013 die sich in den 1960er und 1990er Jahren versch\u00e4rften \u2013 die nationale Geschichte. Seit Mitte der 2000er Jahre haben Sicherheitsverbesserungen, institutionelle Reformen und Wirtschaftswachstum begonnen, die soziale Landschaft neu zu gestalten.<\/p>\n<p>Das moderne Kolumbien ist in 32 Departements und einen Hauptstadtdistrikt \u2013 Bogot\u00e1 \u2013 unterteilt, die jeweils von einem gew\u00e4hlten Gouverneur und einer Versammlung gef\u00fchrt werden. Die Departements sind in Gemeinden unterteilt, die wiederum in Corregimientos (l\u00e4ndliche Bezirke) und Comunas (st\u00e4dtische Bezirke) mit jeweils eigenen Gemeinder\u00e4ten unterteilt sind. Sonderdistrikte \u2013 Barranquilla, Cartagena, Santa Marta und Buenaventura \u2013 genie\u00dfen einen Verwaltungsstatus, der ihre maritime, kulturelle oder strategische Bedeutung widerspiegelt. Diese mehrschichtige Regierungsstruktur zielt darauf ab, regionale Vielfalt mit nationaler Koh\u00e4renz in Einklang zu bringen.<\/p>\n<p>Kolumbien hat mit rund 52 Millionen Einwohnern den drittgr\u00f6\u00dften Bev\u00f6lkerungsanteil Lateinamerikas. Seine demografische Entwicklung \u2013 von vier Millionen zu Beginn des 20. Jahrhunderts auf \u00fcber 50 Millionen heute \u2013 spiegelt den R\u00fcckgang von Geburtenrate und Sterblichkeit sowie eine Verlagerung vom Land in die Stadt wider. 76 Prozent der Bev\u00f6lkerung leben heute in St\u00e4dten, haupts\u00e4chlich in den Korridoren des Andenhochlandes. Bogot\u00e1s Bev\u00f6lkerung ist von einigen Hunderttausend in den 1930er Jahren auf fast acht Millionen angewachsen. Ende des Jahrhunderts altert die Bev\u00f6lkerung: Der Anteil der \u00fcber 65-J\u00e4hrigen hat deutlich zugenommen. Eine vielf\u00e4ltige ethnische Vielfalt \u2013 Nachkommen indigener Gesellschaften, spanische und andere europ\u00e4ische Siedler, afrikanische Diasporagemeinschaften sowie Wellen von Einwanderern aus dem Nahen Osten und anderen L\u00e4ndern \u2013 befeuert Kolumbiens kulturelle Dynamik. Spanisch verbindet die Nation, obwohl Englisch, Kreolisch und rund 64 indigene Sprachen regional anerkannt sind.<\/p>\n<p>Kolumbien gilt als eines der siebzehn \u201emegadiversen\u201c L\u00e4nder und beherbergt mehr Arten pro Quadratkilometer als jedes andere Land. Amazonas-Dschungel, Anden-P\u00e1ramo, pazifische Mangroven und karibischer Trockenwald beherbergen unz\u00e4hlige Pflanzen und Tiere, die nirgendwo sonst zu finden sind. Sechs bedeutende Naturregionen \u2013 Anden, Pazifikk\u00fcste, Karibikk\u00fcste, Llanos, Amazonas und Inselgebiete \u2013 bilden ein Mosaik aus Lebensr\u00e4umen. Fl\u00fcsse wie der Magdalena und der Cauca graben T\u00e4ler, die sowohl als \u00f6kologische Korridore als auch als Handelswege dienen. Erdbeben und Vulkane erzittern unter der Oberfl\u00e4che und erinnern an die Lage des Landes am Pazifischen Feuerring.<\/p>\n<p>Kolumbiens Wirtschaft, die drittgr\u00f6\u00dfte S\u00fcdamerikas, vereint traditionelle Exporte \u2013 \u00d6l, Kohle, Kaffee und Schnittblumen \u2013 mit aufstrebenden Hightech-, Dienstleistungs- und Tourismussektoren. Die makro\u00f6konomische Stabilit\u00e4t der letzten Jahrzehnte hat ausl\u00e4ndische Investitionen angezogen, die Armutsraten sind gesunken und eine wachsende Mittelschicht ist entstanden. Das Gesundheitssystem, das von der Weltgesundheitsorganisation als das st\u00e4rkste Lateinamerikas gepriesen wird, unterst\u00fctzt die Entwicklung des Humankapitals. Gro\u00dfe Ballungszentren \u2013 Bogot\u00e1, Medell\u00edn, Cali, Barranquilla und Cartagena \u2013 fungieren als finanzielle, industrielle und kulturelle Motoren.<\/p>\n<p>Die kolumbianische Kultur ist gepr\u00e4gt von pr\u00e4kolumbischen Zivilisationen, spanischen Kolonialinstitutionen, afrikanischem Erbe und Einwanderungseinfl\u00fcssen aus Europa und dem Nahen Osten. Die Musik reicht von andinen Bambucos bis hin zu afrokaribischer Cumbia; die Literatur reicht von indigenen m\u00fcndlichen \u00dcberlieferungen bis zu den magisch-realistischen Erz\u00e4hlungen des Nobelpreistr\u00e4gers Gabriel Garc\u00eda M\u00e1rquez. Festivals \u2013 der Carnaval de Barranquilla und die Feria de las Flores in Medell\u00edn \u2013 vereinen Musik, Tanz und Rituale in lebendigen \u00f6ffentlichen Darbietungen.<\/p>\n<p>Die K\u00fcche des Landes ist gepr\u00e4gt von regionalen Besonderheiten. Im Hochland w\u00e4rmt Ajiaco \u2013 eine Suppe aus Kartoffeln, Mais und Huhn \u2013 die k\u00fchle Bergluft; an der Karibikk\u00fcste erinnern Kokosreis und frittierter Fisch sowohl an indigene als auch an afrikanische Wurzeln. Arepas \u2013 Maiskuchen, pur oder gef\u00fcllt \u2013 geh\u00f6ren zu jeder Mahlzeit, w\u00e4hrend Bohnen, Kochbananen und tropische Fr\u00fcchte wie Guan\u00e1bana, Lulo und Maracuy\u00e1 landesweit die Tische schm\u00fccken. Stra\u00dfenst\u00e4nde servieren Empanadas, Aborrajados (s\u00fc\u00dfe Kochbananen mit K\u00e4se) und Bu\u00f1uelos; in den heimischen K\u00fcchen werden Desserts wie Natillas und Tres-Leches-Kuchen hergestellt. Die Getr\u00e4nkepalette reicht von starkem Tinto-Kaffee bis zu Zuckerrohr-Aguardiente, von Champ\u00fas (einem Frucht- und Maisgetr\u00e4nk) bis zu frischen Fruchts\u00e4ften, die den Obstreichtum des Landes w\u00fcrdigen.<\/p>\n<p>Kolumbiens Geschichte ist weder statisch noch einheitlich. Es ist eine Nation, die sich st\u00e4ndig mit ihren Hochgebirgshauptst\u00e4dten und Flussgebieten, ihrer Erinnerung an Konflikte und ihrem Streben nach Frieden, ihrer reichen Artenvielfalt und dem Druck der Entwicklung auseinandersetzt. Verwaltungsreformen, Infrastrukturprojekte, Naturschutzbem\u00fchungen und kulturelle Erneuerungsbewegungen zeugen von einer Gesellschaft, die sowohl zur\u00fcckblickt als auch nach vorn \u2013 sie versucht, ihre Wurzeln zu ehren und gleichzeitig neue Wege in einer vernetzten Welt zu beschreiten. In seiner Weite und Vielfalt bleibt Kolumbien zugleich vertraut und \u00fcberraschend, ein best\u00e4ndiges Thema zum Nachdenken f\u00fcr diejenigen, die seine Stra\u00dfen bereisen, seine Fl\u00fcsse befahren und den vielen Stimmen lauschen, die zusammen seine sich entfaltende Geschichte komponieren.<\/p>","protected":false},"excerpt":{"rendered":"<p>Located at the northwestern extremity of South America,\u00a0Colombia\u00a0is characterized by significant\u00a0diversity\u00a0and striking contrasts. Officially the\u00a0Republic of Colombia, this colorful nation covers more than 1.1 million square kilometers, ranking 26th among all the countries in the globe.\u00a0Colombia\u00a0acts as a\u00a0geographical\u00a0and\u00a0cultural link\u00a0between\u00a0South and Central America\u00a0with its strategic position between the\u00a0Pacific and Caribbean Seas.<\/p>","protected":false},"author":1,"featured_media":3844,"parent":24096,"menu_order":0,"comment_status":"closed","ping_status":"closed","template":"elementor_theme","meta":{"_eb_attr":"","footnotes":""},"class_list":["post-7405","page","type-page","status-publish","has-post-thumbnail"],"_links":{"self":[{"href":"https:\/\/travelshelper.com\/de\/wp-json\/wp\/v2\/pages\/7405","targetHints":{"allow":["GET"]}}],"collection":[{"href":"https:\/\/travelshelper.com\/de\/wp-json\/wp\/v2\/pages"}],"about":[{"href":"https:\/\/travelshelper.com\/de\/wp-json\/wp\/v2\/types\/page"}],"author":[{"embeddable":true,"href":"https:\/\/travelshelper.com\/de\/wp-json\/wp\/v2\/users\/1"}],"replies":[{"embeddable":true,"href":"https:\/\/travelshelper.com\/de\/wp-json\/wp\/v2\/comments?post=7405"}],"version-history":[{"count":0,"href":"https:\/\/travelshelper.com\/de\/wp-json\/wp\/v2\/pages\/7405\/revisions"}],"up":[{"embeddable":true,"href":"https:\/\/travelshelper.com\/de\/wp-json\/wp\/v2\/pages\/24096"}],"wp:featuredmedia":[{"embeddable":true,"href":"https:\/\/travelshelper.com\/de\/wp-json\/wp\/v2\/media\/3844"}],"wp:attachment":[{"href":"https:\/\/travelshelper.com\/de\/wp-json\/wp\/v2\/media?parent=7405"}],"curies":[{"name":"wp","href":"https:\/\/api.w.org\/{rel}","templated":true}]}}