{"id":7331,"date":"2024-08-25T12:58:27","date_gmt":"2024-08-25T12:58:27","guid":{"rendered":"https:\/\/travelshelper.com\/staging\/?page_id=7331"},"modified":"2026-03-14T00:05:32","modified_gmt":"2026-03-14T00:05:32","slug":"guyana","status":"publish","type":"page","link":"https:\/\/travelshelper.com\/de\/destinations\/south-america\/guyana\/","title":{"rendered":"Guyana"},"content":{"rendered":"<p>Guyana erstreckt sich am n\u00f6rdlichen Rand S\u00fcdamerikas, seine schmale K\u00fcste streift die Wellen des Atlantischen Ozeans. Mit einer Fl\u00e4che von 214.969 Quadratkilometern ist das Land das drittkleinste des Kontinents, doch seine ausgedehnten Wildnisgebiete bescheren ihm eine der weltweit niedrigsten Bev\u00f6lkerungsdichten. Die Hauptstadt Georgetown erhebt sich am Ostufer des Demerara-Flusses \u2013 ihre pastellfarbenen Fassaden und die Kolonialarchitektur spiegeln Jahrhunderte des Wandels wider, w\u00e4hrend in ihren Stra\u00dfen das gesch\u00e4ftige Treiben von Handel und Regierung pulsiert.<\/p>\n<p>Im Westen bahnt sich der Essequibo breite Kan\u00e4le durch die Tiefebenen, bevor er in den Atlantik m\u00fcndet. Im S\u00fcden und S\u00fcdwesten grenzen Brasiliens riesige W\u00e4lder an die Grenze Guyanas. Im Osten liegt Suriname, w\u00e4hrend Venezuela jenseits der steilen Biegungen des Cuyuni-Flusses Wache h\u00e4lt. Diese Grenzen verorten Guyana in den ehemaligen Britisch-Westindien, einer lebendigen Br\u00fccke zwischen der Karibik und dem Kontinent.<\/p>\n<p>Doch nicht nur K\u00fcste und Hauptstadt pr\u00e4gen diesen Ort. Im Landesinneren erhebt sich das Gel\u00e4nde zu sanften H\u00fcgeln und dann zu Hochebenen aus pr\u00e4kambrischem Schildgestein, dem \u201eLand der vielen Wasser\u201c. Kristallklare B\u00e4che folgen Verwerfungslinien und bilden Kaskaden, wo Regenwasser \u00fcber Jahrtausende seine Pfade gegraben hat. Der K\u00fcstenstreifen, schmaler als ein Finger, umfasst Reisfelder und Zuckerrohrplantagen neben Mangrovens\u00fcmpfen, w\u00e4hrend dahinter das beeindruckende Gr\u00fcn des Amazonas liegt \u2013 des gr\u00f6\u00dften tropischen Regenwalds der Erde, der sich \u00fcber zwei Drittel der Fl\u00e4che Guyanas erstreckt.<\/p>\n<p>Diese Wiege des Waldes geh\u00f6rt ebenso ihren menschlichen Bewohnern wie ihren Jaguaren und schwarzen Kaimanen. Neun indigene V\u00f6lker \u2013 Wai Wai, Macushi, Patamona, Lokono, Kalina, Wapishana, Pemon, Akawaio und Warao \u2013 leben mit und in diesen \u00d6kosystemen. Lange bevor die Europ\u00e4er in die M\u00fcndungen der Fl\u00fcsse Guyanas segelten, waren die Lokono und Kalina die wichtigsten Verwalter des Landes. Ihre D\u00f6rfer liegen an Flussufern und Lichtungen, wo Fischerei und Maniok-Anbau bis heute f\u00fcr das t\u00e4gliche Leben unerl\u00e4sslich sind.<\/p>\n<p>M\u00fcndliche \u00dcberlieferungen berichten von Kanus, die durch mondbeschienene Kan\u00e4le gleiten, und von Fischernetzen, die mit Geduld und Geschick ausgeworfen werden. Ihre Sprachen, die noch immer von den \u00c4ltesten gesprochen werden, tragen Ortsnamen, die \u00e4lter sind als Kolonialkarten \u2013 Markierungen von Felsvorspr\u00fcngen, versteckten Teichen oder Jagdgr\u00fcnden. Obwohl Missionsstationen und nationale Politik Aspekte der indigenen Kultur ver\u00e4ndert haben, beanspruchen die Gemeinschaften heute Landrechte und lassen Handwerk, Zeremonien und Geschichten wieder aufleben, die vom Verschwinden bedroht sind.<\/p>\n<p>Im fr\u00fchen 17. Jahrhundert errichteten niederl\u00e4ndische H\u00e4ndler Au\u00dfenposten entlang der Fl\u00fcsse Pomeroon und Berbice. Zwischen indianischen Siedlungen entstanden h\u00f6lzerne Festungen und Lagerh\u00e4user, in denen Wampum und Federn gegen gewebte Stoffe und Eisenwerkzeuge getauscht wurden. Ende des 18. Jahrhunderts hatten die Briten die Niederl\u00e4nder verdr\u00e4ngt und die drei Kolonien Demerara, Essequibo und Berbice zu Britisch-Guayana zusammengefasst. Unter kolonialer Verwaltung breiteten sich Reisfelder und Zuckerplantagen im Landesinneren aus, angetrieben von versklavten Afrikanern und, nach der Abschaffung der Sklaverei, von Vertragsarbeitern aus Indien, China und Portugal.<\/p>\n<p>Das Leben auf den Plantagen stand in krassem Gegensatz zum Leben in indianischen D\u00f6rfern. Rauch aus gemauerten Schornsteinen, die Stimmen der Aufseher hallten \u00fcber die Felder, und das Klappern der Zuckerrohrschneider vermischte sich mit dem L\u00e4rm der Maschinen. Doch jenseits dieser Reihen erstreckten sich stra\u00dfenlose W\u00e4lder und Ebenen, \u00fcber denen Mahagoni- und Gr\u00fcnherzb\u00e4ume emporragten. Dieser Gegensatz \u2013 intensiver Anbau an der Grenze zur urw\u00fcchsigen Wildnis \u2013 pr\u00e4gte Guyanas Wirtschaft und Kultur \u00fcber Jahrhunderte.<\/p>\n<p>Am 26. Mai 1966 wurde der Union Jack eingeholt und die blau-gr\u00fcn-wei\u00dfe Flagge eines unabh\u00e4ngigen Guyanas \u00fcber Georgetown gehisst. Vier Jahre sp\u00e4ter, 1970, wurde das Land eine Republik innerhalb des Commonwealth, was seine Selbstverwaltung bekr\u00e4ftigte und die Verbindungen zu den gemeinsamen Institutionen der britischen Monarchie aufrechterhielt. Das Erbe der britischen Herrschaft ist noch immer sichtbar: Englisch ist die vorherrschende Amtssprache, das Rechtssystem folgt den Traditionen des Common Law, und Cricketfelder pr\u00e4gen noch immer die st\u00e4dtischen Parks.<\/p>\n<p>Doch neben dem Queen&#039;s English flie\u00dft im Alltag auch guyanisches Kreolisch \u2013 eine melodische, auf dem Englischen basierende Sprache, gespickt mit westafrikanischen, indischen, niederl\u00e4ndischen und indigenen Dialekten. Es pr\u00e4gt die Gespr\u00e4che an Marktst\u00e4nden und in Wohnzimmern und bildet ein gemeinsames Gef\u00fcge zwischen Menschen indischer, afrikanischer, chinesischer, portugiesischer, europ\u00e4ischer und gemischter Abstammung.<\/p>\n<p>Guyana nimmt eine besondere Stellung ein: Es ist das einzige s\u00fcdamerikanische Land, in dem Englisch gesetzlich gesprochen wird, und ist dennoch kulturell eng mit der anglophonen Karibik verbunden. Hier befindet sich der Hauptsitz der Karibischen Gemeinschaft CARICOM, in der kleine Inselstaaten und kontinentale Nachbarn zusammenkommen, um ihre Wirtschafts- und Sozialpolitik abzustimmen. 2008 war Guyana Mitbegr\u00fcnder der Union S\u00fcdamerikanischer Nationen und signalisierte damit sein Engagement f\u00fcr die kontinentale Zusammenarbeit in Bereichen wie Infrastruktur und Umweltschutz.<\/p>\n<p>Feste und Essen spiegeln diese Dualit\u00e4t wider. W\u00e4hrend Mashramani \u2013 dem Gedenken an den Status der Republik \u2013 wimmelt es bei Stra\u00dfenumz\u00fcgen von Steel-Pan-Bands und T\u00e4nzern in farbenfrohen Kost\u00fcmen. Im Fr\u00fchling werden die St\u00e4dte beim Phagwah (oder Holi) mit buntem Pulver und S\u00fc\u00dfigkeiten \u00fcbers\u00e4t, w\u00e4hrend die Abende von Deepavali mit Reihen von Tonlampen erstrahlen und den Triumph des Lichts \u00fcber die Dunkelheit feiern. Jedes Fest tr\u00e4gt den Stempel indischer Einwanderer, deren mit Curry und Roti gew\u00fcrzte Reisgerichte mit Pfeffert\u00f6pfen und Maniokbrot auf den Tisch kommen und so eine Br\u00fccke zwischen den Traditionen der Vorfahren schlagen.<\/p>\n<p>Landwirtschaft, Bergbau und Forstwirtschaft bildeten im 20. Jahrhundert das R\u00fcckgrat der Wirtschaft Guyanas. Bauxitsteinbr\u00fcche und Goldminen brachten Exporteinnahmen, w\u00e4hrend riesige Teak- und Greenheart-W\u00e4lder die Holzm\u00e4rkte im Ausland versorgten. Dennoch lebten 2017 41 Prozent der Bev\u00f6lkerung unterhalb der Armutsgrenze \u2013 ein Hinweis auf die eklatanten Ungleichheiten trotz des Rohstoffreichtums.<\/p>\n<p>Im Jahr 2015 enth\u00fcllten seismische Untersuchungen betr\u00e4chtliche Offshore-\u00d6lreserven. Bis 2019 stiegen Bohrinseln aus dem Atlantik, und im Jahr 2020 stieg das BIP des Landes um rund 49 Prozent \u2013 \u200b\u200beine der schnellsten Expansionen weltweit. J\u00fcngste Sch\u00e4tzungen gehen von rund 11 Milliarden Barrel f\u00f6rderbarer Reserven aus \u2013 genug, um Guyana bis 2025 zu einem der gr\u00f6\u00dften \u00d6lproduzenten pro Kopf zu machen. Es handelt sich um den bedeutendsten Zuwachs der globalen \u00d6lreserven seit den 1970er Jahren, der die Erwartungen an Staatseinnahmen, Auslandsinvestitionen und die regionale Geopolitik neu pr\u00e4gt.<\/p>\n<p>Die gro\u00dfen Hoffnungen des \u00d6ls gehen mit dr\u00e4ngenden Herausforderungen einher. Ein Bericht der Weltbank aus dem Jahr 2023 stellte Verbesserungen des Human Development Index (HDI) Guyanas seit 2015 fest \u2013 ein Zeichen f\u00fcr bessere Gesundheits-, Bildungs- und Einkommensindikatoren. Dennoch herrscht in vielen Gemeinden weiterhin Armut. Die Unterschiede zwischen boomenden Ballungszentren wie Georgetown und dem abgelegenen Hinterland nehmen zu, da Stra\u00dfen, Krankenh\u00e4user und Schulen kaum Schritt halten k\u00f6nnen.<\/p>\n<p>Umweltbedenken wiegen schwer. Offshore-Bohrungen bergen das Risiko von \u00d6lverschmutzungen, die K\u00fcstenfischerei und Korallenriffe zerst\u00f6ren k\u00f6nnten. Gleichzeitig k\u00f6nnte die Erschlie\u00dfung an Land in den Regenwald eindringen, der Jaguaren, Harpyien und Hunderten von Orchideenarten Schutz bietet. Daher haben die Regierung und internationale Partner begonnen, Richtlinien f\u00fcr nachhaltigen Abbau, Gewinnbeteiligung und Schutzzonen zu erarbeiten. Stra\u00dfen zu den Goldfeldern im Landesinneren werden mit Erosionsschutzma\u00dfnahmen gebaut, und Pl\u00e4ne f\u00fcr einen Staatsfonds sollen k\u00fcnftige Generationen vor der Volatilit\u00e4t der \u00d6lm\u00e4rkte sch\u00fctzen.<\/p>\n<p>Guyanas Naturreichtum \u2013 Wasserf\u00e4lle, Savannen, tepuiartige Berge und Flussnetze \u2013 bietet eine Alternative zum Rohstoffabbau. \u00d6kotour-Anbieter f\u00fchren Besucher nach Iwokrama, einem 3.700 Quadratkilometer gro\u00dfen Reservat, in dem Gro\u00dfe Ameisenb\u00e4ren leben, und zu den Kaieteur-F\u00e4llen, wo ein einziger Wassertropfen 226 Meter tief in ein jadegr\u00fcnes Becken st\u00fcrzt. Abendessen am Lagerfeuer unter freiem Himmel regen zu ruhigen Gespr\u00e4chen \u00fcber Naturschutz an, w\u00e4hrend Wanderungen am fr\u00fchen Morgen Schw\u00e4rme von Scharlachsichlern an Flussufern auf Nahrungssuche bringen.<\/p>\n<p>Lokale Gemeinden profitieren zunehmend von den Einnahmen aus dem Tourismus. Sie bieten Privatunterk\u00fcnfte und kulturelle Workshops an, in denen indianisches Kunsthandwerk und Geschichten vermittelt werden. Diese Initiativen bieten konkrete Anreize zum Schutz von W\u00e4ldern und Wasserwegen. W\u00e4hrend Guyana neue Einnahmequellen erschlie\u00dft, erweist sich der \u00d6kotourismus als Modell f\u00fcr ausgewogenes Wachstum \u2013 ein Modell, das intakte \u00d6kosysteme ebenso sch\u00e4tzt wie wirtschaftliche Gewinne.<\/p>\n<p>Guyanas Kultur ist gepr\u00e4gt von Schuldknechtschaft, Versklavung, Migration und Austausch. Versklavte Afrikaner, entwurzelt aus den vielf\u00e4ltigen westafrikanischen Gesellschaften, pr\u00e4gten innerhalb der britischen Kolonialherrschaft neue Glaubens- und Ritualmuster. Ihre Nachkommen feiern heute christliche Feiertage und pflegen Volkslieder, die an die Rhythmen ihrer Vorfahren erinnern. Indische Arbeiter, die nach der Emanzipation als Vertragsarbeiter kamen, brachten hinduistische und muslimische Traditionen mit, die bis heute den Kalender pr\u00e4gen. In ihren K\u00fcchen finden sich Dhal und Curry-Ziege, Pfefferstreuer und Fischfrikadellen.<\/p>\n<p>Chinesische und portugiesische Einwanderer, wenn auch in geringerer Zahl, brachten kulinarische und kommerzielle Praktiken mit, die sich in St\u00e4dte und D\u00f6rfer verbreiteten. \u00dcberall haben Mischehen und gemeinsame N\u00f6te zu gemischter Herkunft gef\u00fchrt, die klare ethnische Grenzen verwischen. In Georgetown trifft man im Umkreis von wenigen Blocks auf einen Sikh-Tempel, eine Pfingstkirche und eine Moschee \u2013 eine Architektur des Glaubens, die aus der Geschichte der Bewegung und Anpassung erw\u00e4chst.<\/p>\n<p>Guyana steht in vielerlei Hinsicht zwischen den Welten: s\u00fcdamerikanischer Geographie und karibischer Kultur, modernen \u00d6lfeldern und uralten W\u00e4ldern, K\u00fcstenmetropolen und D\u00f6rfern im Landesinneren. Seine breiten Fl\u00fcsse bahnen sich ihren Weg sowohl zum offenen Meer als auch tief ins wilde Herz des Kontinents. Festivals vereinen Aromen und Kl\u00e4nge aus Asien, Afrika und Europa, untermalt von Trommelschl\u00e4gen, die auf die Warao und Macushi zur\u00fcckgehen.<\/p>\n<p>F\u00fcr Leser, die ein ehrliches Portr\u00e4t dieses Landes suchen, bietet Guyana keine einfachen Gegens\u00e4tze. Es bietet den Staub der Savannenstra\u00dfen und das Schimmern der Baumkronen des Regenwalds, das Dr\u00f6hnen der Bohrinseln und das Rascheln des Laubes unter nackten F\u00fc\u00dfen. Seine Menschen \u2013 Indo-Guyaner, Afro-Guyaner, Indianer und andere \u2013 gestalten eine Zukunft, die sowohl wirtschaftliche Chancen als auch \u00f6kologische Grenzen ber\u00fccksichtigen muss.<\/p>\n<p>Am Wasserrand, wo Mangroven den Gezeiten trotzen, ragen am Horizont \u00d6lplattformen und Fischerboote empor. Im Landesinneren, wo sich gr\u00fcne Schatten unter sonnenbeschienenen Wellenk\u00e4mmen bewegen, h\u00f6rt man die Rufe von Br\u00fcllaffen und das Lachen von Kindern, die am Flussufer entlangrennen. Das ist Guyana: ein Land, gepr\u00e4gt von Wasser, Menschen und dem empfindlichen Gleichgewicht von Fortschritt und Bewahrung.<\/p>","protected":false},"excerpt":{"rendered":"<p>Guyana, formally designated as the\u00a0Co-operative Republic of Guyana, is situated on the northern coastline of\u00a0South America.\u00a0Guyana, with one of the lowest population densities globally, encompasses a geographical area of 214,969 square kilometers, rendering it the third smallest sovereign state by size in continental\u00a0South America, behind\u00a0Uruguay\u00a0and\u00a0Suriname.\u00a0Georgetown, the capital city, is the largest urban center in the country and functions as the political and economic nucleus.<\/p>","protected":false},"author":1,"featured_media":3020,"parent":24096,"menu_order":0,"comment_status":"closed","ping_status":"closed","template":"elementor_theme","meta":{"_eb_attr":"","footnotes":""},"class_list":["post-7331","page","type-page","status-publish","has-post-thumbnail"],"_links":{"self":[{"href":"https:\/\/travelshelper.com\/de\/wp-json\/wp\/v2\/pages\/7331","targetHints":{"allow":["GET"]}}],"collection":[{"href":"https:\/\/travelshelper.com\/de\/wp-json\/wp\/v2\/pages"}],"about":[{"href":"https:\/\/travelshelper.com\/de\/wp-json\/wp\/v2\/types\/page"}],"author":[{"embeddable":true,"href":"https:\/\/travelshelper.com\/de\/wp-json\/wp\/v2\/users\/1"}],"replies":[{"embeddable":true,"href":"https:\/\/travelshelper.com\/de\/wp-json\/wp\/v2\/comments?post=7331"}],"version-history":[{"count":0,"href":"https:\/\/travelshelper.com\/de\/wp-json\/wp\/v2\/pages\/7331\/revisions"}],"up":[{"embeddable":true,"href":"https:\/\/travelshelper.com\/de\/wp-json\/wp\/v2\/pages\/24096"}],"wp:featuredmedia":[{"embeddable":true,"href":"https:\/\/travelshelper.com\/de\/wp-json\/wp\/v2\/media\/3020"}],"wp:attachment":[{"href":"https:\/\/travelshelper.com\/de\/wp-json\/wp\/v2\/media?parent=7331"}],"curies":[{"name":"wp","href":"https:\/\/api.w.org\/{rel}","templated":true}]}}