{"id":7304,"date":"2024-08-25T11:43:52","date_gmt":"2024-08-25T11:43:52","guid":{"rendered":"https:\/\/travelshelper.com\/staging\/?page_id=7304"},"modified":"2026-03-14T00:27:09","modified_gmt":"2026-03-14T00:27:09","slug":"suriname","status":"publish","type":"page","link":"https:\/\/travelshelper.com\/de\/destinations\/south-america\/suriname\/","title":{"rendered":"Suriname"},"content":{"rendered":"<p>Suriname erstreckt sich \u00fcber einen schmalen Streifen entlang der Nordk\u00fcste S\u00fcdamerikas und grenzt im Norden an den Atlantik, im Osten an Franz\u00f6sisch-Guayana, im Westen an Guyana und im S\u00fcden an Brasilien. Seine 163.820 Quadratkilometer sind fast vollst\u00e4ndig von Regenwald bedeckt \u2013 der gr\u00f6\u00dfte Waldanteil aller L\u00e4nder. Weniger als sieben Einwohner pro Quadratkilometer leben im s\u00fcdlichen Hinterland; der Gro\u00dfteil der Bev\u00f6lkerung konzentriert sich im K\u00fcstentiefland. Paramaribo, etwa zehn Kilometer landeinw\u00e4rts am Suriname-Fluss gelegen, beherbergt fast die H\u00e4lfte der 625.000 Einwohner des Landes.<\/p>\n<p>Suriname erstreckt sich vom 1. bis 6. Breitengrad und vom 54. bis 58. L\u00e4ngengrad und ist in zwei geografische Hauptregionen unterteilt. Die n\u00f6rdlichen zehn bis zwanzig Kilometer bestehen aus K\u00fcstenpoldern, die seit der Kolonialzeit eingedeicht und entw\u00e4ssert wurden, um den Anbau von Reis, Bananen und anderen Exportprodukten zu erm\u00f6glichen. Drei gro\u00dfe Flussm\u00fcndungen \u2013 Coppename, Commewijne und Saramacca \u2013 m\u00fcnden in gezeitenabh\u00e4ngige Mangrovens\u00fcmpfe, bevor sie das Meer erreichen. Im Landesinneren erstreckt sich ein allm\u00e4hlicher Anstieg zu Savannen und Hochgrasland, das die ausgedehnten Feuchtgebiete entlang der brasilianischen Grenze umgibt. Dahinter bildet der Guyana-Schild zwei niedrige Gebirgsketten: die Bakhuys im Westen und die Van-Asch-Van-Wijck-Kette in der Mitte. Julianatop markiert mit 1.286 Metern \u00fcber dem Meeresspiegel den h\u00f6chsten Punkt Surinames.<\/p>\n<p>Die menschliche Pr\u00e4senz in der Region reicht bis ins vierte Jahrtausend v. Chr. zur\u00fcck, als sich die Arawak- und Karibengemeinschaften an das Leben in Fluss- und Waldgebieten anpassten. Der Kontakt mit Europ\u00e4ern begann im 16. Jahrhundert, und Ende des 17. Jahrhunderts hatten die Niederl\u00e4nder die Kontrolle \u00fcber den gr\u00f6\u00dften Teil des heutigen Territoriums erlangt. Sie hielten die Kolonie als Zuckerrohrplantagenwirtschaft aufrecht, die bis zur Emanzipation 1863 von versklavten Afrikanern getragen wurde. Der R\u00fcckgang der Sklavenarbeit f\u00fchrte zur Anwerbung von Vertragsarbeitern aus Britisch-Indien und Niederl\u00e4ndisch-Indien; ihre Nachkommen gesellen sich zu denen afrikanischer, indigener, chinesischer und javanischer Herkunft in der heutigen ethnisch pluralistischen Gesellschaft. Keine einzelne Gruppe macht mehr als 30 Prozent der Bev\u00f6lkerung aus. Der Anteil hinduistischer und muslimischer Anh\u00e4nger geh\u00f6rt zu den h\u00f6chsten in Amerika.<\/p>\n<p>Die niederl\u00e4ndische Autorit\u00e4t entwickelte sich im 20. Jahrhundert. 1954 erlangte Suriname den Status eines autonomen Landes innerhalb des K\u00f6nigreichs der Niederlande; die vollst\u00e4ndige Unabh\u00e4ngigkeit folgte am 25. November 1975. Die diplomatischen und wirtschaftlichen Beziehungen zu den Niederlanden sind weiterhin eng. Niederl\u00e4ndisch ist die einzige Amtssprache und wird in Regierung, Handel, Medien und Bildung verwendet. Sranan Tongo, eine aus dem Englischen stammende Kreolsprache, dient als Lingua franca. Etwa 60 Prozent der Einwohner sprechen Niederl\u00e4ndisch als Muttersprache; die meisten anderen erwerben die Sprache durch Schulbildung.<\/p>\n<p>Verwaltungstechnisch ist die Republik in zehn Distrikte unterteilt, die jeweils einem vom Pr\u00e4sidenten ernannten Kommissar unterstehen. Diese Distrikte unterteilen sich weiter in 62 Ressorten, die wiederum D\u00f6rfer, St\u00e4dte und Stadtteile umfassen. Die Aufteilung spiegelt sowohl die Plantagen aus der Kolonialzeit als auch die Grenzen der indigenen Bev\u00f6lkerung wider.<\/p>\n<p>Das Klima in Suriname ist ganzj\u00e4hrig hei\u00df und feucht, mit Durchschnittstemperaturen zwischen 29 und 34 \u00b0C und einer relativen Luftfeuchtigkeit von 80 bis 90 Prozent. Zwei Regenzeiten \u2013 April bis August und November bis Februar \u2013 wechseln sich mit zwei k\u00fcrzeren Trockenperioden ab. Hohe Luftfeuchtigkeit verst\u00e4rkt die gef\u00fchlte Hitze um bis zu 6 \u00b0C. \u00c4quatorsonne und h\u00e4ufige St\u00fcrme pr\u00e4gen eine Landschaft mit \u00fcppiger Vegetation und zahlreichen Wasserl\u00e4ufen.<\/p>\n<p>Die Republik verf\u00fcgt \u00fcber sechs terrestrische \u00d6koregionen. K\u00fcstenmangroven weichen bei Paramaribo Sumpfw\u00e4ldern. Im Landesinneren bedecken feuchte W\u00e4lder das Hochland und die Tiefebenen von Guayana. Entlang der s\u00fcdlichen Grenzen finden sich Savannenenklaven, und vereinzelte Sandstein-Tepuis durchbrechen das Bl\u00e4tterdach. Diese W\u00e4lder, die Wissenschaftlern und Natursch\u00fctzern gleicherma\u00dfen heilig sind, erreichen einen Forest Landscape Integrity Index (FLI) von 9,39 von 10 Punkten \u2013 den f\u00fcnfth\u00f6chsten Wert weltweit. 27 Prozent des Landes liegen in offiziell gesch\u00fctzten Reservaten. Allein das Naturschutzgebiet Central Suriname umfasst 16.000 Quadratkilometer \u2013 eine Fl\u00e4che, die gr\u00f6\u00dfer ist als die mehrerer europ\u00e4ischer Staaten.<\/p>\n<p>Die Wirtschaft basiert auf dem Export von Mineralien \u2013 Bauxit, Gold und Erd\u00f6l \u2013 und wird durch die Landwirtschaft erg\u00e4nzt. Der Bauxitabbau machte Suriname Mitte des 20. Jahrhunderts zu einer bedeutenden Quelle f\u00fcr Aluminiumerze, w\u00e4hrend sich die Goldkonzessionen auf Fl\u00fcsse im Landesinneren konzentrieren. Zu den landwirtschaftlichen Produkten z\u00e4hlen Reis, Bananen und Garnelen. Die wirtschaftliche Aktivit\u00e4t konzentriert sich auf Paramaribo, wo Hafenanlagen und Verarbeitungsanlagen sowohl den nationalen als auch den internationalen Handel bedienen.<\/p>\n<p>Die Verkehrsinfrastruktur spiegelt das anspruchsvolle Gel\u00e4nde des Landes wider. Das Stra\u00dfennetz umfasst insgesamt 4.303 Kilometer, davon 1.119 Kilometer asphaltiert. Die im Jahr 2000 fertiggestellte Jules-Wijdenbosch-Br\u00fccke \u00fcberspannt den Suriname-Fluss nahe Paramaribo und verbindet die Hauptstadt mit dem Bezirk Commewijne. Sie ersetzt eine F\u00e4hrverbindung und f\u00f6rdert die Entwicklung \u00f6stlich der Metropole. Es herrscht Linksverkehr, ein \u00dcberbleibsel der britischen Besatzung und der niederl\u00e4ndischen Praxis im 18. Jahrhundert. Der Fahrzeugbestand umfasst sowohl Links- als auch Rechtslenker. Die Luftfahrt st\u00fctzt sich auf 55 Flugpl\u00e4tze, von denen sechs \u00fcber asphaltierte Start- und Landebahnen verf\u00fcgen. Der internationale Flughafen Johan Adolf Pengel fertigt Langstreckenfl\u00fcge und die meisten internationalen Ank\u00fcnfte ab.<\/p>\n<p>Das st\u00e4dtische Leben konzentriert sich auf die schmale K\u00fcstenebene. Paramaribos historischer Kern, ein UNESCO-Weltkulturerbe, pr\u00e4sentiert ein Raster aus h\u00f6lzernen Kolonialbauten \u2013 neoklassizistische Fassaden mit Veranden und Fensterl\u00e4den. Hier erhebt sich die St.-Peter-und-Paul-Kathedrale, deren Bau 1883 auf den Ruinen eines ehemaligen Theaters begann, und steht in Europa ihren steinernen Pendants in nichts nach. In der N\u00e4he befinden sich eine Moschee und eine Synagoge; ihre Gemeinden haben sich bei gemeinsamen religi\u00f6sen Feiertagen gemeinsame Parkm\u00f6glichkeiten eingerichtet. Im Stadtteil Wanica tr\u00e4gt der 2001 eingeweihte Arya-Diwaker-Tempel anstelle von fig\u00fcrlichen Ikonen Inschriften vedischer Texte, die die Prinzipien der Arya Samaj widerspiegeln.<\/p>\n<p>L\u00e4ndliche und inl\u00e4ndische Attraktionen ergeben sich aus dem \u00d6kosystem des Amazonas. Der Brownsberg-Naturpark \u00fcberblickt den Brokopondo-Stausee, der durch einen der gr\u00f6\u00dften Wasserkraftwerke der Welt entstanden ist. Die am Stausee gelegene Tonka-Insel beherbergt ein \u00d6kotourismusprojekt der Saramaccaner Maroon-Gemeinden, die auch handbemalte Kalebassenschalen und dekorative Holzarbeiten f\u00fcr Besucher herstellen. Das Raleighvallen-Reservat, das sich um die Klippen und Stromschnellen des Coppename-Flusses erstreckt, bietet M\u00f6glichkeiten zur Vogelbeobachtung; die Blanche-Marie- und Wonotobo-Wasserf\u00e4lle unterbrechen weitere Flussl\u00e4ufe. Waldh\u00fctten und indianische D\u00f6rfer erm\u00f6glichen kulturellen Austausch unter Einhaltung der Naturschutzrichtlinien.<\/p>\n<p>Die Verkehrssicherheit in Suriname steht im Gegensatz zu den ruhigen K\u00fcstenst\u00e4dten. In Paramaribo ist die Kriminalit\u00e4t gestiegen, und bewaffnete Raub\u00fcberf\u00e4lle kommen immer h\u00e4ufiger vor. Das US-Au\u00dfenministerium stuft das Reiserisiko als Stufe 1 ein: \u00dcbliche Vorsichtsma\u00dfnahmen sind zu treffen.<\/p>\n<p>Die demografische Entwicklung zeigt seit der Volksz\u00e4hlung von 2012, die 541.638 Einwohner ergab, ein stetiges Wachstum. Sch\u00e4tzungen der Vereinten Nationen gehen davon aus, dass die Bev\u00f6lkerung im Jahr 2022 bei etwa 624.900 liegen wird. Die Urbanisierung entlang der K\u00fcste h\u00e4lt an; fast 90 Prozent der Einwohner leben in Paramaribo oder angrenzenden Siedlungen.<\/p>\n<p>Zu den diplomatischen Verbindungen geh\u00f6ren die Mitgliedschaft in der Karibischen Gemeinschaft (CARICOM), der Organisation f\u00fcr Islamische Zusammenarbeit, der Organisation Amerikanischer Staaten und den Vereinten Nationen. Diese Verbindungen erweitern Surinams Einflussbereich \u00fcber seine bescheidene Gr\u00f6\u00dfe hinaus und erm\u00f6glichen die Teilnahme am regionalen wirtschaftlichen und kulturellen Austausch.<\/p>\n<p>Trotz seiner geringen Bev\u00f6lkerungszahl pr\u00e4gen Surinams \u00fcppige Natur und kulturelle Vielfalt eine vielschichtige nationale Geschichte. Von Kolonialplantagen und Wanderarbeitern bis hin zu Regenwaldreservaten und moderner Infrastruktur bleibt die Republik eine Landschaft der bleibenden Kontraste. Dichte W\u00e4lder und langsam flie\u00dfende Fl\u00fcsse zeugen vom Zusammenspiel von traditionellem indianischem Leben und globalem Handel, von tropischem Klima und k\u00fcnstlich angelegten Poldern, von multiethnischer Gesellschaft und einzigartigem Staat. Suriname ist zugleich abgeschieden und verbunden, ein Hort \u00f6kologischer Integrit\u00e4t und menschlicher Komplexit\u00e4t an der Nordk\u00fcste S\u00fcdamerikas.<\/p>","protected":false},"excerpt":{"rendered":"<p>Suriname, a little nation on the northeastern coast of South America, offers a unique mix of cultures, unspoiled environment, and welcoming hospitality. For those looking for real experiences and unspoiled beauty, this hidden treasure is fast rising as a must-see.<\/p>","protected":false},"author":1,"featured_media":4488,"parent":24096,"menu_order":0,"comment_status":"closed","ping_status":"closed","template":"elementor_theme","meta":{"_eb_attr":"","footnotes":""},"class_list":["post-7304","page","type-page","status-publish","has-post-thumbnail"],"_links":{"self":[{"href":"https:\/\/travelshelper.com\/de\/wp-json\/wp\/v2\/pages\/7304","targetHints":{"allow":["GET"]}}],"collection":[{"href":"https:\/\/travelshelper.com\/de\/wp-json\/wp\/v2\/pages"}],"about":[{"href":"https:\/\/travelshelper.com\/de\/wp-json\/wp\/v2\/types\/page"}],"author":[{"embeddable":true,"href":"https:\/\/travelshelper.com\/de\/wp-json\/wp\/v2\/users\/1"}],"replies":[{"embeddable":true,"href":"https:\/\/travelshelper.com\/de\/wp-json\/wp\/v2\/comments?post=7304"}],"version-history":[{"count":0,"href":"https:\/\/travelshelper.com\/de\/wp-json\/wp\/v2\/pages\/7304\/revisions"}],"up":[{"embeddable":true,"href":"https:\/\/travelshelper.com\/de\/wp-json\/wp\/v2\/pages\/24096"}],"wp:featuredmedia":[{"embeddable":true,"href":"https:\/\/travelshelper.com\/de\/wp-json\/wp\/v2\/media\/4488"}],"wp:attachment":[{"href":"https:\/\/travelshelper.com\/de\/wp-json\/wp\/v2\/media?parent=7304"}],"curies":[{"name":"wp","href":"https:\/\/api.w.org\/{rel}","templated":true}]}}