{"id":7237,"date":"2024-08-23T20:38:18","date_gmt":"2024-08-23T20:38:18","guid":{"rendered":"https:\/\/travelshelper.com\/staging\/?page_id=7237"},"modified":"2026-03-14T00:16:06","modified_gmt":"2026-03-14T00:16:06","slug":"venezuela","status":"publish","type":"page","link":"https:\/\/travelshelper.com\/de\/destinations\/south-america\/venezuela\/","title":{"rendered":"Venezuela"},"content":{"rendered":"<p>Venezuela erstreckt sich am n\u00f6rdlichen Rand S\u00fcdamerikas und verj\u00fcngt sich wie ein offenes Segel zwischen der Karibik und der D\u00fcnung des Atlantiks. Auf einer Fl\u00e4che von 916.445 Quadratkilometern erstreckt sich das Land von windgepeitschten K\u00fcstenebenen bis hin zu den n\u00f6rdlichen Anden und schlie\u00dflich ostw\u00e4rts in das Mosaik des Hochlands von Guayana und der weiten Llanos. Hier entfaltet sich das Leben in dicht besiedelten St\u00e4dten im Norden, in abgelegenen Flussdeltagemeinden und auf den nebligen P\u00e1ramos, wo Gletscher an den H\u00e4ngen der Anden kleben.<\/p>\n<p>Die hellen Str\u00e4nde der Karibik liegen dem Land zu F\u00fc\u00dfen \u2013 Inseln wie Margarita, ges\u00e4umt von Hotels und Surfschulen, oder die Korallenatolle von Los Roques, wo sich Palmenkronen im kristallklaren Wasser spiegeln. Im Landesinneren schl\u00e4ngelt sich ein Band aus Berggipfeln von der kolumbianischen Grenze bis zum \u00f6stlichen Bundesstaat Sucre. Reisende, die den Pico Bol\u00edvar erklimmen, werden auf fast 5.000 Metern mit d\u00fcnner Luft konfrontiert, w\u00e4hrend tiefer in den T\u00e4lern die Hauptstadt Caracas liegt \u2013 eine von Felsen und Wolken umschlossene Stadt, deren Stra\u00dfen gleicherma\u00dfen von Handel und Unruhe gepr\u00e4gt sind.<\/p>\n<p>\u00d6stlich des Hochlandes flacht das Gel\u00e4nde zu Llanos ab: von saisonalen Regenf\u00e4llen bew\u00e4ssertes Grasland, wo Vieh unter einem gl\u00fchend hei\u00dfen Himmel grast. Dahinter schl\u00e4ngelt sich der Orinoco durch W\u00e4lder und transportiert Holz, \u00d6lk\u00e4hne und Traditionen mit sich. Im \u00e4u\u00dfersten S\u00fcdosten erheben sich Tepuis wie zerkl\u00fcftete Hochebenen, gekr\u00f6nt vom Salto \u00c1ngel \u2013 das Wasser st\u00fcrzt einen Kilometer in die Tiefe, bevor es seufzend in den darunterliegenden Regenwald m\u00fcndet.<\/p>\n<p>Die spanische Flagge, die 1522 erstmals auf venezolanischem Boden gehisst wurde, stie\u00df auf Widerstand in den indigenen Gemeinschaften, deren Verteidigungslinien sich von der K\u00fcste bis in den Dschungel erstreckten. Bereits 1811 sprachen kreolische F\u00fchrer offen von einer Abspaltung; ein Jahrzehnt sp\u00e4ter entstand Gro\u00dfkolumbien, das 1830 zerfiel und die Republik Venezuela zur Welt brachte. Doch die Autorit\u00e4t blieb tr\u00fcgerisch. Das 19. Jahrhundert verlief unter regionalen Caudillos, marschierenden Armeen und umgeschriebenen Verfassungen, um den jeweiligen Generalen zu passen.<\/p>\n<p>Mitte des Jahrhunderts sickerte das \u00d6l an die Oberfl\u00e4che, doch die Regierungsf\u00fchrung blieb uneinheitlich. Erst nach 1958 kam es in Venezuela zu einer Phase gew\u00e4hlter Regierungen, befl\u00fcgelt durch steigende \u00d6lpreise. Caracas wuchs zusammen mit der Hoffnung auf dauerhafte Stabilit\u00e4t, w\u00e4hrend die Landbev\u00f6lkerung dem Geldfluss gen Norden zusah. Als 1989 die Unruhen in Caracazo ausbrachen \u2013 ausgel\u00f6st durch Subventionsk\u00fcrzungen und Sparma\u00dfnahmen \u2013, brachen die S\u00e4ulen des Konsenses. Zwei bewaffnete Aufst\u00e4nde 1992 und die Amtsenthebung des Pr\u00e4sidenten 1993 vertieften die Ern\u00fcchterung.<\/p>\n<p>1999 trat unter Pr\u00e4sident Hugo Ch\u00e1vez eine neue Verfassung in Kraft. \u00d6lfinanzierte Sozialprogramme verbesserten den Zugang zu Gesundheitszentren und Schulen. Rohdaten zeigten einen R\u00fcckgang von Armut und Ungleichheit bis Anfang der 2000er Jahre. Doch als die Preise ihren H\u00f6hepunkt erreichten und dann wieder fielen, versch\u00e4rfte der Staat seinen Griff. In den 2010er Jahren zwangen Engp\u00e4sse bei Grundg\u00fctern, galoppierende Inflation und eine kollabierende W\u00e4hrung Familien dazu, f\u00fcr Brot Schlange zu stehen und Geld ins Ausland zu \u00fcberweisen. Politische Proteste 2013 und 2014 dr\u00e4ngten auf Ver\u00e4nderungen, f\u00fchrten jedoch zu einem Zerfall der Institutionen. Internationale Beobachter klagen heute \u00fcber eingeschr\u00e4nkte Freiheiten, Zensur und Korruptionsvorw\u00fcrfe in Venezuela.<\/p>\n<p>Erd\u00f6l pr\u00e4gt Venezuelas moderne Identit\u00e4t. Die Reserven unter dem Maracaibo-See und dem Orinoco-G\u00fcrtel geh\u00f6ren zu den gr\u00f6\u00dften der Welt. Einst finanzierte der staatliche \u00d6lkonzern \u00f6ffentliche Bauvorhaben und Sozialausgaben. Mit der Zeit sanken jedoch die Investitionen in Exploration und Instandhaltung, da die Einnahmen zur\u00fcckgingen, was zu einem R\u00fcckgang der Produktion f\u00fchrte. Felder, die einst Millionen von Barrel auf den Weltmarkt lieferten, k\u00e4mpfen heute mit der veralteten Infrastruktur. Versuche, die Landwirtschaft \u2013 Kaffee und Kakao \u2013 zu diversifizieren, blieben marginal. Sanktionen und der Verlust ausl\u00e4ndischer Verm\u00f6genswerte haben Dutzende Milliarden Dollar gekostet und den Mangel an Ersatzteilen und Raffineriekapazit\u00e4ten versch\u00e4rft.<\/p>\n<p>Die Stromversorgung, einst ein wichtiger Bestandteil des Wasserkraftwerks Guri, ger\u00e4t heute aufgrund von niedrigem Wasserstand und mangelnden Investitionen ins Stocken. St\u00e4ndige Stromausf\u00e4lle beeintr\u00e4chtigen das st\u00e4dtische Leben und legen Krankenh\u00e4user und Fabriken lahm. In einem Land der Fl\u00fcsse ist Strom so knapp geworden wie Diesel an der Zapfs\u00e4ule.<\/p>\n<p>Der Flugverkehr ist vom internationalen Flughafen Sim\u00f3n Bol\u00edvar bei Caracas und von La Chinita au\u00dferhalb von Maracaibo abh\u00e4ngig. Die gro\u00dfen H\u00e4fen La Guaira und Puerto Cabello schlagen Roh\u00f6l, Getreide und Konsumg\u00fcterimporte um. Stra\u00dfen \u2013 rund 100.000 Kilometer lang \u2013 verlaufen von Osten nach Westen und S\u00fcden, ein Drittel davon ist jedoch unbefestigt. Eisenbahnen versprachen einst, St\u00e4dte miteinander zu verbinden, sind aber aufgrund von Schulden und Versp\u00e4tungen ins Stocken geraten. U-Bahn-Linien in Caracas, Maracaibo und Valencia bieten Entlastung von verstopften Stra\u00dfen, doch jenseits der n\u00f6rdlichen Hauptst\u00e4dte sind die l\u00e4ndlichen Gebiete auf Flussschiffe auf dem Orinoco oder unbefestigte Pisten angewiesen, die bei Regen verschwinden.<\/p>\n<p>Rund 93 Prozent der Venezolaner leben in st\u00e4dtischen Gebieten, viele davon weniger als 100 Kilometer von der K\u00fcste entfernt. Caracas w\u00e4chst auf \u00fcber f\u00fcnf Millionen Einwohner an, eine Flut von Menschen ergie\u00dft sich sowohl in die Cerros (H\u00fcgel) als auch in die geschlossenen Wohnanlagen. Andernorts konzentrieren sich Barquisimeto, Valencia und Maracay in Industriegebieten; M\u00e9rida liegt hoch oben, seine Seilbahn f\u00fchrt hinauf in eisige H\u00f6hen und zu kleinen Hotels aus pastellfarbenem Stein. S\u00fcdlich des Orinoco erhebt sich an einem Zusammenfluss Ciudad Guayana \u2013 ein Echo sowjetischer Planst\u00e4dte, die nun auf Stahl-, Aluminium- und Hafenlogistik umfunktioniert wurden.<\/p>\n<p>Seit 1999 haben sch\u00e4tzungsweise sechs Millionen Menschen Venezuela verlassen und sich in der Diaspora durch Lateinamerika und dar\u00fcber hinaus bewegt. Diejenigen, die geblieben sind, bilden erweiterte Familien und teilen sich Lasten und knappe Ressourcen.<\/p>\n<p>Venezuelas Geist erwacht bei Mittagsfesten und in ruhigen Momenten unter Kokospalmen zum Leben. Indigene St\u00e4mme \u2013 Wayuu, Pemon, Warao \u2013 sprechen Sprachen, die \u00e4lter sind als die Republik. Afro-venezolanische Rhythmen erklingen in Trommelformen wie dem Tambor; spanische Kolonialarchitektur pr\u00e4gt Stadtpl\u00e4tze mit Steinbrunnen und Stuckkirchen. Im 19. Jahrhundert brachten europ\u00e4ische Einwanderer aus Italien, Portugal und Frankreich eine Vielzahl von Dialekten und K\u00fcchen mit. Heute werden auf den Stra\u00dfen mit K\u00e4se gef\u00fcllte Arepas, frittierte Kochbananen und w\u00fcrzige Eint\u00f6pfe verkauft \u2013 jeder Teller ein Zeugnis vielschichtiger Geschichte.<\/p>\n<p>An Feiertagen ziehen religi\u00f6se Prozessionen durch staubige Gassen. In Zulia paddeln Einheimische zu heiligen Inseln im Maracaibo-See und beten f\u00fcr die in St\u00fcrmen umgekommenen Fischer. In der Sierra Nevada schreiten Lamas durch die Luft, ihre Herden werden von Campesinos bewacht, die sich vor dem Frost sch\u00fctzen.<\/p>\n<p>Das Hochland von Guayana erstreckt sich jenseits der Reichweite der meisten Reisenden. Tepuis \u2013 Tafelberge \u2013 erheben sich wie herabgest\u00fcrzte Felsbl\u00f6cke. Der Salto \u00c1ngel ergie\u00dft sich vom Rand des Auyan-Tepui, seine Gischtwolke ist nur von ausgew\u00e4hlten Aussichtspunkten aus sichtbar. Flussabw\u00e4rts durchschneiden Mangrovenkan\u00e4le und bandartige Inseln das Orinoco-Delta in ein lebendiges Netz aus Wasser und Schlamm. Jaguare, Kaimane und rosa Flussdelfine schl\u00fcpfen unter dem Monsunhimmel durch das dichte Laub.<\/p>\n<p>Naturschutzgebiete \u2013 darunter der Canaima-Nationalpark \u2013 bedecken fast ein Drittel der Landesfl\u00e4che. Doch Budgetk\u00fcrzungen und illegaler Bergbau gef\u00e4hrden die Tierwelt und die Wasserqualit\u00e4t. In den Llanos dringen Rinderfarmen in Feuchtgebiete vor, w\u00e4hrend die Ausbreitung der St\u00e4dte die W\u00e4lder im Hochland erodieren l\u00e4sst.<\/p>\n<p>Einst lockten Top-Reiseziele wie Margarita und Morrocoy Sonnenanbeter aus der gesamten Karibik an. Heute finden Reisende gr\u00fcnere Wege in den verborgenen T\u00e4lern der Anden, auf Flussfahrten durch Mangroven oder bei Privatunterk\u00fcnften bei Fischern in Los Roques. Die Seilbahn von M\u00e9rida ist nach wie vor eine Attraktion und bringt G\u00e4ste zu Picknickpl\u00e4tzen auf \u00fcber 4.000 Metern H\u00f6he. \u00d6ko-Lodges entlang des Orinoco bieten Solarstrom und Flussf\u00fchrerdienste und erm\u00f6glichen in der Abendd\u00e4mmerung Einblicke in abgelegene St\u00e4mme und das \u00f6lschwarze Wasser.<\/p>\n<p>Lokale Unternehmer experimentieren mit Craft-Bieren aus Kakaoschalen und bieten Kunstspazierg\u00e4nge durch revitalisierte Kolonialviertel an. Trotz anhaltender wirtschaftlicher Schwierigkeiten zeugen diese kleinen Unternehmen von Widerstandsf\u00e4higkeit.<\/p>\n<p>Venezuela steht am Scheideweg. Seine enormen Ressourcen \u2013 Regen, Fl\u00fcsse, \u00d6l \u2013 k\u00f6nnten den Wiederaufbau finanzieren. Die Bev\u00f6lkerung hat in Jahrzehnten des Umbruchs Anpassungsf\u00e4higkeit bewiesen. Doch politische Blockaden und institutioneller Verfall bremsen den Fortschritt. Da Familien Geld aus dem Ausland \u00fcberweisen und humanit\u00e4re Helfer die Versorgungsl\u00fccken bei Medikamenten und Nahrungsmitteln schlie\u00dfen, h\u00e4ngt die Zukunft der Republik von der Wiederherstellung der Infrastruktur und des Vertrauens ab.<\/p>","protected":false},"excerpt":{"rendered":"<p>Venezuela, located in the northern part of South America, showcases a blend of natural beauty and human resilience. Bound by Colombia, Guyana, and Brazil, this country has a strategic location along important marine and aerial paths connecting North and South America. Aruba, Bonaire, Cura\u00e7ao, Trinidad and Tobago&#8217;s Caribbean islands add to the geographic diversity of the area.<\/p>","protected":false},"author":1,"featured_media":4583,"parent":24096,"menu_order":0,"comment_status":"closed","ping_status":"closed","template":"elementor_theme","meta":{"_eb_attr":"","footnotes":""},"class_list":["post-7237","page","type-page","status-publish","has-post-thumbnail"],"_links":{"self":[{"href":"https:\/\/travelshelper.com\/de\/wp-json\/wp\/v2\/pages\/7237","targetHints":{"allow":["GET"]}}],"collection":[{"href":"https:\/\/travelshelper.com\/de\/wp-json\/wp\/v2\/pages"}],"about":[{"href":"https:\/\/travelshelper.com\/de\/wp-json\/wp\/v2\/types\/page"}],"author":[{"embeddable":true,"href":"https:\/\/travelshelper.com\/de\/wp-json\/wp\/v2\/users\/1"}],"replies":[{"embeddable":true,"href":"https:\/\/travelshelper.com\/de\/wp-json\/wp\/v2\/comments?post=7237"}],"version-history":[{"count":0,"href":"https:\/\/travelshelper.com\/de\/wp-json\/wp\/v2\/pages\/7237\/revisions"}],"up":[{"embeddable":true,"href":"https:\/\/travelshelper.com\/de\/wp-json\/wp\/v2\/pages\/24096"}],"wp:featuredmedia":[{"embeddable":true,"href":"https:\/\/travelshelper.com\/de\/wp-json\/wp\/v2\/media\/4583"}],"wp:attachment":[{"href":"https:\/\/travelshelper.com\/de\/wp-json\/wp\/v2\/media?parent=7237"}],"curies":[{"name":"wp","href":"https:\/\/api.w.org\/{rel}","templated":true}]}}