{"id":7225,"date":"2024-08-23T20:00:24","date_gmt":"2024-08-23T20:00:24","guid":{"rendered":"https:\/\/travelshelper.com\/staging\/?page_id=7225"},"modified":"2026-03-14T00:29:25","modified_gmt":"2026-03-14T00:29:25","slug":"cusco","status":"publish","type":"page","link":"https:\/\/travelshelper.com\/de\/destinations\/south-america\/peru\/cusco\/","title":{"rendered":"Cusco"},"content":{"rendered":"<p>Cusco liegt in einem engen Andental. Seine aus Stein gehauenen Stra\u00dfen und die von Mauern ges\u00e4umten Stra\u00dfen zeugen vom doppelten Erbe der Stadt. Auf rund 3.400 Metern \u00fcber dem Meeresspiegel, an der Biegung des Huatanay-Flusses, treffen zwei Welten \u2013 die der Inka und die der Kolonialzeit \u2013 aufeinander. Im modernen Peru ist Cusco die Hauptstadt seiner Provinz und seines Departamentos. Die Einwohnerzahl erreichte 2017 \u00fcber 428.000. Die vielschichtige Vergangenheit und Gegenwart der Stadt offenbart sich auf jedem Platz, jedem Tempel und jedem Markt.<\/p>\n<p>Cusco erstreckt sich entlang des Huatanay- (oder Watanay-)Flusstals. N\u00f6rdlich erhebt sich das Vilcabamba-Gebirge mit Gipfeln zwischen 4.000 und 6.000 Metern; der 6.271 Meter hohe Salcantay liegt etwa 60 Kilometer nordwestlich. Das Klima der Region wird als subtropisches Hochlandklima (K\u00f6ppen Cwb) bezeichnet. Zwischen April und September ist der Himmel tags\u00fcber klar, die Temperaturen liegen im Juli bei etwa 10 \u00b0C, nachts kann es Frost geben. Von Oktober bis M\u00e4rz durchn\u00e4ssen Regenf\u00e4lle die terrassierten H\u00fcgel und sp\u00fclen enge Gassen hinunter; die Durchschnittstemperatur im November betr\u00e4gt 13,3 \u00b0C. Trotz h\u00e4ufigem Hagel und gelegentlichem Frost gab es zuletzt im Juni 1911 Schneefall. Die Tagestemperaturen schwanken zwischen 0,2 \u00b0C und 20,9 \u00b0C, wobei die Extremwerte zwischen -8,9 \u00b0C und 30 \u00b0C liegen. Die Sonnenintensit\u00e4t erreicht im Juli ihren H\u00f6hepunkt, analog zum Januar auf der Nordhalbkugel, w\u00e4hrend der Februar die wenigsten Sonnenstunden aufweist.<\/p>\n<p>Lange vor der Ankunft spanischer Soldaten war Cusco das Herz des Inkareichs. Das urspr\u00fcngliche Stadtraster folgte dem Gel\u00e4nde; die Stra\u00dfen schl\u00e4ngelten sich steile H\u00e4nge hinauf und \u00fcber B\u00e4che. Die fr\u00fchen Bewohner bauten auf Bergterrassen eine Vielzahl von Kartoffelsorten an \u2013 rund 3.000 Sorten. Inka-Architekten errichteten Tempel aus fein behauenem Stein, darunter Qurikancha, den Sonnentempel, und bauten st\u00e4dtische Befestigungsanlagen rund um Sacsayhuam\u00e1n. Um 1100 n. Chr. hatte die Killke-Kultur bereits die ersten Festungsmauern angelegt und Aqu\u00e4dukte zur Kanalisierung des Bergwassers gegraben.<\/p>\n<p>Francisco Pizarros Truppen trafen 1535 ein. Sie rissen Palastmauern ab, verwendeten Steine \u200b\u200bzu Kirchen und gr\u00fcndeten die spanische Stadt auf Inka-Fundamenten. Wo einst Tempel emporragten, steht heute die Kathedrale von Santo Domingo. Trotz mehrerer Erdbeben \u00fcberdauerte das Inka-Mauerwerk die Kolonialfundamente \u2013 ein stiller Beweis f\u00fcr die Pr\u00e4zision der Ingenieurskunst.<\/p>\n<p>Der urbane Grundriss von Cusco spiegelt zwei Systeme in Spannung und Harmonie wider. Pr\u00e4kolumbische Baumeister respektierten die \u201egeografische Matrix\u201c, indem sie Stra\u00dfen an Bergr\u00fccken ausrichteten, H\u00fcgelkonturen widerspiegelten und Wasser durch gepflasterte Kan\u00e4le leiteten. Die Spanier legten ein Raster \u00fcber dieses Muster und formten Pl\u00e4tze \u2013 vor allem die Plaza de Armas \u2013 im Herzen der Stadt. Kolonialfassaden verdecken in vielen Geb\u00e4uden das tiefer gelegene Inka-Mauerwerk; eine vielschichtige Arch\u00e4ologie f\u00fcr den genauen Betrachter.<\/p>\n<p>1972 erkl\u00e4rte die peruanische Regierung das historische Zentrum zum Kulturerbe der Nation. Elf Jahre sp\u00e4ter wurde es von der UNESCO zum Weltkulturerbe erkl\u00e4rt. Die Beh\u00f6rden schufen eine Kernzone mit erhaltenen Geb\u00e4uden, umgeben von einer Pufferzone, die sich bis in die umliegenden H\u00fcgel erstreckt.<\/p>\n<p>Cuscos Wirtschaft hat sich im Laufe der Jahrhunderte gewandelt \u2013 vom imperialen Reservat zum kolonialen Au\u00dfenposten, vom landwirtschaftlichen Zentrum zum globalen Reiseziel. Auf den umliegenden Feldern bauen Bauern Mais und einheimische Knollenfr\u00fcchte an, w\u00e4hrend Handwerker Bier, Schokolade und ger\u00f6steten Kaffee herstellen. Die Rohstoffindustrie ist am Rande der Stadt angesiedelt, die Besch\u00e4ftigungsentwicklung h\u00e4ngt jedoch vom Tourismus ab. Seit Anfang der 2000er Jahre stieg die Besucherzahl auf \u00fcber 1,2 Millionen pro Jahr; bis 2019 besuchten \u00fcber 2,7 Millionen Touristen die Region. Die Ausgaben der Touristen stiegen von rund 837 Millionen US-Dollar im Jahr 2002 auf 2,47 Milliarden US-Dollar im Jahr 2009. In Cusco herrscht heute nahezu Vollbesch\u00e4ftigung.<\/p>\n<p>Um den steigenden Ank\u00fcnften gerecht zu werden, genehmigten die Beh\u00f6rden den Bau des internationalen Flughafens Chinchero. Auf \u00fcber 3.700 Metern H\u00f6he in H\u00fcgeln nordwestlich der Stadt gelegen, soll er Cusco unter Umgehung Limas direkt mit Nordamerika und Europa verbinden. Er wird den internationalen Flughafen Alejandro Velasco Astete ersetzen, der nach dem Piloten benannt ist, der 1925 den ersten Flug Lima\u2013Cusco absolvierte. Bis zur Er\u00f6ffnung von Chinchero bedient Astete f\u00fcnf nationale und drei internationale Ziele.<\/p>\n<p>Die K\u00fcche von Cusco vereinen andine, koloniale und moderne Einfl\u00fcsse. Stra\u00dfenh\u00e4ndler verkaufen Choclo con Queso \u2013 dickk\u00f6rnigen Mais mit Frischk\u00e4se \u2013 neben St\u00e4nden, die Cuy al Horno anbieten, \u00fcber Holzkohle gebratenes Meerschweinchen. Picanter\u00edas servieren herzhafte Suppen und gebratenes Fleisch: Caldo de Panza (Kuttelsuppe), Costillar Frito (gebratene Rippchen), Malaya Frita (Flanksteak). Andere Gerichte tragen spanische Namen \u2013 Chuleta Frita, Churrasco al Jugo \u2013 sind jedoch mit lokalen Zutaten zubereitet. Die H\u00fclsenfrucht Tarwi, ger\u00f6stet oder in Salate wie Solterito de Kuchicara gemischt, bietet pflanzliches Eiwei\u00df. Sautiertes Schweinefleisch wird als Chicharr\u00f3n serviert, w\u00e4hrend Herzen als Coraz\u00f3n a la Brasa \u00fcber Holzkohle gegrillt werden. Fusion-Restaurants kombinieren andine Grundnahrungsmittel mit internationalen Techniken, behalten aber eine Grundlage aus einheimischen Knollen und Wildkr\u00e4utern bei.<\/p>\n<p>Cusco ist ein Tor zum Inka-Erbe. Machu Picchu, 80 Kilometer n\u00f6rdlich, ist das Ziel der meisten Routen. Wanderer folgen dem Inka-Pfad und \u00fcberqueren hohe P\u00e4sse, bevor sie im Morgengrauen die Zitadelle erreichen. Wer einen sanfteren Aufstieg bevorzugt, kann mit Z\u00fcgen durch Flussschluchten wandern.<\/p>\n<p>Innerhalb der Stadtgrenzen thront Sacsayhuam\u00e1n auf einem Bergr\u00fccken oberhalb des n\u00f6rdlichen Randes. Riesige Steine, jeder bis zu 100 Tonnen schwer, sind ohne M\u00f6rtel ineinander verschachtelt. Von den Terrassen aus k\u00f6nnen Besucher beobachten, wie die Wolken ins Tal str\u00f6men. In der N\u00e4he verbinden das Killke-Aqu\u00e4dukt und die Stra\u00dfe pr\u00e4historische Tempel mit der Festung.<\/p>\n<p>Jenseits des Vertrauten liegen Ruinen verstreut im Watanay-Tal. Tip\u00f3n besticht durch flie\u00dfende Wasserkan\u00e4le auf weiten Terrassen. In \u00d1usta Hisp&#039;ana erheben sich bearbeitete Steine \u200b\u200bwie ein Skulpturengarten. Incahuasi gilt mit fast 4.000 Metern als h\u00f6chstgelegene Inka-St\u00e4tte. Moray erstreckt sich \u00fcber konzentrische Plattformen \u2013 ein landwirtschaftliches Experiment mit Mikroklimata. Vilcabamba, die letzte Zuflucht der Inka-Herrscher, liegt versteckt in bewaldeten H\u00e4ngen. Vitcos und Patallaqta liegen unter moosbedeckten Palmen, deren Mauern halb von Weinreben bedeckt sind.<\/p>\n<p>Cusco ist \u00fcber die Hauptstrecke der Southern Railway mit Juliaca und Arequipa verbunden und endet am Bahnhof Wanchaq. Vom Bahnhof San Pedro f\u00fchrt die Strecke s\u00fcd\u00f6stlich nach Santa Ana und Quillabamba, der historischen Route nach Machu Picchu. PeruRail betreibt die Z\u00fcge und bietet Panoramafenster und Speisewagen.<\/p>\n<p>Stra\u00dfen erstrecken sich f\u00e4cherartig von der Stadt aus. Autobahnen verbinden Cusco mit Abancay, der schnellsten Verbindung nach Lima in etwa 20 Stunden, und mit Puno am Ufer des Titicacasees. St\u00fcndlich fahren Busse nach Puerto Maldonado, Arequipa und Juliaca und schl\u00e4ngeln sich \u00fcber Bergp\u00e4sse und Hochebenen.<\/p>\n<p>Cusco bleibt eine Stadt der Steine \u200b\u200bund Erinnerungen, in der jeder Winkel eine Geschichte von Arbeit, Eroberung und Erneuerung erz\u00e4hlt. Ihre Wirtschaft basiert auf B\u00f6den und Steinen, auf Knollen und Touristen, auf Architektur, die sich biegt und doch Bestand hat. Hier sch\u00e4rft die H\u00f6he die Sinne: die K\u00fchle der Morgenluft, das grelle Licht der Sonne auf blassen Felsen, der ferne Schrei eines Falken \u00fcber Terrassen, die sich wie Meereswellen kr\u00e4useln. Einst diente die Stadt einem Imperium; heute steht sie am Schnittpunkt von Vergangenheit und Gegenwart, von Berg und Himmel. Auf ihren Pl\u00e4tzen und in ihren Ruinen erhaschen Besucher einen Blick auf Best\u00e4ndigkeit und Wandel an einem Ort, der an den Grenzen von Atem und Zeit lebt.<\/p>","protected":false},"excerpt":{"rendered":"<p>Cusco, the historic capital of the Inca Empire, exemplifies Peru&#8217;s profound history and cultural legacy. Nestled high in the Andes Mountains, this city presents tourists with a special fusion of pre-Columbian and colonial Spanish influences. While its lively markets and local cuisine give a sense of modern Peruvian life, its cobblestone walkways, great plazas, and well-preserved architecture carry visitors back in time.<\/p>","protected":false},"author":1,"featured_media":3211,"parent":7175,"menu_order":0,"comment_status":"closed","ping_status":"closed","template":"elementor_theme","meta":{"_eb_attr":"","footnotes":""},"class_list":["post-7225","page","type-page","status-publish","has-post-thumbnail"],"_links":{"self":[{"href":"https:\/\/travelshelper.com\/de\/wp-json\/wp\/v2\/pages\/7225","targetHints":{"allow":["GET"]}}],"collection":[{"href":"https:\/\/travelshelper.com\/de\/wp-json\/wp\/v2\/pages"}],"about":[{"href":"https:\/\/travelshelper.com\/de\/wp-json\/wp\/v2\/types\/page"}],"author":[{"embeddable":true,"href":"https:\/\/travelshelper.com\/de\/wp-json\/wp\/v2\/users\/1"}],"replies":[{"embeddable":true,"href":"https:\/\/travelshelper.com\/de\/wp-json\/wp\/v2\/comments?post=7225"}],"version-history":[{"count":0,"href":"https:\/\/travelshelper.com\/de\/wp-json\/wp\/v2\/pages\/7225\/revisions"}],"up":[{"embeddable":true,"href":"https:\/\/travelshelper.com\/de\/wp-json\/wp\/v2\/pages\/7175"}],"wp:featuredmedia":[{"embeddable":true,"href":"https:\/\/travelshelper.com\/de\/wp-json\/wp\/v2\/media\/3211"}],"wp:attachment":[{"href":"https:\/\/travelshelper.com\/de\/wp-json\/wp\/v2\/media?parent=7225"}],"curies":[{"name":"wp","href":"https:\/\/api.w.org\/{rel}","templated":true}]}}