{"id":7175,"date":"2024-08-22T21:13:46","date_gmt":"2024-08-22T21:13:46","guid":{"rendered":"https:\/\/travelshelper.com\/staging\/?page_id=7175"},"modified":"2026-03-14T00:29:05","modified_gmt":"2026-03-14T00:29:05","slug":"peru","status":"publish","type":"page","link":"https:\/\/travelshelper.com\/de\/destinations\/south-america\/peru\/","title":{"rendered":"Peru"},"content":{"rendered":"<p>Peru erstreckt sich \u00fcber einen schmalen Streifen im Westen S\u00fcdamerikas, wo der Pazifik auf die hohen Andengipfel und das riesige Amazonasbecken trifft. Mit einer Fl\u00e4che von 1.285.216 Quadratkilometern ist Peru das neunzehntgr\u00f6\u00dfte Land der Welt und das drittgr\u00f6\u00dfte des Kontinents. Im Norden grenzt Peru an Ecuador und Kolumbien, im Osten an Brasilien, im S\u00fcdosten an Bolivien, im S\u00fcden an Chile und im Westen an den Pazifik. Lima, die Hauptstadt und wichtigste Hafenstadt, beherbergt fast ein Drittel der \u00fcber 32 Millionen Einwohner z\u00e4hlenden Landesbev\u00f6lkerung.<\/p>\n<p>Ein bemerkenswertes Merkmal Perus ist seine \u00f6kologische Vielfalt. Entlang der trockenen K\u00fcstenlinie erstrecken sich schmale, von Flusst\u00e4lern durchzogene K\u00fcstenebenen von der Grenze zu Chile bis zu der zu Ecuador. Dahinter erhebt sich abrupt die Andenkordillere: Gipfel wie der Huascar\u00e1n (6.768 Meter) pr\u00e4gen ein breites Spektrum an Klimazonen und Lebensr\u00e4umen. Jenseits des Hochlandes, wo die Altiplano-Hochebene Seen wie den Titicacasee beherbergt, f\u00e4llt das Gel\u00e4nde in das Amazonasbecken ab, eine bewaldete Fl\u00e4che, die fast sechzig Prozent des Landes bedeckt und das Flusssystem speist, dessen Hauptschlagader \u2013 der Amazonas \u2013 innerhalb der peruanischen Grenzen entspringt.<\/p>\n<p>Perus Wasserwege teilen sich in drei Hauptbecken. Die Fl\u00fcsse, die nach Westen zum Pazifik flie\u00dfen, sind meist steil und saisonal; die Fl\u00fcsse, die nach Osten in den Amazonas flie\u00dfen, nehmen an Volumen und L\u00e4nge zu und bilden sanfte Kan\u00e4le, sobald sie aus den Bergen kommen; eine kleinere Gruppe von Fl\u00fcssen m\u00fcndet in den Titicacasee. Zu den l\u00e4ngsten geh\u00f6ren der Ucayali, der Mara\u00f1\u00f3n und der Huallaga. Diese Fl\u00fcsse versorgen das Land zusammen mit fast f\u00fcnfzig kleinen K\u00fcstenbecken mit etwa vier Prozent des weltweiten S\u00fc\u00dfwasserbedarfs.<\/p>\n<p>Das Klima des Landes spiegelt die abwechslungsreiche Topografie wider. Die K\u00fcstengebiete zeichnen sich durch milde Temperaturen, geringe Niederschl\u00e4ge und hohe Luftfeuchtigkeit aus. Im Hochland regnet es im Sommer h\u00e4ufig, w\u00e4hrend die Temperaturen mit zunehmender H\u00f6he sinken, bis auf den h\u00f6chsten Gipfeln dauerhaft Schnee liegt. Das Amazonasgebiet ist von starken tropischen Regenf\u00e4llen und konstant warmen Temperaturen gepr\u00e4gt, w\u00e4hrend die s\u00fcdlichen Regionen k\u00fchlere Winter und eine ausgepr\u00e4gte Trockenzeit aufweisen. Meeresstr\u00f6mungen \u2013 der kalte Humboldt- und der warme El Ni\u00f1o-Regen \u2013 ver\u00e4ndern die lokalen Wettermuster zus\u00e4tzlich und erzeugen Mikroklimata entlang der K\u00fcste.<\/p>\n<p>Perus Menschheitsgeschichte erstreckt sich \u00fcber mehr als zw\u00f6lf Jahrtausende. Die Caral-Supe-Kultur, die bereits im zehnten Jahrtausend v. Chr. florierte, stellt eines der fr\u00fchesten Zentren organisierter Besiedlung Amerikas dar. Nachfolgende Gesellschaften \u2013 wie die Nazca, Wari und Tiwanaku \u2013 entwickelten im Laufe der Jahrtausende eigenst\u00e4ndige K\u00fcnste und Gesellschaftssysteme. Im 15. Jahrhundert entstand aus dem K\u00f6nigreich Cusco das Inkareich, das sich auf seinem H\u00f6hepunkt vom heutigen Ecuador bis nach Zentralchile erstreckte und das gr\u00f6\u00dfte Staatswesen im pr\u00e4kolumbischen Amerika darstellte.<\/p>\n<p>Spanische Truppen trafen im fr\u00fchen 16. Jahrhundert ein. Nach den von Francisco Pizarro angef\u00fchrten Feldz\u00fcgen errichteten die Spanier die Kolonialherrschaft und gr\u00fcndeten 1542 das Vizek\u00f6nigreich Peru mit Lima als Hauptstadt. Diese Stadt entwickelte sich bald zu einem Zentrum der Verwaltung, des Handels und der Hochschulbildung; die 1551 gegr\u00fcndete Nationale Universit\u00e4t von San Marcos gilt als die \u00e4lteste offiziell anerkannte Universit\u00e4t Amerikas.<\/p>\n<p>Nach fast drei Jahrhunderten Kolonialherrschaft erkl\u00e4rte Peru am 28. Juli 1821 seine Unabh\u00e4ngigkeit. Die milit\u00e4rischen Bem\u00fchungen von Pers\u00f6nlichkeiten wie Jos\u00e9 de San Mart\u00edn, Sim\u00f3n Bol\u00edvar und Bernardo O&#039;Higgins gipfelten in der Schlacht von Ayacucho am 9. Dezember 1824 und besiegelten die Befreiung von Spanien. Das darauffolgende 19. Jahrhundert war gepr\u00e4gt von politischen Turbulenzen und wirtschaftlichen Aufschw\u00fcngen \u2013 insbesondere dem Guanohandel, der die Infrastruktur finanzierte, aber auch den Keim diplomatischer Konflikte legte, die im Salpeterkrieg (1879\u20131884) m\u00fcndeten.<\/p>\n<p>Das 20. Jahrhundert brachte weitere Schwankungen mit sich. Interne Unruhen \u2013 gepr\u00e4gt von Konfrontationen zwischen staatlichen Kr\u00e4ften und bewaffneten Aufst\u00e4nden \u2013 wechselten sich mit Wachstumsphasen ab. In den 1990er Jahren erm\u00f6glichte ein Plan Verde, ein Plan zur inneren Sicherheit, den Aufstieg Alberto Fujimoris. Seine Regierung, beeinflusst von neoliberalen politischen Rahmenbedingungen, trieb die wirtschaftliche Liberalisierung voran und regierte mit au\u00dfergew\u00f6hnlichen Ma\u00dfnahmen an der Seite seines Beraters Vladimiro Montesinos. Das sogenannte Jahrzehnt der Expansion in den 2000er Jahren f\u00fchrte zu einer deutlichen Armutsreduzierung; doch in den 2010er Jahren traten strukturelle Schw\u00e4chen zutage. Die politischen Auseinandersetzungen erreichten w\u00e4hrend der COVID-19-Krise einen H\u00f6hepunkt und k\u00fcndigten weit verbreitete soziale Unruhen ab 2022 an.<\/p>\n<p>Peru ist heute eine repr\u00e4sentative demokratische Republik. Das Staatsgebiet ist in 25 Regionen unterteilt: 24 Departements sowie die konstitutionelle Provinz Callao und die unabh\u00e4ngige Provinz Lima. Regionale Regierungen, angef\u00fchrt von gew\u00e4hlten Gouverneuren und R\u00e4ten, die jeweils vier Jahre im Amt sind und nicht sofort wiedergew\u00e4hlt werden k\u00f6nnen, \u00fcberwachen Haushalte, \u00f6ffentliche Investitionen und Entwicklungsinitiativen. Provinzverwaltungen \u2013 wie die von Lima \u2013 bestehen aus Gemeinder\u00e4ten unter der Leitung von B\u00fcrgermeistern. Metropolregionen, insbesondere die ausgedehnte Stadt Lima, die siebtgr\u00f6\u00dfte Metropole Amerikas, \u00fcberlappen sich mit mehreren Distrikten.<\/p>\n<p>Die Wirtschaftst\u00e4tigkeit basiert auf Bergbau, verarbeitendem Gewerbe, Landwirtschaft und Fischerei, w\u00e4hrend Telekommunikation und Biotechnologie zu den aufstrebenden Sektoren z\u00e4hlen. Unter dem Banner der Pacific Pumas \u2013 einem Zusammenschluss von Volkswirtschaften an der Pazifikk\u00fcste \u2013 verzeichnet Peru anhaltende makro\u00f6konomische Stabilit\u00e4t und Offenheit f\u00fcr den internationalen Handel. Es ist Mitglied in Foren wie der Asiatisch-Pazifischen Wirtschaftsgemeinschaft, der Pazifischen Allianz und dem Umfassenden und Fortschrittlichen Abkommen f\u00fcr eine Transpazifische Partnerschaft (TPP). Peru belegt Platz 48 nach Kaufkraftparit\u00e4t, geh\u00f6rt der oberen mittleren Einkommensklasse an und hat einen HDI von etwa 0,767 im Jahr 2024. Es hat extreme Armut reduziert, k\u00e4mpft aber mit Ungleichheit. Die Inflation erreichte 2023 8,6 Prozent, und die Arbeitslosigkeit liegt bei etwa vier Prozent.<\/p>\n<p>Die Verkehrsinfrastruktur umfasst ein Stra\u00dfennetz von etwa 175.589 Kilometern, von denen rund 29.000 Kilometer asphaltiert sind. Wichtige Verkehrsadern \u2013 die Panamericana und die Interozeanischen Autobahnen \u2013 verbinden die K\u00fcste mit dem Landesinneren und den Nachbarl\u00e4ndern. Das Eisenbahnnetz ist mit insgesamt weniger als 2.000 Kilometern nach wie vor begrenzt. Der internationale Reiseverkehr st\u00fctzt sich auf die Flugh\u00e4fen in Lima, Cusco und Arequipa. Der internationale Flughafen Jorge Ch\u00e1vez baut seine Start- und Landebahn, sein Terminal und seine Nebeneinrichtungen zu einer \u201eFlughafenstadt\u201c aus, die bis Ende 2024 j\u00e4hrlich 40 Millionen Passagiere abfertigen kann. Im Hochland wird der neue internationale Flughafen Chinchero den Flughafen Velasco Astete in Cusco ersetzen und direkte internationale Verbindungen ohne Umweg \u00fcber Lima bieten.<\/p>\n<p>Der Seehandel konzentriert sich auf H\u00e4fen wie Callao. Der Chancay Port Terminal \u2013 ein chinesisch-peruanisches Gemeinschaftsprojekt, das voraussichtlich das gr\u00f6\u00dfte Lateinamerikas werden soll \u2013 wird derzeit ausgebaut. Binnenwasserstra\u00dfen, darunter der Amazonas und die Seerouten auf dem Titicacasee, erg\u00e4nzen den Massengut- und Passagiertransport.<\/p>\n<p>Der Tourismus ist nach Fischerei und Bergbau der drittgr\u00f6\u00dfte Wirtschaftszweig des Landes. Die Besucher zeigen sich sehr zufrieden; Studien berichten von Quoten von \u00fcber 90 Prozent. Die j\u00e4hrlichen Besucherzahlen sind in den letzten Jahren um rund 25 Prozent gestiegen, tragen etwa sieben Prozent zum BIP bei und schaffen fast eine halbe Million direkte Arbeitspl\u00e4tze. Die Kommission zur F\u00f6rderung Perus f\u00fcr Export und Tourismus \u00fcberwacht die Politik, w\u00e4hrend die Initiative Marca Per\u00fa nationale Produkte \u00fcber Exporte, Tourismus und Investitionen vermarktet.<\/p>\n<p>Touristenrouten unterteilen sich im Wesentlichen in die S\u00fcdroute \u2013 die Lima, Ica, Nazca, Arequipa, Puno, Cusco und das Heilige Tal mit seinem H\u00f6hepunkt in Machu Picchu verbindet \u2013 und die Callej\u00f3n de Huaylas in \u00c1ncash, ber\u00fchmt f\u00fcr ihre H\u00f6henlandwirtschaft und die aufstrebende Bergk\u00fcche. Weitere Ausfl\u00fcge f\u00fchren in die T\u00e4ler Mantaro und Tarma, nach Trujillo mit seiner Lehmziegel-Zitadelle Chan Chan, in den Kurort Huanchaco und zu Dschungeltoren wie Iquitos und Puerto Maldonado. Peru beherbergt vierzehn UNESCO-Welterbest\u00e4tten und elf Nationalparks, die jeweils Facetten der Artenvielfalt und des kulturellen Erbes bewahren.<\/p>\n<p>Demografisch gesehen z\u00e4hlte Peru Prognosen zufolge im Jahr 2022 rund 33,4 Millionen Einwohner, was einer Bev\u00f6lkerungsdichte von etwa 26 Personen pro Quadratkilometer entspricht. Fast 60 Prozent der Bev\u00f6lkerung leben an der K\u00fcste, 27 Prozent in den Bergregionen und 14 Prozent im Dschungel. Die Urbanisierung hat stetig zugenommen; im Jahr 2020 lebten 80 Prozent in St\u00e4dten. Die Wachstumsraten gingen von 2,6 Prozent im Jahr 1950 auf heute etwa 1,1 Prozent zur\u00fcck, sodass bis Mitte des Jahrhunderts eine Bev\u00f6lkerung von fast 42 Millionen prognostiziert wird. Die ethnische Zusammensetzung spiegelt den jahrhundertelangen Austausch zwischen indianischen, europ\u00e4ischen, afrikanischen und asiatischen St\u00e4mmen wider. Spanisch ist die vorherrschende Sprache, obwohl Quechua, Aymara und andere indigene Sprachen in vielen Gemeinden weiterhin wichtig sind.<\/p>\n<p>Peruanische Kultur sch\u00f6pft aus jahrtausendealtem Handwerk und Kunst. Pr\u00e4inkaische Keramik, Textilien und Metallurgie setzten technische Standards, die die Inka in monumentaler Architektur, insbesondere den Terrassen und Mauerwerken von Machu Picchu, verfeinerten. Die Kolonialherrschaft f\u00fchrte die barocke \u00c4sthetik ein, die in Andenkirchen und den Gem\u00e4lden der Cusco-Schule sichtbar wird. Nach der Unabh\u00e4ngigkeit verlangsamte sich die k\u00fcnstlerische Innovation, erlebte aber im 20. Jahrhundert mit der Indigenismo-Bewegung und nachfolgenden pluralistischen Str\u00f6mungen, die globale und lokale Einfl\u00fcsse miteinander vermischten, einen neuen Aufschwung.<\/p>\n<p>Die K\u00fcche verk\u00f6rpert die Verschmelzung von Regionen und V\u00f6lkern. Zu den Grundnahrungsmitteln z\u00e4hlen eine Vielzahl einheimischer Knollenfr\u00fcchte \u2013 \u00fcber 3000 Kartoffelsorten \u2013 sowie Mais, Quinoa, Reis und H\u00fclsenfr\u00fcchte. Spanische, afrikanische, chinesische, japanische und andere Einwanderertraditionen verschmelzen mit einheimischen Br\u00e4uchen zu Gerichten wie Anticuchos, Ceviche und Pachamanca. Das Central Restaurante in Lima unter Chefkoch Gast\u00f3n Acurio verk\u00f6rpert die nationale K\u00fcche mit saisonalen Zutaten von der K\u00fcste, dem Hochland und dem Dschungel in sorgf\u00e4ltig zusammengestellten Men\u00fcs.<\/p>\n<p>Peru pr\u00e4sentiert ein komplexes Zusammenspiel von Umwelt, Geschichte und Kultur. Seine K\u00fcsten, Berge und W\u00e4lder sind f\u00fcr Wissenschaftler, Besucher und Unternehmen gleicherma\u00dfen ein spannendes Forschungsgebiet. Trotz anhaltender Herausforderungen wie Ungleichheit und Regierungsf\u00fchrung pr\u00e4gen das vielf\u00e4ltige Erbe und die Ressourcen des Landes weiterhin seine Entwicklung.<\/p>","protected":false},"excerpt":{"rendered":"<p>Peru, a country tucked away on South America&#8217;s western coast, is a tribute to both the diversity of human culture and the wonders of nature. Covering 1,285,216 square kilometers and with a population of more than 32 million, this nation offers researchers and visitors a unique mix of ancient history, cultural variety, and natural beauties.<\/p>","protected":false},"author":1,"featured_media":4270,"parent":24096,"menu_order":0,"comment_status":"closed","ping_status":"closed","template":"elementor_theme","meta":{"_eb_attr":"","footnotes":""},"class_list":["post-7175","page","type-page","status-publish","has-post-thumbnail"],"_links":{"self":[{"href":"https:\/\/travelshelper.com\/de\/wp-json\/wp\/v2\/pages\/7175","targetHints":{"allow":["GET"]}}],"collection":[{"href":"https:\/\/travelshelper.com\/de\/wp-json\/wp\/v2\/pages"}],"about":[{"href":"https:\/\/travelshelper.com\/de\/wp-json\/wp\/v2\/types\/page"}],"author":[{"embeddable":true,"href":"https:\/\/travelshelper.com\/de\/wp-json\/wp\/v2\/users\/1"}],"replies":[{"embeddable":true,"href":"https:\/\/travelshelper.com\/de\/wp-json\/wp\/v2\/comments?post=7175"}],"version-history":[{"count":0,"href":"https:\/\/travelshelper.com\/de\/wp-json\/wp\/v2\/pages\/7175\/revisions"}],"up":[{"embeddable":true,"href":"https:\/\/travelshelper.com\/de\/wp-json\/wp\/v2\/pages\/24096"}],"wp:featuredmedia":[{"embeddable":true,"href":"https:\/\/travelshelper.com\/de\/wp-json\/wp\/v2\/media\/4270"}],"wp:attachment":[{"href":"https:\/\/travelshelper.com\/de\/wp-json\/wp\/v2\/media?parent=7175"}],"curies":[{"name":"wp","href":"https:\/\/api.w.org\/{rel}","templated":true}]}}