{"id":6705,"date":"2024-08-19T09:41:47","date_gmt":"2024-08-19T09:41:47","guid":{"rendered":"https:\/\/travelshelper.com\/staging\/?page_id=6705"},"modified":"2026-03-14T00:18:05","modified_gmt":"2026-03-14T00:18:05","slug":"uruguay","status":"publish","type":"page","link":"https:\/\/travelshelper.com\/de\/destinations\/south-america\/uruguay\/","title":{"rendered":"Uruguay"},"content":{"rendered":"<p>Uruguay erstreckt sich \u00fcber einen schmalen Landstreifen zwischen dem R\u00edo de la Plata im S\u00fcden und den sanften H\u00fcgeln der Cuchillas im Norden. Mit einer Fl\u00e4che von rund 176.215 Quadratkilometern ist es der zweitkleinste unabh\u00e4ngige Staat auf dem s\u00fcdamerikanischen Festland. Montevideo, die Hauptstadt und der wichtigste Hafen des Landes, liegt an der S\u00fcdk\u00fcste und zieht fast zwei Millionen Einwohner in ein urbanes Mosaik aus alten Befestigungsanlagen, modernistischen Boulevards und ruhigen Wohnvierteln. Au\u00dferhalb dieses urbanen Zentrums verteilt sich die Bev\u00f6lkerung von rund 3,4 Millionen Menschen auf fruchtbares Weideland, Flussniederungen und vereinzelte bewaldete Anh\u00f6hen.<\/p>\n<p>Die Landschaft entfaltet sich in sanften Konturen. Kein Gebirgszug durchschneidet das Land; stattdessen erheben sich niedrige H\u00fcgelketten zu bescheidenen H\u00f6hen; der h\u00f6chste Punkt \u2013 der Cerro Catedral \u2013 erreicht 514 Meter \u00fcber dem Meeresspiegel. Diese H\u00fcgel teilen sich die Landschaft mit einem Netz aus Wasserstra\u00dfen. Der R\u00edo Uruguay, der die westliche Grenze bildet, m\u00fcndet an der s\u00fcdwestlichen Ecke in den R\u00edo de la Plata. Im Landesinneren teilt der R\u00edo Negro das Land; sein Lauf wurde 1945 gestoppt, um den Stausee Rinc\u00f3n del Bonete zu bilden. Entlang der Atlantikk\u00fcste bilden eine Reihe von Lagunen und Feuchtgebieten ein vielf\u00e4ltiges \u00d6kosystem, die uruguayische Savanne. Zehn Nationalparks sch\u00fctzen ausgedehnte Feuchtgebiete, H\u00fcgellandschaften und Auw\u00e4lder, obwohl ein bescheidener Wert im Forest Landscape Integrity Index darauf hindeutet, dass ein Gro\u00dfteil der urspr\u00fcnglichen Baumbedeckung Weideland gewichen ist.<\/p>\n<p>Uruguay liegt s\u00fcdlich des Wendekreises des Steinbocks und hat ein gleichm\u00e4\u00dfig gem\u00e4\u00dfigtes Klima. Die Sommer dauern von Dezember bis M\u00e4rz und werden durch die atlantische Brise gemildert. Die Winter erstrecken sich von Juni bis September und sind mit j\u00e4hrlichem Frost, aber selten mit strenger K\u00e4lte verbunden. Die Niederschl\u00e4ge verteilen sich gleichm\u00e4\u00dfig \u00fcber das Jahr; gelegentlich ziehen St\u00fcrme \u00fcber die offenen Ebenen und bringen B\u00f6en, Hagel oder selten Tornados mit sich. Nebel liegt in Flusst\u00e4lern und der K\u00fcstenebene; die Luftfeuchtigkeit ist hoch.<\/p>\n<p>Die menschliche Pr\u00e4senz hier reicht mehr als 13.000 Jahre zur\u00fcck, als J\u00e4ger- und Sammlergruppen Wild \u00fcber die Ebenen verfolgten. Kurz vor der Ankunft der Europ\u00e4er herrschte das Volk der Charr\u00faa im heutigen Zentraluruguay, neben den Guaran\u00ed-Gemeinden im Norden und den Chan\u00e1-Gruppen entlang der Wasserwege. Portugiesische Siedler gr\u00fcndeten 1680 die Colonia do Sacramento am Ufer des R\u00edo de la Plata, was spanische Gouverneure dazu veranlasste, Montevideo noch vor der Jahrhundertmitte zu gr\u00fcnden.<\/p>\n<p>Im fr\u00fchen 19. Jahrhundert wurden diese kolonialen Au\u00dfenposten zum Schauplatz konkurrierender Anspr\u00fcche Spaniens, Portugals und sp\u00e4ter der aufstrebenden Republiken Argentinien und Brasilien. Zwischen 1811 und 1828 gipfelte ein Vierkampf in der Unabh\u00e4ngigkeit Uruguays. Dennoch blieb der neue Staat bis Mitte des Jahrhunderts ausl\u00e4ndischem Einfluss und Interventionen ausgesetzt. In den folgenden Jahrzehnten legte eine Reihe sozialer und wirtschaftlicher Reformen den Grundstein f\u00fcr ein umfassendes Sozialsystem. \u00d6ffentliche Bildung, Arbeitnehmerschutz und Rentenprogramme etablierten sich zwischen den 1880er und 1920er Jahren. Beobachter der damaligen Zeit verglichen die gesellschaftlichen Rahmenbedingungen mit denen der Schweiz, ein Vergleich, der Uruguay den Beinamen \u201eSchweiz Amerikas\u201c einbrachte.<\/p>\n<p>Diese Entwicklung \u00e4nderte sich im sp\u00e4ten 20. Jahrhundert. Wirtschaftskrisen in den 1960er Jahren fielen mit Aktivit\u00e4ten der Stadtguerilla zusammen und f\u00fchrten 1973 zu einem Staatsstreich. Eine zivil-milit\u00e4rische Verwaltung setzte bis 1985 strenge Kontrollen durch. Seit der Wiederherstellung der Verfassung hat Uruguay seine demokratischen Institutionen gefestigt. Der Pr\u00e4sident fungiert sowohl als Staats- als auch als Regierungschef. Im Economist Demokratieindex 2023 z\u00e4hlte Uruguay zu den wenigen L\u00e4ndern, die als vollst\u00e4ndige Demokratie gelten. Das Land schneidet auch bei der Bewertung von Regierungstransparenz, wirtschaftlicher Freiheit und sozialem Fortschritt gut ab.<\/p>\n<p>Die Rechtsreformen der letzten Jahre spiegeln einen ma\u00dfvollen sozialpolitischen Ansatz wider. Uruguay war das erste Land, das einen geregelten Rahmen f\u00fcr die Produktion, den Vertrieb und den Konsum von Cannabis schuf. Die gleichgeschlechtliche Ehe und das Recht auf Abtreibung wurden vom Parlament gebilligt und umgesetzt, wodurch das Land in der Region eine Vorreiterrolle in Sachen B\u00fcrgerrechte einnahm.<\/p>\n<p>Die Verwaltung gliedert das Land in neunzehn Departements. Jedes Departement w\u00e4hlt einen Superintendenten f\u00fcr die Exekutive und einen Departementsrat f\u00fcr die Gesetzgebung. Diese Struktur spiegelt die nationale Gewaltenteilung auf regionaler Ebene wider. Diese Dezentralisierung unterst\u00fctzt die lokale Verwaltung in st\u00e4dtischen Zentren, l\u00e4ndlichen Gebieten und K\u00fcstenorten.<\/p>\n<p>Der Tourismus hat sich zu einem wachsenden Wirtschaftszweig entwickelt. 2012 trug er rund 9 Prozent zum BIP bei und schuf fast 97.000 Arbeitspl\u00e4tze; bis 2023 kamen fast 3,8 Millionen Besucher, die meisten aus den benachbarten L\u00e4ndern Argentinien und Brasilien, gefolgt von kleineren Gruppen aus Chile, Paraguay, den USA und Europa. Das restaurierte Kolonialviertel von Colonia del Sacramento zieht Reisende mit seinen Steinstra\u00dfen, Calicanto-Mauern und dem Schatten spanischer Befestigungsanlagen aus dem 19. Jahrhundert an. Zu den kulturellen Sehensw\u00fcrdigkeiten Montevideos geh\u00f6ren die Jos\u00e9-Gurvich-Galerie, das Torres-Garc\u00eda-Museum \u2013 mit Werken des modernistischen Malers Joaqu\u00edn Torres Garc\u00eda \u2013 und das Estadio Centenario, das Stadion, in dem 1930 das erste Finale der FIFA-Weltmeisterschaft ausgetragen wurde.<\/p>\n<p>Weiter \u00f6stlich liegt Punta del Este auf einer schmalen Halbinsel zwischen dem ruhigen Wasser der Mansa-Bucht und dem offenen Meer der Brava-K\u00fcste. Luxusanwesen und moderne Galerien zeugen vom Freizeitwert des 21. Jahrhunderts; am Wochenende tummeln sich die Massen am Hafen, am Leuchtturm und an der weitl\u00e4ufigen Playa Brava. Die nahegelegenen Ferienorte La Barra und Jos\u00e9 Ignacio bieten ruhigere Sandstr\u00e4nde und eine Reihe von D\u00fcnenstr\u00e4nden. Der 1997 er\u00f6ffnete und von Carlos Ott entworfene internationale Flughafen Punta del Este ist der zweitgr\u00f6\u00dfte Flugplatz des Landes.<\/p>\n<p>Der Hafen von Montevideo, das Herzst\u00fcck des Seehandels, schl\u00e4gt j\u00e4hrlich \u00fcber 1,1 Millionen Container um. An seinen Kais k\u00f6nnen Schiffe mit einem Tiefgang von bis zu 14 Metern anlegen. Kr\u00e4ne heben Fracht mit einer Geschwindigkeit von 80 bis 100 Bewegungen pro Stunde. Weiter flussaufw\u00e4rts fungiert Nueva Palmira als Umschlagplatz f\u00fcr regionale G\u00fcter und vereint staatliche und private Einrichtungen.<\/p>\n<p>Ein weiterer Schwerpunkt des Flugverkehrs ist der internationale Flughafen Carrasco, der 1947 er\u00f6ffnet und 2009 im Rahmen einer 165 Millionen US-Dollar teuren Erweiterung durch Rafael Vi\u00f1oly Architects modernisiert wurde. Das Passagierterminal, eine Halle aus Licht und Glas, bef\u00f6rdert j\u00e4hrlich bis zu 4,5 Millionen Reisende. Bis zu seiner Aufl\u00f6sung hatte PLUNA, Uruguays nationale Fluggesellschaft, dort seinen Hauptsitz.<\/p>\n<p>Die Demografie Uruguays spiegelt Migrationswellen wider. Die Volksz\u00e4hlung von 2023 ergab, dass sich rund 85 Prozent der Einwohner als wei\u00df bezeichnen, eine Zahl, die durch die Einwanderung aus Spanien, Italien, Deutschland, Frankreich und Gro\u00dfbritannien im 19. und fr\u00fchen 20. Jahrhundert gepr\u00e4gt wurde. Eine Gemeinschaft afrikanischer Nachkommen, die w\u00e4hrend der Kolonialzeit eingewandert sind, stellt etwa 5 Prozent der Bev\u00f6lkerung. Kleinere Gruppen japanischer Abstammung und Gemeinschaften gemischter Herkunft vervollst\u00e4ndigen ein gesellschaftliches Mosaik, das dem der benachbarten Provinzen Argentinien und S\u00fcdbrasilien \u00e4hnelt.<\/p>\n<p>Spanisch ist die nationale Umgangssprache, wobei die uruguayische Variante durch Rioplatense-Muster, Voseo-Konjugationen und Ye\u00edsmo-Sprachver\u00e4nderungen gepr\u00e4gt ist. Italienische Dialekte pr\u00e4gen den lokalen Slang, w\u00e4hrend in Grenzdepartements ein portugiesisch-spanischer Hybrid ohne formale Kodifizierung zirkuliert. Englisch nimmt einen wichtigen Platz in den Lehrpl\u00e4nen ein und bereitet die Uruguayer auf Handel und Diplomatie vor.<\/p>\n<p>Das kulturelle Leben ist gepr\u00e4gt von europ\u00e4ischen Kunststr\u00f6mungen und dem lokalen Ethos der Gauchos. Ranchtraditionen pr\u00e4gen Folklore, Literatur und bildende Kunst und ehren den einsamen Reiter, der einst auf der Suche nach Vieh durch die Pampa zog. Feste markieren in Stadt und Land saisonale Arbeitszyklen, religi\u00f6se Br\u00e4uche und das komplexe Erbe des Landes.<\/p>\n<p>Uruguays Entwicklung \u00fcber drei Jahrhunderte hinweg zeigt die stetige Entwicklung menschlicher Aktivit\u00e4ten im offenen Gel\u00e4nde. Von den Behausungen fr\u00fcher J\u00e4ger und Sammler bis zum Stra\u00dfennetz Montevideos, von kolonialen Au\u00dfenposten bis zu modernen Flugh\u00e4fen \u2013 das Land ist ein Musterbeispiel f\u00fcr ma\u00dfvollen Wandel. Seine gem\u00e4\u00dfigten Ebenen tragen die Spuren von sozialem Fortschritt, politischem Wandel und kulturellem Austausch. Wirtschaft und Umwelt sind hier weiterhin eng miteinander verflochten, die Regierungsf\u00fchrung beruht auf lokaler und nationaler Beteiligung, und das Erbe der Ebenen und H\u00e4fen pr\u00e4gt die allt\u00e4glichen Bewegungen der Bev\u00f6lkerung.<\/p>","protected":false},"excerpt":{"rendered":"<p>Uruguay, a small but intriguing nation situated between Brazil and Argentina, frequently goes unnoticed by many travelers. This nation offers a unique mix of natural, historical, and cultural aspects that could challenge those of its more well-known neighbors. Beyond its breathtaking beaches and mesmerizing sunsets, Uruguay offers a convincing case for investigation marked by its outstanding coastline, energetic metropolitan centers, and rich agricultural areas.<\/p>","protected":false},"author":1,"featured_media":4280,"parent":24096,"menu_order":0,"comment_status":"closed","ping_status":"closed","template":"elementor_theme","meta":{"_eb_attr":"","footnotes":""},"class_list":["post-6705","page","type-page","status-publish","has-post-thumbnail"],"_links":{"self":[{"href":"https:\/\/travelshelper.com\/de\/wp-json\/wp\/v2\/pages\/6705","targetHints":{"allow":["GET"]}}],"collection":[{"href":"https:\/\/travelshelper.com\/de\/wp-json\/wp\/v2\/pages"}],"about":[{"href":"https:\/\/travelshelper.com\/de\/wp-json\/wp\/v2\/types\/page"}],"author":[{"embeddable":true,"href":"https:\/\/travelshelper.com\/de\/wp-json\/wp\/v2\/users\/1"}],"replies":[{"embeddable":true,"href":"https:\/\/travelshelper.com\/de\/wp-json\/wp\/v2\/comments?post=6705"}],"version-history":[{"count":0,"href":"https:\/\/travelshelper.com\/de\/wp-json\/wp\/v2\/pages\/6705\/revisions"}],"up":[{"embeddable":true,"href":"https:\/\/travelshelper.com\/de\/wp-json\/wp\/v2\/pages\/24096"}],"wp:featuredmedia":[{"embeddable":true,"href":"https:\/\/travelshelper.com\/de\/wp-json\/wp\/v2\/media\/4280"}],"wp:attachment":[{"href":"https:\/\/travelshelper.com\/de\/wp-json\/wp\/v2\/media?parent=6705"}],"curies":[{"name":"wp","href":"https:\/\/api.w.org\/{rel}","templated":true}]}}