{"id":6656,"date":"2024-08-19T01:16:56","date_gmt":"2024-08-19T01:16:56","guid":{"rendered":"https:\/\/travelshelper.com\/staging\/?page_id=6656"},"modified":"2026-03-14T00:02:25","modified_gmt":"2026-03-14T00:02:25","slug":"paraguay","status":"publish","type":"page","link":"https:\/\/travelshelper.com\/de\/destinations\/south-america\/paraguay\/","title":{"rendered":"Paraguay"},"content":{"rendered":"<p>Paraguay, offiziell Republik Paraguay, liegt zentral auf dem s\u00fcdamerikanischen Kontinent. Da es keinen direkten Zugang zum Meer hat, grenzt es im S\u00fcden und S\u00fcdwesten an Argentinien, im Osten und Nordosten an Brasilien und im Nordwesten an Bolivien. Ein schmales Band des R\u00edo Paraguay durchschneidet das Land, gibt ihm seinen Namen und trennt zwei unterschiedliche Regionen: das \u00f6stliche Land mit seinen sanften Ebenen und bewaldeten H\u00fcgeln und die westlichen Weiten des Gran Chaco, ein Gebiet mit sp\u00e4rlicher Vegetation und vereinzelten S\u00fcmpfen.<\/p>\n<p>Die Bev\u00f6lkerungszahl liegt bei knapp 6,1 Millionen. Fast 2,3 Millionen leben in Asunci\u00f3n, der Hauptstadt und dem wichtigsten Handels- und Regierungszentrum, sowie in den angrenzenden Vororten. In den l\u00e4ndlichen Gebieten im \u00f6stlichen Tiefland herrscht weiterhin landwirtschaftliche Produktion, w\u00e4hrend nur ein kleiner Teil der Einwohner \u2013 weniger als vier von hundert \u2013 im riesigen Chaco-Gebiet lebt, das mehr als die H\u00e4lfte der Landesfl\u00e4che einnimmt.<\/p>\n<p>Die Urspr\u00fcnge des modernen Paraguay gehen auf die Ankunft spanischer Entdecker im Jahr 1524 zur\u00fcck. Etwas mehr als ein Jahrzehnt sp\u00e4ter, im Jahr 1537, entstand unter der Schirmherrschaft der Konquistadoren die Siedlung Asunci\u00f3n, das erste Verwaltungszentrum des Gouvernements R\u00edo de la Plata. Im Laufe des folgenden Jahrhunderts errichteten Jesuitenmissionare ein Netzwerk von Missionen unter den indigenen Guaran\u00ed und f\u00fchrten neben landwirtschaftlichen und handwerklichen Techniken auch Religionsunterricht ein. In diesen Siedlungen vermischten sich Elemente des einheimischen und europ\u00e4ischen Lebens bis zur Vertreibung des Jesuitenordens im Jahr 1767. Zu einer peripheren Kolonialmacht degradiert, bestand Paraguay bis in die fr\u00fchen Jahre des 19. Jahrhunderts, als die Region ihre Unabh\u00e4ngigkeit von Spanien erlangte.<\/p>\n<p>Das 19. Jahrhundert war turbulent. Innerhalb des neu souver\u00e4nen Staates \u00fcbernahmen eine Reihe von Machthabern die Macht. Von 1864 bis 1870 tobte Paraguay im sogenannten Paraguayischen Krieg gegen ein B\u00fcndnis aus Brasilien, Argentinien und Uruguay. Der Krieg war verheerend f\u00fcr Paraguay: Es gab bis zu einem Drittel seines Territoriums auf und verlor rund die H\u00e4lfte seiner Bev\u00f6lkerung. Der Wiederaufbau dauerte Jahrzehnte. Zu Beginn des 20. Jahrhunderts war Paraguay im Chaco-Krieg (1932\u20131935) erneut in gro\u00df angelegte bewaffnete K\u00e4mpfe gegen Bolivien verwickelt; dieses Mal behaupteten paraguayische Streitkr\u00e4fte die umstrittenen Gebiete.<\/p>\n<p>Das politische Leben der folgenden Jahrzehnte war gepr\u00e4gt von einer Reihe von Milit\u00e4rregimen. Das langlebigste Regime entstand 1954, als Alfredo Stroessner die Macht \u00fcbernahm. Seine Regierung regierte bis zu einem Putsch im Jahr 1989, der die heutige Periode ziviler Herrschaft und Wahlkampf einleitete.<\/p>\n<p>Paraguays Wirtschaft hat sich im Rahmen regionaler Handelsbl\u00f6cke entwickelt. Das Land geh\u00f6rt zu den Gr\u00fcndungsmitgliedern des Gemeinsamen Marktes des S\u00fcdens (Mercosur) und ist Mitglied der Vereinten Nationen, der Organisation Amerikanischer Staaten, der Bewegung der Blockfreien Staaten und der Lima-Gruppe. Obwohl Paraguay kein Binnenland ist, wickelt es Exporte und Importe \u00fcber die Paran\u00e1-Paraguay-Wasserstra\u00dfe ab und hat Zugang zu Atlantikh\u00e4fen. Der Flussverkehr ist nach wie vor von entscheidender Bedeutung und transportiert Waren nordw\u00e4rts zum Hafen von Asunci\u00f3n und weiter nach Buenos Aires, wo internationale Schifffahrtslinien anlegen.<\/p>\n<p>Topographisch gesehen besteht die \u00f6stliche Region \u2013 bekannt als Regi\u00f3n Oriental \u2013 aus Grasebenen, unterbrochen von bewaldeten H\u00f6henlagen. Der fruchtbare und tiefe Boden erm\u00f6glicht Soja-, Mais- und Viehzucht. Im Westen, im Chaco oder der Regi\u00f3n Occidental, flacht das Gel\u00e4nde zu ausgedehnten Buschlandfl\u00e4chen und vereinzelten Feuchtgebieten ab. Innerhalb der Landesgrenzen kreuzen sich sechs \u00f6kologische Zonen: die atlantischen W\u00e4lder des Alto Paran\u00e1, der feuchte und trockene Chaco, die Savannen des Cerrado, die \u00dcberschwemmungsgebiete des Pantanal und die vom Paran\u00e1 \u00fcberfluteten Grasl\u00e4nder. Die Waldintegrit\u00e4t wird im globalen Vergleich als mittelm\u00e4\u00dfig eingestuft; 2019 belegte Paraguay im Hinblick auf die Landschaftserhaltung den 74. Platz von 172 L\u00e4ndern. Unterirdisch bildet der Guarani-Aquifer eines der gr\u00f6\u00dften S\u00fc\u00dfwasserreservoirs Amerikas.<\/p>\n<p>Das Klima folgt einem zweij\u00e4hrigen Muster: einem feuchten Abschnitt von Oktober bis M\u00e4rz und einer trockeneren Periode von April bis September. Ohne Bergbarrieren ziehen die Luftmassen der K\u00fcste und der Anden ungehindert \u00fcber das Land. Von Mai bis August wehen k\u00fchlere Winde aus den Anden, die in Wintern\u00e4chten gelegentlich Temperaturen unter den Gefrierpunkt treiben. Im Gegensatz dazu erreichen die Sommertemperaturen im Januar aufgrund der n\u00f6rdlichen Str\u00f6mungen aus dem Amazonasbecken ihren H\u00f6hepunkt bei fast 29 Grad Celsius. Die Niederschlagsmenge nimmt nach Westen hin ab \u2013 von etwa 170 Zentimetern j\u00e4hrlich in den \u00f6stlichen W\u00e4ldern auf unter 50 Zentimeter im Chaco \u2013 und beeinflusst so die landwirtschaftlichen M\u00f6glichkeiten und die Siedlungsdichte.<\/p>\n<p>Paraguay ist administrativ in siebzehn Departamentos sowie den Hauptstadtdistrikt Asunci\u00f3n gegliedert. Die Departamentos konzentrieren sich auf zwei \u00fcbergeordnete Regionen: drei im Chaco \u2013 Boquer\u00f3n, Alto Paraguay und Presidente Hayes \u2013 und die \u00fcbrigen in der \u00f6stlichen H\u00e4lfte entlang der Hauptstadt. Das Stra\u00dfennetz ist 78.850 Kilometer lang, allerdings sind weniger als vierzehn Prozent davon asphaltiert. Zu den j\u00fcngsten Infrastrukturprojekten geh\u00f6rt der Biozeanische Korridor, eine transnationale Autobahn, die westw\u00e4rts verl\u00e4uft und brasilianische und argentinische H\u00e4fen \u00fcber den Norden Paraguays verbindet. Nach ihrer geplanten Fertigstellung wird sie fast 550 Kilometer durch d\u00fcnn besiedelte Distrikte f\u00fchren und neue Routen f\u00fcr den Exportverkehr versprechen sowie das Landesinnere f\u00fcr Investitionen \u00f6ffnen. Anfang 2022 weihte Paraguay etwa die H\u00e4lfte dieser Strecke ein und verbindet die Stadt Carmelo Peralta an der brasilianischen Grenze mit Loma Plata in Boquer\u00f3n. Gleichzeitig schritten die Arbeiten zur Verdoppelung der Fahrspuren entlang der Route 2 zwischen Asunci\u00f3n und Ciudad del Este \u2013 einem wichtigen Grenz\u00fcbergang nach Brasilien \u2013 voran; bis Januar desselben Jahres wurden fast 100 Kilometer erweitert.<\/p>\n<p>Der internationale Flughafen Silvio Pettirossi bei Asunci\u00f3n ist Dreh- und Angelpunkt f\u00fcr Fl\u00fcge nach S\u00fcdamerika. Weiter \u00f6stlich wickelt der Flugplatz Ciudad del Este ein betr\u00e4chtliches Frachtaufkommen im Dreil\u00e4ndereck Brasilien und Argentinien ab.<\/p>\n<p>Demografisch gesehen weist Paraguay eine hohe ethnische Mischung auf. Die Mehrheit \u2013 \u00fcber 90 Prozent \u2013 \u200b\u200bhat sowohl europ\u00e4ische als auch indigene Vorfahren, vor allem die Guaran\u00ed. Die Guaran\u00ed-Sprache ist neben Spanisch weiterhin eine verbreitete Sprache; mehr als neun von zehn Paraguayern sprechen Guaran\u00ed-Dialekte, und Jopara, eine Mischung aus Guaran\u00ed und Spanisch, ist in der Alltagssprache allgegenw\u00e4rtig. Die Urbanisierungsrate liegt bei etwa 63 Prozent, eine der niedrigsten in S\u00fcdamerika. Die meisten Einwohner leben in und um Asunci\u00f3n.<\/p>\n<p>Das kulturelle Leben spiegelt die Mischung aus Guaran\u00ed-Br\u00e4uchen und iberischen Einfl\u00fcssen wider. Stickereien wie Ao Po&#039;\u00ed und die als \u00d1andut\u00ed bekannte Spitzenstickerei finden sich in Kleidung und Heimtextilien wieder. Musikalische Formen basieren auf der einheimischen Harfe und Gitarre und manifestieren sich in flotten Polkas und der gem\u00e4\u00dfigteren Guarania, einem Genre, das Jos\u00e9 Asunci\u00f3n Flores im fr\u00fchen 20. Jahrhundert pr\u00e4gte. Volksinstrumente erklingen auf den Stadtpl\u00e4tzen, und Radiosender bieten ein stetiges Angebot an zweisprachigen Programmen.<\/p>\n<p>Auch die paraguayische K\u00fcche spiegelt diese Fusion wider. Maniok, ein Grundnahrungsmittel, bildet die Grundlage f\u00fcr Brot und Kuchen \u2013 insbesondere Chipa, ein ringf\u00f6rmiges Brot mit K\u00e4se und Maismehl \u2013 \u200b\u200bund f\u00fcr Sopa Paraguaya, einen dichten Maiskuchen, der oft bei Festen serviert wird. Die Gerichte kombinieren Milchprodukte, Zwiebeln, Paprika und frischen Mais in Eint\u00f6pfen und Beilagen und bewahren so eine kulinarische Identit\u00e4t, die sowohl traditionelle als auch \u00fcbernommene Elemente w\u00fcrdigt.<\/p>\n<p>Literatur und Film erlebten Mitte des 20. Jahrhunderts einen Aufschwung, als Schriftsteller wie Jos\u00e9 Ricardo Maz\u00f3, Roque Vallejos und Augusto Roa Bastos poetisches und erz\u00e4hlerisches Neuland betraten. Roa Bastos, dessen Werk mit dem Nobelpreis ausgezeichnet wurde, verlieh der paraguayischen Erfahrung in einer von psychologischer Tiefe gepr\u00e4gten Prosa Ausdruck. Die filmischen Bem\u00fchungen des Landes sind zwar bescheiden, spiegeln aber ein wachsendes Interesse an der Dokumentation lokaler Geschichten wider.<\/p>\n<p>Innerhalb von Haushalten legen soziale Strukturen Wert auf gegenseitige Verpflichtung. Gro\u00dffamilienbande sind sowohl auf dem Land als auch in der Stadt eng miteinander verbunden. In vielen Gemeinden \u00fcbernehmen Paten eine Art Patronatsrolle. Sie werden aufgrund ihres Ansehens ausgew\u00e4hlt und sollen ihren Patenkindern als Teil eines informellen Unterst\u00fctzungsnetzwerks F\u00fchrung und Schutz bieten.<\/p>\n<p>International belegte Paraguay im Index der menschlichen Entwicklung den 105. Platz. Dies deutet auf Fortschritte in den Bereichen Bildung, Gesundheit und Einkommen hin, wenn auch mit Verbesserungspotenzial. Das Pro-Kopf-BIP gemessen an der Kaufkraftparit\u00e4t erreichte den siebten Platz unter den s\u00fcdamerikanischen L\u00e4ndern. 2014 wurde Paraguay in einer globalen Umfrage als \u201egl\u00fccklichster Ort der Welt\u201c bezeichnet. Die hohe Lebenszufriedenheit wurde auf Gemeinschaftsgef\u00fchl und kulturellen Zusammenhalt zur\u00fcckgef\u00fchrt.<\/p>\n<p>Heute steht Paraguay am Schnittpunkt von Tradition und Wandel. Stra\u00dfen und Wasserwege er\u00f6ffnen neue Routen, St\u00e4dte breiten sich aus und bewaldete H\u00fcgel k\u00fcnden von ungenutztem Potenzial. Unter stabiler F\u00fchrung entwickelt sich das Land weiter. Seine Menschen bleiben dem Rhythmus von Fluss und Boden, ihren \u00fcberlieferten und adaptierten Sprachen und ihren Br\u00e4uchen verbunden, die den Alltag pr\u00e4gen. In diesem Binnenstaat ist der Puls von Vergangenheit und Gegenwart in jeder Stadt, auf jeder Ebene und entlang jeder gewundenen Flussbiegung sp\u00fcrbar, die Paraguay den Zugang zur Welt erm\u00f6glicht.<\/p>","protected":false},"excerpt":{"rendered":"<p>Paraguay, formally known as the Republic of Paraguay, is a landlocked nation located in South America, with an estimated population of around 6.1 million inhabitants. About 2.3 million people live in Asunci\u00f3n, the capital and biggest city, together with the metro area around it. Paraguay, in the center of South America, with borders to Brazil east and northeast, Argentina to the south and southwest, and Bolivia to the northwest.<\/p>","protected":false},"author":1,"featured_media":4079,"parent":24096,"menu_order":0,"comment_status":"closed","ping_status":"closed","template":"elementor_theme","meta":{"_eb_attr":"","footnotes":""},"class_list":["post-6656","page","type-page","status-publish","has-post-thumbnail"],"_links":{"self":[{"href":"https:\/\/travelshelper.com\/de\/wp-json\/wp\/v2\/pages\/6656","targetHints":{"allow":["GET"]}}],"collection":[{"href":"https:\/\/travelshelper.com\/de\/wp-json\/wp\/v2\/pages"}],"about":[{"href":"https:\/\/travelshelper.com\/de\/wp-json\/wp\/v2\/types\/page"}],"author":[{"embeddable":true,"href":"https:\/\/travelshelper.com\/de\/wp-json\/wp\/v2\/users\/1"}],"replies":[{"embeddable":true,"href":"https:\/\/travelshelper.com\/de\/wp-json\/wp\/v2\/comments?post=6656"}],"version-history":[{"count":0,"href":"https:\/\/travelshelper.com\/de\/wp-json\/wp\/v2\/pages\/6656\/revisions"}],"up":[{"embeddable":true,"href":"https:\/\/travelshelper.com\/de\/wp-json\/wp\/v2\/pages\/24096"}],"wp:featuredmedia":[{"embeddable":true,"href":"https:\/\/travelshelper.com\/de\/wp-json\/wp\/v2\/media\/4079"}],"wp:attachment":[{"href":"https:\/\/travelshelper.com\/de\/wp-json\/wp\/v2\/media?parent=6656"}],"curies":[{"name":"wp","href":"https:\/\/api.w.org\/{rel}","templated":true}]}}