{"id":35488,"date":"2024-11-30T23:23:21","date_gmt":"2024-11-30T23:23:21","guid":{"rendered":"https:\/\/travelshelper.com\/staging\/?page_id=35488"},"modified":"2026-03-11T02:09:40","modified_gmt":"2026-03-11T02:09:40","slug":"bleiben-sie-sicher-und-gesund-in-bahrain","status":"publish","type":"page","link":"https:\/\/travelshelper.com\/de\/destinations\/asia\/bahrain\/stay-safe-healthy-in-bahrain\/","title":{"rendered":"Bleiben Sie sicher und gesund in Bahrain"},"content":{"rendered":"<h2 class=\"wp-block-heading\">Bleiben Sie in Bahrain sicher<\/h2>\n\n\n\n<p>Bahrain erlebte 2011 einen beinahe b\u00fcrgerkriegs\u00e4hnlichen Zustand mit Hunderten von Todesopfern und Verletzten sowie der Inhaftierung und Folter einer betr\u00e4chtlichen Zahl von Aktivisten und medizinischem Personal. Obwohl die massiven Proteste r\u00fccksichtslos niedergeschlagen wurden, bleibt die Lage instabil, und es kann jederzeit zu Protesten, Unruhen und Polizeimorden kommen. Reisende sollten die l\u00e4ndlichen Regionen und Gemeinden im Nordwesten des Landes meiden. Gro\u00dfe Proteste k\u00f6nnen jederzeit stattfinden, und obwohl sie zeitweise gewaltt\u00e4tig werden k\u00f6nnen, sind sie selten antiwestlich. Vermeiden Sie Orte, an denen sich gro\u00dfe Menschenansammlungen aufhalten.<\/p>\n\n\n\n<p>In Bahrain ist die durchschnittliche H\u00e4ufigkeit sozialer Kriminalit\u00e4t gering, Gewaltverbrechen hingegen selten. Raub, Diebstahl und Diebstahl kommen dennoch vor. Kleinere Straftaten wie Portfoliodiebstahl und Portfoliodiebstahl wurden registriert, insbesondere in den alten Marktvierteln, den sogenannten Souks. Die Nachtclubs der meisten Hotels werden von einigen \u00fcblen Gestalten besucht. Obwohl Hotels \u00fcber ausreichende Sicherheitsvorkehrungen, einschlie\u00dflich Kameras, verf\u00fcgen, kam es bereits vor, dass G\u00e4ste ihre Zimmer stahlen.<\/p>\n\n\n\n<p>Wenn Sie sich auf der Exhibition Avenue (in der N\u00e4he von Hoora) befinden, seien Sie vorsichtig, da es dort zu unangenehmen Begegnungen mit (vor allem) betrunkenen Saudis kommen kann. Es ist ratsam, einen Mann dabei zu haben, wenn Sie dorthin gehen (vor allem nachts).<\/p>\n\n\n\n<h3 class=\"wp-block-heading\">Verbrechen<\/h3>\n\n\n\n<p>Etwa 4.000 britische Staatsb\u00fcrger leben in Bahrain, und jedes Jahr kommen Tausende hinzu. Die meisten Besuche verlaufen ohne Zwischenf\u00e4lle. Obwohl Kriminalit\u00e4t in den meisten Regionen selten ist, sollten Touristen Vorsichtsma\u00dfnahmen treffen und beispielsweise vertrauensw\u00fcrdige Taxidienste nutzen.<\/p>\n\n\n\n<h3 class=\"wp-block-heading\">Drogen<\/h3>\n\n\n\n<p>Selbst Spuren illegaler Substanzen sind strengstens verboten. Selbst wenn Sie \u00fcber einen Flughafen von einem Land in ein anderes reisen, kann der Konsum oder das Mitf\u00fchren illegaler Bet\u00e4ubungsmittel zu einer Inhaftierung und Ausweisung f\u00fchren. Der Kauf oder Verkauf illegaler Drogen und Bet\u00e4ubungsmittel ist ein schweres Vergehen, das mit einer H\u00f6chststrafe von lebenslanger Haft geahndet wird.<\/p>\n\n\n\n<p>Einige Kosmetikartikel und Nachf\u00fcllpackungen f\u00fcr E-Zigaretten k\u00f6nnen in Bahrain verbotene Substanzen wie CBD-\u00d6l enthalten.<\/p>\n\n\n\n<p>Es ist ratsam, ein \u00e4rztliches Attest mitzuf\u00fchren, wenn Sie verschreibungspflichtige Medikamente einnehmen. Wenn Sie verschreibungspflichtige Medikamente nach Bahrain einf\u00fchren m\u00f6chten, ben\u00f6tigen Sie m\u00f6glicherweise eine vorherige Genehmigung der Beh\u00f6rden. Kontaktieren Sie vor Reiseantritt die n\u00e4chstgelegene Botschaft oder das n\u00e4chstgelegene Konsulat Bahrains.<\/p>\n\n\n\n<h3 class=\"wp-block-heading\">Alkohol<\/h3>\n\n\n\n<p>Alkohol ist in Bahrain legal. Es gibt zahlreiche Bars, lizenzierte Restaurants und Spirituosenl\u00e4den. Betrunkenes Verhalten in der \u00d6ffentlichkeit oder Fahren unter Alkoholeinfluss ist jedoch illegal und kann zu Geld-, Gef\u00e4ngnis- und\/oder Abschiebungsstrafen sowie zum Entzug des F\u00fchrerscheins f\u00fchren. K\u00f6rperverletzung und Zerst\u00f6rung \u00f6ffentlichen Eigentums unter Alkoholeinfluss sind Straftaten, die mit einer Gef\u00e4ngnisstrafe geahndet werden k\u00f6nnen.<\/p>\n\n\n\n<h3 class=\"wp-block-heading\">Fahren<\/h3>\n\n\n\n<p>In Bahrain herrscht keinerlei Toleranz gegen\u00fcber Alkohol am Steuer. Schon bei geringsten Alkoholmengen drohen Ihnen Anklage und Gef\u00e4ngnis. Gesetzesverst\u00f6\u00dfe wie zu dichtes Auffahren, zu schnelles Fahren, Rennen, Spurwechsel und Handynutzung am Steuer k\u00f6nnen hohe Geldstrafen nach sich ziehen. Auf Stra\u00dfen und Autobahnen gibt es zahlreiche Radarkameras. Es besteht Anschnallpflicht. Bei Missachtung droht eine Geldstrafe.<\/p>\n\n\n\n<p><strong>Verkehrsgesetze<\/strong><\/p>\n\n\n\n<ul class=\"wp-block-list\">\n<li>Der Verkehr bewegt sich rechts.<\/li>\n\n\n\n<li>An Kreisverkehren haben die Fahrzeuge im Kreisverkehr Vorfahrt vor den Fahrzeugen, die in den Kreisverkehr einfahren wollen.<\/li>\n\n\n\n<li>Trotz strenger Strafen, darunter Geldbu\u00dfen und m\u00f6glicherweise Gef\u00e4ngnisstrafen, fahren Autofahrer h\u00e4ufig zu schnell.<\/li>\n\n\n\n<li>Die Polizei kann Fahrer wegen Verkehrsverst\u00f6\u00dfen festnehmen.<\/li>\n\n\n\n<li>Obwohl die Nutzung eines Mobiltelefons w\u00e4hrend der Fahrt sehr verbreitet ist, ist sie illegal.<\/li>\n\n\n\n<li>F\u00fcr Fahrer besteht Anschnallpflicht.<\/li>\n\n\n\n<li>An den Wochenenden kommt es aufgrund des Zustroms von Fahrzeugen aus den Nachbarl\u00e4ndern zu st\u00e4rkeren Verkehrsstaus.<\/li>\n<\/ul>\n\n\n\n<h3 class=\"wp-block-heading\">Kleiderordnung<\/h3>\n\n\n\n<p>Bahrainer kleiden sich typischerweise konservativ und traditionell und k\u00f6nnen ver\u00e4rgert sein, wenn andere sich schlecht oder im Widerspruch zu islamischen Normen kleiden.<\/p>\n\n\n\n<p>An \u00f6ffentlichen Orten wie Einkaufszentren, Restaurants und Parks ist angemessene Kleidung erw\u00fcnscht. Die Kleidung darf nicht durchsichtig sein, unanst\u00e4ndige K\u00f6rperteile zeigen oder anst\u00f6\u00dfige Bilder oder Botschaften darstellen. Wer einen dieser Orte in unangemessener Kleidung besucht, wird m\u00f6glicherweise zum Verlassen aufgefordert (die meisten gr\u00f6\u00dferen Einkaufszentren weisen mit Schildern auf angemessene Kleidung hin). Jegliche Form von Nacktheit ist strengstens verboten, selbst das Sonnenbaden ohne Oberteil. W\u00e4hrend des Ramadan, in dem Bescheidenheit angeraten ist, gelten diese Grunds\u00e4tze noch strenger.<\/p>\n\n\n\n<h3 class=\"wp-block-heading\">Religion<\/h3>\n\n\n\n<p>In Bahrain genie\u00dft der Islam hohes Ansehen. Jegliche Missachtung religi\u00f6ser Ideen oder Praktiken gilt als \u00e4u\u00dferst respektlos und kann zu einer hohen Geldstrafe und\/oder Gef\u00e4ngnisstrafe f\u00fchren. Andere Religionen werden respektiert und k\u00f6nnen in Bahrain frei praktiziert werden. Beachten Sie einige einfache Regeln:<\/p>\n\n\n\n<p>Muslime verrichten t\u00e4glich f\u00fcnf Gebete. Moscheen rufen ihre Gl\u00e4ubigen \u00fcber Lautsprecher zum Gebet. Beachten Sie, dass Autos, die sich nicht in der N\u00e4he einer Moschee befinden, m\u00f6glicherweise auf einer Haltebucht anhalten, um diskret zu beten.<\/p>\n\n\n\n<p>Muslime fasten im heiligen Monat Ramadan von Sonnenaufgang bis Sonnenuntergang. Essen, Trinken, Rauchen, laute Musik und Tanzen in der \u00d6ffentlichkeit sind w\u00e4hrend des Ramadan tags\u00fcber verboten und werden gesetzlich bestraft, auch f\u00fcr Nichtmuslime.<\/p>\n\n\n\n<h3 class=\"wp-block-heading\">Klima und Naturkatastrophen<\/h3>\n\n\n\n<p>In Bahrain herrschen oft extrem hohe Temperaturen. Von Juni bis August kann die Temperatur \u00fcber 50 \u00b0C liegen.<\/p>\n\n\n\n<p>So vermeiden Sie Hitzschlag und Dehydrierung:<\/p>\n\n\n\n<ul class=\"wp-block-list\">\n<li>viel Wasser trinken<\/li>\n\n\n\n<li>Vermeiden Sie lange Aufenthalte in der Hitze<\/li>\n<\/ul>\n\n\n\n<p>Sand- und Staubst\u00fcrme kommen h\u00e4ufig vor.<\/p>\n\n\n\n<h3 class=\"wp-block-heading\">Demonstrationen<\/h3>\n\n\n\n<p>Gelegentliche Demonstrationen und Proteste sind m\u00f6glich. Dies kann zu Verkehrsbehinderungen sowie Unruhen in l\u00e4ndlichen Gebieten und in der N\u00e4he von Wirtschaftszentren f\u00fchren. Gelegentlich kommt es zu lokalen Konflikten zwischen staatlichen Sicherheitskr\u00e4ften und Demonstranten. Jahrestage wichtiger Ereignisse in Bahrain erh\u00f6hen gelegentlich die Wahrscheinlichkeit spontaner Demonstrationen. In der Vergangenheit kam es in Sitra, Bani Jamra, Karbabad, Saar, Karzakan, am Budaiya Highway und in benachbarten D\u00f6rfern zu vergleichbaren Vorf\u00e4llen.<\/p>\n\n\n\n<p>Auch wenn es bislang zu keinen direkten Drohungen oder Angriffen gegen britische Staatsangeh\u00f6rige gekommen ist, sollten Sie vorsichtig bleiben, den Ratschl\u00e4gen der \u00f6rtlichen Beh\u00f6rden folgen und \u00fcberall auf der Insel auf Ihre Umgebung achten.<\/p>\n\n\n\n<p>Wer sich versehentlich in die N\u00e4he einer gewaltt\u00e4tigen Kundgebung begibt, ist gef\u00e4hrdet.<\/p>\n\n\n\n<p>Wenn Sie auf eine gro\u00dfe Menschenansammlung oder Demonstration sto\u00dfen, m\u00fcssen Sie den Bereich umgehend verlassen. Sollten Sie ein verd\u00e4chtiges Objekt bemerken, vermeiden Sie es, sich ihm zu n\u00e4hern oder es zu ber\u00fchren. Entfernen Sie sich und w\u00e4hlen Sie die 999 oder die Polizeinotrufnummer 8000 8008.<\/p>\n\n\n\n<p>Tags\u00fcber ist der Verkehr auf den Hauptverkehrsstra\u00dfen meist geordnet. Es gibt mehrere Polizeikontrollpunkte.<\/p>\n\n\n\n<p>W\u00e4hrend Demonstrationen k\u00f6nnen Stra\u00dfen unpassierbar sein und Umleitungen erforderlich machen. Diese k\u00f6nnen durch unbekanntes Gebiet f\u00fchren. Machen Sie sich mit anderen Wegen vertraut.<\/p>\n\n\n\n<p>Die \u00f6ffentliche Meinung in der Region wird weiterhin von regionalen Entwicklungen beeinflusst. Sie m\u00fcssen sich der lokalen Sensibilit\u00e4ten in diesen Angelegenheiten bewusst sein. Verfolgen Sie die Nachrichten und achten Sie auf lokale und regionale Entwicklungen, die \u00f6ffentliche Unruhen ausl\u00f6sen k\u00f6nnen.<\/p>\n\n\n\n<p>Das Innenministerium weist darauf hin, dass alle Einwohner und G\u00e4ste verpflichtet sind, einen Lichtbildausweis mitzuf\u00fchren. Eine Geldstrafe von bis zu 300 Baht kann verh\u00e4ngt werden, wenn Sie auf Verlangen eines bahrainischen Regierungsmitglieds keinen Lichtbildausweis vorzeigen k\u00f6nnen, wie es die bahrainische Gesetzgebung vorschreibt.<\/p>\n\n\n\n<h2 class=\"wp-block-heading\">Bleiben Sie gesund in Bahrain<\/h2>\n\n\n\n<p>Trinken Sie viel Wasser. Von April bis August kann es extrem hei\u00df (bis zu 50 Grad Celsius) und schw\u00fcl werden. Sch\u00fctzen Sie sich mit einem Sonnenschirm vor der Sonne. Ausreichend Fl\u00fcssigkeit ist wichtig, besonders wenn Sie tags\u00fcber im Freien sind. Wasserflaschen sind fast \u00fcberall in der Stadt zu extrem g\u00fcnstigen Preisen erh\u00e4ltlich, in K\u00fchlh\u00e4usern und kleinen Restaurants.<\/p>\n\n\n\n<p>Kleine K\u00fchlflaschen werden von Stra\u00dfenh\u00e4ndlern im Souk verkauft, aber Sie k\u00f6nnten am Ende mehr ausgeben, als die Flasche wert ist. Wenn Sie l\u00e4ngere Zeit in Bahrain bleiben m\u00f6chten, k\u00f6nnen Sie sich von einem \u00f6rtlichen K\u00fchlhaus Wasserflaschen in Ihre Wohnung liefern lassen oder sich von einem der vielen Unternehmen auf der Insel Wasser liefern lassen. Viele K\u00fchlh\u00e4user (und auch einige Hotels) liefern ihre Waren (oder Mahlzeiten) kostenlos in Ihr Hotel oder Ihre Wohnung.<\/p>\n\n\n\n<h3 class=\"wp-block-heading\">COVID 19<\/h3>\n\n\n\n<p>Im \u00f6ffentlichen Raum gelten keine COVID-19-Beschr\u00e4nkungen, und alle Unternehmen, einschlie\u00dflich Gesch\u00e4fte, Banken und Restaurants, arbeiten wie gewohnt. Das Tragen einer Maske ist sowohl im Innen- als auch im Au\u00dfenbereich (ausgenommen Gesundheitseinrichtungen) optional.<\/p>\n\n\n\n<p>Es gibt keine COVID-19-bedingten Einschr\u00e4nkungen hinsichtlich der Verf\u00fcgbarkeit von Unterk\u00fcnften und Einrichtungen, einschlie\u00dflich Hotels und privaten Mieteinheiten.<\/p>\n\n\n\n<p>Wenn Sie glauben, COVID-19-Symptome zu haben, sollten Sie die lokale Hotline unter 444 anrufen und den Anweisungen der Beh\u00f6rden folgen. F\u00fcr allgemeine Anfragen zu COVID-19 in Bahrain wenden Sie sich bitte an das Gesundheitsministerium unter covid19@moh.gov.bh. Personen, die positiv auf COVID-19 getestet wurden, werden von den Beh\u00f6rden \u00fcber die App \u201eBeAware\u201c kontaktiert und m\u00fcssen sich ab dem Datum der Infektion f\u00fcr 7 Tage (bei vollst\u00e4ndiger Impfung) bzw. 10 Tage (bei Ungeimpften) zu Hause oder in einem Hotel selbst isolieren. Mit einem negativen PCR-Testergebnis eines privaten Krankenhauses kann die Selbstisolation vorzeitig beendet werden. Bei Bedarf wird eine kostenlose COVID-19-Therapie angeboten.<\/p>","protected":false},"excerpt":{"rendered":"<p>Bahrain erlebte 2011 einen beinahe b\u00fcrgerkriegs\u00e4hnlichen Zustand mit Hunderten von Todesopfern und Verletzten sowie der Inhaftierung und Folter einer betr\u00e4chtlichen Zahl von Aktivisten und medizinischem Personal. Obwohl die massiven Proteste r\u00fccksichtslos niedergeschlagen wurden, bleibt die Lage instabil, und es kann jederzeit zu Protesten, Unruhen und Polizeimorden kommen. Reisende sollten die l\u00e4ndlichen Regionen und Gemeinden im Nordwesten des Landes meiden. Gro\u00dfe Proteste k\u00f6nnen jederzeit stattfinden, und obwohl sie zeitweise gewaltt\u00e4tig werden k\u00f6nnen, sind sie selten antiwestlich. Vermeiden Sie Orte, an denen sich gro\u00dfe Menschenansammlungen aufhalten.<\/p>","protected":false},"author":1,"featured_media":35491,"parent":35335,"menu_order":0,"comment_status":"closed","ping_status":"closed","template":"elementor_theme","meta":{"_eb_attr":"","footnotes":""},"class_list":["post-35488","page","type-page","status-publish","has-post-thumbnail"],"_links":{"self":[{"href":"https:\/\/travelshelper.com\/de\/wp-json\/wp\/v2\/pages\/35488","targetHints":{"allow":["GET"]}}],"collection":[{"href":"https:\/\/travelshelper.com\/de\/wp-json\/wp\/v2\/pages"}],"about":[{"href":"https:\/\/travelshelper.com\/de\/wp-json\/wp\/v2\/types\/page"}],"author":[{"embeddable":true,"href":"https:\/\/travelshelper.com\/de\/wp-json\/wp\/v2\/users\/1"}],"replies":[{"embeddable":true,"href":"https:\/\/travelshelper.com\/de\/wp-json\/wp\/v2\/comments?post=35488"}],"version-history":[{"count":0,"href":"https:\/\/travelshelper.com\/de\/wp-json\/wp\/v2\/pages\/35488\/revisions"}],"up":[{"embeddable":true,"href":"https:\/\/travelshelper.com\/de\/wp-json\/wp\/v2\/pages\/35335"}],"wp:featuredmedia":[{"embeddable":true,"href":"https:\/\/travelshelper.com\/de\/wp-json\/wp\/v2\/media\/35491"}],"wp:attachment":[{"href":"https:\/\/travelshelper.com\/de\/wp-json\/wp\/v2\/media?parent=35488"}],"curies":[{"name":"wp","href":"https:\/\/api.w.org\/{rel}","templated":true}]}}