{"id":35472,"date":"2024-11-30T22:59:50","date_gmt":"2024-11-30T22:59:50","guid":{"rendered":"https:\/\/travelshelper.com\/staging\/?page_id=35472"},"modified":"2026-03-11T02:07:26","modified_gmt":"2026-03-11T02:07:26","slug":"traditionen-brauche-in-bahrain","status":"publish","type":"page","link":"https:\/\/travelshelper.com\/de\/destinations\/asia\/bahrain\/traditions-customs-in-bahrain\/","title":{"rendered":"Traditionen und Br\u00e4uche in Bahrain"},"content":{"rendered":"<p>Bahrain ist ein gastfreundliches Gastland. Sie sollten jedoch stets Respekt und H\u00f6flichkeit gegen\u00fcber Ihren kulturellen Traditionen und Ihrer Religion zeigen. In Gegenden, in denen sich viele Araber aufhalten, tragen Sie lieber lange Hosen als Shorts. Damen sollten auf transparente Kleidung verzichten.<\/p>\n\n\n\n<p>Badeanz\u00fcge, Bikinis und Shorts sind in Strandclubs und Hotels zul\u00e4ssig. Zeigen Sie in der \u00d6ffentlichkeit keine Liebesbekundungen gegen\u00fcber Personen des anderen Geschlechts. Personen des anderen Geschlechts wurden wegen K\u00fcssens in der \u00d6ffentlichkeit verhaftet und sind gesellschaftlich nicht akzeptiert. Vermeiden Sie stets Streit und lassen Sie sich niemals auf eine Debatte ein, insbesondere nicht mit Einheimischen.<\/p>\n\n\n\n<p>Die offizielle Religion des K\u00f6nigreichs ist der Islam. Mehr als 70 % der Bev\u00f6lkerung bekennen sich zu ihm. Der Rest besteht aus Christen, Buddhisten und Hindus. Ein kleiner Teil der Bev\u00f6lkerung bekennt sich zu keiner Religion. Kirche und Staat sind nicht getrennt. Es gilt die Scharia (islamisches Recht). Die Religionsfreiheit ist in der Verfassung verankert. Sie ist eine Tatsache. Religi\u00f6se Verfolgung gibt es hier nicht. Vertreter verschiedener Religionen k\u00f6nnen ihre Riten und Feiertage frei aus\u00fcben.<\/p>\n\n\n\n<p>Die muslimische Gemeinschaft ist heterogen. Sunniten betrachten die Beduinen als ihre Vorfahren. Schiiten stammen ihrem Glauben zufolge vom Propheten ab. Die Mehrheit der Schiiten geh\u00f6rt der ethnischen und religi\u00f6sen Gemeinschaft der Baharna an. Sie sind traditionell und fromm. Sunniten und Schiiten bilden getrennte Gemeinschaften. Ihre Rechtsstreitigkeiten werden von getrennten Gerichten entschieden.<\/p>\n\n\n\n<p>Die soziale Stellung der Frau in Bahrain ist im Vergleich zu den meisten arabischen L\u00e4ndern \u00fcberlegen. Frauen d\u00fcrfen hier arbeiten. Sie stellen fast ein Drittel der Erwerbsbev\u00f6lkerung des Landes. Sie haben Zugang zu Bildung und Gesundheitsversorgung. Etwa 60 % der Frauen verf\u00fcgen \u00fcber einen Hochschulabschluss. Viele Frauen sind in der Wirtschaft t\u00e4tig. In der Politik sind Frauen nach wie vor unterrepr\u00e4sentiert. In der Regierung sind sie nicht vertreten. Es gibt keine offiziellen Gesetze, die die Rechte der Frauen verletzen. Diese Regelungen stehen jedoch im Widerspruch zur Scharia, die Frauen vorschreibt, Gesicht und K\u00f6rper zu bedecken. Die meisten Frauen tragen einen Tschador, der ihr Gesicht nicht bedeckt. Der Niqab verh\u00fcllt das Gesicht von Frauen aus traditionelleren Familien vollst\u00e4ndig. Ausl\u00e4ndische Frauen werden von den Einheimischen toleriert. Sie sollten jedoch Ihre Schultern und Beine bedecken. Auch f\u00fcr ausl\u00e4ndische M\u00e4nner gibt es Vorschriften. Es ist verboten, in der \u00d6ffentlichkeit in Shorts und Sportkleidung aufzutreten.<\/p>\n\n\n\n<p>Diese Demokratie ist das Ergebnis der schnell wachsenden Wirtschaft Bahrains, die viele Ausl\u00e4nder anzieht. Bahrain ist das liberalste muslimische Land. Einwohner anderer arabischer L\u00e4nder verbringen hier h\u00e4ufig ihren Urlaub. Das Land verkauft und konsumiert Alkohol. W\u00e4hrend des heiligen Monats Ramadan versch\u00e4rfen sich die moralischen Standards. Gl\u00e4ubige fasten. Muslimen ist es w\u00e4hrend dieser Zeit tags\u00fcber verboten, zu essen und zu trinken.<\/p>\n\n\n\n<p>Religion beeinflusst die Etikette. Die linke Hand gilt traditionell als schmutzig, da sie der K\u00f6rperpflege dient. Essen und Geld d\u00fcrfen zwar angenommen werden, aber nur mit der rechten Hand. Beim Betreten eines Hauses oder einer Moschee m\u00fcssen die Schuhe ausgezogen werden. Man darf nicht mit den F\u00fc\u00dfen auf den Gespr\u00e4chspartner zeigen, ihm nicht intensiv in die Augen schauen, beim Gehen essen oder w\u00e4hrend eines Gespr\u00e4chs aktiv gestikulieren.<\/p>\n\n\n\n<p>Die Familie hat f\u00fcr die B\u00fcrger des Landes h\u00f6chste Bedeutung. Frauen heiraten sehr jung, ab 14 Jahren. M\u00e4nner heiraten zwischen 20 und 22 Jahren. Es ist \u00fcblich, Br\u00e4ute freizukaufen. Polygamie ist nach dem Scharia-Gesetz zul\u00e4ssig. Allerdings sollte jede Ehefrau \u00fcber eine eigene, komfortable Wohnung verf\u00fcgen. Es gibt auch \u00dcbergangsehen (Muta). Diese werden ausschlie\u00dflich von Schiiten akzeptiert. Am Ende einer solchen Ehe erh\u00e4lt die Frau eine Belohnung. Formal sind die Rechte einer Frau denen einer gew\u00f6hnlichen Ehefrau gleichwertig. Ihre Nachkommen gelten ebenfalls als legitim. Sie hat Anspruch auf ein Mahr (Geschenk ihres Mannes). Die Dauer der Ehe kann unbegrenzt oft verl\u00e4ngert werden. Nach einer gescheiterten Ehe muss eine Frau eine Pause einlegen, bevor sie wieder heiraten kann. Diese Pause ist erforderlich, um eine Schwangerschaft auszuschlie\u00dfen. W\u00e4hrend dieser vier- bis zwanzigw\u00f6chigen Pause unterst\u00fctzt der Ehemann die Ehefrau weiterhin.<\/p>\n\n\n\n<p>Nach der Unabh\u00e4ngigkeit Bahrains 1971 erlebte die Kultur Bahrains einen deutlichen Aufschwung. Neben der traditionellen Kunst erlebt auch die moderne Kunst einen Aufschwung. Impressionismus, Expressionismus und Surrealismus erfreuen sich zunehmender Beliebtheit. Regelm\u00e4\u00dfig werden Ausstellungen moderner Kunst organisiert. Mehrere Museen und Galerien dienen diesem Zweck. Bemerkenswert sind die traditionellen K\u00fcnste der arabischen Kalligrafie, der Keramik, der Schmuckherstellung und des Schmiedehandwerks. Ende des 20. Jahrhunderts erlebte auch die Literatur eine rasante Entwicklung. Sie ist stark westlich gepr\u00e4gt. Im Gegensatz zu anderen islamischen L\u00e4ndern gibt es in Bahrain eine gro\u00dfe Anzahl von Dichterinnen, die ihre Werke ver\u00f6ffentlichen.<\/p>\n\n\n\n<p>Arabische, indische und persische Musik beeinflussten die traditionelle Musik Bahrains. Die beliebtesten Stile sind Saut, Fijri und Liwa. Die bahrainische Bev\u00f6lkerung ist seit langem im Perlenabbau t\u00e4tig. Perlentaucher entwickelten ihre eigene Kultur, einschlie\u00dflich Musik. Fijri ist die Musik der Perlentaucher. Es ist wichtig zu beachten, dass es K\u00fcsten- und Seemannslieder gibt. Liwa ist die Musik der Afrikaner. Arabische Musik, bekannt als Saut, wird auf Oud, Schlaginstrumenten und Rebab gespielt. Auch moderne Musik gibt es. Es gibt Bands, die Rockmusik spielen. Bahrain verf\u00fcgt auch \u00fcber Aufnahmestudios. Kino ist nicht illegal. Aber einheimische Filme werden praktisch nie gedreht.<\/p>","protected":false},"excerpt":{"rendered":"<p>Bahrain ist ein gastfreundliches Gastland. Sie sollten jedoch stets Respekt und H\u00f6flichkeit gegen\u00fcber Ihren kulturellen Traditionen und Ihrer Religion zeigen. In Gegenden, in denen sich viele Araber aufhalten, tragen Sie lieber lange Hosen als Shorts. Damen sollten auf transparente Kleidung verzichten.<\/p>","protected":false},"author":1,"featured_media":35474,"parent":35335,"menu_order":0,"comment_status":"closed","ping_status":"closed","template":"elementor_theme","meta":{"_eb_attr":"","footnotes":""},"class_list":["post-35472","page","type-page","status-publish","has-post-thumbnail"],"_links":{"self":[{"href":"https:\/\/travelshelper.com\/de\/wp-json\/wp\/v2\/pages\/35472","targetHints":{"allow":["GET"]}}],"collection":[{"href":"https:\/\/travelshelper.com\/de\/wp-json\/wp\/v2\/pages"}],"about":[{"href":"https:\/\/travelshelper.com\/de\/wp-json\/wp\/v2\/types\/page"}],"author":[{"embeddable":true,"href":"https:\/\/travelshelper.com\/de\/wp-json\/wp\/v2\/users\/1"}],"replies":[{"embeddable":true,"href":"https:\/\/travelshelper.com\/de\/wp-json\/wp\/v2\/comments?post=35472"}],"version-history":[{"count":0,"href":"https:\/\/travelshelper.com\/de\/wp-json\/wp\/v2\/pages\/35472\/revisions"}],"up":[{"embeddable":true,"href":"https:\/\/travelshelper.com\/de\/wp-json\/wp\/v2\/pages\/35335"}],"wp:featuredmedia":[{"embeddable":true,"href":"https:\/\/travelshelper.com\/de\/wp-json\/wp\/v2\/media\/35474"}],"wp:attachment":[{"href":"https:\/\/travelshelper.com\/de\/wp-json\/wp\/v2\/media?parent=35472"}],"curies":[{"name":"wp","href":"https:\/\/api.w.org\/{rel}","templated":true}]}}