{"id":35418,"date":"2024-11-30T21:45:41","date_gmt":"2024-11-30T21:45:41","guid":{"rendered":"https:\/\/travelshelper.com\/staging\/?page_id=35418"},"modified":"2026-03-11T01:22:03","modified_gmt":"2026-03-11T01:22:03","slug":"geld-einkaufen-in-bahrain","status":"publish","type":"page","link":"https:\/\/travelshelper.com\/de\/destinations\/asia\/bahrain\/money-shopping-in-bahrain\/","title":{"rendered":"Geld &amp; Einkaufen in Bahrain"},"content":{"rendered":"<p>Bahrain bietet sowohl moderne Einkaufszentren als auch traditionelle Souks und bietet somit f\u00fcr jeden Einkaufswunsch das Richtige. In Bahrain ist Einkaufen weit mehr als nur ein Hobby; es ist eine Lebenseinstellung. Freitags und samstags, am Golfwochenende, wimmelt es in den Einkaufsvierteln von Touristen aus aller Welt auf der Suche nach Schn\u00e4ppchen, Restaurants und geselligen Beisammensein.<\/p>\n\n\n\n<p>Haute Couture und Designermarken locken, und jeden Monat er\u00f6ffnet ein neues Einkaufszentrum. Jedes Hotel ist in puncto Gestaltung, Design und Ambiente einzigartig. Al Seef ist eines der gr\u00f6\u00dften Einkaufszentren der Insel, doch Al A&#039;ali steht ihm in Sachen Gr\u00f6\u00dfe in nichts nach. Die Bahrain Mall, die Dana Mall und die Sitra Mall befinden sich alle in Sanabis, w\u00e4hrend die Sitra Mall etwas au\u00dferhalb des Hauptzentrums liegt. Das weitl\u00e4ufige Bahrain City Centre ist ein voll ausgestatteter Freizeitkomplex mit zwei Hotels, einem Wasserpark und einem Multiplex-Kino.<\/p>\n\n\n\n<p>Am anderen Ende der Skala bieten traditionelle Souks ebenso viel Spa\u00df und eine vergleichbare Warenvielfalt. Entspannt und gastfreundlich, bieten sie Touristen neben Schn\u00e4ppchen auch ein Erlebnis. Der Manama Souk ist der gr\u00f6\u00dfte und beliebteste, w\u00e4hrend der Muharraq Souk ein authentisches Dorfambiente mitten in der Stadt bietet. Der iranische Souk in Isa Town bietet eine gro\u00dfe Auswahl an gebrauchten Produkten, Schmuck und sogar einen interessanten Vogelmarkt. In Adilya gibt es viele Teppichh\u00e4ndler und Kunsthandwerksbetriebe, die bahrainische Handwerkskunst verkaufen.<\/p>\n\n\n\n<h2 class=\"wp-block-heading\">Geld in Bahrain<\/h2>\n\n\n\n<p>Der Bahrain-Dinar (BD) ist die W\u00e4hrung Bahrains und besteht aus 1000 Fils. Ein Dinar ist fast drei Dollar wert (genauer gesagt 2,66 US-Dollar, da der Wechselkurs festgelegt ist). Damit ist er eine der m\u00e4chtigsten W\u00e4hrungen der Welt (nach Kuwait die zweitm\u00e4chtigste), was f\u00fcr viele schwer zu akzeptieren sein kann. Angeblich kostet eine g\u00fcnstige Taxifahrt f\u00fcr 10 Dinar in Wirklichkeit fast 27 Dollar und ist somit ein Erpressungsversuch!<\/p>\n\n\n\n<p>Der Dinar ist eine frei konvertierbare W\u00e4hrung ohne Ein- und Ausfuhrbeschr\u00e4nkungen. Die M\u00fcnzwerte sind 5 Fils, 10 Fils, 25 Fils, 50 Fils und 100 Fils (500-Fil-M\u00fcnzen sind selten, aber g\u00fcltig). Banknoten gibt es in den St\u00fcckelungen 500 Fils (1\/2 BD), 1 BD, 5 BD, 10 BD und 20 BD.<\/p>\n\n\n\n<p>Der Dinar ist im Verh\u00e4ltnis 1:10 an den Saudi-Riyal gekoppelt, und Rial werden fast \u00fcberall zu diesem Kurs akzeptiert. Sie erhalten Ihr Wechselgeld jedoch h\u00f6chstwahrscheinlich in Dinar, und Hotels k\u00f6nnten versuchen, Sie um einen kleinen Teil Ihres Geldes zu betr\u00fcgen. Wenn Sie aus Saudi-Arabien kommen, m\u00fcssen Sie Ihr Geld nicht wechseln, sollten aber versuchen, \u00fcbersch\u00fcssige Dinar vor der Ausreise loszuwerden, da sie selbst in Saudi-Arabien schwer umzutauschen sind.<\/p>\n\n\n\n<h2 class=\"wp-block-heading\">Preise in Bahrain<\/h2>\n\n\n\n<p>Bahrain ist wie andere Golfstaaten nicht gerade g\u00fcnstig. Ein gutes Essen kostet etwa 4,00 BD, und ein Mietwagen f\u00fcr 10\u201320 DL pro Tag ist akzeptabel. Die Hotelpreise k\u00f6nnen jedoch Ihr Budget belasten: F\u00fcr ein durchschnittliches Hotelzimmer m\u00fcssen Sie mit 50 BD rechnen. Wenn Sie ein gutes Angebot suchen, sollten Sie die j\u00e4hrliche Formel-1-Veranstaltung im April meiden. Die Hotelkosten verdreifachen sich. W\u00e4hrend des Rennens kann ein Zimmer im Golfhotel \u00fcber 300 BD pro Nacht kosten.<\/p>\n\n\n\n<h2 class=\"wp-block-heading\">Einkaufen in Bahrain<\/h2>\n\n\n\n<p>In Bahrain gibt es viele gro\u00dfe Einkaufszentren mit weltbekannten Luxusgesch\u00e4ften, Apotheken, Superm\u00e4rkten, Gastronomiebereichen, traditionellen und modernen Caf\u00e9s, Spielpl\u00e4tzen und Spielhallen, Kinos (3D und 2D) und sogar einem Eingangstor zu einem Wasserpark.<\/p>\n\n\n\n<p>Ein Besuch des \u00f6rtlichen Souks ist ein Muss. Dort k\u00f6nnen Sie um die Preise von Rolex-Uhren, Schmuck und einer Vielzahl anderer Artikel feilschen. Viele hervorragende Schneider finden Sie im Souk. Wenn Sie lange genug bleiben (sagen wir eine Woche), k\u00f6nnen Sie Ihr Lieblingsoutfit tragen und es mit jedem beliebigen Material aus der riesigen Auswahl originalgetreu nachbilden.<\/p>\n\n\n\n<p>Bahrain ist ein extrem teures Land. Dennoch m\u00f6chten viele Menschen Souvenirs von diesem atemberaubenden Ort mit nach Hause nehmen. Der ber\u00fchmte traditionelle arabische Basar sollte Ihre erste Anlaufstelle sein. Dort k\u00f6nnen Sie die meisten Souvenirs kaufen. Die farbenfrohen Einkaufspassagen ziehen sofort Ihre Aufmerksamkeit auf sich. Arabische Verk\u00e4ufer sind zudem \u00e4u\u00dferst \u00fcberzeugend. Sie werden Sie sicherlich auch zum Kauf des nutzlosesten Gegenstands \u00fcberreden k\u00f6nnen.<\/p>\n\n\n\n<p>Der Vorteil arabischer M\u00e4rkte ist die M\u00f6glichkeit zu feilschen. Dies ist unerl\u00e4sslich, da die meisten H\u00e4ndler ihre Preise mit Blick auf Verhandlungsspielraum festlegen. Wenn Sie hartn\u00e4ckig bleiben, k\u00f6nnen Sie ein Produkt zum doppelten oder sogar dreifachen Preis erwerben. Feilschen ist ein wahres Spektakel. Der K\u00e4ufer geht w\u00e4hrend der Transaktion weg und kommt wieder. Der Verk\u00e4ufer ballt die F\u00e4uste und passt den Preis an. In kleinen Privatgesch\u00e4ften kann man au\u00dferdem feilschen. In einem gro\u00dfen Einkaufszentrum kann dies jedoch als unangenehm und r\u00fccksichtslos empfunden werden.<\/p>\n\n\n\n<p>Bab Al Bahrain ist Bahrains bekanntester Marktplatz. Er befindet sich in Manama. Die verwinkelten, engen Gassen vermitteln ein Gef\u00fchl der Eintauchen in ein authentisches arabisches M\u00e4rchen. Hier k\u00f6nnen Sie einzigartige Souvenirs, frische Produkte, traditionelle Waren und Gew\u00fcrze kaufen. Beachten Sie, dass einige Produkte aus China importiert werden und deutlich g\u00fcnstiger sind als andere. Wenn Sie also ein arabisches Andenken mitbringen m\u00f6chten, w\u00e4hlen Sie es sorgf\u00e4ltig aus und geben Sie etwas mehr f\u00fcr ein w\u00fcrdiges Souvenir aus.<\/p>\n\n\n\n<p>Der Gold Souq (Goldmarkt) liegt im Zentrum von Manamas pulsierendem Stadtbild. Hier finden Sie die gr\u00f6\u00dfte Auswahl an Goldschmuck, anderen Edelmetallen und Perlen. Sie k\u00f6nnen Ringe, Armb\u00e4nder und andere Schmuckst\u00fccke kaufen. Dar\u00fcber hinaus gibt es einzigartige und besondere Produkte. Auch mit kleinem Budget finden Sie hier passendes vergoldetes Schmuckst\u00fcck zu einem erschwinglichen Preis. Der Gold Souq ist ein Ort, an dem man unvergessliche Eindr\u00fccke und wunderbare Gef\u00fchle erleben kann. Sie k\u00f6nnen jedes Schmuckst\u00fcck anprobieren, auch wenn Sie es nicht kaufen m\u00f6chten.<\/p>\n\n\n\n<p>Die City Center Mall ist ein beliebtes Ziel f\u00fcr Einheimische und Touristen. Neben dem St\u00f6bern in den stilvollen Gesch\u00e4ften und dem Einkaufen k\u00f6nnen Sie auch einen Snack in einem fantastischen Restaurant genie\u00dfen und sich im Wasserpark vergn\u00fcgen. Das Einkaufszentrum Capital Mall wird Sie nicht nur mit seinen einzigartigen Produkten begeistern, sondern auch mit der M\u00f6glichkeit, die Arbeiten bahrainischer Kunsthandwerker zu bewundern.<\/p>\n\n\n\n<p>Wenn Sie zum Einkaufen nach Bahrain reisen, sollten Sie auch die \u00d6ffnungszeiten und die dreist\u00fcndigen Pausen beachten. Die Verk\u00e4ufer beginnen um 9 Uhr morgens zu arbeiten. Die Gesch\u00e4fte schlie\u00dfen gegen 21 Uhr. Die Gesch\u00e4ftswoche dauert von Samstag bis Donnerstag. Freitag ist im Einzelhandel typischerweise ein ruhiger Tag. Die Gesch\u00e4fte schlie\u00dfen heute um 16 Uhr.<\/p>\n\n\n\n<p>Al Muharraq ist ein beliebter Ort f\u00fcr Reisende, die gerne Souvenirs kaufen. Hier finden Sie eine gro\u00dfe Auswahl an Gew\u00fcrzen, Halva, Kaffee, S\u00fc\u00dfigkeiten und anderen k\u00f6stlichen arabischen Leckereien zu erschwinglichen Preisen. Es empfiehlt sich jedoch, den Ort mit einem ortskundigen F\u00fchrer zu besuchen. Andernfalls besteht die Gefahr, sich zu verlaufen. Asia Carpet &amp; Antiques ist ein faszinierendes Gesch\u00e4ft. Hier k\u00f6nnen Sie eine Vielzahl von Teppichen und ungew\u00f6hnlichen Antiquit\u00e4ten erwerben.<\/p>\n\n\n\n<p>Nachdem Sie sich entschieden haben, wo Sie einkaufen m\u00f6chten, sollten Sie \u00fcberlegen, was Sie als Andenken von Ihrer Reise mitbringen m\u00f6chten. Besonders beliebt sind hochwertige Artikel im arabischen Stil. Dies kann ein Kost\u00fcm f\u00fcr orientalische T\u00e4nze, ein Paar Schuhe mit gebogenen Spitzen oder andere farbenfrohe Kleidungsst\u00fccke sein. Im Osten gibt es eine gro\u00dfe Stoffvielfalt. So finden Sie f\u00fcr jede Art von Handarbeit die passende Alternative. Perlen sind ebenfalls sehr beliebt, da sie in Bahrain hergestellt werden, im Gegensatz zu vielen anderen Dingen, die h\u00e4ufig importiert werden. Beliebte Souvenirs, die die Kultur und das Ambiente eines Landes wie Bahrain widerspiegeln, sind Gem\u00e4lde, Lampen, Wasserpfeifen und Keramik.<\/p>\n\n\n\n<h3 class=\"wp-block-heading\">Al Aali Einkaufszentrum<\/h3>\n\n\n\n<p><em>Rd No 2819, Seef, Bahrain<\/em><\/p>\n\n\n\n<p>Der Al Aali Shopping Complex im Gesch\u00e4ftsviertel von Seef bietet ein einzigartiges und anspruchsvolles Einkaufserlebnis. Dieses exquisite Ambiente h\u00e4lt mit seiner eleganten Umgebung, dem eleganten Ambiente und der Vielzahl an Luxusmarken, was es verspricht: Glamour, Mode und zeitlosen Luxus.<\/p>\n\n\n\n<p>Der 52.000 Quadratmeter gro\u00dfe Komplex wurde 1996 als exklusives Einkaufsziel er\u00f6ffnet und besticht durch sein unverwechselbares architektonisches Design, das zeitgen\u00f6ssische Architektur elegant mit traditionellem arabischen Stil verbindet. Der neue Anbau unterstreicht den moderneren Aspekt des Komplexes und verbindet Modernes mit Historischem.<\/p>\n\n\n\n<p>Das zentrale Atrium besticht durch ein spektakul\u00e4res Glasdach, das viel Licht in die Verkaufsr\u00e4ume l\u00e4sst und eine Open-Air-Atmosph\u00e4re schafft, die sich bis in den modernen Saraya-Fl\u00fcgel erstreckt. Der Al A&#039;ali Shopping Complex beherbergt Einrichtungsgesch\u00e4fte, exklusive Geschenkartikell\u00e4den, Perlengesch\u00e4fte und ein Spa.<\/p>\n\n\n\n<h3 class=\"wp-block-heading\">Bab Al Bahrain<\/h3>\n\n\n\n<p><em>Adresse: 304 Bab Al Bahrain Ave<\/em><\/p>\n\n\n\n<p>Bab Al Bahrain befindet sich am Eingang zum Manama Souk in der bahrainischen Hauptstadt Manama. Es wurde 1949 erbaut und beherbergte fr\u00fcher Regierungsb\u00fcros. Der historische Manama Souk befindet sich hinter Bab Al Bahrain.<\/p>\n\n\n\n<p>Hier finden Sie eine lebendige Ansammlung von Gesch\u00e4ften, die eine Vielzahl von Waren aus aller Welt anbieten, darunter Stoffe, Gew\u00fcrze, Weihrauch, Parf\u00fcms, Kunsthandwerk und Souvenirs sowie zeitgen\u00f6ssische Artikel. Der Manama Souk beherbergt auch eine Vielzahl klassischer Caf\u00e9s. Der Souk ist ein Wahrzeichen Bahrains; Besucher werden ihren Aufenthalt dort mit Sicherheit genie\u00dfen.<\/p>\n\n\n\n<h3 class=\"wp-block-heading\">Bahrain Dragon City Mall<\/h3>\n\n\n\n<p><em>Adresse: Diyar Al-Muharraq<\/em><\/p>\n\n\n\n<p>Dragon City ist mit \u00fcber 787 Gewerbeeinheiten das gr\u00f6\u00dfte Gro\u00df- und Einzelhandelszentrum im K\u00f6nigreich Bahrain.<\/p>\n\n\n\n<p>Dragon City liegt s\u00fcdwestlich von Diyar Al Muharraq, in unmittelbarer N\u00e4he des internationalen Flughafens von Bahrain, des hochmodernen Hafens Khalifa Bin Salman und Manama, der Hauptstadt des K\u00f6nigreichs Bahrain. Dragon City ist reich an chinesischen Architektur- und Kulturelementen und bietet Einheimischen, Handelskunden und Touristen chinesische Waren h\u00f6chster Qualit\u00e4t.<\/p>\n\n\n\n<h3 class=\"wp-block-heading\">Bahrain Mall<\/h3>\n\n\n\n<p><em>Avenue 28, Sanabis, Bahrain<\/em><\/p>\n\n\n\n<p>Die Bahrain Mall ist das erste Einkaufsziel f\u00fcr Familien im Herzen der bahrainischen Einkaufszone. Mit \u00fcber 120 internationalen Marken und dem ersten Hypermarkt des Landes ist die Bahrain Mall das erste Einkaufsziel f\u00fcr Familien und Touristen aus Bahrain, Saudi-Arabien, Kuwait und Katar.<\/p>\n\n\n\n<p>Die rote Backsteinfassade erinnert an eine ethnische Festung und verk\u00f6rpert die ber\u00fchmte Kultur Bahrains. Erleben Sie erstklassiges Shopping in traditionellem Ambiente. W\u00fcstenpalmen, Wasserspiele, Kerzen und Zeltkonstruktionen im Centre Court repr\u00e4sentieren die arabische Geschichte.<\/p>\n\n\n\n<h3 class=\"wp-block-heading\">Block 338<\/h3>\n\n\n\n<p><em>Stra\u00dfe Nr. 3831, Manama<\/em><\/p>\n\n\n\n<p>Block 338 ist eine sch\u00f6ne Fu\u00dfg\u00e4ngerzone im Herzen von Manama mit vielen internationalen Restaurants, Kunstgalerien und Boutiquen.<\/p>\n\n\n\n<p>Block 338, bekannt als Bahrains angesagtestes Gastronomieviertel, bietet eine Vielzahl von Restaurants f\u00fcr G\u00e4ste jeden Alters und Geschmacks. Die Auswahl reicht von gehobener K\u00fcche \u00fcber traditionelle bahrainische K\u00fcche bis hin zu einem entspannten Drink. Neben diesem au\u00dfergew\u00f6hnlichen kulinarischen Erlebnis bietet Block 338 zahlreiche hervorragende Gesch\u00e4fte in den Seitenstra\u00dfen und hat sich im Laufe der Jahre zu einem florierenden Viertel f\u00fcr Kunstliebhaber entwickelt.<\/p>\n\n\n\n<p>Block 338 gilt als Bahrains angesagtestes Restaurantviertel und bietet eine Vielzahl an Lokalen, die G\u00e4ste aller Altersgruppen und Vorlieben ansprechen.<\/p>\n\n\n\n<h3 class=\"wp-block-heading\">Stadtzentrum Bahrain<\/h3>\n\n\n\n<p><em>AlSeef<\/em><\/p>\n\n\n\n<p>Das City Centre Bahrain ist mit \u00fcber 13,5 Millionen Besuchern pro Jahr das beliebteste Einkaufs-, Freizeit- und Unterhaltungsziel in Bahrain.<\/p>\n\n\n\n<p>Das City Centre Bahrain umfasst mehr als 158.000 m\u00b2 Einzelhandelsfl\u00e4che und bietet mehr als 340 exklusive Marken und 60 gastronomische Einrichtungen sowie namhafte Unternehmen wie den gr\u00f6\u00dften Carrefour-Hypermarkt des K\u00f6nigreichs, Saks Fifth Avenue, Debenhams, Centrepoint, Pottery Barn und Home Centre.<\/p>\n\n\n\n<p>Zu den integrierten Familienunterhaltungsm\u00f6glichkeiten im Einkaufszentrum geh\u00f6ren ein Cineco-Kino mit 20 S\u00e4len und ein Magic Planet. Dar\u00fcber hinaus grenzt das Einkaufszentrum an zwei F\u00fcnf-Sterne-Hotels: das Westin Hotel City Centre Bahrain und das Le Meridien Hotel City Centre Bahrain.<\/p>\n\n\n\n<h3 class=\"wp-block-heading\">Gold City<\/h3>\n\n\n\n<p><em>Government Avenue, Manama<\/em><\/p>\n\n\n\n<p>Gold City, ein Paradebeispiel f\u00fcr spezialisierten Einzelhandel, entf\u00fchrt jeden Besucher in einen modernen Gold-Souk. Exklusive Galerien mit Edelmetallen und verschiedenen Edelsteinen stehen anspruchsvollen Kunden zur Verf\u00fcgung. Moderne Einrichtung, freundliches Personal und ein kostenloser Parkservice machen Gold City zu etwas ganz Besonderem. Hier k\u00f6nnen Kunden unbesorgt einkaufen.<\/p>\n\n\n\n<p>Als Land mit langer Handelsgeschichte f\u00f6rdert das K\u00f6nigreich Bahrain weiterhin den Goldsektor. Die wirtschaftsfreundliche Politik von Gold City und die gute Anbindung an das K\u00f6nigreich Saudi-Arabien und andere Golfstaaten machen die Stadt zum idealen Standort f\u00fcr Schmuckmarken, die sich in der Region etablieren m\u00f6chten.<\/p>\n\n\n\n<h3 class=\"wp-block-heading\">Einkaufszentrum von Dilmunia<\/h3>\n\n\n\n<p><em>Insel Dilmunia<\/em><\/p>\n\n\n\n<p>Mall of Dilmunia, ein Zentrum f\u00fcr Einzelhandel, trendige Restaurants, energiegeladene Unterhaltung und abenteuerliches Spielen mit einer unverwechselbaren Identit\u00e4t.<\/p>\n\n\n\n<p>Die Mall of Dilmunia vereint Form und Funktion und soll Ihr typisches Einkaufserlebnis verbessern! Vom eleganten und anspruchsvollen Design, der \u00fcppigen Landschaft, dem riesigen Kanal und den tanzenden Springbrunnen bis hin zum ersten echten Aquarium des K\u00f6nigreichs.<\/p>\n\n\n\n<p>Ein kolossales Zylinderbecken mit einer H\u00f6he von \u00fcber siebzehn Metern, das \u00fcber zweitausendf\u00fcnfhundert Arten von Meeresfischen und Korallen beherbergen wird, ein wunderbares visuelles Geschenk und eine fantastische Bildungsm\u00f6glichkeit.<\/p>\n\n\n\n<h3 class=\"wp-block-heading\">MODA Einkaufszentrum<\/h3>\n\n\n\n<p><em>Bahrain World Trade Center, West Tower, 2. Stock, Manama, Bahrain<\/em><\/p>\n\n\n\n<p>Die MODA Mall ist ein Einkaufs- und Gastronomieziel f\u00fcr alle Gelegenheiten. Mit der gr\u00f6\u00dften Sammlung internationaler Luxusmarken.<\/p>\n\n\n\n<p>Die MODA Mall ist ein Einkaufs- und Gastronomiezentrum f\u00fcr jeden Anlass im historischen Bahrain World Trade Center. Sie bietet das gr\u00f6\u00dfte Premium-Markenportfolio weltweiter Designer mit \u00fcber 80 Modemarken unter einem Dach im K\u00f6nigreich Bahrain und sorgt daf\u00fcr, dass sich jeder hier besonders f\u00fchlt. Die MODA Mall verdankt ihre Anf\u00e4nge dem ehemaligen Sheraton-Komplex, der auf eine drei\u00dfigj\u00e4hrige Tradition des Luxus zur\u00fcckblickt.<\/p>\n\n\n\n<h3 class=\"wp-block-heading\">Souq von Muharraq<\/h3>\n\n\n\n<p><em>Muharraq<\/em><\/p>\n\n\n\n<p>Der Muharraq Souq, der kleiner als der Manama Souq ist, bietet eine gro\u00dfe Auswahl an Waren und renommierte S\u00fc\u00dfwarenl\u00e4den. Al Qaisariya, der \u00e4lteste Teil des Souq, bietet ein herrliches Einkaufserlebnis. Der Souq al Qaisariya ist ein wichtiger Bestandteil der \u201ePerle einer Inselwirtschaft\u201c (UNESCO-Weltkulturerbe).<\/p>\n\n\n\n<h3 class=\"wp-block-heading\">Schwert-Einkaufszentrum<\/h3>\n\n\n\n<p><em>Seef District, Manama<\/em><\/p>\n\n\n\n<p>Die Seef Mall, das erste authentische Einkaufszentrum Bahrains, z\u00e4hlt heute zu den familienfreundlichsten Einkaufs- und Unterhaltungszielen des K\u00f6nigreichs. Ihre markante Architektur und die hellen, offenen R\u00e4ume laden zum Entdecken und Entspannen ein.<\/p>\n\n\n\n<p>Das Einkaufszentrum liegt ideal im Stadtteil Seef und zieht jede Woche zahlreiche Besucher an, die von der Vielfalt an erstklassigen Lifestyle-, Einzelhandels-, Mode- und Schmuckmarken sowie den familienfreundlichen Unterhaltungsm\u00f6glichkeiten angezogen werden. Die Seef Mall umfasst 370 Gesch\u00e4fte auf einer Gesamtfl\u00e4che von 135.000 Quadratfu\u00df (ca. 12.500 m\u00b2) mit einer Bruttomietfl\u00e4che von fast 72.000 Quadratfu\u00df (ca. 6.600 m\u00b2), darunter unter anderem M&amp;S, BHS, H&amp;M, Mango, Zara und Sun &amp; Sand Sport.<\/p>\n\n\n\n<p>In zwei charmanten und luftigen Food Courts bieten 55 Restaurants, Imbissst\u00e4nde und Caf\u00e9s eine k\u00f6stliche Auswahl an Speisen f\u00fcr jeden Geschmack. Der Indoor-Themenpark Magic Island der Seef Mall ist eine gro\u00dfe Attraktion f\u00fcr Familien und bietet ein aufregendes Erlebnis f\u00fcr Jung und Alt. Kinder k\u00f6nnen sich stundenlang am\u00fcsieren, w\u00e4hrend ihre Eltern einkaufen \u2013 der perfekte Ort f\u00fcr einen Familienausflug. Dar\u00fcber hinaus beherbergt die Seef Mall eines der gr\u00f6\u00dften Multiplex-Kinos im Nahen Osten mit einem Cineplex mit sechs S\u00e4len und einem Megaplex mit zehn S\u00e4len. Praktischerweise direkt neben den Food Courts gelegen, sind sie ein Kinotraum.<\/p>\n\n\n\n<h3 class=\"wp-block-heading\">Seef Mall Muharraq<\/h3>\n\n\n\n<p><em>Allee 29, Arad<\/em><\/p>\n\n\n\n<p>Die Seef Mall ist bekannt f\u00fcr ihr Unterhaltungsangebot, insbesondere f\u00fcr Kinder, die sich besch\u00e4ftigen k\u00f6nnen, w\u00e4hrend ihre Eltern einkaufen. Das macht sie zum idealen Ziel f\u00fcr einen Familienausflug. Sie verf\u00fcgt \u00fcber einen gut ausgestatteten Kinderspielplatz, Wickelr\u00e4ume und den Indoor-Freizeitpark Magic Island.<\/p>\n\n\n\n<p>Es verf\u00fcgt au\u00dferdem \u00fcber ein Seef-Kino mit sechs S\u00e4len und ein Seef-Megaplex mit zehn S\u00e4len und ist damit eines der gr\u00f6\u00dften Multiplex-Kinos im Nahen Osten.<\/p>\n\n\n\n<h3 class=\"wp-block-heading\">Souq Al Caesarea<\/h3>\n\n\n\n<p>Der Souq Al Qaisariya ist der \u00e4lteste Teil des historisch bedeutenden Muharraq Souq. Dieser Souq und seine Umgebung sind die zweite UNESCO-Weltkulturerbest\u00e4tte in Bahrain. Der Souq Al Qaisariya bietet ein charmant-uriges Einkaufserlebnis. Hier k\u00f6nnen Sie eine Auswahl einheimischer Produkte, darunter Naturperlen und Gew\u00fcrze, erwerben. Der Souq Al Qaisariya, Teil des Projekts \u201ePerlenfischerei, Zeugnis einer Inselwirtschaft\u201c, dient als Zeitkapsel und bietet einen Einblick in Bahrains Vergangenheit.<\/p>\n\n\n\n<p>Verbringen Sie den Nachmittag mit einem Spaziergang durch den Souk und den drei Kilometer langen Perlenpfad. Beenden Sie Ihren Besuch mit einem Imbiss im Saffron by Jena im Souq Al Qaisariya, nachdem Sie interessante Geschichten und Erlebnisse aus der alten bahrainischen Perlenindustrie geh\u00f6rt haben. In den Boden dieses traditionellen bahrainischen Restaurants ist eine Madbasa eingelassen, ein Ger\u00e4t zum Auspressen von Datteln zu Melasse. Die Madbasa, die zu Beginn des Baus entdeckt wurde, wurde als historisches Artefakt konserviert.<\/p>\n\n\n\n<h3 class=\"wp-block-heading\">The Avenues Bahrain<\/h3>\n\n\n\n<p><em>Bucht von Bahrain, Manama<\/em><\/p>\n\n\n\n<p>The Avenues \u2013 Bahrain ist das erste Einkaufs- und Freizeitziel seiner Art im K\u00f6nigreich Bahrain und besticht durch seine einzigartige Lage direkt am Meer \u00fcber 1,5 Kilometer. Das Projekt pr\u00e4sentiert ein neues Konzept im K\u00f6nigreich Bahrain. Das Design ist von den Avenues of Kuwait inspiriert und vermittelt den G\u00e4sten den Eindruck, im Freien zu sein, w\u00e4hrend sie gleichzeitig drinnen bleiben, gesch\u00fctzt durch eine sonnenbeschienene Decke.<\/p>\n\n\n\n<p>Die Mietfl\u00e4che des Projekts betr\u00e4gt rund 40.000 Quadratmeter und umfasst 130 Einrichtungen, davon 50 Prozent Restaurants und Caf\u00e9s mit Blick auf die Bucht von Bahrain. Dar\u00fcber hinaus gibt es einen gro\u00dfen Familienunterhaltungsbereich mit Spielhalle, zehn Kinos, \u00f6ffentlichen Parks, Gehwegen und Parkpl\u00e4tzen.<\/p>\n\n\n\n<p>Der Bau der zweiten Phase des Projekts wurde offiziell genehmigt. Dadurch entstehen zus\u00e4tzliche 30.000 Quadratmeter Mietfl\u00e4che sowie neue Wohnviertel und ein Hotel mit 210 Zimmern. Dies macht The Avenues \u2013 Bahrain zu einem attraktiven Standort f\u00fcr Bahrainer sowie GCC- und internationale Touristen, die zum Einkaufen, zur Erholung und f\u00fcr einen angenehmen Aufenthalt kommen.<\/p>","protected":false},"excerpt":{"rendered":"<p>Bahrain bietet sowohl moderne Einkaufszentren als auch traditionelle Souks und bietet somit f\u00fcr jeden Einkaufswunsch das Richtige. In Bahrain ist Einkaufen weit mehr als nur ein Hobby; es ist eine Lebenseinstellung. Freitags und samstags, am Golfwochenende, wimmelt es in den Einkaufsvierteln von Touristen aus aller Welt auf der Suche nach Schn\u00e4ppchen, Restaurants und geselligen Beisammensein.<\/p>","protected":false},"author":1,"featured_media":35420,"parent":35335,"menu_order":0,"comment_status":"closed","ping_status":"closed","template":"elementor_theme","meta":{"_eb_attr":"","footnotes":""},"class_list":["post-35418","page","type-page","status-publish","has-post-thumbnail"],"_links":{"self":[{"href":"https:\/\/travelshelper.com\/de\/wp-json\/wp\/v2\/pages\/35418","targetHints":{"allow":["GET"]}}],"collection":[{"href":"https:\/\/travelshelper.com\/de\/wp-json\/wp\/v2\/pages"}],"about":[{"href":"https:\/\/travelshelper.com\/de\/wp-json\/wp\/v2\/types\/page"}],"author":[{"embeddable":true,"href":"https:\/\/travelshelper.com\/de\/wp-json\/wp\/v2\/users\/1"}],"replies":[{"embeddable":true,"href":"https:\/\/travelshelper.com\/de\/wp-json\/wp\/v2\/comments?post=35418"}],"version-history":[{"count":0,"href":"https:\/\/travelshelper.com\/de\/wp-json\/wp\/v2\/pages\/35418\/revisions"}],"up":[{"embeddable":true,"href":"https:\/\/travelshelper.com\/de\/wp-json\/wp\/v2\/pages\/35335"}],"wp:featuredmedia":[{"embeddable":true,"href":"https:\/\/travelshelper.com\/de\/wp-json\/wp\/v2\/media\/35420"}],"wp:attachment":[{"href":"https:\/\/travelshelper.com\/de\/wp-json\/wp\/v2\/media?parent=35418"}],"curies":[{"name":"wp","href":"https:\/\/api.w.org\/{rel}","templated":true}]}}