{"id":35405,"date":"2024-11-30T21:18:48","date_gmt":"2024-11-30T21:18:48","guid":{"rendered":"https:\/\/travelshelper.com\/staging\/?page_id=35405"},"modified":"2026-03-11T02:08:23","modified_gmt":"2026-03-11T02:08:23","slug":"dinge-zu-sehen-in-bahrain","status":"publish","type":"page","link":"https:\/\/travelshelper.com\/de\/destinations\/asia\/bahrain\/things-to-see-in-bahrain\/","title":{"rendered":"Dinge zu sehen in Bahrain"},"content":{"rendered":"<p>Bahrain ist ein Inselstaat mit einer jahrtausendealten Geschichte und bietet eine einzigartige Mischung aus kulturellen Ausfl\u00fcgen, Unterhaltung und Erholung. Der erste Staat in der Region existierte bereits im dritten Jahrtausend v. Chr. Zu verschiedenen Zeiten geh\u00f6rte das Land zum Sassanidenreich, dem Arabischen Kalifat, Portugal und dem Iran. Zeitweise stand das Land unter britischem Protektorat. All diese historischen Phasen haben die Landschaft des Landes gepr\u00e4gt. Daher gibt es hier zahlreiche interessante Sehensw\u00fcrdigkeiten.<\/p>\n\n\n\n<p>Zahlreichen Arch\u00e4ologen zufolge beherbergten die Inseln einst den Dilmun-Staat. Die Sumerer hielten dies f\u00fcr den Ursprung der Zivilisation. Qal&#039;at al-Bahrain ist der Ort, an dem die \u00dcberreste dieser alten Kultur zu finden sind. Wissenschaftler haben fast 4.000 Jahre alte Stra\u00dfen, Tempel, Gesch\u00e4fte und Pal\u00e4ste entdeckt, die unter zahlreichen kulturellen Schichten begraben liegen, darunter auch die portugiesische Burg. Die Ausgrabungen dauern noch an. Etwa ein Viertel der Region ist heute zug\u00e4nglich. Auf dem Gipfel des H\u00fcgels steht die portugiesische Burg Qal&#039;at al-Burtughal. Sie stammt aus dem 17. Jahrhundert. Die Festung ist noch immer in makellosem Zustand.<\/p>\n\n\n\n<p>Im Norden befinden sich mehrere Regionen mit ausgedehnten Nekropolen der bronzezeitlichen Umm-al-Nar-Zivilisation. Dies sind die gr\u00f6\u00dften antiken Nekropolen, die bis heute erhalten sind. Die Steingr\u00e4ber haben einen Durchmesser von 4,5 bis 9 Metern und eine H\u00f6he von 1\u20132 Metern. In den Gr\u00e4bern wurden Keramik, Stein- oder Muschelsiegel, Waffen und Knochenartefakte entdeckt. Mehr als einhunderttausend dieser Gr\u00e4ber befinden sich auf dem Gebiet Bahrains. Der Manama-Saar-Tempel und die angrenzenden Gr\u00e4ber stammen aus derselben historischen Periode.<\/p>\n\n\n\n<p>Die Portugiesen errichteten auch das Fort Abu Mahir. Es ist eine von mehreren Festungen zum Schutz der Seehandelsrouten. Die Festung ist in schlechtem Zustand. Das Museum ist jedoch auf dem Gel\u00e4nde zug\u00e4nglich. Neben der Geschichte des Bauwerks k\u00f6nnen Sie auch etwas \u00fcber die Geschichte des Perlenfischens in Bahrain erfahren.<\/p>\n\n\n\n<p>Shajarat al-Hayat, oft als Baum des Lebens bekannt, ist ein etwa 400 Jahre alter Baum. Es ist \u00fcberraschend, dass er in der W\u00fcste so eigenst\u00e4ndig w\u00e4chst. Zahlreiche Geschichten und Vermutungen ranken sich um seinen Standort. Er gilt als der letzte Baum im Garten Eden. Zudem wird angenommen, dass ein unterirdischer Fluss seine Wurzeln speist. Der Baum geh\u00f6rt zur Mimosa-Unterart der Gattung Prosopis cineraria. Diese B\u00e4ume vertragen Temperaturen bis zu 10 Grad Celsius, ohne viel Wasser zu ben\u00f6tigen. Auch in salzigen B\u00f6den kann er \u00fcberleben. Seine Wurzeln reichen bis in gro\u00dfe Tiefen (Dutzende Meter) und k\u00f6nnen selbst kleinste Wassermengen aufnehmen. Die Bl\u00e4tter nehmen Feuchtigkeit aus der Umgebung auf.<\/p>\n\n\n\n<p>Das Fort von Arad wurde im 15. Jahrhundert zur Verteidigung der Insel Muharraq im Stil arabischer Befestigungsanlagen errichtet. Es ist quadratisch und kompakt. An seinen vier Ecken befinden sich zylinderf\u00f6rmige T\u00fcrme. Das Fort eignete sich hervorragend zur K\u00fcstenverteidigung und Beobachtung. K\u00fcrzlich wurde es umfassend rekonstruiert. Nachts ist die historische Festung beleuchtet. Es bietet einen atemberaubenden Anblick. Das Fort von Riffa wurde 1812 erbaut. Einige Arch\u00e4ologen datieren seine Gr\u00fcndung jedoch auf das 17. Jahrhundert. Die Zitadelle war das Haus von Scheich Salman bin Ahmed. Auch andere Regierungsbeh\u00f6rden waren dort untergebracht. Isa ibn Ali Al Khalifa, einer der Herrscher Bahrains, wurde in der Festung geboren.<\/p>\n\n\n\n<p>Die Residenz von Isa ibn Ali Al Khalifa ist ein hervorragendes Beispiel einer k\u00f6niglichen Residenz. Sie ist im klassischen arabischen Stil erbaut. Die Residenz verf\u00fcgt \u00fcber ein K\u00fchlsystem. Dabei handelt es sich um einen Windturm, der das Geb\u00e4ude mit kalter Luft versorgte. Im Winter wurde der Turm geschlossen. B\u00f6gen, Holzm\u00f6bel, T\u00fcren, Decken und Buntglasfenster schm\u00fccken die Innenr\u00e4ume.<\/p>\n\n\n\n<p>Die Al-Fatih-Moschee geh\u00f6rt zu den gr\u00f6\u00dften der Welt. Ihre Hauptkuppel besteht aus Fiberglas. Sie ist eine wahre technische Meisterleistung. Die Struktur ist modern. Der Bau wurde 1987 fertiggestellt. Freitags (ein muslimischer Feiertag) und an anderen religi\u00f6sen Feiertagen ist der Eingang gesperrt. Die Al-Khamis-Moschee ist das \u00e4lteste religi\u00f6se Bauwerk des Landes. Man geht davon aus, dass der Grundstein f\u00fcr den Tempel im 7. Jahrhundert gelegt wurde. Die Moschee wurde mehrfach renoviert. Die \u00e4ltesten Bauteile stammen aus dem 14. Jahrhundert. Als Mihrab dient eine Platte aus dem 12. Jahrhundert (eine Nische, die die Richtung nach Mekka anzeigt).<\/p>\n\n\n\n<p>Little India ist ein Stadtteil von Manama, der eher Delhi als der Hauptstadt Bahrains \u00e4hnelt. Hier befindet sich der \u00fcber zweihundert Jahre alte Krishna-Tempel. Es gibt zahlreiche antike Holzh\u00e4user aus indischem Holz, Souvenirl\u00e4den und Caf\u00e9s. Die Mini-Canyons in Al-Bahar sind eine Naturattraktion. Erstaunlich geformte goldene Felsformationen dienen zahlreichen V\u00f6geln als Winterquartier.<\/p>\n\n\n\n<p>Wahooo z\u00e4hlt zu den innovativsten und modernsten Wasserparks im Nahen Osten. Er erstreckt sich \u00fcber 15.000 Quadratmeter und zieht mit seinen Spielen, Fahrgesch\u00e4ften, Rutschen und Pools Millionen von Besuchern an. Der Wasserpark ist im Stil eines \u201esubtropischen Paradieses\u201c gestaltet. Im Zentrum liegt ein Schoner vor Anker. Dies ist ein wunderbarer Ort f\u00fcr Menschen jeden Alters. 30 % der Veranstaltungen finden im Freien und 70 % in der Halle statt. Dies garantiert einen angenehmen Besuch bei jedem Wetter. Da der Wasserpark im Stadtzentrum liegt, k\u00f6nnen G\u00e4ste zudem durch die zahlreichen Gesch\u00e4fte bummeln. Sie haben die M\u00f6glichkeit, ein paar Stunden mit Shopping zu verbringen oder in einem Restaurant mit regionaler K\u00fcche zu speisen.<\/p>\n\n\n\n<p>Das Vogelreich Asiens ist ein einzigartig bewirtschafteter Lebensraum. \u00dcber siebzig Vogelarten aus aller Welt sind hier beheimatet. 500 Mitarbeiter sind hier besch\u00e4ftigt. Einige dieser Arten sind vom Aussterben bedroht. Um ihren Schutz zu f\u00f6rdern, werden sie im Vogelreich Asiens sorgf\u00e4ltig gez\u00fcchtet und in Gefangenschaft aufgezogen. Die Umgebung wurde nicht nur entwickelt, um die ganze Familie zu fesseln und zu unterhalten, sondern auch, um Kindern und ihren Eltern eine lehrreiche Erfahrung zu bieten. Beim Wandern durch diese Labyrinthe k\u00f6nnen Touristen wundersch\u00f6ne Fotos schie\u00dfen und wunderbare Emotionen erleben.<\/p>\n\n\n\n<h2 class=\"wp-block-heading\">Festungen in Bahrain<\/h2>\n\n\n\n<h3 class=\"wp-block-heading\">Festung Arad<\/h3>\n\n\n\n<p><em>Arad Fort, Stra\u00dfe Nr. 4233, Arad, Bahrain<\/em><\/p>\n\n\n\n<p>Das Fort von Arad ist ein Paradebeispiel omanischen Milit\u00e4rbaus vom Ende des 15. bis zum Beginn des 16. Jahrhunderts. Es spielte \u00fcber Jahrhunderte hinweg eine bedeutende Rolle bei der Verteidigung Bahrains gegen Pl\u00fcnderer, obwohl unklar ist, wann es erbaut wurde. Das in den 1980er Jahren ausschlie\u00dflich mit Originalmaterialien restaurierte Fort ist nachts stimmungsvoll beleuchtet und bietet regelm\u00e4\u00dfig Feste.<\/p>\n\n\n\n<h3 class=\"wp-block-heading\">Bahrain Fort und Museum<\/h3>\n\n\n\n<p><em>Seef Area Karbabad, Hauptstadtgouvernement<\/em><\/p>\n\n\n\n<p>Das in Seef gelegene und fr\u00fcher als portugiesischer Hafen bekannte Bahrain Fort oder \u201eQal&#039;at al-Bahrain\u201c ist 16.000 Quadratmeter gro\u00df. Von 2300 v. Chr. bis ins 16. Jahrhundert war das Fort bewohnt. Es befand sich in der Hauptstadt der Dilmun-Zivilisation und wurde nach dem Qal&#039;at al-Burtughal benannt.<\/p>\n\n\n\n<p>Die Ausgrabungen des Forts zeigen, dass es Wohn-, \u00f6ffentlichen, kommerziellen, religi\u00f6sen und milit\u00e4rischen Zwecken diente. Arch\u00e4ologische Ausgrabungen brachten verschiedene Werkzeuge und Artefakte zutage, darunter Dilmun-Stempelsiegel, Fischereiausr\u00fcstung sowie Koch- und Lebensmitteltransportgef\u00e4\u00dfe aus Oman und Mesopotamien. Das Bahrain Fort, eine der drei UNESCO-Welterbest\u00e4tten in Bahrain, ist ein beeindruckendes Bauwerk, das die tief verwurzelte Geschichte Bahrains w\u00fcrdigt.<\/p>\n\n\n\n<h3 class=\"wp-block-heading\">Scheich Salman Bin Ahmed Al Fateh Fort<\/h3>\n\n\n\n<p><em>Sheikh Salman Bin Ahmed Al Fateh Fort, Stra\u00dfe Nr. 368, Riffa<\/em><\/p>\n\n\n\n<p>Aufgrund seiner Lage in Riffa ist das Fort von Scheich Salman bin Ahmed Al-Fateh auch als Riffa-Fort bekannt. Diese historische St\u00e4tte ist Zeuge eines der wichtigsten Momente in der Geschichte Bahrains: Die Al Khalifas, Bahrains Herrscherfamilie, sind in ihrer pr\u00e4chtigen Architektur ein Denkmal gesetzt.<\/p>\n\n\n\n<p>Erfahren Sie mehr \u00fcber die Familie Al Khalifa in sorgf\u00e4ltig ausgew\u00e4hlten Ausstellungen, darunter ihr Stammbaum, pers\u00f6nliche Gegenst\u00e4nde und Lieblingsbesch\u00e4ftigungen. In der Festung befindet sich au\u00dferdem das Saffron Caf\u00e9 mit Blick auf das malerische Al-Haniniya-Tal.<\/p>\n\n\n\n<h2 class=\"wp-block-heading\">Museen in Bahrain<\/h2>\n\n\n\n<h3 class=\"wp-block-heading\">Bahrain National Museum<\/h3>\n\n\n\n<p>Am 15. Dezember 1988 wurde das Bahrain National Museum vom verstorbenen Emir, Seiner Hoheit Scheich Isa Bin Salman Al-Khalifa, er\u00f6ffnet. Es galt als eines der renommiertesten Museen seiner Art in der Golfregion. Das Bahrain National Museum ist heute eines der bedeutendsten kulturellen Wahrzeichen der Insel.<\/p>\n\n\n\n<p>Das au\u00dfergew\u00f6hnliche Geb\u00e4ude, konzipiert und entworfen von Krohn und Hartvig Rasmussen, besticht durch seine Fassade aus wei\u00dfem Travertinmarmor und liegt strategisch g\u00fcnstig auf einer k\u00fcnstlichen Halbinsel mit Blick auf die Insel Muharraq. Der Museumskomplex besteht aus zwei miteinander verbundenen Geb\u00e4uden mit einer Gesamtfl\u00e4che von rund 20.000 Quadratmetern. Der Hauptbau beherbergt den Dauerausstellungsbereich, tempor\u00e4re Ausstellungshallen, eine Kunstgalerie, einen H\u00f6rsaal, ein Caf\u00e9 und einen Souvenirladen. Das Verwaltungsgeb\u00e4ude beherbergt die Verwaltungsb\u00fcros, kuratorische Forschungsr\u00e4ume, Konservierungslabore, den Ausstellungsbau und die Sammlungslager.<\/p>\n\n\n\n<p>6.000 Jahre bahrainischer Geschichte werden im Museum bewahrt. Die Hallen der Gr\u00e4ber, Dilmun, Tylos und Islam, Br\u00e4uche und Traditionen, traditionelles Handwerk sowie Dokumente und Manuskripte erwecken die Geschichte Bahrains zum Leben. Das gro\u00dfe Foyer bietet Zugang zu den Ausstellungsr\u00e4umen im Erdgeschoss und im ersten Stock. Das Foyer ist ein riesiger, eindrucksvoller Raum mit nat\u00fcrlichen Lichteinl\u00e4ssen und zeigt die Ausstellung \u201eInvestieren in Kultur\u201c.<\/p>\n\n\n\n<h2 class=\"wp-block-heading\">Moscheen in Bahrain<\/h2>\n\n\n\n<h3 class=\"wp-block-heading\">Gro\u00dfe Moschee Al Fateh<\/h3>\n\n\n\n<p><em>Gro\u00dfe Moschee Al Fateh, Ecke Awal Avenue, Al Fatih Highway<\/em><\/p>\n\n\n\n<p>Die Al-Fateh-Moschee ist die gr\u00f6\u00dfte Moschee Bahrains und eine der gr\u00f6\u00dften der Welt. Sie wurde 1987 unter der Schirmherrschaft des verstorbenen Scheichs Isa bin Salman Al Khalifa erbaut und erhielt den Namen Ahmed Al Fateh. Die Moschee bietet Platz f\u00fcr bis zu 7.000 Gl\u00e4ubige und wird von der gr\u00f6\u00dften Fiberglaskuppel der Welt gekr\u00f6nt. Ihre W\u00e4nde sind mit kunstvoller kufischer Kalligrafie verziert.<\/p>\n\n\n\n<h3 class=\"wp-block-heading\">Al-Khamis-Moschee<\/h3>\n\n\n\n<p><em>Bilad Al Qadim, Sheikh Salman Highway<\/em><\/p>\n\n\n\n<p>Die Al-Khamis-Moschee, erbaut im Jahr 692 n. Chr., ist eine der \u00e4ltesten Moscheen der arabischen Welt. Sie wurde im 14. und 15. Jahrhundert wiederaufgebaut, ihre Grundmauern reichen bis ins 11. Jahrhundert zur\u00fcck.<\/p>\n\n\n\n<p>W\u00e4hrend der Reparatur wurden dem historischen islamischen Bauwerk zwei identische Zwillingsminarette hinzugef\u00fcgt, wodurch es sofort erkennbar ist.<\/p>\n\n\n\n<h3 class=\"wp-block-heading\">Bait al-Quran<\/h3>\n\n\n\n<p><em>Geb\u00e4ude Nr. 17, Stra\u00dfe Nr. 1901, Diplomatenviertel, Manama.<\/em><\/p>\n\n\n\n<p>Dieses renommierte Museum beherbergt eine bedeutende Sammlung von Koranmanuskripten und -schriften aus dem 7. Jahrhundert in einem mit arabischen Schriften verzierten Geb\u00e4ude. Mehrere Koranexemplare sind selbst Kunstwerke. Einige kleinere Exemplare sind handtellergro\u00df, und sogar in Reisk\u00f6rner wurden Koranphrasen eingraviert. Neben der bedeutenden historischen Sammlung finden im Ausstellungsraum Bait al Quran regelm\u00e4\u00dfig verschiedene Kunstausstellungen statt. Dar\u00fcber hinaus beherbergt es eine kleine Moschee, eine renommierte Bibliothek und einen Lehrsaal f\u00fcr islamischen Unterricht.<\/p>\n\n\n\n<h2 class=\"wp-block-heading\">Parks in Bahrain<\/h2>\n\n\n\n<p>Bahrain ist f\u00fcr die Weltgemeinschaft ein einzigartiges Erlebnis. Der Begriff \u201eLand der Kontraste\u201c mag \u00fcberstrapaziert sein. Reisende betrachten das Land jedoch als einzigartige Perle inmitten der Ozeane. Vor dem Hintergrund einer trostlosen Mondlandschaft, die eher zu Kamelrennen als zu topgetunten Autos mit modernster Technologie einl\u00e4dt, ist die spektakul\u00e4re Landschaft ein architektonisches Highlight. Das Land ist 700 Quadratkilometer gro\u00df und verf\u00fcgt \u00fcber eine K\u00fcste von rund 161 Kilometern. Zu den gr\u00f6\u00dften Inseln geh\u00f6ren Muharraq, Sitrah, Umm-a-Nasan und die Hawar-Gruppe.<\/p>\n\n\n\n<p>Bahrain wird oft als \u201eTor zum Persischen Golf\u201c bezeichnet, was sich in der Vielfalt und Toleranz der Bev\u00f6lkerung widerspiegelt. Die Amtssprache ist Arabisch. Englisch wird jedoch h\u00e4ufig in der Wirtschaft verwendet und ist in Schulen Pflicht. Aufgrund der hohen Zahl an Expats in Bahrain werden sowohl in traditionellen als auch in modernen M\u00e4rkten andere Sprachen wie Persisch und Urdu gesprochen. 1932 entdeckten Geologen Erd\u00f6l. Es war das erste Mal, dass auf der arabischen Seite des Persischen Golfs \u201eschwarzes Gold\u201c gefunden wurde.<\/p>\n\n\n\n<p>Einst war die winzige Insel ein \u00fcppiges, fruchtbares, gr\u00fcnes Paradies. Die Grundlage des Landes bildete der Reichtum an Quellen, von denen noch heute einige am Standort der alten Dilmun-Zivilisation existieren, die f\u00fcr ihre Pflanzenprodukte und ihr landwirtschaftliches Know-how ber\u00fchmt war. Urbanisierung und Landgewinnung \u00fcber viele Generationen hinweg haben dazu gef\u00fchrt, dass das Land immer mehr seinen Nachbarn am Persischen Golf \u00e4hnelt: trocken und ungeeignet f\u00fcr den Anbau der meisten landwirtschaftlichen Erzeugnisse.<\/p>\n\n\n\n<p>Der Prinz Khalifa Bin Salman Park ist ein wahrer Traum. Auf seinem Gel\u00e4nde befinden sich ein See, Spazierwege, Restaurants, Einkaufszentren, private Erholungsfl\u00e4chen und eine \u00fcppige Vegetation. Der 80.000 Quadratmeter gro\u00dfe Park wurde f\u00fcr rund sechs Millionen Dinar angelegt. Er ist einer der gr\u00f6\u00dften Parks Bahrains. Im Park k\u00f6nnen Sie auch Schlittschuhe, Tretboote und Fahrr\u00e4der mieten. Zu den Annehmlichkeiten geh\u00f6ren ein Spielplatz, Fahrgesch\u00e4fte und ein Spielzimmer mit Airhockey. Speisen Sie im Chai &amp; Chapati oder im Restaurant Koffiatto im Turm mit 360-Grad-Seeblick.<\/p>\n\n\n\n<p>Bahrains Sommer sind besonders hei\u00df. Die Wintertemperaturen fallen selten unter 17 Grad Celsius. Es regnet hier nicht oft. Die Niederschl\u00e4ge fallen haupts\u00e4chlich im Winter. In dieser Region gibt es nur wenige fruchtbare B\u00f6den. Nur 8 % des Landes werden landwirtschaftlich genutzt. Au\u00dferdem besteht ein S\u00fc\u00dfwasserproblem. Die Vegetation und Tierwelt der Inseln sind nicht besonders reich. Es gibt 195 Pflanzenarten, 17 S\u00e4ugetierarten, 14 Reptilienarten und eine einzige Amphibienart. Viele Zugv\u00f6gel verbringen hier den Winter. Einige Vogelarten nisten auf Inseln. Zahlreiche bahrainische Pflanzenarten sind gut an W\u00fcsten und salzige B\u00f6den angepasst. Sie k\u00f6nnen Wasser aus enormen Tiefen sch\u00f6pfen und Luftfeuchtigkeit aufnehmen. Auf den Inseln leben nur wenige gro\u00dfe Tiere. Dazu geh\u00f6rt die Sandgazelle. Au\u00dferdem gibt es hier Sandigel, Arabische Hasen und Indische Mungos. In den W\u00fcsten leben verschiedene Fledermausarten.<\/p>\n\n\n\n<p>Bahrain ist einer der wenigen Golfstaaten, die sich f\u00fcr den Umweltschutz einsetzen. Der Al Areen Wildlife Park wurde 1976 gegr\u00fcndet, um die einzigartige Artenvielfalt der Region zu sch\u00fctzen. Neben den einheimischen Pflanzen und Tieren Bahrains finden sich auch Vertreter der Fauna Afrikas und Asiens. Der Park beherbergt \u00fcber 100.000 Pflanzenarten, 45 Tierarten und 82 Vogelarten. Zahlreiche Arten sind vom Aussterben bedroht, darunter die Arabische Oryxantilope, der S\u00fcdafrikanische Gepard, der Steppenwaran, die Persische Gazelle, der Springbock und der Afrikanische Wildhund. Die Parkpolitik legt gr\u00f6\u00dften Wert auf den Schutz einzigartiger Arten, die Wiederherstellung gef\u00e4hrdeter Tierpopulationen und die Zucht von Tieren in Gefangenschaft. Ein Teil des Parks ist \u00f6ffentlich zug\u00e4nglich und wird j\u00e4hrlich von rund 200.000 Besuchern besucht. Das Erholungsgebiet ist f\u00fcr die \u00d6ffentlichkeit nicht zug\u00e4nglich. Es wird von Tier\u00e4rzten, Parkpersonal und verschiedenen Fachleuten besucht.<\/p>\n\n\n\n<p>Die Tubli-Bucht liegt zwischen den Inseln Bahrain und Sitrah im Osten des Landes. Hier befindet sich die Insel Nabih Saleh. Die Bucht ist bekannt f\u00fcr ihre reiche Meeresfauna und Vogelwelt. Ihre R\u00e4nder sind von Mangroven ges\u00e4umt. Sie bietet zahlreichen Fisch- und Garnelenarten Laichpl\u00e4tze. Mehrere Vogelarten \u00fcberwintern hier. Aufgrund von Umweltverschmutzung und sch\u00e4dlichen Auswirkungen der Industrie ist das Schutzgebiet drastisch geschrumpft. Seit 1997 werden jedoch Anstrengungen unternommen, um das einzigartige \u00d6kosystem der Region zu erhalten.<\/p>\n\n\n\n<p>Im Persischen Golf liegt der Hawar-Archipel. Die Inseln sind nahezu entv\u00f6lkert. Einst bewohnte der Beduinenstamm dieses Gebiet. Heute sind ihre D\u00f6rfer jedoch verlassen. Auf den Inseln sind nur noch die Polizeistation und das Hotel erhalten. F\u00fcr den Fischfang ist ein spezieller Angelschein erforderlich. Die Inseln sind Heimat verschiedener Vogelarten. Hier br\u00fctet beispielsweise eine seltene Kormoranart. \u00dcber sechzig Zugvogelarten verbringen den Winter auf den Inseln. Im Fr\u00fchjahr ziehen diese V\u00f6gel zu ihren Brutgebieten. Die Brutv\u00f6gel kehren dann in ihre Nester zur\u00fcck. Hier findet man einzigartige Tiere wie die Arabische Oryxantilope und die W\u00fcstengazelle. In der N\u00e4he der Inseln lebt eine bedeutende Dugong-Kolonie. Seit 1997 steht das Gebiet unter staatlichem Schutz.<\/p>\n\n\n\n<p>Die Arabische Bucht ist ein Naturschutzgebiet. Es wurde vor kurzem auf der Insel Muharraq nahe der Stadt Arad eingerichtet. Sein Zweck ist es, das einzigartige maritime \u00d6kosystem der Region zu erhalten. Normalerweise bewohnen Delfine und Schweinswale die Gew\u00e4sser um Bahrain. Hier ist die Wahrscheinlichkeit, Walen und Orcas zu begegnen, geringer. Dugongs (Seek\u00fche) werden in K\u00fcstengebieten h\u00e4ufig beobachtet. Sie sind die eigenartigsten Meeress\u00e4ugetiere. In den Gew\u00e4ssern des Persischen Golfs gibt es rund 700 Fischarten. \u00dcber 80 Prozent von ihnen bewohnen Riffe, insbesondere Korallenriffe. Im Arabischen Golf gibt es drei\u00dfig Haiarten. 16 davon gelten als gef\u00e4hrdet. In den Gew\u00e4ssern Bahrains werden mehr Perlenaustern gefunden als anderswo. Daher ist der Perlenabbau in dieser Region sehr verbreitet.<\/p>\n\n\n\n<p>Die Insel Umm a Nasan ist Eigentum der Krone. Der Zutritt zum Gebiet ist f\u00fcr die Bev\u00f6lkerung gesperrt. Auf der Insel gibt es eine kleine Population von Schraubenhornziegen. Am Westufer befindet sich eine kleine Gemeinde. Mehrere Nomadenfamilien leben hier. Sie k\u00fcmmern sich um die Hirsche und Gazellen der Insel. In den letzten Jahren hatte der Betrieb von Industrieanlagen und Entsalzungsanlagen erhebliche negative Auswirkungen auf die Meereslebewesen vor der K\u00fcste. Die Regierung unternimmt Schritte, um die einzigartige Natur der Inseln und der K\u00fcstengew\u00e4sser zu erhalten.<\/p>","protected":false},"excerpt":{"rendered":"<p>Bahrain ist ein Inselstaat mit einer jahrtausendealten Geschichte und bietet eine einzigartige Mischung aus kulturellen Ausfl\u00fcgen, Unterhaltung und Erholung. Der erste Staat in der Region existierte bereits im dritten Jahrtausend v. Chr. Zu verschiedenen Zeiten geh\u00f6rte das Land zum Sassanidenreich, dem Arabischen Kalifat, Portugal und dem Iran. Zeitweise stand das Land unter britischem Protektorat. All diese historischen Phasen haben die Landschaft des Landes gepr\u00e4gt. Daher gibt es hier zahlreiche interessante Sehensw\u00fcrdigkeiten.<\/p>","protected":false},"author":1,"featured_media":35408,"parent":35335,"menu_order":0,"comment_status":"closed","ping_status":"closed","template":"elementor_theme","meta":{"_eb_attr":"","footnotes":""},"class_list":["post-35405","page","type-page","status-publish","has-post-thumbnail"],"_links":{"self":[{"href":"https:\/\/travelshelper.com\/de\/wp-json\/wp\/v2\/pages\/35405","targetHints":{"allow":["GET"]}}],"collection":[{"href":"https:\/\/travelshelper.com\/de\/wp-json\/wp\/v2\/pages"}],"about":[{"href":"https:\/\/travelshelper.com\/de\/wp-json\/wp\/v2\/types\/page"}],"author":[{"embeddable":true,"href":"https:\/\/travelshelper.com\/de\/wp-json\/wp\/v2\/users\/1"}],"replies":[{"embeddable":true,"href":"https:\/\/travelshelper.com\/de\/wp-json\/wp\/v2\/comments?post=35405"}],"version-history":[{"count":0,"href":"https:\/\/travelshelper.com\/de\/wp-json\/wp\/v2\/pages\/35405\/revisions"}],"up":[{"embeddable":true,"href":"https:\/\/travelshelper.com\/de\/wp-json\/wp\/v2\/pages\/35335"}],"wp:featuredmedia":[{"embeddable":true,"href":"https:\/\/travelshelper.com\/de\/wp-json\/wp\/v2\/media\/35408"}],"wp:attachment":[{"href":"https:\/\/travelshelper.com\/de\/wp-json\/wp\/v2\/media?parent=35405"}],"curies":[{"name":"wp","href":"https:\/\/api.w.org\/{rel}","templated":true}]}}