{"id":17423,"date":"2024-09-26T13:36:25","date_gmt":"2024-09-26T13:36:25","guid":{"rendered":"https:\/\/travelshelper.com\/staging\/?page_id=17423"},"modified":"2026-03-13T23:32:26","modified_gmt":"2026-03-13T23:32:26","slug":"araxa","status":"publish","type":"page","link":"https:\/\/travelshelper.com\/de\/destinations\/south-america\/brazil\/araxa\/","title":{"rendered":"Arax\u00e1"},"content":{"rendered":"<p>Arax\u00e1 liegt im sanften Hochland von Minas Gerais und erstreckt sich \u00fcber 1.283 Quadratkilometer savannenbedeckter Hochebenen und bewaldeter H\u00fcgel. Mit 111.691 Einwohnern (Stand 2022) bildet es den Mittelpunkt einer Region mit acht Gemeinden und insgesamt 176.736 Einwohnern (Stand 2017). Obwohl nur 3,45 Quadratkilometer die Stadtgrenze bilden, erstreckt sich Arax\u00e1 \u00fcber eine Landschaft von fast 10.000 Quadratkilometern, die Kleinst\u00e4dte und l\u00e4ndliche Anwesen zu einem einzigen Landschaftsbild verbindet.<\/p>\n<p>Lange vor der Ankunft der ersten Bauern geh\u00f6rte die Geschichte der Arax\u00e1 dem Volk unter der F\u00fchrung des Kriegers Andaia-Aru. Die Arax\u00e1 trennten sich im 16. Jahrhundert vom Stamm der Cataguases und siedelten sich am Rio Grande und im Schatten der Serra da Canastra an. Sie lebten etwa ein Jahrhundert lang im Einklang mit dem Land, bis eine Welle europ\u00e4ischer Expeditionen auf der Suche nach Holz und Wasser durch das Land zog. Es kam zu Spannungen, Vertr\u00e4ge l\u00f6sten sich auf, und Mitte des 17. Jahrhunderts wurden die Arax\u00e1 aus dem Land vertrieben, das sie gepr\u00e4gt hatten.<\/p>\n<p>Unter dem Banner des Hauptmanns von Minas Gerais entsandten die Kolonialbeh\u00f6rden die Bandeira von Campo In\u00e1cio Correia de Pamplona, \u200b\u200bum Gebiete zu kartieren und zu beanspruchen. In den folgenden Jahrzehnten entstanden zwischen den B\u00e4chen und H\u00fcgeln vorsichtig Siedlungen, und die Bauern bauten sich in den dichten W\u00e4ldern eine Zukunft auf. 1791 entstand aus einer kleinen Ansammlung von Geh\u00f6ften um eine Kapelle die Pfarrei S\u00e3o Domingos de Arax\u00e1 \u2013 benannt nach dem Gr\u00fcnder der Dominikaner. Vier Jahrzehnte sp\u00e4ter erlangte sie den Status einer Vila (Stadt) und trug am 19. Dezember 1865 den Namen Arax\u00e1 als anerkannte Stadt.<\/p>\n<p>Geografisch liegt Arax\u00e1 973 Meter \u00fcber dem Meeresspiegel, durchzogen von Fl\u00fcssen und B\u00e4chen. Im Norden und Nordwesten liegt Perdizes, im Osten Ibi\u00e1, im S\u00fcden Tapira und im S\u00fcdwesten Sacramento. Die Serra da Bocaina \u2013 der h\u00f6chste Gipfel der Gemeinde \u2013 ragt mit 1.359 Metern in den Himmel, w\u00e4hrend das Land am Fluss Capivara auf 910 Meter abf\u00e4llt. Eine Jahresdurchschnittstemperatur von 20,98 \u00b0C und fast zwei Meter Niederschlag pro Jahr sorgen f\u00fcr \u00fcppige W\u00e4lder und fruchtbare Weiden \u2013 ein angenehmes Klima f\u00fcr entspannte Nachmittage unter freiem Himmel.<\/p>\n<p>Mit der Er\u00f6ffnung des Hydrothermal- und Hotelkomplexes Barreiro in den 1940er Jahren ver\u00e4nderten die mineralreichen Quellen Arax\u00e1s Wirtschaft grundlegend. Besucher kamen, um in dem Wasser zu baden, das angeblich Rheuma und Hautkrankheiten linderte; tags\u00fcber lie\u00dfen sie sich therapeutische Schlammbehandlungen g\u00f6nnen und abends tanzten sie unter Kronleuchtern.<\/p>\n<p>Das Grande Hotel, das 1944 von Gouverneur Benedito Valadares zusammen mit Pr\u00e4sident Get\u00falio Vargas er\u00f6ffnet wurde, verk\u00f6rperte diese \u00c4ra des Ruhms. Mit seinen geschwungenen Art-d\u00e9co-Fassaden und Terrassen mit Blick auf den Kurpark wurde es schnell zur Kulisse f\u00fcr politische Versammlungen, k\u00fcnstlerische Soireen und Galas. Noch heute erinnern seine Marmorkorridore und erhabenen Balls\u00e4le an eine \u00c4ra der Eleganz, die Brasiliens Elite in diesen Kurort im Landesinneren lockte.<\/p>\n<p>Der Reiz der gro\u00dfen Leinwand: \u201eDona Beija\u201c und mehr<br \/>\nArax\u00e1 erlangte in den 1980er Jahren mit der Telenovela \u201eDona Beija\u201c gr\u00f6\u00dfere Bekanntheit im Fernsehen. Im Mittelpunkt stand das Leben einer ber\u00fchmten Lokalheldin \u2013 Ger\u00fcchten zufolge hatte sie Absch\u00fcrfungen der Thermalb\u00e4der auf der Haut \u2013 und die Kolonialh\u00e4user, sonnenbeschienenen Pl\u00e4tze und gewundenen B\u00e4che von Arax\u00e1 wurden landesweit in Wohnzimmer verwandelt. Touristen, angelockt von den romantischen Ausblicken der Serie, suchten genau die Stra\u00dfen und Brunnen auf, in denen sich das Drama abspielte.<\/p>\n<p>Unter seiner Oberfl\u00e4che birgt Arax\u00e1 eines der reichsten Niobvorkommen der Welt \u2013 genug, um den weltweiten Bedarf f\u00fcr fast f\u00fcnf Jahrhunderte zu decken. Die Companhia Brasileira de Metalurgia e Minera\u00e7\u00e3o (CBMM) ist f\u00fchrend in der F\u00f6rderung und Verarbeitung und beliefert die Luft- und Raumfahrtindustrie mit Spezialst\u00e4hlen und Legierungen f\u00fcr D\u00fcsentriebwerke, Raketen und Hochtemperaturanlagen. In der N\u00e4he betreibt Vale Fertilizantes SA Brasiliens gr\u00f6\u00dfte Superphosphatanlage und produziert Phosphatkonzentrate, die f\u00fcr D\u00fcngemittel unerl\u00e4sslich sind.<\/p>\n<p>Im Jahr 2005 erreichte Arax\u00e1s BIP 1,439 Milliarden Real, die sich fast gleichm\u00e4\u00dfig auf Industrie und Dienstleistungssektor verteilten. In diesem Jahr arbeiteten 2.865 Menschen im verarbeitenden Gewerbe, 1.498 im Baugewerbe, 7.636 im Handel, 1.296 im Hotel- und Gastst\u00e4ttengewerbe und 2.691 in der \u00f6ffentlichen Verwaltung \u2013 Zahlen, die eine ausgeglichene Wirtschaft widerspiegeln.<\/p>\n<p>Wer heute die Innenstadt von Arax\u00e1 betritt, findet helle Fassaden entlang der gepflasterten Stra\u00dfen. Nachmittagssonne f\u00e4llt durch die \u00c4ste jahrhundertealter B\u00e4ume auf der Pra\u00e7a Governador Valadares, wo Senioren in Eckcaf\u00e9s bei einer Tasse Kaffee plaudern und Kinder am Brunnen Tauben jagen. H\u00e4ndler verkaufen frisch ger\u00f6stete Kaffeebohnen \u2013 eine weitere regionale Spezialit\u00e4t \u2013 und Pastelarias bieten Pastel de Queijo an, die lange nach dem Frittiervorgang warm bleiben.<\/p>\n<p>Au\u00dferhalb der Stadtgrenzen erstrecken sich rund 405 Landg\u00fcter \u00fcber 68.000 Hektar, wo rund 1.500 Menschen das Land bewirtschaften. Rund 65.000 Rinder produzieren t\u00e4glich eine halbe Million Liter Milch (Stand 2004), w\u00e4hrend Schweine- und Gefl\u00fcgelfarmen die lokalen M\u00e4rkte beliefern. Sojabohnen-, Mais- und Kaffeefelder sorgen f\u00fcr vielf\u00e4ltige Ernten, und 22 kleine Brennereien stellen Cacha\u00e7a her \u2013 einen starken Zuckerrohrschnaps, der fester Bestandteil des brasilianischen Kulturerbes ist.<\/p>\n<p>Die Geschichte von Arax\u00e1 ist noch immer in Bewegung: Der Spa-Komplex entwickelt innovative Therapien; CBMM entwickelt fortschrittliche Materialien; Landwirte erproben nachhaltige Praktiken. Neue Festivals feiern das vorkoloniale Erbe und die K\u00fcnste, w\u00e4hrend Galerien und Kunsthandwerksm\u00e4rkte lokale Maler und Bildhauer ins Rampenlicht r\u00fccken. Doch hinter all dem modernen Fortschritt verbirgt sich das Summen jener Mineralquellen und die Erinnerung an die waldbeschatteten Fl\u00fcsse, an denen die Arax\u00e1s einst ihr Land beanspruchten.<\/p>\n<p>In dieser Stadt mit ihren heilenden Quellen, industriellen Wundern und idyllischer Ruhe scheint die Zeit auf zweierlei Weise zu verlaufen \u2013 die eine ehrt alte Quellen und den Mut der Ureinwohner, die andere treibt Brasilien in Wissenschaft und Handel zu neuen Ufern. Arax\u00e1s stille St\u00e4rke lebt weiter, sowohl im Dampf der Thermalb\u00e4der als auch im Puls einer Gemeinschaft, gepr\u00e4gt von Land, Geschichte und den Menschen, die es wagten zu bleiben.<\/p>","protected":false},"excerpt":{"rendered":"<p>With a population of 111,691 as of 2022 Arax\u00e1 is a colorful municipality tucked away in the Minas Gerais state in Western Brazil. Situated about 370 kilometers northwest of the state capital Belo Horizonte, this vibrant metropolis covers an amazing 1,283 square kilometres, with 3.45 square kilometres set aside as the urban boundary. Comprising eight municipalities and spanning an area of 9,493.902 square kilometers with a combined population of 176,736 as of 2017, Arax\u00e1 forms the center point of the Immediate Geographic Region.<\/p>","protected":false},"author":1,"featured_media":17461,"parent":7508,"menu_order":0,"comment_status":"closed","ping_status":"closed","template":"elementor_theme","meta":{"_eb_attr":"","footnotes":""},"class_list":["post-17423","page","type-page","status-publish","has-post-thumbnail"],"_links":{"self":[{"href":"https:\/\/travelshelper.com\/de\/wp-json\/wp\/v2\/pages\/17423","targetHints":{"allow":["GET"]}}],"collection":[{"href":"https:\/\/travelshelper.com\/de\/wp-json\/wp\/v2\/pages"}],"about":[{"href":"https:\/\/travelshelper.com\/de\/wp-json\/wp\/v2\/types\/page"}],"author":[{"embeddable":true,"href":"https:\/\/travelshelper.com\/de\/wp-json\/wp\/v2\/users\/1"}],"replies":[{"embeddable":true,"href":"https:\/\/travelshelper.com\/de\/wp-json\/wp\/v2\/comments?post=17423"}],"version-history":[{"count":0,"href":"https:\/\/travelshelper.com\/de\/wp-json\/wp\/v2\/pages\/17423\/revisions"}],"up":[{"embeddable":true,"href":"https:\/\/travelshelper.com\/de\/wp-json\/wp\/v2\/pages\/7508"}],"wp:featuredmedia":[{"embeddable":true,"href":"https:\/\/travelshelper.com\/de\/wp-json\/wp\/v2\/media\/17461"}],"wp:attachment":[{"href":"https:\/\/travelshelper.com\/de\/wp-json\/wp\/v2\/media?parent=17423"}],"curies":[{"name":"wp","href":"https:\/\/api.w.org\/{rel}","templated":true}]}}