{"id":17417,"date":"2024-09-26T13:27:29","date_gmt":"2024-09-26T13:27:29","guid":{"rendered":"https:\/\/travelshelper.com\/staging\/?page_id=17417"},"modified":"2026-03-13T23:34:55","modified_gmt":"2026-03-13T23:34:55","slug":"wasser-des-heiligen-petrus","status":"publish","type":"page","link":"https:\/\/travelshelper.com\/de\/destinations\/south-america\/brazil\/aguas-de-sao-pedro\/","title":{"rendered":"Wasser des Heiligen Petrus"},"content":{"rendered":"<p>Obwohl sie sich nur \u00fcber 3,61 Quadratkilometer erstreckt und damit fl\u00e4chenm\u00e4\u00dfig die zweitkleinste Gemeinde Brasiliens ist, wirkt \u00c1guas de S\u00e3o Pedro viel gr\u00f6\u00dfer, als seine Grenzen vermuten lassen. Eingebettet in den sanften H\u00fcgeln des Itaqueri-Gebirges, etwa 184 Kilometer nordwestlich von S\u00e3o Paulo, wirkt sie zugleich vertraut und vollst\u00e4ndig, als h\u00e4tten H\u00fcgel und Quellen eine Gemeinde geformt, die sowohl auf die Natur als auch auf die menschlichen Bed\u00fcrfnisse abgestimmt ist. Mit nur 3.521 Einwohnern im Jahr 2020 pulsiert in dieser winzigen Enklave ein Leben, das von Thermalquellen, gr\u00fcnen Parks und einem ruhigen, aus sorgf\u00e4ltiger Planung entstandenen Selbstbewusstsein gepr\u00e4gt ist.<\/p>\n<p>\u201e\u00c1guas de S\u00e3o Pedro\u201c \u2013 w\u00f6rtlich \u201eWasser des Heiligen Petrus\u201c \u2013 trifft den Kern der Stadt. Hier scheint jeder Brunnen, jedes Badehaus und jeder \u00f6ffentliche Platz auf diese Verbindung zwischen dem Heiligen und dem Irdischen hinzuweisen. Der heilige Petrus, der Tradition nach der H\u00fcter der Schl\u00fcssel zum Himmel, gibt dem Wasser seinen Namen, das sowohl k\u00f6rperliche Erleichterung als auch innere Ruhe spenden soll. Der Name deutet aber auch auf die enge Verbindung der Stadt mit ihrer gr\u00f6\u00dferen Nachbargemeinde S\u00e3o Pedro hin, die einst Anspruch auf diese Quellen erhob, bevor sie in den 1940er Jahren als Planstadt ausgewiesen wurden.<\/p>\n<p>Der Name \u201eItaqueri\u201c, entlehnt aus der Tupi-Guaran\u00ed-Sprache und bedeutet \u201eliegender Stein\u201c, erinnert an die langsame, geduldige Formgebung der H\u00fcgel, die \u00c1guas de S\u00e3o Pedro umgeben. Allseits von S\u00e3o Pedro umgeben, wirkt diese Enklave gesch\u00fctzt und einzigartig zugleich \u2013 eine von nur vier derartigen st\u00e4dtischen Enklaven in Brasilien. Ihre vier Viertel \u2013 Jardim Jerubia\u00e7aba im Nordosten, Jardim Iporanga im Osten, Centro im Herzen und Jardim Porangaba im S\u00fcden \u2013 tragen Tupi-Guaran\u00ed-Namen, die Treue, Fl\u00fcsse und weite Ausblicke beschw\u00f6ren. Treten Sie von einer schattigen Wohnstra\u00dfe auf den unerwarteten offenen Platz von Centro, wo das Pl\u00e4tschern der nahegelegenen Brunnen selbst den Mittag in sanften Schatten taucht.<\/p>\n<p>Mit einer Jahresdurchschnittstemperatur von 22,4 \u00b0C (72,3 \u00b0F) ist die Luft hier gerade warm genug, um Knospen und Zugv\u00f6gel anzulocken, ohne dabei zu lange in der sommerlichen Hitze zu verweilen. Gro\u00dfe aufgeforstete Fl\u00e4chen ziehen sich durch die Stadt \u2013 eine bewusste Entscheidung, die den menschlichen Fu\u00dfabdruck mit der einheimischen Flora verbindet. Diese gr\u00fcnen Arterien m\u00fcnden in zwei Hauptparks und einen kleinen Stadtgarten \u2013 jeweils ein R\u00fcckzugsort, an dem die Einheimischen spazieren gehen, joggen oder sich zur\u00fccklehnen, um Nasenb\u00e4ren beim Huschen durch das Laub zu beobachten.<\/p>\n<p>Im Dr. Octavio Moura Andrade Park erstrecken sich \u00fcber eine Million Quadratmeter sechzehn markierte Wanderwege mit einer Gesamtl\u00e4nge von 6,5 Kilometern. Entlang der Wege huschen rund 250 Vogelarten zwischen Bromelien und Farnen umher; ihre Rufe bilden den Soundtrack f\u00fcr Wochenendwanderer. Hin und wieder lichtet sich das Unterholz und gibt den Blick eines Nasenb\u00e4ren frei, der die Besucher misstrauisch mustert, bevor er sich unter einem Gewirr niedriger \u00c4ste zur\u00fcckzieht. Am anderen Stadtrand bietet der Parque das \u00c1guas \u201eJos\u00e9 Benedito Zani\u201c auf 6.400 Quadratmetern viel Aktivit\u00e4t. Er bietet eine pulsierende Skaterampe, eine h\u00f6lzerne Fahrradstrecke entlang des Weges und B\u00e4nke, auf denen sich \u00e4ltere Bewohner nach einer Outdoor-Fitnesseinheit treffen.<\/p>\n<p>Es ist das Wasser \u2013 schwefelhaltig, mineralreich und unheimlich in seinen Tiefen \u2013, das \u00c1guas de S\u00e3o Pedro auf jeder Reisekarte bekannt macht. Der Bundesstaat S\u00e3o Paulo hat ihm den offiziellen Status eines Hydromineral-Spas verliehen, eines von nur elf in der Region, und w\u00fcrdigt damit den therapeutischen Ruf seiner Quellen. Drei Brunnen sprudeln aus tiefen Sch\u00e4chten:<\/p>\n<ul>\n<li>Die Fonte Juventude entspringt aus 348,59 Metern H\u00f6he und speist das zweitschwefelhaltigste Wasser der Welt. Es gilt als das wirksamste in ganz Amerika. Besucher beugen sich in das dunkle, nach Eiern duftende Wasser und lassen sich dort Hautbehandlungen und hei\u00dfe B\u00e4der g\u00f6nnen, die die Poren leicht schimmern lassen.<\/li>\n<li>Fonte Gioconda, definiert durch Natriumsulfat, zieht Menschen mit Verdauungsproblemen an \u2013 sein Geschmack ist leicht salzig und hat eine Spur von Eisen, die auf der Zunge kribbelt.<\/li>\n<li>Fonte Almeida Salles tr\u00e4gt den Namen seines Chronisten aus dem fr\u00fchen 20. Jahrhundert, Dr. Salles, der den Natriumbicarbonatgehalt bemerkte und es bei Leber- und Magenbeschwerden verschrieb.<\/li>\n<\/ul>\n<p>W\u00e4hrend der langen Feiertage tummeln sich bis zu 30.000 Menschen in diesen Stra\u00dfen \u2013 fast zehnmal so viele wie in den Wohngebieten \u2013, an normalen Wochenenden kann sich die Einwohnerzahl sogar vervierfachen. Vor allem der Karneval bringt Millionen von Reais in die Gesch\u00e4fte, Restaurants und Badeh\u00e4user der Stadt.<\/p>\n<p>Da \u00c1guas de S\u00e3o Pedro kein nennenswertes landwirtschaftliches Hinterland besitzt, ist seine Wirtschaft stark auf Dienstleistungen ausgerichtet. 2016 erreichte das BIP 132.616.500 Real, was einem Pro-Kopf-Einkommen von satten 41.378,02 Real entspricht. Hotels s\u00e4umen die baumbestandenen Alleen; Caf\u00e9s bieten schwarzen Kaffee und Guavengeb\u00e4ck im traditionellen Pastelaria-Stil an. Kleine Boutiquen verkaufen Holzschnitzereien, abgef\u00fclltes Quellwasser und handgemachte Seifen mit Eukalyptus- oder Lavendelduft. Bei jedem Kauf sp\u00fcrt man, dass Wohlstand nicht durch Landnutzung, sondern durch die Bewirtschaftung einer seltenen Ressource entsteht.<\/p>\n<p>Trotz \u2013 oder vielleicht gerade wegen \u2013 seiner geringen Gr\u00f6\u00dfe weist \u00c1guas de S\u00e3o Pedro einen Index der menschlichen Entwicklung von 0,854 auf und liegt damit sowohl im Bundesstaat als auch landesweit auf Platz zwei. Kliniken arbeiten p\u00fcnktlich und effizient; Schulen f\u00f6rdern den Unterricht im Freien unter Zedern und Jacaranda-B\u00e4umen. Die Stra\u00dfen schl\u00e4ngeln sich sanft bergauf, beleuchtet von Laternenpf\u00e4hlen, die sich in der Abendd\u00e4mmerung wie sich verbeugende T\u00e4nzer w\u00f6lben. Fr\u00fchmorgens bildet sich oft eine Schlange vor der st\u00e4dtischen B\u00e4ckerei, bevor diese \u00f6ffnet, und die Einheimischen tauschen Neuigkeiten \u00fcber Wildtierbeobachtungen im Park aus.<\/p>\n<p>Hier scheint die Zeit zu vergehen. Die Mittagssonne f\u00fchlt sich nach einem schwefeligen Bad sanfter an. Ein einfacher Spaziergang vom Jardim Jerubia\u00e7aba nach Centro erfordert eine Pause im Stadtgarten, wo das Rauschen der Palmen und Orchideen das Rauschen der vorbeifahrenden Autos \u00fcbert\u00f6nt. Selbst der eiligste Besucher merkt, wie er langsamer wird und sich dem gem\u00e4chlichen Tempo der Stadt anpasst.<\/p>\n<p>Im Kern beruht \u00c1guas de S\u00e3o Pedro auf einem Versprechen: Ein Ort muss sich nicht ausbreiten, um zu gedeihen. Seine Thermalquellen, einst der Ansto\u00df f\u00fcr eine Planstadt, erm\u00f6glichen heute ein andauerndes Experiment im Gleichgewicht \u2013 zwischen Natur und Stadtleben, zwischen lokalen Bed\u00fcrfnissen und touristischen Impulsen. In ruhigen Momenten begegnet man vielleicht einem \u00e4lteren Paar, das auf einem schattigen Weg schlendert und sich an die Zeit erinnert, als die Gehwege frisch waren und die ersten Spa-Pavillons gebaut wurden. Oder man h\u00f6rt einen jungen Reisef\u00fchrer, der die Legende vom Besuch des Heiligen Petrus in diesen H\u00fcgeln erz\u00e4hlt, deren Steine \u200b\u200bvon Str\u00f6men heilenden Wassers zu Reliefs geformt wurden.<\/p>\n<p>In solchen Vignetten offenbart sich die Gemeinde nicht nur als Punkt auf der Landkarte, sondern als eine Ansammlung von Erinnerungen und Routinen. Sie spiegelt sich im Zischen des Dampfes wider, der aus einem Thermalbecken aufsteigt, im Fl\u00fcgelschlag \u00fcber einem farnbedeckten Pfad, im gemessenen Klirren der Tassen im Morgencaf\u00e9 \u2013 die subtilen T\u00f6ne, die die gro\u00dfe Melodie des Lebens hier bilden. Und w\u00e4hrend die Welt dahinter immer unruhiger und unermesslicher erscheint, erinnert \u00c1guas de S\u00e3o Pedro in seiner Kleinheit daran, dass Reichtum nicht in Gr\u00f6\u00dfe oder L\u00e4rm liegt, sondern in der Tiefe des Lebens.<\/p>","protected":false},"excerpt":{"rendered":"<p>Although small, the little municipality of \u00c1guas de S\u00e3o Pedro in S\u00e3o Paulo state, Brazil, deserves appreciation. Just 3.61 square kilometers, it is the second-smallest municipality in Brazil by area. The urban enclave claimed 3,521 residents as of 2020. Notwithstanding its small population, \u00c1guas de S\u00e3o Pedro has developed a reputation for great quality of living, a rich historical history, and a booming tourism industry based on its famous thermal springs.<\/p>","protected":false},"author":1,"featured_media":17515,"parent":7508,"menu_order":0,"comment_status":"closed","ping_status":"closed","template":"elementor_theme","meta":{"_eb_attr":"","footnotes":""},"class_list":["post-17417","page","type-page","status-publish","has-post-thumbnail"],"_links":{"self":[{"href":"https:\/\/travelshelper.com\/de\/wp-json\/wp\/v2\/pages\/17417","targetHints":{"allow":["GET"]}}],"collection":[{"href":"https:\/\/travelshelper.com\/de\/wp-json\/wp\/v2\/pages"}],"about":[{"href":"https:\/\/travelshelper.com\/de\/wp-json\/wp\/v2\/types\/page"}],"author":[{"embeddable":true,"href":"https:\/\/travelshelper.com\/de\/wp-json\/wp\/v2\/users\/1"}],"replies":[{"embeddable":true,"href":"https:\/\/travelshelper.com\/de\/wp-json\/wp\/v2\/comments?post=17417"}],"version-history":[{"count":0,"href":"https:\/\/travelshelper.com\/de\/wp-json\/wp\/v2\/pages\/17417\/revisions"}],"up":[{"embeddable":true,"href":"https:\/\/travelshelper.com\/de\/wp-json\/wp\/v2\/pages\/7508"}],"wp:featuredmedia":[{"embeddable":true,"href":"https:\/\/travelshelper.com\/de\/wp-json\/wp\/v2\/media\/17515"}],"wp:attachment":[{"href":"https:\/\/travelshelper.com\/de\/wp-json\/wp\/v2\/media?parent=17417"}],"curies":[{"name":"wp","href":"https:\/\/api.w.org\/{rel}","templated":true}]}}