{"id":17010,"date":"2024-09-25T11:25:00","date_gmt":"2024-09-25T11:25:00","guid":{"rendered":"https:\/\/travelshelper.com\/staging\/?page_id=17010"},"modified":"2026-03-12T21:10:05","modified_gmt":"2026-03-12T21:10:05","slug":"amara","status":"publish","type":"page","link":"https:\/\/travelshelper.com\/de\/destinations\/europe\/romania\/amara\/","title":{"rendered":"Amara"},"content":{"rendered":"<p>Amara, eine bescheidene Stadt in der Ebene von Muntenia, liegt am Ufer des gleichnamigen Sees, sieben Kilometer n\u00f6rdlich von Slobozia, der Hauptstadt des Kreises Ialomi\u021ba. Im April 2004 zur Stadt erhoben, liegt sie zentral in der B\u0103r\u0103ganului-Ebene, auf einer H\u00f6he zwischen 23 und 44 Metern \u00fcber dem Meeresspiegel. Im Jahr 2021 hatte sie 6.805 Einwohner, ein leichter R\u00fcckgang gegen\u00fcber 7.080 ein Jahrzehnt zuvor, was die breiteren demografischen Ver\u00e4nderungen in den rum\u00e4nischen l\u00e4ndlichen Gebieten widerspiegelt. Von seinen Anf\u00e4ngen als d\u00fcnn besiedeltes, um Almh\u00fctten gruppiertes D\u00f6rfchen bis zu seiner heutigen Rolle als Kurort und lokales Verwaltungszentrum verk\u00f6rpert Amara ein Zusammenspiel geologischer, biologischer, historischer und sozialer Kr\u00e4fte, die Ort und Menschen gepr\u00e4gt haben.<\/p>\n<p>Die Ebene, auf der Amara liegt, erstreckt sich ununterbrochen bis zum fernen Horizont, nur unterbrochen von sanften L\u00f6ssr\u00fccken und weitl\u00e4ufigen Feldern. Die Sommertemperaturen liegen hier durchschnittlich zwischen 22 und 23 Grad Celsius, und die vielen Sonnenstunden \u2013 mehr als 125 klare Tage im Jahr \u2013 t\u00e4uschen \u00fcber den kontinentalen Charakter des Klimas hinweg. Im Winter hingegen ist die Luft frisch und vom Nordostwind Criv\u0103\u0163 durchstr\u00f6mt, der mit schneidender Intensit\u00e4t \u00fcber die Ebene fegt. Die j\u00e4hrlichen Niederschlagsmengen liegen zwischen 450 und 500 Millimetern, ein Wert, der das empfindliche Gleichgewicht zwischen Verdunstungskr\u00e4ften und seltenen Sommerst\u00fcrmen widerspiegelt. Diese klimatischen Rhythmen haben nicht nur die landwirtschaftlichen Zyklen in der umliegenden Steppe bestimmt, sondern auch den Charakter des Amara-Sees selbst.<\/p>\n<p>Der Amara-See ist ein nat\u00fcrliches Relikt eines vergangenen Flusslaufs und liegt in einer flachen Senke, die einst vom Fluss Ialomi\u021ba geformt wurde. Er wird von Grundwasserquellen und oberfl\u00e4chlichen Rinnsalen gespeist, die gel\u00f6ste Sulfate und Chloride mit sich f\u00fchren. Er erstreckt sich \u00fcber eine Fl\u00e4che von etwa 132 Hektar in einem S-f\u00f6rmigen Becken, ist zwischen 200 und 800 Metern breit und 4,2 Kilometer lang. Der hohe Mineralgehalt des Wassers, der im sp\u00e4ten 19. Jahrhundert mit fast 90 Gramm pro Liter gemessen wurde, hat im Laufe der Zeit abgenommen, da in den 1970er Jahren gebaute Kan\u00e4le \u00fcbersch\u00fcssiges Wasser abf\u00fchrten, um lokale \u00dcberschwemmungen zu verhindern. Heute zeugt eine maximale Tiefe von etwa drei Metern von seiner fr\u00fcheren Tiefe. Doch selbst in reduzierter Konzentration beh\u00e4lt das hypertonische, sulfatierte Wasser \u2013 reich an Magnesium und Natrium \u2013 seine seit langem f\u00fcr die \u00e4u\u00dferliche und innerliche Balneotherapie gesch\u00e4tzten Eigenschaften.<\/p>\n<p>Unter der Seeoberfl\u00e4che liegt eine 30 bis 60 Zentimeter dicke Schicht schwarzen Sapropelschlamms, dessen Zusammensetzung von jahrtausendelanger Sedimentation zeugt. Dieser organisch reiche Schlamm, der sich fettig anf\u00fchlt und durch Schwefelwasserstoff stechend riecht, enth\u00e4lt eine komplexe Mischung aus anorganischen Salzen und organischen Verbindungen \u2013 darunter Natriumsulfat, Kalzium, freiem Schwefel, Ameisens\u00e4ure und verschiedenen Aminos\u00e4uren. Therapeutisch angewendet, hat er Generationen von Menschen mit degenerativem Rheuma oder posttraumatischen Folgeerkrankungen Linderung verschafft. Fr\u00fche chemische Analysen von George Petru Poni aus dem Jahr 1887 identifizierten diese Bestandteile erstmals und f\u00fchrten Mitte der 1890er Jahre zur Einrichtung einfacher Badeanlagen durch die Bezirksbeh\u00f6rden.<\/p>\n<p>Die menschliche Geschichte Amaras reicht jedoch mehrere Jahrtausende zur\u00fcck, bevor es seinen Ruf als Kurort erlangte. Arch\u00e4ologische Funde belegen eine sp\u00e4tneolithische Besiedlung im Zusammenhang mit der Bojenkultur und deuten darauf hin, dass dieser Teil der rum\u00e4nischen Tiefebene Gemeinschaften beherbergte, die sich auf T\u00f6pferei und Viehzucht spezialisiert hatten. Schriftliche Aufzeichnungen tauchen w\u00e4hrend der Herrschaft von F\u00fcrst Matei Basarab im 17. Jahrhundert auf, als kl\u00f6sterliche Stiftungen K\u00fcstenland an kirchliche Einrichtungen in Slobozia \u00fcbertrugen. Die S\u00e4kularisierungsdekrete von 1864 brachten diese Besitzt\u00fcmer in Staatshand und ebneten den Weg f\u00fcr die sp\u00e4tere Besiedlung durch Hirten aus den Regionen F\u0103g\u0103ra\u015f und Muscel. Diese fr\u00fchen Bewohner errichteten bescheidene Behausungen aus Holz und Schilf und nannten ihre Enklave B\u0103\u015fica Galben\u0103 oder Movila Galben\u0103, bevor sich der Ort zwischen 1879 und 1882 unter dem Namen Amara zusammenschloss.<\/p>\n<p>Nach dem rum\u00e4nischen Unabh\u00e4ngigkeitskrieg beschleunigte sich die Besiedlung, da Veteranen und junge Familien parzellierte landwirtschaftliche Grundst\u00fccke erhielten. Um die Jahrhundertwende z\u00e4hlte Amara in der Gemeinde Slobozia Veche rund 190 Haushalte. Die administrative Anerkennung als eigenst\u00e4ndige Gemeinde erfolgte 1903, und Volksz\u00e4hlungen zwischen den Kriegen verzeichneten eine Bev\u00f6lkerung von etwas \u00fcber 2000 Seelen. Im Zuge der Umstrukturierungen Mitte des 20. Jahrhunderts wechselte Amara zwischen regionalen Zust\u00e4ndigkeitsbereichen und kehrte 1968 schlie\u00dflich zum Kreis Ialomi\u021ba zur\u00fcck. Die Vororte Motalva und Amara Nou\u0103 wurden Ende der 1970er Jahre vollst\u00e4ndig eingemeindet und legten damit den Grundstein f\u00fcr die endg\u00fcltige Erhebung des Ortes zur Stadt zu Beginn des 21. Jahrhunderts.<\/p>\n<p>Die Stadtverwaltung liegt heute in den H\u00e4nden eines B\u00fcrgermeisters und eines f\u00fcnfzehnk\u00f6pfigen Gemeinderats. Bei den letzten Wahlen 2024 \u00fcbernahm Ionu\u021b-Valentin Moraru von der Sozialdemokratischen Partei das B\u00fcrgermeisteramt, w\u00e4hrend der Gemeinderat eine pluralistische Mischung aus Sozialdemokraten, Nationalliberalen und Vertretern der Allianz f\u00fcr die Einheit der Rum\u00e4nen darstellt. Diese politische Landschaft beeinflusst Entscheidungen, die von der Instandhaltung der Infrastruktur bis zur nachhaltigen Bewirtschaftung des Amara-Sees reichen \u2013 Eigentum des Staates und verwaltet von der regionalen Wasserbeh\u00f6rde RA Apele Rom\u00e2ne \u2013 SGA Ialomi\u021ba.<\/p>\n<p>Amaras nat\u00fcrliche Vorz\u00fcge ziehen seit jeher Besucher an, die dort therapeutische Linderung suchen. Die ersten \u00f6ffentlichen Thermalb\u00e4der, 1905 aus Holz erbaut, fielen der Kriegszerst\u00f6rung zum Opfer und wurden in der Zwischenkriegszeit durch improvisierte private Anlagen ersetzt. Nach dem Zweiten Weltkrieg entstanden dauerhaftere Anlagen und ein Sonnenstrand am Seeufer. Der heutige Spa-Komplex bietet eine Reihe von Behandlungen: hei\u00dfe Schlammb\u00e4der, Packungen, direkt aus dem See gespeiste Wasserbecken, innere Therapien mit schwefelhaltigem Mineralwasser, Elektrotherapie, Heilgymnastik, Physiotherapie und Aeroheliotherapie unter Pappel- und Akazienw\u00e4ldern.<\/p>\n<p>Die balneoklimatischen Ressourcen von Amara helfen bei einem breiten Spektrum von Beschwerden. \u00c4u\u00dferliche Anwendungen des hypertonen, sulfathaltigen Wassers und des Sapropelschlamms des Sees helfen bei rheumatischen und peripheren neurologischen Erkrankungen, w\u00e4hrend die innere Anwendung des hypotonen, bikarbonathaltigen Quellwassers choleretische, harntreibende und Stoffwechselerkrankungen lindert. Das Steppenbioklima mit seiner trockenen Luft und dem intensiven Sonnenschein erg\u00e4nzt diese Wirkungen und schafft eine Umgebung, die die nat\u00fcrlichen hom\u00f6ostatischen Prozesse des K\u00f6rpers gleicherma\u00dfen anregt und f\u00f6rdert.<\/p>\n<p>Die \u00f6rtliche Beherbergungsinfrastruktur hat sich dem therapeutischen Profil des Kurortes angepasst. Hotels dominieren, jedes mit speziellen Erholungseinrichtungen und Privatstr\u00e4nden. Der von nationalen Gewerkschaftsverb\u00e4nden betriebene Leb\u0103da-Komplex bietet Zwei-Sterne-Unterk\u00fcnfte f\u00fcr fast tausend G\u00e4ste, w\u00e4hrend das dem Ministerium f\u00fcr Arbeit und Soziales unterstellte Hotel Ialomi\u021ba fast f\u00fcnfhundert G\u00e4ste beherbergt. Private Investitionen haben den Parc Spa-Komplex renoviert, dessen Drei-Sterne-Hotel Parc und das Vier-Sterne-Hotel Dana zusammen \u00fcber f\u00fcnfhundert Betten verf\u00fcgen. Die Villa Irina, die von der Nationalen Strafvollzugsverwaltung verwaltet wird, bietet zus\u00e4tzliche Kapazit\u00e4ten f\u00fcr spezielle Aufenthalte.<\/p>\n<p>Neben den offiziellen Hotels gibt es seit 1975 ein Kindercamp inmitten von Akazienhainen und Walnussplantagen, das tags\u00fcber junge Besucher empf\u00e4ngt und seinen rustikalen Charme bewahrt. H\u00fctten, Zeltpl\u00e4tze und Motels verteilen sich \u00fcber die gesamte Umgebung und spiegeln eine bodenst\u00e4ndige Gastfreundschaft wider, die das eher institutionelle Angebot erg\u00e4nzt. Mehrere Str\u00e4nde \u2013 einige f\u00fcr Hotelg\u00e4ste reserviert, einer f\u00fcr Kinder auf dem Campingplatz und sogar ein privater FKK-Bereich \u2013 zeugen vom vielf\u00e4ltigen Freizeitangebot des Resorts.<\/p>\n<p>Obwohl der Salzgehalt des Amara-Sees seit dem 19. Jahrhundert abgenommen hat, ist der Ort weiterhin \u00f6kologisch bedeutsam. Er ist als Vogelschutzgebiet anerkannt und beherbergt Brut- und Zugv\u00f6gel, darunter Seidenreiher, Graureiher, Wei\u00dfstorch und Stelzenl\u00e4ufer. Die umliegende Steppe, die gr\u00f6\u00dftenteils durch die Landwirtschaft ver\u00e4ndert wurde, bewahrt dennoch vereinzelte Graslandflora, die von Gr\u00e4sern und H\u00fclsenfr\u00fcchten dominiert wird und Lebensraum f\u00fcr kleine S\u00e4ugetiere und Insekten bietet, die die Nahrungskette bilden.<\/p>\n<p>Die tiefere Geschichte von Amara liegt im Zusammenspiel zwischen menschlichem Streben und den Gegebenheiten der Umwelt. Von den boianischen T\u00f6pfern an den neolithischen Ufern \u00fcber kl\u00f6sterliche Landbesitzer und Hirtensiedler bis hin zu modernen Verwaltern und Kurg\u00e4sten hat jede nachfolgende Generation die Merkmale der Ebene durch ihr eigenes Prisma von Notwendigkeit und Streben interpretiert. Der Mineralreichtum des Sees pr\u00e4gte die Pflege\u00f6konomie; sein Wasser und sein Schlamm zogen gleicherma\u00dfen wissenschaftliche Forschung und Laienheilkunde an. Verwaltungskarten zogen Grenzen neu und passten die Verwaltung an, doch die physische Umgebung \u2013 L\u00f6ssschichten, unterirdische Quellen, grenzenloser Himmel \u2013 blieb unver\u00e4ndert und pr\u00e4gte sowohl den Anbau als auch die Heilung.<\/p>\n<p>Das heutige Amara f\u00fchrt dieses Erbe fort und achtet dabei auf seine Doppelfunktion als Gemeindezentrum und Erholungsort. Die j\u00e4hrlichen Besucherzahlen, insbesondere von Senioren, die Pelotherapie und Hydrotherapie in Anspruch nehmen, liegen bei \u00fcber 14.000 und unterstreichen die anhaltende Anziehungskraft der therapeutischen Landschaft. Gleichzeitig sind die lokalen Entscheidungstr\u00e4ger mit Fragen des Bev\u00f6lkerungsr\u00fcckgangs, des Ressourcenmanagements und der \u00f6kologischen Verantwortung konfrontiert, da sie wissen, dass der Zustand des Sees sowohl das kulturelle Ged\u00e4chtnis als auch die wirtschaftliche Vitalit\u00e4t st\u00fctzt.<\/p>\n<p>In seiner heutigen Form ist Amara ein Ort der Schnittstelle: zwischen Steppe und Kurort, zwischen Verwaltungszentrum und l\u00e4ndlichem Hinterland, zwischen historischer Kontinuit\u00e4t und modernen Anforderungen. Seine Stra\u00dfen f\u00fchren zu Feldern, auf denen einst neolithische Siedlungen lebten, und zu Gew\u00e4ssern, die an die Auen eines verschwundenen Flusses erinnern. Im gleichm\u00e4\u00dfigen Rhythmus seiner Landschaften und den subtilen Wechseln der Jahreszeiten erkennt man einen Ort, der ebenso von seiner geologischen Vergangenheit wie von Jahrhunderten menschlicher Einflussnahme gepr\u00e4gt ist. Diese Symbiose aus Land und Lebensgrundlage, aus Sediment und Siedlung pr\u00e4gt Amara tiefer als jede einzelne Statistik oder Anlage \u2013 ein lebendiges Zeugnis daf\u00fcr, wie nat\u00fcrliche Gaben und menschliche Entschlossenheit in den Ebenen Munteniens zusammentreffen k\u00f6nnen.<\/p>","protected":false},"excerpt":{"rendered":"<p>Die Einwohner von Amara, einer Kleinstadt in der B\u0103r\u0103ganului-Ebene in der rum\u00e4nischen Region Muntenia im Kreis Ialomi\u021ba, genie\u00dfen eine hervorragende Lage. Sowohl der Weiler Amara als auch das Dorf Amara Nou\u0103 geh\u00f6ren zur Gemeinde Amara, die 7 Kilometer nordwestlich von Slobozia liegt. Nur 2 Kilometer vom Stadtzentrum entfernt liegt der ber\u00fchmte balneoklimatische Kurort Amara, der zum Stadtgebiet geh\u00f6rt.<\/p>","protected":false},"author":1,"featured_media":17599,"parent":11908,"menu_order":0,"comment_status":"closed","ping_status":"closed","template":"elementor_theme","meta":{"_eb_attr":"","footnotes":""},"class_list":["post-17010","page","type-page","status-publish","has-post-thumbnail"],"_links":{"self":[{"href":"https:\/\/travelshelper.com\/de\/wp-json\/wp\/v2\/pages\/17010","targetHints":{"allow":["GET"]}}],"collection":[{"href":"https:\/\/travelshelper.com\/de\/wp-json\/wp\/v2\/pages"}],"about":[{"href":"https:\/\/travelshelper.com\/de\/wp-json\/wp\/v2\/types\/page"}],"author":[{"embeddable":true,"href":"https:\/\/travelshelper.com\/de\/wp-json\/wp\/v2\/users\/1"}],"replies":[{"embeddable":true,"href":"https:\/\/travelshelper.com\/de\/wp-json\/wp\/v2\/comments?post=17010"}],"version-history":[{"count":0,"href":"https:\/\/travelshelper.com\/de\/wp-json\/wp\/v2\/pages\/17010\/revisions"}],"up":[{"embeddable":true,"href":"https:\/\/travelshelper.com\/de\/wp-json\/wp\/v2\/pages\/11908"}],"wp:featuredmedia":[{"embeddable":true,"href":"https:\/\/travelshelper.com\/de\/wp-json\/wp\/v2\/media\/17599"}],"wp:attachment":[{"href":"https:\/\/travelshelper.com\/de\/wp-json\/wp\/v2\/media?parent=17010"}],"curies":[{"name":"wp","href":"https:\/\/api.w.org\/{rel}","templated":true}]}}