{"id":17002,"date":"2024-09-25T11:16:38","date_gmt":"2024-09-25T11:16:38","guid":{"rendered":"https:\/\/travelshelper.com\/staging\/?page_id=17002"},"modified":"2026-03-12T19:44:11","modified_gmt":"2026-03-12T19:44:11","slug":"pedras-salgadas","status":"publish","type":"page","link":"https:\/\/travelshelper.com\/de\/destinations\/europe\/portugal\/pedras-salgadas\/","title":{"rendered":"Pedras Salgadas"},"content":{"rendered":"<p>Pedras Salgadas erhebt sich im Norden Portugals als ein Ort, an dem die langsame Alchemie der Erde auf menschlichen Einfallsreichtum trifft. Auf einem isolierten Plateau auf 1.263 Metern \u00fcber dem Meeresspiegel gelegen und mit einer Fl\u00e4che von zwanzig Hektar, durchzogen von acht Kilometern gewundenen Pfaden, liegt es nur eine Stunde und zehn Minuten Autofahrt von Porto entfernt und f\u00fchlt sich dennoch seltsam losgel\u00f6st vom Rhythmus des Stadtlebens an. Hier, in einer Region, die f\u00fcr ihre unber\u00fchrte Luft und Panoramablicke bekannt ist, entfaltet sich ein im 19. Jahrhundert entstandenes Erbe in Form eines modernen Spa- und Naturparks sowie einer Mineralwassermarke, deren Sprudeln weltweit Anerkennung gefunden hat. Pedras Salgadas ist nicht einfach nur ein Reiseziel; es ist ein bleibendes Zeugnis der erholsamen Synergie zwischen Tradition und Innovation, wo Zeit selbst zum Bestandteil des Wohlbefindens wird.<\/p>\n<p>Sobald man sich dem Parkeingang n\u00e4hert, weckt das mit Eichen und Kastanien bewachsene Gel\u00e4nde ein Gef\u00fchl der Ehrfurcht. Sanft schl\u00e4ngeln sich Wege zwischen restaurierten Geb\u00e4uden aus dem 19. Jahrhundert und modernen, \u00f6kologisch sinnvollen Unterk\u00fcnften hindurch und laden Besucher in eine Welt der Ruhe ein. Schon das Design der Unterk\u00fcnfte zeugt von tiefem Respekt vor dem Ort. Die sechzehn \u00d6koh\u00e4user sind aus Schiefer und lokalem Holz gefertigt und verschmelzen so mit dem Waldboden. Jedes Geb\u00e4ude bietet einen diskreten Ausblick auf die umliegenden W\u00e4lder. Einige dieser Geb\u00e4ude bieten Platz f\u00fcr bis zu sechs G\u00e4ste und eignen sich daher f\u00fcr Familien oder kleine Firmen. Die Baumh\u00e4user von Lu\u00eds Rebelo de Andrade thronen hoch oben zwischen den \u00c4sten \u2013 eine Hommage an Kindheitstr\u00e4ume, verfeinert durch architektonische Genauigkeit. Jeder Balken und jede Scheibe spiegelt eine bewusste Entscheidung wider: den Charakter des Landes zu ehren, anstatt ihn zu unterdr\u00fccken.<\/p>\n<p>Im Herzen dieser Baumwelt befindet sich das Thermal Spa, ein von \u00c1lvaro Siza Vieira neu konzipierter Pavillon, der eine Br\u00fccke zwischen dem 19. Jahrhundert und der Gegenwart schl\u00e4gt. Hier entspringt das Wasser derselben Quelle, die Pedras Salgadas seinen Namen gab, und ist reich an Kalzium, Magnesium, Bikarbonat und zahlreichen Spurenelementen, die \u00fcber Jahrzehnte unterirdischen Flusses aufgenommen wurden. Wenn der Regen durch Granitspalten in bis zu tausend Meter Tiefe sickert, erh\u00e4lt er sowohl seinen Mineralienreichtum als auch seine nat\u00fcrliche Spritzigkeit. Wenn er wieder an die Oberfl\u00e4che tritt, tr\u00e4gt jeder Tropfen den Abdruck geologischer Zeit und Drucks und bietet den Badenden eine Abfolge therapeutischer Erlebnisse \u2013 von Hydromassage-Nischen und Vichy-Duschen bis zu Thermalpackungen \u2013, die jeweils darauf abgestimmt sind, die Muskeln zu entspannen und den Geist zu beruhigen. Innenpools, Saunen und Hammams vervollst\u00e4ndigen einen Kreislauf, der sowohl von den alten Wurzeln der Spa-Kultur als auch von der Pr\u00e4zision moderner Wellness-Wissenschaft spricht.<\/p>\n<p>Doch Pedras Salgadas beschr\u00e4nkt sich nicht auf passives Ausruhen. Unter dem Bl\u00e4tterdach des Waldes erstreckt sich ein Netz aus Wander- und Radwegen, die Entdecker zu versteckten Quellen und Aussichtspunkten f\u00fchren. Baumkletteranlagen, die als Herausforderung konzipiert sind und dennoch mit dem Laub harmonieren, koexistieren neben einem Tennisplatz und einem Reitzentrum, das f\u00fcr seine St\u00e4lle und Reitpl\u00e4tze gelobt wird. Kinder finden auf einem Au\u00dfenspielplatz und in einem eigenen Kinderclub ihren eigenen R\u00fcckzugsort, w\u00e4hrend ein Komplex mit zwei Pools und getrennten Bereichen f\u00fcr Erwachsene und junge G\u00e4ste zu gemeinsamen Momenten des Lachens unter freiem Himmel einl\u00e4dt. Kulturelle Neugierde findet ihren Ausdruck im Pedras Experience Museum, einer interaktiven Ausstellung, die die unterirdische Reise des Wassers, die Entwicklung des Parks und die Gesundheitsrituale nachzeichnet, die seit \u00fcber 150 Jahren Pilger hierher ziehen.<\/p>\n<p>Die Mahlzeiten im Casa de Ch\u00e1 \u2013 Restaurante unterstreichen die Hingabe zu regionalen Zutaten und einer sorgf\u00e4ltigen Pr\u00e4sentation. Abende in der Bar Avelames k\u00f6nnen bei Billard oder Tischfu\u00dfball, einer ruhigen Filmvorf\u00fchrung oder einfach dem leisen Gemurmel einer Unterhaltung im Laternenlicht ausklingen. Gesch\u00e4ftstreffen und Familienfeiern finden in flexiblen R\u00e4umlichkeiten f\u00fcr 25 bis 350 G\u00e4ste statt und bieten audiovisuelle Unterst\u00fctzung und ma\u00dfgeschneidertes Catering. Um direktes Engagement zu f\u00f6rdern, beinhalten Reservierungen \u00fcber die offiziellen Kan\u00e4le Parkplatz, Fr\u00fchst\u00fcck und WLAN \u2013 ein Hinweis auf die Bed\u00fcrfnisse des modernen Reisenden und eine Erinnerung daran, dass Luxus oft in der perfekten Orchestrierung kleiner Annehmlichkeiten liegt.<\/p>\n<p>Diese Liebe zum Detail ist in den Stimmen derer sp\u00fcrbar, die diese Wege gegangen sind. Verifizierte G\u00e4stebewertungen erreichen im Durchschnitt 8,6 von 10 Punkten bei 723 Beurteilungen und loben besonders die Herzlichkeit des Personals \u2013 die Mitarbeiter erhalten bemerkenswerte 9,4 \u2013 sowie Komfort (9,0), Lage (9,1), Sauberkeit (8,9) und Anbindung (9,0). Besucher sprechen von \u201eH\u00e4usern mitten in der Natur\u201c und dem \u201eatemberaubenden Spa\u201c, das sowohl Einsamkeit als auch Geselligkeit f\u00f6rdert. Ehrliche Einsch\u00e4tzungen zeigen jedoch auch Chancen auf: Einige G\u00e4ste weisen darauf hin, dass bestimmte Thermalquellen im Winter geschlossen bleiben, und meinen, dass die Restaurierung eines alten Hotelgeb\u00e4udes das historische Kontinuum des Parks aufwerten w\u00fcrde. Ein Preis-Leistungs-Verh\u00e4ltnis von 7,5 deutet auf die Wahrnehmung von Premiumpreisen hin und regt das Management dazu an, umfassendere Pakete oder saisonale Sonderangebote in Betracht zu ziehen, um Kosten besser auf das Erlebnis abzustimmen.<\/p>\n<p>W\u00e4hrend moderner Luxus das Spa und den Park pr\u00e4gt, bringt \u00c1gua das Pedras denselben authentischen Geist auf Tische und in die Regale weltweit. Dort, wo Regenwasser auf einem unber\u00fchrten Talboden in 580 Metern H\u00f6he landet, beginnt es eine unterirdische Reise, die Jahrzehnte dauern kann. W\u00e4hrend seines Abstiegs durch gebrochenen Granit durchdringt Kohlendioxid aus der Tiefe das Wasser und verleiht ihm Blasen, die auf nat\u00fcrliche Weise und nicht durch k\u00fcnstliche Prozesse aufsteigen. Beim Auftauchen ist das Wasser frisch und samtig zugleich, sein Mineralprofil verleiht ihm ein unverwechselbares Mundgef\u00fchl und einen guten Ruf unter Kennern nat\u00fcrlich kohlens\u00e4urehaltiger Quellen.<\/p>\n<p>Die kommerzielle Geschichte von \u00c1gua das Pedras begann 1871 mit der offiziellen Nutzung der Thermalquellen und erreichte zwei Jahre sp\u00e4ter mit einer Auszeichnung auf der Wiener Weltausstellung erstmals internationales Publikum. Die Abf\u00fcllanlage entstand 1893, zun\u00e4chst f\u00fcr medizinische Zwecke, da die Klinikleiter bis 1907 die Nutzungsregeln kodifizierten. K\u00f6nigliche Besuche von K\u00f6nigin D. Maria II., Infante D. Augusto und K\u00f6nig-Gemahl D. Fernando im Jahr 1884 verliehen der Marke k\u00f6nigliches Prestige; nach Letzterem wurde sogar eine Quelle benannt. Diese F\u00f6rderung steigerte das Ansehen der Quellen in der europ\u00e4ischen Elite und setzte ein Musterbeispiel f\u00fcr das Prestige, das die Marke bis heute aufrechterh\u00e4lt.<\/p>\n<p>Im Laufe des 20. Jahrhunderts begegnete \u00c1gua das Pedras dem Wandel des Verbrauchergeschmacks mit umsichtigem Marketing. Der Slogan von 1970 \u2013 \u201eJede Stunde ist gut, um \u00c1gua das Pedras zu trinken\u201c \u2013 f\u00fchrte zu einer breiteren Akzeptanz \u00fcber medizinische Zwecke hinaus, w\u00e4hrend die Er\u00f6ffnung einer hochmodernen Abf\u00fcllanlage im Jahr 1994 die Kapazit\u00e4ten f\u00fcr den weltweiten Vertrieb sicherte. Kampagnen im fr\u00fchen 21. Jahrhundert \u2013 \u201eIn Balance\u201c, \u201eVon der Natur f\u00fcr Sie geschaffen\u201c und \u201eWasser mit Leben\u201c, angef\u00fchrt von der Schauspielerin Daniela Ruah \u2013 sprachen eine aufkeimende Wellness-Bewegung an. Meilensteine \u200b\u200bwie eine limitierte Flasche anl\u00e4sslich des 150-j\u00e4hrigen Jubil\u00e4ums im Jahr 2021 und Erlebnisattraktionen \u2013 die Parker\u00f6ffnung 2012 und das Pedras Experience Museum 2018 \u2013 verwandelten die Marke von einem Gebrauchsgegenstand in ein Lifestyle-Angebot und luden Verbraucher ein, in die Geschichte einzutauchen, anstatt nur daran zu nippen.<\/p>\n<p>Das Zusammenspiel von Wasser und Wald, von Kulturerbe und Design pr\u00e4gt zu allen Jahreszeiten den Reiz von Pedras Salgadas. Die urspr\u00fcnglichen Steinh\u00e4user und Herrenhausfassaden sind Zeugnisse einer vergangenen \u00c4ra, deren verwitterte Mauern durch die klaren Linien der holzverkleideten Bungalows und Pavillons mit Glasw\u00e4nden kontrastiert werden. Nachhaltige Praktiken \u2013 Regenwassernutzung, Solaranlagen und Erdw\u00e4rmeheizung \u2013 koexistieren mit Bem\u00fchungen zum Schutz der einheimischen Flora und Fauna und gew\u00e4hrleisten so die Zukunft des Parks, so sicher wie seine reiche Vergangenheit. Die 2019 gestartete Giving Back-Initiative des Managements flie\u00dft in lokale Umwelt- und Sozialprojekte, w\u00e4hrend das 2020 eingef\u00fchrte Motto \u201eLass die Natur f\u00fcr dich sorgen\u201c eine Philosophie unterstreicht, in der menschliches Wohlbefinden untrennbar mit der Gesundheit des \u00d6kosystems verbunden ist.<\/p>\n<p>Pedras Salgadas ist ein Paradebeispiel daf\u00fcr, wie kulturelles Erbe und moderne Pflege zusammenwirken k\u00f6nnen, um K\u00f6rper und Geist zu n\u00e4hren. Sein Mineralwasser, das im Laufe der Jahrhunderte langsam aus den Tiefen der Erde gepresst wurde, spiegelt die Entwicklung der Anlage wider \u2013 vom k\u00f6niglichen R\u00fcckzugsort zum modernen Wellness-Ziel. Ob ein Gast die Geborgenheit der Waldwege, die erholsame Ruhe eines Thermalbads, den schlichten Genuss eines Glases sprudelnden Quellwassers oder das gemeinsame Lachen bei Familientreffen sucht, Pedras Salgadas bietet einen nachhaltigen Dialog zwischen Vergangenheit und Gegenwart. In diesem Dialog bekr\u00e4ftigt jeder Schritt auf den moosges\u00e4umten Pfaden und jeder Schluck nat\u00fcrlich kohlens\u00e4urehaltigen Wassers eine uralte Wahrheit: Unsere wertvollsten Ressourcen flie\u00dfen unter der Oberfl\u00e4che und warten darauf, durch umsichtige Verwaltung ans Licht gebracht zu werden.<\/p>","protected":false},"excerpt":{"rendered":"<p>Pedras Salgadas, ein kleiner Kurort im Bezirk Vila Real im Norden Portugals, hat eine \u00fcberschaubare Bev\u00f6lkerungszahl, was die ruhige Atmosph\u00e4re beg\u00fcnstigt. Etwa 37 Kilometer n\u00f6rdlich der Bezirkshauptstadt gelegen, ist die kleine Stadt f\u00fcr ihre einzigartigen Mineralquellen bekannt, die heute ihren Charakter und ihre Wirtschaft pr\u00e4gen.<\/p>","protected":false},"author":1,"featured_media":17474,"parent":12065,"menu_order":0,"comment_status":"closed","ping_status":"closed","template":"elementor_theme","meta":{"_eb_attr":"","footnotes":""},"class_list":["post-17002","page","type-page","status-publish","has-post-thumbnail"],"_links":{"self":[{"href":"https:\/\/travelshelper.com\/de\/wp-json\/wp\/v2\/pages\/17002","targetHints":{"allow":["GET"]}}],"collection":[{"href":"https:\/\/travelshelper.com\/de\/wp-json\/wp\/v2\/pages"}],"about":[{"href":"https:\/\/travelshelper.com\/de\/wp-json\/wp\/v2\/types\/page"}],"author":[{"embeddable":true,"href":"https:\/\/travelshelper.com\/de\/wp-json\/wp\/v2\/users\/1"}],"replies":[{"embeddable":true,"href":"https:\/\/travelshelper.com\/de\/wp-json\/wp\/v2\/comments?post=17002"}],"version-history":[{"count":0,"href":"https:\/\/travelshelper.com\/de\/wp-json\/wp\/v2\/pages\/17002\/revisions"}],"up":[{"embeddable":true,"href":"https:\/\/travelshelper.com\/de\/wp-json\/wp\/v2\/pages\/12065"}],"wp:featuredmedia":[{"embeddable":true,"href":"https:\/\/travelshelper.com\/de\/wp-json\/wp\/v2\/media\/17474"}],"wp:attachment":[{"href":"https:\/\/travelshelper.com\/de\/wp-json\/wp\/v2\/media?parent=17002"}],"curies":[{"name":"wp","href":"https:\/\/api.w.org\/{rel}","templated":true}]}}