{"id":16989,"date":"2024-09-24T16:50:33","date_gmt":"2024-09-24T16:50:33","guid":{"rendered":"https:\/\/travelshelper.com\/staging\/?page_id=16989"},"modified":"2026-03-12T19:43:13","modified_gmt":"2026-03-12T19:43:13","slug":"serra-de-monchique","status":"publish","type":"page","link":"https:\/\/travelshelper.com\/de\/destinations\/europe\/portugal\/serra-de-monchique\/","title":{"rendered":"Serra de Monchique"},"content":{"rendered":"<p>Die Serra de Monchique erhebt sich abrupt aus den sanften Ebenen der westlichen Algarve, einer kompakten Gebirgskette etwa zwanzig Kilometer landeinw\u00e4rts, die dennoch zu den markantesten Erhebungen S\u00fcdportugals z\u00e4hlt. Ihr h\u00f6chster Gipfel, der F\u00f3ia, erreicht 902 Meter \u00fcber dem Meeresspiegel und erstreckt sich \u00fcber eine Distanz von 172,69 Kilometern. Damit ist sie sowohl der h\u00f6chste Punkt der Algarve als auch einer der einsamsten Berge Portugals. Ein zweiter H\u00f6hepunkt, der Picota, erreicht 774 Meter und verleiht dem bescheidenen, aber markanten Profil des Gebirges zus\u00e4tzliche Tiefe. Verstreut \u00fcber die H\u00e4nge und T\u00e4ler lebt eine kleine, verstreut lebende Bev\u00f6lkerung, die seit Jahrhunderten mit dieser Gegend verbunden ist, wo Geographie, Geologie, Flora und Fauna ineinandergreifen und einen Ort von einzigartigem Charakter schaffen.<\/p>\n<p>Der Status des Gebirges als s\u00fcdwestlichster Gebirgszug der Iberischen Halbinsel unterstreicht seine einzigartige Identit\u00e4t. Hier trifft der m\u00e4\u00dfigende Einfluss des Atlantiks auf die H\u00f6he. Es herrschen feuchte subtropische Bedingungen mit durchschnittlichen j\u00e4hrlichen Niederschlagsmengen zwischen 1.000 und 2.000 Millimetern. Milde Temperaturen und reichlich Feuchtigkeit sorgen f\u00fcr eine \u00fcppige Vegetation, die eher f\u00fcr gem\u00e4\u00dfigte Regionen als f\u00fcr die normalerweise trockenen Gebiete der Algarve typisch ist. Die Monchique-Eiche und die Stieleiche gedeihen neben Arten, die so weit s\u00fcdlich selten vorkommen \u2013 Kastanien, Portugiesische Eichen und die robuste Roble-Eiche pr\u00e4gen die H\u00e4nge und bilden einen waldreichen Kontrast zu den Tiefebenen.<\/p>\n<p>Diese W\u00e4lder wurden jedoch durch menschliche Eingriffe stark ver\u00e4ndert. Mitte der 1970er Jahre wurden riesige Fl\u00e4chen einheimischen Waldes in Eukalyptus-, Kiefern- und Akazienplantagen umgewandelt. Diese schnell wachsenden B\u00e4ume dienen zwar kommerziellen Zwecken und der Zellstoffindustrie, fordern aber einen hohen \u00f6kologischen Tribut: Sie ersch\u00f6pfen die Grundwasserreserven, unterdr\u00fccken die Artenvielfalt im Unterholz und f\u00f6rdern ein Umfeld, in dem einst ganzj\u00e4hrig flie\u00dfende B\u00e4che die meiste Zeit des Jahres austrocknen. Die Umstellung von einheimischen W\u00e4ldern auf Forstwirtschaft f\u00fcr den kommerziellen Anbau hat das Gleichgewicht, das Flora und Fauna erhielt, gest\u00f6rt. Endemische Arten sind gef\u00e4hrdet und lokale Wasserwege sind geschrumpft.<\/p>\n<p>Monchique ist eine der Gemeinden, die diese Berge beheimaten, und ist Namensgeber der gesamten Bergkette. Eingebettet in gr\u00fcne H\u00e4nge ist die Stadt ein Zeugnis kultureller Kontinuit\u00e4t. Ihre engen Gassen, wei\u00df get\u00fcnchten Fassaden und granitgepflasterten Pl\u00e4tze zeugen von Generationen, die ihren Lebensunterhalt mit Landwirtschaft, Forstwirtschaft und dem heilenden Wasser dieser Berge verdienten. Der nahegelegene Kurort Caldas de Monchique profitiert von geothermischen Quellen, denen therapeutische Wirkung nachgesagt wird. Eine Kapelle, eingebettet in Magnolienhaine \u2013 zu denen die gr\u00f6\u00dften Europas geh\u00f6ren \u2013 \u00fcberblickt den Thermalkomplex und einen Park mit \u00fcppiger Vegetation, die dank der Feuchtigkeit und der fruchtbaren B\u00f6den aus Magmagestein gedeiht.<\/p>\n<p>Diese B\u00f6den verdanken ihren Reichtum dem Foyait, einer lokalen Variet\u00e4t des Nephelin-Syenits, die nach ihrem Typusfundort F\u00f3ia benannt ist. Die Serra de Monchique ist Teil der oberkreidezeitlichen Iberischen Alkali-Magma-Provinz, einer geologischen Provinz, die Intrusionen an Land mit k\u00fcstennahen Strukturen wie dem Meeresberg Mount Ormonde in der Gorringe Bank verbindet. Die Monchique-Intrusion selbst erstreckt sich \u00fcber etwa 63 Quadratkilometer und ist der viertgr\u00f6\u00dfte bisher dokumentierte miaskitische Nephelin-Syenit-K\u00f6rper. Ihre weitgehend lakkolithische Form wird durch den glatten Kontakt mit der umgebenden Breijera-Formation abgeleitet, wo Psammit, Schiefer und Mergel in zerkl\u00fcfteten Aufschl\u00fcssen zutage treten.<\/p>\n<p>Im Kern des Gebirges treten an zwei verschiedenen Stellen Pegmatite \u00e4hnlicher foyaitischer Zusammensetzung auf, w\u00e4hrend ein damit verbundener Deichschwarm aus Lamprophyren und Pikriten fast drei Kilometer weit von F\u00f3ia vorragt. Diese Strukturen bieten einen Einblick in die plutonischen und vulkanischen Kr\u00e4fte, die das Grundgestein der Region w\u00e4hrend der abnehmenden Kreidezeit formten. Im Westen formt das zerkl\u00fcftete Relief der Breijera-Formation dramatische Schluchten und steile Canyons, deren nackte Psammit- und Mergelschichten einen scharfen Kontrast zu den sanfteren H\u00e4ngen der Syenitberge bilden.<\/p>\n<p>Hydrologisch gesehen dient die Serra de Monchique als Quelle f\u00fcr mehrere der wichtigsten Fl\u00fcsse der Algarve. Die Ribeira de Seixe, die Ribeira de Aljezur (auch bekannt als da Cerca) und die Ribeira de Odi\u00e1xere sowie kleinere B\u00e4che wie die Ribeira de Monchique und die Ribeira de Boina entspringen alle in ihrem Hochland. Diese Wasserwege bew\u00e4ssern nicht nur die Landwirtschaft flussabw\u00e4rts, sondern versorgen auch die Ufer\u00f6kosysteme. Historisch gesehen flossen viele dieser B\u00e4che das ganze Jahr \u00fcber; seit der Intensivierung des Eukalyptusanbaus im Jahr 1976 trocknen sie jedoch h\u00e4ufig aus, und der regionale Grundwasserspiegel ist deutlich gesunken, was sowohl die menschliche als auch die \u00f6kologische Gemeinschaft gef\u00e4hrdet.<\/p>\n<p>Die Serra de Monchique beherbergt eine Flora und Fauna, die unter besonderem Naturschutz steht. Der Habichtsadler, ein majest\u00e4tischer Raubvogel, dessen Jagdgebiet sich einst \u00fcber weite Teile S\u00fcdeuropas erstreckte, ist nun vom Aussterben bedroht, da geeignete Nistpl\u00e4tze schwinden und Beutetiere knapp werden. \u00c4hnlich gef\u00e4hrdet ist die Iberische Smaragdeidechse, eine farbenpr\u00e4chtige Schuppenkriechtierart, die auf das k\u00fchlere, feuchtere Mikroklima der bewaldeten H\u00e4nge des Gebirges angewiesen ist. Beide Arten stehen unter anderem unter dem Schutz der Europ\u00e4ischen Union, und das Gebiet ist als Natura-2000-Gebiet PTCON0037 ausgewiesen, ein besonderes Schutzgebiet f\u00fcr V\u00f6gel und ein Gebiet von gemeinschaftlicher Bedeutung f\u00fcr Lebensr\u00e4ume.<\/p>\n<p>Obwohl die Natura-2000-Ausweisung einen rechtlichen Rahmen f\u00fcr den Naturschutz bietet, bleibt eine effektive Verwaltung eine enorme Herausforderung. Der durch nicht-heimische Anpflanzungen verursachte Wasserdruck untergr\u00e4bt weiterhin die Uferkorridore. Die Ersch\u00f6pfung des Grundwassers erh\u00f6ht die Waldbrandgefahr und mindert die Bodenfruchtbarkeit. Die Widerstandsf\u00e4higkeit der Monchique-Eiche und der Stieleiche sowie vereinzelter Kastanien und Portugiesischer Eichen bietet jedoch eine Grundlage f\u00fcr Renaturierungsbem\u00fchungen. Lokale Initiativen zum Ersatz von Eukalyptusbest\u00e4nden durch einheimische Arten und zur Wiederaufforstung von Uferrandstreifen haben begonnen, die Fortschritte sind jedoch nur schleppend.<\/p>\n<p>Trotz dieser Belastungen bewahrt die Serra de Monchique eine fast greifbare Ortsverbundenheit. Ihre Gipfel bieten einen Panoramablick auf den Atlantik und die K\u00fcstenebenen der Algarve; im Morgengrauen sammelt sich oft Nebel in den T\u00e4lern und verleiht der Szenerie eine stille Erhabenheit. Die hoch aufragende Magnolie von Caldas de Monchique ist ein stummer Zeuge des Zusammentreffens von Geologie, Klima und Menschheitsgeschichte. Unter ihren \u00c4sten ziehen die Mineralquellen seit der Antike Besucher an; ihr Wasser entspringt aus gebrochenem, in der Tiefe erhitztem Gestein.<\/p>\n<p>Die Vitalit\u00e4t dieser Region beruht auf einem Gleichgewicht zwischen Nutzung und Erhaltung. Die fruchtbaren B\u00f6den \u2013 gen\u00e4hrt von feuchten subtropischen Regenf\u00e4llen und dem Mineralreichtum des Foyaits \u2013 erm\u00f6glichen sowohl traditionelle Obstg\u00e4rten als auch eine sich entwickelnde, umweltschonende Landwirtschaft. Agroforstwirtschaftliche Modelle, die einheimische Eichen mit Obstb\u00e4umen und Olivenb\u00e4umen kombinieren, versprechen die Sicherung der Lebensgrundlagen und f\u00f6rdern gleichzeitig die Artenvielfalt. Da der Tourismus, der sich auf Natur und Wellness konzentriert, w\u00e4chst, stehen die Akteure vor der Aufgabe, Besucher unterzubringen, ohne die Qualit\u00e4ten zu beeintr\u00e4chtigen, die die Berge so beleben.<\/p>\n<p>Im Kern verk\u00f6rpert die Serra de Monchique das Zusammenspiel von Naturgewalten und menschlichem Handeln. Ihre granitgepflasterten Pfade und schattigen Wege folgen den Spuren geologischer Umw\u00e4lzungen, folgen aber auch den Spuren von Generationen, die Holz ernteten, Weinberge pflegten und in Thermalquellen Trost suchten. Die Fl\u00fcsse, die hier entspringen, tragen die Geschichte dieser H\u00f6hen in die Ebenen und verbinden das Hochland mit der K\u00fcste. Die Herausforderung besteht darin, die Integrit\u00e4t von Geologie, Hydrologie und \u00d6kologie zu bewahren und gleichzeitig die kulturellen Traditionen zu pflegen, die dem Gebirge seine Identit\u00e4t verleihen.<\/p>\n<p>Vulkangeschichte, Wald\u00f6kologie und menschliche Besiedlung sind untrennbar miteinander verbunden. Der Erhalt der einzigartigen \u00d6kosysteme \u2013 von Kastanienhainen bis hin zu Adlernistpl\u00e4tzen \u2013 erfordert die R\u00fccknahme sch\u00e4dlicher Landnutzungen und die Pflege einheimischer W\u00e4lder. Durch die Verbindung von Naturschutz mit nachhaltigen Lebensgrundlagen und bewusstem Tourismus kann die Region ihre Feuchtw\u00e4lder, ganzj\u00e4hrig wasserf\u00fchrenden B\u00e4che und Thermalquellen erhalten. So bleibt sichergestellt, dass die Gipfel von F\u00f3ia und Picota nicht nur geologische Monumente, sondern lebendige Landschaften bleiben, in denen sich die Geschichte der Natur und die Menschheitsgeschichte fortw\u00e4hrend entfalten.<\/p>","protected":false},"excerpt":{"rendered":"<p>Die Serra de Monchique ist ein markantes Gebirge in der westlichen Algarve Portugals, etwa 20 Kilometer landeinw\u00e4rts von der K\u00fcste entfernt. Im S\u00fcdwesten der Iberischen Halbinsel bildet diese beeindruckende geologische Formation \u2013 Heimat einer kleinen, \u00fcber ihre H\u00e4nge und T\u00e4ler verstreuten Bev\u00f6lkerung \u2013 ein Naturdenkmal.<\/p>","protected":false},"author":1,"featured_media":17473,"parent":12065,"menu_order":0,"comment_status":"closed","ping_status":"closed","template":"elementor_theme","meta":{"_eb_attr":"","footnotes":""},"class_list":["post-16989","page","type-page","status-publish","has-post-thumbnail"],"_links":{"self":[{"href":"https:\/\/travelshelper.com\/de\/wp-json\/wp\/v2\/pages\/16989","targetHints":{"allow":["GET"]}}],"collection":[{"href":"https:\/\/travelshelper.com\/de\/wp-json\/wp\/v2\/pages"}],"about":[{"href":"https:\/\/travelshelper.com\/de\/wp-json\/wp\/v2\/types\/page"}],"author":[{"embeddable":true,"href":"https:\/\/travelshelper.com\/de\/wp-json\/wp\/v2\/users\/1"}],"replies":[{"embeddable":true,"href":"https:\/\/travelshelper.com\/de\/wp-json\/wp\/v2\/comments?post=16989"}],"version-history":[{"count":0,"href":"https:\/\/travelshelper.com\/de\/wp-json\/wp\/v2\/pages\/16989\/revisions"}],"up":[{"embeddable":true,"href":"https:\/\/travelshelper.com\/de\/wp-json\/wp\/v2\/pages\/12065"}],"wp:featuredmedia":[{"embeddable":true,"href":"https:\/\/travelshelper.com\/de\/wp-json\/wp\/v2\/media\/17473"}],"wp:attachment":[{"href":"https:\/\/travelshelper.com\/de\/wp-json\/wp\/v2\/media?parent=16989"}],"curies":[{"name":"wp","href":"https:\/\/api.w.org\/{rel}","templated":true}]}}