{"id":16909,"date":"2024-09-24T13:14:14","date_gmt":"2024-09-24T13:14:14","guid":{"rendered":"https:\/\/travelshelper.com\/staging\/?page_id=16909"},"modified":"2026-03-12T19:32:20","modified_gmt":"2026-03-12T19:32:20","slug":"hirschberg","status":"publish","type":"page","link":"https:\/\/travelshelper.com\/de\/destinations\/europe\/poland\/jelenia-gora\/","title":{"rendered":"Hirschberg"},"content":{"rendered":"<p>Jelenia G\u00f3ra, eine Stadt mit 77.366 Einwohnern (Stand 2021), liegt im n\u00f6rdlichen Becken des Jelenia-G\u00f3ra-Tals im S\u00fcdwesten Polens, eingebettet in die Woiwodschaft Niederschlesien und im Schatten des Riesengebirges entlang der tschechischen Grenze. Diese historische Siedlung, deren Urspr\u00fcnge bis ins 10. Jahrhundert zur\u00fcckreichen und die 1288 offiziell gegr\u00fcndet wurde, ist sowohl als Sitz des Riesengebirges als auch als eigenst\u00e4ndige st\u00e4dtische Gemeinde von Interesse. Die Umgebung umfasst den traditionsreichen Kurort Cieplice \u015al\u0105skie-Zdr\u00f3j und gr\u00fcne Parklandschaften, die zusammen eines der beliebtesten Erholungsgebiete Polens bilden.<\/p>\n<p>Aus den ersten Erw\u00e4hnungen von Waldlichtungen und einem bescheidenen Agrardorf geht hervor, dass Jelenia G\u00f3ra an der Kreuzung mittelalterlicher Handelswege entstand, die das Heilige R\u00f6mische Reich und B\u00f6hmen mit Osteuropa verbanden. Diese Handelswege verliehen Privilegien, die im Sp\u00e4tmittelalter die Grundlage f\u00fcr eine florierende Weberei- und Bergbauindustrie bildeten. Mit Stoffen und Erzen beladene Handelskarawanen pr\u00e4gten die Wirtschaft der Stadt und f\u00fchrten zum Bau befestigter Tore wie dem Wojanowska-Turm und -Tor, dessen mittelalterliche Bastion einst den Durchgang nach Wojan\u00f3w regelte. Obwohl ein heftiger Sturm 1480 den Turm einst\u00fcrzte und f\u00fcnf Menschen unter den Tr\u00fcmmern begrub, konnte durch den Wiederaufbau seine Silhouette, gekr\u00f6nt von einer Laternenkuppel und einer Uhr, rasch wiederhergestellt werden. Heraldische Embleme \u2013 preu\u00dfische, schlesische und st\u00e4dtische \u2013 zieren seine S\u00e4ulen. Das Tor wurde 1869 abgebaut, um als Kaserne zu dienen, und nach der Restaurierung im Jahr 1998 wieder an seinen urspr\u00fcnglichen Standort zur\u00fcckgebracht. Heute ist es das einzige erhaltene St\u00fcck des Verteidigungsrings der Stadt und zeugt von Jahrhunderten voller Konflikte und Erneuerungen.<\/p>\n<p>Jelenia G\u00f3ras Schicksal schwankte mit den Gezeiten der europ\u00e4ischen Geschichte. Die Stadt ertrug die Verw\u00fcstungen des Drei\u00dfigj\u00e4hrigen Krieges und erlebte w\u00e4hrend der Schlesischen Kriege eine neue strategische Bedeutung. Gl\u00fccklicherweise \u00fcberstand der historische Kern den Zweiten Weltkrieg weitgehend unbeschadet, auch wenn die Bev\u00f6lkerungszahl unter dem Eindruck von Zwangsarbeit und Fl\u00fcchtlingsstr\u00f6men von rund 35.000 auf 140.000 anstieg. Nach 1945 schrumpfte die Bev\u00f6lkerungszahl durch den Abzug der deutschen Einwohner im Rahmen des Potsdamer Abkommens auf 39.000. Eine anschlie\u00dfende Erweiterung im Jahr 1975, bei der umliegende St\u00e4dte \u2013 insbesondere der Kurort Cieplice \u2013 eingemeindet wurden, brachte die Gesamtzahl auf 80.000 Einwohner. Diese Zahl erreichte 1996 mit 93.570 ihren H\u00f6hepunkt, bevor sie 2022 allm\u00e4hlich auf 75.794 sank.<\/p>\n<p>Das architektonische Herz der Stadt bleibt der Marktplatz. Barocke Mietsh\u00e4user s\u00e4umen Arkadenstra\u00dfen und treffen auf das zwischen 1744 und 1749 errichtete, stattliche Rathaus. Urspr\u00fcnglich von Handelsst\u00e4nden umgeben, zeugen die S\u00e4ulenfassaden des Platzes von einer \u00c4ra weitreichenden Handels. Ein Brunnen mit einer Skulptur des r\u00f6mischen Meeresgottes Neptun erinnert daran und erinnert an den einst florierenden \u00dcberseehandel Jelenia G\u00f3ras. Angrenzende Geb\u00e4ude \u2013 umgangssprachlich die Sieben H\u00e4user genannt \u2013 wurden Anfang des 20. Jahrhunderts in das Rathaus integriert, wodurch die B\u00fcrgers\u00e4le innerhalb der von provinzieller Pracht gepr\u00e4gten Mauern erweitert wurden.<\/p>\n<p>Jenseits des Marktes zeugt die Basilika St. Erasmus und Pankratius von vier Jahrhunderten der Hingabe. Der im 14. Jahrhundert gegr\u00fcndete und im 15. Jahrhundert umgestaltete dreischiffige Steinbau erhebt sich unter einem hohen Turm. Sein mit gotischer Pr\u00e4zision geschnitztes S\u00fcdportal l\u00e4dt mit seinem filigranen Ma\u00dfwerk und den kunstvollen Blattwerken zum Betrachten ein. Im Inneren harmonieren Renaissance- und Barockeinrichtungen mit strengen Gew\u00f6lben. Zwei Grabkapellen aus dem 17. und 18. Jahrhundert durchbrechen die Seiten des Kirchenschiffs; ihre W\u00e4nde sind mit \u00fcber zwanzig Epitaphen und Grabsteinen geschm\u00fcckt. Die im 16. Jahrhundert gehauene Kanzel und das mit Intarsien verzierte Chorgest\u00fchl stammen aus der Zeit vor einem opulenten Altar aus dem 18. Jahrhundert, der den Altarraum beherrscht, w\u00e4hrend eine italienische Barockorgel von Adam Casparini den Raum mit klangvoller Hymne erf\u00fcllt. \u00c4u\u00dferlich kennzeichnen eine Mariens\u00e4ule und eine Statue des Heiligen Johannes von Nepomuk den Kirchenbezirk, Zeugnisse des religi\u00f6sen Lebens der Gl\u00e4ubigen von Jelenia G\u00f3ra \u00fcber Jahrhunderte hinweg.<\/p>\n<p>S\u00fcdlich davon entstand zwischen 1709 und 1718 die Kreuzerh\u00f6hungskirche, ein Ergebnis eines Versprechens an die schlesischen Protestanten im Altranst\u00e4dter Abkommen, finanziert vom katholischen Kaiser von \u00d6sterreich. Der von Martin Frantz aus Tallinn entworfene, kreuzf\u00f6rmige Kuppelbau \u00e4hnelt seinem Stockholmer Gegenst\u00fcck, der St.-Katharinen-Kirche, und bietet in einem dreist\u00f6ckigen Emporensaal Platz f\u00fcr \u00fcber zweitausend Gl\u00e4ubige. Sein schlichtes \u00c4u\u00dferes weicht einem reich bemalten Innenraum, in dem sich W\u00e4nde und Decken mit Szenen aus beiden Testamenten f\u00fcllen. Eine monumentale Orgel und ein Altar, die \u00fcber dem Kirchenschiff schweben, verschmelzen zu einer ausgedehnten architektonischen Skulptur, die die barocke Synthese von Kunst und Glauben verk\u00f6rpert.<\/p>\n<p>Cieplice \u015al\u0105skie-Zdr\u00f3j, heute ein Stadtteil von Jelenia G\u00f3ra, f\u00fchrt seine Kurtradition auf das 13. Jahrhundert zur\u00fcck, als Zisterzienserm\u00f6nche erstmals die Thermalquellen dokumentierten. Bereits im 16. Jahrhundert zog das schwefel- und siliziumreiche, fast 30 Grad Celsius hei\u00dfe Wasser K\u00f6nige und Intellektuelle an, von Marie Casimire Louise de La Grange d&#039;Arquien bis zu Prinz James Louis Sobieski. Diese heilenden Quellen f\u00fchrten zur Hydrotherapie, Inhalation und Phototherapie. Parks \u2013 vor allem der Zdrojowy und der Norwegische Park \u2013 boten Spazierwege zur Erholung. Ersterer, 1796 angelegt, \u00fcbernahm sp\u00e4ter unter der Familie Schaffgotsch englische Gartenprinzipien. Letzterer, 1909 nach einem an die Wikingerkunst erinnernden Holzpavillon benannt, erweiterte die gr\u00fcne Umgebung des Kurortes.<\/p>\n<p>Inmitten dieser G\u00e4rten befindet sich die Galerie und das Zdrojowy-Theater, das Carl Gottlieb Geissler zwischen 1797 und 1800 erbauen lie\u00df. Hinter der neoklassizistischen Fassade verbergen sich ein Konzertsaal, ein Lesesaal und eine Zigarrenlounge \u2013 R\u00e4ume, in denen einst das kulturelle Leben einer internationalen Kundschaft stattfand. Ein eigenes Theater mit Balkonen f\u00fcr 270 G\u00e4ste wurde 1836 von den Schaffgotschen hinzugef\u00fcgt. Zusammen verdeutlichen diese Geb\u00e4ude die doppelte Identit\u00e4t von Cieplice als medizinischer R\u00fcckzugsort und Gesellschaftssalon.<\/p>\n<p>Sobiesz\u00f3w, ein weiterer Bezirk, liegt am Fu\u00dfe des Chojnik-Berges, am Bach Wrzos\u00f3wka. Vom 14. Jahrhundert bis 1945 regierte die Familie Schaffgotsch das Dorf, dessen Name seine slawischen Wurzeln verr\u00e4t. Heute befindet sich hier der Hauptsitz des Nationalparks Riesengebirge, ein Treffpunkt f\u00fcr Wanderer, die die markierten Pfade des Riesengebirges und den ruinenbekr\u00f6nten Gipfel des Chojnik erkunden m\u00f6chten. Die Burg selbst thront auf einem 45 Meter hohen Felsen \u00fcber dem H\u00f6llental, und ihre Ruinen \u00fcberblicken ein Naturschutzgebiet, das sowohl nat\u00fcrliches als auch architektonisches Erbe bewahrt. Jeden Sommer wird das Burgtor zur B\u00fchne des Chojnik-Goldbolzen-Turniers, bei dem moderne Darsteller in Kettenhemden mit Armbr\u00fcsten um einen symbolischen Bolzen wetteifern und Handwerker inmitten der verwitterten Festungsmauern mittelalterliches Handwerk vorf\u00fchren.<\/p>\n<p>Jagni\u0105tk\u00f3w, das erst 1998 in Jelenia G\u00f3ra integriert wurde, liegt im h\u00f6chstgelegenen Stadtteil. Der 1651 von tschechischen Fl\u00fcchtlingen gegr\u00fcndete Ort ist bis heute Ausgangspunkt f\u00fcr Bergwanderungen und mit Gelenkbussen erreichbar. Die zwischen 1980 und 1986 fertiggestellte Kirche der Barmherzigkeit Gottes ist vom Podhale-Stil inspiriert. Ihre h\u00f6lzernen Dachlinien erinnern an die Ausl\u00e4ufer der Tatra und harmonieren mit den umliegenden Tannenw\u00e4ldern. In der N\u00e4he erstreckt sich der Gletscherkessel \u201eJagni\u0105tkowski Schwarzer Kessel\u201c unter Gneis- und Quarzitfelsen \u2013 ein Zeugnis der pleistoz\u00e4nen Bildhauerei der Region und ein Objekt von wissenschaftlichem und \u00e4sthetischem Interesse.<\/p>\n<p>Das Klima in Jelenia G\u00f3ra schwankt zwischen ozeanischem und feucht-kontinentalem Klima, mit gem\u00e4\u00dfigten Sommern und Wintern nahe dem Gefrierpunkt, gepr\u00e4gt durch die H\u00f6henlage der umliegenden Gebirgsketten. Historisch gesehen spiegelt die Bev\u00f6lkerungsentwicklung die geopolitischen Ver\u00e4nderungen der Region wider. Eine Volksz\u00e4hlung aus dem 16. Jahrhundert verzeichnete 3.500 Einwohner; bis zum Ende des 18. Jahrhunderts war die Bev\u00f6lkerung auf 6.000 angewachsen. Im fr\u00fchen 20. Jahrhundert wuchs die Bev\u00f6lkerung auf 20.000, und 1939 z\u00e4hlte die Stadt \u00fcber 35.000 Einwohner. Der au\u00dfergew\u00f6hnliche Zustrom von 140.000 Einwohnern w\u00e4hrend des Krieges unterstreicht die Not der Stadt und die vor\u00fcbergehende Natur der Zwangsarbeiter.<\/p>\n<p>Verkehrsadern binden Jelenia G\u00f3ra in nationale und internationale Netze ein. Die Stra\u00dfe Nr. 5, Teil der Europastra\u00dfe E65, verbindet die Stadt mit Breslau, Posen und den baltischen H\u00e4fen und f\u00fchrt \u00fcber F\u00e4hrverbindungen weiter nach Norden nach Skandinavien. Provinzstra\u00dfen f\u00fchren sternf\u00f6rmig nach Zgorzelec, Legnica, Walbrzych und Kowary. Die im Fr\u00fchjahr 2019 fertiggestellte Umgehungsstra\u00dfe von Maciejowa entlastete die Stadt, indem sie den Transitverkehr f\u00fcnf Kilometer nach Osten umleitete. \u00dcber hundert Br\u00fccken \u00fcberspannen die Fl\u00fcsse Bobr und Kamienna sowie ihre Nebenfl\u00fcsse und bilden ein Netz aus Viadukten, die von der Ufergeologie der Stadt zeugen.<\/p>\n<p>Die Eisenbahn erreichte Jelenia G\u00f3ra 1866 mit der Schlesischen Gebirgsbahn, Teil einer gro\u00dfartigen Vision, die Berlin und Wien verbinden sollte. Bis 1880 wurden die Strecken bis nach Wa\u0142brzych und K\u0142odzko verl\u00e4ngert, mit Abzweigungen nach Kowary, Piechowice und Szklarska Por\u0119ba. Die Elektrifizierung begann 1916, wurde jedoch 1945 eingestellt und erst in den 1960er-Jahren und 1986 wieder in Betrieb genommen. Der Personenverkehr mit Dampflokomotiven bestand bis 1984. Aufgrund der Vernachl\u00e4ssigung im sp\u00e4ten 20. Jahrhundert wurde die Hauptstrecke als \u201etechnischer Tod\u201c bezeichnet, da die Geschwindigkeitsbegrenzungen auf 20 km\/h sanken und Busunternehmen Pendler abzogen. Erneuerungsprojekte nach 2007 belebten den Korridor Breslau\u2013Jelenia G\u00f3ra wieder und brachten Reisende zur\u00fcck auf die Schiene. Bis 2020 bedienten sowohl Hochgeschwindigkeits-Intercity-Pendolinos als auch TLK-Z\u00fcge den Hauptbahnhof, erg\u00e4nzt durch regionale Koleje Dolno\u015bl\u0105skie-Strecken und integrierte Busverbindungen zu Bergresorts.<\/p>\n<p>Die st\u00e4dtische Stra\u00dfenbahn, die von 1897 bis 1969 in Betrieb war, ist nahezu verschwunden. Gleisreste und eine Gedenktafel in der N\u00e4he des Rathauses erinnern an ihre ehemalige Route. Ein erhaltener Waggon steht Wache am Nordeingang und wurde als Souvenirkiosk umfunktioniert. Zwei weitere stehen im Depot in der Wolno\u015bci-Stra\u00dfe und am Busbahnhof Podg\u00f3rzyn \u2013 stumme Zeugen einer Zeit, als Elektroautos den Marktplatz befuhren.<\/p>\n<p>Der \u00f6ffentliche Nahverkehr innerhalb der Stadt umfasst 26 Buslinien, darunter zwei Nachtlinien, die von den st\u00e4dtischen Verkehrsbetrieben betrieben werden. Seit dem Jahr 2000 hat PKS \u201eTour\u201c das ehemalige staatliche Busunternehmen abgel\u00f6st und bietet Regionalbusse nach Karpacz, Szklarska Por\u0119ba und dar\u00fcber hinaus an. Der moderne Bahnhof befindet sich neben dem Einkaufszentrum Nowy Rynek. Grenz\u00fcberschreitende EURO-NYSA-Tickets erm\u00f6glichen nahtlose Fahrten mit Bahn und Bus in die Tschechische Republik und unterstreichen Jelenia G\u00f3ras Rolle als Knotenpunkt grenz\u00fcberschreitender Mobilit\u00e4t.<\/p>\n<p>Jelenia G\u00f3ras Mosaik aus Steint\u00fcrmen, Thermalquellen und gr\u00fcnen H\u00e4ngen verk\u00f6rpert die Komplexit\u00e4t des schlesischen Erbes. Seine mittelalterlichen Tore und barocken Fassaden \u00fcberleben inmitten des Murmelns der Gebirgsb\u00e4che, w\u00e4hrend seine Kurpavillons und Promenadengalerien an Epochen adliger M\u00e4zene und proletarischer Zuflucht erinnern. Die Identit\u00e4t der Stadt ist aus den F\u00e4den von Handel, Konflikt und Erholung gewoben: ein Ort, an dem Granitgipfel auf gotische Portale treffen, wo zedernges\u00e4umte Parks an bernsteinfarbene Brunnen grenzen und wo jede Jahreszeit sowohl die Landschaft als auch die sich entfaltende Geschichte erneuert.<\/p>\n<p>Die Geschichte der Stadt ist nicht vollst\u00e4ndig, ohne das Auf und Ab ihrer Bev\u00f6lkerung zu ber\u00fccksichtigen \u2013 ein Mikrokosmos mitteleurop\u00e4ischer Geschichte. Von einer mittelalterlichen Marktstadt mit dreitausend Einwohnern entwickelte sie sich zu einem Zentrum des Handwerks, expandierte unter preu\u00dfischer und \u00f6sterreichischer Herrschaft und \u00fcberstand die Wirren moderner Kriege und ethnischer Umw\u00e4lzungen. Die Neugestaltung nach dem Krieg vereinigte Kurorte, Bergd\u00f6rfer und gr\u00fcne T\u00e4ler zu einer einheitlichen Gemeinde, auch wenn die Bev\u00f6lkerungsstr\u00f6me allm\u00e4hlich zur\u00fcckgingen. Heute steht Jelenia G\u00f3ra an der Schnittstelle von Tradition und Moderne, und durch seine Stra\u00dfen hallt der Klang der Schritte von Pilgern, Touristen und Pendlern wider.<\/p>\n<p>Das Zusammenspiel von Stein und Wasser, von Alpenk\u00e4mmen und Thermalquellen pr\u00e4gt sowohl den Stadtplan als auch das Besuchererlebnis. Die schwefelhaltigen Quellen von Cieplice sprudeln noch immer im Schatten alter Parks. Die Zentrale des Nationalparks Riesengebirge in Sobiesz\u00f3w entsendet Ranger und Forscher in die Hochgebirgshorste. Die Holzkirche und der Gletscherkessel von Jagni\u0105tk\u00f3w verbinden pastorale Tradition mit geologischen Wundern. Alle Wege \u2013 ob gepflasterte Boulevards, schmale Waldwege oder restaurierte Eisenbahnlinien \u2013 f\u00fchren zur\u00fcck zum Marktplatz, dem Herzen der Stadt, wo Neptun eine uralte Handelsroute \u00fcberblickt, die nun f\u00fcr die Suche des Reisenden nach Sinnhaftigkeit statt nach Waren umfunktioniert wurde.<\/p>\n<p>In Jelenia G\u00f3ra ist Geschichte kein statisches Tableau, sondern ein lebendiges Kontinuum, in dem jedes Steinportal, jeder pl\u00e4tschernde Wasserlauf und jedes Echo in einem barocken Kirchenschiff ein Kapitel der Widerstandsf\u00e4higkeit erz\u00e4hlt. Es ist eine Stadt, die sich weigert, eine blo\u00dfe Postkarte zu sein, sondern stattdessen einen gemessenen Blick, ein kontemplatives Tempo und die Wertsch\u00e4tzung subtiler Erhabenheit erfordert. Hier treffen das Erbe der von Hirschen bewohnten H\u00fcgel und das Erbe menschlicher Bem\u00fchungen aufeinander und laden diejenigen ein, die innehalten, um dem Rhythmus der Jahrhunderte zu lauschen, der von der Brise des Riesengebirges getragen wird.<\/p>","protected":false},"excerpt":{"rendered":"<p>Jelenia G\u00f3ra, eine historische Stadt im S\u00fcdwesten Polens, hatte 2021 rund 77.366 Einwohner. Eingebettet im n\u00f6rdlichen Jelenia-G\u00f3ra-Tal und begrenzt vom atemberaubenden Riesengebirge entlang der polnisch-tschechischen Grenze, liegt dieses urbane Juwel in der Woiwodschaft Niederschlesien. Neben ihrer reichen Geschichte und kulturellen Bedeutung hat die strategische Lage der Stadt sie zu einem der begehrtesten Freizeit- und Erholungsorte Polens gemacht.<\/p>","protected":false},"author":1,"featured_media":17475,"parent":12137,"menu_order":0,"comment_status":"closed","ping_status":"closed","template":"elementor_theme","meta":{"_eb_attr":"","footnotes":""},"class_list":["post-16909","page","type-page","status-publish","has-post-thumbnail"],"_links":{"self":[{"href":"https:\/\/travelshelper.com\/de\/wp-json\/wp\/v2\/pages\/16909","targetHints":{"allow":["GET"]}}],"collection":[{"href":"https:\/\/travelshelper.com\/de\/wp-json\/wp\/v2\/pages"}],"about":[{"href":"https:\/\/travelshelper.com\/de\/wp-json\/wp\/v2\/types\/page"}],"author":[{"embeddable":true,"href":"https:\/\/travelshelper.com\/de\/wp-json\/wp\/v2\/users\/1"}],"replies":[{"embeddable":true,"href":"https:\/\/travelshelper.com\/de\/wp-json\/wp\/v2\/comments?post=16909"}],"version-history":[{"count":0,"href":"https:\/\/travelshelper.com\/de\/wp-json\/wp\/v2\/pages\/16909\/revisions"}],"up":[{"embeddable":true,"href":"https:\/\/travelshelper.com\/de\/wp-json\/wp\/v2\/pages\/12137"}],"wp:featuredmedia":[{"embeddable":true,"href":"https:\/\/travelshelper.com\/de\/wp-json\/wp\/v2\/media\/17475"}],"wp:attachment":[{"href":"https:\/\/travelshelper.com\/de\/wp-json\/wp\/v2\/media?parent=16909"}],"curies":[{"name":"wp","href":"https:\/\/api.w.org\/{rel}","templated":true}]}}