{"id":16869,"date":"2024-09-24T00:46:21","date_gmt":"2024-09-24T00:46:21","guid":{"rendered":"https:\/\/travelshelper.com\/staging\/?page_id=16869"},"modified":"2026-03-12T16:31:35","modified_gmt":"2026-03-12T16:31:35","slug":"meran","status":"publish","type":"page","link":"https:\/\/travelshelper.com\/de\/destinations\/europe\/italy\/merano\/","title":{"rendered":"Meran"},"content":{"rendered":"<p>Meran ist eine Gemeinde in S\u00fcdtirol, Norditalien, mit rund 41.000 Einwohnern auf einer Fl\u00e4che von 31,3 Quadratkilometern. Die Stadt liegt auf 324 Metern \u00fcber dem Meeresspiegel in einem Talkessel am Zusammenfluss dreier T\u00e4ler \u2013 des Vinschgaus, des Passeiertals und des Etschtals \u2013 und bietet einen strategischen Zugang zum Passertal und Vinschgau. Umgeben von bis zu 3.480 Meter hohen Gipfeln begr\u00fcndet Merans gem\u00e4\u00dfigtes Klima seit langem seinen Ruf als erstklassiger Kurort und Zentrum kultureller Bl\u00fcte.<\/p>\n<p>Die geologische Wiege Merans wird durch das von Gletschern geformte Becken definiert, durch das der Wildbach Passer flie\u00dft, bevor er in die Etsch m\u00fcndet. Im Norden und Westen ragt die Texelgruppe mit 3.480 Metern in den Himmel, w\u00e4hrend sich im Osten die Hochebene Salten auf 2.800 Metern H\u00f6he erhebt. Dieses Amphitheater aus Gipfeln sch\u00fctzt die Stadt vor rauen Nordwinden und f\u00f6rdert ein Umfeld, in dem Weinberge und Obstg\u00e4rten bis in die \u00e4u\u00dfersten Randgebiete der Stadt gedeihen. Sogar innerhalb der Stadtgrenzen schl\u00e4ngeln sich Reihen von Weinreben, die als Meraner Leiten bekannt sind, in das Stadtbild und bringen einen leichten Rotwein hervor, der am besten jung getrunken wird. Dar\u00fcber hinaus erstrecken sich Obstg\u00e4rten mit Kernobst, das in ganz Europa exportiert wird, w\u00e4hrend am Stadtrand die Brauerei Forst Biere herstellt, die in Italien und anderswo zu einem Grundnahrungsmittel geworden sind.<\/p>\n<p>Seit ihrer ersten Erw\u00e4hnung als Meran (deutsch) oder Merano (italienisch) tr\u00e4gt die Gemeinde eine doppelte Identit\u00e4t. Die ladinische Bezeichnung Maran erscheint nur im lokalen Sprachgebrauch, doch alle drei Namen finden im zweisprachigen Milieu der Stadt Anklang. Die offiziellen Bezeichnungen \u2013 Comune di Merano auf Italienisch und Stadtgemeinde Meran auf Deutsch \u2013 werden in kommunalen Dokumenten synonym verwendet. Diese Dualit\u00e4t spiegelt die gleichm\u00e4\u00dfige Sprachverteilung unter den Einwohnern wider: Im Jahr 2024 sprachen 51,37 Prozent Italienisch als Muttersprache, 48,26 Prozent Deutsch, und es gibt weiterhin eine kleine ladinische Minderheit.<\/p>\n<p>Das mittelalterliche Herz von Meran bewahrt seine urspr\u00fcnglichen Befestigungsanlagen, die sich in drei imposanten Toren ausdr\u00fccken: dem Vinschgauer Tor, dem Passeirer Tor und dem Bozener Tor. Daneben steht der Ortensteinturm, im Volksmund auch Pulverturm genannt, ein steinerner W\u00e4chter, der an die einstige Verteidigungslage der Stadt erinnert. Innerhalb dieser Mauern aus grauem Mauerwerk ruht die Landesf\u00fcrstliche Burg als Zeugnis der Architektur des 15. Jahrhunderts und war einst der Wohnsitz von Erzherzog Sigismund von \u00d6sterreich. Nicht weit entfernt erhebt sich das gotische Geb\u00e4ude der St.-Nikolaus-Kirche, deren Spitzb\u00f6gen und Buntglas-Ma\u00dfwerk aus demselben Jahrhundert stammen, w\u00e4hrend die bescheidene St.-Barbara-Kapelle einen ruhigeren Widerschein der Fr\u00f6mmigkeit dieser Epoche bietet.<\/p>\n<p>Die Steinerne Br\u00fccke aus dem 17. Jahrhundert \u00fcberquert die Passer und bietet sowohl Zugang als auch Aussichtspunkt. Ihre abgenutzten Br\u00fcstungen zeugen von Jahrhunderten des Passerverkehrs. Am s\u00fcdlichen Flussufer befinden sich die gew\u00f6lbten Wandelhallen-Promenaden, deren gew\u00f6lbte Kolonnaden den Spazierg\u00e4ngern seit Mitte des 19. Jahrhunderts Schutz und Schatten bieten. Diese Promenaden liegen neben dem Kurhaus-Pavillon, einem eleganten Relikt aus Merans Aufstieg zur Kurstadt, als Kaiserin Elisabeth von \u00d6sterreich in der zweiten H\u00e4lfte des 19. Jahrhunderts ihre ersten Besuche begann. Der angrenzende Kaiserin-Elisabeth-Park ist bis heute eine gr\u00fcne Oase, die an ihre Schirmherrschaft erinnert.<\/p>\n<p>Die industrielle und st\u00e4dtische Expansion setzte sich bis ins 20. Jahrhundert fort. Nach der Annexion S\u00fcdtirols durch Italien im Jahr 1919 errichteten die faschistischen Beh\u00f6rden in den 1920er Jahren ein neues Rathaus, dessen rationalistischer Entwurf einen starken Kontrast zu den mittelalterlichen und gotischen Elementen der Altstadt bildete. Am Stadtrand thront Schloss Trauttmansdorff \u00fcber botanisch wertvollen G\u00e4rten; seit 2003 dokumentiert das dortige Tourismusmuseum die Entwicklung des Reisens in der Provinz. Schloss Tirol, nach dem die Region benannt ist, steht unweit davon. Es markiert die Grenze zu \u00d6sterreich und unterstreicht Merans Rolle als Verkehrsknotenpunkt.<\/p>\n<p>Klimatisch gesehen befindet sich Meran in einem empfindlichen Gleichgewicht zwischen ozeanischen, feucht-subtropischen und kontinentalen Einfl\u00fcssen. Offiziell als Cfb klassifiziert, liegt es nahe an Cfa, wobei die Tagesdurchschnittstemperatur im Juli mit knapp 22 \u00b0C die subtropischen Kriterien um Haaresbreite verfehlt. Die Winter mit n\u00e4chtlichen Tiefsttemperaturen zwischen \u20134 und \u20132 \u00b0C verleihen der Stadt eine kontinentale Note, w\u00e4hrend die Sommer H\u00f6chsttemperaturen zwischen 27 und 30 \u00b0C und die N\u00e4chte zwischen 12 und 15 \u00b0C erreichen. Die Niederschlagsmenge erreicht im August mit 96 mm ihren H\u00f6hepunkt und sinkt im Februar auf 25 mm. Diese von 1983 bis 2017 an der Station Meran\/Gratsch aufgezeichneten Aufzeichnungen belegen den landwirtschaftlichen Wohlstand der Region.<\/p>\n<p>Das kulturelle Leben in Meran geht weit \u00fcber seine Thermen und Weinberge hinaus. Seit 1986 finden jeden Sommer die Meraner Musikwochen im Kurhaus statt und ziehen internationale Orchester an, die im Rahmen eines Festivals zum 150. Jahrestag der Kurgr\u00fcndung auftreten. Seit 1997 konzentriert sich MeranoJazz auf renommierte Jazzk\u00fcnstler und beherbergt seit 2002 die Mitteleurop\u00e4ische Jazzakademie, um italienische und deutsche Musiktraditionen zu verbinden. Die Auszeichnung eines \u201eArtist in Residence\u201c durch die Akademie, die sowohl Ber\u00fchmtheiten als auch Studierende anzieht, unterstreicht Merans k\u00fcnstlerischen Ruf.<\/p>\n<p>Literarische Leistungen werden mit dem alle zwei Jahre vergebenen Meraner Lyrikpreis gew\u00fcrdigt, der 1993 ins Leben gerufen wurde und von einer internationalen Jury vergeben wird. Zu den renommierten Preistr\u00e4gern z\u00e4hlen Kurt Drawert, Kathrin Schmidt und Ulrike Almut Sandig. Erg\u00e4nzend dazu zeichnet der Internationale Literaturpreis Meran-Europa seit 1995 herausragende Werke der Belletristik und \u00dcbersetzung aus. Der Preis wird vom Passirio Club in Zusammenarbeit mit Verlagen und regionalen Kunstorganisationen verliehen. 2017 bewarb sich die Stadt um die italienische Kulturhauptstadt 2020 und schaffte es unter die letzten zehn, neben renommierten St\u00e4dten wie Parma und Reggio Emilia.<\/p>\n<p>Merans Gedenken an Franz Kafkas Aufenthalt im Jahr 1920 fand in zwei internationalen Konferenzen (2020 und 2024) sowie in der Einweihung einer Piazzetta f\u00fcr Kafka und Milena Jesensk\u00e1 Gestalt. Diese Gesten spiegeln ein nachhaltiges literarisches Bewusstsein wider, das die Museen und Galerien der Stadt erg\u00e4nzt: das Touriseum auf Schloss Trauttmansdorff, das Stadtmuseum in einem ehemaligen Hotel, das F\u00fcrstliche Schlossmuseum und das J\u00fcdische Museum in S\u00fcdtirols einziger Synagoge. Erg\u00e4nzende Einrichtungen sind das Frauenmuseum Evelyn Ortner, die Galerie der Kunststadt Meran und die White Art Gallery, die jeweils Perspektiven auf Gender, zeitgen\u00f6ssische Kunst und Architektur bieten.<\/p>\n<p>Meran wird durch die Passer in zwei orografische Hauptufer geteilt. Rechts liegen die Altstadt und das Steinachviertel, links Ober- und Untermais. Gratsch liegt am nordwestlichen Ende der Texelh\u00e4nge, w\u00e4hrend Labers sich \u00fcber die Osth\u00e4nge des Zoggler Berges erstreckt. Im S\u00fcden dient Sinich als Industrie- und Gewerbegebiet und ist topographisch vom historischen Zentrum getrennt. Seit dem 19. Jahrhundert richtete sich der Fokus der Stadt als Kurort auf \u00e4ltere, erholungssuchende Besucher. Im sp\u00e4ten 20. und fr\u00fchen 21. Jahrhundert kehrten ein vielf\u00e4ltiges Angebot und der wachsende internationale Tourismus die Altersstruktur um und machten die Stadt f\u00fcr alle Generationen attraktiver.<\/p>\n<p>Die Verkehrsnetze haben die Erreichbarkeit Merans verbessert. Die Brennerstrecke wird zugunsten der MeBo umgangen, einer vierspurigen Autobahn, die die Stadt mit dem 30 km s\u00fcdlich gelegenen Bozen und weiter mit der Autobahn A22 verbindet. Die Bahnstrecke Bozen\u2013Meran verl\u00e4uft parallel zur Autobahn und f\u00fchrt \u00fcber die Vinschgau-Strecke westw\u00e4rts ins Vinschgau. Von Bozen fahren Z\u00fcge etwa alle 40 Minuten ab, wobei ein durchgehender Fahrschein erh\u00e4ltlich ist. Busse der SASA und SAD verkehren st\u00fcndlich zwischen Bozen und Meran. Inhaber einer Wertkarte erhalten erm\u00e4\u00dfigte Fahrpreise. Internationale Buslinien halten in Bozen, von wo aus regelm\u00e4\u00dfige Weiterverbindungen bestehen.<\/p>\n<p>Innerhalb Merans bef\u00f6rdern neun Buslinien tags\u00fcber und eine Nachtlinie zwischen 6:00 und 1:00 Uhr Einwohner und Besucher. Die Busse funktionieren nach Vertrauensprinzip \u2013 ein entwerteter Fahrschein ist 45 Minuten g\u00fcltig \u2013 und an Bedarfshaltestellen ist ein manuelles Signal zum Ein- und Aussteigen erforderlich. Ein Sessellift verbindet Meran zwischen April und November mit dem Bergdorf Tirol. Taxis verkehren auf Abruf \u00fcber Radio Taxi oder private Mietwagendienste. Das Radwegenetz ist zwar weniger umfangreich als das in Bozen, bietet aber von Fr\u00fchling bis Mitte Oktober kostenlose Leihfahrr\u00e4der gegen Kaution an Orten wie dem Bahnhof, dem Kurhaus und dem Tenniszentrum an.<\/p>\n<p>Autos sind im Stadtkern meist \u00fcberfl\u00fcssig, Parkpl\u00e4tze sind Mangelware. Im Winter sind Euro-0-Fahrzeuge aufgrund von Emissionsschutzma\u00dfnahmen stadtweit verboten, an Tagen mit hoher Schadstoffbelastung sind sogar Euro-1-Fahrzeuge verboten. Diese Regelungen spiegeln Merans langj\u00e4hriges Engagement f\u00fcr den Umweltschutz wider.<\/p>\n<p>Das Freizeitangebot umfasst sowohl sportliche als auch naturnahe Aktivit\u00e4ten. Thermalwasser str\u00f6mt durch das moderne Kurzentrum am gegen\u00fcberliegenden Ufer der Passer, wo nat\u00fcrliche Radioaktivit\u00e4t die therapeutische Wirkung verst\u00e4rkt. \u00d6ffentliche Freib\u00e4der, eine Eislaufbahn, 15 Tennispl\u00e4tze (vier davon \u00fcberdacht), eine Reit- und Springschule sowie ein Minigolfplatz bieten f\u00fcr jeden Geschmack etwas. Die Stromschnellen der Passer waren Austragungsort der ICF-Kanu-Slalom-Weltmeisterschaften (1971, 1983) und des Europacups (1980). Der Tappeinerweg, der von Dr. Tappeiner angelegt und der Stadt 1892 geschenkt wurde, folgt einem Gletscherhang vom Monte San Benedetto bis zur Gilfschlucht und bietet unverbaute Panoramablicke.<\/p>\n<p>Au\u00dferhalb der Stadt erstrecken sich Wanderwege bis nach Meran 2000 auf den nahegelegenen H\u00f6hen, wo sich im Sommer Spazierwege und im Winter Skipisten befinden. Das Hirzer-Massiv und das Ultental bieten weitere Skipisten, und der Schnalstaler Gletscher, der nur eine Autostunde entfernt liegt, erm\u00f6glicht im Sommer Skifahren auf verschneiten Pisten. F\u00fcr Wanderer und Bergsteiger unterstreicht das weitl\u00e4ufige Netz aus Wanderwegen und Almen Merans Doppelfunktion als Erholungsort und Ausgangspunkt f\u00fcr alpine Unternehmungen.<\/p>\n<p>Meran ist eine Stadt der st\u00e4ndigen Neuerfindung inmitten der best\u00e4ndigen Bergwelt. Von mittelalterlichen Torh\u00e4usern bis zu modernen Galerien, von Kurpavillons bis zu Jazzakademien \u2013 die Stadt bleibt historisch und dynamisch zugleich. Jede Stra\u00dfe erz\u00e4hlt von kaiserlichen Besuchen und lokalen Arbeiten, ihre Feste verschmelzen Sprachen und Traditionen, ihr Klima beg\u00fcnstigt Weinbau und Obstg\u00e4rten, und ihre Menschen pflegen eine lebendige Verschmelzung italienischer, deutscher und ladinischer Kulturen. In dieser Verschmelzung steht Meran als Zeugnis f\u00fcr die M\u00f6glichkeit der Harmonie zwischen Tradition und Innovation, zwischen Ruhe und Engagement \u2013 \u200b\u200bein Ort, an dem jede Jahreszeit einen anderen Aspekt desselben zeitlosen Beckens offenbart.<\/p>","protected":false},"excerpt":{"rendered":"<p>Meran, eine malerische Gemeinde in S\u00fcdtirol, Norditalien, mit rund 41.000 Einwohnern. Die malerische Stadt, eingebettet in ein von hohen Bergen umgebenes Tal, ist ein Beispiel f\u00fcr die harmonische Verbindung von Natursch\u00f6nheit und menschlicher Kreativit\u00e4t. Am Zusammenfluss dreier bedeutender T\u00e4ler \u2013 Vinschgau, Passeiertal und Etschtal \u2013 gelegen, bietet Meran den Zugang zu einigen der atemberaubendsten Landschaften der Region.<\/p>","protected":false},"author":1,"featured_media":17524,"parent":11663,"menu_order":0,"comment_status":"closed","ping_status":"closed","template":"elementor_theme","meta":{"_eb_attr":"","footnotes":""},"class_list":["post-16869","page","type-page","status-publish","has-post-thumbnail"],"_links":{"self":[{"href":"https:\/\/travelshelper.com\/de\/wp-json\/wp\/v2\/pages\/16869","targetHints":{"allow":["GET"]}}],"collection":[{"href":"https:\/\/travelshelper.com\/de\/wp-json\/wp\/v2\/pages"}],"about":[{"href":"https:\/\/travelshelper.com\/de\/wp-json\/wp\/v2\/types\/page"}],"author":[{"embeddable":true,"href":"https:\/\/travelshelper.com\/de\/wp-json\/wp\/v2\/users\/1"}],"replies":[{"embeddable":true,"href":"https:\/\/travelshelper.com\/de\/wp-json\/wp\/v2\/comments?post=16869"}],"version-history":[{"count":0,"href":"https:\/\/travelshelper.com\/de\/wp-json\/wp\/v2\/pages\/16869\/revisions"}],"up":[{"embeddable":true,"href":"https:\/\/travelshelper.com\/de\/wp-json\/wp\/v2\/pages\/11663"}],"wp:featuredmedia":[{"embeddable":true,"href":"https:\/\/travelshelper.com\/de\/wp-json\/wp\/v2\/media\/17524"}],"wp:attachment":[{"href":"https:\/\/travelshelper.com\/de\/wp-json\/wp\/v2\/media?parent=16869"}],"curies":[{"name":"wp","href":"https:\/\/api.w.org\/{rel}","templated":true}]}}