{"id":16700,"date":"2024-09-23T19:06:39","date_gmt":"2024-09-23T19:06:39","guid":{"rendered":"https:\/\/travelshelper.com\/staging\/?page_id=16700"},"modified":"2026-03-12T00:40:16","modified_gmt":"2026-03-12T00:40:16","slug":"wiesbaden","status":"publish","type":"page","link":"https:\/\/travelshelper.com\/de\/destinations\/europe\/germany\/wiesbaden\/","title":{"rendered":"Wiesbaden"},"content":{"rendered":"<p>Wiesbaden, mit seinen 283.000 Einwohnern auf 204 km\u00b2 am rechten Rheinufer, ist die Landeshauptstadt Hessens und die 24. gr\u00f6\u00dfte Stadt Deutschlands. Am s\u00fcdlichen Rand des Taunus gelegen, nur f\u00fcnf Kilometer vom Flussufer entfernt, bildet die Stadt zusammen mit Mainz, das wiederum Teil der Metropolregion Rhein-Main mit \u00fcber 5,8 Millionen Einwohnern ist, einen Ballungsraum mit 500.000 Einwohnern. Bekannt f\u00fcr sein mildes Beckenklima, seine 15 Mineralquellen und sein Erbe, das von r\u00f6mischen Badeh\u00e4usern bis zu Kurkliniken des 20. Jahrhunderts reicht, vereint Wiesbaden stattliche Architektur, gr\u00fcne W\u00e4lder, fruchtbare Weinberge und ein kultiviertes Kulturleben mit dem harten Handel moderner Industrie und Verkehrswege.<\/p>\n<p>Seit seinen Anf\u00e4ngen unter dem Haus Nassau \u2013 zun\u00e4chst in Nassau (1170\u20131629), dann in Nassau-Idstein (1629\u20131721) und Nassau-Usingen (ab 1728) \u2013 sammelte Wiesbaden sowohl Prestige als auch Pal\u00e4ste an. Das barocke Schloss Biebrich am Rheinufer stammt aus der ersten H\u00e4lfte des 18. Jahrhunderts, w\u00e4hrend das 1841 erbaute Stadtschloss \u00fcber dem Schlossplatz das politische Zentrum des Herzogtums Nassau war, bis Preu\u00dfen die Stadt 1866 annektierte. Nachdem Wiesbaden 1944\u201345 preu\u00dfischer Provinzialsitz und kurzzeitig Landeshauptstadt gewesen war, wurde es 1945 zur Hauptstadt von Gro\u00dfhessen und 1946 des modernen Bundeslandes Hessen ernannt. Ausgrabungen unter dem Herzogsschloss haben \u00dcberreste einer mittelalterlichen Burg freigelegt, die auf die tieferen Wurzeln der Stadt hinweisen.<\/p>\n<p>Geografisch erstreckt sich die Stadtmitte \u00fcber eine weite Niederung, die vom Salzbach \u2013 flussaufw\u00e4rts Rambach genannt \u2013 geformt wurde. Nebenfl\u00fcsse wie Wellritzbach, Kesselbach, Schwarzbach, Dambach und Tennelbach flie\u00dfen in den Rhein. Mit 608 Metern \u00fcber dem Meeresspiegel markiert der Gipfel der Hohen Wurzel den h\u00f6chsten Punkt Wiesbadens; der Hafen von Schierstein liegt mit nur 83 Metern am niedrigsten. Im Norden sind 27 Prozent des Gemeindegebiets von W\u00e4ldern bedeckt, w\u00e4hrend im Osten und Westen 31 Prozent Weinberge und Ackerland bedecken, was die Lage der Stadt im Rheingau widerspiegelt.<\/p>\n<p>Das Klima der Stadt wird als gem\u00e4\u00dfigt-ozeanisch eingestuft, mit einer Jahresdurchschnittstemperatur von 9,8 \u00b0C, im Januar von 1,2 \u00b0C und im Juli von 18,9 \u00b0C. Gesch\u00fctzt durch den Taunus, der sich nach Norden und Westen w\u00f6lbt, genie\u00dft Wiesbaden relativ milde Winter und warme Sommer \u2013 Eigenschaften, die der Stadt den Spitznamen \u201eNizza des Nordens\u201c eingebracht haben.<\/p>\n<p>Zentral f\u00fcr Wiesbadens Identit\u00e4t ist sein Thermalerbe. Schon sein Name, w\u00f6rtlich \u201eWiesenb\u00e4der\u201c, erinnert an die 15 Quellen \u2013 14 hei\u00dfe und eine k\u00fchlere Schwefelquelle \u2013, die t\u00e4glich rund zwei Millionen Liter mineralreiches Wasser liefern und Wiesbaden damit nach Aachen zum zweitproduktivsten Kurort Deutschlands machen. Die R\u00f6mer dokumentierten das Wasser erstmals, und um 1370 versorgten bereits 16 Badeh\u00e4user mittelalterliche Besucher. Um 1800 florierten, obwohl die Einwohnerzahl nur knapp \u00fcber 2.200 betrug, bereits 23 Badeh\u00e4user; um 1900 beherbergte die 86.000 Einwohner z\u00e4hlende Stadt j\u00e4hrlich 126.000 G\u00e4ste. Johann Wolfgang von Goethe, Fjodor Dostojewski, Richard Wagner, Johannes Brahms, Henrik Pontoppidan und zahllose Million\u00e4re suchten in Wiesbadens B\u00e4dern Entspannung und Erholung. Der Kurbetrieb f\u00fchrte fast zwangsl\u00e4ufig zum Gl\u00fccksspiel, und neben Baden-Baden und Bad Homburg entwickelte sich das Wiesbadener Casino im 19. Jahrhundert zu einem beliebten Ausflugsziel. Nach der Schlie\u00dfung durch die Reichsregierung im Jahr 1872 ruhte es bis 1949, als es im klassizistischen Kurhaus wiederer\u00f6ffnet wurde.<\/p>\n<p>Der Schlo\u00dfplatz ist nach wie vor das zeremonielle Zentrum der Stadt. Umgeben vom ehemaligen Herzogspalast \u2013 dessen Bau 1837 begonnen und 1841 fertiggestellt wurde \u2013 und der neugotischen Marktkirche, deren Turm zwischen 1852 und 1862 92 Meter hoch wurde, pulsiert auf dem Platz das st\u00e4dtische Leben. Das alte Rathaus aus dem Jahr 1610, heute Standesamt, steht in der N\u00e4he des neueren Rathauses von 1887, dessen Fliesenmosaik die preu\u00dfische und hessische Heraldik darstellt. Im S\u00fcden grenzt der weitl\u00e4ufige Rasen des Bowling Green an das Kurhaus, das 1904\u201307 auf Gehei\u00df Kaiser Wilhelms II. erbaut wurde. Seine 129 Meter lange Kolonnade von 1827 ist Europas l\u00e4ngste s\u00e4ulengest\u00fctzte Halle, w\u00e4hrend die angrenzende Theaterkolonnade (1839) zum Hessischen Staatstheater (1892\u201394) f\u00fchrt.<\/p>\n<p>Der dar\u00fcber liegende Neroberg bietet einen Panoramablick auf Terrakotta-D\u00e4cher, den Rheinbogen und die schiefergraue Silhouette von Mainz auf der anderen Seite des Flusses. Seit 1888 bef\u00f6rdert die Nerobergbahn Besucher bergauf, und in der N\u00e4he folgen die Nerotalanlagen \u2013 ein 1897\u201398 angelegter englischer Landschaftspark \u2013 dem M\u00e4ander eines Baches inmitten von gr\u00fcnen Rasenfl\u00e4chen und Statuen. Auf der Hisbollah-Flanke des Kulturviertels steht St. Bonifatius, die erste katholische Kirche nach der Reformation (1845\u201349), und weiter entlang der Willi-Juppe-Stra\u00dfe in Dotzheim zeugt die 2016 erbaute syrisch-orthodoxe St.-Jesaja-Kirche von der religi\u00f6sen Vielfalt der Stadt.<\/p>\n<p>Wiesbadens Museen und Kultureinrichtungen spiegeln seinen Status als Landeshauptstadt wider. Das Museum Wiesbaden, eines der drei hessischen Landesmuseen, beherbergt Sammlungen der bildenden und angewandten Kunst sowie naturhistorische Sammlungen. Die Staatsbibliothek und das Konservatorium \u2013 einst Max Regers Zuhause \u2013 pflegen wissenschaftliche und musikalische Traditionen, w\u00e4hrend Ch\u00f6re wie der Wiesbadener Knabenchor, die Schiersteiner Kantorei und der Chor von St. Bonifatius regionales und internationales Ansehen genie\u00dfen.<\/p>\n<p>Festivals beleben das Stadtleben. Jedes Jahr im Mai bringen die 1896 gegr\u00fcndeten Internationalen Maifestspiele Oper, Ballett, Theater, Musik und modernen Tanz ins Staatstheater und an andere Veranstaltungsorte. Im August findet die zehnt\u00e4gige Rheingauer Weinwoche rund um das Rathaus und den Schlossplatz statt. 118 St\u00e4nde bieten lokale Rieslinge und regionale Spezialit\u00e4ten an. Von Ende November bis zum 23. Dezember verwandelt der Sternschnuppenmarkt den Schlossplatz in einen blau-goldenen Wintermarkt unter beleuchteten Lilien und einem riesigen Weihnachtsbaum. In den Sommern\u00e4chten erklingen die Konzerte des Rheingau Musik Festivals, oft in der Marktkirche oder dem heute nach Friedrich von Thiersch benannten Saal.<\/p>\n<p>Verkehrsanbindungen gew\u00e4hrleisten Wiesbadens gute Anbindung. Das Wiesbadener Kreuz am \u00f6stlichen Stadtrand f\u00fchrt die A 3 (K\u00f6ln\u2013W\u00fcrzburg) und die A 66 (Rheingau\u2013Fulda) zusammen und bew\u00e4ltigt t\u00e4glich rund 210.000 Fahrzeuge. Die Pendlerstrecke A 643 f\u00fchrt \u00fcber den Rhein nach Mainz, w\u00e4hrend die A 671 eine schnelle Verbindung nach R\u00fcsselsheim, Darmstadt und in die Rhein-Neckar-Region bietet. Im Winter flie\u00dft der Verkehr \u00fcber die Ringstra\u00dfen, die das Zentrum umfahren, obwohl die Mainzer Stra\u00dfe, die Biebricher Allee und die Schiersteiner Stra\u00dfe in der Hauptverkehrszeit immer noch Staus aufweisen. Die historische Taunusstra\u00dfe beherbergte einst zahlreiche Antiquit\u00e4tenh\u00e4ndler, und die Wilhelmstra\u00dfe \u2013 benannt nach Herzog Wilhelm von Nassau, nicht nach dem Kaiser \u2013 erstreckt sich einen Kilometer entlang stattlicher Fassaden.<\/p>\n<p>Der Wiesbadener Hauptbahnhof, erbaut zwischen 1904 und 1906, ist zentraler Bestandteil des Eisenbahnverkehrs. Eine 13 Kilometer lange Nebenstrecke verbindet die Hochgeschwindigkeitsstrecke K\u00f6ln\u2013Frankfurt, w\u00e4hrend die Fernz\u00fcge der Deutschen Bahn direkte Verbindungen nach Hamburg, M\u00fcnchen, Leipzig, Dresden, Stuttgart, Mannheim und Hannover bieten. Die drei Linien der Rhein-Main-S-Bahn verkehren alle 30 Minuten \u2013 in Spitzenzeiten alle 15 Minuten \u2013 und verbinden Wiesbaden mit Mainz, Frankfurt, Hanau, Offenbach und dar\u00fcber hinaus. Die 45 Tages- und neun Nachtbuslinien von ESWE Verkehr \u2013 erg\u00e4nzt durch Mainzer Linien nach Kastel und Kostheim \u2013 erg\u00e4nzen den \u00f6ffentlichen Nahverkehr.<\/p>\n<p>Der internationale und regionale Flugverkehr l\u00e4uft \u00fcber den 15 Kilometer \u00f6stlich gelegenen Frankfurter Flughafen, der zu den zehn weltweit gr\u00f6\u00dften Passagierflugh\u00e4fen und Europas zweitgr\u00f6\u00dfter Frachtflughafen z\u00e4hlt. Vier Start- und Landebahnen und 265 Nonstop-Ziele dienen als Hauptflughafen der Lufthansa und Drehkreuz der Condor. Mit den S-Bahnen S 8 und S 9 sowie dem ICE erreichen Sie Wiesbaden in 30 Minuten. Frankfurt-Hahn liegt trotz seines Namens rund 100 Kilometer westlich in Rheinland-Pfalz und ist daher f\u00fcr Billigflieger eine eher zweitrangige Option.<\/p>\n<p>Die wirtschaftliche St\u00e4rke Wiesbadens spiegelt seine Rolle als Verwaltungszentrum und Handelsknotenpunkt wider. Das Hauptquartier der US-Armee f\u00fcr Europa und Afrika ist in Erbenheim stationiert. Internationale Unternehmen \u2013 Abbott Laboratories, DXC Technology, Ferrari, Porsche, Norwegian Cruise Line \u2013 haben hier ihre deutschen oder europ\u00e4ischen Zentralen, ebenso wie deutsche Gr\u00f6\u00dfen wie SGL Carbon, Dyckerhoff, KION Group und R+V Versicherung. Der Industriepark Kalle-Albert in Biebrich beherbergt \u00fcber 80 Chemie- und Pharmaunternehmen, darunter Agfa-Gevaert, Clariant und Mitsubishi Chemical. Bundesbeh\u00f6rden \u2013 das Kriminalamt und das Statistische Bundesamt \u2013 sind gemeinsam mit hessischen Ministerien in der Stadt angesiedelt. Mit einem Pro-Kopf-BIP von fast 77.500 Euro und einer Kaufkraft von 22.500 Euro geh\u00f6rt Wiesbaden zu den wohlhabendsten St\u00e4dten Deutschlands.<\/p>\n<p>Die Gesundheits- und Wellnessbranche baut auf der Kurtradition auf. Vierzehn hei\u00dfe Quellen mit Temperaturen zwischen 46 \u00b0C und 66 \u00b0C versorgen \u00f6ffentliche und Hotelb\u00e4der wie den Kochbrunnen (die ergiebigste Quelle der Stadt mit fast 500.000 Litern t\u00e4glich), die Kaiser-Friedrich-Therme und das Aukammtalbad. Die Stadt betreibt insgesamt 18 Rehabilitations- und Spezialkliniken, darunter die Deutsche Klinik f\u00fcr Diagnostik (er\u00f6ffnet 1970), sowie bedeutende Krankenh\u00e4user: die Helios Dr. Horst Schmidt Kliniken, das St. Josefs-Hospital und die Asklepios Paulinen Klinik (gegr\u00fcndet 1856). Die Mitgliedschaft in der European Historic Thermal Towns Association unterstreicht ihr kulturelles Erbe.<\/p>\n<p>Der Tourismus ist zwar nicht der einzige Wirtschaftsmotor, spielt aber eine bedeutende Rolle. 2016 wurden 1,25 Millionen \u00dcbernachtungen und 11,5 Millionen Tagesbesuche gez\u00e4hlt. Die Stadt bietet 7.133 Betten in 77 Hotels und Pensionen, darunter Deutschlands zweitgr\u00f6\u00dfte Jugendherberge, und drei Campingpl\u00e4tze mit j\u00e4hrlich \u00fcber 6.400 G\u00e4sten. Gesch\u00e4ftsreisende bevorzugen bei Kongressen zunehmend Wiesbaden gegen\u00fcber Frankfurt, da sie die \u00fcberschaubare Gr\u00f6\u00dfe und den historischen Charme sch\u00e4tzen.<\/p>\n<p>Wiesbadens Reiz liegt in der Spannung zwischen Ruhe und Dynamik. Die Mineralquellen sprudeln noch immer inmitten der Hotels im Kurviertel; Kolonnadenpromenaden und gro\u00dfe Pl\u00e4tze erinnern an die Pracht des 19. Jahrhunderts, w\u00e4hrend in modernen B\u00fcros die Industrie pulsiert. Weinberge schl\u00e4ngeln sich zu belebten Stra\u00dfen, w\u00e4hrend W\u00e4lder am Stadtrand locken. Festungsartige Geschichte und durchl\u00e4ssige Moderne koexistieren in Bauwerken \u2013 von r\u00f6mischen Fundamenten bis hin zu gl\u00e4sernen Firmenzentralen. Besuchern wie Einheimischen bietet Wiesbaden eine Stadt mit gemessenen Rhythmen: den stetigen Puls des warmen Wassers, den pr\u00e4zisen Klang eines Konzertsaals, das gem\u00e4chliche Schlucken eines Rieslings im geschwungenen Glas \u2013 all dies im Kontrast zum unaufhaltsamen Rhythmus von Wirtschaft und Verwaltung, der der Stadt ihre anhaltende Vitalit\u00e4t verleiht.<\/p>","protected":false},"excerpt":{"rendered":"<p>Wiesbaden, die Hauptstadt Hessens, hat rund 283.000 Einwohner und ist damit die 24. gr\u00f6\u00dfte Stadt Deutschlands. Eingebettet am Rhein und am Fu\u00dfe des Taunusgebirges verf\u00fcgt die traditionsreiche Kurstadt \u00fcber ein reiches kulturelles Erbe und eine dynamische Wirtschaft, die ihr den Ruf einer der reichsten St\u00e4dte des Landes eingebracht hat.<\/p>","protected":false},"author":1,"featured_media":17459,"parent":13736,"menu_order":0,"comment_status":"closed","ping_status":"closed","template":"elementor_theme","meta":{"_eb_attr":"","footnotes":""},"class_list":["post-16700","page","type-page","status-publish","has-post-thumbnail"],"_links":{"self":[{"href":"https:\/\/travelshelper.com\/de\/wp-json\/wp\/v2\/pages\/16700","targetHints":{"allow":["GET"]}}],"collection":[{"href":"https:\/\/travelshelper.com\/de\/wp-json\/wp\/v2\/pages"}],"about":[{"href":"https:\/\/travelshelper.com\/de\/wp-json\/wp\/v2\/types\/page"}],"author":[{"embeddable":true,"href":"https:\/\/travelshelper.com\/de\/wp-json\/wp\/v2\/users\/1"}],"replies":[{"embeddable":true,"href":"https:\/\/travelshelper.com\/de\/wp-json\/wp\/v2\/comments?post=16700"}],"version-history":[{"count":0,"href":"https:\/\/travelshelper.com\/de\/wp-json\/wp\/v2\/pages\/16700\/revisions"}],"up":[{"embeddable":true,"href":"https:\/\/travelshelper.com\/de\/wp-json\/wp\/v2\/pages\/13736"}],"wp:featuredmedia":[{"embeddable":true,"href":"https:\/\/travelshelper.com\/de\/wp-json\/wp\/v2\/media\/17459"}],"wp:attachment":[{"href":"https:\/\/travelshelper.com\/de\/wp-json\/wp\/v2\/media?parent=16700"}],"curies":[{"name":"wp","href":"https:\/\/api.w.org\/{rel}","templated":true}]}}