{"id":16688,"date":"2024-09-23T17:20:12","date_gmt":"2024-09-23T17:20:12","guid":{"rendered":"https:\/\/travelshelper.com\/staging\/?page_id=16688"},"modified":"2026-03-12T00:30:12","modified_gmt":"2026-03-12T00:30:12","slug":"badenweiler","status":"publish","type":"page","link":"https:\/\/travelshelper.com\/de\/destinations\/europe\/germany\/badenweiler\/","title":{"rendered":"Badenweiler"},"content":{"rendered":"<p>Badenweiler, ein kompakter Kurort mit rund 3.500 Einwohnern auf einer Fl\u00e4che von etwa 22 Quadratkilometern, liegt 425 Meter \u00fcber dem Meeresspiegel inmitten der westlichen Ausl\u00e4ufer des Schwarzwalds. Er nimmt eine einzigartige Nische an der Schnittstelle zwischen Deutschland, Frankreich und der Schweiz ein \u2013 28 Stra\u00dfenkilometer von Basel, 30 von Freiburg im Breisgau und knapp 10 von der franz\u00f6sischen Grenze entfernt \u2013 eingebettet unter dem 1.164 Meter hohen Gipfel des Blauen. Hier, inmitten steiler Waldh\u00e4nge und fruchtbarer L\u00f6ssterrassen, lebt das Erbe r\u00f6mischer W\u00e4rmeingenieure ebenso fort wie mittelalterliche Burgruinen, die Pracht eines Kurortes aus dem 19. Jahrhundert und ein stilles, lebendiges zeitgen\u00f6ssisches Kulturleben.<\/p>\n<p>Vom sich verengenden Oberrheintal bis zum Schutz des Schwarzwaldmassivs entfaltet sich Badenweilers Geschichte in den Schichten der Geologie, des Klimas und des menschlichen Wirkens. Sein Gneis- und Granitgestein, das jahrhundertelang in den \u00f6rtlichen Steinbr\u00fcchen abgebaut wurde, liegt unter L\u00f6ssb\u00f6den, die von alten Flusshochwassern abgelagert wurden. Grabenbruchtektonik und anhaltende geothermische Str\u00f6me f\u00fchren zum pr\u00e4genden Merkmal der Stadt \u2013 den 21 \u00b0C warmen Mineralquellen, die einst von r\u00f6mischen Badeg\u00e4sten gesch\u00e4tzt und 1784 unter Wald- und Schuttschichten wiederentdeckt wurden. Diese unterirdische W\u00e4rme lockte urspr\u00fcnglich Besucher hierher und bildet bis heute das Herzst\u00fcck von Badenweilers Wirtschaft und Identit\u00e4t.<\/p>\n<p>Die bauliche Umgebung der Stadt zeugt von einer Abfolge von Herrschern und Nutzungen. Auf dem Burgh\u00fcgel erheben sich die verwitterten Steine \u200b\u200beiner hochmittelalterlichen Festung, die von den Markgrafen von Baden erbaut und 1678 von franz\u00f6sischen Truppen geschleift wurde. Heute dient sie als Aussichtspunkt, von dem aus abendliche Beleuchtung den mittelalterlichen Bergfried und die Ringmauer vor den dunkler werdenden Kiefern in Szene setzt. Unterhalb der Kirche steht die evangelische Pauluskirche (1897) an der Stelle eines kleineren gotischen Vorg\u00e4ngerbaus. Ihre Backstein- und Steinfassade markiert den Fu\u00df der Burgruine und ist ein stilles Zeugnis jahrhundertelanger Anbetung. Nicht weit entfernt befindet sich die moderne Pfarrkirche St. Peter, die Ende des 20. Jahrhunderts eingeweiht wurde. In einem Raum mit klaren Linien und leuchtenden Buntglasfenstern finden Orgelkonzerte und Chorkonzerte statt.<\/p>\n<p>Doch gerade im Talboden \u2013 entlang des Klemmbachs, einem Nebenfluss des Weilertals \u2013 lagen einst die wichtigsten Wirtschafts- und Landwirtschaftsstandorte Badenweilers. Eine Erhebung aus der Mitte des 18. Jahrhunderts verzeichnet dreizehn wasserbetriebene Getreidem\u00fchlen mit je drei\u00dfig Mahlr\u00e4dern entlang eines neun Kilometer langen Bachlaufs, ausreichend f\u00fcr zehntausend Einwohner. Heute dreht sich nur noch die historische \u00d6lm\u00fchle in Oberweiler gelegentlich und erinnert an die Zeit, als Bauern und Reisende aus dem Wiesental Roggen und Gerste zum Mahlen hierher brachten. Dieselben B\u00e4che transportierten einst Eisen-, Blei- und Silbererz zu den Schmelzh\u00fctten in M\u00fcllheim; \u00dcberreste dieser Betriebe liegen in Waldwegen und Weinbergterrassen verborgen.<\/p>\n<p>In der warmen, fast mediterran anmutenden Ecke des Schwarzwalds reifen an terrassierten H\u00e4ngen Rebsorten, die anderswo in Deutschland selten anzutreffen sind \u2013 Burgunder, Pinot und Chasselas. Palmen, Fuchsien und Magnolien im Kurhausgarten gedeihen in den milden s\u00fcdwestlichen Str\u00f6mungen, die ungehindert vom Oberrhein her\u00fcberstr\u00f6men. Im Winter, wenn die Oberrheinebene im Nebel erzittern kann, genie\u00dft das Badenweiler Tal Licht und W\u00e4rme und lockt Besucher nicht nur zu seinen B\u00e4dern, sondern auch zu seinen Baumwundern: Das Arboretum des Landesbades bewahrt Mammutb\u00e4ume, Tulpenb\u00e4ume und ostasiatische Ahornb\u00e4ume unter einem Bl\u00e4tterdach einheimischer Kiefern.<\/p>\n<p>Vom r\u00f6mischen Badehaus zum modernen Kurpavillon: Die Cassiopeia-Therme in Badenweiler spannt einen Bogen aus Kontinuit\u00e4t und Anpassung. Unter einem futuristischen Glasdach aus dem Jahr 2001 kann man zwischen ausgegrabenen r\u00f6mischen Becken, Trittsteinen und Hypokaustens\u00e4ulen umherwandern, gef\u00fchrt von Brosch\u00fcren in Deutsch, Franz\u00f6sisch und Englisch. Das angrenzende Kurgeb\u00e4ude aus den fr\u00fchen 1970er Jahren beherbergt den Tschechow-Salon, ein Literaturmuseum zu Ehren des russischen Schriftstellers, der hier im Juli 1904 starb. Die umfassende Ausstellung reiht Tschechow in die vier weltweiten Tschechow-Museen ein und erz\u00e4hlt, wie \u00c4rzte einst Lungenkranken das Badenweiler Klima verschrieben \u2013 eine Ironie, da sich sein eigener Gesundheitszustand nach der Ankunft rapide verschlechterte.<\/p>\n<p>Entlang der Kaiserstra\u00dfe reihen sich Rehabilitationskliniken, die strukturierte Programme in Hydrotherapie, Physiotherapie und Klimatherapie anbieten. Der Gro\u00dfteil der Tourismuseinnahmen stammt jedoch von privaten Hotels, Pensionen und Wellnesszentren, die ma\u00dfgeschneiderte Kurangebote anbieten. Seit 2013 transportieren elektrische \u201eEsel\u201c G\u00e4ste durch den Kurpark und erinnern an die Maultierz\u00fcge des 19. Jahrhunderts, die einst Reisende vom Bahnhof M\u00fcllheim die kurvenreichen Stra\u00dfen hinauf nach Oberweiler und dar\u00fcber hinaus bef\u00f6rderten. Ein kleines Denkmal im Park erinnert an diese Tiere und an die Karnevalsgilde \u201eEselstupfer\u201c, deren Name dieses temperamentvolle Erbe bewahrt.<\/p>\n<p>Das k\u00fcnstlerische Leben in Badenweiler spielt sich auf vielen B\u00fchnen ab. Der Gro\u00dfherzogliche Palast, die ehemalige Residenz der Markgrafen, beherbergt heute in seinen Gew\u00f6lber\u00e4umen wechselnde Ausstellungen und Caf\u00e9 ARTig-Konzerte. Das \u00f6rtliche Literaturensemble pr\u00e4sentiert dramatische Lesungen von Tschechow, Hermann Hesse und Manfred Kyber, w\u00e4hrend die Freilichtb\u00fchne des Kurparks Kammermusik und leichte klassische Konzerte umrahmt. Jedes Jahr im Juli treten Schauspieler im Belvedere auf \u2013 einem Lustschloss, das einst dem Maler Emil Bizer als Atelier diente und heute als Standesamt f\u00fcr Hochzeiten dient, umgeben von formellen G\u00e4rten.<\/p>\n<p>Von den sanften Alleen des Kurhausparks bis in die steilen H\u00f6hen des Blauen und dar\u00fcber hinaus reichen die M\u00f6glichkeiten der Outdoor-Aktivit\u00e4ten. Ausgeschilderte Wanderwege \u2013 manche mit einem H\u00f6henunterschied von 600 Metern auf f\u00fcnf Kilometern \u2013 f\u00fchren zu Aussichtspunkten wie Sophienruhe, Alter Mann und Prinzensitz, von denen aus sich ein Panoramablick auf die Vogesen im Westen und die Gipfel des Schwarzwalds im Osten bietet. Mountainbiker testen ihre Kraft auf Haarnadelkurven; Gleitschirmflieger starten bei guter Thermik vom Hochblauen; Tennispl\u00e4tze, Sportb\u00e4der und Joggingstrecken rund um Lipburg bieten weitere sportliche Bet\u00e4tigung an Land.<\/p>\n<p>Die Verwaltungsstruktur von Badenweiler umfasst die Weiler Oberweiler, Schweighof und Lipburg-Sehringen, ehemals unabh\u00e4ngige Bauernsiedlungen, die heute in die Kurgemeinde eingegliedert sind. Zu den Nachbarn z\u00e4hlen M\u00fcllheim im Norden, Sulzburg im Osten sowie \u00fcber die Landesgrenzen hinaus els\u00e4ssische D\u00f6rfer und Schweizer St\u00e4dte, die mit regelm\u00e4\u00dfigen Busverbindungen erreichbar sind. Der Nahverkehr l\u00e4uft \u00fcber das KONUS-System, das Kurg\u00e4sten mit amtlichem Ausweis freie Fahrt mit Bahn und Bus in den teilnehmenden Schwarzwaldgemeinden und nach Basel erm\u00f6glicht. Taxis und Elektroautos erg\u00e4nzen das Netz, und \u00f6ffentliche Parkpl\u00e4tze \u2013 teils kostenlos, teils geb\u00fchrenpflichtig \u2013 umgeben das Dorf, dessen einst strenge Einfahrtssperre nach 22 Uhr 1995 abgeschafft wurde.<\/p>\n<p>Badenweilers kulturelle Kartografie reicht von Kirchen und Burgen bis hin zu Pl\u00e4tzen und Museen. Die evangelische Pauluskirche dominiert das Zentrum. Ihre Chorfresken aus dem 14. Jahrhundert gelten als das \u00e4lteste Totentanzmotiv im deutschsprachigen Raum. Auf dem Anton-Tschechow-Platz h\u00e4lt eine bronzene M\u00f6we ein Skript im Schnabel und markiert damit den Aussichtspunkt, von dem aus der Schriftsteller seinen letzten Morgen sah. In der N\u00e4he stehen Touristen Schlange, um Eintrittskarten f\u00fcr die Cassiopeia-Therme zu kaufen, klammern sich an die Erm\u00e4\u00dfigungen ihrer G\u00e4stekarte und freuen sich auf die dampfenden Thermalbecken.<\/p>\n<p>Die Innenstadt bietet Einkaufsm\u00f6glichkeiten entlang der Luisenstra\u00dfe. Filialen der Sparkasse Markgr\u00e4flerland und der Volksbank bieten Euro und Schweizer Franken an. Boutiquen, ein Bioladen und Buchhandlungen teilen sich den B\u00fcrgersteig mit Caf\u00e9s an ihren mit Geb\u00e4ck dekorierten Tischen. Ein w\u00f6chentlicher Bauernmarkt pr\u00e4sentiert lokale Weine, K\u00e4se und Wurstwaren unter einem Dach aus gestreiften Zelten. Ein Treff 3000-Discounter in der Ernst-Eisenlohr-Stra\u00dfe lockt Autofahrer mit Waren in gro\u00dfen Mengen.<\/p>\n<p>Durch all diese Facetten \u2013 r\u00f6mische B\u00e4der, mittelalterliche Burg, Kurstadt-Eleganz und zeitgen\u00f6ssisches kulturelles Treiben \u2013 bewahrt Badenweiler eine einzigartige Ortskontinuit\u00e4t. Sein Thermalwasser flie\u00dft wie einst unter gr\u00fcnen Promenaden; sein Burgberg wacht \u00fcber Tal und Weinberge. Hier, wo das Klima die strenge Silhouette des Schwarzwalds mildert und sich franz\u00f6sische, deutsche und schweizerische Fl\u00fcsse verflechten, findet ein Besucher noch immer eine Pause vom Trubel der Grenzen und gesch\u00e4ftigen Hauptst\u00e4dte. In diesem gesch\u00fctzten Tal, zwischen dem langsamen Wechsel der Jahreszeiten und dem stetigen Pulsieren der Mineralquellen, bietet Badenweiler eine seltene Verbindung von Zeit und Landschaft, wo jeder Schritt das Echo der Generationen tr\u00e4gt, die diese warmen, bewaldeten H\u00e4nge angezogen haben.<\/p>","protected":false},"excerpt":{"rendered":"<p>Badenweiler, ein malerischer Kurort und Kurort, liegt am westlichen Rand des Schwarzwalds in Baden-W\u00fcrttemberg, Deutschland, in der Region Breisgau-Hochschwarzwald. Diese malerische Region, einst Teil des Markgr\u00e4flerlandes, erfreut sich dank ihres Rufs als Wellness-Destination gro\u00dfer Beliebtheit. Badenweiler liegt 28 Kilometer von Basel, 10 Kilometer von der franz\u00f6sischen Grenze und 20 Kilometer von M\u00fclhausen entfernt und ist somit ein strategisch g\u00fcnstig gelegenes und gut erreichbares Reiseziel f\u00fcr Reisende aus Deutschland und den angrenzenden L\u00e4ndern.<\/p>","protected":false},"author":1,"featured_media":19566,"parent":13736,"menu_order":0,"comment_status":"closed","ping_status":"closed","template":"elementor_theme","meta":{"_eb_attr":"","footnotes":""},"class_list":["post-16688","page","type-page","status-publish","has-post-thumbnail"],"_links":{"self":[{"href":"https:\/\/travelshelper.com\/de\/wp-json\/wp\/v2\/pages\/16688","targetHints":{"allow":["GET"]}}],"collection":[{"href":"https:\/\/travelshelper.com\/de\/wp-json\/wp\/v2\/pages"}],"about":[{"href":"https:\/\/travelshelper.com\/de\/wp-json\/wp\/v2\/types\/page"}],"author":[{"embeddable":true,"href":"https:\/\/travelshelper.com\/de\/wp-json\/wp\/v2\/users\/1"}],"replies":[{"embeddable":true,"href":"https:\/\/travelshelper.com\/de\/wp-json\/wp\/v2\/comments?post=16688"}],"version-history":[{"count":0,"href":"https:\/\/travelshelper.com\/de\/wp-json\/wp\/v2\/pages\/16688\/revisions"}],"up":[{"embeddable":true,"href":"https:\/\/travelshelper.com\/de\/wp-json\/wp\/v2\/pages\/13736"}],"wp:featuredmedia":[{"embeddable":true,"href":"https:\/\/travelshelper.com\/de\/wp-json\/wp\/v2\/media\/19566"}],"wp:attachment":[{"href":"https:\/\/travelshelper.com\/de\/wp-json\/wp\/v2\/media?parent=16688"}],"curies":[{"name":"wp","href":"https:\/\/api.w.org\/{rel}","templated":true}]}}