{"id":16654,"date":"2024-09-23T16:26:58","date_gmt":"2024-09-23T16:26:58","guid":{"rendered":"https:\/\/travelshelper.com\/staging\/?page_id=16654"},"modified":"2026-03-12T00:24:29","modified_gmt":"2026-03-12T00:24:29","slug":"bad-karlshafen","status":"publish","type":"page","link":"https:\/\/travelshelper.com\/de\/destinations\/europe\/germany\/bad-karlshafen\/","title":{"rendered":"Bad Karlshafen"},"content":{"rendered":"<p>Bad Karlshafen, ein Thermal- und Salzkurort mit 3.778 Einwohnern auf einer Fl\u00e4che von 14,85 Quadratkilometern, liegt am Zusammenfluss von Diemel und Weser in Nordhessen. F\u00fcnfzehn Kilometer s\u00fcdlich von H\u00f6xter und siebenunddrei\u00dfig Kilometer n\u00f6rdlich von Kassel liegt er im Dreil\u00e4ndereck Hessen, Niedersachsen und Nordrhein-Westfalen. Die Kerngemeinde Bad Karlshafen z\u00e4hlt rund 2.300 Einwohner, das mittelalterliche Dorf Helmarshausen, das nach der Kommunalreform 1972 heute ein Stadtteil ist, weitere 1.478. Die Lage auf 95,6 Metern \u00fcber dem Meeresspiegel umrahmt eine Landschaft aus bewaldeten Klippen, Flusst\u00e4lern und den \u00dcberresten ehrgeiziger Wasserstra\u00dfenpl\u00e4ne, die nie verwirklicht wurden.<\/p>\n<p>Die Siedlung wurde 1699 von franz\u00f6sischen Protestanten gegr\u00fcndet, die nach der Aufhebung des Edikts von Nantes vor der Verfolgung flohen. Sieburg hie\u00df zun\u00e4chst. Karl I., Landgraf von Hessen-Kassel, gew\u00e4hrte diesen Hugenotten Zuflucht, benannte die Stadt ihm zu Ehren um und plante ein Kanalnetz, um die Z\u00f6lle bei Hannoversch M\u00fcnden zu umgehen. Sein Ingenieur Friedrich Conradi entwarf Pl\u00e4ne f\u00fcr den Landgraf-Karl-Kanal, der Karlshafen mit Marburg verbinden sollte. Gebaut wurde jedoch nur der erste Abschnitt bis H\u00fcmme. Ein barocker Stadtplan des Architekten Paul du Ry nahm 1717 Gestalt an und entfaltete ein Raster aus symmetrischen Stra\u00dfen, zentralen Pl\u00e4tzen und dem Hafenbecken, das noch heute den historischen Kern der Stadt pr\u00e4gt.<\/p>\n<p>Das Weserhafenbecken, das in den 1920er Jahren vom Fluss abgeschnitten war, wurde 2018 durch eine Schleuse wieder angebunden. Diese h\u00e4lt den Wasserstand konstant und erm\u00f6glicht kleinen Booten die Einfahrt. Das restaurierte Becken grenzt an das ehemalige Pack- und Lagerhaus, das zwischen 1715 und 1718 mit seinem charakteristischen Walmdach und dem Turm errichtet wurde \u2013 heute das Rathaus. Im Inneren erwarten Besucher verspiegelte Stuckdecken des italienischen Dekorateurs Andrea Gallasini und ein Glockenspiel, das viermal t\u00e4glich die Stunden mit Melodien untermalt. Ein 2009 im Innenhof angelegter Rosengarten verleiht den Steinfassaden, die einst Landgraf Karl bei seinen seltenen Besuchen empfingen, einen besonderen Reiz.<\/p>\n<p>Helmarshausen, nur 1,3 Kilometer s\u00fcdlich jenseits der Diemel gelegen, ist mehrere Jahrhunderte \u00e4lter als Karlshafen. Die Stadtkirche stammt aus dem romanischen Stil des 10. Jahrhunderts, wurde jedoch durch Br\u00e4nde und Reparaturen im Laufe der Zeit ver\u00e4ndert. Eine Orgel aus dem 18. Jahrhundert mit 1.100 Pfeifen wurde wieder zum Leben erweckt, und hinter Glas im Kirchenschiff ruhen wertvolle Seiten aus dem Evangeliar Heinrichs des L\u00f6wen. Die ehemalige Benediktinerabtei Helmarshausen, gegr\u00fcndet 997, schuf mittelalterliche Meisterwerke der Buchmalerei und Goldschmiedekunst. Sie wurde im Zuge der Reformation aufgel\u00f6st, der Grundriss der Klosterkirche liegt heute unter modernen Pflastersteinen frei.<\/p>\n<p>Zwischen 1685 und 1750 beherbergte die Stadt auch Waldenser, die aus den piemontesischen T\u00e4lern des K\u00f6nigreichs Savoyen-Piemont-Sardinien vertrieben worden waren. Sie lebten in Enklaven, die trotz ihrer physischen Trennung das kulturelle Gef\u00fcge der Stadt bereicherten. Das 1980 in einer ehemaligen Zigarrenfabrik gegr\u00fcndete Deutsche Hugenottenmuseum bewahrt diese vielschichtige Geschichte. Die 700 Quadratmeter gro\u00dfe Ausstellung umfasst Bildarchive, Familienstammb\u00e4ume und Artefakte, die die K\u00e4mpfe und Errungenschaften von Hugenotten und Waldensern gleicherma\u00dfen veranschaulichen. Ein genealogisches Forschungszentrum und ein Stadtarchiv erg\u00e4nzen die Ausstellungen, die Wissenschaftler und Nachkommen aus ganz Europa anziehen.<\/p>\n<p>Der Kurort erhielt 1977 den Status eines Kurortes, was den Zusatz \u201eBad\u201c zum Ortsnamen und 1986 den Bau eines Gradierwerks zur Folge hatte. Heute pr\u00e4sentiert sich die Weser Therme als modernes Gesundheitszentrum an einer Thermalquelle, die Sole mit einem bemerkenswerten Salzgehalt von 23 Prozent aus 1.150 Metern Tiefe f\u00f6rdert. Im Dezember 2004 als Kristalltherme Weserbergland f\u00fcr 20 Millionen Euro er\u00f6ffnet, ging die Anlage nach einem langwierigen Rechtsstreit 2009 schlie\u00dflich in kommunale Tr\u00e4gerschaft \u00fcber. Den Besuchern stehen 33\u201336 \u00b0C warme Becken, Whirlpools, eine Saunalandschaft mit Bootssauna auf der Weser und ein Panoramablick auf das Flussufer zur Verf\u00fcgung.<\/p>\n<p>Jenseits seiner Gew\u00e4sser liegt Bad Karlshafen eingebettet zwischen dem Solling im Norden und dem Reinhardswald im S\u00fcden. Direkt im S\u00fcdwesten, an der M\u00fcndung der Diemel in die Weser, erheben sich die Hessischen Steilk\u00fcsten, die von der Altstadt aus \u00fcber den Fulda-Diemel-Weg erreichbar sind. Auf einem Felsvorsprung steht der Hugenottenturm, der 1913 von Johann Joseph Davin erbaut und 2011 wiederer\u00f6ffnet wurde. Er bietet einen weiten Blick auf die beiden Fl\u00fcsse und das darunterliegende barocke Gitternetz. \u00d6stlich des Sieburger Plateaus sind die \u00dcberreste eines pr\u00e4historischen Ringwallsystems erhalten \u2013 \u00fcber 800 Meter lange Innen- und Au\u00dfenmauern umschlie\u00dfen mehr als einen Quadratkilometer bewaldetes Hochland.<\/p>\n<p>Die Ruinen der Krukenburg kr\u00f6nen den Waltersberg, einen 184 Meter hohen H\u00fcgel oberhalb von Helmarshausen. Die zwischen 1215 und 1220 errichtete Festung verfiel nach 1617; ihre Mauern ragen heute nur noch romantisch in den Himmel. Ganz in der N\u00e4he l\u00e4dt das Caf\u00e9 zur Krukenburg zum Verweilen ein, um mittelalterliche Ankl\u00e4nge unter dem gew\u00f6lbten Innenraum zu sp\u00fcren und die Rhythmen von Fluss und Wald zu betrachten, die dieses Grenzland gepr\u00e4gt haben.<\/p>\n<p>Bad Karlshafen ist bequem mit l\u00e4ndlicher Ruhe zu erreichen. Der Flughafen Kassel-Calden liegt 26 Kilometer s\u00fcdlich und bietet seit 2013 Regionalfl\u00fcge an. Der 58 Kilometer westlich gelegene Flughafen Paderborn-Lippstadt bietet Anschluss an Lufthansa und Freizeitfluggesellschaften. Zu den \u00f6ffentlichen Verkehrsmitteln geh\u00f6ren die Sollingbahn \u2013 der Bahnhof Bad Karlshafen markiert den Endpunkt einer Strecke, die einst durch eine historische Carlsbahn-F\u00e4hre geteilt wurde \u2013 sowie vier Buslinien, die benachbarte St\u00e4dte anbinden, und saisonale Wisent-Linien mit Fahrradanh\u00e4ngern. Die Bundesstra\u00dfen B80 und B83 durchqueren die Gemeinde, und die Deutsche M\u00e4rchenstra\u00dfe f\u00fchrt durch ihre Stra\u00dfen.<\/p>\n<p>Radfahrer sch\u00e4tzen die Stadt als Knotenpunkt von Fernradwegen: Weser-Radweg, Diemel-Radweg, Fulda-Weser-Achse und Klostergarten-Rundweg laufen hier zusammen. Wanderer finden hier den Hugenotten- und Waldenserpfad, der alten Pfaden in den Reinhardswald folgt, w\u00e4hrend der mit einem X markierte Hessenweg durch die Solling-H\u00fcgel und Flusst\u00e4ler f\u00fchrt. Wasserwanderer k\u00f6nnen gef\u00fchrte Kanutouren auf der Weser oder Diemel unternehmen \u2013 aus Naturschutzgr\u00fcnden sind Anmeldungen auf dem kleineren Nebenfluss nur begrenzt m\u00f6glich \u2013 und das Fahrgastschiff Hessen bietet weiterhin Fr\u00fchst\u00fccksfahrten und Linienfahrten von der Kurpromenade nach Beverungen an.<\/p>\n<p>Im \u00e4ltesten Haus der Stadt, erbaut 1700 am Hafenplatz, befindet sich ein einfaches Hotel-Restaurant. 1910 entstand unter der Leitung von Alois Holtmeyer ein Erholungsheim f\u00fcr Bahnbeamte, und das von Luther inspirierte Invalidenheim \u2013 nach dem Vorbild des Invalidendoms Ludwigs XIV. \u2013 er\u00f6ffnete 1710 seine Kapelle f\u00fcr pensionierte hessische Soldaten. Heute beherbergt dieses ehrw\u00fcrdige Geb\u00e4ude die neuapostolische Gemeinde und die letzte Ruhest\u00e4tte des Architekten.<\/p>\n<p>Sakrales und Weltliches verflechten sich in Bad Karlshafen. Die St.-Stephans-Kirche, ein 1962 aus lokalem Sandstein errichtetes protestantisches Gotteshaus, steht an der Kurpromenade mit Fenstern von Hans-Gottfried von Stockhausen und einer Orgel mit historischen Pfeifen. Die 1956 geweihte katholische Kirche St. Michael beherbergt eine h\u00f6lzerne Madonna unbekannten Alters und liegt an einem ruhigen Platz unweit des Gradierwerks. In Helmarshausen wird die 1971 fertiggestellte Kirche St. Peter und Paul heute nach Vereinbarung genutzt und spiegelt die wechselnden pastoralen Ressourcen wider.<\/p>\n<p>Profane Geb\u00e4ude bilden eine Galerie b\u00fcrgerlichen Ehrgeizes. Der barocke Stadtgrundriss ist weitgehend erhalten, seine Symmetrie unber\u00fchrt von Neonreklame oder modernen Einfl\u00fcssen. Unter den Arkaden des Rathauses sp\u00fcrt man die Bestrebungen aufgekl\u00e4rten Despotismus, gemildert durch lokale Handwerkskunst. Rund um das Hafenbecken laden B\u00e4nke und Rasenfl\u00e4chen zum Nachdenken \u00fcber die Verhei\u00dfungen der Flusshandelswege ein, die nie vollst\u00e4ndig verwirklicht wurden.<\/p>\n<p>Freizeitaktivit\u00e4ten bieten ein Gleichgewicht zwischen Aktiv- und Besinnlichkeit. Ein Campingplatz und ein Minigolfplatz liegen an der Weser, w\u00e4hrend die Kurpromenade bis zu einem Gradierwerk reicht, das die Luft mit salzhaltigen Aerosolen aus Schlehenreisig anreichert. Der Eintritt ist frei, und das Einatmen des Nebels bietet eine kurze Auszeit vom Alltag. Jedes Jahr im Mai findet der Mordkammerlauf statt, eine Reihe von Volksl\u00e4ufen von 400 Metern bis zum Halbmarathon durch das Holzapetal im Reinhardswald, Teil des regionalen Reinhardswald-Cups.<\/p>\n<p>Museen erg\u00e4nzen die nat\u00fcrlichen und architektonischen Attraktionen der Stadt. Das Genealogische Zentrum des Deutschen Hugenottenmuseums zieht Besucher an, die die Abstammung der Hugenotten erforschen m\u00f6chten, w\u00e4hrend das Alte Rathaus in Helmarshausen \u2013 betrieben vom Heimatverein \u2013 mittelalterliche Buchmalereien und das sagenumwobene Evangeliar Heinrichs des L\u00f6wen pr\u00e4sentiert. Die Eintrittspreise sind moderat, und wechselnde Ausstellungen sorgen daf\u00fcr, dass sich Wiederholungsbesuche auch f\u00fcr diejenigen lohnen, die nichts weiter als Lokalkolorit erwarten.<\/p>\n<p>Wer lieber festen Boden unter den F\u00fc\u00dfen hat, dem winken die Hannoverschen Klippen am gegen\u00fcberliegenden Ufer. Sieben Sandsteinpfeiler, die seit 2011 von der Plattform des Weser Skywalks gekr\u00f6nt werden, ragen 75 Meter in den Himmel. Ein barrierefreier Weg f\u00fchrt vom Parkplatz in Beverungen, und von den Gitterrosten aus \u00fcberblickt man den Zusammenfluss und das dahinterliegende Feld- und Waldgebiet. Am Fu\u00dfe der Klippen markieren Steine \u200b\u200bdas Dreil\u00e4ndereck, das an die Begegnung dreier deutscher Staaten erinnert und die Stadt als kultureller Knotenpunkt pr\u00e4gt.<\/p>\n<p>Bad Karlshafens Geschichte ist gepr\u00e4gt von Kontinuit\u00e4t und Wandel. Seine barocke Architektur zeugt von einer Vision planvoller Eleganz, w\u00e4hrend seine Thermen und Thermalb\u00e4der ein jahrhundertelanges Engagement f\u00fcr Gesundheit und Entspannung unterstreichen. Die Gr\u00e4ber hugenottischer Fl\u00fcchtlinge, die Mauern von Kl\u00f6stern und Burgen sowie die verschlungenen Wege durch den Reinhardswald zeugen von vielschichtigem menschlichem Wirken. Hier bewegt man sich vom Flussufer zum Bergr\u00fccken, von Steinportalen zu Waldlichtungen \u2013 jeder Schritt ist eine stille Meditation dar\u00fcber, wie Ort und Zweck ineinandergreifen.<\/p>\n<p>In diesem Kurort an der Weser ist die Vergangenheit in jeder Stra\u00dfe und jedem Blick sp\u00fcrbar, ohne jemals museal zu werden. Aktivit\u00e4t und Ruhe verschmelzen in harmonischer Harmonie \u2013 vom Kanufahren unter Sandsteinfelsen bis zum Einatmen salzhaltiger Luft am Gradierwerk. Architektonische Relikte, von der Kapelle des Invalidenheims bis zum restaurierten Grundriss des Klosters Helmarshausen, verleihen dem Alltag einen Hauch historischer Resonanz. Ob mit dem Zug auf der Sollingbahn, mit dem Auto auf der B83 oder mit dem Boot durch die restaurierte Schleuse \u2013 der Besucher begegnet einer Stadt, die zugleich sorgf\u00e4ltig erhalten und still lebendig ist \u2013 ein barockes Juwel am Zusammenfluss von Fl\u00fcssen und Regionen, wo jeder Winkel eine Geschichte bietet, die es wert ist, innezuhalten.<\/p>","protected":false},"excerpt":{"rendered":"<p>Bad Karlshafen, ein barocker Thermal- und Salzkurort im Landkreis Kassel, Hessen, hat rund 4.200 Einwohner. Der Hauptort Bad Karlshafen z\u00e4hlt 2.300 Einwohner, das mittelalterliche Dorf Helmarshausen weitere 1.900. Die malerische Stadt liegt strategisch g\u00fcnstig am Zusammenfluss von Diemel und Weser, 15 Kilometer s\u00fcdlich von H\u00f6xter und 37 Kilometer n\u00f6rdlich von Kassel.<\/p>","protected":false},"author":1,"featured_media":17549,"parent":13736,"menu_order":0,"comment_status":"closed","ping_status":"closed","template":"elementor_theme","meta":{"_eb_attr":"","footnotes":""},"class_list":["post-16654","page","type-page","status-publish","has-post-thumbnail"],"_links":{"self":[{"href":"https:\/\/travelshelper.com\/de\/wp-json\/wp\/v2\/pages\/16654","targetHints":{"allow":["GET"]}}],"collection":[{"href":"https:\/\/travelshelper.com\/de\/wp-json\/wp\/v2\/pages"}],"about":[{"href":"https:\/\/travelshelper.com\/de\/wp-json\/wp\/v2\/types\/page"}],"author":[{"embeddable":true,"href":"https:\/\/travelshelper.com\/de\/wp-json\/wp\/v2\/users\/1"}],"replies":[{"embeddable":true,"href":"https:\/\/travelshelper.com\/de\/wp-json\/wp\/v2\/comments?post=16654"}],"version-history":[{"count":0,"href":"https:\/\/travelshelper.com\/de\/wp-json\/wp\/v2\/pages\/16654\/revisions"}],"up":[{"embeddable":true,"href":"https:\/\/travelshelper.com\/de\/wp-json\/wp\/v2\/pages\/13736"}],"wp:featuredmedia":[{"embeddable":true,"href":"https:\/\/travelshelper.com\/de\/wp-json\/wp\/v2\/media\/17549"}],"wp:attachment":[{"href":"https:\/\/travelshelper.com\/de\/wp-json\/wp\/v2\/media?parent=16654"}],"curies":[{"name":"wp","href":"https:\/\/api.w.org\/{rel}","templated":true}]}}