{"id":16614,"date":"2024-09-23T14:12:53","date_gmt":"2024-09-23T14:12:53","guid":{"rendered":"https:\/\/travelshelper.com\/staging\/?page_id=16614"},"modified":"2026-03-12T00:25:54","modified_gmt":"2026-03-12T00:25:54","slug":"bad-feilnbach","status":"publish","type":"page","link":"https:\/\/travelshelper.com\/de\/destinations\/europe\/germany\/bad-feilnbach\/","title":{"rendered":"Bad Feilnbach"},"content":{"rendered":"<p>Bad Feilnbach liegt dort, wo die bayerischen Alpen sanft in das Rosenheimer Becken abfallen, ein 5.800 Hektar gro\u00dfes Gebiet, das sich von den schroffen H\u00e4ngen des Wendelsteins bis in von Mooren durchzogene Wiesen erstreckt. Am Fu\u00dfe eines 1.838 Meter hohen Gipfels gelegen, bietet diese Gemeinde \u2013 17 Kilometer \u00f6stlich von Miesbach, 10 Kilometer s\u00fcdlich von Bad Aibling, 15 Kilometer s\u00fcdwestlich von Rosenheim und 33 Kilometer von Kufstein \u2013 ein Klima, das mild genug ist, um Ebereschen und Fichten inmitten feuchten Torfs zu beg\u00fcnstigen. Im Oktober 1973 erhielt es den Titel \u201eBad\u201c und ist bis heute eines der ber\u00fchmtesten Moorheilb\u00e4der Deutschlands, wo jahrhundertealte Torfablagerungen einen dicken, dunklen Heilschlamm hervorbringen.<\/p>\n<p>Die Geschichte von Bad Feilnbachs Wandel begann im 19. Jahrhundert, als sich die heilende Wirkung von Torf herumsprach. Einheimische werden Ihnen \u2013 wenn Sie sich im Morgengrauen einer Behandlung trauen \u2013 erz\u00e4hlen, dass der Duft des Torfs von frisch aufgew\u00fchlter Erde zeugt, von uralten, im Morgennebel atmenden Mooren. Dieses \u201eschwarze Gold\u201c erwies sich als wirksam gegen rheumatische Beschwerden und Atemwegserkrankungen, was findige Heilpraktiker dazu veranlasste, entlang der H\u00e4nge und im Tal Kur- und Rehabilitationseinrichtungen zu errichten. Mit der Zeit erlangte das Dorf den Ruf eines Kurortes; seine Holzchalets und niedrigen Pavillons schmiegten sich wie G\u00e4ste an eine Feuerstelle in die Tannenw\u00e4lder.<\/p>\n<p>Schon bevor \u201eBad\u201c dem Ortsnamen vorangestellt wurde, reichten die Wurzeln der Gemeinde viele Jahrhunderte zur\u00fcck. Erstmals urkundlich erw\u00e4hnt wurde sie 980 als \u201eFulinpah\u201c, ein Name, der sich von dem tr\u00e4gen Bach ableitet, der noch heute unter moosbedeckten Steinen pl\u00e4tschert. Die Siedlung geht vermutlich auf die R\u00f6merzeit zur\u00fcck. Man kann sich am Bachufer Legion\u00e4re vorstellen, die nach Wasser suchten und deren Sandalen die dunklen Lehmb\u00e4nke schabten. 1818 erlangte Feilnbach im Zuge der bayerischen Verwaltungsreformen die Unabh\u00e4ngigkeit \u2013 eine aufstrebende Gemeinde zwischen Alpenh\u00f6he und Talsohle.<\/p>\n<p>1897 kam die Eisenbahn an und schl\u00e4ngelte sich auf einer schmalen Strecke von Bad Aibling nach Feilnbach. Fast acht Jahrzehnte lang tuckerten Dampflokomotiven durch schattige W\u00e4lder und \u00fcber Br\u00fccken, bis sie 1973 ihren Betrieb einstellten \u2013 allerdings nicht ohne den Kurort zuvor mit einer gr\u00f6\u00dferen Welt von Kurg\u00e4sten verbunden zu haben. Das alte Bahnhofsgeb\u00e4ude, heute ein Abenteuerspielplatz mit dem Namen \u201eAlter Bahnhof\u201c, ist ein stummer Zeuge des Dampfrauschens und des Lachens von Kindern, die die Grenzen eines Metallrahmens austesten.<\/p>\n<p>Die Umw\u00e4lzungen der Jahrhundertmitte ver\u00e4nderten die Gemeinde. Am 1. Januar 1966 schlossen sich die Nachbard\u00f6rfer Feilnbach und Wiechs zu Feilnbach-Wiechs zusammen, nur um im Dezember 1971 wieder zum einfacheren Feilnbach zur\u00fcckzukehren. Innerhalb weniger Wochen wurden Au bei Bad Aibling und Dettendorf eingemeindet \u2013 Dettendorf blieb vom Kurortstatus ausgenommen \u2013, bevor Litzldorf am 1. Mai 1978 dazukam. Im Juli 1972 wechselte die Gemeinde vom Landkreis Bad Aibling in den Landkreis Rosenheim und verband ihr Schicksal enger mit der weiteren Verwaltungsregion.<\/p>\n<p>Die Umgebung von Bad Feilnbach ist gepr\u00e4gt von Wald und Wasser. Im oberen Jenbachtal folgt der \u201eJenbachwasser\u201c-Weg den Wasserf\u00e4llen, die durch Felsspalten zischen und Besucher einladen, schmale, spritzwasserbenetzte Felsvorspr\u00fcnge zu begehen. Weiter flussabw\u00e4rts entfaltet sich das Jenbachparadies als Wasserspielplatz, wo Kinder in flachen Becken planschen und Eltern auf glatten, von jahrhundertealten Str\u00f6mungen geschliffenen Steinen liegen. Lachende Einw\u00fcrfe hallen wie Vogelrufe durch Erlen- und Weidenw\u00e4lder.<\/p>\n<p>Inmitten dieser waldreichen Umgebung f\u00fchrt die Moorerlebnisstation \u201eSterntaler Filze\u201c in die verborgene Welt des Moores ein. Hier w\u00f6lben sich Bohlenwege \u00fcber aufgeweichten Boden, und kleine Unterst\u00e4nde bieten Einblicke in die Moorfauna \u2013 Preiselbeeren, die sich im schwarzen Schlamm r\u00f6ten, Libellen, die wie lebendige Juwelen umherhuschen. Ein gewundener Themenweg namens \u201eAuf Gottes Spuren\u201c verbindet spirituelle Besinnung mit Naturwundern und f\u00fchrt Besucher an Kapellen und Skulpturen vorbei, die wie aus dem Gel\u00e4nde gewachsen aus ihm herauswachsen. Das gesamte Themenwegenetz verdankt seine Existenz dem LEADER-Programm der EU, das landwirtschaftliche F\u00f6rdermittel stillschweigend in kulturelle Bereicherung lenkt.<\/p>\n<p>Bad Feilnbach bietet nicht nur heilende Erde und rauschendes Wasser. In Litzldorf steht die Industrieruine eines alten Zementwerks als Denkmal einer anderen Industrie \u2013 eine stille Kathedrale aus Tr\u00e4gern und Rost. Moos wuchert wie malerische Pinselstriche \u00fcber Stahltr\u00e4ger, w\u00e4hrend Sonnenlicht durch zerbrochene Fenster f\u00e4llt und gitterartige Schatten auf den in Stille getauchten Betonboden wirft. Der Ort l\u00e4sst erahnen, dass selbst Verfall Ehrfurcht erwecken kann.<\/p>\n<p>F\u00fcr alle, die aktive Erholung suchen, schl\u00e4ngeln sich abgelegene Reitwege im Schatten des Wendelsteins, die Oberbayern mit Tirol verbinden. Reiter auf Pferden, die nach keltischen Winden benannt sind, reiten auf grasbewachsenen Pfaden, ihr Atem ist in den k\u00e4lteren Monaten sichtbar, ihre Hufschl\u00e4ge wirbeln Staub und Tannennadeln auf. Die Luft schmeckt nach Baumharz und fr\u00fchem Schnee; man kann sich vorstellen, wie Pilger und F\u00f6rster diese Wege jahrhundertelang teilten.<\/p>\n<p>Als moderner Kurort setzt Bad Feilnbach auf vielf\u00e4ltige Heilmethoden. Neben der traditionellen Moortherapie bieten Heilpraktiker Akupunktur nach den Wurzeln der Traditionellen Chinesischen Medizin, edelsteinartig angeordnete hom\u00f6opathische Fl\u00e4schchen, Kr\u00e4utertinkturen, mit Kurkuma duftende Ayurveda-Massagen und naturheilkundliche Beratungen zu Ern\u00e4hrung und Lebensstil an. In einem stattlichen Pavillon neben dem Haus des Gastes finden \u201eKurkonzerte\u201c statt, bei denen Streichquartette zwischen Birkens\u00e4ulen spielen, deren Musik \u00fcber ein kleines, von Steinen erw\u00e4rmtes Naturbecken schallt.<\/p>\n<p>Die Gesundheitsinfrastruktur der Gemeinde umfasst die Klinik + mehr Reithofpark, die Klinik + mehr Blumenhof und ein ambulantes Therapiezentrum, die alle auf Badetorf-Behandlungen spezialisiert sind. Erg\u00e4nzt durch das Pflegeheim St. Martin und das Pflege-, Therapie- und Wellnesszentrum St. Lukas bietet Bad Feilnbach sowohl Kurzzeitrehabilitation als auch Langzeitpflege. Die Bewohner profitieren von der \u00d6kumenischen Nachbarschaftshilfe e.V. und einem deutschen Religi\u00f6sen Rehabilitationszentrum, wodurch sichergestellt wird, dass neben der k\u00f6rperlichen Genesung auch spirituelle und soziale Bed\u00fcrfnisse ber\u00fccksichtigt werden.<\/p>\n<p>Familien finden in den Bildungseinrichtungen die passende Unterst\u00fctzung: die Grund- und Hauptschule in Bad Feilnbach, die Grundschule in Au, vier st\u00e4dtische Kinderg\u00e4rten und zwei katholische Kinderg\u00e4rten. Das \u00f6ffentliche Leben pulsiert rund um das beheizte Schwimmbad im Ortskern und einen separaten Badebereich in Au. Abenteuerspielpl\u00e4tze im Burgaltendorf Waldeck und am Alten Bahnhof laden Kinder zum Ausgelassensein ein, w\u00e4hrend eine Gemeinde- und eine Stadtbibliothek einen ruhigen R\u00fcckzugsort zum Lernen und Nachdenken bieten.<\/p>\n<p>Die touristische Infrastruktur vereint Komfort mit dem Ruf der Wildnis. Seit 1968 beherbergt das Vier-Sterne-Kaiser Camping Outdoor Resort bis zu 800 G\u00e4ste unter Zeltplanen oder in Wohnwagen. In der frischen Morgenluft lehnen Zelte wie halb erz\u00e4hlte Geschichten an Tannen, und das erste Licht f\u00e4llt durch die durchscheinenden W\u00e4nde. In der Abendd\u00e4mmerung wiegen sich Laternen im Wind und murmeln Geschichten von Reisenden, die sich den torfbeheizten K\u00f6rben und \u00d6fen n\u00e4hern.<\/p>\n<p>Die Verkehrsanbindung wurde 2024 durch den Beitritt Bad Feilnbachs zum M\u00fcnchner Verkehrs- und Tarifverbund erweitert. Die Buslinien 343 und 348 verbinden t\u00e4glich Bad Aibling, Raubling und Rosenheim, w\u00e4hrend die saisonale Wendelstein-Ringlinie 349 \u2013 verkehrend von Mai bis November \u2013 Bayrischzell, Fischbachau, Brannenburg, Flintsbach und Oberaudorf durchf\u00e4hrt. Innerhalb eines Nachmittags l\u00e4sst sich die Reise von der urbanen Zersiedelung in die alpine Einsamkeit nachvollziehen, wobei jeder Kilometer einen neuen Ausblick auf dunkle Tannenh\u00e4nge oder sonnenbeschienene Weiden bietet.<\/p>\n<p>Trotz all dieser historischen und naturkundlichen Ereignisse bleibt Bad Feilnbach ruhig und entschlossen \u2013 eine Siedlung, die sowohl von der Geologie als auch von Reformverordnungen gepr\u00e4gt wurde. Die Jahressteine \u200b\u200ban den st\u00e4dtischen Geb\u00e4uden erinnern an 1818 und 1973, doch tiefere Spuren finden sich in Namen wie Fulinpah und in menschlichen Gesten: dem Holzsteg, der Moor und Wald verbindet, dem Pavillon neben einem Thermalbecken, den im D\u00e4mmerlicht leuchtenden Fenstern der Klinik, die Linderung versprechen. Der Torf gibt seine Heilkraft langsam frei, k\u00fchl und dicht wie die D\u00e4mmerung, und der Besucher lernt in seiner Umarmung Geduld.<\/p>\n<p>In einer Region, wo Gipfel den Himmel durchbohren und Moore die Erde wiegen, nimmt Bad Feilnbach einen \u00dcbergangsbereich ein. Der Kirchturm durchdringt den Morgennebel; der Wald haucht Harz in die Morgend\u00e4mmerung; die Torfb\u00e4der beruhigen m\u00fcde Glieder. Hier z\u00e4hlt der Rhythmus der Jahreszeiten \u2013 Fr\u00fchlingsfluten erneuern das Moor, Sommernebel erweichen den Stein, Herbstnachmittage vergolden L\u00e4rchen, Wintersonne streicht \u00fcber Eisterrassen. Zeit in Bad Feilnbach zu verbringen bedeutet, die stetige Arbeit von Land und Leuten mitzuerleben, in Stein gemei\u00dfelte Geschichte und aus dem Torf gesch\u00f6pfte Heilung. Unter dem wachsamen Blick des Wendelsteins besteht die Stadt fort und lockt Reisende nicht mit L\u00e4rm oder dem Versprechen spektakul\u00e4rer Ereignisse, sondern mit der tiefen Ruhe von Erde und Wasser im Gleichgewicht.<\/p>","protected":false},"excerpt":{"rendered":"<p>Bad Feilnbach, eine malerische Gemeinde im oberbayerischen Landkreis Rosenheim, hat rund 7.500 Einwohner. Die charmante Stadt am Fu\u00dfe des majest\u00e4tischen Wendelsteins gilt als erstklassiges Gesundheits- und Wellnessziel und bietet Besuchern eine einzigartige Kombination aus nat\u00fcrlicher Sch\u00f6nheit und therapeutischen Behandlungen.<\/p>","protected":false},"author":1,"featured_media":17525,"parent":13736,"menu_order":0,"comment_status":"closed","ping_status":"closed","template":"elementor_theme","meta":{"_eb_attr":"","footnotes":""},"class_list":["post-16614","page","type-page","status-publish","has-post-thumbnail"],"_links":{"self":[{"href":"https:\/\/travelshelper.com\/de\/wp-json\/wp\/v2\/pages\/16614","targetHints":{"allow":["GET"]}}],"collection":[{"href":"https:\/\/travelshelper.com\/de\/wp-json\/wp\/v2\/pages"}],"about":[{"href":"https:\/\/travelshelper.com\/de\/wp-json\/wp\/v2\/types\/page"}],"author":[{"embeddable":true,"href":"https:\/\/travelshelper.com\/de\/wp-json\/wp\/v2\/users\/1"}],"replies":[{"embeddable":true,"href":"https:\/\/travelshelper.com\/de\/wp-json\/wp\/v2\/comments?post=16614"}],"version-history":[{"count":0,"href":"https:\/\/travelshelper.com\/de\/wp-json\/wp\/v2\/pages\/16614\/revisions"}],"up":[{"embeddable":true,"href":"https:\/\/travelshelper.com\/de\/wp-json\/wp\/v2\/pages\/13736"}],"wp:featuredmedia":[{"embeddable":true,"href":"https:\/\/travelshelper.com\/de\/wp-json\/wp\/v2\/media\/17525"}],"wp:attachment":[{"href":"https:\/\/travelshelper.com\/de\/wp-json\/wp\/v2\/media?parent=16614"}],"curies":[{"name":"wp","href":"https:\/\/api.w.org\/{rel}","templated":true}]}}