{"id":15974,"date":"2024-09-22T01:11:09","date_gmt":"2024-09-22T01:11:09","guid":{"rendered":"https:\/\/travelshelper.com\/staging\/?page_id=15974"},"modified":"2024-09-22T01:13:07","modified_gmt":"2024-09-22T01:13:07","slug":"haftungsausschluss","status":"publish","type":"page","link":"https:\/\/travelshelper.com\/de\/disclaimer\/","title":{"rendered":"Haftungsausschluss"},"content":{"rendered":"<div data-elementor-type=\"wp-page\" data-elementor-id=\"15974\" class=\"elementor elementor-15974\">\n\t\t\t\t<div class=\"elementor-element elementor-element-6f0bcdfa e-flex e-con-boxed e-con e-parent\" data-id=\"6f0bcdfa\" data-element_type=\"container\" data-e-type=\"container\">\n\t\t\t\t\t<div class=\"e-con-inner\">\n\t\t<div class=\"elementor-element elementor-element-627d6690 e-con-full e-flex e-con e-child\" data-id=\"627d6690\" data-element_type=\"container\" data-e-type=\"container\">\n\t\t\t\t<div class=\"elementor-element elementor-element-428000a8 elementor-widget elementor-widget-text-editor\" data-id=\"428000a8\" data-element_type=\"widget\" data-e-type=\"widget\" data-widget_type=\"text-editor.default\">\n\t\t\t\t\t\t\t\t\t<p><\/p><p>Zuletzt aktualisiert: 26.09.2024<\/p><p> <\/p><p><strong>HAFTUNGSAUSSCHLUSS F\u00dcR DIE WEBSITE<\/strong><\/p><p> <\/p><p>Die Informationen von\u00a0<strong>Reisehelfer<\/strong>\u00a0(\u201eUnternehmen\u201c, \u201ewir\u201c, \u201eunser\u201c, \u201euns\u201c) auf\u00a0<strong>https:\/\/travelshelper.com<\/strong>\u00a0(die \u201eSite\u201c) dient ausschlie\u00dflich allgemeinen Informationszwecken. Alle Informationen auf dieser Site werden nach bestem Wissen und Gewissen bereitgestellt. Wir \u00fcbernehmen jedoch keine ausdr\u00fcckliche oder stillschweigende Zusicherung oder Gew\u00e4hrleistung hinsichtlich der Richtigkeit, Angemessenheit, G\u00fcltigkeit, Zuverl\u00e4ssigkeit, Verf\u00fcgbarkeit oder Vollst\u00e4ndigkeit der Informationen auf dieser Site.<\/p><p> <\/p><p>Wir haften unter keinen Umst\u00e4nden f\u00fcr Verluste oder Sch\u00e4den jeglicher Art, die durch die Nutzung dieser Website oder das Vertrauen in die dort bereitgestellten Informationen entstehen. Ihre Nutzung dieser Website und Ihr Vertrauen in die dort bereitgestellten Informationen erfolgen ausschlie\u00dflich auf Ihr eigenes Risiko.<\/p><p> <\/p><p><strong>HAFTUNGSAUSSCHLUSS F\u00dcR EXTERNE LINKS<\/strong><\/p><p> <\/p><p>Die Website kann Links zu anderen Websites oder Inhalten enthalten (oder Ihnen \u00fcber die Website zugesandt werden), die Dritten geh\u00f6ren oder von diesen stammen, sowie Links zu Websites und Funktionen. Solche externen Links werden von uns nicht untersucht, \u00fcberwacht oder auf Richtigkeit, Angemessenheit, G\u00fcltigkeit, Zuverl\u00e4ssigkeit, Verf\u00fcgbarkeit oder Vollst\u00e4ndigkeit gepr\u00fcft.<\/p><p> <\/p><p>Wir \u00fcbernehmen keine Gew\u00e4hrleistung oder Verantwortung f\u00fcr die Genauigkeit oder Zuverl\u00e4ssigkeit von Informationen von Websites Dritter, auf die von dieser Site aus verwiesen wird, sowie von Websites oder Funktionen, die \u00fcber Banner oder andere Werbung verlinkt sind. Wir sind weder Partei noch in irgendeiner Weise f\u00fcr die \u00dcberwachung von Transaktionen zwischen Ihnen und Drittanbietern von Produkten oder Dienstleistungen verantwortlich.<\/p><p> <\/p><p><strong>HAFTUNGSAUSSCHLUSS F\u00dcR VERBUNDENE UNTERNEHMEN<\/strong><\/p><p> <\/p><p>Die Site kann Links zu Partner-Websites enthalten und wir erhalten m\u00f6glicherweise eine Partnerprovision f\u00fcr alle K\u00e4ufe oder Aktionen, die Sie auf den Partner-Websites unter Verwendung dieser Links t\u00e4tigen.<\/p><p> <\/p><p><strong>HAFTUNGSAUSSCHLUSS F\u00dcR TESTIMONIALS<\/strong><\/p><p> <\/p><p>Die Website kann Erfahrungsberichte von Nutzern unserer Produkte und\/oder Dienstleistungen enthalten. Diese Erfahrungsberichte spiegeln die tats\u00e4chlichen Erfahrungen und Meinungen dieser Nutzer wider. Die Erfahrungen sind jedoch pers\u00f6nlich und nicht unbedingt repr\u00e4sentativ f\u00fcr alle Nutzer unserer Produkte und\/oder Dienstleistungen. Wir behaupten nicht, dass alle Nutzer die gleichen Erfahrungen machen, und Sie sollten nicht davon ausgehen, dass alle Nutzer die gleichen Erfahrungen machen.<\/p><p> <\/p><p>IHRE INDIVIDUELLEN ERGEBNISSE K\u00d6NNEN VARIIEREN.<\/p><p> <\/p><p>Die Erfahrungsberichte auf der Website werden in verschiedenen Formen wie Text, Audio und\/oder Video eingereicht und von uns vor der Ver\u00f6ffentlichung gepr\u00fcft. Sie erscheinen auf der Website wortw\u00f6rtlich in der von den Nutzern abgegebenen Fassung, mit Ausnahme von Korrekturen bei Grammatik- oder Tippfehlern. Einige Erfahrungsberichte wurden m\u00f6glicherweise der K\u00fcrze halber gek\u00fcrzt, da der vollst\u00e4ndige Erfahrungsbericht irrelevante Informationen enthielt, die f\u00fcr die Allgemeinheit nicht relevant waren.<\/p><p> <\/p><p>Die in den Erfahrungsberichten enthaltenen Ansichten und Meinungen geh\u00f6ren ausschlie\u00dflich dem jeweiligen Benutzer und spiegeln nicht unsere Ansichten und Meinungen wider.<\/p><p> <\/p><p><strong>HAFTUNGSAUSSCHLUSS F\u00dcR FEHLER UND AUSLASSUNGEN<\/strong><\/p><p> <\/p><p>Obwohl wir alle Anstrengungen unternommen haben, um sicherzustellen, dass die auf dieser Website enthaltenen Informationen aus zuverl\u00e4ssigen Quellen stammen, \u00fcbernimmt Travel S Helper keine Verantwortung f\u00fcr Fehler oder Auslassungen oder f\u00fcr die Ergebnisse, die sich aus der Nutzung dieser Informationen ergeben. Alle Informationen auf dieser Website werden \u201ewie besehen\u201c bereitgestellt, ohne Garantie f\u00fcr Vollst\u00e4ndigkeit, Richtigkeit, Aktualit\u00e4t oder die aus der Nutzung dieser Informationen erzielten Ergebnisse. Es wird keinerlei ausdr\u00fcckliche oder stillschweigende Gew\u00e4hrleistung \u00fcbernommen, einschlie\u00dflich, aber nicht beschr\u00e4nkt auf Gew\u00e4hrleistungen f\u00fcr Leistung, Marktg\u00e4ngigkeit und Eignung f\u00fcr einen bestimmten Zweck.<\/p><p> <\/p><p>Travel S Helper, seine verbundenen Partnerschaften oder Unternehmen oder deren Partner, Vertreter oder Mitarbeiter haften in keinem Fall Ihnen oder anderen gegen\u00fcber f\u00fcr Entscheidungen oder Ma\u00dfnahmen, die im Vertrauen auf die Informationen dieser Site getroffen oder ergriffen wurden, oder f\u00fcr Folgesch\u00e4den, besondere oder \u00e4hnliche Sch\u00e4den, selbst wenn auf die M\u00f6glichkeit solcher Sch\u00e4den hingewiesen wurde.<\/p><p> <\/p><p><strong>HAFTUNGSAUSSCHLUSS F\u00dcR GASTMITARBEITER<\/strong><\/p><p> <\/p><p>Diese Site kann Inhalte von Gastautoren enthalten und alle in solchen Beitr\u00e4gen ge\u00e4u\u00dferten Ansichten oder Meinungen sind pers\u00f6nlich und spiegeln nicht die Ansichten oder Meinungen von Travel S Helper oder seinen Mitarbeitern oder verbundenen Unternehmen wider, sofern nicht ausdr\u00fccklich anders angegeben.<\/p><p> <\/p><p><strong>HAFTUNGSAUSSCHLUSS F\u00dcR LOGOS UND WARENZEICHEN<\/strong><\/p><p> <\/p><p>All logos and trademarks of third parties referenced on\u00a0https:\/\/travelshelper.com\u00a0are the trademarks and logos of their respective owners. Any inclusion of such trademarks or logos does not imply or constitute any approval, endorsement or sponsorship of\u00a0Travel S Helper\u00a0by such owners.<\/p><p> <\/p><p><strong>KONTAKTIEREN SIE UNS<\/strong><\/p><p> <\/p><p>Sollten Sie Feedback, Anmerkungen, Anfragen f\u00fcr technischen Support oder sonstige Anfragen haben, kontaktieren Sie uns bitte per E-Mail:\u00a0<strong>office@travelshelper.com<\/strong>.<\/p><p><\/p>\t\t\t\t\t\t\t\t<\/div>\n\t\t\t\t<\/div>\n\t\t\t\t\t<\/div>\n\t\t\t\t<\/div>\n\t\t\t\t<\/div>","protected":false},"excerpt":{"rendered":"<p>Last updated: 2024-09-26 WEBSITE DISCLAIMER The information provided by\u00a0Travel S Helper\u00a0(\u201cCompany\u201d, \u201cwe\u201d, \u201cour\u201d, \u201cus\u201d) on\u00a0https:\/\/travelshelper.com\u00a0(the \u201cSite\u201d) is for general informational purposes only. All information on the Site is provided in good faith, however we make no representation or warranty of any kind, express or implied, regarding the accuracy, adequacy, validity, reliability, availability, or completeness of [&hellip;]<\/p>\n","protected":false},"author":1,"featured_media":0,"parent":0,"menu_order":0,"comment_status":"closed","ping_status":"closed","template":"elementor_header_footer","meta":{"_eb_attr":"","footnotes":""},"class_list":["post-15974","page","type-page","status-publish"],"_links":{"self":[{"href":"https:\/\/travelshelper.com\/de\/wp-json\/wp\/v2\/pages\/15974","targetHints":{"allow":["GET"]}}],"collection":[{"href":"https:\/\/travelshelper.com\/de\/wp-json\/wp\/v2\/pages"}],"about":[{"href":"https:\/\/travelshelper.com\/de\/wp-json\/wp\/v2\/types\/page"}],"author":[{"embeddable":true,"href":"https:\/\/travelshelper.com\/de\/wp-json\/wp\/v2\/users\/1"}],"replies":[{"embeddable":true,"href":"https:\/\/travelshelper.com\/de\/wp-json\/wp\/v2\/comments?post=15974"}],"version-history":[{"count":0,"href":"https:\/\/travelshelper.com\/de\/wp-json\/wp\/v2\/pages\/15974\/revisions"}],"wp:attachment":[{"href":"https:\/\/travelshelper.com\/de\/wp-json\/wp\/v2\/media?parent=15974"}],"curies":[{"name":"wp","href":"https:\/\/api.w.org\/{rel}","templated":true}]}}