{"id":15662,"date":"2024-09-21T17:11:49","date_gmt":"2024-09-21T17:11:49","guid":{"rendered":"https:\/\/travelshelper.com\/staging\/?page_id=15662"},"modified":"2026-03-11T21:11:35","modified_gmt":"2026-03-11T21:11:35","slug":"tadschikistan","status":"publish","type":"page","link":"https:\/\/travelshelper.com\/de\/destinations\/asia\/tajikistan\/","title":{"rendered":"Tadschikistan"},"content":{"rendered":"<p>Eingebettet zwischen den weiten Ausl\u00e4ufern des Pamirgebirges und den trockenen Ebenen Zentralasiens liegt Tadschikistan, ein Land ohne Seeh\u00e4fen, aber reich an H\u00f6henlagen. Seine Konturen erstrecken sich von den hohen P\u00e4ssen des Hindukusch im Osten bis zu den tiefer gelegenen Becken des Amudarja im Westen. Inmitten von Gebirgsketten, die selten unter 3.000 Meter abfallen, grenzt das Land im S\u00fcden an Afghanistan, im Westen an Usbekistan, im Norden an Kirgisistan und im Osten an China. Jenseits des schmalen Wakhan-Korridors liegt Pakistan. Duschanbe, eingebettet an den H\u00e4ngen des Kofarnihon-Tals, ist das politische Herz und bev\u00f6lkerungsreichste Zentrum dieser Republik mit rund 10,7 Millionen Einwohnern.<\/p>\n<p>Die Menschheitsgeschichte reicht hier bis in die fr\u00fche Vorgeschichte zur\u00fcck. Neolithische und bronzezeitliche Gemeinschaften hinterlie\u00dfen Spuren in Form von Steinwerkzeugen und bew\u00e4sserten Feldern, w\u00e4hrend die Oxus-Zivilisation einst entlang der westlichen Flussufer florierte. Indoiranische Gruppen kamen unter der \u00c4gide der Andronowo-Kultur, und \u00fcber Jahrhunderte zogen sogdische Kaufleute Karawanen durch die Flusst\u00e4ler und transportierten Seide und Ideen. Die Herrschaft wechselte zwischen ach\u00e4menidischen Satrapen, hellenistischen Reichen, dem Kuschan-Reich und aufeinanderfolgenden t\u00fcrkischen und persischen Dynastien. Bis ins 19. Jahrhundert \u00fcberwachten baktrische und samanidische H\u00f6fe die st\u00e4dtischen Zentren, die zu Zentren des Lernens und Handels wurden. Das Russische Reich annektierte die Region im sp\u00e4ten 19. Jahrhundert. 1924 trennten die sowjetischen Beh\u00f6rden tadschikisches Gebiet von usbekischem Land ab und bildeten eine autonome Republik, die sie bis Dezember 1929 in den Status einer vollwertigen Unionsrepublik erhoben. Bis 1991 bestimmte die zentrale Planung Moskaus Wirtschaft und Grenzen.<\/p>\n<p>Am 9. September 1991 wurde die Unabh\u00e4ngigkeit erkl\u00e4rt. Weniger als ein Jahr sp\u00e4ter ersch\u00fctterte ein Konflikt, der durch regionale und ideologische Spaltungen ausgel\u00f6st wurde, den neuen Staat. Von Mai 1992 bis Juni 1997 k\u00e4mpften Fraktionen in den Ebenen von Chatlon und den Pamiri-T\u00e4lern und hinterlie\u00dfen verw\u00fcstete St\u00e4dte und Ackerland. Ein Friedensabkommen brachte Stabilit\u00e4t, begleitet von ausl\u00e4ndischer Hilfe, w\u00e4hrend die Innenpolitik Bew\u00e4sserungskan\u00e4le und Eisenbahnverbindungen wiederherstellte. 1994 \u00fcbernahm Emomali Rahmon die Pr\u00e4sidentschaft und hat seitdem seine Exekutive gefestigt, obwohl er f\u00fcr die Einschr\u00e4nkung abweichender Meinungen und der b\u00fcrgerlichen Freiheiten kritisiert wurde.<\/p>\n<p>Verwaltungstechnisch ist Tadschikistan in vier Regionen unterteilt. Sughd im Norden erstreckt sich durch einen Teil des Fergana-Tals mit Chudschand als Zentrum. Chatlon im S\u00fcdwesten umfasst einst vom B\u00fcrgerkrieg gezeichnetes Flachland, w\u00e4hrend die autonome Provinz Berg-Badachschan den gr\u00f6\u00dften Teil des Pamir-Hochlandes einnimmt. Der zentrale G\u00fcrtel um Duschanbe bildet die Gebiete republikanischer Unterordnung. Distrikte unterteilen diese Gebiete in Dschamoats und D\u00f6rfer. Trotz dieser Hierarchie isoliert das zerkl\u00fcftete Gel\u00e4nde die Gemeinden: Stra\u00dfen schl\u00e4ngeln sich durch Bergp\u00e4sse, und einige Hochplateaus sind nur \u00fcber schmale Pfade erreichbar.<\/p>\n<p>Berge nehmen \u00fcber 90 Prozent des Landes ein. Der Pamir, die n\u00f6rdliche Verl\u00e4ngerung des Hindukusch, erhebt sich bei Qullai Ismoili Somoni \u00fcber 7.000 Meter hoch. Die Gebirgsketten von Alay und Turkestan ziehen sich durch die Mitte des Landes und trennen den Fergana-Korridor von den s\u00fcdlichen Becken. Kleinere Gebirgsketten \u2013 der Hisor bei Duschanbe, der Fann bei Pandschakent und der Serawschan weiter westlich \u2013 bieten niedrigere, aber dennoch beeindruckende Gipfel. Darunter befinden sich drei Hauptt\u00e4ler mit fruchtbaren B\u00f6den: der Fergana-Abschnitt in Sughd, das mit antiken Ruinen \u00fcbers\u00e4te Serawschan-Tal und die Schwemmlandebenen um Kulob und Buchtar.<\/p>\n<p>Wasser pr\u00e4gt Landschaft und Lebensgrundlage. Die Fl\u00fcsse Kofarnihon und Wachsch vereinigen sich an der afghanischen Grenze zum Amudarja. Schmelzwasser speist Bew\u00e4sserungskan\u00e4le, die Baumwollfelder und Aprikosen-, Granatapfel- und Walnussplantagen versorgen. Bergseen glitzern zwischen Felsen, insbesondere der Karakulsee unter hohen Gipfeln.<\/p>\n<p>Sprache und Glaube spiegeln die verschiedenen Schichten der Geschichte wider. Tadschikisch, eine aus dem Persischen stammende Sprache mit kyrillischer Schrift, ist Staatssprache. Russisch bleibt das offizielle Medium f\u00fcr interethnische Angelegenheiten; fast neun von zehn B\u00fcrgern sprechen es in unterschiedlichem Ma\u00dfe. In Berg-Badachschan leben Minderheitensprachen wie Shughni, Rushani und Wakhi unter den Pamiri-Gemeinschaften fort. Der Hanafi-Islam ist vorherrschend und wird von \u00fcber 97 Prozent der Bev\u00f6lkerung praktiziert. Eine kleine schiitisch-ismailitische Minderheit lebt haupts\u00e4chlich im \u00f6stlichen Hochland. Obwohl grunds\u00e4tzlich s\u00e4kular, erkennt die Verfassung zwei islamische Feiertage an und regelt den Religionsunterricht und die Gottesdienste.<\/p>\n<p>Demografisch gesehen bilden ethnische Tadschiken die Mehrheit. Usbeken und Russen kommen haupts\u00e4chlich in st\u00e4dtischen Zentren vor, ihre Zahl nimmt jedoch durch Migration ab. Das etwa 25.000 Menschen z\u00e4hlende Volk der Yaghnobi bewohnt die n\u00f6rdlichen Ausl\u00e4ufer und spricht die einzige noch lebende Nachkommensprache des Sogdischen. Die Pamiri \u2013 deren ausgepr\u00e4gte Kulturen an die alten Enklaven der Seidenstra\u00dfe erinnern \u2013 bev\u00f6lkern die GBAO.<\/p>\n<p>Das Wirtschaftsleben ist stark von Arbeitsmigration abh\u00e4ngig. \u00dcberweisungen von im Ausland \u2013 vor allem in Russland \u2013 arbeitenden Tadschiken machen fast drei\u00dfig Prozent des BIP aus \u2013 eine Abh\u00e4ngigkeit, die die Anf\u00e4lligkeit gegen\u00fcber externen Schocks erh\u00f6ht. Die Bodensch\u00e4tze sind begrenzt; Aluminiumverh\u00fcttung und Baumwollentk\u00f6rnung bleiben die wichtigsten Industriezweige. Anfang der 2000er Jahre wurde mit internationaler Hilfe die Nahrungsmittelknappheit nach D\u00fcrre und B\u00fcrgerkriegen ausgeglichen. Bis 2010 stiegen die \u00dcberweisungen auf \u00fcber zwei Milliarden US-Dollar und st\u00fctzten so den Konsum und die Armutsbek\u00e4mpfung. China hat sich durch Projekte der Belt and Road Initiative zu einem wichtigen Partner entwickelt und finanziert Stra\u00dfen, Eisenbahnen und Energieverbindungen.<\/p>\n<p>Die Verkehrsanbindung ist geografisch nach wie vor angespannt. Nur 680 Kilometer Breitspurstrecke verbinden Duschanbe mit Usbekistan, Russland und anderen Nachbarl\u00e4ndern. Der Gro\u00dfteil der G\u00fcter wird auf der Schiene transportiert. Die Autobahnen sind insgesamt rund 28.000 Kilometer lang, doch im Winter sind Bergp\u00e4sse gesperrt. Die mangelnde Verkehrsanbindung f\u00f6rdert Bem\u00fchungen, H\u00e4fen im Iran und Pakistan \u00fcber afghanische Korridore zu erschlie\u00dfen. Die 2004 mit US-Unterst\u00fctzung gebaute tadschikisch-afghanische Freundschaftsbr\u00fccke er\u00f6ffnete eine Route Richtung S\u00fcden. Neuere Abkommen sehen einen 1.300 Kilometer langen Stra\u00dfen- und Schienenkorridor von der chinesischen und afghanischen Grenze bis zu pakistanischen H\u00e4fen vor.<\/p>\n<p>Der Flugverkehr st\u00fctzt sich auf ein Netzwerk von 26 Flugh\u00e4fen, von denen die H\u00e4lfte \u00fcber befestigte Start- und Landebahnen verf\u00fcgt. Duschanbe, das wichtigste internationale Drehkreuz, verbindet die regionalen Hauptst\u00e4dte und russischen St\u00e4dte. Stra\u00dfenausbau und Tunnelprojekte in Anzob, Schachristan und anderen St\u00e4dten sollen den Zugang unabh\u00e4ngig von H\u00f6henlage und Wetterlage erleichtern.<\/p>\n<p>Touristen begegnen einem Land der Kontraste. Ferganas bescheidene Seidenstra\u00dfenst\u00e4dte \u2013 Chudschand, Isfara und Istarawschan \u2013 haben ihre Madrasas-H\u00f6fe und Basargassen bewahrt. In Pandschakent liegen die proto-urbanen Ruinen von Sarasm und die \u00dcberreste sogdischer Behausungen. Das Fann-Gebirge in Serawschan lockt Bergsteiger mit Granitk\u00e4mmen und Gletscherseen. Dahinter schl\u00e4ngelt sich der Pamir Highway durch D\u00f6rfer, die sich an Flussufer schmiegen, inmitten von bis zu 4.500 Meter hohen Gipfeln. Duschanbe bietet gr\u00fcne Alleen, pr\u00e4chtige Monumente und handgestickte Stickereien, die auf Basaren ausgestellt sind.<\/p>\n<p>Praktische Angelegenheiten erfordern Planung. Der Somoni, unterteilt in 100 Diram, zirkuliert am h\u00e4ufigsten in M\u00fcnzen zu einem, drei und f\u00fcnf Somoni. Banken und Geldautomaten geben Bargeld aus; Kreditkarten funktionieren fast ausschlie\u00dflich \u00fcber Visa-Netzwerke. Die Preise auf Basaren laden zum Verhandeln ein; in station\u00e4ren Gesch\u00e4ften gelten feste Preisschilder. Besucher sollten Somoni mitbringen, da die Verwendung von Fremdw\u00e4hrung gegen lokale Gesetze verst\u00f6\u00dft. Genaues Wechselgeld ist oft schwer zu bekommen, da H\u00e4ndler auf den n\u00e4chsten ganzen Schein aufrunden. Wer jedoch genaues Wechselgeld verlangt, hat in der Regel Erfolg.<\/p>\n<p>Die Sicherheitsrisiken f\u00fcr Kleinkriminalit\u00e4t sind nach wie vor gering; die Einheimischen sind gastfreundlich, und Taschendiebstahl kommt selten vor. Sicherheitsprobleme ergeben sich in der N\u00e4he der afghanischen Grenze und in abgelegenen Pamiri-Siedlungen. Nach Einbruch der Dunkelheit birgt das alleinige Reisen in l\u00e4ndlichen Gebieten gr\u00f6\u00dfere Gefahren. Den Strafverfolgungsbeh\u00f6rden k\u00f6nnen Ressourcen fehlen, und Bestechungsforderungen kommen vor; das Vort\u00e4uschen von Missverst\u00e4ndnissen entsch\u00e4rft Forderungen oft. Strom- und Wasserausf\u00e4lle k\u00f6nnen mehrere Tage andauern; das Mitf\u00fchren von tragbaren Ladeger\u00e4ten und Ersatzbatterien verringert die Unannehmlichkeiten.<\/p>\n<p>Kulturelle Normen verdienen Respekt. Besucher sollten au\u00dferhalb Duschanbes dezente Kleidung tragen \u2013 Schultern und Knie bedecken \u2013 und bei Moscheebesuchen ein Kopftuch mitf\u00fchren. Der Zutritt f\u00fcr Frauen ist jedoch nach wie vor eingeschr\u00e4nkt und meist auf die Zeit au\u00dferhalb der Gebetszeiten oder gef\u00fchrte Gruppen beschr\u00e4nkt. Im Umgang mit \u00c4lteren sollte die Hand aufs Herz gelegt werden. \u00d6ffentliche Liebesbekundungen gleichgeschlechtlicher Paare sind zwar nicht illegal, k\u00f6nnen aber in einer konservativen Gesellschaft Feindseligkeit hervorrufen. Gespr\u00e4che \u00fcber Politik, insbesondere \u00fcber Russland oder Afghanistan, k\u00f6nnen Spannungen hervorrufen.<\/p>\n<p>Alleinreisende Frauen finden Tadschikistan weitgehend sicher, sofern sie an unabh\u00e4ngiges Reisen gew\u00f6hnt sind. Dezente Kleidung, ein Ehering als Schutz vor unerw\u00fcnschter Aufmerksamkeit und Gruppenausfl\u00fcge in abgelegene Hochl\u00e4nder erh\u00f6hen den Komfort. Weibliche Reiseleiterinnen werden von der Pamir Eco-Cultural Tourism Association f\u00fcr Trekkingtouren in Regionen eingesetzt, in denen m\u00e4nnliche Begleitung Unbehagen verursachen k\u00f6nnte.<\/p>\n<p>Exportbestimmungen verbieten die Ausfuhr unbearbeiteter Steine, Metalle oder Schmuckst\u00fccke ohne offizielle Kennzeichnung. Das Fotografieren bestimmter Regierungsgeb\u00e4ude wird strafrechtlich verfolgt. Drogendelikte werden mit hohen Strafen geahndet. Botschaften bieten Hilfe in Notf\u00e4llen und bei Passangelegenheiten.<\/p>\n<p>Drei UNESCO-St\u00e4tten zeugen vom Erbe des Landes: die arch\u00e4ologische Landschaft von Sarasm, die antike Stadt Pandschakent und die bergige Weite des tadschikischen Nationalparks. Diese St\u00e4tten bieten greifbare Verbindungen zu Jahrhunderten menschlicher Errungenschaften vor der Kulisse hoch aufragender Gipfel.<\/p>\n<p>Tadschikistans Gipfel, T\u00e4ler und kulturelles Erbe entziehen sich einer oberfl\u00e4chlichen Darstellung. Seine Menschen tragen die Spuren jahrhundertelanger Herrschaft und Steppen. Steinerne Monumente erinnern an untergegangene Dynastien, und Bew\u00e4sserungskan\u00e4le tragen Erinnerungen so sicher wie Wasser. Wer die gewundenen Stra\u00dfen bef\u00e4hrt, entdeckt das Land nicht nur in grandiosen Ausblicken, sondern auch im ruhigen Rhythmus des Alltags: \u00c4ltere Menschen, die sich in einem Teehaus versammeln, M\u00e4rkte voller Feilschen und der stetige Puls des Fr\u00fchlings im Hochland pr\u00e4gen den Charakter des Landes.<\/p>","protected":false},"excerpt":{"rendered":"<p>Tadschikistan, offiziell Republik Tadschikistan, ist ein Binnenstaat im Herzen Zentralasiens. Mit rund zehn Millionen Einwohnern bietet das Land ein vielf\u00e4ltiges Spektrum an Natursch\u00f6nheiten, Kultur und Erbe. Duschanbe, die Hauptstadt und bev\u00f6lkerungsreichste Stadt des Landes, ist sowohl politisches als auch wirtschaftliches Zentrum. Tadschikistan liegt strategisch g\u00fcnstig und grenzt im S\u00fcden an Afghanistan, im Westen an Usbekistan, im Norden an Kirgisistan und im Osten an China. Es grenzt an mehrere Nachbarstaaten. Interessanterweise ist Afghanistan durch den schmalen Wakhan-Korridor von Pakistan getrennt \u2013 eine geografische Besonderheit, die die einzigartige Lage des Landes in der Region erkl\u00e4rt.<\/p>","protected":false},"author":1,"featured_media":4607,"parent":24063,"menu_order":0,"comment_status":"closed","ping_status":"closed","template":"elementor_theme","meta":{"_eb_attr":"","footnotes":""},"class_list":["post-15662","page","type-page","status-publish","has-post-thumbnail"],"_links":{"self":[{"href":"https:\/\/travelshelper.com\/de\/wp-json\/wp\/v2\/pages\/15662","targetHints":{"allow":["GET"]}}],"collection":[{"href":"https:\/\/travelshelper.com\/de\/wp-json\/wp\/v2\/pages"}],"about":[{"href":"https:\/\/travelshelper.com\/de\/wp-json\/wp\/v2\/types\/page"}],"author":[{"embeddable":true,"href":"https:\/\/travelshelper.com\/de\/wp-json\/wp\/v2\/users\/1"}],"replies":[{"embeddable":true,"href":"https:\/\/travelshelper.com\/de\/wp-json\/wp\/v2\/comments?post=15662"}],"version-history":[{"count":0,"href":"https:\/\/travelshelper.com\/de\/wp-json\/wp\/v2\/pages\/15662\/revisions"}],"up":[{"embeddable":true,"href":"https:\/\/travelshelper.com\/de\/wp-json\/wp\/v2\/pages\/24063"}],"wp:featuredmedia":[{"embeddable":true,"href":"https:\/\/travelshelper.com\/de\/wp-json\/wp\/v2\/media\/4607"}],"wp:attachment":[{"href":"https:\/\/travelshelper.com\/de\/wp-json\/wp\/v2\/media?parent=15662"}],"curies":[{"name":"wp","href":"https:\/\/api.w.org\/{rel}","templated":true}]}}